
{"id":99316,"date":"2024-08-13T10:13:57","date_gmt":"2024-08-13T11:44:59","guid":{"rendered":"https:\/\/www.fireware.nl\/?post_type=product&#038;p=99316"},"modified":"2025-05-21T14:57:41","modified_gmt":"2025-05-21T14:57:41","slug":"mannequin-de-suspendue-ruth-lee","status":"publish","type":"product","link":"https:\/\/www.fireware.nl\/fr\/product\/mannequin-de-suspendue-ruth-lee\/","title":{"rendered":"Mannequin de suspendue Ruth Lee"},"content":{"rendered":"<h2>Mannequins d&#8217;entra\u00eenement Ruth Lee<\/h2>\n<p>Les mannequins d&#8217;entra\u00eenement Ruth Lee sont con\u00e7us pour une formation r\u00e9aliste et efficace. Ces mannequins sont r\u00e9put\u00e9s pour leur durabilit\u00e9 et leur polyvalence, id\u00e9aux pour la formation des pompiers, des \u00e9quipes de premiers secours, des services de secours et autres services d&#8217;urgence. Avec les mannequins Ruth Lee, vous pouvez simuler des sc\u00e9narios r\u00e9alistes, ce qui permet aux secouristes d&#8217;\u00eatre mieux pr\u00e9par\u00e9s aux situations d&#8217;urgence r\u00e9elles. La gamme comprend des <a href=\"https:\/\/www.fireware.nl\/fr\/categorie-produit\/mannequins\/\" target=\"_blank\" rel=\"noopener\">mannequins<\/a> pour diverses formations, disponibles en diff\u00e9rentes tailles et poids.<\/p>\n<h2>Mannequin de pendaison Ruth Lee<\/h2>\n<p>Malheureusement, le suicide par pendaison est plus fr\u00e9quent que ce que beaucoup imaginent. Ce mannequin d&#8217;entra\u00eenement est con\u00e7u pour aider les professionnels \u00e0 g\u00e9rer cette situation de mani\u00e8re efficace et sensible. Le mannequin pr\u00e9sente des caract\u00e9ristiques anatomiques pour pratiquer la gestion des voies respiratoires, y compris une simulation r\u00e9aliste des genoux et un anneau en D sp\u00e9cial pour la suspension sans endommagement. Le mannequin mesure 1,80 m\u00e8tre, p\u00e8se 25 kg et la combinaison est fabriqu\u00e9e en mat\u00e9riau ignifuge de haute r\u00e9sistance et durabilit\u00e9.<\/p>\n","protected":false},"excerpt":{"rendered":"<ul>\n<li>Caract\u00e9ristiques anatomiques telles que le sternum, la cage thoracique et les voies respiratoires.<\/li>\n<li>Articulations des genoux r\u00e9alistes pour une simulation pr\u00e9cise.<\/li>\n<li>Adapt\u00e9 \u00e0 la formation, notamment pour les pompiers, la police, les h\u00f4pitaux, les prisons et les \u00e9tablissements de sant\u00e9 mentale.<\/li>\n<li>Mat\u00e9riau sp\u00e9cial quatre fois plus r\u00e9sistant que la toile ou le PVC.<\/li>\n<li>Combinaison ignifuge.<\/li>\n<li>180 cm, 25 kg.<\/li>\n<\/ul>\n","protected":false},"featured_media":99274,"template":"","meta":[],"product_brand":[],"product_cat":[209],"product_tag":[],"class_list":{"0":"post-99316","1":"product","2":"type-product","3":"status-publish","4":"has-post-thumbnail","6":"product_cat-mannequins-de-la-assistance-technique","8":"first","9":"instock","10":"taxable","11":"shipping-taxable","12":"purchasable","13":"product-type-simple"},"yoast_head":"<!-- This site is optimized with the Yoast SEO plugin v27.4 - https:\/\/yoast.com\/product\/yoast-seo-wordpress\/ -->\n<title>Mannequin de suspendue Ruth Lee - FireWare<\/title>\n<meta name=\"robots\" content=\"index, follow, max-snippet:-1, max-image-preview:large, max-video-preview:-1\" \/>\n<link rel=\"canonical\" href=\"https:\/\/www.fireware.nl\/fr\/product\/mannequin-de-suspendue-ruth-lee\/\" \/>\n<meta property=\"og:locale\" content=\"fr_FR\" \/>\n<meta property=\"og:type\" content=\"article\" \/>\n<meta property=\"og:title\" content=\"Mannequin de suspendue Ruth Lee - FireWare\" \/>\n<meta property=\"og:description\" content=\"Caract\u00e9ristiques anatomiques telles que le sternum, la cage thoracique et les voies respiratoires.  Articulations des genoux r\u00e9alistes pour une simulation pr\u00e9cise.  Adapt\u00e9 \u00e0 la formation, notamment pour les pompiers, la police, les h\u00f4pitaux, les prisons et les \u00e9tablissements de sant\u00e9 mentale.  Mat\u00e9riau sp\u00e9cial quatre fois plus r\u00e9sistant que la toile ou le PVC.  Combinaison ignifuge.  180 cm, 25 kg.\" \/>\n<meta property=\"og:url\" content=\"https:\/\/www.fireware.nl\/fr\/product\/mannequin-de-suspendue-ruth-lee\/\" \/>\n<meta property=\"og:site_name\" content=\"FireWare\" \/>\n<meta property=\"article:publisher\" content=\"https:\/\/www.facebook.com\/FireWareBV\/\" \/>\n<meta property=\"article:modified_time\" content=\"2025-05-21T14:57:41+00:00\" \/>\n<meta property=\"og:image\" content=\"https:\/\/www.fireware.nl\/wp-content\/uploads\/2024\/08\/017-043-148-25Kg_Ligature-Manikin-green-overall-Head-and-Feet-Front_web.jpg\" \/>\n\t<meta property=\"og:image:width\" content=\"600\" \/>\n\t<meta property=\"og:image:height\" content=\"600\" \/>\n\t<meta property=\"og:image:type\" content=\"image\/jpeg\" \/>\n<meta name=\"twitter:card\" content=\"summary_large_image\" \/>\n<meta name=\"twitter:site\" content=\"@FireWarebv\" \/>\n<meta name=\"twitter:label1\" content=\"Dur\u00e9e de lecture estim\u00e9e\" \/>\n\t<meta name=\"twitter:data1\" content=\"2 minutes\" \/>\n<script type=\"application\/ld+json\" class=\"yoast-schema-graph\">{\"@context\":\"https:\\\/\\\/schema.org\",\"@graph\":[{\"@type\":\"WebPage\",\"@id\":\"https:\\\/\\\/www.fireware.nl\\\/fr\\\/product\\\/mannequin-de-suspendue-ruth-lee\\\/\",\"url\":\"https:\\\/\\\/www.fireware.nl\\\/fr\\\/product\\\/mannequin-de-suspendue-ruth-lee\\\/\",\"name\":\"Mannequin de suspendue Ruth Lee - FireWare\",\"isPartOf\":{\"@id\":\"https:\\\/\\\/www.fireware.nl\\\/fr\\\/#website\"},\"primaryImageOfPage\":{\"@id\":\"https:\\\/\\\/www.fireware.nl\\\/fr\\\/product\\\/mannequin-de-suspendue-ruth-lee\\\/#primaryimage\"},\"image\":{\"@id\":\"https:\\\/\\\/www.fireware.nl\\\/fr\\\/product\\\/mannequin-de-suspendue-ruth-lee\\\/#primaryimage\"},\"thumbnailUrl\":\"https:\\\/\\\/www.fireware.nl\\\/wp-content\\\/uploads\\\/2024\\\/08\\\/017-043-148-25Kg_Ligature-Manikin-green-overall-Head-and-Feet-Front_web.jpg\",\"datePublished\":\"2024-08-13T11:44:59+00:00\",\"dateModified\":\"2025-05-21T14:57:41+00:00\",\"breadcrumb\":{\"@id\":\"https:\\\/\\\/www.fireware.nl\\\/fr\\\/product\\\/mannequin-de-suspendue-ruth-lee\\\/#breadcrumb\"},\"inLanguage\":\"fr-FR\",\"potentialAction\":[{\"@type\":\"ReadAction\",\"target\":[\"https:\\\/\\\/www.fireware.nl\\\/fr\\\/product\\\/mannequin-de-suspendue-ruth-lee\\\/\"]}]},{\"@type\":\"ImageObject\",\"inLanguage\":\"fr-FR\",\"@id\":\"https:\\\/\\\/www.fireware.nl\\\/fr\\\/product\\\/mannequin-de-suspendue-ruth-lee\\\/#primaryimage\",\"url\":\"https:\\\/\\\/www.fireware.nl\\\/wp-content\\\/uploads\\\/2024\\\/08\\\/017-043-148-25Kg_Ligature-Manikin-green-overall-Head-and-Feet-Front_web.jpg\",\"contentUrl\":\"https:\\\/\\\/www.fireware.nl\\\/wp-content\\\/uploads\\\/2024\\\/08\\\/017-043-148-25Kg_Ligature-Manikin-green-overall-Head-and-Feet-Front_web.jpg\",\"width\":600,\"height\":600},{\"@type\":\"BreadcrumbList\",\"@id\":\"https:\\\/\\\/www.fireware.nl\\\/fr\\\/product\\\/mannequin-de-suspendue-ruth-lee\\\/#breadcrumb\",\"itemListElement\":[{\"@type\":\"ListItem\",\"position\":1,\"name\":\"Home\",\"item\":\"https:\\\/\\\/www.fireware.nl\\\/fr\\\/\"},{\"@type\":\"ListItem\",\"position\":2,\"name\":\"Produits\",\"item\":\"https:\\\/\\\/www.fireware.nl\\\/fr\\\/produits\\\/\"},{\"@type\":\"ListItem\",\"position\":3,\"name\":\"Mannequin de suspendue Ruth Lee\"}]},{\"@type\":\"WebSite\",\"@id\":\"https:\\\/\\\/www.fireware.nl\\\/fr\\\/#website\",\"url\":\"https:\\\/\\\/www.fireware.nl\\\/fr\\\/\",\"name\":\"FireWare\",\"description\":\"CREATING REALISTIC  TRAINING ENVIRONMENTS\",\"publisher\":{\"@id\":\"https:\\\/\\\/www.fireware.nl\\\/fr\\\/#organization\"},\"potentialAction\":[{\"@type\":\"SearchAction\",\"target\":{\"@type\":\"EntryPoint\",\"urlTemplate\":\"https:\\\/\\\/www.fireware.nl\\\/fr\\\/?s={search_term_string}\"},\"query-input\":{\"@type\":\"PropertyValueSpecification\",\"valueRequired\":true,\"valueName\":\"search_term_string\"}}],\"inLanguage\":\"fr-FR\"},{\"@type\":\"Organization\",\"@id\":\"https:\\\/\\\/www.fireware.nl\\\/fr\\\/#organization\",\"name\":\"FireWare\",\"url\":\"https:\\\/\\\/www.fireware.nl\\\/fr\\\/\",\"logo\":{\"@type\":\"ImageObject\",\"inLanguage\":\"fr-FR\",\"@id\":\"https:\\\/\\\/www.fireware.nl\\\/fr\\\/#\\\/schema\\\/logo\\\/image\\\/\",\"url\":\"https:\\\/\\\/www.fireware.nl\\\/wp-content\\\/uploads\\\/2018\\\/10\\\/fireware-logo.png\",\"contentUrl\":\"https:\\\/\\\/www.fireware.nl\\\/wp-content\\\/uploads\\\/2018\\\/10\\\/fireware-logo.png\",\"width\":200,\"height\":86,\"caption\":\"FireWare\"},\"image\":{\"@id\":\"https:\\\/\\\/www.fireware.nl\\\/fr\\\/#\\\/schema\\\/logo\\\/image\\\/\"},\"sameAs\":[\"https:\\\/\\\/www.facebook.com\\\/FireWareBV\\\/\",\"https:\\\/\\\/x.com\\\/FireWarebv\",\"https:\\\/\\\/www.instagram.com\\\/fireware_nl\\\/\",\"https:\\\/\\\/www.linkedin.com\\\/company\\\/3586017\\\/\",\"https:\\\/\\\/www.youtube.com\\\/user\\\/firesalesrentconsult\"]}]}<\/script>\n<!-- \/ Yoast SEO plugin. -->","yoast_head_json":{"title":"Mannequin de suspendue Ruth Lee - FireWare","robots":{"index":"index","follow":"follow","max-snippet":"max-snippet:-1","max-image-preview":"max-image-preview:large","max-video-preview":"max-video-preview:-1"},"canonical":"https:\/\/www.fireware.nl\/fr\/product\/mannequin-de-suspendue-ruth-lee\/","og_locale":"fr_FR","og_type":"article","og_title":"Mannequin de suspendue Ruth Lee - FireWare","og_description":"Caract\u00e9ristiques anatomiques telles que le sternum, la cage thoracique et les voies respiratoires.  Articulations des genoux r\u00e9alistes pour une simulation pr\u00e9cise.  Adapt\u00e9 \u00e0 la formation, notamment pour les pompiers, la police, les h\u00f4pitaux, les prisons et les \u00e9tablissements de sant\u00e9 mentale.  Mat\u00e9riau sp\u00e9cial quatre fois plus r\u00e9sistant que la toile ou le PVC.  Combinaison ignifuge.  180 cm, 25 kg.","og_url":"https:\/\/www.fireware.nl\/fr\/product\/mannequin-de-suspendue-ruth-lee\/","og_site_name":"FireWare","article_publisher":"https:\/\/www.facebook.com\/FireWareBV\/","article_modified_time":"2025-05-21T14:57:41+00:00","og_image":[{"width":600,"height":600,"url":"https:\/\/www.fireware.nl\/wp-content\/uploads\/2024\/08\/017-043-148-25Kg_Ligature-Manikin-green-overall-Head-and-Feet-Front_web.jpg","type":"image\/jpeg"}],"twitter_card":"summary_large_image","twitter_site":"@FireWarebv","twitter_misc":{"Dur\u00e9e de lecture estim\u00e9e":"2 minutes"},"schema":{"@context":"https:\/\/schema.org","@graph":[{"@type":"WebPage","@id":"https:\/\/www.fireware.nl\/fr\/product\/mannequin-de-suspendue-ruth-lee\/","url":"https:\/\/www.fireware.nl\/fr\/product\/mannequin-de-suspendue-ruth-lee\/","name":"Mannequin de suspendue Ruth Lee - FireWare","isPartOf":{"@id":"https:\/\/www.fireware.nl\/fr\/#website"},"primaryImageOfPage":{"@id":"https:\/\/www.fireware.nl\/fr\/product\/mannequin-de-suspendue-ruth-lee\/#primaryimage"},"image":{"@id":"https:\/\/www.fireware.nl\/fr\/product\/mannequin-de-suspendue-ruth-lee\/#primaryimage"},"thumbnailUrl":"https:\/\/www.fireware.nl\/wp-content\/uploads\/2024\/08\/017-043-148-25Kg_Ligature-Manikin-green-overall-Head-and-Feet-Front_web.jpg","datePublished":"2024-08-13T11:44:59+00:00","dateModified":"2025-05-21T14:57:41+00:00","breadcrumb":{"@id":"https:\/\/www.fireware.nl\/fr\/product\/mannequin-de-suspendue-ruth-lee\/#breadcrumb"},"inLanguage":"fr-FR","potentialAction":[{"@type":"ReadAction","target":["https:\/\/www.fireware.nl\/fr\/product\/mannequin-de-suspendue-ruth-lee\/"]}]},{"@type":"ImageObject","inLanguage":"fr-FR","@id":"https:\/\/www.fireware.nl\/fr\/product\/mannequin-de-suspendue-ruth-lee\/#primaryimage","url":"https:\/\/www.fireware.nl\/wp-content\/uploads\/2024\/08\/017-043-148-25Kg_Ligature-Manikin-green-overall-Head-and-Feet-Front_web.jpg","contentUrl":"https:\/\/www.fireware.nl\/wp-content\/uploads\/2024\/08\/017-043-148-25Kg_Ligature-Manikin-green-overall-Head-and-Feet-Front_web.jpg","width":600,"height":600},{"@type":"BreadcrumbList","@id":"https:\/\/www.fireware.nl\/fr\/product\/mannequin-de-suspendue-ruth-lee\/#breadcrumb","itemListElement":[{"@type":"ListItem","position":1,"name":"Home","item":"https:\/\/www.fireware.nl\/fr\/"},{"@type":"ListItem","position":2,"name":"Produits","item":"https:\/\/www.fireware.nl\/fr\/produits\/"},{"@type":"ListItem","position":3,"name":"Mannequin de suspendue Ruth Lee"}]},{"@type":"WebSite","@id":"https:\/\/www.fireware.nl\/fr\/#website","url":"https:\/\/www.fireware.nl\/fr\/","name":"FireWare","description":"CREATING REALISTIC  TRAINING ENVIRONMENTS","publisher":{"@id":"https:\/\/www.fireware.nl\/fr\/#organization"},"potentialAction":[{"@type":"SearchAction","target":{"@type":"EntryPoint","urlTemplate":"https:\/\/www.fireware.nl\/fr\/?s={search_term_string}"},"query-input":{"@type":"PropertyValueSpecification","valueRequired":true,"valueName":"search_term_string"}}],"inLanguage":"fr-FR"},{"@type":"Organization","@id":"https:\/\/www.fireware.nl\/fr\/#organization","name":"FireWare","url":"https:\/\/www.fireware.nl\/fr\/","logo":{"@type":"ImageObject","inLanguage":"fr-FR","@id":"https:\/\/www.fireware.nl\/fr\/#\/schema\/logo\/image\/","url":"https:\/\/www.fireware.nl\/wp-content\/uploads\/2018\/10\/fireware-logo.png","contentUrl":"https:\/\/www.fireware.nl\/wp-content\/uploads\/2018\/10\/fireware-logo.png","width":200,"height":86,"caption":"FireWare"},"image":{"@id":"https:\/\/www.fireware.nl\/fr\/#\/schema\/logo\/image\/"},"sameAs":["https:\/\/www.facebook.com\/FireWareBV\/","https:\/\/x.com\/FireWarebv","https:\/\/www.instagram.com\/fireware_nl\/","https:\/\/www.linkedin.com\/company\/3586017\/","https:\/\/www.youtube.com\/user\/firesalesrentconsult"]}]}},"publishpress_future_workflow_manual_trigger":{"enabledWorkflows":[]},"_links":{"self":[{"href":"https:\/\/www.fireware.nl\/fr\/wp-json\/wp\/v2\/product\/99316","targetHints":{"allow":["GET"]}}],"collection":[{"href":"https:\/\/www.fireware.nl\/fr\/wp-json\/wp\/v2\/product"}],"about":[{"href":"https:\/\/www.fireware.nl\/fr\/wp-json\/wp\/v2\/types\/product"}],"wp:featuredmedia":[{"embeddable":true,"href":"https:\/\/www.fireware.nl\/fr\/wp-json\/wp\/v2\/media\/99274"}],"wp:attachment":[{"href":"https:\/\/www.fireware.nl\/fr\/wp-json\/wp\/v2\/media?parent=99316"}],"wp:term":[{"taxonomy":"product_brand","embeddable":true,"href":"https:\/\/www.fireware.nl\/fr\/wp-json\/wp\/v2\/product_brand?post=99316"},{"taxonomy":"product_cat","embeddable":true,"href":"https:\/\/www.fireware.nl\/fr\/wp-json\/wp\/v2\/product_cat?post=99316"},{"taxonomy":"product_tag","embeddable":true,"href":"https:\/\/www.fireware.nl\/fr\/wp-json\/wp\/v2\/product_tag?post=99316"}],"curies":[{"name":"wp","href":"https:\/\/api.w.org\/{rel}","templated":true}]}}