
{"id":94651,"date":"2024-04-22T10:13:48","date_gmt":"2024-04-22T10:16:17","guid":{"rendered":"https:\/\/www.fireware.nl\/product\/incendie-sans-fumigene-petit-y-compris-apollo-co2\/"},"modified":"2024-04-23T08:49:36","modified_gmt":"2024-04-23T08:49:36","slug":"incendie-sans-fumigene-petit-y-compris-apollo-co2","status":"publish","type":"product","link":"https:\/\/www.fireware.nl\/fr\/product\/incendie-sans-fumigene-petit\/","title":{"rendered":"Feu sans fumig\u00e8ne Petit"},"content":{"rendered":"<h2>Enrichissez votre cuisini\u00e8re avec le set Fire without Smoke Small !<\/h2>\n<p>Facilitez vos exercices avec le set complet Fire without Smoke Small ! Les ensembles d&#8217;exercices ne sont pas seulement des collections de produits ; ils constituent votre bo\u00eete \u00e0 outils pour utiliser les exercices de mani\u00e8re encore plus r\u00e9aliste et efficace !<\/p>\n<p>En combinant la bonne s\u00e9lection de mat\u00e9riel d&#8217;exercice, le set FireWare Fire without Smoke Small offre un large \u00e9ventail de possibilit\u00e9s pour vos s\u00e9ances d&#8217;entra\u00eenement.<\/p>\n<p>Curieux de savoir ce que chaque produit a \u00e0 offrir dans ce coffret ?<br \/>\nCliquez ensuite sur les liens suivants :<\/p>\n<ul>\n<li><a href=\"https:\/\/www.fireware.nl\/fr\/product\/mini-silkflame\/\" target=\"_blank\" rel=\"noopener\">Mini Silkflame LED<\/a><\/li>\n<li><a href=\"https:\/\/www.fireware.nl\/fr\/product\/nebula-ra-masque-aveuglant\/\" target=\"_blank\" rel=\"noopener\">Nebula Electronic Blind Mask Maxi-Set V2<\/a><\/li>\n<li><a href=\"https:\/\/www.fireware.nl\/fr\/produit\/burning-smell-spray\/\" target=\"_blank\" rel=\"noopener\">Spray \u00e0 l&#8217;odeur de br\u00fbl\u00e9<\/a><\/li>\n<li>Les extincteurs d&#8217;entra\u00eenement Apollo LED :\n<ul>\n<li><a href=\"https:\/\/www.fireware.nl\/fr\/product\/extincteur-de-formation-apollo-co2-l\/\" target=\"_blank\" rel=\"noopener\">Extincteur pratique Apollo LED 2 litres CO2<\/a><\/li>\n<li><a href=\"https:\/\/www.fireware.nl\/fr\/product\/extincteur-de-formation-apollo-a-poignee-a-presser-6-l-pression-permanente\/\" target=\"_blank\" rel=\"noopener\">Apollo LED Practice Foam Extinguisher Squeeze Handle 6 L<\/a><\/li>\n<li><a href=\"https:\/\/www.fireware.nl\/fr\/product\/extincteur-de-formation-apollo-avec-bouton-de-mise-en-pression-6-l-pression-auxiliaire\/\" target=\"_blank\" rel=\"noopener\">Apollo LED Practice Foam Extinguisher Strike Button 6 L<\/a><\/li>\n<\/ul>\n<\/li>\n<\/ul>\n<p>Consultez \u00e9galement notre <a href=\"https:\/\/www.fireware.nl\/fr\/product\/feu-sans-smoke-set-large\/\" target=\"_blank\" rel=\"noopener\">version grand format<\/a> du set Fire without Smoke.<\/p>\n<p>Curieux de d\u00e9couvrir nos autres ensembles d&#8217;exercices ? Alors cliquez <a href=\"https:\/\/www.fireware.nl\/fr\/product-categorie\/ensembles-dexercices\/\" target=\"_blank\" rel=\"noopener\">ici<\/a>!<\/p>\n","protected":false},"excerpt":{"rendered":"<ul>\n<li>1x Mini-Silkflame LED<\/li>\n<li>1x Nebula Electronic Blind Mask Mini-Set V2<\/li>\n<li>4x Vaporisateur d&#8217;odeur de br\u00fbl\u00e9<\/li>\n<li>Choix de :\n<ul>\n<li>1x Apollo LED extincteur d&#8217;exercice 2 litres CO2<\/li>\n<li>1x Apollo LED Practice Foam Extinguisher Squeeze Handle 6 L<\/li>\n<li>1x Apollo LED Practice Foam Extinguisher Strike Button 6 L<\/li>\n<\/ul>\n<\/li>\n<\/ul>\n","protected":false},"featured_media":94743,"template":"","meta":[],"product_brand":[],"product_cat":[3685],"product_tag":[],"class_list":{"0":"post-94651","1":"product","2":"type-product","3":"status-publish","4":"has-post-thumbnail","6":"product_cat-ensembles-dexercices","7":"pa_optie-y-compris-extincteur-de-formation-apollo-a-poignee-a-presser-6-l-pression-permanente","8":"pa_optie-y-compris-extincteur-de-formation-apollo-avec-bouton-de-mise-en-pression-6-l-pression-auxiliaire","9":"pa_optie-y-compris-extincteur-formation-apollo-co2-2l","11":"first","12":"instock","13":"taxable","14":"shipping-taxable","15":"purchasable","16":"product-type-variable"},"yoast_head":"<!-- This site is optimized with the Yoast SEO plugin v27.4 - https:\/\/yoast.com\/product\/yoast-seo-wordpress\/ -->\n<title>Feu sans fumig\u00e8ne Petit - FireWare<\/title>\n<meta name=\"robots\" content=\"index, follow, max-snippet:-1, max-image-preview:large, max-video-preview:-1\" \/>\n<link rel=\"canonical\" href=\"https:\/\/www.fireware.nl\/fr\/product\/incendie-sans-fumigene-petit\/\" \/>\n<meta property=\"og:locale\" content=\"fr_FR\" \/>\n<meta property=\"og:type\" content=\"article\" \/>\n<meta property=\"og:title\" content=\"Feu sans fumig\u00e8ne Petit - FireWare\" \/>\n<meta property=\"og:description\" content=\"1x Mini-Silkflame LED  1x Nebula Electronic Blind Mask Mini-Set V2  4x Vaporisateur d&#039;odeur de br\u00fbl\u00e9  Choix de :   1x Apollo LED extincteur d&#039;exercice 2 litres CO2  1x Apollo LED Practice Foam Extinguisher Squeeze Handle 6 L  1x Apollo LED Practice Foam Extinguisher Strike Button 6 L\" \/>\n<meta property=\"og:url\" content=\"https:\/\/www.fireware.nl\/fr\/product\/incendie-sans-fumigene-petit\/\" \/>\n<meta property=\"og:site_name\" content=\"FireWare\" \/>\n<meta property=\"article:publisher\" content=\"https:\/\/www.facebook.com\/FireWareBV\/\" \/>\n<meta property=\"article:modified_time\" content=\"2024-04-23T08:49:36+00:00\" \/>\n<meta property=\"og:image\" content=\"https:\/\/www.fireware.nl\/wp-content\/uploads\/2024\/04\/040-030-050_051_052_Fire-without-smoke-set-Small_001-.jpg\" \/>\n\t<meta property=\"og:image:width\" content=\"600\" \/>\n\t<meta property=\"og:image:height\" content=\"600\" \/>\n\t<meta property=\"og:image:type\" content=\"image\/jpeg\" \/>\n<meta name=\"twitter:card\" content=\"summary_large_image\" \/>\n<meta name=\"twitter:site\" content=\"@FireWarebv\" \/>\n<meta name=\"twitter:label1\" content=\"Dur\u00e9e de lecture estim\u00e9e\" \/>\n\t<meta name=\"twitter:data1\" content=\"1 minute\" \/>\n<script type=\"application\/ld+json\" class=\"yoast-schema-graph\">{\"@context\":\"https:\\\/\\\/schema.org\",\"@graph\":[{\"@type\":\"WebPage\",\"@id\":\"https:\\\/\\\/www.fireware.nl\\\/fr\\\/product\\\/incendie-sans-fumigene-petit\\\/\",\"url\":\"https:\\\/\\\/www.fireware.nl\\\/fr\\\/product\\\/incendie-sans-fumigene-petit\\\/\",\"name\":\"Feu sans fumig\u00e8ne Petit - FireWare\",\"isPartOf\":{\"@id\":\"https:\\\/\\\/www.fireware.nl\\\/fr\\\/#website\"},\"primaryImageOfPage\":{\"@id\":\"https:\\\/\\\/www.fireware.nl\\\/fr\\\/product\\\/incendie-sans-fumigene-petit\\\/#primaryimage\"},\"image\":{\"@id\":\"https:\\\/\\\/www.fireware.nl\\\/fr\\\/product\\\/incendie-sans-fumigene-petit\\\/#primaryimage\"},\"thumbnailUrl\":\"https:\\\/\\\/www.fireware.nl\\\/wp-content\\\/uploads\\\/2024\\\/04\\\/040-030-050_051_052_Fire-without-smoke-set-Small_001-.jpg\",\"datePublished\":\"2024-04-22T10:16:17+00:00\",\"dateModified\":\"2024-04-23T08:49:36+00:00\",\"breadcrumb\":{\"@id\":\"https:\\\/\\\/www.fireware.nl\\\/fr\\\/product\\\/incendie-sans-fumigene-petit\\\/#breadcrumb\"},\"inLanguage\":\"fr-FR\",\"potentialAction\":[{\"@type\":\"ReadAction\",\"target\":[\"https:\\\/\\\/www.fireware.nl\\\/fr\\\/product\\\/incendie-sans-fumigene-petit\\\/\"]}]},{\"@type\":\"ImageObject\",\"inLanguage\":\"fr-FR\",\"@id\":\"https:\\\/\\\/www.fireware.nl\\\/fr\\\/product\\\/incendie-sans-fumigene-petit\\\/#primaryimage\",\"url\":\"https:\\\/\\\/www.fireware.nl\\\/wp-content\\\/uploads\\\/2024\\\/04\\\/040-030-050_051_052_Fire-without-smoke-set-Small_001-.jpg\",\"contentUrl\":\"https:\\\/\\\/www.fireware.nl\\\/wp-content\\\/uploads\\\/2024\\\/04\\\/040-030-050_051_052_Fire-without-smoke-set-Small_001-.jpg\",\"width\":600,\"height\":600},{\"@type\":\"BreadcrumbList\",\"@id\":\"https:\\\/\\\/www.fireware.nl\\\/fr\\\/product\\\/incendie-sans-fumigene-petit\\\/#breadcrumb\",\"itemListElement\":[{\"@type\":\"ListItem\",\"position\":1,\"name\":\"Home\",\"item\":\"https:\\\/\\\/www.fireware.nl\\\/fr\\\/\"},{\"@type\":\"ListItem\",\"position\":2,\"name\":\"Produits\",\"item\":\"https:\\\/\\\/www.fireware.nl\\\/fr\\\/produits\\\/\"},{\"@type\":\"ListItem\",\"position\":3,\"name\":\"Feu sans fumig\u00e8ne Petit\"}]},{\"@type\":\"WebSite\",\"@id\":\"https:\\\/\\\/www.fireware.nl\\\/fr\\\/#website\",\"url\":\"https:\\\/\\\/www.fireware.nl\\\/fr\\\/\",\"name\":\"FireWare\",\"description\":\"CREATING REALISTIC  TRAINING ENVIRONMENTS\",\"publisher\":{\"@id\":\"https:\\\/\\\/www.fireware.nl\\\/fr\\\/#organization\"},\"potentialAction\":[{\"@type\":\"SearchAction\",\"target\":{\"@type\":\"EntryPoint\",\"urlTemplate\":\"https:\\\/\\\/www.fireware.nl\\\/fr\\\/?s={search_term_string}\"},\"query-input\":{\"@type\":\"PropertyValueSpecification\",\"valueRequired\":true,\"valueName\":\"search_term_string\"}}],\"inLanguage\":\"fr-FR\"},{\"@type\":\"Organization\",\"@id\":\"https:\\\/\\\/www.fireware.nl\\\/fr\\\/#organization\",\"name\":\"FireWare\",\"url\":\"https:\\\/\\\/www.fireware.nl\\\/fr\\\/\",\"logo\":{\"@type\":\"ImageObject\",\"inLanguage\":\"fr-FR\",\"@id\":\"https:\\\/\\\/www.fireware.nl\\\/fr\\\/#\\\/schema\\\/logo\\\/image\\\/\",\"url\":\"https:\\\/\\\/www.fireware.nl\\\/wp-content\\\/uploads\\\/2018\\\/10\\\/fireware-logo.png\",\"contentUrl\":\"https:\\\/\\\/www.fireware.nl\\\/wp-content\\\/uploads\\\/2018\\\/10\\\/fireware-logo.png\",\"width\":200,\"height\":86,\"caption\":\"FireWare\"},\"image\":{\"@id\":\"https:\\\/\\\/www.fireware.nl\\\/fr\\\/#\\\/schema\\\/logo\\\/image\\\/\"},\"sameAs\":[\"https:\\\/\\\/www.facebook.com\\\/FireWareBV\\\/\",\"https:\\\/\\\/x.com\\\/FireWarebv\",\"https:\\\/\\\/www.instagram.com\\\/fireware_nl\\\/\",\"https:\\\/\\\/www.linkedin.com\\\/company\\\/3586017\\\/\",\"https:\\\/\\\/www.youtube.com\\\/user\\\/firesalesrentconsult\"]}]}<\/script>\n<!-- \/ Yoast SEO plugin. -->","yoast_head_json":{"title":"Feu sans fumig\u00e8ne Petit - FireWare","robots":{"index":"index","follow":"follow","max-snippet":"max-snippet:-1","max-image-preview":"max-image-preview:large","max-video-preview":"max-video-preview:-1"},"canonical":"https:\/\/www.fireware.nl\/fr\/product\/incendie-sans-fumigene-petit\/","og_locale":"fr_FR","og_type":"article","og_title":"Feu sans fumig\u00e8ne Petit - FireWare","og_description":"1x Mini-Silkflame LED  1x Nebula Electronic Blind Mask Mini-Set V2  4x Vaporisateur d'odeur de br\u00fbl\u00e9  Choix de :   1x Apollo LED extincteur d'exercice 2 litres CO2  1x Apollo LED Practice Foam Extinguisher Squeeze Handle 6 L  1x Apollo LED Practice Foam Extinguisher Strike Button 6 L","og_url":"https:\/\/www.fireware.nl\/fr\/product\/incendie-sans-fumigene-petit\/","og_site_name":"FireWare","article_publisher":"https:\/\/www.facebook.com\/FireWareBV\/","article_modified_time":"2024-04-23T08:49:36+00:00","og_image":[{"width":600,"height":600,"url":"https:\/\/www.fireware.nl\/wp-content\/uploads\/2024\/04\/040-030-050_051_052_Fire-without-smoke-set-Small_001-.jpg","type":"image\/jpeg"}],"twitter_card":"summary_large_image","twitter_site":"@FireWarebv","twitter_misc":{"Dur\u00e9e de lecture estim\u00e9e":"1 minute"},"schema":{"@context":"https:\/\/schema.org","@graph":[{"@type":"WebPage","@id":"https:\/\/www.fireware.nl\/fr\/product\/incendie-sans-fumigene-petit\/","url":"https:\/\/www.fireware.nl\/fr\/product\/incendie-sans-fumigene-petit\/","name":"Feu sans fumig\u00e8ne Petit - FireWare","isPartOf":{"@id":"https:\/\/www.fireware.nl\/fr\/#website"},"primaryImageOfPage":{"@id":"https:\/\/www.fireware.nl\/fr\/product\/incendie-sans-fumigene-petit\/#primaryimage"},"image":{"@id":"https:\/\/www.fireware.nl\/fr\/product\/incendie-sans-fumigene-petit\/#primaryimage"},"thumbnailUrl":"https:\/\/www.fireware.nl\/wp-content\/uploads\/2024\/04\/040-030-050_051_052_Fire-without-smoke-set-Small_001-.jpg","datePublished":"2024-04-22T10:16:17+00:00","dateModified":"2024-04-23T08:49:36+00:00","breadcrumb":{"@id":"https:\/\/www.fireware.nl\/fr\/product\/incendie-sans-fumigene-petit\/#breadcrumb"},"inLanguage":"fr-FR","potentialAction":[{"@type":"ReadAction","target":["https:\/\/www.fireware.nl\/fr\/product\/incendie-sans-fumigene-petit\/"]}]},{"@type":"ImageObject","inLanguage":"fr-FR","@id":"https:\/\/www.fireware.nl\/fr\/product\/incendie-sans-fumigene-petit\/#primaryimage","url":"https:\/\/www.fireware.nl\/wp-content\/uploads\/2024\/04\/040-030-050_051_052_Fire-without-smoke-set-Small_001-.jpg","contentUrl":"https:\/\/www.fireware.nl\/wp-content\/uploads\/2024\/04\/040-030-050_051_052_Fire-without-smoke-set-Small_001-.jpg","width":600,"height":600},{"@type":"BreadcrumbList","@id":"https:\/\/www.fireware.nl\/fr\/product\/incendie-sans-fumigene-petit\/#breadcrumb","itemListElement":[{"@type":"ListItem","position":1,"name":"Home","item":"https:\/\/www.fireware.nl\/fr\/"},{"@type":"ListItem","position":2,"name":"Produits","item":"https:\/\/www.fireware.nl\/fr\/produits\/"},{"@type":"ListItem","position":3,"name":"Feu sans fumig\u00e8ne Petit"}]},{"@type":"WebSite","@id":"https:\/\/www.fireware.nl\/fr\/#website","url":"https:\/\/www.fireware.nl\/fr\/","name":"FireWare","description":"CREATING REALISTIC  TRAINING ENVIRONMENTS","publisher":{"@id":"https:\/\/www.fireware.nl\/fr\/#organization"},"potentialAction":[{"@type":"SearchAction","target":{"@type":"EntryPoint","urlTemplate":"https:\/\/www.fireware.nl\/fr\/?s={search_term_string}"},"query-input":{"@type":"PropertyValueSpecification","valueRequired":true,"valueName":"search_term_string"}}],"inLanguage":"fr-FR"},{"@type":"Organization","@id":"https:\/\/www.fireware.nl\/fr\/#organization","name":"FireWare","url":"https:\/\/www.fireware.nl\/fr\/","logo":{"@type":"ImageObject","inLanguage":"fr-FR","@id":"https:\/\/www.fireware.nl\/fr\/#\/schema\/logo\/image\/","url":"https:\/\/www.fireware.nl\/wp-content\/uploads\/2018\/10\/fireware-logo.png","contentUrl":"https:\/\/www.fireware.nl\/wp-content\/uploads\/2018\/10\/fireware-logo.png","width":200,"height":86,"caption":"FireWare"},"image":{"@id":"https:\/\/www.fireware.nl\/fr\/#\/schema\/logo\/image\/"},"sameAs":["https:\/\/www.facebook.com\/FireWareBV\/","https:\/\/x.com\/FireWarebv","https:\/\/www.instagram.com\/fireware_nl\/","https:\/\/www.linkedin.com\/company\/3586017\/","https:\/\/www.youtube.com\/user\/firesalesrentconsult"]}]}},"publishpress_future_workflow_manual_trigger":{"enabledWorkflows":[]},"_links":{"self":[{"href":"https:\/\/www.fireware.nl\/fr\/wp-json\/wp\/v2\/product\/94651","targetHints":{"allow":["GET"]}}],"collection":[{"href":"https:\/\/www.fireware.nl\/fr\/wp-json\/wp\/v2\/product"}],"about":[{"href":"https:\/\/www.fireware.nl\/fr\/wp-json\/wp\/v2\/types\/product"}],"wp:featuredmedia":[{"embeddable":true,"href":"https:\/\/www.fireware.nl\/fr\/wp-json\/wp\/v2\/media\/94743"}],"wp:attachment":[{"href":"https:\/\/www.fireware.nl\/fr\/wp-json\/wp\/v2\/media?parent=94651"}],"wp:term":[{"taxonomy":"product_brand","embeddable":true,"href":"https:\/\/www.fireware.nl\/fr\/wp-json\/wp\/v2\/product_brand?post=94651"},{"taxonomy":"product_cat","embeddable":true,"href":"https:\/\/www.fireware.nl\/fr\/wp-json\/wp\/v2\/product_cat?post=94651"},{"taxonomy":"product_tag","embeddable":true,"href":"https:\/\/www.fireware.nl\/fr\/wp-json\/wp\/v2\/product_tag?post=94651"}],"curies":[{"name":"wp","href":"https:\/\/api.w.org\/{rel}","templated":true}]}}