
{"id":94586,"date":"2024-04-22T10:07:10","date_gmt":"2024-04-22T10:07:10","guid":{"rendered":"https:\/\/www.fireware.nl\/product\/pandoras-230-petit-set\/"},"modified":"2026-01-23T14:35:18","modified_gmt":"2026-01-23T14:35:18","slug":"pandoras-230-petit-set","status":"publish","type":"product","link":"https:\/\/www.fireware.nl\/fr\/product\/pandoras-230-petit-set\/","title":{"rendered":"Ensemble de simulation Petit incluant Thermal Runaway"},"content":{"rendered":"\r\n<h2>Des simulations pour tous vos sens<\/h2>\r\n<p>Avec le kit de simulation Small, vous cr\u00e9ez des sc\u00e9narios d&#8217;incendie dynamiques qui \u00e9taient auparavant impensables. Cr\u00e9ez des effets de flamme r\u00e9alistes, int\u00e9grez du son et contr\u00f4lez tout avec votre t\u00e9l\u00e9phone ou ordinateur portable.<\/p>\r\n<h2>Escalader et d\u00e9sescalader<\/h2>\r\n<p>Vous gardez le contr\u00f4le total du sc\u00e9nario dans votre poche. Votre t\u00e9l\u00e9phone (ou tablette) devient votre t\u00e9l\u00e9commande. Cela vous permet d&#8217;intervenir rapidement dans le d\u00e9roulement du sc\u00e9nario. Si l&#8217;intervention prend trop de temps, vous augmentez simplement l&#8217;incendie. Si l&#8217;intervention est efficace, vous r\u00e9duisez la taille du foyer d&#8217;incendie. C&#8217;est une gestion simple d&#8217;escalade et de d\u00e9sescalade.<\/p>\r\n<h2>Commande sans fil<\/h2>\r\n<p>L&#8217;unit\u00e9 centrale de commande du kit de simulation Small est la Pandora&#8217;s Box 230. Elle cr\u00e9e un r\u00e9seau Wi-Fi auquel vous vous connectez simplement en scannant un QR code. Une interface web s&#8217;affiche sur votre t\u00e9l\u00e9phone ou tablette, vous permettant de contr\u00f4ler tous les \u00e9l\u00e9ments de votre mise en sc\u00e8ne. Jusqu&#8217;\u00e0 3 effets de flamme, une machine \u00e0 fum\u00e9e et des sons sont disponibles, ouvrant des simulations qui \u00e9taient auparavant r\u00e9serv\u00e9es aux experts.<\/p>\r\n<h2>Thermal runaways<\/h2>\r\n<p>Le kit de simulation Small est id\u00e9al pour la mise en sc\u00e8ne de petits thermal runaways, comme une batterie de v\u00e9lo en feu. La FireSpot MK2 propose un effet de flamme sp\u00e9cial simulant les explosions r\u00e9p\u00e9t\u00e9es des cellules de batterie. De plus, la Pandora&#8217;s Box 230 offre un son correspondant reproduisant l&#8217;explosion et la d\u00e9compression des cellules. Combinez-les dans votre sc\u00e9nario pour rendre la formation li\u00e9e \u00e0 la transition \u00e9nerg\u00e9tique simple et efficace.<\/p>\r\n<h2>Possibilit\u00e9s infinies<\/h2>\r\n<p>Outre les thermal runaways, vous pouvez cr\u00e9er bien d&#8217;autres mises en sc\u00e8ne avec le kit de simulation Small. Votre cr\u00e9ativit\u00e9 est la seule limite. Vous disposez de deux effets de flamme : la FireSpot MK2 et la Mini Silkflame. Associ\u00e9s \u00e0 la Pandora&#8217;s Box 230, ils permettent de simuler de petits incendies dynamiques. Pensez par exemple \u00e0 des incendies domestiques, une cuisine en feu ou un feu dans une installation technique. Gr\u00e2ce aux deux effets de flamme ind\u00e9pendants, vous pouvez ajuster la taille de l&#8217;incendie \u00e0 votre guise.<\/p>\r\n<h4>Pandora&#8217;s Box 230<\/h4>\r\n<p>La Pandora&#8217;s Box 230 est le c\u0153ur de ce kit. Cette bo\u00eete magique contr\u00f4le votre mise en sc\u00e8ne. Vous pouvez y connecter jusqu&#8217;\u00e0 3 effets de flamme, ainsi que votre machine \u00e0 fum\u00e9e. Les deux haut-parleurs externes inclus diffusent le son o\u00f9 vous le souhaitez. En scannant le QR code, vous vous connectez au r\u00e9seau Wi-Fi de la Pandora&#8217;s Box et acc\u00e9dez \u00e0 l&#8217;interface web. Celle-ci permet de contr\u00f4ler individuellement chaque composant de votre mise en sc\u00e8ne, offrant des possibilit\u00e9s infinies. Vous pouvez m\u00eame y connecter un extincteur LED Apollo (non inclus) pour une extinction interactive !<\/p>\r\n<h4>Son<\/h4>\r\n<p>Une bonne mise en sc\u00e8ne stimule un maximum de sens. Ce n&#8217;est pas seulement ce que vous voyez, mais ce que vous vivez qui compte. C&#8217;est pourquoi l&#8217;utilisation du son est essentielle. Avec la Pandora&#8217;s Box 230, vous avez acc\u00e8s \u00e0 une biblioth\u00e8que de plus de 30 sons, allant des bruits d&#8217;incendie aux appels \u00e0 l&#8217;aide et conditions aggravantes. Vous pouvez m\u00eame utiliser jusqu&#8217;\u00e0 6 sons simultan\u00e9ment !<\/p>\r\n<h4>FireSpot MK2<\/h4>\r\n<p>La nouvelle FireSpot dispose de 8 programmes de simulation int\u00e9gr\u00e9s, vous permettant de cr\u00e9er l&#8217;effet de flamme id\u00e9al pour chaque situation. En dirigeant les spots derri\u00e8re une colonne de fum\u00e9e, vous verrez des flammes r\u00e9alistes appara\u00eetre dans la fum\u00e9e. L&#8217;un des programmes int\u00e9gr\u00e9s simule les explosions des cellules de batterie lors de thermal runaways. Gr\u00e2ce au syst\u00e8me de lentilles sp\u00e9cial et aux LED bicolores, la lumi\u00e8re est parfaitement r\u00e9partie. Le connecteur powerCON permet une extension \u00e9tanche et une connexion directe \u00e0 la Pandora&#8217;s Box 230. Mais gr\u00e2ce \u00e0 l&#8217;adaptateur schuko inclus, elle peut \u00e9galement fonctionner en mode autonome.<\/p>\r\n<h4>Mini Silkflame<\/h4>\r\n<p>Le tissu en soie \u00e9clair\u00e9 de la Mini Silkflame offre une excellente simulation de flammes pour les petits incendies, notamment lorsque la fum\u00e9e n&#8217;est pas souhait\u00e9e. Cependant, en combinaison avec de la fum\u00e9e, le Silkflame produit \u00e9galement un effet impressionnant. Essayez-le sans le tissu dans ce cas ! La lumi\u00e8re brille dans la fum\u00e9e propuls\u00e9e vers le haut par un ventilateur, cr\u00e9ant un effet de flamme naturel. En combinant le Silkflame avec une FireSpot, vous pouvez cr\u00e9er des foyers dynamiques qui grandissent et r\u00e9tr\u00e9cissent.<\/p>\r\n<h4>g\u00e9n\u00e9rateur de fum\u00e9e Nimbo<\/h4>\r\n<p>La Nimbo est l&#8217;outil indispensable de toute mise en sc\u00e8ne. Petite mais puissante, elle produit la quantit\u00e9 id\u00e9ale de fum\u00e9e pour un petit incendie. La densit\u00e9 de la fum\u00e9e doit correspondre \u00e0 l&#8217;intensit\u00e9 visuelle des flammes, ce qui fait de la Nimbo votre alli\u00e9e pour chaque foyer simul\u00e9 dans un b\u00e2timent.<\/p>\r\n<h4>\u00c9chantillon de liquide \u00e0 fum\u00e9e<\/h4>\r\n<p>Pour compl\u00e9ter votre kit, un pack d&#8217;\u00e9chantillons de liquide fumig\u00e8ne est inclus, contenant quatre vari\u00e9t\u00e9s : &#8220;Exercice d&#8217;incendie,&#8221; &#8220;Universel,&#8221; &#8220;Intensif&#8221; et &#8220;Extr\u00eame.&#8221; Ces liquides garantissent l&#8217;effet de fum\u00e9e le plus adapt\u00e9 \u00e0 chaque sc\u00e9nario.<\/p>\r\n<p>Pour plus d&#8217;informations sur les produits du kit, cliquez sur les liens suivants :<\/p>\r\n<ul>\r\n<li><a href=\"https:\/\/www.fireware.nl\/fr\/product\/boite-de-pandore-230\/\" target=\"_blank\" rel=\"noopener\">Pandora&#8217;s Box 230<\/a><\/li>\r\n<li><a href=\"https:\/\/www.fireware.nl\/fr\/product\/firespot-mk2\/\" target=\"_blank\" rel=\"noopener\">FireSpot MK2<\/a><\/li>\r\n<li><a href=\"https:\/\/www.fireware.nl\/fr\/product\/mini-silkflame\/\" target=\"_blank\" rel=\"noopener\">Mini Silkflame<\/a><\/li>\r\n<li><a href=\"https:\/\/www.fireware.nl\/fr\/produit\/generateur-de-fumee-nimbo\/\" target=\"_blank\" rel=\"noopener\">G\u00e9n\u00e9rateur de fum\u00e9e Nimbo<\/a><\/li>\r\n<li><a href=\"https:\/\/www.fireware.nl\/fr\/product\/paquet-d-echantillons-de-liquide-de-fumee\/\" target=\"_blank\" rel=\"noopener\">Paquet d&#8217;\u00e9chantillons de liquide de fum\u00e9e<\/a><\/li>\r\n<\/ul>\r\n<p><strong>Consultez \u00e9galement le <a href=\"https:\/\/www.fireware.nl\/fr\/product\/pandora-230-grand-set\/\" target=\"_blank\" rel=\"noopener\">grand ensemble<\/a> ou <a href=\"https:\/\/www.fireware.nl\/fr\/product\/pandoras-box-230-medium-set\/\" target=\"_blank\" rel=\"noopener\">l&#8217;ensemble moyen<\/a>.<\/strong><\/p>\r\n<p><strong>Curieux de d\u00e9couvrir nos autres ensembles d&#8217;exercices ? Alors cliquez <a href=\"https:\/\/www.fireware.nl\/fr\/product-categorie\/ensembles-dexercices\/\" target=\"_blank\" rel=\"noopener\">ici<\/a>!<\/strong><\/p>\r\n<h2>Regarder la vid\u00e9o<\/h2>\r\n<p><iframe title=\"YouTube video player\" src=\"https:\/\/www.youtube.com\/embed\/4nM_CUui_ys?si=0KztGYIVMg7eFlZU\" width=\"560\" height=\"315\" frameborder=\"0\" allowfullscreen=\"allowfullscreen\"><\/iframe><\/p>\r\n","protected":false},"excerpt":{"rendered":"<ul>\n<li>Ensemble tout-en-un pour cr\u00e9er des mises en sc\u00e8ne dynamiques de petite taille<\/li>\n<li>Parfait pour simuler de petits thermal runaways, comme des batteries de v\u00e9los<\/li>\n<li>Enti\u00e8rement contr\u00f4lable avec votre propre smartphone ou tablette<\/li>\n<li>Ce kit comprend :\n<ul>\n<li><a href=\"https:\/\/www.fireware.nl\/fr\/product\/boite-de-pandore-230\/\" target=\"_blank\" rel=\"noopener\">Pandora\u2019s Box 230<\/a><\/li>\n<li><a href=\"https:\/\/www.fireware.nl\/fr\/product\/firespot-mk2\/\" target=\"_blank\" rel=\"noopener\">FireSpot MK2<\/a><\/li>\n<li><a href=\"https:\/\/www.fireware.nl\/fr\/product\/mini-silkflame\/\" target=\"_blank\" rel=\"noopener\">Mini Silkflame<\/a><\/li>\n<li><a href=\"https:\/\/www.fireware.nl\/fr\/produit\/generateur-de-fumee-nimbo\/\" target=\"_blank\" rel=\"noopener\">G\u00e9n\u00e9rateur de fum\u00e9e Nimbo<\/a><\/li>\n<li><a href=\"https:\/\/www.fireware.nl\/fr\/product\/paquet-d-echantillons-de-liquide-de-fumee\/\" target=\"_blank\" rel=\"noopener\">Paquet d\u2019\u00e9chantillons de liquide de fum\u00e9e<\/a><\/li>\n<\/ul>\n<\/li>\n<\/ul>\n","protected":false},"featured_media":94577,"template":"","meta":[],"product_brand":[],"product_cat":[3685],"product_tag":[],"class_list":{"0":"post-94586","1":"product","2":"type-product","3":"status-publish","4":"has-post-thumbnail","6":"product_cat-ensembles-dexercices","8":"first","9":"instock","10":"taxable","11":"shipping-taxable","12":"purchasable","13":"product-type-simple"},"yoast_head":"<!-- This site is optimized with the Yoast SEO plugin v27.4 - https:\/\/yoast.com\/product\/yoast-seo-wordpress\/ -->\n<title>Ensemble de simulation Petit incluant Thermal Runaway - FireWare<\/title>\n<meta name=\"robots\" content=\"index, follow, max-snippet:-1, max-image-preview:large, max-video-preview:-1\" \/>\n<link rel=\"canonical\" href=\"https:\/\/www.fireware.nl\/fr\/product\/pandoras-230-petit-set\/\" \/>\n<meta property=\"og:locale\" content=\"fr_FR\" \/>\n<meta property=\"og:type\" content=\"article\" \/>\n<meta property=\"og:title\" content=\"Ensemble de simulation Petit incluant Thermal Runaway - FireWare\" \/>\n<meta property=\"og:description\" content=\"Ensemble tout-en-un pour cr\u00e9er des mises en sc\u00e8ne dynamiques de petite taille Parfait pour simuler de petits thermal runaways, comme des batteries de v\u00e9los Enti\u00e8rement contr\u00f4lable avec votre propre smartphone ou tablette Ce kit comprend :  Pandora\u2019s Box 230 FireSpot MK2 Mini Silkflame G\u00e9n\u00e9rateur de fum\u00e9e Nimbo Paquet d\u2019\u00e9chantillons de liquide de fum\u00e9e\" \/>\n<meta property=\"og:url\" content=\"https:\/\/www.fireware.nl\/fr\/product\/pandoras-230-petit-set\/\" \/>\n<meta property=\"og:site_name\" content=\"FireWare\" \/>\n<meta property=\"article:publisher\" content=\"https:\/\/www.facebook.com\/FireWareBV\/\" \/>\n<meta property=\"article:modified_time\" content=\"2026-01-23T14:35:18+00:00\" \/>\n<meta property=\"og:image\" content=\"https:\/\/www.fireware.nl\/wp-content\/uploads\/2024\/04\/040-030-047_Pandora_230_Small_set-.jpg\" \/>\n\t<meta property=\"og:image:width\" content=\"600\" \/>\n\t<meta property=\"og:image:height\" content=\"600\" \/>\n\t<meta property=\"og:image:type\" content=\"image\/jpeg\" \/>\n<meta name=\"twitter:card\" content=\"summary_large_image\" \/>\n<meta name=\"twitter:site\" content=\"@FireWarebv\" \/>\n<meta name=\"twitter:label1\" content=\"Dur\u00e9e de lecture estim\u00e9e\" \/>\n\t<meta name=\"twitter:data1\" content=\"5 minutes\" \/>\n<script type=\"application\/ld+json\" class=\"yoast-schema-graph\">{\"@context\":\"https:\\\/\\\/schema.org\",\"@graph\":[{\"@type\":\"WebPage\",\"@id\":\"https:\\\/\\\/www.fireware.nl\\\/fr\\\/product\\\/pandoras-230-petit-set\\\/\",\"url\":\"https:\\\/\\\/www.fireware.nl\\\/fr\\\/product\\\/pandoras-230-petit-set\\\/\",\"name\":\"Ensemble de simulation Petit incluant Thermal Runaway - FireWare\",\"isPartOf\":{\"@id\":\"https:\\\/\\\/www.fireware.nl\\\/fr\\\/#website\"},\"primaryImageOfPage\":{\"@id\":\"https:\\\/\\\/www.fireware.nl\\\/fr\\\/product\\\/pandoras-230-petit-set\\\/#primaryimage\"},\"image\":{\"@id\":\"https:\\\/\\\/www.fireware.nl\\\/fr\\\/product\\\/pandoras-230-petit-set\\\/#primaryimage\"},\"thumbnailUrl\":\"https:\\\/\\\/www.fireware.nl\\\/wp-content\\\/uploads\\\/2024\\\/04\\\/040-030-047_Pandora_230_Small_set-.jpg\",\"datePublished\":\"2024-04-22T10:07:10+00:00\",\"dateModified\":\"2026-01-23T14:35:18+00:00\",\"breadcrumb\":{\"@id\":\"https:\\\/\\\/www.fireware.nl\\\/fr\\\/product\\\/pandoras-230-petit-set\\\/#breadcrumb\"},\"inLanguage\":\"fr-FR\",\"potentialAction\":[{\"@type\":\"ReadAction\",\"target\":[\"https:\\\/\\\/www.fireware.nl\\\/fr\\\/product\\\/pandoras-230-petit-set\\\/\"]}]},{\"@type\":\"ImageObject\",\"inLanguage\":\"fr-FR\",\"@id\":\"https:\\\/\\\/www.fireware.nl\\\/fr\\\/product\\\/pandoras-230-petit-set\\\/#primaryimage\",\"url\":\"https:\\\/\\\/www.fireware.nl\\\/wp-content\\\/uploads\\\/2024\\\/04\\\/040-030-047_Pandora_230_Small_set-.jpg\",\"contentUrl\":\"https:\\\/\\\/www.fireware.nl\\\/wp-content\\\/uploads\\\/2024\\\/04\\\/040-030-047_Pandora_230_Small_set-.jpg\",\"width\":600,\"height\":600},{\"@type\":\"BreadcrumbList\",\"@id\":\"https:\\\/\\\/www.fireware.nl\\\/fr\\\/product\\\/pandoras-230-petit-set\\\/#breadcrumb\",\"itemListElement\":[{\"@type\":\"ListItem\",\"position\":1,\"name\":\"Home\",\"item\":\"https:\\\/\\\/www.fireware.nl\\\/fr\\\/\"},{\"@type\":\"ListItem\",\"position\":2,\"name\":\"Produits\",\"item\":\"https:\\\/\\\/www.fireware.nl\\\/fr\\\/produits\\\/\"},{\"@type\":\"ListItem\",\"position\":3,\"name\":\"Ensemble de simulation Petit incluant Thermal Runaway\"}]},{\"@type\":\"WebSite\",\"@id\":\"https:\\\/\\\/www.fireware.nl\\\/fr\\\/#website\",\"url\":\"https:\\\/\\\/www.fireware.nl\\\/fr\\\/\",\"name\":\"FireWare\",\"description\":\"CREATING REALISTIC  TRAINING ENVIRONMENTS\",\"publisher\":{\"@id\":\"https:\\\/\\\/www.fireware.nl\\\/fr\\\/#organization\"},\"potentialAction\":[{\"@type\":\"SearchAction\",\"target\":{\"@type\":\"EntryPoint\",\"urlTemplate\":\"https:\\\/\\\/www.fireware.nl\\\/fr\\\/?s={search_term_string}\"},\"query-input\":{\"@type\":\"PropertyValueSpecification\",\"valueRequired\":true,\"valueName\":\"search_term_string\"}}],\"inLanguage\":\"fr-FR\"},{\"@type\":\"Organization\",\"@id\":\"https:\\\/\\\/www.fireware.nl\\\/fr\\\/#organization\",\"name\":\"FireWare\",\"url\":\"https:\\\/\\\/www.fireware.nl\\\/fr\\\/\",\"logo\":{\"@type\":\"ImageObject\",\"inLanguage\":\"fr-FR\",\"@id\":\"https:\\\/\\\/www.fireware.nl\\\/fr\\\/#\\\/schema\\\/logo\\\/image\\\/\",\"url\":\"https:\\\/\\\/www.fireware.nl\\\/wp-content\\\/uploads\\\/2018\\\/10\\\/fireware-logo.png\",\"contentUrl\":\"https:\\\/\\\/www.fireware.nl\\\/wp-content\\\/uploads\\\/2018\\\/10\\\/fireware-logo.png\",\"width\":200,\"height\":86,\"caption\":\"FireWare\"},\"image\":{\"@id\":\"https:\\\/\\\/www.fireware.nl\\\/fr\\\/#\\\/schema\\\/logo\\\/image\\\/\"},\"sameAs\":[\"https:\\\/\\\/www.facebook.com\\\/FireWareBV\\\/\",\"https:\\\/\\\/x.com\\\/FireWarebv\",\"https:\\\/\\\/www.instagram.com\\\/fireware_nl\\\/\",\"https:\\\/\\\/www.linkedin.com\\\/company\\\/3586017\\\/\",\"https:\\\/\\\/www.youtube.com\\\/user\\\/firesalesrentconsult\"]}]}<\/script>\n<!-- \/ Yoast SEO plugin. -->","yoast_head_json":{"title":"Ensemble de simulation Petit incluant Thermal Runaway - FireWare","robots":{"index":"index","follow":"follow","max-snippet":"max-snippet:-1","max-image-preview":"max-image-preview:large","max-video-preview":"max-video-preview:-1"},"canonical":"https:\/\/www.fireware.nl\/fr\/product\/pandoras-230-petit-set\/","og_locale":"fr_FR","og_type":"article","og_title":"Ensemble de simulation Petit incluant Thermal Runaway - FireWare","og_description":"Ensemble tout-en-un pour cr\u00e9er des mises en sc\u00e8ne dynamiques de petite taille Parfait pour simuler de petits thermal runaways, comme des batteries de v\u00e9los Enti\u00e8rement contr\u00f4lable avec votre propre smartphone ou tablette Ce kit comprend :  Pandora\u2019s Box 230 FireSpot MK2 Mini Silkflame G\u00e9n\u00e9rateur de fum\u00e9e Nimbo Paquet d\u2019\u00e9chantillons de liquide de fum\u00e9e","og_url":"https:\/\/www.fireware.nl\/fr\/product\/pandoras-230-petit-set\/","og_site_name":"FireWare","article_publisher":"https:\/\/www.facebook.com\/FireWareBV\/","article_modified_time":"2026-01-23T14:35:18+00:00","og_image":[{"width":600,"height":600,"url":"https:\/\/www.fireware.nl\/wp-content\/uploads\/2024\/04\/040-030-047_Pandora_230_Small_set-.jpg","type":"image\/jpeg"}],"twitter_card":"summary_large_image","twitter_site":"@FireWarebv","twitter_misc":{"Dur\u00e9e de lecture estim\u00e9e":"5 minutes"},"schema":{"@context":"https:\/\/schema.org","@graph":[{"@type":"WebPage","@id":"https:\/\/www.fireware.nl\/fr\/product\/pandoras-230-petit-set\/","url":"https:\/\/www.fireware.nl\/fr\/product\/pandoras-230-petit-set\/","name":"Ensemble de simulation Petit incluant Thermal Runaway - FireWare","isPartOf":{"@id":"https:\/\/www.fireware.nl\/fr\/#website"},"primaryImageOfPage":{"@id":"https:\/\/www.fireware.nl\/fr\/product\/pandoras-230-petit-set\/#primaryimage"},"image":{"@id":"https:\/\/www.fireware.nl\/fr\/product\/pandoras-230-petit-set\/#primaryimage"},"thumbnailUrl":"https:\/\/www.fireware.nl\/wp-content\/uploads\/2024\/04\/040-030-047_Pandora_230_Small_set-.jpg","datePublished":"2024-04-22T10:07:10+00:00","dateModified":"2026-01-23T14:35:18+00:00","breadcrumb":{"@id":"https:\/\/www.fireware.nl\/fr\/product\/pandoras-230-petit-set\/#breadcrumb"},"inLanguage":"fr-FR","potentialAction":[{"@type":"ReadAction","target":["https:\/\/www.fireware.nl\/fr\/product\/pandoras-230-petit-set\/"]}]},{"@type":"ImageObject","inLanguage":"fr-FR","@id":"https:\/\/www.fireware.nl\/fr\/product\/pandoras-230-petit-set\/#primaryimage","url":"https:\/\/www.fireware.nl\/wp-content\/uploads\/2024\/04\/040-030-047_Pandora_230_Small_set-.jpg","contentUrl":"https:\/\/www.fireware.nl\/wp-content\/uploads\/2024\/04\/040-030-047_Pandora_230_Small_set-.jpg","width":600,"height":600},{"@type":"BreadcrumbList","@id":"https:\/\/www.fireware.nl\/fr\/product\/pandoras-230-petit-set\/#breadcrumb","itemListElement":[{"@type":"ListItem","position":1,"name":"Home","item":"https:\/\/www.fireware.nl\/fr\/"},{"@type":"ListItem","position":2,"name":"Produits","item":"https:\/\/www.fireware.nl\/fr\/produits\/"},{"@type":"ListItem","position":3,"name":"Ensemble de simulation Petit incluant Thermal Runaway"}]},{"@type":"WebSite","@id":"https:\/\/www.fireware.nl\/fr\/#website","url":"https:\/\/www.fireware.nl\/fr\/","name":"FireWare","description":"CREATING REALISTIC  TRAINING ENVIRONMENTS","publisher":{"@id":"https:\/\/www.fireware.nl\/fr\/#organization"},"potentialAction":[{"@type":"SearchAction","target":{"@type":"EntryPoint","urlTemplate":"https:\/\/www.fireware.nl\/fr\/?s={search_term_string}"},"query-input":{"@type":"PropertyValueSpecification","valueRequired":true,"valueName":"search_term_string"}}],"inLanguage":"fr-FR"},{"@type":"Organization","@id":"https:\/\/www.fireware.nl\/fr\/#organization","name":"FireWare","url":"https:\/\/www.fireware.nl\/fr\/","logo":{"@type":"ImageObject","inLanguage":"fr-FR","@id":"https:\/\/www.fireware.nl\/fr\/#\/schema\/logo\/image\/","url":"https:\/\/www.fireware.nl\/wp-content\/uploads\/2018\/10\/fireware-logo.png","contentUrl":"https:\/\/www.fireware.nl\/wp-content\/uploads\/2018\/10\/fireware-logo.png","width":200,"height":86,"caption":"FireWare"},"image":{"@id":"https:\/\/www.fireware.nl\/fr\/#\/schema\/logo\/image\/"},"sameAs":["https:\/\/www.facebook.com\/FireWareBV\/","https:\/\/x.com\/FireWarebv","https:\/\/www.instagram.com\/fireware_nl\/","https:\/\/www.linkedin.com\/company\/3586017\/","https:\/\/www.youtube.com\/user\/firesalesrentconsult"]}]}},"publishpress_future_workflow_manual_trigger":{"enabledWorkflows":[]},"_links":{"self":[{"href":"https:\/\/www.fireware.nl\/fr\/wp-json\/wp\/v2\/product\/94586","targetHints":{"allow":["GET"]}}],"collection":[{"href":"https:\/\/www.fireware.nl\/fr\/wp-json\/wp\/v2\/product"}],"about":[{"href":"https:\/\/www.fireware.nl\/fr\/wp-json\/wp\/v2\/types\/product"}],"wp:featuredmedia":[{"embeddable":true,"href":"https:\/\/www.fireware.nl\/fr\/wp-json\/wp\/v2\/media\/94577"}],"wp:attachment":[{"href":"https:\/\/www.fireware.nl\/fr\/wp-json\/wp\/v2\/media?parent=94586"}],"wp:term":[{"taxonomy":"product_brand","embeddable":true,"href":"https:\/\/www.fireware.nl\/fr\/wp-json\/wp\/v2\/product_brand?post=94586"},{"taxonomy":"product_cat","embeddable":true,"href":"https:\/\/www.fireware.nl\/fr\/wp-json\/wp\/v2\/product_cat?post=94586"},{"taxonomy":"product_tag","embeddable":true,"href":"https:\/\/www.fireware.nl\/fr\/wp-json\/wp\/v2\/product_tag?post=94586"}],"curies":[{"name":"wp","href":"https:\/\/api.w.org\/{rel}","templated":true}]}}