
{"id":84683,"date":"2023-03-04T10:07:49","date_gmt":"2023-03-04T10:07:49","guid":{"rendered":"https:\/\/www.fireware.nl\/product\/airfill-la-vanne-a-bille-neptune\/"},"modified":"2023-03-04T10:07:49","modified_gmt":"2023-03-04T10:07:49","slug":"airfill-la-vanne-a-bille-neptune","status":"publish","type":"product","link":"https:\/\/www.fireware.nl\/fr\/product\/airfill-la-vanne-a-bille-neptune\/","title":{"rendered":"AirFill : La Vanne \u00e0 Bille Neptune"},"content":{"rendered":"<h2>D\u00e9couvrez une Nouvelle Dimension dans les Exercices de Feu Simul\u00e9s : La Vanne \u00e0 Bille AirFill Permet l&#8217;Extinction \u00e0 l&#8217;Air !<\/h2>\n<p>L&#8217;extinction \u00e0 l&#8217;air \u00e9l\u00e8ve les exercices de feu simul\u00e9s \u00e0 un niveau sup\u00e9rieur : la vanne \u00e0 bille AirFill rend cela possible ! Les extincteurs d&#8217;entra\u00eenement Neptune peuvent \u00eatre remplis non seulement de mousse d&#8217;entra\u00eenement mais aussi d&#8217;air ! Il vous suffit de connecter la vanne \u00e0 bille AirFill de mani\u00e8re s\u00e9curis\u00e9e et directe aux <a href=\"https:\/\/www.fireware.nl\/fr\/categorie-produit\/extincteurs-de-formation\/\" target=\"_blank\" rel=\"noopener\">extincteurs d&#8217;entra\u00eenement Neptune<\/a> \u00e0 l&#8217;aide du <a href=\"https:\/\/www.fireware.nl\/fr\/product\/compresseur-pour-neptune\/\" target=\"_blank\" rel=\"noopener\">Compresseur pour Neptune<\/a>, et de les remplir facilement d&#8217;air. En un rien de temps, vos extincteurs d&#8217;entra\u00eenement Neptune sont pr\u00eats \u00e0 l&#8217;emploi ! Cela permet aux \u00e9tudiants d&#8217;apprendre les proc\u00e9dures correctes de mani\u00e8re simple et captivante.<\/p>\n<p>Ce syst\u00e8me offre la possibilit\u00e9 de s&#8217;entra\u00eener proprement sur n&#8217;importe quel site, sans avoir besoin d&#8217;une seule goutte d&#8217;eau ou de mousse d&#8217;entra\u00eenement. M\u00eame dans des endroits o\u00f9 l&#8217;extinction r\u00e9elle n&#8217;est pas possible, vous pouvez vous entra\u00eener \u00e0 l&#8217;infini avec les extincteurs d&#8217;entra\u00eenement Neptune en utilisant cette vanne \u00e0 bille AirFill et le compresseur ! Laissez libre cours \u00e0 votre imagination et d\u00e9couvrez les possibilit\u00e9s infinies !<\/p>\n","protected":false},"excerpt":{"rendered":"<ul>\n<li>Convient pour remplir de l&#8217;air dans les <a href=\"https:\/\/www.fireware.nl\/fr\/categorie-produit\/extincteurs-de-formation\/\" target=\"_blank\" rel=\"noopener\">extincteurs d&#8217;entra\u00eenement Neptune<\/a> avec le <a href=\"https:\/\/www.fireware.nl\/fr\/product\/compresseur-pour-neptune\/\" target=\"_blank\" rel=\"noopener\">Compresseur pour Neptune<\/a>;<\/li>\n<li>Permet l&#8217;extinction \u00e0 l&#8217;air pour les exercices de feu simul\u00e9s;<\/li>\n<li>Facile et rapide \u00e0 utiliser;<\/li>\n<li>Entra\u00eenement propre et efficace sans eau ni mousse d&#8217;entra\u00eenement;<\/li>\n<li>Possibilit\u00e9s illimit\u00e9es, m\u00eame dans des endroits o\u00f9 l&#8217;extinction r\u00e9elle n&#8217;est pas possible.<\/li>\n<\/ul>\n","protected":false},"featured_media":81382,"template":"","meta":[],"product_brand":[],"product_cat":[101],"product_tag":[],"class_list":{"0":"post-84683","1":"product","2":"type-product","3":"status-publish","4":"has-post-thumbnail","6":"product_cat-extincteurs-de-formation","8":"first","9":"instock","10":"taxable","11":"shipping-taxable","12":"purchasable","13":"product-type-simple"},"yoast_head":"<!-- This site is optimized with the Yoast SEO plugin v27.4 - https:\/\/yoast.com\/product\/yoast-seo-wordpress\/ -->\n<title>AirFill : La Vanne \u00e0 Bille Neptune - FireWare<\/title>\n<meta name=\"robots\" content=\"index, follow, max-snippet:-1, max-image-preview:large, max-video-preview:-1\" \/>\n<link rel=\"canonical\" href=\"https:\/\/www.fireware.nl\/fr\/product\/airfill-la-vanne-a-bille-neptune\/\" \/>\n<meta property=\"og:locale\" content=\"fr_FR\" \/>\n<meta property=\"og:type\" content=\"article\" \/>\n<meta property=\"og:title\" content=\"AirFill : La Vanne \u00e0 Bille Neptune - FireWare\" \/>\n<meta property=\"og:description\" content=\"Convient pour remplir de l&#039;air dans les extincteurs d&#039;entra\u00eenement Neptune avec le Compresseur pour Neptune;  Permet l&#039;extinction \u00e0 l&#039;air pour les exercices de feu simul\u00e9s;  Facile et rapide \u00e0 utiliser;  Entra\u00eenement propre et efficace sans eau ni mousse d&#039;entra\u00eenement;  Possibilit\u00e9s illimit\u00e9es, m\u00eame dans des endroits o\u00f9 l&#039;extinction r\u00e9elle n&#039;est pas possible.\" \/>\n<meta property=\"og:url\" content=\"https:\/\/www.fireware.nl\/fr\/product\/airfill-la-vanne-a-bille-neptune\/\" \/>\n<meta property=\"og:site_name\" content=\"FireWare\" \/>\n<meta property=\"article:publisher\" content=\"https:\/\/www.facebook.com\/FireWareBV\/\" \/>\n<meta property=\"og:image\" content=\"https:\/\/www.fireware.nl\/wp-content\/uploads\/2023\/07\/20230626_Kogelkraan_koppeling_Neptune_blusser_met_compressor_0001_0002_web.jpg\" \/>\n\t<meta property=\"og:image:width\" content=\"600\" \/>\n\t<meta property=\"og:image:height\" content=\"600\" \/>\n\t<meta property=\"og:image:type\" content=\"image\/jpeg\" \/>\n<meta name=\"twitter:card\" content=\"summary_large_image\" \/>\n<meta name=\"twitter:site\" content=\"@FireWarebv\" \/>\n<meta name=\"twitter:label1\" content=\"Dur\u00e9e de lecture estim\u00e9e\" \/>\n\t<meta name=\"twitter:data1\" content=\"1 minute\" \/>\n<script type=\"application\/ld+json\" class=\"yoast-schema-graph\">{\"@context\":\"https:\\\/\\\/schema.org\",\"@graph\":[{\"@type\":\"WebPage\",\"@id\":\"https:\\\/\\\/www.fireware.nl\\\/fr\\\/product\\\/airfill-la-vanne-a-bille-neptune\\\/\",\"url\":\"https:\\\/\\\/www.fireware.nl\\\/fr\\\/product\\\/airfill-la-vanne-a-bille-neptune\\\/\",\"name\":\"AirFill : La Vanne \u00e0 Bille Neptune - FireWare\",\"isPartOf\":{\"@id\":\"https:\\\/\\\/www.fireware.nl\\\/fr\\\/#website\"},\"primaryImageOfPage\":{\"@id\":\"https:\\\/\\\/www.fireware.nl\\\/fr\\\/product\\\/airfill-la-vanne-a-bille-neptune\\\/#primaryimage\"},\"image\":{\"@id\":\"https:\\\/\\\/www.fireware.nl\\\/fr\\\/product\\\/airfill-la-vanne-a-bille-neptune\\\/#primaryimage\"},\"thumbnailUrl\":\"https:\\\/\\\/www.fireware.nl\\\/wp-content\\\/uploads\\\/2023\\\/07\\\/20230626_Kogelkraan_koppeling_Neptune_blusser_met_compressor_0001_0002_web.jpg\",\"datePublished\":\"2023-03-04T10:07:49+00:00\",\"breadcrumb\":{\"@id\":\"https:\\\/\\\/www.fireware.nl\\\/fr\\\/product\\\/airfill-la-vanne-a-bille-neptune\\\/#breadcrumb\"},\"inLanguage\":\"fr-FR\",\"potentialAction\":[{\"@type\":\"ReadAction\",\"target\":[\"https:\\\/\\\/www.fireware.nl\\\/fr\\\/product\\\/airfill-la-vanne-a-bille-neptune\\\/\"]}]},{\"@type\":\"ImageObject\",\"inLanguage\":\"fr-FR\",\"@id\":\"https:\\\/\\\/www.fireware.nl\\\/fr\\\/product\\\/airfill-la-vanne-a-bille-neptune\\\/#primaryimage\",\"url\":\"https:\\\/\\\/www.fireware.nl\\\/wp-content\\\/uploads\\\/2023\\\/07\\\/20230626_Kogelkraan_koppeling_Neptune_blusser_met_compressor_0001_0002_web.jpg\",\"contentUrl\":\"https:\\\/\\\/www.fireware.nl\\\/wp-content\\\/uploads\\\/2023\\\/07\\\/20230626_Kogelkraan_koppeling_Neptune_blusser_met_compressor_0001_0002_web.jpg\",\"width\":600,\"height\":600},{\"@type\":\"BreadcrumbList\",\"@id\":\"https:\\\/\\\/www.fireware.nl\\\/fr\\\/product\\\/airfill-la-vanne-a-bille-neptune\\\/#breadcrumb\",\"itemListElement\":[{\"@type\":\"ListItem\",\"position\":1,\"name\":\"Home\",\"item\":\"https:\\\/\\\/www.fireware.nl\\\/fr\\\/\"},{\"@type\":\"ListItem\",\"position\":2,\"name\":\"Produits\",\"item\":\"https:\\\/\\\/www.fireware.nl\\\/fr\\\/produits\\\/\"},{\"@type\":\"ListItem\",\"position\":3,\"name\":\"AirFill : La Vanne \u00e0 Bille Neptune\"}]},{\"@type\":\"WebSite\",\"@id\":\"https:\\\/\\\/www.fireware.nl\\\/fr\\\/#website\",\"url\":\"https:\\\/\\\/www.fireware.nl\\\/fr\\\/\",\"name\":\"FireWare\",\"description\":\"CREATING REALISTIC  TRAINING ENVIRONMENTS\",\"publisher\":{\"@id\":\"https:\\\/\\\/www.fireware.nl\\\/fr\\\/#organization\"},\"potentialAction\":[{\"@type\":\"SearchAction\",\"target\":{\"@type\":\"EntryPoint\",\"urlTemplate\":\"https:\\\/\\\/www.fireware.nl\\\/fr\\\/?s={search_term_string}\"},\"query-input\":{\"@type\":\"PropertyValueSpecification\",\"valueRequired\":true,\"valueName\":\"search_term_string\"}}],\"inLanguage\":\"fr-FR\"},{\"@type\":\"Organization\",\"@id\":\"https:\\\/\\\/www.fireware.nl\\\/fr\\\/#organization\",\"name\":\"FireWare\",\"url\":\"https:\\\/\\\/www.fireware.nl\\\/fr\\\/\",\"logo\":{\"@type\":\"ImageObject\",\"inLanguage\":\"fr-FR\",\"@id\":\"https:\\\/\\\/www.fireware.nl\\\/fr\\\/#\\\/schema\\\/logo\\\/image\\\/\",\"url\":\"https:\\\/\\\/www.fireware.nl\\\/wp-content\\\/uploads\\\/2018\\\/10\\\/fireware-logo.png\",\"contentUrl\":\"https:\\\/\\\/www.fireware.nl\\\/wp-content\\\/uploads\\\/2018\\\/10\\\/fireware-logo.png\",\"width\":200,\"height\":86,\"caption\":\"FireWare\"},\"image\":{\"@id\":\"https:\\\/\\\/www.fireware.nl\\\/fr\\\/#\\\/schema\\\/logo\\\/image\\\/\"},\"sameAs\":[\"https:\\\/\\\/www.facebook.com\\\/FireWareBV\\\/\",\"https:\\\/\\\/x.com\\\/FireWarebv\",\"https:\\\/\\\/www.instagram.com\\\/fireware_nl\\\/\",\"https:\\\/\\\/www.linkedin.com\\\/company\\\/3586017\\\/\",\"https:\\\/\\\/www.youtube.com\\\/user\\\/firesalesrentconsult\"]}]}<\/script>\n<!-- \/ Yoast SEO plugin. -->","yoast_head_json":{"title":"AirFill : La Vanne \u00e0 Bille Neptune - FireWare","robots":{"index":"index","follow":"follow","max-snippet":"max-snippet:-1","max-image-preview":"max-image-preview:large","max-video-preview":"max-video-preview:-1"},"canonical":"https:\/\/www.fireware.nl\/fr\/product\/airfill-la-vanne-a-bille-neptune\/","og_locale":"fr_FR","og_type":"article","og_title":"AirFill : La Vanne \u00e0 Bille Neptune - FireWare","og_description":"Convient pour remplir de l'air dans les extincteurs d'entra\u00eenement Neptune avec le Compresseur pour Neptune;  Permet l'extinction \u00e0 l'air pour les exercices de feu simul\u00e9s;  Facile et rapide \u00e0 utiliser;  Entra\u00eenement propre et efficace sans eau ni mousse d'entra\u00eenement;  Possibilit\u00e9s illimit\u00e9es, m\u00eame dans des endroits o\u00f9 l'extinction r\u00e9elle n'est pas possible.","og_url":"https:\/\/www.fireware.nl\/fr\/product\/airfill-la-vanne-a-bille-neptune\/","og_site_name":"FireWare","article_publisher":"https:\/\/www.facebook.com\/FireWareBV\/","og_image":[{"width":600,"height":600,"url":"https:\/\/www.fireware.nl\/wp-content\/uploads\/2023\/07\/20230626_Kogelkraan_koppeling_Neptune_blusser_met_compressor_0001_0002_web.jpg","type":"image\/jpeg"}],"twitter_card":"summary_large_image","twitter_site":"@FireWarebv","twitter_misc":{"Dur\u00e9e de lecture estim\u00e9e":"1 minute"},"schema":{"@context":"https:\/\/schema.org","@graph":[{"@type":"WebPage","@id":"https:\/\/www.fireware.nl\/fr\/product\/airfill-la-vanne-a-bille-neptune\/","url":"https:\/\/www.fireware.nl\/fr\/product\/airfill-la-vanne-a-bille-neptune\/","name":"AirFill : La Vanne \u00e0 Bille Neptune - FireWare","isPartOf":{"@id":"https:\/\/www.fireware.nl\/fr\/#website"},"primaryImageOfPage":{"@id":"https:\/\/www.fireware.nl\/fr\/product\/airfill-la-vanne-a-bille-neptune\/#primaryimage"},"image":{"@id":"https:\/\/www.fireware.nl\/fr\/product\/airfill-la-vanne-a-bille-neptune\/#primaryimage"},"thumbnailUrl":"https:\/\/www.fireware.nl\/wp-content\/uploads\/2023\/07\/20230626_Kogelkraan_koppeling_Neptune_blusser_met_compressor_0001_0002_web.jpg","datePublished":"2023-03-04T10:07:49+00:00","breadcrumb":{"@id":"https:\/\/www.fireware.nl\/fr\/product\/airfill-la-vanne-a-bille-neptune\/#breadcrumb"},"inLanguage":"fr-FR","potentialAction":[{"@type":"ReadAction","target":["https:\/\/www.fireware.nl\/fr\/product\/airfill-la-vanne-a-bille-neptune\/"]}]},{"@type":"ImageObject","inLanguage":"fr-FR","@id":"https:\/\/www.fireware.nl\/fr\/product\/airfill-la-vanne-a-bille-neptune\/#primaryimage","url":"https:\/\/www.fireware.nl\/wp-content\/uploads\/2023\/07\/20230626_Kogelkraan_koppeling_Neptune_blusser_met_compressor_0001_0002_web.jpg","contentUrl":"https:\/\/www.fireware.nl\/wp-content\/uploads\/2023\/07\/20230626_Kogelkraan_koppeling_Neptune_blusser_met_compressor_0001_0002_web.jpg","width":600,"height":600},{"@type":"BreadcrumbList","@id":"https:\/\/www.fireware.nl\/fr\/product\/airfill-la-vanne-a-bille-neptune\/#breadcrumb","itemListElement":[{"@type":"ListItem","position":1,"name":"Home","item":"https:\/\/www.fireware.nl\/fr\/"},{"@type":"ListItem","position":2,"name":"Produits","item":"https:\/\/www.fireware.nl\/fr\/produits\/"},{"@type":"ListItem","position":3,"name":"AirFill : La Vanne \u00e0 Bille Neptune"}]},{"@type":"WebSite","@id":"https:\/\/www.fireware.nl\/fr\/#website","url":"https:\/\/www.fireware.nl\/fr\/","name":"FireWare","description":"CREATING REALISTIC  TRAINING ENVIRONMENTS","publisher":{"@id":"https:\/\/www.fireware.nl\/fr\/#organization"},"potentialAction":[{"@type":"SearchAction","target":{"@type":"EntryPoint","urlTemplate":"https:\/\/www.fireware.nl\/fr\/?s={search_term_string}"},"query-input":{"@type":"PropertyValueSpecification","valueRequired":true,"valueName":"search_term_string"}}],"inLanguage":"fr-FR"},{"@type":"Organization","@id":"https:\/\/www.fireware.nl\/fr\/#organization","name":"FireWare","url":"https:\/\/www.fireware.nl\/fr\/","logo":{"@type":"ImageObject","inLanguage":"fr-FR","@id":"https:\/\/www.fireware.nl\/fr\/#\/schema\/logo\/image\/","url":"https:\/\/www.fireware.nl\/wp-content\/uploads\/2018\/10\/fireware-logo.png","contentUrl":"https:\/\/www.fireware.nl\/wp-content\/uploads\/2018\/10\/fireware-logo.png","width":200,"height":86,"caption":"FireWare"},"image":{"@id":"https:\/\/www.fireware.nl\/fr\/#\/schema\/logo\/image\/"},"sameAs":["https:\/\/www.facebook.com\/FireWareBV\/","https:\/\/x.com\/FireWarebv","https:\/\/www.instagram.com\/fireware_nl\/","https:\/\/www.linkedin.com\/company\/3586017\/","https:\/\/www.youtube.com\/user\/firesalesrentconsult"]}]}},"publishpress_future_workflow_manual_trigger":{"enabledWorkflows":[]},"_links":{"self":[{"href":"https:\/\/www.fireware.nl\/fr\/wp-json\/wp\/v2\/product\/84683","targetHints":{"allow":["GET"]}}],"collection":[{"href":"https:\/\/www.fireware.nl\/fr\/wp-json\/wp\/v2\/product"}],"about":[{"href":"https:\/\/www.fireware.nl\/fr\/wp-json\/wp\/v2\/types\/product"}],"wp:featuredmedia":[{"embeddable":true,"href":"https:\/\/www.fireware.nl\/fr\/wp-json\/wp\/v2\/media\/81382"}],"wp:attachment":[{"href":"https:\/\/www.fireware.nl\/fr\/wp-json\/wp\/v2\/media?parent=84683"}],"wp:term":[{"taxonomy":"product_brand","embeddable":true,"href":"https:\/\/www.fireware.nl\/fr\/wp-json\/wp\/v2\/product_brand?post=84683"},{"taxonomy":"product_cat","embeddable":true,"href":"https:\/\/www.fireware.nl\/fr\/wp-json\/wp\/v2\/product_cat?post=84683"},{"taxonomy":"product_tag","embeddable":true,"href":"https:\/\/www.fireware.nl\/fr\/wp-json\/wp\/v2\/product_tag?post=84683"}],"curies":[{"name":"wp","href":"https:\/\/api.w.org\/{rel}","templated":true}]}}