
{"id":81253,"date":"2023-06-01T09:53:33","date_gmt":"2023-06-01T09:53:33","guid":{"rendered":"https:\/\/www.fireware.nl\/product\/batterie-cirrus-avec-boitier-en-acier-inoxydable\/"},"modified":"2023-06-27T07:28:44","modified_gmt":"2023-06-27T07:28:44","slug":"batterie-cirrus-avec-boitier-en-acier-inoxydable","status":"publish","type":"product","link":"https:\/\/www.fireware.nl\/fr\/product\/batterie-cirrus-avec-boitier-en-acier-inoxydable\/","title":{"rendered":"Batterie Cirrus avec bo\u00eetier en acier inoxydable"},"content":{"rendered":"\n\n\t<h2>D\u00e9couvrez la puissance du Cirrus !<\/h2>\n<p>Avec une batterie enti\u00e8rement charg\u00e9e,<a href=\"https:\/\/www.fireware.nl\/fr\/produit\/generateur-de-fumee-sur-batterie-cirrus\/\" target=\"_blank\" rel=\"noopener\"> le g\u00e9n\u00e9rateur de fum\u00e9e sur batterie Cirrus<\/a> offre jusqu&#8217;\u00e0 10 minutes de fum\u00e9e continue ou jusqu&#8217;\u00e0 250 bouff\u00e9es de 10 secondes chacune. Mais que faire lorsque la batterie arrive en fin de vie ? Et que faire si les exercices durent plus longtemps ? Ne vous inqui\u00e9tez pas ! Cette batterie suppl\u00e9mentaire avec bo\u00eetier en acier inoxydable est la solution parfaite !<\/p>\n<h2>Conception pratique<\/h2>\n<p>Cette batterie pratique est astucieusement plac\u00e9e dans la moiti\u00e9 inf\u00e9rieure du bo\u00eetier, comprenant un support sp\u00e9cial pour le r\u00e9servoir de liquide. En seulement 2 minutes, vous pouvez changer la batterie sans tracas ni outils suppl\u00e9mentaires et profiter \u00e0 nouveau de la puissante production de fum\u00e9e ; d\u00e9vissez les vis, placez la nouvelle batterie, revissez les vis et vous \u00eates pr\u00eat \u00e0 partir !<\/p>\n<h2>Dur\u00e9e d&#8217;utilisation prolong\u00e9e<\/h2>\n<p>Avec la batterie suppl\u00e9mentaire dans le bo\u00eetier en acier inoxydable, vous pouvez consid\u00e9rablement prolonger la dur\u00e9e d&#8217;utilisation de votre g\u00e9n\u00e9rateur de fum\u00e9e sur batterie Cirrus. Cela signifie que vous pouvez profiter plus longtemps d&#8217;une fum\u00e9e continue ou de plusieurs bouff\u00e9es lors de vos exercices !<\/p>\n<h2>Utilisation partout<\/h2>\n<p>Gr\u00e2ce au bo\u00eetier en acier inoxydable compact et portable, vous pouvez facilement transporter la batterie suppl\u00e9mentaire vers diff\u00e9rents endroits. Vous n&#8217;\u00eates donc pas d\u00e9pendant d&#8217;une prise \u00e9lectrique et vous avez la libert\u00e9 de l&#8217;utiliser o\u00f9 que vous soyez avec votre Cirrus.<\/p>\n<p>Remarque : la batterie est livr\u00e9e sans chargeur. Mais ne vous inqui\u00e9tez pas, nous avons le <a href=\"https:\/\/www.fireware.nl\/fr\/product\/chargeur-batterie-generateur-fumee-batterie-cirrus\/\" target=\"_blank\" rel=\"noopener\">chargeur de batterie<\/a> disponible dans notre boutique en ligne.<\/p>\n<p>Tirez le meilleur parti de votre g\u00e9n\u00e9rateur de fum\u00e9e sur batterie Cirrus et d\u00e9couvrez la libert\u00e9 et la flexibilit\u00e9 qu&#8217;offre la batterie suppl\u00e9mentaire Cirrus. Aucune limite \u00e0 vos exercices. Compl\u00e9tez votre installation de g\u00e9n\u00e9rateur de fum\u00e9e et profitez d&#8217;une exp\u00e9rience de fum\u00e9e in\u00e9gal\u00e9e, o\u00f9 que vous soyez !<\/p>\n<h2>Regardez la vid\u00e9o<\/h2>\n<p>Les instructions pour retirer la batterie actuelle commencent \u00e0 partir de <strong>01:38 min<\/strong>.<\/p>\n\t<iframe width=\"560\" height=\"315\" src=\"https:\/\/www.youtube.com\/embed\/mIcZsxvBm4Y?rel=0\" title=\"YouTube video player\" frameborder=\"0\" allow=\"accelerometer; autoplay; clipboard-write; encrypted-media; gyroscope; picture-in-picture\" allowfullscreen><\/iframe>\n\n","protected":false},"excerpt":{"rendered":"<ul>\n<li><a href=\"https:\/\/www.fireware.nl\/fr\/produit\/generateur-de-fumee-sur-batterie-cirrus\/\" target=\"_blank\" rel=\"noopener\">G\u00e9n\u00e9rateur de fum\u00e9e sur batterie Cirrus<\/a> avec bo\u00eetier en acier inoxydable ;<\/li>\n<li>Le bo\u00eetier en acier inoxydable offre une qualit\u00e9 sup\u00e9rieure et r\u00e9siste \u00e0 une utilisation quotidienne, aux chocs et aux secousses ;<\/li>\n<li>Dur\u00e9e d&#8217;utilisation consid\u00e9rablement plus longue pour le g\u00e9n\u00e9rateur de fum\u00e9e sur batterie Cirrus ;<\/li>\n<li>Bo\u00eetier en acier inoxydable compact et portable, permettant un transport facile du g\u00e9n\u00e9rateur de fum\u00e9e sur batterie vers diff\u00e9rents endroits ;<\/li>\n<li>Ind\u00e9pendant d&#8217;une prise \u00e9lectrique, aucune source d&#8217;alimentation requise ;<\/li>\n<li>Installation facile sans outils suppl\u00e9mentaires ni proc\u00e9dures compliqu\u00e9es ;<\/li>\n<li>Livr\u00e9 sans chargeur, vis et r\u00e9servoir de liquide (inclus lors de l&#8217;achat du <a href=\"https:\/\/www.fireware.nl\/fr\/produit\/generateur-de-fumee-sur-batterie-cirrus\/\" target=\"_blank\" rel=\"noopener\">g\u00e9n\u00e9rateur de fum\u00e9e sur batterie Cirrus<\/a>).<\/li>\n<\/ul>\n","protected":false},"featured_media":80330,"template":"","meta":[],"product_brand":[],"product_cat":[82],"product_tag":[],"class_list":{"0":"post-81253","1":"product","2":"type-product","3":"status-publish","4":"has-post-thumbnail","6":"product_cat-supplements-pour-generateurs-de-fumee","8":"first","9":"instock","10":"taxable","11":"shipping-taxable","12":"purchasable","13":"product-type-simple"},"yoast_head":"<!-- This site is optimized with the Yoast SEO plugin v27.4 - https:\/\/yoast.com\/product\/yoast-seo-wordpress\/ -->\n<title>Batterie Cirrus avec bo\u00eetier en acier inoxydable - FireWare<\/title>\n<meta name=\"robots\" content=\"index, follow, max-snippet:-1, max-image-preview:large, max-video-preview:-1\" \/>\n<link rel=\"canonical\" href=\"https:\/\/www.fireware.nl\/fr\/product\/batterie-cirrus-avec-boitier-en-acier-inoxydable\/\" \/>\n<meta property=\"og:locale\" content=\"fr_FR\" \/>\n<meta property=\"og:type\" content=\"article\" \/>\n<meta property=\"og:title\" content=\"Batterie Cirrus avec bo\u00eetier en acier inoxydable - FireWare\" \/>\n<meta property=\"og:description\" content=\"G\u00e9n\u00e9rateur de fum\u00e9e sur batterie Cirrus avec bo\u00eetier en acier inoxydable ;  Le bo\u00eetier en acier inoxydable offre une qualit\u00e9 sup\u00e9rieure et r\u00e9siste \u00e0 une utilisation quotidienne, aux chocs et aux secousses ;  Dur\u00e9e d&#039;utilisation consid\u00e9rablement plus longue pour le g\u00e9n\u00e9rateur de fum\u00e9e sur batterie Cirrus ;  Bo\u00eetier en acier inoxydable compact et portable, permettant un transport facile du g\u00e9n\u00e9rateur de fum\u00e9e sur batterie vers diff\u00e9rents endroits ;  Ind\u00e9pendant d&#039;une prise \u00e9lectrique, aucune source d&#039;alimentation requise ;  Installation facile sans outils suppl\u00e9mentaires ni proc\u00e9dures compliqu\u00e9es ;  Livr\u00e9 sans chargeur, vis et r\u00e9servoir de liquide (inclus lors de l&#039;achat du g\u00e9n\u00e9rateur de fum\u00e9e sur batterie Cirrus).\" \/>\n<meta property=\"og:url\" content=\"https:\/\/www.fireware.nl\/fr\/product\/batterie-cirrus-avec-boitier-en-acier-inoxydable\/\" \/>\n<meta property=\"og:site_name\" content=\"FireWare\" \/>\n<meta property=\"article:publisher\" content=\"https:\/\/www.facebook.com\/FireWareBV\/\" \/>\n<meta property=\"article:modified_time\" content=\"2023-06-27T07:28:44+00:00\" \/>\n<meta property=\"og:image\" content=\"https:\/\/www.fireware.nl\/wp-content\/uploads\/2023\/06\/20230526_Cirrus_accu_inclusief_behuizing_0001_web.jpg\" \/>\n\t<meta property=\"og:image:width\" content=\"600\" \/>\n\t<meta property=\"og:image:height\" content=\"600\" \/>\n\t<meta property=\"og:image:type\" content=\"image\/jpeg\" \/>\n<meta name=\"twitter:card\" content=\"summary_large_image\" \/>\n<meta name=\"twitter:site\" content=\"@FireWarebv\" \/>\n<meta name=\"twitter:label1\" content=\"Dur\u00e9e de lecture estim\u00e9e\" \/>\n\t<meta name=\"twitter:data1\" content=\"2 minutes\" \/>\n<script type=\"application\/ld+json\" class=\"yoast-schema-graph\">{\"@context\":\"https:\\\/\\\/schema.org\",\"@graph\":[{\"@type\":\"WebPage\",\"@id\":\"https:\\\/\\\/www.fireware.nl\\\/fr\\\/product\\\/batterie-cirrus-avec-boitier-en-acier-inoxydable\\\/\",\"url\":\"https:\\\/\\\/www.fireware.nl\\\/fr\\\/product\\\/batterie-cirrus-avec-boitier-en-acier-inoxydable\\\/\",\"name\":\"Batterie Cirrus avec bo\u00eetier en acier inoxydable - FireWare\",\"isPartOf\":{\"@id\":\"https:\\\/\\\/www.fireware.nl\\\/fr\\\/#website\"},\"primaryImageOfPage\":{\"@id\":\"https:\\\/\\\/www.fireware.nl\\\/fr\\\/product\\\/batterie-cirrus-avec-boitier-en-acier-inoxydable\\\/#primaryimage\"},\"image\":{\"@id\":\"https:\\\/\\\/www.fireware.nl\\\/fr\\\/product\\\/batterie-cirrus-avec-boitier-en-acier-inoxydable\\\/#primaryimage\"},\"thumbnailUrl\":\"https:\\\/\\\/www.fireware.nl\\\/wp-content\\\/uploads\\\/2023\\\/06\\\/20230526_Cirrus_accu_inclusief_behuizing_0001_web.jpg\",\"datePublished\":\"2023-06-01T09:53:33+00:00\",\"dateModified\":\"2023-06-27T07:28:44+00:00\",\"breadcrumb\":{\"@id\":\"https:\\\/\\\/www.fireware.nl\\\/fr\\\/product\\\/batterie-cirrus-avec-boitier-en-acier-inoxydable\\\/#breadcrumb\"},\"inLanguage\":\"fr-FR\",\"potentialAction\":[{\"@type\":\"ReadAction\",\"target\":[\"https:\\\/\\\/www.fireware.nl\\\/fr\\\/product\\\/batterie-cirrus-avec-boitier-en-acier-inoxydable\\\/\"]}]},{\"@type\":\"ImageObject\",\"inLanguage\":\"fr-FR\",\"@id\":\"https:\\\/\\\/www.fireware.nl\\\/fr\\\/product\\\/batterie-cirrus-avec-boitier-en-acier-inoxydable\\\/#primaryimage\",\"url\":\"https:\\\/\\\/www.fireware.nl\\\/wp-content\\\/uploads\\\/2023\\\/06\\\/20230526_Cirrus_accu_inclusief_behuizing_0001_web.jpg\",\"contentUrl\":\"https:\\\/\\\/www.fireware.nl\\\/wp-content\\\/uploads\\\/2023\\\/06\\\/20230526_Cirrus_accu_inclusief_behuizing_0001_web.jpg\",\"width\":600,\"height\":600},{\"@type\":\"BreadcrumbList\",\"@id\":\"https:\\\/\\\/www.fireware.nl\\\/fr\\\/product\\\/batterie-cirrus-avec-boitier-en-acier-inoxydable\\\/#breadcrumb\",\"itemListElement\":[{\"@type\":\"ListItem\",\"position\":1,\"name\":\"Home\",\"item\":\"https:\\\/\\\/www.fireware.nl\\\/fr\\\/\"},{\"@type\":\"ListItem\",\"position\":2,\"name\":\"Produits\",\"item\":\"https:\\\/\\\/www.fireware.nl\\\/fr\\\/produits\\\/\"},{\"@type\":\"ListItem\",\"position\":3,\"name\":\"Batterie Cirrus avec bo\u00eetier en acier inoxydable\"}]},{\"@type\":\"WebSite\",\"@id\":\"https:\\\/\\\/www.fireware.nl\\\/fr\\\/#website\",\"url\":\"https:\\\/\\\/www.fireware.nl\\\/fr\\\/\",\"name\":\"FireWare\",\"description\":\"CREATING REALISTIC  TRAINING ENVIRONMENTS\",\"publisher\":{\"@id\":\"https:\\\/\\\/www.fireware.nl\\\/fr\\\/#organization\"},\"potentialAction\":[{\"@type\":\"SearchAction\",\"target\":{\"@type\":\"EntryPoint\",\"urlTemplate\":\"https:\\\/\\\/www.fireware.nl\\\/fr\\\/?s={search_term_string}\"},\"query-input\":{\"@type\":\"PropertyValueSpecification\",\"valueRequired\":true,\"valueName\":\"search_term_string\"}}],\"inLanguage\":\"fr-FR\"},{\"@type\":\"Organization\",\"@id\":\"https:\\\/\\\/www.fireware.nl\\\/fr\\\/#organization\",\"name\":\"FireWare\",\"url\":\"https:\\\/\\\/www.fireware.nl\\\/fr\\\/\",\"logo\":{\"@type\":\"ImageObject\",\"inLanguage\":\"fr-FR\",\"@id\":\"https:\\\/\\\/www.fireware.nl\\\/fr\\\/#\\\/schema\\\/logo\\\/image\\\/\",\"url\":\"https:\\\/\\\/www.fireware.nl\\\/wp-content\\\/uploads\\\/2018\\\/10\\\/fireware-logo.png\",\"contentUrl\":\"https:\\\/\\\/www.fireware.nl\\\/wp-content\\\/uploads\\\/2018\\\/10\\\/fireware-logo.png\",\"width\":200,\"height\":86,\"caption\":\"FireWare\"},\"image\":{\"@id\":\"https:\\\/\\\/www.fireware.nl\\\/fr\\\/#\\\/schema\\\/logo\\\/image\\\/\"},\"sameAs\":[\"https:\\\/\\\/www.facebook.com\\\/FireWareBV\\\/\",\"https:\\\/\\\/x.com\\\/FireWarebv\",\"https:\\\/\\\/www.instagram.com\\\/fireware_nl\\\/\",\"https:\\\/\\\/www.linkedin.com\\\/company\\\/3586017\\\/\",\"https:\\\/\\\/www.youtube.com\\\/user\\\/firesalesrentconsult\"]}]}<\/script>\n<!-- \/ Yoast SEO plugin. -->","yoast_head_json":{"title":"Batterie Cirrus avec bo\u00eetier en acier inoxydable - FireWare","robots":{"index":"index","follow":"follow","max-snippet":"max-snippet:-1","max-image-preview":"max-image-preview:large","max-video-preview":"max-video-preview:-1"},"canonical":"https:\/\/www.fireware.nl\/fr\/product\/batterie-cirrus-avec-boitier-en-acier-inoxydable\/","og_locale":"fr_FR","og_type":"article","og_title":"Batterie Cirrus avec bo\u00eetier en acier inoxydable - FireWare","og_description":"G\u00e9n\u00e9rateur de fum\u00e9e sur batterie Cirrus avec bo\u00eetier en acier inoxydable ;  Le bo\u00eetier en acier inoxydable offre une qualit\u00e9 sup\u00e9rieure et r\u00e9siste \u00e0 une utilisation quotidienne, aux chocs et aux secousses ;  Dur\u00e9e d'utilisation consid\u00e9rablement plus longue pour le g\u00e9n\u00e9rateur de fum\u00e9e sur batterie Cirrus ;  Bo\u00eetier en acier inoxydable compact et portable, permettant un transport facile du g\u00e9n\u00e9rateur de fum\u00e9e sur batterie vers diff\u00e9rents endroits ;  Ind\u00e9pendant d'une prise \u00e9lectrique, aucune source d'alimentation requise ;  Installation facile sans outils suppl\u00e9mentaires ni proc\u00e9dures compliqu\u00e9es ;  Livr\u00e9 sans chargeur, vis et r\u00e9servoir de liquide (inclus lors de l'achat du g\u00e9n\u00e9rateur de fum\u00e9e sur batterie Cirrus).","og_url":"https:\/\/www.fireware.nl\/fr\/product\/batterie-cirrus-avec-boitier-en-acier-inoxydable\/","og_site_name":"FireWare","article_publisher":"https:\/\/www.facebook.com\/FireWareBV\/","article_modified_time":"2023-06-27T07:28:44+00:00","og_image":[{"width":600,"height":600,"url":"https:\/\/www.fireware.nl\/wp-content\/uploads\/2023\/06\/20230526_Cirrus_accu_inclusief_behuizing_0001_web.jpg","type":"image\/jpeg"}],"twitter_card":"summary_large_image","twitter_site":"@FireWarebv","twitter_misc":{"Dur\u00e9e de lecture estim\u00e9e":"2 minutes"},"schema":{"@context":"https:\/\/schema.org","@graph":[{"@type":"WebPage","@id":"https:\/\/www.fireware.nl\/fr\/product\/batterie-cirrus-avec-boitier-en-acier-inoxydable\/","url":"https:\/\/www.fireware.nl\/fr\/product\/batterie-cirrus-avec-boitier-en-acier-inoxydable\/","name":"Batterie Cirrus avec bo\u00eetier en acier inoxydable - FireWare","isPartOf":{"@id":"https:\/\/www.fireware.nl\/fr\/#website"},"primaryImageOfPage":{"@id":"https:\/\/www.fireware.nl\/fr\/product\/batterie-cirrus-avec-boitier-en-acier-inoxydable\/#primaryimage"},"image":{"@id":"https:\/\/www.fireware.nl\/fr\/product\/batterie-cirrus-avec-boitier-en-acier-inoxydable\/#primaryimage"},"thumbnailUrl":"https:\/\/www.fireware.nl\/wp-content\/uploads\/2023\/06\/20230526_Cirrus_accu_inclusief_behuizing_0001_web.jpg","datePublished":"2023-06-01T09:53:33+00:00","dateModified":"2023-06-27T07:28:44+00:00","breadcrumb":{"@id":"https:\/\/www.fireware.nl\/fr\/product\/batterie-cirrus-avec-boitier-en-acier-inoxydable\/#breadcrumb"},"inLanguage":"fr-FR","potentialAction":[{"@type":"ReadAction","target":["https:\/\/www.fireware.nl\/fr\/product\/batterie-cirrus-avec-boitier-en-acier-inoxydable\/"]}]},{"@type":"ImageObject","inLanguage":"fr-FR","@id":"https:\/\/www.fireware.nl\/fr\/product\/batterie-cirrus-avec-boitier-en-acier-inoxydable\/#primaryimage","url":"https:\/\/www.fireware.nl\/wp-content\/uploads\/2023\/06\/20230526_Cirrus_accu_inclusief_behuizing_0001_web.jpg","contentUrl":"https:\/\/www.fireware.nl\/wp-content\/uploads\/2023\/06\/20230526_Cirrus_accu_inclusief_behuizing_0001_web.jpg","width":600,"height":600},{"@type":"BreadcrumbList","@id":"https:\/\/www.fireware.nl\/fr\/product\/batterie-cirrus-avec-boitier-en-acier-inoxydable\/#breadcrumb","itemListElement":[{"@type":"ListItem","position":1,"name":"Home","item":"https:\/\/www.fireware.nl\/fr\/"},{"@type":"ListItem","position":2,"name":"Produits","item":"https:\/\/www.fireware.nl\/fr\/produits\/"},{"@type":"ListItem","position":3,"name":"Batterie Cirrus avec bo\u00eetier en acier inoxydable"}]},{"@type":"WebSite","@id":"https:\/\/www.fireware.nl\/fr\/#website","url":"https:\/\/www.fireware.nl\/fr\/","name":"FireWare","description":"CREATING REALISTIC  TRAINING ENVIRONMENTS","publisher":{"@id":"https:\/\/www.fireware.nl\/fr\/#organization"},"potentialAction":[{"@type":"SearchAction","target":{"@type":"EntryPoint","urlTemplate":"https:\/\/www.fireware.nl\/fr\/?s={search_term_string}"},"query-input":{"@type":"PropertyValueSpecification","valueRequired":true,"valueName":"search_term_string"}}],"inLanguage":"fr-FR"},{"@type":"Organization","@id":"https:\/\/www.fireware.nl\/fr\/#organization","name":"FireWare","url":"https:\/\/www.fireware.nl\/fr\/","logo":{"@type":"ImageObject","inLanguage":"fr-FR","@id":"https:\/\/www.fireware.nl\/fr\/#\/schema\/logo\/image\/","url":"https:\/\/www.fireware.nl\/wp-content\/uploads\/2018\/10\/fireware-logo.png","contentUrl":"https:\/\/www.fireware.nl\/wp-content\/uploads\/2018\/10\/fireware-logo.png","width":200,"height":86,"caption":"FireWare"},"image":{"@id":"https:\/\/www.fireware.nl\/fr\/#\/schema\/logo\/image\/"},"sameAs":["https:\/\/www.facebook.com\/FireWareBV\/","https:\/\/x.com\/FireWarebv","https:\/\/www.instagram.com\/fireware_nl\/","https:\/\/www.linkedin.com\/company\/3586017\/","https:\/\/www.youtube.com\/user\/firesalesrentconsult"]}]}},"publishpress_future_workflow_manual_trigger":{"enabledWorkflows":[]},"_links":{"self":[{"href":"https:\/\/www.fireware.nl\/fr\/wp-json\/wp\/v2\/product\/81253","targetHints":{"allow":["GET"]}}],"collection":[{"href":"https:\/\/www.fireware.nl\/fr\/wp-json\/wp\/v2\/product"}],"about":[{"href":"https:\/\/www.fireware.nl\/fr\/wp-json\/wp\/v2\/types\/product"}],"wp:featuredmedia":[{"embeddable":true,"href":"https:\/\/www.fireware.nl\/fr\/wp-json\/wp\/v2\/media\/80330"}],"wp:attachment":[{"href":"https:\/\/www.fireware.nl\/fr\/wp-json\/wp\/v2\/media?parent=81253"}],"wp:term":[{"taxonomy":"product_brand","embeddable":true,"href":"https:\/\/www.fireware.nl\/fr\/wp-json\/wp\/v2\/product_brand?post=81253"},{"taxonomy":"product_cat","embeddable":true,"href":"https:\/\/www.fireware.nl\/fr\/wp-json\/wp\/v2\/product_cat?post=81253"},{"taxonomy":"product_tag","embeddable":true,"href":"https:\/\/www.fireware.nl\/fr\/wp-json\/wp\/v2\/product_tag?post=81253"}],"curies":[{"name":"wp","href":"https:\/\/api.w.org\/{rel}","templated":true}]}}