
{"id":76549,"date":"2022-08-14T12:56:10","date_gmt":"2022-08-14T12:56:10","guid":{"rendered":"https:\/\/www.fireware.nl\/product\/add-on-gas-cylinder-metal\/"},"modified":"2025-01-20T09:36:36","modified_gmt":"2025-01-20T09:36:36","slug":"add-on-gas-cylinder-metal","status":"publish","type":"product","link":"https:\/\/www.fireware.nl\/fr\/product\/add-on-gas-cylinder-metal\/","title":{"rendered":"Add-on Gas Cylinder &#8211; m\u00e9tal"},"content":{"rendered":"\r\n<h2>Simulez en toute s\u00e9curit\u00e9 un feu de bouteille de gaz durant vos exercices incendie<\/h2>\r\n<p>La bouteille de gaz Add-on Gas Cylinder est un accessoire op\u00e9rationnel pour le FireWare Vesta. \u00c0 l&#8217;aide du flexible fourni, raccordez la bouteille de gaz m\u00e9tallique \u00e0 la sortie auxiliaire du FireWare Vesta. Ouvrez ensuite le robinet de gaz de la bouteille et dirigez la sortie vers le Vesta. Commencez par allumer le Vesta avec la t\u00e9l\u00e9commande, puis faites circuler le gaz de la bouteille \u00e0 l&#8217;aide du deuxi\u00e8me bouton. L&#8217;accessoire va maintenant prendre feu \u00e0 partir des flammes du Vesta. Si vous appuyez sur le deuxi\u00e8me bouton pendant environ 8 secondes, l&#8217;alimentation en gaz du Vesta lui-m\u00eame se coupe et une flamme vive encore plus puissante sort de la bouteille Add-on Gas Cylinder. Vous simulerez ainsi une impressionnante torche de bouteille de gaz.<\/p>\r\n<p>En assurant un refroidissement appropri\u00e9 avec un jet d&#8217;eau, le stagiaire peut fermer la vanne de gaz (en portant des gants de pompier\u00a0!). Une fois compl\u00e8tement ferm\u00e9e, l&#8217;alimentation en gaz est coup\u00e9e et l&#8217;exercice incendie est r\u00e9ussi\u00a0!<\/p>\r\n<h2>Regardez la vid\u00e9o<\/h2>\r\n<p><iframe title=\"YouTube video player\" src=\"https:\/\/www.youtube.com\/embed\/lqcEa2LShRU?rel=0\" width=\"560\" height=\"315\" frameborder=\"0\" allowfullscreen=\"allowfullscreen\"><\/iframe><\/p>\r\n","protected":false},"excerpt":{"rendered":"<ul>\n<li><strong>Note : d\u00e9sormais fabriqu\u00e9 en m\u00e9tal de haute qualit\u00e9.<\/strong><\/li>\n<li>Pi\u00e8ces jointe Vesta pour l\u2019extinction d\u2019un incendie provoqu\u00e9 par du gaz.<\/li>\n<li>Extinction avec de l\u2019eau.<\/li>\n<li>Caisson en mati\u00e8re synth\u00e9tique de 60 x 40 x 32,5 cm.<\/li>\n<\/ul>\n","protected":false},"featured_media":76501,"template":"","meta":[],"product_brand":[],"product_cat":[218,73],"product_tag":[],"class_list":{"0":"post-76549","1":"product","2":"type-product","3":"status-publish","4":"has-post-thumbnail","6":"product_cat-nbrce","7":"product_cat-pieces-add-on-pour-simulateurs-dincendie","9":"first","10":"instock","11":"taxable","12":"shipping-taxable","13":"purchasable","14":"product-type-simple"},"yoast_head":"<!-- This site is optimized with the Yoast SEO plugin v27.4 - https:\/\/yoast.com\/product\/yoast-seo-wordpress\/ -->\n<title>Add-on Gas Cylinder - m\u00e9tal - FireWare<\/title>\n<meta name=\"robots\" content=\"index, follow, max-snippet:-1, max-image-preview:large, max-video-preview:-1\" \/>\n<link rel=\"canonical\" href=\"https:\/\/www.fireware.nl\/fr\/product\/add-on-gas-cylinder-metal\/\" \/>\n<meta property=\"og:locale\" content=\"fr_FR\" \/>\n<meta property=\"og:type\" content=\"article\" \/>\n<meta property=\"og:title\" content=\"Add-on Gas Cylinder - m\u00e9tal - FireWare\" \/>\n<meta property=\"og:description\" content=\"Note : d\u00e9sormais fabriqu\u00e9 en m\u00e9tal de haute qualit\u00e9. Pi\u00e8ces jointe Vesta pour l\u2019extinction d\u2019un incendie provoqu\u00e9 par du gaz. Extinction avec de l\u2019eau. Caisson en mati\u00e8re synth\u00e9tique de 60 x 40 x 32,5 cm.\" \/>\n<meta property=\"og:url\" content=\"https:\/\/www.fireware.nl\/fr\/product\/add-on-gas-cylinder-metal\/\" \/>\n<meta property=\"og:site_name\" content=\"FireWare\" \/>\n<meta property=\"article:publisher\" content=\"https:\/\/www.facebook.com\/FireWareBV\/\" \/>\n<meta property=\"article:modified_time\" content=\"2025-01-20T09:36:36+00:00\" \/>\n<meta property=\"og:image\" content=\"https:\/\/www.fireware.nl\/wp-content\/uploads\/2019\/01\/049-027-013-Stand-alone-Gas-Cylinder-001_web.jpg\" \/>\n\t<meta property=\"og:image:width\" content=\"600\" \/>\n\t<meta property=\"og:image:height\" content=\"600\" \/>\n\t<meta property=\"og:image:type\" content=\"image\/jpeg\" \/>\n<meta name=\"twitter:card\" content=\"summary_large_image\" \/>\n<meta name=\"twitter:site\" content=\"@FireWarebv\" \/>\n<meta name=\"twitter:label1\" content=\"Dur\u00e9e de lecture estim\u00e9e\" \/>\n\t<meta name=\"twitter:data1\" content=\"1 minute\" \/>\n<script type=\"application\/ld+json\" class=\"yoast-schema-graph\">{\"@context\":\"https:\\\/\\\/schema.org\",\"@graph\":[{\"@type\":\"WebPage\",\"@id\":\"https:\\\/\\\/www.fireware.nl\\\/fr\\\/product\\\/add-on-gas-cylinder-metal\\\/\",\"url\":\"https:\\\/\\\/www.fireware.nl\\\/fr\\\/product\\\/add-on-gas-cylinder-metal\\\/\",\"name\":\"Add-on Gas Cylinder - m\u00e9tal - FireWare\",\"isPartOf\":{\"@id\":\"https:\\\/\\\/www.fireware.nl\\\/fr\\\/#website\"},\"primaryImageOfPage\":{\"@id\":\"https:\\\/\\\/www.fireware.nl\\\/fr\\\/product\\\/add-on-gas-cylinder-metal\\\/#primaryimage\"},\"image\":{\"@id\":\"https:\\\/\\\/www.fireware.nl\\\/fr\\\/product\\\/add-on-gas-cylinder-metal\\\/#primaryimage\"},\"thumbnailUrl\":\"https:\\\/\\\/www.fireware.nl\\\/wp-content\\\/uploads\\\/2019\\\/01\\\/049-027-013-Stand-alone-Gas-Cylinder-001_web.jpg\",\"datePublished\":\"2022-08-14T12:56:10+00:00\",\"dateModified\":\"2025-01-20T09:36:36+00:00\",\"breadcrumb\":{\"@id\":\"https:\\\/\\\/www.fireware.nl\\\/fr\\\/product\\\/add-on-gas-cylinder-metal\\\/#breadcrumb\"},\"inLanguage\":\"fr-FR\",\"potentialAction\":[{\"@type\":\"ReadAction\",\"target\":[\"https:\\\/\\\/www.fireware.nl\\\/fr\\\/product\\\/add-on-gas-cylinder-metal\\\/\"]}]},{\"@type\":\"ImageObject\",\"inLanguage\":\"fr-FR\",\"@id\":\"https:\\\/\\\/www.fireware.nl\\\/fr\\\/product\\\/add-on-gas-cylinder-metal\\\/#primaryimage\",\"url\":\"https:\\\/\\\/www.fireware.nl\\\/wp-content\\\/uploads\\\/2019\\\/01\\\/049-027-013-Stand-alone-Gas-Cylinder-001_web.jpg\",\"contentUrl\":\"https:\\\/\\\/www.fireware.nl\\\/wp-content\\\/uploads\\\/2019\\\/01\\\/049-027-013-Stand-alone-Gas-Cylinder-001_web.jpg\",\"width\":600,\"height\":600},{\"@type\":\"BreadcrumbList\",\"@id\":\"https:\\\/\\\/www.fireware.nl\\\/fr\\\/product\\\/add-on-gas-cylinder-metal\\\/#breadcrumb\",\"itemListElement\":[{\"@type\":\"ListItem\",\"position\":1,\"name\":\"Home\",\"item\":\"https:\\\/\\\/www.fireware.nl\\\/fr\\\/\"},{\"@type\":\"ListItem\",\"position\":2,\"name\":\"Produits\",\"item\":\"https:\\\/\\\/www.fireware.nl\\\/fr\\\/produits\\\/\"},{\"@type\":\"ListItem\",\"position\":3,\"name\":\"Add-on Gas Cylinder &#8211; m\u00e9tal\"}]},{\"@type\":\"WebSite\",\"@id\":\"https:\\\/\\\/www.fireware.nl\\\/fr\\\/#website\",\"url\":\"https:\\\/\\\/www.fireware.nl\\\/fr\\\/\",\"name\":\"FireWare\",\"description\":\"CREATING REALISTIC  TRAINING ENVIRONMENTS\",\"publisher\":{\"@id\":\"https:\\\/\\\/www.fireware.nl\\\/fr\\\/#organization\"},\"potentialAction\":[{\"@type\":\"SearchAction\",\"target\":{\"@type\":\"EntryPoint\",\"urlTemplate\":\"https:\\\/\\\/www.fireware.nl\\\/fr\\\/?s={search_term_string}\"},\"query-input\":{\"@type\":\"PropertyValueSpecification\",\"valueRequired\":true,\"valueName\":\"search_term_string\"}}],\"inLanguage\":\"fr-FR\"},{\"@type\":\"Organization\",\"@id\":\"https:\\\/\\\/www.fireware.nl\\\/fr\\\/#organization\",\"name\":\"FireWare\",\"url\":\"https:\\\/\\\/www.fireware.nl\\\/fr\\\/\",\"logo\":{\"@type\":\"ImageObject\",\"inLanguage\":\"fr-FR\",\"@id\":\"https:\\\/\\\/www.fireware.nl\\\/fr\\\/#\\\/schema\\\/logo\\\/image\\\/\",\"url\":\"https:\\\/\\\/www.fireware.nl\\\/wp-content\\\/uploads\\\/2018\\\/10\\\/fireware-logo.png\",\"contentUrl\":\"https:\\\/\\\/www.fireware.nl\\\/wp-content\\\/uploads\\\/2018\\\/10\\\/fireware-logo.png\",\"width\":200,\"height\":86,\"caption\":\"FireWare\"},\"image\":{\"@id\":\"https:\\\/\\\/www.fireware.nl\\\/fr\\\/#\\\/schema\\\/logo\\\/image\\\/\"},\"sameAs\":[\"https:\\\/\\\/www.facebook.com\\\/FireWareBV\\\/\",\"https:\\\/\\\/x.com\\\/FireWarebv\",\"https:\\\/\\\/www.instagram.com\\\/fireware_nl\\\/\",\"https:\\\/\\\/www.linkedin.com\\\/company\\\/3586017\\\/\",\"https:\\\/\\\/www.youtube.com\\\/user\\\/firesalesrentconsult\"]}]}<\/script>\n<!-- \/ Yoast SEO plugin. -->","yoast_head_json":{"title":"Add-on Gas Cylinder - m\u00e9tal - FireWare","robots":{"index":"index","follow":"follow","max-snippet":"max-snippet:-1","max-image-preview":"max-image-preview:large","max-video-preview":"max-video-preview:-1"},"canonical":"https:\/\/www.fireware.nl\/fr\/product\/add-on-gas-cylinder-metal\/","og_locale":"fr_FR","og_type":"article","og_title":"Add-on Gas Cylinder - m\u00e9tal - FireWare","og_description":"Note : d\u00e9sormais fabriqu\u00e9 en m\u00e9tal de haute qualit\u00e9. Pi\u00e8ces jointe Vesta pour l\u2019extinction d\u2019un incendie provoqu\u00e9 par du gaz. Extinction avec de l\u2019eau. Caisson en mati\u00e8re synth\u00e9tique de 60 x 40 x 32,5 cm.","og_url":"https:\/\/www.fireware.nl\/fr\/product\/add-on-gas-cylinder-metal\/","og_site_name":"FireWare","article_publisher":"https:\/\/www.facebook.com\/FireWareBV\/","article_modified_time":"2025-01-20T09:36:36+00:00","og_image":[{"width":600,"height":600,"url":"https:\/\/www.fireware.nl\/wp-content\/uploads\/2019\/01\/049-027-013-Stand-alone-Gas-Cylinder-001_web.jpg","type":"image\/jpeg"}],"twitter_card":"summary_large_image","twitter_site":"@FireWarebv","twitter_misc":{"Dur\u00e9e de lecture estim\u00e9e":"1 minute"},"schema":{"@context":"https:\/\/schema.org","@graph":[{"@type":"WebPage","@id":"https:\/\/www.fireware.nl\/fr\/product\/add-on-gas-cylinder-metal\/","url":"https:\/\/www.fireware.nl\/fr\/product\/add-on-gas-cylinder-metal\/","name":"Add-on Gas Cylinder - m\u00e9tal - FireWare","isPartOf":{"@id":"https:\/\/www.fireware.nl\/fr\/#website"},"primaryImageOfPage":{"@id":"https:\/\/www.fireware.nl\/fr\/product\/add-on-gas-cylinder-metal\/#primaryimage"},"image":{"@id":"https:\/\/www.fireware.nl\/fr\/product\/add-on-gas-cylinder-metal\/#primaryimage"},"thumbnailUrl":"https:\/\/www.fireware.nl\/wp-content\/uploads\/2019\/01\/049-027-013-Stand-alone-Gas-Cylinder-001_web.jpg","datePublished":"2022-08-14T12:56:10+00:00","dateModified":"2025-01-20T09:36:36+00:00","breadcrumb":{"@id":"https:\/\/www.fireware.nl\/fr\/product\/add-on-gas-cylinder-metal\/#breadcrumb"},"inLanguage":"fr-FR","potentialAction":[{"@type":"ReadAction","target":["https:\/\/www.fireware.nl\/fr\/product\/add-on-gas-cylinder-metal\/"]}]},{"@type":"ImageObject","inLanguage":"fr-FR","@id":"https:\/\/www.fireware.nl\/fr\/product\/add-on-gas-cylinder-metal\/#primaryimage","url":"https:\/\/www.fireware.nl\/wp-content\/uploads\/2019\/01\/049-027-013-Stand-alone-Gas-Cylinder-001_web.jpg","contentUrl":"https:\/\/www.fireware.nl\/wp-content\/uploads\/2019\/01\/049-027-013-Stand-alone-Gas-Cylinder-001_web.jpg","width":600,"height":600},{"@type":"BreadcrumbList","@id":"https:\/\/www.fireware.nl\/fr\/product\/add-on-gas-cylinder-metal\/#breadcrumb","itemListElement":[{"@type":"ListItem","position":1,"name":"Home","item":"https:\/\/www.fireware.nl\/fr\/"},{"@type":"ListItem","position":2,"name":"Produits","item":"https:\/\/www.fireware.nl\/fr\/produits\/"},{"@type":"ListItem","position":3,"name":"Add-on Gas Cylinder &#8211; m\u00e9tal"}]},{"@type":"WebSite","@id":"https:\/\/www.fireware.nl\/fr\/#website","url":"https:\/\/www.fireware.nl\/fr\/","name":"FireWare","description":"CREATING REALISTIC  TRAINING ENVIRONMENTS","publisher":{"@id":"https:\/\/www.fireware.nl\/fr\/#organization"},"potentialAction":[{"@type":"SearchAction","target":{"@type":"EntryPoint","urlTemplate":"https:\/\/www.fireware.nl\/fr\/?s={search_term_string}"},"query-input":{"@type":"PropertyValueSpecification","valueRequired":true,"valueName":"search_term_string"}}],"inLanguage":"fr-FR"},{"@type":"Organization","@id":"https:\/\/www.fireware.nl\/fr\/#organization","name":"FireWare","url":"https:\/\/www.fireware.nl\/fr\/","logo":{"@type":"ImageObject","inLanguage":"fr-FR","@id":"https:\/\/www.fireware.nl\/fr\/#\/schema\/logo\/image\/","url":"https:\/\/www.fireware.nl\/wp-content\/uploads\/2018\/10\/fireware-logo.png","contentUrl":"https:\/\/www.fireware.nl\/wp-content\/uploads\/2018\/10\/fireware-logo.png","width":200,"height":86,"caption":"FireWare"},"image":{"@id":"https:\/\/www.fireware.nl\/fr\/#\/schema\/logo\/image\/"},"sameAs":["https:\/\/www.facebook.com\/FireWareBV\/","https:\/\/x.com\/FireWarebv","https:\/\/www.instagram.com\/fireware_nl\/","https:\/\/www.linkedin.com\/company\/3586017\/","https:\/\/www.youtube.com\/user\/firesalesrentconsult"]}]}},"publishpress_future_workflow_manual_trigger":{"enabledWorkflows":[]},"_links":{"self":[{"href":"https:\/\/www.fireware.nl\/fr\/wp-json\/wp\/v2\/product\/76549","targetHints":{"allow":["GET"]}}],"collection":[{"href":"https:\/\/www.fireware.nl\/fr\/wp-json\/wp\/v2\/product"}],"about":[{"href":"https:\/\/www.fireware.nl\/fr\/wp-json\/wp\/v2\/types\/product"}],"wp:featuredmedia":[{"embeddable":true,"href":"https:\/\/www.fireware.nl\/fr\/wp-json\/wp\/v2\/media\/76501"}],"wp:attachment":[{"href":"https:\/\/www.fireware.nl\/fr\/wp-json\/wp\/v2\/media?parent=76549"}],"wp:term":[{"taxonomy":"product_brand","embeddable":true,"href":"https:\/\/www.fireware.nl\/fr\/wp-json\/wp\/v2\/product_brand?post=76549"},{"taxonomy":"product_cat","embeddable":true,"href":"https:\/\/www.fireware.nl\/fr\/wp-json\/wp\/v2\/product_cat?post=76549"},{"taxonomy":"product_tag","embeddable":true,"href":"https:\/\/www.fireware.nl\/fr\/wp-json\/wp\/v2\/product_tag?post=76549"}],"curies":[{"name":"wp","href":"https:\/\/api.w.org\/{rel}","templated":true}]}}