
{"id":75703,"date":"2022-07-14T15:22:40","date_gmt":"2022-07-14T15:22:40","guid":{"rendered":"https:\/\/www.fireware.nl\/product\/formation-a-lentretien-et-a-la-reparation-des-equipements-dexercice\/"},"modified":"2022-07-14T15:22:40","modified_gmt":"2022-07-14T15:22:40","slug":"formation-a-lentretien-et-a-la-reparation-des-equipements-dexercice","status":"publish","type":"product","link":"https:\/\/www.fireware.nl\/fr\/product\/formation-a-lentretien-et-a-la-reparation-des-equipements-dexercice\/","title":{"rendered":"Formation \u00e0 l\u2019entretien et \u00e0 la r\u00e9paration des \u00e9quipements d\u2019exercice"},"content":{"rendered":"<h2>R\u00e9parer et entretenir soi-m\u00eame les \u00e9quipements d&#8217;exercice<\/h2>\n<p>Les \u00e9quipements d\u2019exercice apportent une contribution importante aux comp\u00e9tences professionnelles et \u00e0 la capacit\u00e9 de d\u00e9ploiement des \u00e9quipes d\u2019urgence. Il est donc de la plus haute importance de maintenir ces \u00e9quipements en bon \u00e9tat de fonctionnement. Cela exige un effort conjoint du fournisseur et de l\u2019utilisateur. C\u2019est pourquoi FireWare propose des sessions de formation aux techniciens qui entretiennent et r\u00e9parent les \u00e9quipements d\u2019exercice. En effet, le temps de r\u00e9paration sur place d\u2019un \u00e9quipement d\u2019exercice est souvent plus court que celui n\u00e9cessaire pour le pr\u00e9parer \u00e0 l\u2019exp\u00e9dition. En r\u00e9parant et en entretenant vous-m\u00eame ces appareils, vous \u00e9vitez de nombreux transports inutiles. Ces r\u00e9parations en interne sont bonnes pour l\u2019environnement et r\u00e9duisent \u00e9norm\u00e9ment les temps d\u2019arr\u00eat des \u00e9quipements de formation, c\u2019est-\u00e0-dire la dur\u00e9e pendant laquelle ces dispositifs sont inutilisables. Tout le monde y est gagnant\u00a0!<\/p>\n<h2>Apprendre les uns des autres et les uns avec les autres<\/h2>\n<p>En plus de l\u2019apport technique, ces formations ciblent \u00e9galement la coop\u00e9ration avec l\u2019\u00e9quipe FireWare. Comment g\u00e9rer les pi\u00e8ces de rechange, les garanties et les r\u00e9parations plus difficiles\u00a0? Quelles \u00e9volutions ont \u00e9t\u00e9 observ\u00e9es\u00a0? Avez-vous rep\u00e9r\u00e9 un domaine o\u00f9 le mat\u00e9riel tombe plus souvent en panne, ou un \u00e9quipement qui pr\u00e9sente fr\u00e9quemment le m\u00eame d\u00e9faut\u00a0? Que pouvons-nous apprendre les uns des autres dans ce domaine et comment pouvons-nous nous am\u00e9liorer mutuellement\u00a0? C\u2019est ainsi que nous concr\u00e9tisons nos valeurs fondamentales\u00a0!<\/p>\n<h2>Formation sur mesure<\/h2>\n<p>Ces sessions de formation sont destin\u00e9es aux techniciens qui interviennent professionnellement dans l\u2019entretien et la r\u00e9paration des \u00e9quipements d\u2019exercice FireWare plusieurs fois par semaine.\u00a0 Il s\u2019agit notamment des techniciens des r\u00e9gions de s\u00e9curit\u00e9 civile, de la d\u00e9fense et des grands centres de formation. La formation peut \u00eatre dispens\u00e9e chez FireWare et les sessions sont con\u00e7ues sur mesure.<\/p>\n<p>Leur contenu d\u00e9pend du nombre et du type d\u2019\u00e9quipements d\u2019exercice abord\u00e9s pendant la formation, de l&#8217;effectif des participants et de l\u2019approfondissement souhait\u00e9. Si vous \u00eates \u00e9galement int\u00e9ress\u00e9 par une formation en entretien et r\u00e9paration, contactez-nous pour une offre personnalis\u00e9e\u00a0!<\/p>\n","protected":false},"excerpt":{"rendered":"<ul>\n<li>Apprenez \u00e0 r\u00e9parer et \u00e0 entretenir vous-m\u00eame les \u00e9quipements d&#8217;exercice FireWare de mani\u00e8re efficace et effective ;<\/li>\n<li>Pour les techniciens qui s&#8217;occupent r\u00e9guli\u00e8rement de la maintenance et de la r\u00e9paration des mat\u00e9riels d&#8217;exercice FireWare ;<\/li>\n<li>\u00c9viter les mouvements d&#8217;exp\u00e9dition inutiles ;<\/li>\n<li>Am\u00e9liorez la pr\u00e9paration au d\u00e9ploiement de votre \u00e9quipement d&#8217;exercice ;<\/li>\n<li>La formation sera con\u00e7ue sur mesure.<\/li>\n<\/ul>\n","protected":false},"featured_media":75700,"template":"","meta":[],"product_brand":[],"product_cat":[3064],"product_tag":[],"class_list":{"0":"post-75703","1":"product","2":"type-product","3":"status-publish","4":"has-post-thumbnail","6":"product_cat-cours-et-formation","8":"first","9":"instock","10":"taxable","11":"shipping-taxable","12":"product-type-simple"},"yoast_head":"<!-- This site is optimized with the Yoast SEO plugin v27.2 - https:\/\/yoast.com\/product\/yoast-seo-wordpress\/ -->\n<title>Formation \u00e0 l\u2019entretien et \u00e0 la r\u00e9paration des \u00e9quipements d\u2019exercice - FireWare<\/title>\n<meta name=\"robots\" content=\"index, follow, max-snippet:-1, max-image-preview:large, max-video-preview:-1\" \/>\n<link rel=\"canonical\" href=\"https:\/\/www.fireware.nl\/fr\/product\/formation-a-lentretien-et-a-la-reparation-des-equipements-dexercice\/\" \/>\n<meta property=\"og:locale\" content=\"fr_FR\" \/>\n<meta property=\"og:type\" content=\"article\" \/>\n<meta property=\"og:title\" content=\"Formation \u00e0 l\u2019entretien et \u00e0 la r\u00e9paration des \u00e9quipements d\u2019exercice - FireWare\" \/>\n<meta property=\"og:description\" content=\"Apprenez \u00e0 r\u00e9parer et \u00e0 entretenir vous-m\u00eame les \u00e9quipements d&#039;exercice FireWare de mani\u00e8re efficace et effective ;  Pour les techniciens qui s&#039;occupent r\u00e9guli\u00e8rement de la maintenance et de la r\u00e9paration des mat\u00e9riels d&#039;exercice FireWare ;  \u00c9viter les mouvements d&#039;exp\u00e9dition inutiles ;  Am\u00e9liorez la pr\u00e9paration au d\u00e9ploiement de votre \u00e9quipement d&#039;exercice ;  La formation sera con\u00e7ue sur mesure.\" \/>\n<meta property=\"og:url\" content=\"https:\/\/www.fireware.nl\/fr\/product\/formation-a-lentretien-et-a-la-reparation-des-equipements-dexercice\/\" \/>\n<meta property=\"og:site_name\" content=\"FireWare\" \/>\n<meta property=\"article:publisher\" content=\"https:\/\/www.facebook.com\/FireWareBV\/\" \/>\n<meta property=\"og:image\" content=\"https:\/\/www.fireware.nl\/wp-content\/uploads\/2022\/11\/058-030-050-Cursus-onderhoud-en-reparatie-oefenmateriaal.jpg\" \/>\n\t<meta property=\"og:image:width\" content=\"800\" \/>\n\t<meta property=\"og:image:height\" content=\"800\" \/>\n\t<meta property=\"og:image:type\" content=\"image\/jpeg\" \/>\n<meta name=\"twitter:card\" content=\"summary_large_image\" \/>\n<meta name=\"twitter:site\" content=\"@FireWarebv\" \/>\n<meta name=\"twitter:label1\" content=\"Dur\u00e9e de lecture estim\u00e9e\" \/>\n\t<meta name=\"twitter:data1\" content=\"2 minutes\" \/>\n<script type=\"application\/ld+json\" class=\"yoast-schema-graph\">{\"@context\":\"https:\/\/schema.org\",\"@graph\":[{\"@type\":\"WebPage\",\"@id\":\"https:\/\/www.fireware.nl\/fr\/product\/formation-a-lentretien-et-a-la-reparation-des-equipements-dexercice\/\",\"url\":\"https:\/\/www.fireware.nl\/fr\/product\/formation-a-lentretien-et-a-la-reparation-des-equipements-dexercice\/\",\"name\":\"Formation \u00e0 l\u2019entretien et \u00e0 la r\u00e9paration des \u00e9quipements d\u2019exercice - FireWare\",\"isPartOf\":{\"@id\":\"https:\/\/www.fireware.nl\/fr\/#website\"},\"primaryImageOfPage\":{\"@id\":\"https:\/\/www.fireware.nl\/fr\/product\/formation-a-lentretien-et-a-la-reparation-des-equipements-dexercice\/#primaryimage\"},\"image\":{\"@id\":\"https:\/\/www.fireware.nl\/fr\/product\/formation-a-lentretien-et-a-la-reparation-des-equipements-dexercice\/#primaryimage\"},\"thumbnailUrl\":\"https:\/\/www.fireware.nl\/wp-content\/uploads\/2022\/11\/058-030-050-Cursus-onderhoud-en-reparatie-oefenmateriaal.jpg\",\"datePublished\":\"2022-07-14T15:22:40+00:00\",\"breadcrumb\":{\"@id\":\"https:\/\/www.fireware.nl\/fr\/product\/formation-a-lentretien-et-a-la-reparation-des-equipements-dexercice\/#breadcrumb\"},\"inLanguage\":\"fr-FR\",\"potentialAction\":[{\"@type\":\"ReadAction\",\"target\":[\"https:\/\/www.fireware.nl\/fr\/product\/formation-a-lentretien-et-a-la-reparation-des-equipements-dexercice\/\"]}]},{\"@type\":\"ImageObject\",\"inLanguage\":\"fr-FR\",\"@id\":\"https:\/\/www.fireware.nl\/fr\/product\/formation-a-lentretien-et-a-la-reparation-des-equipements-dexercice\/#primaryimage\",\"url\":\"https:\/\/www.fireware.nl\/wp-content\/uploads\/2022\/11\/058-030-050-Cursus-onderhoud-en-reparatie-oefenmateriaal.jpg\",\"contentUrl\":\"https:\/\/www.fireware.nl\/wp-content\/uploads\/2022\/11\/058-030-050-Cursus-onderhoud-en-reparatie-oefenmateriaal.jpg\",\"width\":800,\"height\":800},{\"@type\":\"BreadcrumbList\",\"@id\":\"https:\/\/www.fireware.nl\/fr\/product\/formation-a-lentretien-et-a-la-reparation-des-equipements-dexercice\/#breadcrumb\",\"itemListElement\":[{\"@type\":\"ListItem\",\"position\":1,\"name\":\"Home\",\"item\":\"https:\/\/www.fireware.nl\/fr\/\"},{\"@type\":\"ListItem\",\"position\":2,\"name\":\"Produits\",\"item\":\"https:\/\/www.fireware.nl\/fr\/produits\/\"},{\"@type\":\"ListItem\",\"position\":3,\"name\":\"Formation \u00e0 l\u2019entretien et \u00e0 la r\u00e9paration des \u00e9quipements d\u2019exercice\"}]},{\"@type\":\"WebSite\",\"@id\":\"https:\/\/www.fireware.nl\/fr\/#website\",\"url\":\"https:\/\/www.fireware.nl\/fr\/\",\"name\":\"FireWare\",\"description\":\"CREATING REALISTIC  TRAINING ENVIRONMENTS\",\"publisher\":{\"@id\":\"https:\/\/www.fireware.nl\/fr\/#organization\"},\"potentialAction\":[{\"@type\":\"SearchAction\",\"target\":{\"@type\":\"EntryPoint\",\"urlTemplate\":\"https:\/\/www.fireware.nl\/fr\/?s={search_term_string}\"},\"query-input\":{\"@type\":\"PropertyValueSpecification\",\"valueRequired\":true,\"valueName\":\"search_term_string\"}}],\"inLanguage\":\"fr-FR\"},{\"@type\":\"Organization\",\"@id\":\"https:\/\/www.fireware.nl\/fr\/#organization\",\"name\":\"FireWare\",\"url\":\"https:\/\/www.fireware.nl\/fr\/\",\"logo\":{\"@type\":\"ImageObject\",\"inLanguage\":\"fr-FR\",\"@id\":\"https:\/\/www.fireware.nl\/fr\/#\/schema\/logo\/image\/\",\"url\":\"https:\/\/www.fireware.nl\/wp-content\/uploads\/2018\/10\/fireware-logo.png\",\"contentUrl\":\"https:\/\/www.fireware.nl\/wp-content\/uploads\/2018\/10\/fireware-logo.png\",\"width\":200,\"height\":86,\"caption\":\"FireWare\"},\"image\":{\"@id\":\"https:\/\/www.fireware.nl\/fr\/#\/schema\/logo\/image\/\"},\"sameAs\":[\"https:\/\/www.facebook.com\/FireWareBV\/\",\"https:\/\/x.com\/FireWarebv\",\"https:\/\/www.instagram.com\/fireware_nl\/\",\"https:\/\/www.linkedin.com\/company\/3586017\/\",\"https:\/\/www.youtube.com\/user\/firesalesrentconsult\"]}]}<\/script>\n<!-- \/ Yoast SEO plugin. -->","yoast_head_json":{"title":"Formation \u00e0 l\u2019entretien et \u00e0 la r\u00e9paration des \u00e9quipements d\u2019exercice - FireWare","robots":{"index":"index","follow":"follow","max-snippet":"max-snippet:-1","max-image-preview":"max-image-preview:large","max-video-preview":"max-video-preview:-1"},"canonical":"https:\/\/www.fireware.nl\/fr\/product\/formation-a-lentretien-et-a-la-reparation-des-equipements-dexercice\/","og_locale":"fr_FR","og_type":"article","og_title":"Formation \u00e0 l\u2019entretien et \u00e0 la r\u00e9paration des \u00e9quipements d\u2019exercice - FireWare","og_description":"Apprenez \u00e0 r\u00e9parer et \u00e0 entretenir vous-m\u00eame les \u00e9quipements d'exercice FireWare de mani\u00e8re efficace et effective ;  Pour les techniciens qui s'occupent r\u00e9guli\u00e8rement de la maintenance et de la r\u00e9paration des mat\u00e9riels d'exercice FireWare ;  \u00c9viter les mouvements d'exp\u00e9dition inutiles ;  Am\u00e9liorez la pr\u00e9paration au d\u00e9ploiement de votre \u00e9quipement d'exercice ;  La formation sera con\u00e7ue sur mesure.","og_url":"https:\/\/www.fireware.nl\/fr\/product\/formation-a-lentretien-et-a-la-reparation-des-equipements-dexercice\/","og_site_name":"FireWare","article_publisher":"https:\/\/www.facebook.com\/FireWareBV\/","og_image":[{"width":800,"height":800,"url":"https:\/\/www.fireware.nl\/wp-content\/uploads\/2022\/11\/058-030-050-Cursus-onderhoud-en-reparatie-oefenmateriaal.jpg","type":"image\/jpeg"}],"twitter_card":"summary_large_image","twitter_site":"@FireWarebv","twitter_misc":{"Dur\u00e9e de lecture estim\u00e9e":"2 minutes"},"schema":{"@context":"https:\/\/schema.org","@graph":[{"@type":"WebPage","@id":"https:\/\/www.fireware.nl\/fr\/product\/formation-a-lentretien-et-a-la-reparation-des-equipements-dexercice\/","url":"https:\/\/www.fireware.nl\/fr\/product\/formation-a-lentretien-et-a-la-reparation-des-equipements-dexercice\/","name":"Formation \u00e0 l\u2019entretien et \u00e0 la r\u00e9paration des \u00e9quipements d\u2019exercice - FireWare","isPartOf":{"@id":"https:\/\/www.fireware.nl\/fr\/#website"},"primaryImageOfPage":{"@id":"https:\/\/www.fireware.nl\/fr\/product\/formation-a-lentretien-et-a-la-reparation-des-equipements-dexercice\/#primaryimage"},"image":{"@id":"https:\/\/www.fireware.nl\/fr\/product\/formation-a-lentretien-et-a-la-reparation-des-equipements-dexercice\/#primaryimage"},"thumbnailUrl":"https:\/\/www.fireware.nl\/wp-content\/uploads\/2022\/11\/058-030-050-Cursus-onderhoud-en-reparatie-oefenmateriaal.jpg","datePublished":"2022-07-14T15:22:40+00:00","breadcrumb":{"@id":"https:\/\/www.fireware.nl\/fr\/product\/formation-a-lentretien-et-a-la-reparation-des-equipements-dexercice\/#breadcrumb"},"inLanguage":"fr-FR","potentialAction":[{"@type":"ReadAction","target":["https:\/\/www.fireware.nl\/fr\/product\/formation-a-lentretien-et-a-la-reparation-des-equipements-dexercice\/"]}]},{"@type":"ImageObject","inLanguage":"fr-FR","@id":"https:\/\/www.fireware.nl\/fr\/product\/formation-a-lentretien-et-a-la-reparation-des-equipements-dexercice\/#primaryimage","url":"https:\/\/www.fireware.nl\/wp-content\/uploads\/2022\/11\/058-030-050-Cursus-onderhoud-en-reparatie-oefenmateriaal.jpg","contentUrl":"https:\/\/www.fireware.nl\/wp-content\/uploads\/2022\/11\/058-030-050-Cursus-onderhoud-en-reparatie-oefenmateriaal.jpg","width":800,"height":800},{"@type":"BreadcrumbList","@id":"https:\/\/www.fireware.nl\/fr\/product\/formation-a-lentretien-et-a-la-reparation-des-equipements-dexercice\/#breadcrumb","itemListElement":[{"@type":"ListItem","position":1,"name":"Home","item":"https:\/\/www.fireware.nl\/fr\/"},{"@type":"ListItem","position":2,"name":"Produits","item":"https:\/\/www.fireware.nl\/fr\/produits\/"},{"@type":"ListItem","position":3,"name":"Formation \u00e0 l\u2019entretien et \u00e0 la r\u00e9paration des \u00e9quipements d\u2019exercice"}]},{"@type":"WebSite","@id":"https:\/\/www.fireware.nl\/fr\/#website","url":"https:\/\/www.fireware.nl\/fr\/","name":"FireWare","description":"CREATING REALISTIC  TRAINING ENVIRONMENTS","publisher":{"@id":"https:\/\/www.fireware.nl\/fr\/#organization"},"potentialAction":[{"@type":"SearchAction","target":{"@type":"EntryPoint","urlTemplate":"https:\/\/www.fireware.nl\/fr\/?s={search_term_string}"},"query-input":{"@type":"PropertyValueSpecification","valueRequired":true,"valueName":"search_term_string"}}],"inLanguage":"fr-FR"},{"@type":"Organization","@id":"https:\/\/www.fireware.nl\/fr\/#organization","name":"FireWare","url":"https:\/\/www.fireware.nl\/fr\/","logo":{"@type":"ImageObject","inLanguage":"fr-FR","@id":"https:\/\/www.fireware.nl\/fr\/#\/schema\/logo\/image\/","url":"https:\/\/www.fireware.nl\/wp-content\/uploads\/2018\/10\/fireware-logo.png","contentUrl":"https:\/\/www.fireware.nl\/wp-content\/uploads\/2018\/10\/fireware-logo.png","width":200,"height":86,"caption":"FireWare"},"image":{"@id":"https:\/\/www.fireware.nl\/fr\/#\/schema\/logo\/image\/"},"sameAs":["https:\/\/www.facebook.com\/FireWareBV\/","https:\/\/x.com\/FireWarebv","https:\/\/www.instagram.com\/fireware_nl\/","https:\/\/www.linkedin.com\/company\/3586017\/","https:\/\/www.youtube.com\/user\/firesalesrentconsult"]}]}},"publishpress_future_workflow_manual_trigger":{"enabledWorkflows":[]},"_links":{"self":[{"href":"https:\/\/www.fireware.nl\/fr\/wp-json\/wp\/v2\/product\/75703","targetHints":{"allow":["GET"]}}],"collection":[{"href":"https:\/\/www.fireware.nl\/fr\/wp-json\/wp\/v2\/product"}],"about":[{"href":"https:\/\/www.fireware.nl\/fr\/wp-json\/wp\/v2\/types\/product"}],"wp:featuredmedia":[{"embeddable":true,"href":"https:\/\/www.fireware.nl\/fr\/wp-json\/wp\/v2\/media\/75700"}],"wp:attachment":[{"href":"https:\/\/www.fireware.nl\/fr\/wp-json\/wp\/v2\/media?parent=75703"}],"wp:term":[{"taxonomy":"product_brand","embeddable":true,"href":"https:\/\/www.fireware.nl\/fr\/wp-json\/wp\/v2\/product_brand?post=75703"},{"taxonomy":"product_cat","embeddable":true,"href":"https:\/\/www.fireware.nl\/fr\/wp-json\/wp\/v2\/product_cat?post=75703"},{"taxonomy":"product_tag","embeddable":true,"href":"https:\/\/www.fireware.nl\/fr\/wp-json\/wp\/v2\/product_tag?post=75703"}],"curies":[{"name":"wp","href":"https:\/\/api.w.org\/{rel}","templated":true}]}}