
{"id":73601,"date":"2022-04-11T14:58:29","date_gmt":"2022-04-11T14:58:29","guid":{"rendered":"https:\/\/www.fireware.nl\/product\/formation-de-perfection-mise-en-scene-sur-place-16-personnes\/"},"modified":"2025-05-19T13:13:20","modified_gmt":"2025-05-19T13:13:20","slug":"formation-de-perfection-mise-en-scene-sur-place-16-personnes","status":"publish","type":"product","link":"https:\/\/www.fireware.nl\/fr\/product\/formation-de-perfection-mise-en-scene-ii-sur-place-16-personnes\/","title":{"rendered":"Formation de perfection mise en scene II sur place \u2013 16 personnes"},"content":{"rendered":"\n\n\t<h2>D\u00e9veloppez vos connaissances en mati\u00e8re de mise en sc\u00e8ne<\/h2>\n<p>En tant que professionnel, vous continuez toujours \u00e0 apprendre. Vous avez suivi notre formation de base et vous souhaitez approfondir vos connaissances ? La formation de perfectionnement Mise en sc\u00e8ne II vous offre l&#8217;opportunit\u00e9 d&#8217;approfondir vos connaissances en mati\u00e8re de simulation.<\/p>\n<p>Apr\u00e8s avoir compl\u00e9t\u00e9 la formation de base, une p\u00e9riode de 6 mois est recommend\u00e9e pour se familiariser avec les techniques de base avant de continuer avec la formation de perfection II.<\/p>\n<p><strong>Entre autres choses, nous travaillons avec :<\/strong><\/p>\n<ul>\n<li>Rafra\u00eechir bri\u00e8vement les connaissances th\u00e9oriques de la formation de base I ;<\/li>\n<li>Simuler des signaux FCTF complexes au moyen d&#8217;une machine \u00e0 fum\u00e9e ;<\/li>\n<li>Apprendre les 4 techniques de simulation de flammes II : grands incendies ;<\/li>\n<li>Mettre en sc\u00e8ne des incidents impliquant des substances dangereuses II : simulation avec des objets de la maison, du jardin et de la cuisine ;<\/li>\n<li>Faire des exercices avec des victimes et des mannequins ;<\/li>\n<li>Simuler des situations de mani\u00e8re interactive et dynamique ;<\/li>\n<li>Agir sous la contrainte du temps : une excellente pr\u00e9paration.<\/li>\n<\/ul>\n<h2>Impression<\/h2>\n\t<iframe width=\"560\" height=\"315\" src=https:\/\/www.youtube.com\/embed\/IXKsbToe2bA?hl=en&#038;cc_lang_pref=en&#038;rel=0&#038;cc_load_policy=1 frameborder=\"0\" allow=\"accelerometer; autoplay; clipboard-write; encrypted-media; gyroscope; picture-in-picture\" allowfullscreen><\/iframe>\n\t<h2>Sur place<\/h2>\n<p>Bien entendu, votre groupe est le bienvenu dans notre centre de formation \u00e0 Wieringerwerf. Mais nous comprenons qu&#8217;une formation sur votre propre site est plus pratique. Il peut s&#8217;agir d&#8217;un \u00e9tablissement de soins ou d&#8217;une caserne de pompiers, par exemple. Nous travaillons autant que possible avec votre propre mat\u00e9riel d&#8217;entra\u00eenement. De plus, nous apportons gratuitement du mat\u00e9riel de mise en sc\u00e8ne suppl\u00e9mentaire, afin que plusieurs personnes puissent travailler sur les missions en m\u00eame temps. Tr\u00e8s instructif !<\/p>\n<p>La formation est dispens\u00e9e sur une journ\u00e9e. Celle-ci peut \u00e9galement se d\u00e9rouler le week-end. Gr\u00e2ce \u00e0 cette flexibilit\u00e9, il y a toujours un moment appropri\u00e9 pour former vos st\u00e9nographes ! En consultation, il est \u00e9galement possible de r\u00e9partir la formation sur 2 soir\u00e9es. Actuellement, nous ne proposons cette option qu&#8217;aux Pays-Bas. Le prix de base d&#8217;une formation de st\u00e9nographe aux Pays-Bas comprend les frais de d\u00e9placement et d&#8217;h\u00e9bergement des instructeurs. Pour les formations \u00e0 l&#8217;\u00e9tranger, nous travaillons sur la base d&#8217;un suppl\u00e9ment.<\/p>\n<h2>Pour seize personnes<\/h2>\n<p>Sur cette page, vous pouvez r\u00e9server la formation de perfection mise en scene II pour un groupe de seize personnes au maximum. Les dates de la formation seront alors d\u00e9termin\u00e9es en concertation. Nous utilisons deux instructeurs, de sorte que chaque participant b\u00e9n\u00e9ficie d&#8217;une attention maximale. Votre groupe est plus petit et vous souhaitez participer avec un maximum de 8 personnes ? Alors cliquez plus loin sur <a href=\"https:\/\/www.fireware.nl\/fr\/product\/formation-de-perfection-mise-en-scene-ii-sur-place-8-personnes\/\" target=\"_blank\" rel=\"noopener\">cette page<\/a>. Vous pouvez \u00e9galement participer en tant\u00a0<a href=\"https:\/\/www.fireware.nl\/fr\/product\/formation-mise-en-scene-chez-fireware-inscription-individuelle\/\" target=\"_blank\" rel=\"noopener\">qu&#8217;individu<\/a>. Consultez l&#8217;agenda des formations sur notre site web pour conna\u00eetre les dates d&#8217;inscription (ouvertes).<\/p>\n\n","protected":false},"excerpt":{"rendered":"<ul class=\"green\">\n<li>La formation id\u00e9ale apr\u00e8s avoir compl\u00e9t\u00e9 la\u00a0<a href=\"https:\/\/www.fireware.nl\/fr\/product\/formation-de-base-mise-en-scene-i-sur-place-16-personnes\/\" target=\"_blank\" rel=\"noopener\">formation de base I<\/a>;<\/li>\n<li>Destin\u00e9e \u00e0 tous ceux qui souhaitent acqu\u00e9rir des conseils, trucs et techniques suppl\u00e9mentaires \u00e9tay\u00e9s par de nombreux exemples pratiques;<\/li>\n<li>Pour les groupes de 8 \u00e0 16 personnes maximum ;<\/li>\n<li>L\u2019inscription de\u00a0<a href=\"https:\/\/www.fireware.nl\/fr\/product\/formation-de-perfection-mise-en-scene-ii-sur-place-8-personnes\/\" target=\"_blank\" rel=\"noopener\">petits groupes<\/a>\u00a0et\u00a0<a href=\"https:\/\/www.fireware.nl\/fr\/product\/formation-mise-en-scene-chez-fireware-inscription-individuelle\/\" target=\"_blank\" rel=\"noopener\">l\u2019inscription individuelle<\/a>\u00a0sont \u00e9galement possibles.<\/li>\n<\/ul>\n","protected":false},"featured_media":73548,"template":"","meta":[],"product_brand":[],"product_cat":[3064],"product_tag":[],"class_list":{"0":"post-73601","1":"product","2":"type-product","3":"status-publish","4":"has-post-thumbnail","6":"product_cat-cours-et-formation","7":"pa_optie-deux-soirs-de-semaine-aux-pays-bas","8":"pa_optie-un-jour-de-semaine","9":"pa_optie-un-samedi","11":"first","12":"instock","13":"taxable","14":"shipping-taxable","15":"purchasable","16":"product-type-variable"},"yoast_head":"<!-- This site is optimized with the Yoast SEO plugin v27.2 - https:\/\/yoast.com\/product\/yoast-seo-wordpress\/ -->\n<title>Formation de perfection mise en scene II sur place \u2013 16 personnes - FireWare<\/title>\n<meta name=\"robots\" content=\"index, follow, max-snippet:-1, max-image-preview:large, max-video-preview:-1\" \/>\n<link rel=\"canonical\" href=\"https:\/\/www.fireware.nl\/fr\/product\/formation-de-perfection-mise-en-scene-ii-sur-place-16-personnes\/\" \/>\n<meta property=\"og:locale\" content=\"fr_FR\" \/>\n<meta property=\"og:type\" content=\"article\" \/>\n<meta property=\"og:title\" content=\"Formation de perfection mise en scene II sur place \u2013 16 personnes - FireWare\" \/>\n<meta property=\"og:description\" content=\"La formation id\u00e9ale apr\u00e8s avoir compl\u00e9t\u00e9 la\u00a0formation de base I;  Destin\u00e9e \u00e0 tous ceux qui souhaitent acqu\u00e9rir des conseils, trucs et techniques suppl\u00e9mentaires \u00e9tay\u00e9s par de nombreux exemples pratiques;  Pour les groupes de 8 \u00e0 16 personnes maximum ;  L\u2019inscription de\u00a0petits groupes\u00a0et\u00a0l\u2019inscription individuelle\u00a0sont \u00e9galement possibles.\" \/>\n<meta property=\"og:url\" content=\"https:\/\/www.fireware.nl\/fr\/product\/formation-de-perfection-mise-en-scene-ii-sur-place-16-personnes\/\" \/>\n<meta property=\"og:site_name\" content=\"FireWare\" \/>\n<meta property=\"article:publisher\" content=\"https:\/\/www.facebook.com\/FireWareBV\/\" \/>\n<meta property=\"article:modified_time\" content=\"2025-05-19T13:13:20+00:00\" \/>\n<meta property=\"og:image\" content=\"https:\/\/www.fireware.nl\/wp-content\/uploads\/2022\/07\/Vervolgtraining-Ensceneren-II-op-locatie-16-personen.jpg\" \/>\n\t<meta property=\"og:image:width\" content=\"800\" \/>\n\t<meta property=\"og:image:height\" content=\"800\" \/>\n\t<meta property=\"og:image:type\" content=\"image\/jpeg\" \/>\n<meta name=\"twitter:card\" content=\"summary_large_image\" \/>\n<meta name=\"twitter:site\" content=\"@FireWarebv\" \/>\n<meta name=\"twitter:label1\" content=\"Dur\u00e9e de lecture estim\u00e9e\" \/>\n\t<meta name=\"twitter:data1\" content=\"2 minutes\" \/>\n<script type=\"application\/ld+json\" class=\"yoast-schema-graph\">{\"@context\":\"https:\/\/schema.org\",\"@graph\":[{\"@type\":\"WebPage\",\"@id\":\"https:\/\/www.fireware.nl\/fr\/product\/formation-de-perfection-mise-en-scene-ii-sur-place-16-personnes\/\",\"url\":\"https:\/\/www.fireware.nl\/fr\/product\/formation-de-perfection-mise-en-scene-ii-sur-place-16-personnes\/\",\"name\":\"Formation de perfection mise en scene II sur place \u2013 16 personnes - FireWare\",\"isPartOf\":{\"@id\":\"https:\/\/www.fireware.nl\/fr\/#website\"},\"primaryImageOfPage\":{\"@id\":\"https:\/\/www.fireware.nl\/fr\/product\/formation-de-perfection-mise-en-scene-ii-sur-place-16-personnes\/#primaryimage\"},\"image\":{\"@id\":\"https:\/\/www.fireware.nl\/fr\/product\/formation-de-perfection-mise-en-scene-ii-sur-place-16-personnes\/#primaryimage\"},\"thumbnailUrl\":\"https:\/\/www.fireware.nl\/wp-content\/uploads\/2022\/07\/Vervolgtraining-Ensceneren-II-op-locatie-16-personen.jpg\",\"datePublished\":\"2022-04-11T14:58:29+00:00\",\"dateModified\":\"2025-05-19T13:13:20+00:00\",\"breadcrumb\":{\"@id\":\"https:\/\/www.fireware.nl\/fr\/product\/formation-de-perfection-mise-en-scene-ii-sur-place-16-personnes\/#breadcrumb\"},\"inLanguage\":\"fr-FR\",\"potentialAction\":[{\"@type\":\"ReadAction\",\"target\":[\"https:\/\/www.fireware.nl\/fr\/product\/formation-de-perfection-mise-en-scene-ii-sur-place-16-personnes\/\"]}]},{\"@type\":\"ImageObject\",\"inLanguage\":\"fr-FR\",\"@id\":\"https:\/\/www.fireware.nl\/fr\/product\/formation-de-perfection-mise-en-scene-ii-sur-place-16-personnes\/#primaryimage\",\"url\":\"https:\/\/www.fireware.nl\/wp-content\/uploads\/2022\/07\/Vervolgtraining-Ensceneren-II-op-locatie-16-personen.jpg\",\"contentUrl\":\"https:\/\/www.fireware.nl\/wp-content\/uploads\/2022\/07\/Vervolgtraining-Ensceneren-II-op-locatie-16-personen.jpg\",\"width\":800,\"height\":800},{\"@type\":\"BreadcrumbList\",\"@id\":\"https:\/\/www.fireware.nl\/fr\/product\/formation-de-perfection-mise-en-scene-ii-sur-place-16-personnes\/#breadcrumb\",\"itemListElement\":[{\"@type\":\"ListItem\",\"position\":1,\"name\":\"Home\",\"item\":\"https:\/\/www.fireware.nl\/fr\/\"},{\"@type\":\"ListItem\",\"position\":2,\"name\":\"Produits\",\"item\":\"https:\/\/www.fireware.nl\/fr\/produits\/\"},{\"@type\":\"ListItem\",\"position\":3,\"name\":\"Formation de perfection mise en scene II sur place \u2013 16 personnes\"}]},{\"@type\":\"WebSite\",\"@id\":\"https:\/\/www.fireware.nl\/fr\/#website\",\"url\":\"https:\/\/www.fireware.nl\/fr\/\",\"name\":\"FireWare\",\"description\":\"CREATING REALISTIC  TRAINING ENVIRONMENTS\",\"publisher\":{\"@id\":\"https:\/\/www.fireware.nl\/fr\/#organization\"},\"potentialAction\":[{\"@type\":\"SearchAction\",\"target\":{\"@type\":\"EntryPoint\",\"urlTemplate\":\"https:\/\/www.fireware.nl\/fr\/?s={search_term_string}\"},\"query-input\":{\"@type\":\"PropertyValueSpecification\",\"valueRequired\":true,\"valueName\":\"search_term_string\"}}],\"inLanguage\":\"fr-FR\"},{\"@type\":\"Organization\",\"@id\":\"https:\/\/www.fireware.nl\/fr\/#organization\",\"name\":\"FireWare\",\"url\":\"https:\/\/www.fireware.nl\/fr\/\",\"logo\":{\"@type\":\"ImageObject\",\"inLanguage\":\"fr-FR\",\"@id\":\"https:\/\/www.fireware.nl\/fr\/#\/schema\/logo\/image\/\",\"url\":\"https:\/\/www.fireware.nl\/wp-content\/uploads\/2018\/10\/fireware-logo.png\",\"contentUrl\":\"https:\/\/www.fireware.nl\/wp-content\/uploads\/2018\/10\/fireware-logo.png\",\"width\":200,\"height\":86,\"caption\":\"FireWare\"},\"image\":{\"@id\":\"https:\/\/www.fireware.nl\/fr\/#\/schema\/logo\/image\/\"},\"sameAs\":[\"https:\/\/www.facebook.com\/FireWareBV\/\",\"https:\/\/x.com\/FireWarebv\",\"https:\/\/www.instagram.com\/fireware_nl\/\",\"https:\/\/www.linkedin.com\/company\/3586017\/\",\"https:\/\/www.youtube.com\/user\/firesalesrentconsult\"]}]}<\/script>\n<!-- \/ Yoast SEO plugin. -->","yoast_head_json":{"title":"Formation de perfection mise en scene II sur place \u2013 16 personnes - FireWare","robots":{"index":"index","follow":"follow","max-snippet":"max-snippet:-1","max-image-preview":"max-image-preview:large","max-video-preview":"max-video-preview:-1"},"canonical":"https:\/\/www.fireware.nl\/fr\/product\/formation-de-perfection-mise-en-scene-ii-sur-place-16-personnes\/","og_locale":"fr_FR","og_type":"article","og_title":"Formation de perfection mise en scene II sur place \u2013 16 personnes - FireWare","og_description":"La formation id\u00e9ale apr\u00e8s avoir compl\u00e9t\u00e9 la\u00a0formation de base I;  Destin\u00e9e \u00e0 tous ceux qui souhaitent acqu\u00e9rir des conseils, trucs et techniques suppl\u00e9mentaires \u00e9tay\u00e9s par de nombreux exemples pratiques;  Pour les groupes de 8 \u00e0 16 personnes maximum ;  L\u2019inscription de\u00a0petits groupes\u00a0et\u00a0l\u2019inscription individuelle\u00a0sont \u00e9galement possibles.","og_url":"https:\/\/www.fireware.nl\/fr\/product\/formation-de-perfection-mise-en-scene-ii-sur-place-16-personnes\/","og_site_name":"FireWare","article_publisher":"https:\/\/www.facebook.com\/FireWareBV\/","article_modified_time":"2025-05-19T13:13:20+00:00","og_image":[{"width":800,"height":800,"url":"https:\/\/www.fireware.nl\/wp-content\/uploads\/2022\/07\/Vervolgtraining-Ensceneren-II-op-locatie-16-personen.jpg","type":"image\/jpeg"}],"twitter_card":"summary_large_image","twitter_site":"@FireWarebv","twitter_misc":{"Dur\u00e9e de lecture estim\u00e9e":"2 minutes"},"schema":{"@context":"https:\/\/schema.org","@graph":[{"@type":"WebPage","@id":"https:\/\/www.fireware.nl\/fr\/product\/formation-de-perfection-mise-en-scene-ii-sur-place-16-personnes\/","url":"https:\/\/www.fireware.nl\/fr\/product\/formation-de-perfection-mise-en-scene-ii-sur-place-16-personnes\/","name":"Formation de perfection mise en scene II sur place \u2013 16 personnes - FireWare","isPartOf":{"@id":"https:\/\/www.fireware.nl\/fr\/#website"},"primaryImageOfPage":{"@id":"https:\/\/www.fireware.nl\/fr\/product\/formation-de-perfection-mise-en-scene-ii-sur-place-16-personnes\/#primaryimage"},"image":{"@id":"https:\/\/www.fireware.nl\/fr\/product\/formation-de-perfection-mise-en-scene-ii-sur-place-16-personnes\/#primaryimage"},"thumbnailUrl":"https:\/\/www.fireware.nl\/wp-content\/uploads\/2022\/07\/Vervolgtraining-Ensceneren-II-op-locatie-16-personen.jpg","datePublished":"2022-04-11T14:58:29+00:00","dateModified":"2025-05-19T13:13:20+00:00","breadcrumb":{"@id":"https:\/\/www.fireware.nl\/fr\/product\/formation-de-perfection-mise-en-scene-ii-sur-place-16-personnes\/#breadcrumb"},"inLanguage":"fr-FR","potentialAction":[{"@type":"ReadAction","target":["https:\/\/www.fireware.nl\/fr\/product\/formation-de-perfection-mise-en-scene-ii-sur-place-16-personnes\/"]}]},{"@type":"ImageObject","inLanguage":"fr-FR","@id":"https:\/\/www.fireware.nl\/fr\/product\/formation-de-perfection-mise-en-scene-ii-sur-place-16-personnes\/#primaryimage","url":"https:\/\/www.fireware.nl\/wp-content\/uploads\/2022\/07\/Vervolgtraining-Ensceneren-II-op-locatie-16-personen.jpg","contentUrl":"https:\/\/www.fireware.nl\/wp-content\/uploads\/2022\/07\/Vervolgtraining-Ensceneren-II-op-locatie-16-personen.jpg","width":800,"height":800},{"@type":"BreadcrumbList","@id":"https:\/\/www.fireware.nl\/fr\/product\/formation-de-perfection-mise-en-scene-ii-sur-place-16-personnes\/#breadcrumb","itemListElement":[{"@type":"ListItem","position":1,"name":"Home","item":"https:\/\/www.fireware.nl\/fr\/"},{"@type":"ListItem","position":2,"name":"Produits","item":"https:\/\/www.fireware.nl\/fr\/produits\/"},{"@type":"ListItem","position":3,"name":"Formation de perfection mise en scene II sur place \u2013 16 personnes"}]},{"@type":"WebSite","@id":"https:\/\/www.fireware.nl\/fr\/#website","url":"https:\/\/www.fireware.nl\/fr\/","name":"FireWare","description":"CREATING REALISTIC  TRAINING ENVIRONMENTS","publisher":{"@id":"https:\/\/www.fireware.nl\/fr\/#organization"},"potentialAction":[{"@type":"SearchAction","target":{"@type":"EntryPoint","urlTemplate":"https:\/\/www.fireware.nl\/fr\/?s={search_term_string}"},"query-input":{"@type":"PropertyValueSpecification","valueRequired":true,"valueName":"search_term_string"}}],"inLanguage":"fr-FR"},{"@type":"Organization","@id":"https:\/\/www.fireware.nl\/fr\/#organization","name":"FireWare","url":"https:\/\/www.fireware.nl\/fr\/","logo":{"@type":"ImageObject","inLanguage":"fr-FR","@id":"https:\/\/www.fireware.nl\/fr\/#\/schema\/logo\/image\/","url":"https:\/\/www.fireware.nl\/wp-content\/uploads\/2018\/10\/fireware-logo.png","contentUrl":"https:\/\/www.fireware.nl\/wp-content\/uploads\/2018\/10\/fireware-logo.png","width":200,"height":86,"caption":"FireWare"},"image":{"@id":"https:\/\/www.fireware.nl\/fr\/#\/schema\/logo\/image\/"},"sameAs":["https:\/\/www.facebook.com\/FireWareBV\/","https:\/\/x.com\/FireWarebv","https:\/\/www.instagram.com\/fireware_nl\/","https:\/\/www.linkedin.com\/company\/3586017\/","https:\/\/www.youtube.com\/user\/firesalesrentconsult"]}]}},"publishpress_future_workflow_manual_trigger":{"enabledWorkflows":[]},"_links":{"self":[{"href":"https:\/\/www.fireware.nl\/fr\/wp-json\/wp\/v2\/product\/73601","targetHints":{"allow":["GET"]}}],"collection":[{"href":"https:\/\/www.fireware.nl\/fr\/wp-json\/wp\/v2\/product"}],"about":[{"href":"https:\/\/www.fireware.nl\/fr\/wp-json\/wp\/v2\/types\/product"}],"wp:featuredmedia":[{"embeddable":true,"href":"https:\/\/www.fireware.nl\/fr\/wp-json\/wp\/v2\/media\/73548"}],"wp:attachment":[{"href":"https:\/\/www.fireware.nl\/fr\/wp-json\/wp\/v2\/media?parent=73601"}],"wp:term":[{"taxonomy":"product_brand","embeddable":true,"href":"https:\/\/www.fireware.nl\/fr\/wp-json\/wp\/v2\/product_brand?post=73601"},{"taxonomy":"product_cat","embeddable":true,"href":"https:\/\/www.fireware.nl\/fr\/wp-json\/wp\/v2\/product_cat?post=73601"},{"taxonomy":"product_tag","embeddable":true,"href":"https:\/\/www.fireware.nl\/fr\/wp-json\/wp\/v2\/product_tag?post=73601"}],"curies":[{"name":"wp","href":"https:\/\/api.w.org\/{rel}","templated":true}]}}