
{"id":73243,"date":"2022-04-01T12:46:28","date_gmt":"2022-04-01T12:46:28","guid":{"rendered":"https:\/\/www.fireware.nl\/product\/formation-de-base-mise-en-scene-i-sur-place-16-personnes\/"},"modified":"2025-05-19T11:33:33","modified_gmt":"2025-05-19T11:33:33","slug":"formation-de-base-mise-en-scene-i-sur-place-16-personnes","status":"publish","type":"product","link":"https:\/\/www.fireware.nl\/fr\/product\/formation-de-base-mise-en-scene-i-sur-place-16-personnes\/","title":{"rendered":"Formation de base mise en sc\u00e8ne I sur place \u2013 16 personnes"},"content":{"rendered":"\n\n\t<h2>Apprenez la mise en sc\u00e8ne r\u00e9aliste extr\u00eame en une journ\u00e9e<\/h2>\n<p>Vous le savez probablement. Vous avez mont\u00e9 un d\u00e9cor. Fait beaucoup d&#8217;efforts. Apr\u00e8s quoi, lors de l&#8217;\u00e9valuation, il s&#8217;av\u00e8re qu&#8217; \u00ab ils \u00bb l&#8217;ont interpr\u00e9t\u00e9 diff\u00e9remment ; \u00ab oui mais \u00bb &#8230;. et \u00ab je pensais que vous vouliez dire ceci \u00bb &#8230; ce ne sont que quelques-unes des d\u00e9clarations qui reviennent apr\u00e8s l&#8217;entra\u00eenement. Ce n&#8217;est agr\u00e9able pour personne. Et si nous pouvions faire une mise en sc\u00e8ne o\u00f9 il n&#8217;y a plus de discussion sur l&#8217;imagerie. Et si cette mise en sc\u00e8ne pouvait effectivement \u00eatre r\u00e9alis\u00e9e en 5 minutes ? C&#8217;est possible! Vous avez ma parole!<\/p>\n<h2>Formation de base mise en sc\u00e8ne I<\/h2>\nLa formation de base en mise en sc\u00e8ne I est notre formation la plus demand\u00e9e. Apprenez les techniques de base de la mise<br \/>\nen sc\u00e8ne et, \u00e0 la fin de la journ\u00e9e, mettez vous-m\u00eame en place un exercice. Cette formation est accessible et sp\u00e9cialement<br \/>\ncon\u00e7ue pour les personnes qui participent \u00e0 la mise en sc\u00e8ne d&#8217;un entra\u00eenement. Apr\u00e8s une partie th\u00e9orique, vous allez tout mettre en pratique ! \u00c0 l&#8217;issue de notre formation de base, vous serez en mesure d&#8217;organiser un exercice r\u00e9aliste et de mettre en sc\u00e8ne un incendie ou un accident.\n<p><strong>Entre autres choses, nous travaillons avec :<\/strong><\/p>\n<ul>\n<li>les concepts de base de la mise en sc\u00e8ne ;<\/li>\n<li>le choix du bon \u00e9quipement de mise en sc\u00e8ne ;<\/li>\n<li>les machines \u00e0 fum\u00e9e, de sources sonores et de simulation de flammes ;<\/li>\n<li>un travail ax\u00e9 sur les dilemmes;<\/li>\n<li>la simulation des diff\u00e9rents signaux d&#8217;un incendie \u00e0 l&#8217;aide d&#8217;une machine \u00e0 fum\u00e9e ;<\/li>\n<li>la simulation de petits incidents ;<\/li>\n<li>les incendies, les diff\u00e9rentes formes de leur propagation ;<\/li>\n<li>la simulation d&#8217;incidents impliquant des substances dangereuses et l&#8217;utilisation de moyens simples ;<\/li>\n<li>les mat\u00e9riels de mise en sc\u00e8ne de mani\u00e8re active et interactive.<\/li>\n<\/ul>\n<h2>Impression<\/h2>\n\t<iframe width=\"560\" height=\"315\" src=https:\/\/www.youtube.com\/embed\/XEZ7uixuTbg?hl=en&#038;cc_lang_pref=en&#038;rel=0&#038;cc_load_policy=1 frameborder=\"0\" allow=\"accelerometer; autoplay; clipboard-write; encrypted-media; gyroscope; picture-in-picture\" allowfullscreen><\/iframe>\n\t<h2>Sur place<\/h2>\n<p>Bien entendu, votre groupe est le bienvenu dans notre centre de formation \u00e0 Wieringerwerf. Mais nous comprenons qu&#8217;une formation sur votre propre site est plus pratique. Il peut s&#8217;agir d&#8217;un \u00e9tablissement de soins ou d&#8217;une caserne de pompiers, par exemple. Nous travaillons autant que possible avec votre propre mat\u00e9riel d&#8217;entra\u00eenement. De plus, nous apportons gratuitement du mat\u00e9riel de mise en sc\u00e8ne suppl\u00e9mentaire, afin que plusieurs personnes puissent travailler sur les missions en m\u00eame temps. Tr\u00e8s instructif !<\/p>\n<p>La formation est dispens\u00e9e sur une journ\u00e9e. Celle-ci peut \u00e9galement se d\u00e9rouler le week-end. Gr\u00e2ce \u00e0 cette flexibilit\u00e9, il y a toujours un moment appropri\u00e9 pour former vos st\u00e9nographes ! En consultation, il est \u00e9galement possible de r\u00e9partir la formation sur 2 soir\u00e9es. Actuellement, nous ne proposons cette option qu&#8217;aux Pays-Bas. Le prix de base d&#8217;une formation de st\u00e9nographe aux Pays-Bas comprend les frais de d\u00e9placement et d&#8217;h\u00e9bergement des instructeurs. Pour les formations \u00e0 l&#8217;\u00e9tranger, nous travaillons sur la base d&#8217;un suppl\u00e9ment.<\/p>\n<h2>Pour seize personnes<\/h2>\n<p>Sur cette page, vous pouvez r\u00e9server la formation de base en mise en sc\u00e8ne I pour un groupe de seize personnes au maximum. Les dates de la formation seront alors d\u00e9termin\u00e9es en concertation. Nous utilisons deux instructeurs, de sorte que chaque participant b\u00e9n\u00e9ficie d&#8217;une attention maximale. Votre groupe est plus petit et vous souhaitez participer avec un maximum de 8 personnes ? Alors cliquez plus loin sur <a href=\"https:\/\/www.fireware.nl\/fr\/product\/formation-de-base-mise-en-scene-i-sur-place-8-personnes\/\" target=\"_blank\" rel=\"noopener\">cette page<\/a>. Vous pouvez \u00e9galement participer en tant <a href=\"https:\/\/www.fireware.nl\/fr\/product\/formation-mise-en-scene-chez-fireware-inscription-individuelle\/\" target=\"_blank\" rel=\"noopener\">qu&#8217;individu<\/a>. Consultez l&#8217;agenda des formations sur notre site web pour conna\u00eetre les dates d&#8217;inscription (ouvertes).<\/p>\n\n","protected":false},"excerpt":{"rendered":"<ul>\n<li>La formation de mise en sc\u00e8ne la plus populaire de FireWare ;<\/li>\n<li>Apprenez \u00e0 mettre en sc\u00e8ne avec un r\u00e9alisme extr\u00eame en une journ\u00e9e ;<\/li>\n<li>Mettre en place une grande mise en sc\u00e8ne r\u00e9aliste en 5 minutes ;<\/li>\n<li>Plus de discussion sur la mise en sc\u00e8ne ;<\/li>\n<li>Pratiquez sur place avec votre propre mat\u00e9riel ;<\/li>\n<li>Pour les groupes de 8 \u00e0 16 personnes maximum ;<\/li>\n<li>L&#8217;inscription de <a href=\"https:\/\/www.fireware.nl\/fr\/product\/formation-de-base-mise-en-scene-i-sur-place-8-personnes\/\" target=\"_blank\" rel=\"noopener\">petits groupes<\/a> et <a href=\"https:\/\/www.fireware.nl\/fr\/product\/formation-mise-en-scene-chez-fireware-inscription-individuelle\/\" target=\"_blank\" rel=\"noopener\">l&#8217;inscription individuelle<\/a> sont \u00e9galement possibles.<\/li>\n<\/ul>\n","protected":false},"featured_media":73222,"template":"","meta":[],"product_brand":[],"product_cat":[3064],"product_tag":[],"class_list":{"0":"post-73243","1":"product","2":"type-product","3":"status-publish","4":"has-post-thumbnail","6":"product_cat-cours-et-formation","7":"pa_optie-deux-soirs-de-semaine-aux-pays-bas","8":"pa_optie-un-jour-de-semaine","9":"pa_optie-un-samedi","11":"first","12":"instock","13":"taxable","14":"shipping-taxable","15":"purchasable","16":"product-type-variable"},"yoast_head":"<!-- This site is optimized with the Yoast SEO plugin v27.4 - https:\/\/yoast.com\/product\/yoast-seo-wordpress\/ -->\n<title>Formation de base mise en sc\u00e8ne I sur place \u2013 16 personnes - FireWare<\/title>\n<meta name=\"robots\" content=\"index, follow, max-snippet:-1, max-image-preview:large, max-video-preview:-1\" \/>\n<link rel=\"canonical\" href=\"https:\/\/www.fireware.nl\/fr\/product\/formation-de-base-mise-en-scene-i-sur-place-16-personnes\/\" \/>\n<meta property=\"og:locale\" content=\"fr_FR\" \/>\n<meta property=\"og:type\" content=\"article\" \/>\n<meta property=\"og:title\" content=\"Formation de base mise en sc\u00e8ne I sur place \u2013 16 personnes - FireWare\" \/>\n<meta property=\"og:description\" content=\"La formation de mise en sc\u00e8ne la plus populaire de FireWare ;  Apprenez \u00e0 mettre en sc\u00e8ne avec un r\u00e9alisme extr\u00eame en une journ\u00e9e ;  Mettre en place une grande mise en sc\u00e8ne r\u00e9aliste en 5 minutes ;  Plus de discussion sur la mise en sc\u00e8ne ;  Pratiquez sur place avec votre propre mat\u00e9riel ;  Pour les groupes de 8 \u00e0 16 personnes maximum ;  L&#039;inscription de petits groupes et l&#039;inscription individuelle sont \u00e9galement possibles.\" \/>\n<meta property=\"og:url\" content=\"https:\/\/www.fireware.nl\/fr\/product\/formation-de-base-mise-en-scene-i-sur-place-16-personnes\/\" \/>\n<meta property=\"og:site_name\" content=\"FireWare\" \/>\n<meta property=\"article:publisher\" content=\"https:\/\/www.facebook.com\/FireWareBV\/\" \/>\n<meta property=\"article:modified_time\" content=\"2025-05-19T11:33:33+00:00\" \/>\n<meta property=\"og:image\" content=\"https:\/\/www.fireware.nl\/wp-content\/uploads\/2022\/07\/Basistraining-Ensceneren-I-op-locatie-16-personen.jpg\" \/>\n\t<meta property=\"og:image:width\" content=\"800\" \/>\n\t<meta property=\"og:image:height\" content=\"800\" \/>\n\t<meta property=\"og:image:type\" content=\"image\/jpeg\" \/>\n<meta name=\"twitter:card\" content=\"summary_large_image\" \/>\n<meta name=\"twitter:site\" content=\"@FireWarebv\" \/>\n<meta name=\"twitter:label1\" content=\"Dur\u00e9e de lecture estim\u00e9e\" \/>\n\t<meta name=\"twitter:data1\" content=\"3 minutes\" \/>\n<script type=\"application\/ld+json\" class=\"yoast-schema-graph\">{\"@context\":\"https:\\\/\\\/schema.org\",\"@graph\":[{\"@type\":\"WebPage\",\"@id\":\"https:\\\/\\\/www.fireware.nl\\\/fr\\\/product\\\/formation-de-base-mise-en-scene-i-sur-place-16-personnes\\\/\",\"url\":\"https:\\\/\\\/www.fireware.nl\\\/fr\\\/product\\\/formation-de-base-mise-en-scene-i-sur-place-16-personnes\\\/\",\"name\":\"Formation de base mise en sc\u00e8ne I sur place \u2013 16 personnes - FireWare\",\"isPartOf\":{\"@id\":\"https:\\\/\\\/www.fireware.nl\\\/fr\\\/#website\"},\"primaryImageOfPage\":{\"@id\":\"https:\\\/\\\/www.fireware.nl\\\/fr\\\/product\\\/formation-de-base-mise-en-scene-i-sur-place-16-personnes\\\/#primaryimage\"},\"image\":{\"@id\":\"https:\\\/\\\/www.fireware.nl\\\/fr\\\/product\\\/formation-de-base-mise-en-scene-i-sur-place-16-personnes\\\/#primaryimage\"},\"thumbnailUrl\":\"https:\\\/\\\/www.fireware.nl\\\/wp-content\\\/uploads\\\/2022\\\/07\\\/Basistraining-Ensceneren-I-op-locatie-16-personen.jpg\",\"datePublished\":\"2022-04-01T12:46:28+00:00\",\"dateModified\":\"2025-05-19T11:33:33+00:00\",\"breadcrumb\":{\"@id\":\"https:\\\/\\\/www.fireware.nl\\\/fr\\\/product\\\/formation-de-base-mise-en-scene-i-sur-place-16-personnes\\\/#breadcrumb\"},\"inLanguage\":\"fr-FR\",\"potentialAction\":[{\"@type\":\"ReadAction\",\"target\":[\"https:\\\/\\\/www.fireware.nl\\\/fr\\\/product\\\/formation-de-base-mise-en-scene-i-sur-place-16-personnes\\\/\"]}]},{\"@type\":\"ImageObject\",\"inLanguage\":\"fr-FR\",\"@id\":\"https:\\\/\\\/www.fireware.nl\\\/fr\\\/product\\\/formation-de-base-mise-en-scene-i-sur-place-16-personnes\\\/#primaryimage\",\"url\":\"https:\\\/\\\/www.fireware.nl\\\/wp-content\\\/uploads\\\/2022\\\/07\\\/Basistraining-Ensceneren-I-op-locatie-16-personen.jpg\",\"contentUrl\":\"https:\\\/\\\/www.fireware.nl\\\/wp-content\\\/uploads\\\/2022\\\/07\\\/Basistraining-Ensceneren-I-op-locatie-16-personen.jpg\",\"width\":800,\"height\":800},{\"@type\":\"BreadcrumbList\",\"@id\":\"https:\\\/\\\/www.fireware.nl\\\/fr\\\/product\\\/formation-de-base-mise-en-scene-i-sur-place-16-personnes\\\/#breadcrumb\",\"itemListElement\":[{\"@type\":\"ListItem\",\"position\":1,\"name\":\"Home\",\"item\":\"https:\\\/\\\/www.fireware.nl\\\/fr\\\/\"},{\"@type\":\"ListItem\",\"position\":2,\"name\":\"Produits\",\"item\":\"https:\\\/\\\/www.fireware.nl\\\/fr\\\/produits\\\/\"},{\"@type\":\"ListItem\",\"position\":3,\"name\":\"Formation de base mise en sc\u00e8ne I sur place \u2013 16 personnes\"}]},{\"@type\":\"WebSite\",\"@id\":\"https:\\\/\\\/www.fireware.nl\\\/fr\\\/#website\",\"url\":\"https:\\\/\\\/www.fireware.nl\\\/fr\\\/\",\"name\":\"FireWare\",\"description\":\"CREATING REALISTIC  TRAINING ENVIRONMENTS\",\"publisher\":{\"@id\":\"https:\\\/\\\/www.fireware.nl\\\/fr\\\/#organization\"},\"potentialAction\":[{\"@type\":\"SearchAction\",\"target\":{\"@type\":\"EntryPoint\",\"urlTemplate\":\"https:\\\/\\\/www.fireware.nl\\\/fr\\\/?s={search_term_string}\"},\"query-input\":{\"@type\":\"PropertyValueSpecification\",\"valueRequired\":true,\"valueName\":\"search_term_string\"}}],\"inLanguage\":\"fr-FR\"},{\"@type\":\"Organization\",\"@id\":\"https:\\\/\\\/www.fireware.nl\\\/fr\\\/#organization\",\"name\":\"FireWare\",\"url\":\"https:\\\/\\\/www.fireware.nl\\\/fr\\\/\",\"logo\":{\"@type\":\"ImageObject\",\"inLanguage\":\"fr-FR\",\"@id\":\"https:\\\/\\\/www.fireware.nl\\\/fr\\\/#\\\/schema\\\/logo\\\/image\\\/\",\"url\":\"https:\\\/\\\/www.fireware.nl\\\/wp-content\\\/uploads\\\/2018\\\/10\\\/fireware-logo.png\",\"contentUrl\":\"https:\\\/\\\/www.fireware.nl\\\/wp-content\\\/uploads\\\/2018\\\/10\\\/fireware-logo.png\",\"width\":200,\"height\":86,\"caption\":\"FireWare\"},\"image\":{\"@id\":\"https:\\\/\\\/www.fireware.nl\\\/fr\\\/#\\\/schema\\\/logo\\\/image\\\/\"},\"sameAs\":[\"https:\\\/\\\/www.facebook.com\\\/FireWareBV\\\/\",\"https:\\\/\\\/x.com\\\/FireWarebv\",\"https:\\\/\\\/www.instagram.com\\\/fireware_nl\\\/\",\"https:\\\/\\\/www.linkedin.com\\\/company\\\/3586017\\\/\",\"https:\\\/\\\/www.youtube.com\\\/user\\\/firesalesrentconsult\"]}]}<\/script>\n<!-- \/ Yoast SEO plugin. -->","yoast_head_json":{"title":"Formation de base mise en sc\u00e8ne I sur place \u2013 16 personnes - FireWare","robots":{"index":"index","follow":"follow","max-snippet":"max-snippet:-1","max-image-preview":"max-image-preview:large","max-video-preview":"max-video-preview:-1"},"canonical":"https:\/\/www.fireware.nl\/fr\/product\/formation-de-base-mise-en-scene-i-sur-place-16-personnes\/","og_locale":"fr_FR","og_type":"article","og_title":"Formation de base mise en sc\u00e8ne I sur place \u2013 16 personnes - FireWare","og_description":"La formation de mise en sc\u00e8ne la plus populaire de FireWare ;  Apprenez \u00e0 mettre en sc\u00e8ne avec un r\u00e9alisme extr\u00eame en une journ\u00e9e ;  Mettre en place une grande mise en sc\u00e8ne r\u00e9aliste en 5 minutes ;  Plus de discussion sur la mise en sc\u00e8ne ;  Pratiquez sur place avec votre propre mat\u00e9riel ;  Pour les groupes de 8 \u00e0 16 personnes maximum ;  L'inscription de petits groupes et l'inscription individuelle sont \u00e9galement possibles.","og_url":"https:\/\/www.fireware.nl\/fr\/product\/formation-de-base-mise-en-scene-i-sur-place-16-personnes\/","og_site_name":"FireWare","article_publisher":"https:\/\/www.facebook.com\/FireWareBV\/","article_modified_time":"2025-05-19T11:33:33+00:00","og_image":[{"width":800,"height":800,"url":"https:\/\/www.fireware.nl\/wp-content\/uploads\/2022\/07\/Basistraining-Ensceneren-I-op-locatie-16-personen.jpg","type":"image\/jpeg"}],"twitter_card":"summary_large_image","twitter_site":"@FireWarebv","twitter_misc":{"Dur\u00e9e de lecture estim\u00e9e":"3 minutes"},"schema":{"@context":"https:\/\/schema.org","@graph":[{"@type":"WebPage","@id":"https:\/\/www.fireware.nl\/fr\/product\/formation-de-base-mise-en-scene-i-sur-place-16-personnes\/","url":"https:\/\/www.fireware.nl\/fr\/product\/formation-de-base-mise-en-scene-i-sur-place-16-personnes\/","name":"Formation de base mise en sc\u00e8ne I sur place \u2013 16 personnes - FireWare","isPartOf":{"@id":"https:\/\/www.fireware.nl\/fr\/#website"},"primaryImageOfPage":{"@id":"https:\/\/www.fireware.nl\/fr\/product\/formation-de-base-mise-en-scene-i-sur-place-16-personnes\/#primaryimage"},"image":{"@id":"https:\/\/www.fireware.nl\/fr\/product\/formation-de-base-mise-en-scene-i-sur-place-16-personnes\/#primaryimage"},"thumbnailUrl":"https:\/\/www.fireware.nl\/wp-content\/uploads\/2022\/07\/Basistraining-Ensceneren-I-op-locatie-16-personen.jpg","datePublished":"2022-04-01T12:46:28+00:00","dateModified":"2025-05-19T11:33:33+00:00","breadcrumb":{"@id":"https:\/\/www.fireware.nl\/fr\/product\/formation-de-base-mise-en-scene-i-sur-place-16-personnes\/#breadcrumb"},"inLanguage":"fr-FR","potentialAction":[{"@type":"ReadAction","target":["https:\/\/www.fireware.nl\/fr\/product\/formation-de-base-mise-en-scene-i-sur-place-16-personnes\/"]}]},{"@type":"ImageObject","inLanguage":"fr-FR","@id":"https:\/\/www.fireware.nl\/fr\/product\/formation-de-base-mise-en-scene-i-sur-place-16-personnes\/#primaryimage","url":"https:\/\/www.fireware.nl\/wp-content\/uploads\/2022\/07\/Basistraining-Ensceneren-I-op-locatie-16-personen.jpg","contentUrl":"https:\/\/www.fireware.nl\/wp-content\/uploads\/2022\/07\/Basistraining-Ensceneren-I-op-locatie-16-personen.jpg","width":800,"height":800},{"@type":"BreadcrumbList","@id":"https:\/\/www.fireware.nl\/fr\/product\/formation-de-base-mise-en-scene-i-sur-place-16-personnes\/#breadcrumb","itemListElement":[{"@type":"ListItem","position":1,"name":"Home","item":"https:\/\/www.fireware.nl\/fr\/"},{"@type":"ListItem","position":2,"name":"Produits","item":"https:\/\/www.fireware.nl\/fr\/produits\/"},{"@type":"ListItem","position":3,"name":"Formation de base mise en sc\u00e8ne I sur place \u2013 16 personnes"}]},{"@type":"WebSite","@id":"https:\/\/www.fireware.nl\/fr\/#website","url":"https:\/\/www.fireware.nl\/fr\/","name":"FireWare","description":"CREATING REALISTIC  TRAINING ENVIRONMENTS","publisher":{"@id":"https:\/\/www.fireware.nl\/fr\/#organization"},"potentialAction":[{"@type":"SearchAction","target":{"@type":"EntryPoint","urlTemplate":"https:\/\/www.fireware.nl\/fr\/?s={search_term_string}"},"query-input":{"@type":"PropertyValueSpecification","valueRequired":true,"valueName":"search_term_string"}}],"inLanguage":"fr-FR"},{"@type":"Organization","@id":"https:\/\/www.fireware.nl\/fr\/#organization","name":"FireWare","url":"https:\/\/www.fireware.nl\/fr\/","logo":{"@type":"ImageObject","inLanguage":"fr-FR","@id":"https:\/\/www.fireware.nl\/fr\/#\/schema\/logo\/image\/","url":"https:\/\/www.fireware.nl\/wp-content\/uploads\/2018\/10\/fireware-logo.png","contentUrl":"https:\/\/www.fireware.nl\/wp-content\/uploads\/2018\/10\/fireware-logo.png","width":200,"height":86,"caption":"FireWare"},"image":{"@id":"https:\/\/www.fireware.nl\/fr\/#\/schema\/logo\/image\/"},"sameAs":["https:\/\/www.facebook.com\/FireWareBV\/","https:\/\/x.com\/FireWarebv","https:\/\/www.instagram.com\/fireware_nl\/","https:\/\/www.linkedin.com\/company\/3586017\/","https:\/\/www.youtube.com\/user\/firesalesrentconsult"]}]}},"publishpress_future_workflow_manual_trigger":{"enabledWorkflows":[]},"_links":{"self":[{"href":"https:\/\/www.fireware.nl\/fr\/wp-json\/wp\/v2\/product\/73243","targetHints":{"allow":["GET"]}}],"collection":[{"href":"https:\/\/www.fireware.nl\/fr\/wp-json\/wp\/v2\/product"}],"about":[{"href":"https:\/\/www.fireware.nl\/fr\/wp-json\/wp\/v2\/types\/product"}],"wp:featuredmedia":[{"embeddable":true,"href":"https:\/\/www.fireware.nl\/fr\/wp-json\/wp\/v2\/media\/73222"}],"wp:attachment":[{"href":"https:\/\/www.fireware.nl\/fr\/wp-json\/wp\/v2\/media?parent=73243"}],"wp:term":[{"taxonomy":"product_brand","embeddable":true,"href":"https:\/\/www.fireware.nl\/fr\/wp-json\/wp\/v2\/product_brand?post=73243"},{"taxonomy":"product_cat","embeddable":true,"href":"https:\/\/www.fireware.nl\/fr\/wp-json\/wp\/v2\/product_cat?post=73243"},{"taxonomy":"product_tag","embeddable":true,"href":"https:\/\/www.fireware.nl\/fr\/wp-json\/wp\/v2\/product_tag?post=73243"}],"curies":[{"name":"wp","href":"https:\/\/api.w.org\/{rel}","templated":true}]}}