
{"id":72318,"date":"2025-07-02T08:49:00","date_gmt":"2025-07-02T08:49:00","guid":{"rendered":"https:\/\/www.fireware.nl\/product\/fireware-bambi-simulateur-de-feu-de-foret\/"},"modified":"2025-10-23T08:15:50","modified_gmt":"2025-10-23T08:15:50","slug":"fireware-bambi-simulateur-de-feu-de-foret","status":"publish","type":"product","link":"https:\/\/www.fireware.nl\/fr\/product\/fireware-bambi-simulateur-de-feu-de-foret\/","title":{"rendered":"FireWare BAMBI simulateur de feu de for\u00eat"},"content":{"rendered":"\n\n\t<h2>Le nouvel accessoire pour simuler encore mieux les incendies en milieu naturel<\/h2>\n<p>Les incendies naturels produisent une fum\u00e9e complexe. Leur mise en sc\u00e8ne r\u00e9aliste est un v\u00e9ritable d\u00e9fi. La fum\u00e9e d&#8217;une g\u00e9n\u00e9rateur de fum\u00e9e se comporte comme une source ponctuelle. Pour les simulations de feux de for\u00eat, cependant, nous avons besoin d&#8217;une source lin\u00e9aire. Le BAMBI peut d\u00e9placer et distribuer la fum\u00e9e d&#8217;entra\u00eenement sur de grandes longueurs (jusqu&#8217;\u00e0 50 m\u00e8tres) !<\/p>\n<h2>De la source ponctuelle \u00e0 la source lin\u00e9aire<\/h2>\n<p>Plusieurs <a href=\"https:\/\/www.fireware.nl\/fr\/product\/smoke-hose-set-perfore\/\" target=\"_blank\" rel=\"noopener\">tuyaux de fum\u00e9e perfor\u00e9s<\/a> peuvent \u00eatre connect\u00e9s au BAMBI. Si n\u00e9cessaire, il peut \u00e9galement s&#8217;agir de tuyaux d&#8217;\u00e9gout perfor\u00e9s ou de tuyaux de drainage, jusqu&#8217;\u00e0 une longueur de 50 m\u00e8tres. Le BAMBI est parfaitement capable d&#8217;alimenter cette longueur enti\u00e8re en fum\u00e9e et en pression. Ainsi, la fum\u00e9e d&#8217;entra\u00eenement s&#8217;\u00e9chappera uniform\u00e9ment de tous les trous sur toute la longueur. En appliquant cette technique, une couche de fum\u00e9e est cr\u00e9\u00e9e au-dessus et dans le sol. L\u00e0 o\u00f9 normalement un nuage de fum\u00e9e serait souffl\u00e9 au-dessus du terrain.<\/p>\n<h2>Utilisation de g\u00e9n\u00e9rateurs de fum\u00e9e existantes<\/h2>\n<p>Le BAMBI peut \u00eatre utilis\u00e9 avec nos g\u00e9n\u00e9rateurs de fum\u00e9e <a href=\"https:\/\/www.fireware.nl\/fr\/produit\/generateur-de-fumee-cumulus\/\" target=\"_blank\" rel=\"noopener\">Cumulus<\/a> et <a href=\"https:\/\/www.fireware.nl\/fr\/produit\/generateur-de-fumee-stratus\/\" target=\"_blank\" rel=\"noopener\">Stratus<\/a>. Le BAMBI est donc un accessoire, et non une g\u00e9n\u00e9rateurs de fum\u00e9e sp\u00e9ciale pour une seule application. Si \u00e9conomique ! Les machines sont plac\u00e9es dans une chambre \u00e0 fum\u00e9e qui est mise en surpression au moyen d&#8217;un syst\u00e8me sophistiqu\u00e9. La fum\u00e9e accumul\u00e9e est dispers\u00e9e par le syst\u00e8me de tuyaux sans qu&#8217;elle perde son volume. Un probl\u00e8me qui survient lorsque la fum\u00e9e est conduite &#8216;\u00e0 travers&#8217; un ventilateur.<\/p>\n<h2>Possibilit\u00e9 d&#8217;avoir plusieurs puissances et capacit\u00e9s par exercice<\/h2>\n<p>Le BAMBI peut \u00eatre utilis\u00e9 dans diff\u00e9rentes configurations. Il y a de la place pour deux machines \u00e0 fum\u00e9e dans la chambre de fum\u00e9e. Cela permet de fonctionner avec une puissance de 1300 watts (2x Cumulus) jusqu&#8217;\u00e0 5200 watts (2x Stratus). Il est \u00e9galement possible de combiner une machine \u00e0 fum\u00e9e Cumulus et une machine \u00e0 fum\u00e9e Stratus dans le BAMBI. C&#8217;est id\u00e9al pour adapter la production de fum\u00e9e \u00e0 la quantit\u00e9 d&#8217;\u00e9lectricit\u00e9 disponible du g\u00e9n\u00e9rateur dans une zone naturelle.<\/p>\n<h2>Quantit\u00e9 extr\u00eame de fum\u00e9e<\/h2>\n<p>Dans la chambre \u00e0 fum\u00e9e, la quantit\u00e9 produite de fum\u00e9e d&#8217;exercice est m\u00e9lang\u00e9e \u00e0 de l&#8217;air. Cela augmente le volume de la fum\u00e9e. En utilisant le fluide de fum\u00e9e Outdoor, l&#8217;image de fum\u00e9e reste tr\u00e8s r\u00e9aliste. Apr\u00e8s tout, un incendie naturel produit aussi beaucoup de fum\u00e9e\u00a0!<\/p>\n<h2>Facilit\u00e9 de fonctionnement, facilit\u00e9 d&#8217;utilisation<\/h2>\n<p>Tous les c\u00e2bles de fonctionnement des g\u00e9n\u00e9rateurs de fum\u00e9e peuvent \u00eatre facilement connect\u00e9s \u00e0 l&#8217;ext\u00e9rieur du BAMBI. Il est \u00e9galement possible de conserver les bidons de liquide fumig\u00e8ne \u00e0 l&#8217;ext\u00e9rieur du BAMBI. C&#8217;est tr\u00e8s pratique pour le remplissage ! Et quand on utilise plusieurs BAMBIs ? Ils peuvent \u00eatre facilement empil\u00e9s pendant le transport et le stockage gr\u00e2ce aux plateaux d&#8217;empilage int\u00e9gr\u00e9s. Gr\u00e2ce au grand nombre de poign\u00e9es, BAMBI est \u00e9galement facile \u00e0 soulever !<\/p>\n<h2>Convient \u00e9galement \u00e0 d&#8217;autres applications<\/h2>\n<p>Le BAMBI n&#8217;est pas seulement utile pour simuler des incendies naturels. Il peut \u00e9galement \u00eatre utilis\u00e9 dans toutes les autres situations o\u00f9 de la fum\u00e9e sous pression doit \u00eatre transport\u00e9e dans un syst\u00e8me de tuyaux. Pensez \u00e0 l&#8217;installation dans les maisons servant \u00e0 l&#8217;entra\u00eenement. Mais aussi pour la simulation d&#8217;incidents avec des substances dangereuses, o\u00f9 une grande quantit\u00e9 de fum\u00e9e d&#8217;exercice doit \u00eatre transport\u00e9e \u00e0 travers un syst\u00e8me de tuyaux ou un collecteur\u00a0!<\/p>\n<h2>Regardez la vid\u00e9o<\/h2>\n\t\t<iframe width=\"560\" height=\"315\" src=\"https:\/\/www.youtube.com\/embed\/l-bshfZP3ys?hl=eng&#038;cc_lang_pref=eng&#038;cc_load_policy=1&#038;rel=0\" frameborder=\"0\" allow=\"accelerometer; autoplay; clipboard-write; encrypted-media; gyroscope; picture-in-picture\" allowfullscreen><\/iframe>\t\n\n","protected":false},"excerpt":{"rendered":"<ul>\n<li>Combinez avec votre (vos) propre(s) g\u00e9n\u00e9rateur(s) de fum\u00e9e FireWare et votre (vos) tuyau(x) de fum\u00e9e perfor\u00e9(s).<\/li>\n<li>Sp\u00e9cialement con\u00e7u pour la simulation d&#8217;incendies de for\u00eat.<\/li>\n<li>Convient \u00e9galement tr\u00e8s bien pour transporter de la fum\u00e9e sous pression dans un syst\u00e8me de tuyaux.<\/li>\n<li>Peut d\u00e9placer et distribuer la fum\u00e9e d&#8217;entra\u00eenement sur de grandes longueurs, jusqu&#8217;\u00e0 50 m\u00e8tres.<\/li>\n<li>Cr\u00e9e une couche de front de fum\u00e9e au-dessus et dans le sol.<\/li>\n<li>Permet \u00e0 la fum\u00e9e de s&#8217;\u00e9couler uniform\u00e9ment par les trous d&#8217;un tuyau \u00e0 fum\u00e9e.<\/li>\n<li>Volume de fum\u00e9e extr\u00eamement \u00e9lev\u00e9, jusqu&#8217;\u00e0 5200 watts.<\/li>\n<li>Tout le c\u00e2blage peut \u00eatre connect\u00e9 de l&#8217;ext\u00e9rieur.<\/li>\n<li>Facile \u00e0 soulever, \u00e0 empiler et \u00e0 stocker.<\/li>\n<\/ul>\n","protected":false},"featured_media":72311,"template":"","meta":[],"product_brand":[],"product_cat":[82],"product_tag":[],"class_list":{"0":"post-72318","1":"product","2":"type-product","3":"status-publish","4":"has-post-thumbnail","6":"product_cat-supplements-pour-generateurs-de-fumee","8":"first","9":"instock","10":"taxable","11":"shipping-taxable","12":"purchasable","13":"product-type-simple"},"yoast_head":"<!-- This site is optimized with the Yoast SEO plugin v27.2 - https:\/\/yoast.com\/product\/yoast-seo-wordpress\/ -->\n<title>FireWare BAMBI simulateur de feu de for\u00eat - FireWare<\/title>\n<meta name=\"robots\" content=\"index, follow, max-snippet:-1, max-image-preview:large, max-video-preview:-1\" \/>\n<link rel=\"canonical\" href=\"https:\/\/www.fireware.nl\/fr\/product\/fireware-bambi-simulateur-de-feu-de-foret\/\" \/>\n<meta property=\"og:locale\" content=\"fr_FR\" \/>\n<meta property=\"og:type\" content=\"article\" \/>\n<meta property=\"og:title\" content=\"FireWare BAMBI simulateur de feu de for\u00eat - FireWare\" \/>\n<meta property=\"og:description\" content=\"Combinez avec votre (vos) propre(s) g\u00e9n\u00e9rateur(s) de fum\u00e9e FireWare et votre (vos) tuyau(x) de fum\u00e9e perfor\u00e9(s). Sp\u00e9cialement con\u00e7u pour la simulation d&#039;incendies de for\u00eat. Convient \u00e9galement tr\u00e8s bien pour transporter de la fum\u00e9e sous pression dans un syst\u00e8me de tuyaux. Peut d\u00e9placer et distribuer la fum\u00e9e d&#039;entra\u00eenement sur de grandes longueurs, jusqu&#039;\u00e0 50 m\u00e8tres. Cr\u00e9e une couche de front de fum\u00e9e au-dessus et dans le sol. Permet \u00e0 la fum\u00e9e de s&#039;\u00e9couler uniform\u00e9ment par les trous d&#039;un tuyau \u00e0 fum\u00e9e. Volume de fum\u00e9e extr\u00eamement \u00e9lev\u00e9, jusqu&#039;\u00e0 5200 watts. Tout le c\u00e2blage peut \u00eatre connect\u00e9 de l&#039;ext\u00e9rieur. Facile \u00e0 soulever, \u00e0 empiler et \u00e0 stocker.\" \/>\n<meta property=\"og:url\" content=\"https:\/\/www.fireware.nl\/fr\/product\/fireware-bambi-simulateur-de-feu-de-foret\/\" \/>\n<meta property=\"og:site_name\" content=\"FireWare\" \/>\n<meta property=\"article:publisher\" content=\"https:\/\/www.facebook.com\/FireWareBV\/\" \/>\n<meta property=\"article:modified_time\" content=\"2025-10-23T08:15:50+00:00\" \/>\n<meta property=\"og:image\" content=\"https:\/\/www.fireware.nl\/wp-content\/uploads\/2022\/05\/FireWare-Bambi-wildfire-simulator.jpg\" \/>\n\t<meta property=\"og:image:width\" content=\"600\" \/>\n\t<meta property=\"og:image:height\" content=\"600\" \/>\n\t<meta property=\"og:image:type\" content=\"image\/jpeg\" \/>\n<meta name=\"twitter:card\" content=\"summary_large_image\" \/>\n<meta name=\"twitter:site\" content=\"@FireWarebv\" \/>\n<meta name=\"twitter:label1\" content=\"Dur\u00e9e de lecture estim\u00e9e\" \/>\n\t<meta name=\"twitter:data1\" content=\"3 minutes\" \/>\n<script type=\"application\/ld+json\" class=\"yoast-schema-graph\">{\"@context\":\"https:\/\/schema.org\",\"@graph\":[{\"@type\":\"WebPage\",\"@id\":\"https:\/\/www.fireware.nl\/fr\/product\/fireware-bambi-simulateur-de-feu-de-foret\/\",\"url\":\"https:\/\/www.fireware.nl\/fr\/product\/fireware-bambi-simulateur-de-feu-de-foret\/\",\"name\":\"FireWare BAMBI simulateur de feu de for\u00eat - FireWare\",\"isPartOf\":{\"@id\":\"https:\/\/www.fireware.nl\/fr\/#website\"},\"primaryImageOfPage\":{\"@id\":\"https:\/\/www.fireware.nl\/fr\/product\/fireware-bambi-simulateur-de-feu-de-foret\/#primaryimage\"},\"image\":{\"@id\":\"https:\/\/www.fireware.nl\/fr\/product\/fireware-bambi-simulateur-de-feu-de-foret\/#primaryimage\"},\"thumbnailUrl\":\"https:\/\/www.fireware.nl\/wp-content\/uploads\/2022\/05\/FireWare-Bambi-wildfire-simulator.jpg\",\"datePublished\":\"2025-07-02T08:49:00+00:00\",\"dateModified\":\"2025-10-23T08:15:50+00:00\",\"breadcrumb\":{\"@id\":\"https:\/\/www.fireware.nl\/fr\/product\/fireware-bambi-simulateur-de-feu-de-foret\/#breadcrumb\"},\"inLanguage\":\"fr-FR\",\"potentialAction\":[{\"@type\":\"ReadAction\",\"target\":[\"https:\/\/www.fireware.nl\/fr\/product\/fireware-bambi-simulateur-de-feu-de-foret\/\"]}]},{\"@type\":\"ImageObject\",\"inLanguage\":\"fr-FR\",\"@id\":\"https:\/\/www.fireware.nl\/fr\/product\/fireware-bambi-simulateur-de-feu-de-foret\/#primaryimage\",\"url\":\"https:\/\/www.fireware.nl\/wp-content\/uploads\/2022\/05\/FireWare-Bambi-wildfire-simulator.jpg\",\"contentUrl\":\"https:\/\/www.fireware.nl\/wp-content\/uploads\/2022\/05\/FireWare-Bambi-wildfire-simulator.jpg\",\"width\":600,\"height\":600},{\"@type\":\"BreadcrumbList\",\"@id\":\"https:\/\/www.fireware.nl\/fr\/product\/fireware-bambi-simulateur-de-feu-de-foret\/#breadcrumb\",\"itemListElement\":[{\"@type\":\"ListItem\",\"position\":1,\"name\":\"Home\",\"item\":\"https:\/\/www.fireware.nl\/fr\/\"},{\"@type\":\"ListItem\",\"position\":2,\"name\":\"Produits\",\"item\":\"https:\/\/www.fireware.nl\/fr\/produits\/\"},{\"@type\":\"ListItem\",\"position\":3,\"name\":\"FireWare BAMBI simulateur de feu de for\u00eat\"}]},{\"@type\":\"WebSite\",\"@id\":\"https:\/\/www.fireware.nl\/fr\/#website\",\"url\":\"https:\/\/www.fireware.nl\/fr\/\",\"name\":\"FireWare\",\"description\":\"CREATING REALISTIC  TRAINING ENVIRONMENTS\",\"publisher\":{\"@id\":\"https:\/\/www.fireware.nl\/fr\/#organization\"},\"potentialAction\":[{\"@type\":\"SearchAction\",\"target\":{\"@type\":\"EntryPoint\",\"urlTemplate\":\"https:\/\/www.fireware.nl\/fr\/?s={search_term_string}\"},\"query-input\":{\"@type\":\"PropertyValueSpecification\",\"valueRequired\":true,\"valueName\":\"search_term_string\"}}],\"inLanguage\":\"fr-FR\"},{\"@type\":\"Organization\",\"@id\":\"https:\/\/www.fireware.nl\/fr\/#organization\",\"name\":\"FireWare\",\"url\":\"https:\/\/www.fireware.nl\/fr\/\",\"logo\":{\"@type\":\"ImageObject\",\"inLanguage\":\"fr-FR\",\"@id\":\"https:\/\/www.fireware.nl\/fr\/#\/schema\/logo\/image\/\",\"url\":\"https:\/\/www.fireware.nl\/wp-content\/uploads\/2018\/10\/fireware-logo.png\",\"contentUrl\":\"https:\/\/www.fireware.nl\/wp-content\/uploads\/2018\/10\/fireware-logo.png\",\"width\":200,\"height\":86,\"caption\":\"FireWare\"},\"image\":{\"@id\":\"https:\/\/www.fireware.nl\/fr\/#\/schema\/logo\/image\/\"},\"sameAs\":[\"https:\/\/www.facebook.com\/FireWareBV\/\",\"https:\/\/x.com\/FireWarebv\",\"https:\/\/www.instagram.com\/fireware_nl\/\",\"https:\/\/www.linkedin.com\/company\/3586017\/\",\"https:\/\/www.youtube.com\/user\/firesalesrentconsult\"]}]}<\/script>\n<!-- \/ Yoast SEO plugin. -->","yoast_head_json":{"title":"FireWare BAMBI simulateur de feu de for\u00eat - FireWare","robots":{"index":"index","follow":"follow","max-snippet":"max-snippet:-1","max-image-preview":"max-image-preview:large","max-video-preview":"max-video-preview:-1"},"canonical":"https:\/\/www.fireware.nl\/fr\/product\/fireware-bambi-simulateur-de-feu-de-foret\/","og_locale":"fr_FR","og_type":"article","og_title":"FireWare BAMBI simulateur de feu de for\u00eat - FireWare","og_description":"Combinez avec votre (vos) propre(s) g\u00e9n\u00e9rateur(s) de fum\u00e9e FireWare et votre (vos) tuyau(x) de fum\u00e9e perfor\u00e9(s). Sp\u00e9cialement con\u00e7u pour la simulation d'incendies de for\u00eat. Convient \u00e9galement tr\u00e8s bien pour transporter de la fum\u00e9e sous pression dans un syst\u00e8me de tuyaux. Peut d\u00e9placer et distribuer la fum\u00e9e d'entra\u00eenement sur de grandes longueurs, jusqu'\u00e0 50 m\u00e8tres. Cr\u00e9e une couche de front de fum\u00e9e au-dessus et dans le sol. Permet \u00e0 la fum\u00e9e de s'\u00e9couler uniform\u00e9ment par les trous d'un tuyau \u00e0 fum\u00e9e. Volume de fum\u00e9e extr\u00eamement \u00e9lev\u00e9, jusqu'\u00e0 5200 watts. Tout le c\u00e2blage peut \u00eatre connect\u00e9 de l'ext\u00e9rieur. Facile \u00e0 soulever, \u00e0 empiler et \u00e0 stocker.","og_url":"https:\/\/www.fireware.nl\/fr\/product\/fireware-bambi-simulateur-de-feu-de-foret\/","og_site_name":"FireWare","article_publisher":"https:\/\/www.facebook.com\/FireWareBV\/","article_modified_time":"2025-10-23T08:15:50+00:00","og_image":[{"width":600,"height":600,"url":"https:\/\/www.fireware.nl\/wp-content\/uploads\/2022\/05\/FireWare-Bambi-wildfire-simulator.jpg","type":"image\/jpeg"}],"twitter_card":"summary_large_image","twitter_site":"@FireWarebv","twitter_misc":{"Dur\u00e9e de lecture estim\u00e9e":"3 minutes"},"schema":{"@context":"https:\/\/schema.org","@graph":[{"@type":"WebPage","@id":"https:\/\/www.fireware.nl\/fr\/product\/fireware-bambi-simulateur-de-feu-de-foret\/","url":"https:\/\/www.fireware.nl\/fr\/product\/fireware-bambi-simulateur-de-feu-de-foret\/","name":"FireWare BAMBI simulateur de feu de for\u00eat - FireWare","isPartOf":{"@id":"https:\/\/www.fireware.nl\/fr\/#website"},"primaryImageOfPage":{"@id":"https:\/\/www.fireware.nl\/fr\/product\/fireware-bambi-simulateur-de-feu-de-foret\/#primaryimage"},"image":{"@id":"https:\/\/www.fireware.nl\/fr\/product\/fireware-bambi-simulateur-de-feu-de-foret\/#primaryimage"},"thumbnailUrl":"https:\/\/www.fireware.nl\/wp-content\/uploads\/2022\/05\/FireWare-Bambi-wildfire-simulator.jpg","datePublished":"2025-07-02T08:49:00+00:00","dateModified":"2025-10-23T08:15:50+00:00","breadcrumb":{"@id":"https:\/\/www.fireware.nl\/fr\/product\/fireware-bambi-simulateur-de-feu-de-foret\/#breadcrumb"},"inLanguage":"fr-FR","potentialAction":[{"@type":"ReadAction","target":["https:\/\/www.fireware.nl\/fr\/product\/fireware-bambi-simulateur-de-feu-de-foret\/"]}]},{"@type":"ImageObject","inLanguage":"fr-FR","@id":"https:\/\/www.fireware.nl\/fr\/product\/fireware-bambi-simulateur-de-feu-de-foret\/#primaryimage","url":"https:\/\/www.fireware.nl\/wp-content\/uploads\/2022\/05\/FireWare-Bambi-wildfire-simulator.jpg","contentUrl":"https:\/\/www.fireware.nl\/wp-content\/uploads\/2022\/05\/FireWare-Bambi-wildfire-simulator.jpg","width":600,"height":600},{"@type":"BreadcrumbList","@id":"https:\/\/www.fireware.nl\/fr\/product\/fireware-bambi-simulateur-de-feu-de-foret\/#breadcrumb","itemListElement":[{"@type":"ListItem","position":1,"name":"Home","item":"https:\/\/www.fireware.nl\/fr\/"},{"@type":"ListItem","position":2,"name":"Produits","item":"https:\/\/www.fireware.nl\/fr\/produits\/"},{"@type":"ListItem","position":3,"name":"FireWare BAMBI simulateur de feu de for\u00eat"}]},{"@type":"WebSite","@id":"https:\/\/www.fireware.nl\/fr\/#website","url":"https:\/\/www.fireware.nl\/fr\/","name":"FireWare","description":"CREATING REALISTIC  TRAINING ENVIRONMENTS","publisher":{"@id":"https:\/\/www.fireware.nl\/fr\/#organization"},"potentialAction":[{"@type":"SearchAction","target":{"@type":"EntryPoint","urlTemplate":"https:\/\/www.fireware.nl\/fr\/?s={search_term_string}"},"query-input":{"@type":"PropertyValueSpecification","valueRequired":true,"valueName":"search_term_string"}}],"inLanguage":"fr-FR"},{"@type":"Organization","@id":"https:\/\/www.fireware.nl\/fr\/#organization","name":"FireWare","url":"https:\/\/www.fireware.nl\/fr\/","logo":{"@type":"ImageObject","inLanguage":"fr-FR","@id":"https:\/\/www.fireware.nl\/fr\/#\/schema\/logo\/image\/","url":"https:\/\/www.fireware.nl\/wp-content\/uploads\/2018\/10\/fireware-logo.png","contentUrl":"https:\/\/www.fireware.nl\/wp-content\/uploads\/2018\/10\/fireware-logo.png","width":200,"height":86,"caption":"FireWare"},"image":{"@id":"https:\/\/www.fireware.nl\/fr\/#\/schema\/logo\/image\/"},"sameAs":["https:\/\/www.facebook.com\/FireWareBV\/","https:\/\/x.com\/FireWarebv","https:\/\/www.instagram.com\/fireware_nl\/","https:\/\/www.linkedin.com\/company\/3586017\/","https:\/\/www.youtube.com\/user\/firesalesrentconsult"]}]}},"publishpress_future_workflow_manual_trigger":{"enabledWorkflows":[]},"_links":{"self":[{"href":"https:\/\/www.fireware.nl\/fr\/wp-json\/wp\/v2\/product\/72318","targetHints":{"allow":["GET"]}}],"collection":[{"href":"https:\/\/www.fireware.nl\/fr\/wp-json\/wp\/v2\/product"}],"about":[{"href":"https:\/\/www.fireware.nl\/fr\/wp-json\/wp\/v2\/types\/product"}],"wp:featuredmedia":[{"embeddable":true,"href":"https:\/\/www.fireware.nl\/fr\/wp-json\/wp\/v2\/media\/72311"}],"wp:attachment":[{"href":"https:\/\/www.fireware.nl\/fr\/wp-json\/wp\/v2\/media?parent=72318"}],"wp:term":[{"taxonomy":"product_brand","embeddable":true,"href":"https:\/\/www.fireware.nl\/fr\/wp-json\/wp\/v2\/product_brand?post=72318"},{"taxonomy":"product_cat","embeddable":true,"href":"https:\/\/www.fireware.nl\/fr\/wp-json\/wp\/v2\/product_cat?post=72318"},{"taxonomy":"product_tag","embeddable":true,"href":"https:\/\/www.fireware.nl\/fr\/wp-json\/wp\/v2\/product_tag?post=72318"}],"curies":[{"name":"wp","href":"https:\/\/api.w.org\/{rel}","templated":true}]}}