
{"id":67896,"date":"2021-11-17T13:55:00","date_gmt":"2021-11-17T13:55:00","guid":{"rendered":"https:\/\/www.fireware.nl\/product\/support-de-suspension-et-de-protection-nimbo\/"},"modified":"2022-01-24T10:55:50","modified_gmt":"2022-01-24T10:55:50","slug":"support-de-suspension-et-de-protection-nimbo","status":"publish","type":"product","link":"https:\/\/www.fireware.nl\/fr\/product\/support-de-suspension-et-de-protection-nimbo\/","title":{"rendered":"Support de suspension et de protection Nimbo"},"content":{"rendered":"\n\n\t<h2>Fixez votre g\u00e9n\u00e9rateur fum\u00e9e au mur<\/h2>\n<p>De nombreux centres d&#8217;entra\u00eenement aiment placer la <a href=\"https:\/\/www.fireware.nl\/fr\/produit\/generateur-de-fumee-nimbo\/\" target=\"_blank\" rel=\"noopener\">g\u00e9n\u00e9rateur de fum\u00e9e Nimbo<\/a> en hauteur dans leur salle d&#8217;entra\u00eenement. Ainsi, la g\u00e9n\u00e9rateur de fum\u00e9e est bien prot\u00e9g\u00e9e et la fum\u00e9e est introduite en hauteur dans la salle.<\/p>\n<p>Gr\u00e2ce \u00e0 ce support de suspension, la g\u00e9n\u00e9rateur de fum\u00e9e Nimbo peut \u00eatre plac\u00e9e sans aucun probl\u00e8me. La machine peut \u00eatre retir\u00e9e de son support facilement et sans outils, par exemple pour la recharger. C&#8217;est l&#8217;id\u00e9al !<\/p>\n<p>Mais aussi lorsque la g\u00e9n\u00e9rateur Nimbo est plac\u00e9e bas dans la pi\u00e8ce, le support peut \u00eatre utilis\u00e9 comme une protection suppl\u00e9mentaire. Id\u00e9ale pour une protection suppl\u00e9mentaire, par exemple lorsqu&#8217;on utilise un appareil d&#8217;air comprim\u00e9. De cette fa\u00e7on, les participants ne peuvent pas tr\u00e9bucher sur la machine.<\/p>\n<p>Le support de suspension est fabriqu\u00e9 en acier inoxydable de haute qualit\u00e9 et facile \u00e0 fixer au mur, avec les vis et les chevilles fournies, qui conviennent \u00e0 tous les murs.<\/p>\n\n","protected":false},"excerpt":{"rendered":"<ul>\n<li>Support mural pour la machine \u00e0 fum\u00e9e Nimbo de FireWare<\/li>\n<li>Peut \u00eatre plac\u00e9 en haut et en bas<\/li>\n<li>Gardez le sol de la salle d&#8217;entra\u00eenement libre<\/li>\n<li>Fabriqu\u00e9 en acier inoxydable<\/li>\n<\/ul>\n","protected":false},"featured_media":67721,"template":"","meta":[],"product_brand":[],"product_cat":[82],"product_tag":[],"class_list":{"0":"post-67896","1":"product","2":"type-product","3":"status-publish","4":"has-post-thumbnail","6":"product_cat-supplements-pour-generateurs-de-fumee","8":"first","9":"instock","10":"taxable","11":"shipping-taxable","12":"purchasable","13":"product-type-simple"},"yoast_head":"<!-- This site is optimized with the Yoast SEO plugin v27.4 - https:\/\/yoast.com\/product\/yoast-seo-wordpress\/ -->\n<title>Support de suspension et de protection Nimbo - FireWare<\/title>\n<meta name=\"robots\" content=\"index, follow, max-snippet:-1, max-image-preview:large, max-video-preview:-1\" \/>\n<link rel=\"canonical\" href=\"https:\/\/www.fireware.nl\/fr\/product\/support-de-suspension-et-de-protection-nimbo\/\" \/>\n<meta property=\"og:locale\" content=\"fr_FR\" \/>\n<meta property=\"og:type\" content=\"article\" \/>\n<meta property=\"og:title\" content=\"Support de suspension et de protection Nimbo - FireWare\" \/>\n<meta property=\"og:description\" content=\"Support mural pour la machine \u00e0 fum\u00e9e Nimbo de FireWare  Peut \u00eatre plac\u00e9 en haut et en bas  Gardez le sol de la salle d&#039;entra\u00eenement libre  Fabriqu\u00e9 en acier inoxydable\" \/>\n<meta property=\"og:url\" content=\"https:\/\/www.fireware.nl\/fr\/product\/support-de-suspension-et-de-protection-nimbo\/\" \/>\n<meta property=\"og:site_name\" content=\"FireWare\" \/>\n<meta property=\"article:publisher\" content=\"https:\/\/www.facebook.com\/FireWareBV\/\" \/>\n<meta property=\"article:modified_time\" content=\"2022-01-24T10:55:50+00:00\" \/>\n<meta property=\"og:image\" content=\"https:\/\/www.fireware.nl\/wp-content\/uploads\/2021\/11\/Nimbo-ophangbeugel.jpg\" \/>\n<meta name=\"twitter:card\" content=\"summary_large_image\" \/>\n<meta name=\"twitter:site\" content=\"@FireWarebv\" \/>\n<meta name=\"twitter:label1\" content=\"Dur\u00e9e de lecture estim\u00e9e\" \/>\n\t<meta name=\"twitter:data1\" content=\"1 minute\" \/>\n<script type=\"application\/ld+json\" class=\"yoast-schema-graph\">{\"@context\":\"https:\\\/\\\/schema.org\",\"@graph\":[{\"@type\":\"WebPage\",\"@id\":\"https:\\\/\\\/www.fireware.nl\\\/fr\\\/product\\\/support-de-suspension-et-de-protection-nimbo\\\/\",\"url\":\"https:\\\/\\\/www.fireware.nl\\\/fr\\\/product\\\/support-de-suspension-et-de-protection-nimbo\\\/\",\"name\":\"Support de suspension et de protection Nimbo - FireWare\",\"isPartOf\":{\"@id\":\"https:\\\/\\\/www.fireware.nl\\\/fr\\\/#website\"},\"primaryImageOfPage\":{\"@id\":\"https:\\\/\\\/www.fireware.nl\\\/fr\\\/product\\\/support-de-suspension-et-de-protection-nimbo\\\/#primaryimage\"},\"image\":{\"@id\":\"https:\\\/\\\/www.fireware.nl\\\/fr\\\/product\\\/support-de-suspension-et-de-protection-nimbo\\\/#primaryimage\"},\"thumbnailUrl\":\"https:\\\/\\\/www.fireware.nl\\\/wp-content\\\/uploads\\\/2021\\\/11\\\/008-004-010-Nimbo-ophangbeugel.jpg\",\"datePublished\":\"2021-11-17T13:55:00+00:00\",\"dateModified\":\"2022-01-24T10:55:50+00:00\",\"breadcrumb\":{\"@id\":\"https:\\\/\\\/www.fireware.nl\\\/fr\\\/product\\\/support-de-suspension-et-de-protection-nimbo\\\/#breadcrumb\"},\"inLanguage\":\"fr-FR\",\"potentialAction\":[{\"@type\":\"ReadAction\",\"target\":[\"https:\\\/\\\/www.fireware.nl\\\/fr\\\/product\\\/support-de-suspension-et-de-protection-nimbo\\\/\"]}]},{\"@type\":\"ImageObject\",\"inLanguage\":\"fr-FR\",\"@id\":\"https:\\\/\\\/www.fireware.nl\\\/fr\\\/product\\\/support-de-suspension-et-de-protection-nimbo\\\/#primaryimage\",\"url\":\"https:\\\/\\\/www.fireware.nl\\\/wp-content\\\/uploads\\\/2021\\\/11\\\/008-004-010-Nimbo-ophangbeugel.jpg\",\"contentUrl\":\"https:\\\/\\\/www.fireware.nl\\\/wp-content\\\/uploads\\\/2021\\\/11\\\/008-004-010-Nimbo-ophangbeugel.jpg\",\"width\":600,\"height\":600},{\"@type\":\"BreadcrumbList\",\"@id\":\"https:\\\/\\\/www.fireware.nl\\\/fr\\\/product\\\/support-de-suspension-et-de-protection-nimbo\\\/#breadcrumb\",\"itemListElement\":[{\"@type\":\"ListItem\",\"position\":1,\"name\":\"Home\",\"item\":\"https:\\\/\\\/www.fireware.nl\\\/fr\\\/\"},{\"@type\":\"ListItem\",\"position\":2,\"name\":\"Produits\",\"item\":\"https:\\\/\\\/www.fireware.nl\\\/fr\\\/produits\\\/\"},{\"@type\":\"ListItem\",\"position\":3,\"name\":\"Support de suspension et de protection Nimbo\"}]},{\"@type\":\"WebSite\",\"@id\":\"https:\\\/\\\/www.fireware.nl\\\/fr\\\/#website\",\"url\":\"https:\\\/\\\/www.fireware.nl\\\/fr\\\/\",\"name\":\"FireWare\",\"description\":\"CREATING REALISTIC  TRAINING ENVIRONMENTS\",\"publisher\":{\"@id\":\"https:\\\/\\\/www.fireware.nl\\\/fr\\\/#organization\"},\"potentialAction\":[{\"@type\":\"SearchAction\",\"target\":{\"@type\":\"EntryPoint\",\"urlTemplate\":\"https:\\\/\\\/www.fireware.nl\\\/fr\\\/?s={search_term_string}\"},\"query-input\":{\"@type\":\"PropertyValueSpecification\",\"valueRequired\":true,\"valueName\":\"search_term_string\"}}],\"inLanguage\":\"fr-FR\"},{\"@type\":\"Organization\",\"@id\":\"https:\\\/\\\/www.fireware.nl\\\/fr\\\/#organization\",\"name\":\"FireWare\",\"url\":\"https:\\\/\\\/www.fireware.nl\\\/fr\\\/\",\"logo\":{\"@type\":\"ImageObject\",\"inLanguage\":\"fr-FR\",\"@id\":\"https:\\\/\\\/www.fireware.nl\\\/fr\\\/#\\\/schema\\\/logo\\\/image\\\/\",\"url\":\"https:\\\/\\\/www.fireware.nl\\\/wp-content\\\/uploads\\\/2018\\\/10\\\/fireware-logo.png\",\"contentUrl\":\"https:\\\/\\\/www.fireware.nl\\\/wp-content\\\/uploads\\\/2018\\\/10\\\/fireware-logo.png\",\"width\":200,\"height\":86,\"caption\":\"FireWare\"},\"image\":{\"@id\":\"https:\\\/\\\/www.fireware.nl\\\/fr\\\/#\\\/schema\\\/logo\\\/image\\\/\"},\"sameAs\":[\"https:\\\/\\\/www.facebook.com\\\/FireWareBV\\\/\",\"https:\\\/\\\/x.com\\\/FireWarebv\",\"https:\\\/\\\/www.instagram.com\\\/fireware_nl\\\/\",\"https:\\\/\\\/www.linkedin.com\\\/company\\\/3586017\\\/\",\"https:\\\/\\\/www.youtube.com\\\/user\\\/firesalesrentconsult\"]}]}<\/script>\n<!-- \/ Yoast SEO plugin. -->","yoast_head_json":{"title":"Support de suspension et de protection Nimbo - FireWare","robots":{"index":"index","follow":"follow","max-snippet":"max-snippet:-1","max-image-preview":"max-image-preview:large","max-video-preview":"max-video-preview:-1"},"canonical":"https:\/\/www.fireware.nl\/fr\/product\/support-de-suspension-et-de-protection-nimbo\/","og_locale":"fr_FR","og_type":"article","og_title":"Support de suspension et de protection Nimbo - FireWare","og_description":"Support mural pour la machine \u00e0 fum\u00e9e Nimbo de FireWare  Peut \u00eatre plac\u00e9 en haut et en bas  Gardez le sol de la salle d'entra\u00eenement libre  Fabriqu\u00e9 en acier inoxydable","og_url":"https:\/\/www.fireware.nl\/fr\/product\/support-de-suspension-et-de-protection-nimbo\/","og_site_name":"FireWare","article_publisher":"https:\/\/www.facebook.com\/FireWareBV\/","article_modified_time":"2022-01-24T10:55:50+00:00","og_image":[{"url":"https:\/\/www.fireware.nl\/wp-content\/uploads\/2021\/11\/Nimbo-ophangbeugel.jpg","type":"","width":"","height":""}],"twitter_card":"summary_large_image","twitter_site":"@FireWarebv","twitter_misc":{"Dur\u00e9e de lecture estim\u00e9e":"1 minute"},"schema":{"@context":"https:\/\/schema.org","@graph":[{"@type":"WebPage","@id":"https:\/\/www.fireware.nl\/fr\/product\/support-de-suspension-et-de-protection-nimbo\/","url":"https:\/\/www.fireware.nl\/fr\/product\/support-de-suspension-et-de-protection-nimbo\/","name":"Support de suspension et de protection Nimbo - FireWare","isPartOf":{"@id":"https:\/\/www.fireware.nl\/fr\/#website"},"primaryImageOfPage":{"@id":"https:\/\/www.fireware.nl\/fr\/product\/support-de-suspension-et-de-protection-nimbo\/#primaryimage"},"image":{"@id":"https:\/\/www.fireware.nl\/fr\/product\/support-de-suspension-et-de-protection-nimbo\/#primaryimage"},"thumbnailUrl":"https:\/\/www.fireware.nl\/wp-content\/uploads\/2021\/11\/008-004-010-Nimbo-ophangbeugel.jpg","datePublished":"2021-11-17T13:55:00+00:00","dateModified":"2022-01-24T10:55:50+00:00","breadcrumb":{"@id":"https:\/\/www.fireware.nl\/fr\/product\/support-de-suspension-et-de-protection-nimbo\/#breadcrumb"},"inLanguage":"fr-FR","potentialAction":[{"@type":"ReadAction","target":["https:\/\/www.fireware.nl\/fr\/product\/support-de-suspension-et-de-protection-nimbo\/"]}]},{"@type":"ImageObject","inLanguage":"fr-FR","@id":"https:\/\/www.fireware.nl\/fr\/product\/support-de-suspension-et-de-protection-nimbo\/#primaryimage","url":"https:\/\/www.fireware.nl\/wp-content\/uploads\/2021\/11\/008-004-010-Nimbo-ophangbeugel.jpg","contentUrl":"https:\/\/www.fireware.nl\/wp-content\/uploads\/2021\/11\/008-004-010-Nimbo-ophangbeugel.jpg","width":600,"height":600},{"@type":"BreadcrumbList","@id":"https:\/\/www.fireware.nl\/fr\/product\/support-de-suspension-et-de-protection-nimbo\/#breadcrumb","itemListElement":[{"@type":"ListItem","position":1,"name":"Home","item":"https:\/\/www.fireware.nl\/fr\/"},{"@type":"ListItem","position":2,"name":"Produits","item":"https:\/\/www.fireware.nl\/fr\/produits\/"},{"@type":"ListItem","position":3,"name":"Support de suspension et de protection Nimbo"}]},{"@type":"WebSite","@id":"https:\/\/www.fireware.nl\/fr\/#website","url":"https:\/\/www.fireware.nl\/fr\/","name":"FireWare","description":"CREATING REALISTIC  TRAINING ENVIRONMENTS","publisher":{"@id":"https:\/\/www.fireware.nl\/fr\/#organization"},"potentialAction":[{"@type":"SearchAction","target":{"@type":"EntryPoint","urlTemplate":"https:\/\/www.fireware.nl\/fr\/?s={search_term_string}"},"query-input":{"@type":"PropertyValueSpecification","valueRequired":true,"valueName":"search_term_string"}}],"inLanguage":"fr-FR"},{"@type":"Organization","@id":"https:\/\/www.fireware.nl\/fr\/#organization","name":"FireWare","url":"https:\/\/www.fireware.nl\/fr\/","logo":{"@type":"ImageObject","inLanguage":"fr-FR","@id":"https:\/\/www.fireware.nl\/fr\/#\/schema\/logo\/image\/","url":"https:\/\/www.fireware.nl\/wp-content\/uploads\/2018\/10\/fireware-logo.png","contentUrl":"https:\/\/www.fireware.nl\/wp-content\/uploads\/2018\/10\/fireware-logo.png","width":200,"height":86,"caption":"FireWare"},"image":{"@id":"https:\/\/www.fireware.nl\/fr\/#\/schema\/logo\/image\/"},"sameAs":["https:\/\/www.facebook.com\/FireWareBV\/","https:\/\/x.com\/FireWarebv","https:\/\/www.instagram.com\/fireware_nl\/","https:\/\/www.linkedin.com\/company\/3586017\/","https:\/\/www.youtube.com\/user\/firesalesrentconsult"]}]}},"publishpress_future_workflow_manual_trigger":{"enabledWorkflows":[]},"_links":{"self":[{"href":"https:\/\/www.fireware.nl\/fr\/wp-json\/wp\/v2\/product\/67896","targetHints":{"allow":["GET"]}}],"collection":[{"href":"https:\/\/www.fireware.nl\/fr\/wp-json\/wp\/v2\/product"}],"about":[{"href":"https:\/\/www.fireware.nl\/fr\/wp-json\/wp\/v2\/types\/product"}],"wp:featuredmedia":[{"embeddable":true,"href":"https:\/\/www.fireware.nl\/fr\/wp-json\/wp\/v2\/media\/67721"}],"wp:attachment":[{"href":"https:\/\/www.fireware.nl\/fr\/wp-json\/wp\/v2\/media?parent=67896"}],"wp:term":[{"taxonomy":"product_brand","embeddable":true,"href":"https:\/\/www.fireware.nl\/fr\/wp-json\/wp\/v2\/product_brand?post=67896"},{"taxonomy":"product_cat","embeddable":true,"href":"https:\/\/www.fireware.nl\/fr\/wp-json\/wp\/v2\/product_cat?post=67896"},{"taxonomy":"product_tag","embeddable":true,"href":"https:\/\/www.fireware.nl\/fr\/wp-json\/wp\/v2\/product_tag?post=67896"}],"curies":[{"name":"wp","href":"https:\/\/api.w.org\/{rel}","templated":true}]}}