
{"id":67349,"date":"2021-11-09T11:09:13","date_gmt":"2021-11-09T11:09:13","guid":{"rendered":"https:\/\/www.fireware.nl\/product\/soundbox-v3\/"},"modified":"2024-11-25T13:44:00","modified_gmt":"2024-11-25T13:44:00","slug":"soundbox-v3","status":"publish","type":"product","link":"https:\/\/www.fireware.nl\/fr\/product\/soundbox-v3\/","title":{"rendered":"SoundBox V3"},"content":{"rendered":"\r\n<h2>\u00c9tanche avec 64 effets sonores<\/h2>\r\n<p>Bruits d&#8217;un incendie et \u00e9tincelles. Un chien qui aboie. Des gens qui sanglotent ou un b\u00e9b\u00e9 qui pleure. Des appels \u00e0 l&#8217;aide en plusieurs langues. Ce ne sont que quelques-uns des sons qui peuvent \u00eatre simul\u00e9s avec la FireWare SoundBox V3. Cette bo\u00eete \u00e0 sons comprend une licence permettant d&#8217;utiliser plus de 64 effets sonores FireWare sp\u00e9cialement con\u00e7us pour la mise en sc\u00e8ne. Confrontez les participants \u00e0 un effondrement derri\u00e8re eux ou \u00e0 une explosion quelque part dans le b\u00e2timent. R\u00e9agissent-ils de mani\u00e8re ad\u00e9quate au bruit d&#8217;une fuite de liquide ou de gaz ? Pratiquez des sc\u00e9narios tr\u00e8s divers et stimulants avec ce conf\u00e9rencier !<\/p>\r\n<h2>Robuste et \u00e9tanche<\/h2>\r\n<p>La SoundBox V3 est r\u00e9sistante \u00e0 l&#8217;eau (IP65) et tr\u00e8s robuste. Cela en fait l&#8217;outil id\u00e9al pour ajouter des effets sonores aux exercices impliquant de l&#8217;eau. La bo\u00eete est enti\u00e8rement \u00e9tanche et le couvercle prot\u00e8ge les touches des commandes et l&#8217;\u00e9cran.<\/p>\r\n<h2>Utilisation facile<\/h2>\r\n<p>Avec le logiciel sp\u00e9cial FireWare pour Android et iOS, le fonctionnement de la SoundBox V3 est un jeu d&#8217;enfant. La structure avanc\u00e9e du menu et la clart\u00e9 de l&#8217;\u00e9cran permettent de trouver facilement le bon son. Il est m\u00eame possible de mettre les sons dans un ordre particulier au moyen d&#8217;une liste de lecture. D&#8217;abord une explosion, ensuite un incendie !<\/p>\r\n<h2>Plusieurs Soundbox dans un seul r\u00e9seau wifi<\/h2>\r\n<p>Lors d&#8217;une bonne mise en sc\u00e8ne, le son provient de plusieurs directions. Le son de l&#8217;incendie venant de juste en face, les appels \u00e0 l&#8217;aide de la premi\u00e8re victime dans une pi\u00e8ce voisine, et peut-\u00eatre m\u00eame l&#8217;aboiement d&#8217;un chien quelque part&#8230; En pla\u00e7ant plusieurs SoundBox dans un r\u00e9seau Wi-Fi, vous pouvez, pendant l&#8217;exercice, cr\u00e9er une exp\u00e9rience sonore extr\u00eamement r\u00e9aliste. Et en tant qu&#8217;instructeur, vous pouvez contr\u00f4ler tous les sons avec une seule application\u00a0! Le grand avantage du wifi est que les distances qui peuvent \u00eatre franchies pendant un exercice sont plusieurs fois sup\u00e9rieures \u00e0 celles du Bluetooth.<\/p>\r\n<h2>Utiliser vos propres sons<\/h2>\r\n<p>La SoundBox V3 est livr\u00e9e avec une licence permettant d&#8217;utiliser plus de 64 sons r\u00e9alistes en 6 langues que vous pouvez utiliser pendant un exercice. Votre son n&#8217;est pas inclus ? Ensuite, vous pouvez m\u00eame diffuser vos propres sons directement sur la bo\u00eete \u00e0 sons via votre smartphone !<\/p>\r\n<h2>Bien emball\u00e9<\/h2>\r\n<p>Le mat\u00e9riel d&#8217;exercice est utilis\u00e9 dans des conditions difficiles. Naturellement, la SoundBox V3 est extr\u00eamement durable. Mais pour \u00e9viter tout dommage pendant le transport et le stockage, la SoundBox V3 est livr\u00e9e dans une caisse en plastique avec un int\u00e9rieur en mousse assorti. Le chargeur de batterie fourni peut \u00e9galement \u00eatre rang\u00e9 dans la caisse\u00a0! Et le mode d&#8217;emploi\u00a0? Nous le fournissons sous forme num\u00e9rique avec un code QR sur la machine. Tr\u00e8s pratique, vous ne le perdrez plus jamais\u00a0!<\/p>\r\n<h2>Une mise en sc\u00e8ne compl\u00e8te<\/h2>\r\n<p>Avec la SoundBox V3, vous pouvez mettre en sc\u00e8ne de mani\u00e8re r\u00e9aliste diff\u00e9rents sc\u00e9narios. Par exemple, la simulation d&#8217;un\u00a0<a href=\"https:\/\/www.fireware.nl\/fr\/product\/set-dentrainement-foyer-dincendie\/\" target=\"_blank\" rel=\"noopener\">foyer d&#8217;incendie<\/a>. Quand les pompiers entrent dans une pi\u00e8ce, ils \u00e9coutent o\u00f9 se trouve le feu. Ou bien ils entendent l&#8217;appel d&#8217;une victime et se dirigent vers elle \u00e0 travers la fum\u00e9e dense. Mais vous pouvez \u00e9galement ajouter des sons de feu \u00e0 une simulation avec le Phoenix Silkflame en combinaison avec une machine \u00e0 fum\u00e9e Cumulus, par exemple. Une chose est s\u00fbre\u00a0: avec la SoundBox V3, vous \u00eates assur\u00e9 d&#8217;obtenir des effets sonores r\u00e9alistes dans vos mises en sc\u00e8ne.<\/p>\r\n<p><iframe src=\"https:\/\/www.youtube.com\/embed\/F0kapjfzukU?rel=0&amp;hl=en&amp;cc_lang_pref=en&amp;cc_load_policy=1\" width=\"560\" height=\"315\" frameborder=\"0\" allowfullscreen=\"allowfullscreen\"><\/iframe><\/p>\r\n","protected":false},"excerpt":{"rendered":"<ul>\n<li>La nouvelle fa\u00e7on d&#8217;int\u00e9grer le son dans un exercice<\/li>\n<li>Norme d&#8217;\u00e9tanch\u00e9it\u00e9 IP65<\/li>\n<li>64 effets sonores pour la mise en sc\u00e8ne sont int\u00e9gr\u00e9s<\/li>\n<li>Stream vos propres sons via votre smartphone<\/li>\n<li>Contr\u00f4le via l&#8217;application wifi ou sur la machine<\/li>\n<li>Plusieurs SoundBox V3 peuvent \u00eatre plac\u00e9es dans un m\u00eame r\u00e9seau wifi<\/li>\n<li>\u00c9quip\u00e9e d&#8217;une batterie et d&#8217;un chargeur<\/li>\n<li>Livr\u00e9e dans une mallette de transport en plastique de 30 x 20 x 23,5 cm avec un int\u00e9rieur en mousse<\/li>\n<\/ul>\n","protected":false},"featured_media":67289,"template":"","meta":[],"product_brand":[],"product_cat":[95],"product_tag":[],"class_list":{"0":"post-67349","1":"product","2":"type-product","3":"status-publish","4":"has-post-thumbnail","6":"product_cat-son","7":"pa_taal-allemand","8":"pa_taal-anglais","9":"pa_taal-espagnol","10":"pa_taal-francais","11":"pa_taal-italien","12":"pa_taal-neerlandais","14":"first","15":"instock","16":"taxable","17":"shipping-taxable","18":"purchasable","19":"product-type-variable"},"yoast_head":"<!-- This site is optimized with the Yoast SEO plugin v27.2 - https:\/\/yoast.com\/product\/yoast-seo-wordpress\/ -->\n<title>SoundBox V3 - FireWare<\/title>\n<meta name=\"robots\" content=\"index, follow, max-snippet:-1, max-image-preview:large, max-video-preview:-1\" \/>\n<link rel=\"canonical\" href=\"https:\/\/www.fireware.nl\/fr\/product\/soundbox-v3\/\" \/>\n<meta property=\"og:locale\" content=\"fr_FR\" \/>\n<meta property=\"og:type\" content=\"article\" \/>\n<meta property=\"og:title\" content=\"SoundBox V3 - FireWare\" \/>\n<meta property=\"og:description\" content=\"La nouvelle fa\u00e7on d&#039;int\u00e9grer le son dans un exercice Norme d&#039;\u00e9tanch\u00e9it\u00e9 IP65 64 effets sonores pour la mise en sc\u00e8ne sont int\u00e9gr\u00e9s Stream vos propres sons via votre smartphone Contr\u00f4le via l&#039;application wifi ou sur la machine Plusieurs SoundBox V3 peuvent \u00eatre plac\u00e9es dans un m\u00eame r\u00e9seau wifi \u00c9quip\u00e9e d&#039;une batterie et d&#039;un chargeur Livr\u00e9e dans une mallette de transport en plastique de 30 x 20 x 23,5 cm avec un int\u00e9rieur en mousse\" \/>\n<meta property=\"og:url\" content=\"https:\/\/www.fireware.nl\/fr\/product\/soundbox-v3\/\" \/>\n<meta property=\"og:site_name\" content=\"FireWare\" \/>\n<meta property=\"article:publisher\" content=\"https:\/\/www.facebook.com\/FireWareBV\/\" \/>\n<meta property=\"article:modified_time\" content=\"2024-11-25T13:44:00+00:00\" \/>\n<meta property=\"og:image\" content=\"https:\/\/www.fireware.nl\/wp-content\/uploads\/2021\/11\/015-085-006-Soundbox-V3.jpg\" \/>\n\t<meta property=\"og:image:width\" content=\"600\" \/>\n\t<meta property=\"og:image:height\" content=\"600\" \/>\n\t<meta property=\"og:image:type\" content=\"image\/jpeg\" \/>\n<meta name=\"twitter:card\" content=\"summary_large_image\" \/>\n<meta name=\"twitter:site\" content=\"@FireWarebv\" \/>\n<meta name=\"twitter:label1\" content=\"Dur\u00e9e de lecture estim\u00e9e\" \/>\n\t<meta name=\"twitter:data1\" content=\"3 minutes\" \/>\n<script type=\"application\/ld+json\" class=\"yoast-schema-graph\">{\"@context\":\"https:\/\/schema.org\",\"@graph\":[{\"@type\":\"WebPage\",\"@id\":\"https:\/\/www.fireware.nl\/fr\/product\/soundbox-v3\/\",\"url\":\"https:\/\/www.fireware.nl\/fr\/product\/soundbox-v3\/\",\"name\":\"SoundBox V3 - FireWare\",\"isPartOf\":{\"@id\":\"https:\/\/www.fireware.nl\/fr\/#website\"},\"primaryImageOfPage\":{\"@id\":\"https:\/\/www.fireware.nl\/fr\/product\/soundbox-v3\/#primaryimage\"},\"image\":{\"@id\":\"https:\/\/www.fireware.nl\/fr\/product\/soundbox-v3\/#primaryimage\"},\"thumbnailUrl\":\"https:\/\/www.fireware.nl\/wp-content\/uploads\/2021\/11\/015-085-006-Soundbox-V3.jpg\",\"datePublished\":\"2021-11-09T11:09:13+00:00\",\"dateModified\":\"2024-11-25T13:44:00+00:00\",\"breadcrumb\":{\"@id\":\"https:\/\/www.fireware.nl\/fr\/product\/soundbox-v3\/#breadcrumb\"},\"inLanguage\":\"fr-FR\",\"potentialAction\":[{\"@type\":\"ReadAction\",\"target\":[\"https:\/\/www.fireware.nl\/fr\/product\/soundbox-v3\/\"]}]},{\"@type\":\"ImageObject\",\"inLanguage\":\"fr-FR\",\"@id\":\"https:\/\/www.fireware.nl\/fr\/product\/soundbox-v3\/#primaryimage\",\"url\":\"https:\/\/www.fireware.nl\/wp-content\/uploads\/2021\/11\/015-085-006-Soundbox-V3.jpg\",\"contentUrl\":\"https:\/\/www.fireware.nl\/wp-content\/uploads\/2021\/11\/015-085-006-Soundbox-V3.jpg\",\"width\":600,\"height\":600},{\"@type\":\"BreadcrumbList\",\"@id\":\"https:\/\/www.fireware.nl\/fr\/product\/soundbox-v3\/#breadcrumb\",\"itemListElement\":[{\"@type\":\"ListItem\",\"position\":1,\"name\":\"Home\",\"item\":\"https:\/\/www.fireware.nl\/fr\/\"},{\"@type\":\"ListItem\",\"position\":2,\"name\":\"Produits\",\"item\":\"https:\/\/www.fireware.nl\/fr\/produits\/\"},{\"@type\":\"ListItem\",\"position\":3,\"name\":\"SoundBox V3\"}]},{\"@type\":\"WebSite\",\"@id\":\"https:\/\/www.fireware.nl\/fr\/#website\",\"url\":\"https:\/\/www.fireware.nl\/fr\/\",\"name\":\"FireWare\",\"description\":\"CREATING REALISTIC  TRAINING ENVIRONMENTS\",\"publisher\":{\"@id\":\"https:\/\/www.fireware.nl\/fr\/#organization\"},\"potentialAction\":[{\"@type\":\"SearchAction\",\"target\":{\"@type\":\"EntryPoint\",\"urlTemplate\":\"https:\/\/www.fireware.nl\/fr\/?s={search_term_string}\"},\"query-input\":{\"@type\":\"PropertyValueSpecification\",\"valueRequired\":true,\"valueName\":\"search_term_string\"}}],\"inLanguage\":\"fr-FR\"},{\"@type\":\"Organization\",\"@id\":\"https:\/\/www.fireware.nl\/fr\/#organization\",\"name\":\"FireWare\",\"url\":\"https:\/\/www.fireware.nl\/fr\/\",\"logo\":{\"@type\":\"ImageObject\",\"inLanguage\":\"fr-FR\",\"@id\":\"https:\/\/www.fireware.nl\/fr\/#\/schema\/logo\/image\/\",\"url\":\"https:\/\/www.fireware.nl\/wp-content\/uploads\/2018\/10\/fireware-logo.png\",\"contentUrl\":\"https:\/\/www.fireware.nl\/wp-content\/uploads\/2018\/10\/fireware-logo.png\",\"width\":200,\"height\":86,\"caption\":\"FireWare\"},\"image\":{\"@id\":\"https:\/\/www.fireware.nl\/fr\/#\/schema\/logo\/image\/\"},\"sameAs\":[\"https:\/\/www.facebook.com\/FireWareBV\/\",\"https:\/\/x.com\/FireWarebv\",\"https:\/\/www.instagram.com\/fireware_nl\/\",\"https:\/\/www.linkedin.com\/company\/3586017\/\",\"https:\/\/www.youtube.com\/user\/firesalesrentconsult\"]}]}<\/script>\n<!-- \/ Yoast SEO plugin. -->","yoast_head_json":{"title":"SoundBox V3 - FireWare","robots":{"index":"index","follow":"follow","max-snippet":"max-snippet:-1","max-image-preview":"max-image-preview:large","max-video-preview":"max-video-preview:-1"},"canonical":"https:\/\/www.fireware.nl\/fr\/product\/soundbox-v3\/","og_locale":"fr_FR","og_type":"article","og_title":"SoundBox V3 - FireWare","og_description":"La nouvelle fa\u00e7on d'int\u00e9grer le son dans un exercice Norme d'\u00e9tanch\u00e9it\u00e9 IP65 64 effets sonores pour la mise en sc\u00e8ne sont int\u00e9gr\u00e9s Stream vos propres sons via votre smartphone Contr\u00f4le via l'application wifi ou sur la machine Plusieurs SoundBox V3 peuvent \u00eatre plac\u00e9es dans un m\u00eame r\u00e9seau wifi \u00c9quip\u00e9e d'une batterie et d'un chargeur Livr\u00e9e dans une mallette de transport en plastique de 30 x 20 x 23,5 cm avec un int\u00e9rieur en mousse","og_url":"https:\/\/www.fireware.nl\/fr\/product\/soundbox-v3\/","og_site_name":"FireWare","article_publisher":"https:\/\/www.facebook.com\/FireWareBV\/","article_modified_time":"2024-11-25T13:44:00+00:00","og_image":[{"width":600,"height":600,"url":"https:\/\/www.fireware.nl\/wp-content\/uploads\/2021\/11\/015-085-006-Soundbox-V3.jpg","type":"image\/jpeg"}],"twitter_card":"summary_large_image","twitter_site":"@FireWarebv","twitter_misc":{"Dur\u00e9e de lecture estim\u00e9e":"3 minutes"},"schema":{"@context":"https:\/\/schema.org","@graph":[{"@type":"WebPage","@id":"https:\/\/www.fireware.nl\/fr\/product\/soundbox-v3\/","url":"https:\/\/www.fireware.nl\/fr\/product\/soundbox-v3\/","name":"SoundBox V3 - FireWare","isPartOf":{"@id":"https:\/\/www.fireware.nl\/fr\/#website"},"primaryImageOfPage":{"@id":"https:\/\/www.fireware.nl\/fr\/product\/soundbox-v3\/#primaryimage"},"image":{"@id":"https:\/\/www.fireware.nl\/fr\/product\/soundbox-v3\/#primaryimage"},"thumbnailUrl":"https:\/\/www.fireware.nl\/wp-content\/uploads\/2021\/11\/015-085-006-Soundbox-V3.jpg","datePublished":"2021-11-09T11:09:13+00:00","dateModified":"2024-11-25T13:44:00+00:00","breadcrumb":{"@id":"https:\/\/www.fireware.nl\/fr\/product\/soundbox-v3\/#breadcrumb"},"inLanguage":"fr-FR","potentialAction":[{"@type":"ReadAction","target":["https:\/\/www.fireware.nl\/fr\/product\/soundbox-v3\/"]}]},{"@type":"ImageObject","inLanguage":"fr-FR","@id":"https:\/\/www.fireware.nl\/fr\/product\/soundbox-v3\/#primaryimage","url":"https:\/\/www.fireware.nl\/wp-content\/uploads\/2021\/11\/015-085-006-Soundbox-V3.jpg","contentUrl":"https:\/\/www.fireware.nl\/wp-content\/uploads\/2021\/11\/015-085-006-Soundbox-V3.jpg","width":600,"height":600},{"@type":"BreadcrumbList","@id":"https:\/\/www.fireware.nl\/fr\/product\/soundbox-v3\/#breadcrumb","itemListElement":[{"@type":"ListItem","position":1,"name":"Home","item":"https:\/\/www.fireware.nl\/fr\/"},{"@type":"ListItem","position":2,"name":"Produits","item":"https:\/\/www.fireware.nl\/fr\/produits\/"},{"@type":"ListItem","position":3,"name":"SoundBox V3"}]},{"@type":"WebSite","@id":"https:\/\/www.fireware.nl\/fr\/#website","url":"https:\/\/www.fireware.nl\/fr\/","name":"FireWare","description":"CREATING REALISTIC  TRAINING ENVIRONMENTS","publisher":{"@id":"https:\/\/www.fireware.nl\/fr\/#organization"},"potentialAction":[{"@type":"SearchAction","target":{"@type":"EntryPoint","urlTemplate":"https:\/\/www.fireware.nl\/fr\/?s={search_term_string}"},"query-input":{"@type":"PropertyValueSpecification","valueRequired":true,"valueName":"search_term_string"}}],"inLanguage":"fr-FR"},{"@type":"Organization","@id":"https:\/\/www.fireware.nl\/fr\/#organization","name":"FireWare","url":"https:\/\/www.fireware.nl\/fr\/","logo":{"@type":"ImageObject","inLanguage":"fr-FR","@id":"https:\/\/www.fireware.nl\/fr\/#\/schema\/logo\/image\/","url":"https:\/\/www.fireware.nl\/wp-content\/uploads\/2018\/10\/fireware-logo.png","contentUrl":"https:\/\/www.fireware.nl\/wp-content\/uploads\/2018\/10\/fireware-logo.png","width":200,"height":86,"caption":"FireWare"},"image":{"@id":"https:\/\/www.fireware.nl\/fr\/#\/schema\/logo\/image\/"},"sameAs":["https:\/\/www.facebook.com\/FireWareBV\/","https:\/\/x.com\/FireWarebv","https:\/\/www.instagram.com\/fireware_nl\/","https:\/\/www.linkedin.com\/company\/3586017\/","https:\/\/www.youtube.com\/user\/firesalesrentconsult"]}]}},"publishpress_future_workflow_manual_trigger":{"enabledWorkflows":[]},"_links":{"self":[{"href":"https:\/\/www.fireware.nl\/fr\/wp-json\/wp\/v2\/product\/67349","targetHints":{"allow":["GET"]}}],"collection":[{"href":"https:\/\/www.fireware.nl\/fr\/wp-json\/wp\/v2\/product"}],"about":[{"href":"https:\/\/www.fireware.nl\/fr\/wp-json\/wp\/v2\/types\/product"}],"wp:featuredmedia":[{"embeddable":true,"href":"https:\/\/www.fireware.nl\/fr\/wp-json\/wp\/v2\/media\/67289"}],"wp:attachment":[{"href":"https:\/\/www.fireware.nl\/fr\/wp-json\/wp\/v2\/media?parent=67349"}],"wp:term":[{"taxonomy":"product_brand","embeddable":true,"href":"https:\/\/www.fireware.nl\/fr\/wp-json\/wp\/v2\/product_brand?post=67349"},{"taxonomy":"product_cat","embeddable":true,"href":"https:\/\/www.fireware.nl\/fr\/wp-json\/wp\/v2\/product_cat?post=67349"},{"taxonomy":"product_tag","embeddable":true,"href":"https:\/\/www.fireware.nl\/fr\/wp-json\/wp\/v2\/product_tag?post=67349"}],"curies":[{"name":"wp","href":"https:\/\/api.w.org\/{rel}","templated":true}]}}