
{"id":65845,"date":"2021-09-21T09:21:58","date_gmt":"2021-09-21T09:21:58","guid":{"rendered":"https:\/\/www.fireware.nl\/product\/cabine-devasion-le-reporter-rapide\/"},"modified":"2026-04-16T14:23:05","modified_gmt":"2026-04-16T14:23:05","slug":"cabine-devasion-le-reporter-rapide","status":"publish","type":"product","link":"https:\/\/www.fireware.nl\/fr\/product\/cabine-devasion-le-reporter-rapide\/","title":{"rendered":"Cabine d&#8217;\u00e9vasion \u00ab le Reporter Rapide \u00bb"},"content":{"rendered":"\r\n<p><\/p>\r\n<h2>Une exp\u00e9rience ludique<\/h2>\r\n<p>Les stagiaires peuvent profiter d&#8217;une exp\u00e9rience vraiment remarquable ! En entrant dans une espace, ils tombent sur une ar\u00e8ne vaste rempli de voitures radiographiques, chacune b\u00e9n\u00e9ficiant de ses propres caract\u00e9ristiques.<\/p>\r\n<h2>Le jeu<\/h2>\r\n<p>Un moniteur est plac\u00e9 transversalement de l&#8217;ar\u00e8ne, o\u00f9 l&#8217;on peut voir un film introducteur. Le film est montr\u00e9 de fa\u00e7on continue. Chaque stagiaire se voit confront\u00e9 avec un petit coffre-fort ferm\u00e9 avec une serrure \u00e0 chiffres. Dedans, il se trouve la t\u00e9l\u00e9commande de l&#8217;une des voitures. A un moment donn\u00e9, le leader du jeu appuie sur START : le jeu commence. Le reporter rapide figure dans l&#8217;\u00e9cran, arrivant dans sa camionnette de presse. Il explique les r\u00e8gles du jeu aux participants. Il y aura une image \u00e0 l&#8217;\u00e9cran montrant le lieu de s\u00e9lection des voitures. C&#8217;est aux participants de reproduire cet ordre des voitures &#8216;dans l&#8217;ar\u00e8ne. D\u00e8s qu&#8217;ils auraient r\u00e9ussi, ils peuvent envoyer une photo \u00e0 la r\u00e9daction par appuyer le bouton. Si la s\u00e9lection est juste, ils peuvent continuer par la prochaine s\u00e9lection. Sinon, ils auront une nouvelle chance.<\/p>\r\n<h2>Gamification<\/h2>\r\n<p>Mais avant qu&#8217;ils ne puissent faire bouger les voitures, il leur faut l&#8217;acc\u00e8s aux t\u00e9l\u00e9commandes. Les coffres forts peuvent \u00eatre ouvert \u00e0 l&#8217;aide des codes qui figurent sur l&#8217;\u00e9cran. Mais ce n&#8217;est pas si facile que \u00e7a : chaque 12 secondes les codes changent de position&#8217; et d&#8217;ordre&#8217; voil\u00e0 le premier d\u00e9fit pour la groupe ! Apr\u00e8s avoir trouv\u00e9 6 diff\u00e9rentes s\u00e9lections, les participants ont fini le jeu. La dur\u00e9e approximative du jeu est de 45 \u00e0 120 minutes, ce qui d\u00e9pend du nombre de joueurs.<\/p>\r\n<h2>\u00c9valuation par le leader du jeu<\/h2>\r\n<p>Les photos sont \u00e9valu\u00e9es par le leader du jeu. Il re\u00e7oit la photo de la s\u00e9lection propos\u00e9e sur son iPad ainsi que la s\u00e9lection correcte. Est-ce qu&#8217;elles correspondent ? Le leader du jeu peut donner son accord \u00e0 la s\u00e9lection, ou non. Sinon, les participants doivent proposer une nouvelle s\u00e9lection. Les personnages et les environnements, les situations, peuvent \u00eatre adapt\u00e9s au gr\u00e9 de l&#8217;organisation pour une exp\u00e9rience optimale ! Une solution id\u00e9ale pour am\u00e9liorer et mettre en harmonie la communication, la priorisation, la collaboration, la supervision et le m\u00e9moire. Cette cabine d&#8217;\u00e9vasion a \u00e9t\u00e9 utilis\u00e9 pour faciliter les journ\u00e9es <a href=\"https:\/\/www.fireware.nl\/fr\/portefeuille\/7-scenarios-pour-les-journees-copi\/\" target=\"_blank\" rel=\"noopener\">\u00ab&#8217;COPI&#8217;\u00bb des r\u00e9gions de Flevoland et de la Gooi- en Vechtstreek<\/a>. Cette cabine d&#8217;\u00e9vasion est install\u00e9e sur site, par exemple sur vos terrains.<\/p>\r\n<h2>Regardez la vid\u00e9o<\/h2>\r\n<p><\/p>\r\n<p><iframe src=\"https:\/\/www.youtube.com\/embed\/cM5RmWX66_0?hl=fr&amp;cc_lang_pref=fr&amp;cc_load_policy=1\" width=\"560\" height=\"315\" frameborder=\"0\" allowfullscreen=\"allowfullscreen\"><\/iframe><\/p>\r\n","protected":false},"excerpt":{"rendered":"<h3>Composition :<\/h3>\n<ul>\n<li>Pi\u00e8ces de la poutrelle<\/li>\n<li>1 x Unit\u00e9 de contr\u00f4le<\/li>\n<li>10 x Voiture radiocommand\u00e9e<\/li>\n<li>8 x Bo\u00eete avec cadenas<\/li>\n<li>1 x Plancher de jeu et tissu<\/li>\n<li>1 x Jeu de bobines<\/li>\n<li>1 x jeu de c\u00e2bles 230 V<\/li>\n<li>Mat\u00e9riau de montage<\/li>\n<\/ul>\n","protected":false},"featured_media":40030,"template":"","meta":[],"product_brand":[],"product_cat":[2981,3009],"product_tag":[],"class_list":{"0":"post-65845","1":"product","2":"type-product","3":"status-publish","4":"has-post-thumbnail","6":"product_cat-le-reporter-rapide","7":"product_cat-location","9":"first","10":"instock","11":"taxable","12":"shipping-taxable","13":"purchasable","14":"product-type-rentable"},"yoast_head":"<!-- This site is optimized with the Yoast SEO plugin v27.4 - https:\/\/yoast.com\/product\/yoast-seo-wordpress\/ -->\n<title>Cabine d&#039;\u00e9vasion \u00ab le Reporter Rapide \u00bb - FireWare<\/title>\n<meta name=\"robots\" content=\"index, follow, max-snippet:-1, max-image-preview:large, max-video-preview:-1\" \/>\n<link rel=\"canonical\" href=\"https:\/\/www.fireware.nl\/fr\/product\/cabine-devasion-le-reporter-rapide\/\" \/>\n<meta property=\"og:locale\" content=\"fr_FR\" \/>\n<meta property=\"og:type\" content=\"article\" \/>\n<meta property=\"og:title\" content=\"Cabine d&#039;\u00e9vasion \u00ab le Reporter Rapide \u00bb - FireWare\" \/>\n<meta property=\"og:description\" content=\"Composition :  Pi\u00e8ces de la poutrelle 1 x Unit\u00e9 de contr\u00f4le 10 x Voiture radiocommand\u00e9e 8 x Bo\u00eete avec cadenas 1 x Plancher de jeu et tissu 1 x Jeu de bobines 1 x jeu de c\u00e2bles 230 V Mat\u00e9riau de montage\" \/>\n<meta property=\"og:url\" content=\"https:\/\/www.fireware.nl\/fr\/product\/cabine-devasion-le-reporter-rapide\/\" \/>\n<meta property=\"og:site_name\" content=\"FireWare\" \/>\n<meta property=\"article:publisher\" content=\"https:\/\/www.facebook.com\/FireWareBV\/\" \/>\n<meta property=\"article:modified_time\" content=\"2026-04-16T14:23:05+00:00\" \/>\n<meta property=\"og:image\" content=\"https:\/\/www.fireware.nl\/wp-content\/uploads\/2018\/06\/RST-715-101-Speelveld-Razende-Reporter.jpg\" \/>\n\t<meta property=\"og:image:width\" content=\"600\" \/>\n\t<meta property=\"og:image:height\" content=\"600\" \/>\n\t<meta property=\"og:image:type\" content=\"image\/jpeg\" \/>\n<meta name=\"twitter:card\" content=\"summary_large_image\" \/>\n<meta name=\"twitter:site\" content=\"@FireWarebv\" \/>\n<meta name=\"twitter:label1\" content=\"Dur\u00e9e de lecture estim\u00e9e\" \/>\n\t<meta name=\"twitter:data1\" content=\"2 minutes\" \/>\n<script type=\"application\/ld+json\" class=\"yoast-schema-graph\">{\"@context\":\"https:\\\/\\\/schema.org\",\"@graph\":[{\"@type\":\"WebPage\",\"@id\":\"https:\\\/\\\/www.fireware.nl\\\/fr\\\/product\\\/cabine-devasion-le-reporter-rapide\\\/\",\"url\":\"https:\\\/\\\/www.fireware.nl\\\/fr\\\/product\\\/cabine-devasion-le-reporter-rapide\\\/\",\"name\":\"Cabine d'\u00e9vasion \u00ab le Reporter Rapide \u00bb - FireWare\",\"isPartOf\":{\"@id\":\"https:\\\/\\\/www.fireware.nl\\\/fr\\\/#website\"},\"primaryImageOfPage\":{\"@id\":\"https:\\\/\\\/www.fireware.nl\\\/fr\\\/product\\\/cabine-devasion-le-reporter-rapide\\\/#primaryimage\"},\"image\":{\"@id\":\"https:\\\/\\\/www.fireware.nl\\\/fr\\\/product\\\/cabine-devasion-le-reporter-rapide\\\/#primaryimage\"},\"thumbnailUrl\":\"https:\\\/\\\/www.fireware.nl\\\/wp-content\\\/uploads\\\/2018\\\/06\\\/RST-715-101-Speelveld-Razende-Reporter.jpg\",\"datePublished\":\"2021-09-21T09:21:58+00:00\",\"dateModified\":\"2026-04-16T14:23:05+00:00\",\"breadcrumb\":{\"@id\":\"https:\\\/\\\/www.fireware.nl\\\/fr\\\/product\\\/cabine-devasion-le-reporter-rapide\\\/#breadcrumb\"},\"inLanguage\":\"fr-FR\",\"potentialAction\":[{\"@type\":\"ReadAction\",\"target\":[\"https:\\\/\\\/www.fireware.nl\\\/fr\\\/product\\\/cabine-devasion-le-reporter-rapide\\\/\"]}]},{\"@type\":\"ImageObject\",\"inLanguage\":\"fr-FR\",\"@id\":\"https:\\\/\\\/www.fireware.nl\\\/fr\\\/product\\\/cabine-devasion-le-reporter-rapide\\\/#primaryimage\",\"url\":\"https:\\\/\\\/www.fireware.nl\\\/wp-content\\\/uploads\\\/2018\\\/06\\\/RST-715-101-Speelveld-Razende-Reporter.jpg\",\"contentUrl\":\"https:\\\/\\\/www.fireware.nl\\\/wp-content\\\/uploads\\\/2018\\\/06\\\/RST-715-101-Speelveld-Razende-Reporter.jpg\",\"width\":600,\"height\":600},{\"@type\":\"BreadcrumbList\",\"@id\":\"https:\\\/\\\/www.fireware.nl\\\/fr\\\/product\\\/cabine-devasion-le-reporter-rapide\\\/#breadcrumb\",\"itemListElement\":[{\"@type\":\"ListItem\",\"position\":1,\"name\":\"Home\",\"item\":\"https:\\\/\\\/www.fireware.nl\\\/fr\\\/\"},{\"@type\":\"ListItem\",\"position\":2,\"name\":\"Produits\",\"item\":\"https:\\\/\\\/www.fireware.nl\\\/fr\\\/produits\\\/\"},{\"@type\":\"ListItem\",\"position\":3,\"name\":\"Cabine d&#8217;\u00e9vasion \u00ab le Reporter Rapide \u00bb\"}]},{\"@type\":\"WebSite\",\"@id\":\"https:\\\/\\\/www.fireware.nl\\\/fr\\\/#website\",\"url\":\"https:\\\/\\\/www.fireware.nl\\\/fr\\\/\",\"name\":\"FireWare\",\"description\":\"CREATING REALISTIC  TRAINING ENVIRONMENTS\",\"publisher\":{\"@id\":\"https:\\\/\\\/www.fireware.nl\\\/fr\\\/#organization\"},\"potentialAction\":[{\"@type\":\"SearchAction\",\"target\":{\"@type\":\"EntryPoint\",\"urlTemplate\":\"https:\\\/\\\/www.fireware.nl\\\/fr\\\/?s={search_term_string}\"},\"query-input\":{\"@type\":\"PropertyValueSpecification\",\"valueRequired\":true,\"valueName\":\"search_term_string\"}}],\"inLanguage\":\"fr-FR\"},{\"@type\":\"Organization\",\"@id\":\"https:\\\/\\\/www.fireware.nl\\\/fr\\\/#organization\",\"name\":\"FireWare\",\"url\":\"https:\\\/\\\/www.fireware.nl\\\/fr\\\/\",\"logo\":{\"@type\":\"ImageObject\",\"inLanguage\":\"fr-FR\",\"@id\":\"https:\\\/\\\/www.fireware.nl\\\/fr\\\/#\\\/schema\\\/logo\\\/image\\\/\",\"url\":\"https:\\\/\\\/www.fireware.nl\\\/wp-content\\\/uploads\\\/2018\\\/10\\\/fireware-logo.png\",\"contentUrl\":\"https:\\\/\\\/www.fireware.nl\\\/wp-content\\\/uploads\\\/2018\\\/10\\\/fireware-logo.png\",\"width\":200,\"height\":86,\"caption\":\"FireWare\"},\"image\":{\"@id\":\"https:\\\/\\\/www.fireware.nl\\\/fr\\\/#\\\/schema\\\/logo\\\/image\\\/\"},\"sameAs\":[\"https:\\\/\\\/www.facebook.com\\\/FireWareBV\\\/\",\"https:\\\/\\\/x.com\\\/FireWarebv\",\"https:\\\/\\\/www.instagram.com\\\/fireware_nl\\\/\",\"https:\\\/\\\/www.linkedin.com\\\/company\\\/3586017\\\/\",\"https:\\\/\\\/www.youtube.com\\\/user\\\/firesalesrentconsult\"]}]}<\/script>\n<!-- \/ Yoast SEO plugin. -->","yoast_head_json":{"title":"Cabine d'\u00e9vasion \u00ab le Reporter Rapide \u00bb - FireWare","robots":{"index":"index","follow":"follow","max-snippet":"max-snippet:-1","max-image-preview":"max-image-preview:large","max-video-preview":"max-video-preview:-1"},"canonical":"https:\/\/www.fireware.nl\/fr\/product\/cabine-devasion-le-reporter-rapide\/","og_locale":"fr_FR","og_type":"article","og_title":"Cabine d'\u00e9vasion \u00ab le Reporter Rapide \u00bb - FireWare","og_description":"Composition :  Pi\u00e8ces de la poutrelle 1 x Unit\u00e9 de contr\u00f4le 10 x Voiture radiocommand\u00e9e 8 x Bo\u00eete avec cadenas 1 x Plancher de jeu et tissu 1 x Jeu de bobines 1 x jeu de c\u00e2bles 230 V Mat\u00e9riau de montage","og_url":"https:\/\/www.fireware.nl\/fr\/product\/cabine-devasion-le-reporter-rapide\/","og_site_name":"FireWare","article_publisher":"https:\/\/www.facebook.com\/FireWareBV\/","article_modified_time":"2026-04-16T14:23:05+00:00","og_image":[{"width":600,"height":600,"url":"https:\/\/www.fireware.nl\/wp-content\/uploads\/2018\/06\/RST-715-101-Speelveld-Razende-Reporter.jpg","type":"image\/jpeg"}],"twitter_card":"summary_large_image","twitter_site":"@FireWarebv","twitter_misc":{"Dur\u00e9e de lecture estim\u00e9e":"2 minutes"},"schema":{"@context":"https:\/\/schema.org","@graph":[{"@type":"WebPage","@id":"https:\/\/www.fireware.nl\/fr\/product\/cabine-devasion-le-reporter-rapide\/","url":"https:\/\/www.fireware.nl\/fr\/product\/cabine-devasion-le-reporter-rapide\/","name":"Cabine d'\u00e9vasion \u00ab le Reporter Rapide \u00bb - FireWare","isPartOf":{"@id":"https:\/\/www.fireware.nl\/fr\/#website"},"primaryImageOfPage":{"@id":"https:\/\/www.fireware.nl\/fr\/product\/cabine-devasion-le-reporter-rapide\/#primaryimage"},"image":{"@id":"https:\/\/www.fireware.nl\/fr\/product\/cabine-devasion-le-reporter-rapide\/#primaryimage"},"thumbnailUrl":"https:\/\/www.fireware.nl\/wp-content\/uploads\/2018\/06\/RST-715-101-Speelveld-Razende-Reporter.jpg","datePublished":"2021-09-21T09:21:58+00:00","dateModified":"2026-04-16T14:23:05+00:00","breadcrumb":{"@id":"https:\/\/www.fireware.nl\/fr\/product\/cabine-devasion-le-reporter-rapide\/#breadcrumb"},"inLanguage":"fr-FR","potentialAction":[{"@type":"ReadAction","target":["https:\/\/www.fireware.nl\/fr\/product\/cabine-devasion-le-reporter-rapide\/"]}]},{"@type":"ImageObject","inLanguage":"fr-FR","@id":"https:\/\/www.fireware.nl\/fr\/product\/cabine-devasion-le-reporter-rapide\/#primaryimage","url":"https:\/\/www.fireware.nl\/wp-content\/uploads\/2018\/06\/RST-715-101-Speelveld-Razende-Reporter.jpg","contentUrl":"https:\/\/www.fireware.nl\/wp-content\/uploads\/2018\/06\/RST-715-101-Speelveld-Razende-Reporter.jpg","width":600,"height":600},{"@type":"BreadcrumbList","@id":"https:\/\/www.fireware.nl\/fr\/product\/cabine-devasion-le-reporter-rapide\/#breadcrumb","itemListElement":[{"@type":"ListItem","position":1,"name":"Home","item":"https:\/\/www.fireware.nl\/fr\/"},{"@type":"ListItem","position":2,"name":"Produits","item":"https:\/\/www.fireware.nl\/fr\/produits\/"},{"@type":"ListItem","position":3,"name":"Cabine d&#8217;\u00e9vasion \u00ab le Reporter Rapide \u00bb"}]},{"@type":"WebSite","@id":"https:\/\/www.fireware.nl\/fr\/#website","url":"https:\/\/www.fireware.nl\/fr\/","name":"FireWare","description":"CREATING REALISTIC  TRAINING ENVIRONMENTS","publisher":{"@id":"https:\/\/www.fireware.nl\/fr\/#organization"},"potentialAction":[{"@type":"SearchAction","target":{"@type":"EntryPoint","urlTemplate":"https:\/\/www.fireware.nl\/fr\/?s={search_term_string}"},"query-input":{"@type":"PropertyValueSpecification","valueRequired":true,"valueName":"search_term_string"}}],"inLanguage":"fr-FR"},{"@type":"Organization","@id":"https:\/\/www.fireware.nl\/fr\/#organization","name":"FireWare","url":"https:\/\/www.fireware.nl\/fr\/","logo":{"@type":"ImageObject","inLanguage":"fr-FR","@id":"https:\/\/www.fireware.nl\/fr\/#\/schema\/logo\/image\/","url":"https:\/\/www.fireware.nl\/wp-content\/uploads\/2018\/10\/fireware-logo.png","contentUrl":"https:\/\/www.fireware.nl\/wp-content\/uploads\/2018\/10\/fireware-logo.png","width":200,"height":86,"caption":"FireWare"},"image":{"@id":"https:\/\/www.fireware.nl\/fr\/#\/schema\/logo\/image\/"},"sameAs":["https:\/\/www.facebook.com\/FireWareBV\/","https:\/\/x.com\/FireWarebv","https:\/\/www.instagram.com\/fireware_nl\/","https:\/\/www.linkedin.com\/company\/3586017\/","https:\/\/www.youtube.com\/user\/firesalesrentconsult"]}]}},"publishpress_future_workflow_manual_trigger":{"enabledWorkflows":[]},"_links":{"self":[{"href":"https:\/\/www.fireware.nl\/fr\/wp-json\/wp\/v2\/product\/65845","targetHints":{"allow":["GET"]}}],"collection":[{"href":"https:\/\/www.fireware.nl\/fr\/wp-json\/wp\/v2\/product"}],"about":[{"href":"https:\/\/www.fireware.nl\/fr\/wp-json\/wp\/v2\/types\/product"}],"wp:featuredmedia":[{"embeddable":true,"href":"https:\/\/www.fireware.nl\/fr\/wp-json\/wp\/v2\/media\/40030"}],"wp:attachment":[{"href":"https:\/\/www.fireware.nl\/fr\/wp-json\/wp\/v2\/media?parent=65845"}],"wp:term":[{"taxonomy":"product_brand","embeddable":true,"href":"https:\/\/www.fireware.nl\/fr\/wp-json\/wp\/v2\/product_brand?post=65845"},{"taxonomy":"product_cat","embeddable":true,"href":"https:\/\/www.fireware.nl\/fr\/wp-json\/wp\/v2\/product_cat?post=65845"},{"taxonomy":"product_tag","embeddable":true,"href":"https:\/\/www.fireware.nl\/fr\/wp-json\/wp\/v2\/product_tag?post=65845"}],"curies":[{"name":"wp","href":"https:\/\/api.w.org\/{rel}","templated":true}]}}