
{"id":65661,"date":"2021-09-21T09:27:10","date_gmt":"2021-09-21T09:27:10","guid":{"rendered":"https:\/\/www.fireware.nl\/product\/duty-range-manikin-50-kg\/"},"modified":"2026-04-20T02:15:28","modified_gmt":"2026-04-20T02:15:28","slug":"duty-range-manikin-50-kg","status":"publish","type":"product","link":"https:\/\/www.fireware.nl\/fr\/product\/duty-range-manikin-50-kg\/","title":{"rendered":"Duty Range Manikin 50 kg"},"content":{"rendered":"<h2>Mannequin \u00e0 tra\u00eener standard<\/h2>\n<p>Ce mannequin d&#8217;exercice est proportionn\u00e9 comme un adulte et p\u00e8se 50 kilos. Il se manipule de mani\u00e8re r\u00e9aliste : des sauvetages par le biais de la prise de Rautek ou la stabilisation du mannequin en position lat\u00e9rale de s\u00e9curit\u00e9 sont possibles. Ce mannequin d&#8217;exercice Duty Range convient aussi \u00e0 des sauvetages en hauteur pendant lesquels on utilise un harnais ou une ceinture d&#8217;escalade. Le mannequin d&#8217;exercice est muni de bottes en caoutchouc robustes.<\/p>\n<p>Il est rempli de substance qui reste en place et qui conf\u00e8re \u00e0 tous ses membres un poids r\u00e9el et bien r\u00e9parti. Le mannequin est tr\u00e8s robuste et reste intact apr\u00e8s avoir \u00e9t\u00e9 renvers\u00e9 par une voiture ou \u00eatre tomb\u00e9 d&#8217;une hauteur importante. Une boucle tr\u00e8s solide lui est attach\u00e9e dans le dos, avec laquelle il est facile de l&#8217;agripper pendant des pr\u00e9paratifs. Attention : le mannequin ne r\u00e9siste pas aux coupures.<\/p>\n<p>Ce mannequin d&#8217;exercice s&#8217;utilise dans des espaces d&#8217;exercice o\u00f9 l&#8217;on utilise du feu et r\u00e9siste \u00e0 une temp\u00e9rature allant jusqu&#8217;\u00e0 100 degr\u00e9s Celsius.<\/p>\n<p>Vous pouvez rendre le mannequin d&#8217;exercice encore plus r\u00e9aliste en louant un pack v\u00eatements. S\u00e9lectionnez alors un pack v\u00eatements adapt\u00e9 au sc\u00e9nario choisi et au lieu d&#8217;exercice.<\/p>\n<p>Avez-vous besoin d&#8217;un poids plus important? Dans ce cas, consultez le Mannequin \u00e0 tra\u00eener sur le sol Duty Range Obese ou utilisez un gilet alourdissant. Un poids moins lourd vous convient aussi ? Dans ce cas, le Mannequin \u00e0 tra\u00eener sur le sol Duty Range 30 kg vous conviendra mieux.<\/p>\n","protected":false},"excerpt":{"rendered":"<h3>Composition :<\/h3>\n<ul>\n<li>1 x mannequin<\/li>\n<\/ul>\n","protected":false},"featured_media":26439,"template":"","meta":[],"product_brand":[],"product_cat":[3009,2996],"product_tag":[],"class_list":{"0":"post-65661","1":"product","2":"type-product","3":"status-publish","4":"has-post-thumbnail","6":"product_cat-location","7":"product_cat-mannequins-sauvetage-et-evacuation","9":"first","10":"instock","11":"taxable","12":"shipping-taxable","13":"purchasable","14":"product-type-rentable"},"yoast_head":"<!-- This site is optimized with the Yoast SEO plugin v27.4 - https:\/\/yoast.com\/product\/yoast-seo-wordpress\/ -->\n<title>Duty Range Manikin 50 kg - FireWare<\/title>\n<meta name=\"robots\" content=\"index, follow, max-snippet:-1, max-image-preview:large, max-video-preview:-1\" \/>\n<link rel=\"canonical\" href=\"https:\/\/www.fireware.nl\/fr\/product\/duty-range-manikin-50-kg\/\" \/>\n<meta property=\"og:locale\" content=\"fr_FR\" \/>\n<meta property=\"og:type\" content=\"article\" \/>\n<meta property=\"og:title\" content=\"Duty Range Manikin 50 kg - FireWare\" \/>\n<meta property=\"og:description\" content=\"Composition :   1 x mannequin\" \/>\n<meta property=\"og:url\" content=\"https:\/\/www.fireware.nl\/fr\/product\/duty-range-manikin-50-kg\/\" \/>\n<meta property=\"og:site_name\" content=\"FireWare\" \/>\n<meta property=\"article:publisher\" content=\"https:\/\/www.facebook.com\/FireWareBV\/\" \/>\n<meta property=\"article:modified_time\" content=\"2026-04-20T02:15:28+00:00\" \/>\n<meta property=\"og:image\" content=\"https:\/\/www.fireware.nl\/wp-content\/uploads\/2017\/08\/RST-707-103-Oefenpop-duty-range-50kg.jpg\" \/>\n\t<meta property=\"og:image:width\" content=\"600\" \/>\n\t<meta property=\"og:image:height\" content=\"600\" \/>\n\t<meta property=\"og:image:type\" content=\"image\/jpeg\" \/>\n<meta name=\"twitter:card\" content=\"summary_large_image\" \/>\n<meta name=\"twitter:site\" content=\"@FireWarebv\" \/>\n<meta name=\"twitter:label1\" content=\"Dur\u00e9e de lecture estim\u00e9e\" \/>\n\t<meta name=\"twitter:data1\" content=\"1 minute\" \/>\n<script type=\"application\/ld+json\" class=\"yoast-schema-graph\">{\"@context\":\"https:\\\/\\\/schema.org\",\"@graph\":[{\"@type\":\"WebPage\",\"@id\":\"https:\\\/\\\/www.fireware.nl\\\/fr\\\/product\\\/duty-range-manikin-50-kg\\\/\",\"url\":\"https:\\\/\\\/www.fireware.nl\\\/fr\\\/product\\\/duty-range-manikin-50-kg\\\/\",\"name\":\"Duty Range Manikin 50 kg - FireWare\",\"isPartOf\":{\"@id\":\"https:\\\/\\\/www.fireware.nl\\\/fr\\\/#website\"},\"primaryImageOfPage\":{\"@id\":\"https:\\\/\\\/www.fireware.nl\\\/fr\\\/product\\\/duty-range-manikin-50-kg\\\/#primaryimage\"},\"image\":{\"@id\":\"https:\\\/\\\/www.fireware.nl\\\/fr\\\/product\\\/duty-range-manikin-50-kg\\\/#primaryimage\"},\"thumbnailUrl\":\"https:\\\/\\\/www.fireware.nl\\\/wp-content\\\/uploads\\\/2017\\\/08\\\/RST-707-103-Oefenpop-duty-range-50kg.jpg\",\"datePublished\":\"2021-09-21T09:27:10+00:00\",\"dateModified\":\"2026-04-20T02:15:28+00:00\",\"breadcrumb\":{\"@id\":\"https:\\\/\\\/www.fireware.nl\\\/fr\\\/product\\\/duty-range-manikin-50-kg\\\/#breadcrumb\"},\"inLanguage\":\"fr-FR\",\"potentialAction\":[{\"@type\":\"ReadAction\",\"target\":[\"https:\\\/\\\/www.fireware.nl\\\/fr\\\/product\\\/duty-range-manikin-50-kg\\\/\"]}]},{\"@type\":\"ImageObject\",\"inLanguage\":\"fr-FR\",\"@id\":\"https:\\\/\\\/www.fireware.nl\\\/fr\\\/product\\\/duty-range-manikin-50-kg\\\/#primaryimage\",\"url\":\"https:\\\/\\\/www.fireware.nl\\\/wp-content\\\/uploads\\\/2017\\\/08\\\/RST-707-103-Oefenpop-duty-range-50kg.jpg\",\"contentUrl\":\"https:\\\/\\\/www.fireware.nl\\\/wp-content\\\/uploads\\\/2017\\\/08\\\/RST-707-103-Oefenpop-duty-range-50kg.jpg\",\"width\":600,\"height\":600,\"caption\":\"RST-707-103 Oefenpop duty-range 50kg\"},{\"@type\":\"BreadcrumbList\",\"@id\":\"https:\\\/\\\/www.fireware.nl\\\/fr\\\/product\\\/duty-range-manikin-50-kg\\\/#breadcrumb\",\"itemListElement\":[{\"@type\":\"ListItem\",\"position\":1,\"name\":\"Home\",\"item\":\"https:\\\/\\\/www.fireware.nl\\\/fr\\\/\"},{\"@type\":\"ListItem\",\"position\":2,\"name\":\"Produits\",\"item\":\"https:\\\/\\\/www.fireware.nl\\\/fr\\\/produits\\\/\"},{\"@type\":\"ListItem\",\"position\":3,\"name\":\"Duty Range Manikin 50 kg\"}]},{\"@type\":\"WebSite\",\"@id\":\"https:\\\/\\\/www.fireware.nl\\\/fr\\\/#website\",\"url\":\"https:\\\/\\\/www.fireware.nl\\\/fr\\\/\",\"name\":\"FireWare\",\"description\":\"CREATING REALISTIC  TRAINING ENVIRONMENTS\",\"publisher\":{\"@id\":\"https:\\\/\\\/www.fireware.nl\\\/fr\\\/#organization\"},\"potentialAction\":[{\"@type\":\"SearchAction\",\"target\":{\"@type\":\"EntryPoint\",\"urlTemplate\":\"https:\\\/\\\/www.fireware.nl\\\/fr\\\/?s={search_term_string}\"},\"query-input\":{\"@type\":\"PropertyValueSpecification\",\"valueRequired\":true,\"valueName\":\"search_term_string\"}}],\"inLanguage\":\"fr-FR\"},{\"@type\":\"Organization\",\"@id\":\"https:\\\/\\\/www.fireware.nl\\\/fr\\\/#organization\",\"name\":\"FireWare\",\"url\":\"https:\\\/\\\/www.fireware.nl\\\/fr\\\/\",\"logo\":{\"@type\":\"ImageObject\",\"inLanguage\":\"fr-FR\",\"@id\":\"https:\\\/\\\/www.fireware.nl\\\/fr\\\/#\\\/schema\\\/logo\\\/image\\\/\",\"url\":\"https:\\\/\\\/www.fireware.nl\\\/wp-content\\\/uploads\\\/2018\\\/10\\\/fireware-logo.png\",\"contentUrl\":\"https:\\\/\\\/www.fireware.nl\\\/wp-content\\\/uploads\\\/2018\\\/10\\\/fireware-logo.png\",\"width\":200,\"height\":86,\"caption\":\"FireWare\"},\"image\":{\"@id\":\"https:\\\/\\\/www.fireware.nl\\\/fr\\\/#\\\/schema\\\/logo\\\/image\\\/\"},\"sameAs\":[\"https:\\\/\\\/www.facebook.com\\\/FireWareBV\\\/\",\"https:\\\/\\\/x.com\\\/FireWarebv\",\"https:\\\/\\\/www.instagram.com\\\/fireware_nl\\\/\",\"https:\\\/\\\/www.linkedin.com\\\/company\\\/3586017\\\/\",\"https:\\\/\\\/www.youtube.com\\\/user\\\/firesalesrentconsult\"]}]}<\/script>\n<!-- \/ Yoast SEO plugin. -->","yoast_head_json":{"title":"Duty Range Manikin 50 kg - FireWare","robots":{"index":"index","follow":"follow","max-snippet":"max-snippet:-1","max-image-preview":"max-image-preview:large","max-video-preview":"max-video-preview:-1"},"canonical":"https:\/\/www.fireware.nl\/fr\/product\/duty-range-manikin-50-kg\/","og_locale":"fr_FR","og_type":"article","og_title":"Duty Range Manikin 50 kg - FireWare","og_description":"Composition :   1 x mannequin","og_url":"https:\/\/www.fireware.nl\/fr\/product\/duty-range-manikin-50-kg\/","og_site_name":"FireWare","article_publisher":"https:\/\/www.facebook.com\/FireWareBV\/","article_modified_time":"2026-04-20T02:15:28+00:00","og_image":[{"width":600,"height":600,"url":"https:\/\/www.fireware.nl\/wp-content\/uploads\/2017\/08\/RST-707-103-Oefenpop-duty-range-50kg.jpg","type":"image\/jpeg"}],"twitter_card":"summary_large_image","twitter_site":"@FireWarebv","twitter_misc":{"Dur\u00e9e de lecture estim\u00e9e":"1 minute"},"schema":{"@context":"https:\/\/schema.org","@graph":[{"@type":"WebPage","@id":"https:\/\/www.fireware.nl\/fr\/product\/duty-range-manikin-50-kg\/","url":"https:\/\/www.fireware.nl\/fr\/product\/duty-range-manikin-50-kg\/","name":"Duty Range Manikin 50 kg - FireWare","isPartOf":{"@id":"https:\/\/www.fireware.nl\/fr\/#website"},"primaryImageOfPage":{"@id":"https:\/\/www.fireware.nl\/fr\/product\/duty-range-manikin-50-kg\/#primaryimage"},"image":{"@id":"https:\/\/www.fireware.nl\/fr\/product\/duty-range-manikin-50-kg\/#primaryimage"},"thumbnailUrl":"https:\/\/www.fireware.nl\/wp-content\/uploads\/2017\/08\/RST-707-103-Oefenpop-duty-range-50kg.jpg","datePublished":"2021-09-21T09:27:10+00:00","dateModified":"2026-04-20T02:15:28+00:00","breadcrumb":{"@id":"https:\/\/www.fireware.nl\/fr\/product\/duty-range-manikin-50-kg\/#breadcrumb"},"inLanguage":"fr-FR","potentialAction":[{"@type":"ReadAction","target":["https:\/\/www.fireware.nl\/fr\/product\/duty-range-manikin-50-kg\/"]}]},{"@type":"ImageObject","inLanguage":"fr-FR","@id":"https:\/\/www.fireware.nl\/fr\/product\/duty-range-manikin-50-kg\/#primaryimage","url":"https:\/\/www.fireware.nl\/wp-content\/uploads\/2017\/08\/RST-707-103-Oefenpop-duty-range-50kg.jpg","contentUrl":"https:\/\/www.fireware.nl\/wp-content\/uploads\/2017\/08\/RST-707-103-Oefenpop-duty-range-50kg.jpg","width":600,"height":600,"caption":"RST-707-103 Oefenpop duty-range 50kg"},{"@type":"BreadcrumbList","@id":"https:\/\/www.fireware.nl\/fr\/product\/duty-range-manikin-50-kg\/#breadcrumb","itemListElement":[{"@type":"ListItem","position":1,"name":"Home","item":"https:\/\/www.fireware.nl\/fr\/"},{"@type":"ListItem","position":2,"name":"Produits","item":"https:\/\/www.fireware.nl\/fr\/produits\/"},{"@type":"ListItem","position":3,"name":"Duty Range Manikin 50 kg"}]},{"@type":"WebSite","@id":"https:\/\/www.fireware.nl\/fr\/#website","url":"https:\/\/www.fireware.nl\/fr\/","name":"FireWare","description":"CREATING REALISTIC  TRAINING ENVIRONMENTS","publisher":{"@id":"https:\/\/www.fireware.nl\/fr\/#organization"},"potentialAction":[{"@type":"SearchAction","target":{"@type":"EntryPoint","urlTemplate":"https:\/\/www.fireware.nl\/fr\/?s={search_term_string}"},"query-input":{"@type":"PropertyValueSpecification","valueRequired":true,"valueName":"search_term_string"}}],"inLanguage":"fr-FR"},{"@type":"Organization","@id":"https:\/\/www.fireware.nl\/fr\/#organization","name":"FireWare","url":"https:\/\/www.fireware.nl\/fr\/","logo":{"@type":"ImageObject","inLanguage":"fr-FR","@id":"https:\/\/www.fireware.nl\/fr\/#\/schema\/logo\/image\/","url":"https:\/\/www.fireware.nl\/wp-content\/uploads\/2018\/10\/fireware-logo.png","contentUrl":"https:\/\/www.fireware.nl\/wp-content\/uploads\/2018\/10\/fireware-logo.png","width":200,"height":86,"caption":"FireWare"},"image":{"@id":"https:\/\/www.fireware.nl\/fr\/#\/schema\/logo\/image\/"},"sameAs":["https:\/\/www.facebook.com\/FireWareBV\/","https:\/\/x.com\/FireWarebv","https:\/\/www.instagram.com\/fireware_nl\/","https:\/\/www.linkedin.com\/company\/3586017\/","https:\/\/www.youtube.com\/user\/firesalesrentconsult"]}]}},"publishpress_future_workflow_manual_trigger":{"enabledWorkflows":[]},"_links":{"self":[{"href":"https:\/\/www.fireware.nl\/fr\/wp-json\/wp\/v2\/product\/65661","targetHints":{"allow":["GET"]}}],"collection":[{"href":"https:\/\/www.fireware.nl\/fr\/wp-json\/wp\/v2\/product"}],"about":[{"href":"https:\/\/www.fireware.nl\/fr\/wp-json\/wp\/v2\/types\/product"}],"wp:featuredmedia":[{"embeddable":true,"href":"https:\/\/www.fireware.nl\/fr\/wp-json\/wp\/v2\/media\/26439"}],"wp:attachment":[{"href":"https:\/\/www.fireware.nl\/fr\/wp-json\/wp\/v2\/media?parent=65661"}],"wp:term":[{"taxonomy":"product_brand","embeddable":true,"href":"https:\/\/www.fireware.nl\/fr\/wp-json\/wp\/v2\/product_brand?post=65661"},{"taxonomy":"product_cat","embeddable":true,"href":"https:\/\/www.fireware.nl\/fr\/wp-json\/wp\/v2\/product_cat?post=65661"},{"taxonomy":"product_tag","embeddable":true,"href":"https:\/\/www.fireware.nl\/fr\/wp-json\/wp\/v2\/product_tag?post=65661"}],"curies":[{"name":"wp","href":"https:\/\/api.w.org\/{rel}","templated":true}]}}