
{"id":65604,"date":"2021-09-21T09:21:17","date_gmt":"2021-09-21T09:21:17","guid":{"rendered":"https:\/\/www.fireware.nl\/product\/firespot-2\/"},"modified":"2026-04-19T21:16:14","modified_gmt":"2026-04-19T21:16:14","slug":"firespot-2","status":"publish","type":"product","link":"https:\/\/www.fireware.nl\/fr\/product\/firespot-2\/","title":{"rendered":"FireSpot"},"content":{"rendered":"<h2>Lampe incandescente pr\u00eate \u00e0 l\u2019emploi<\/h2>\n<p>Gr\u00e2ce au Spot incandescent de FireWare, vous cr\u00e9ez tr\u00e8s facilement des images de flammes extr\u00eamement r\u00e9alistes. Ce spot est sp\u00e9cialement con\u00e7u \u00e0 cet effet. Ce luminaire de 10 Watts comporte 4 sources lumineuses LEDS : 2 rouges et 2 oranges. Ces LEDS sont munies de lentilles sp\u00e9ciales qui produisent un large rayon de lumi\u00e8re rouge incandescente, dont le centre est orange. Pour simuler des effets de flammes horizontaux et verticaux, cette configuration est parfaite !<\/p>\n<p>Le spot est un mod\u00e8le IP67 dot\u00e9 d\u2019un long c\u00e2ble pratique de 2 m\u00e8tres. Son bo\u00eetier est en aluminium anodis\u00e9 d\u2019excellente qualit\u00e9. Gr\u00e2ce \u00e0 ses dimensions compactes de 78 x 78 x 175 mm, ce spot incandescent peut aussi parfaitement s\u2019utiliser pour simuler une flamme dans des coffrages de roue, au-dessus de plafonds modulables et dans des endroits confin\u00e9s.<\/p>\n","protected":false},"excerpt":{"rendered":"<h3>Composition :<\/h3>\n<ul>\n<li>1 x FireSpot<\/li>\n<\/ul>\n","protected":false},"featured_media":49299,"template":"","meta":[],"product_brand":[],"product_cat":[2978,3009],"product_tag":[],"class_list":{"0":"post-65604","1":"product","2":"type-product","3":"status-publish","4":"has-post-thumbnail","6":"product_cat-feu-simule-fr","7":"product_cat-location","9":"first","10":"onbackorder","11":"taxable","12":"shipping-taxable","13":"purchasable","14":"product-type-rentable"},"yoast_head":"<!-- This site is optimized with the Yoast SEO plugin v27.4 - https:\/\/yoast.com\/product\/yoast-seo-wordpress\/ -->\n<title>FireSpot - FireWare<\/title>\n<meta name=\"robots\" content=\"index, follow, max-snippet:-1, max-image-preview:large, max-video-preview:-1\" \/>\n<link rel=\"canonical\" href=\"https:\/\/www.fireware.nl\/fr\/product\/firespot-2\/\" \/>\n<meta property=\"og:locale\" content=\"fr_FR\" \/>\n<meta property=\"og:type\" content=\"article\" \/>\n<meta property=\"og:title\" content=\"FireSpot - FireWare\" \/>\n<meta property=\"og:description\" content=\"Composition :   1 x FireSpot\" \/>\n<meta property=\"og:url\" content=\"https:\/\/www.fireware.nl\/fr\/product\/firespot-2\/\" \/>\n<meta property=\"og:site_name\" content=\"FireWare\" \/>\n<meta property=\"article:publisher\" content=\"https:\/\/www.facebook.com\/FireWareBV\/\" \/>\n<meta property=\"article:modified_time\" content=\"2026-04-19T21:16:14+00:00\" \/>\n<meta property=\"og:image\" content=\"https:\/\/www.fireware.nl\/wp-content\/uploads\/2020\/09\/RST-717-101-firespot-krat-uit.jpg\" \/>\n\t<meta property=\"og:image:width\" content=\"600\" \/>\n\t<meta property=\"og:image:height\" content=\"600\" \/>\n\t<meta property=\"og:image:type\" content=\"image\/jpeg\" \/>\n<meta name=\"twitter:card\" content=\"summary_large_image\" \/>\n<meta name=\"twitter:site\" content=\"@FireWarebv\" \/>\n<meta name=\"twitter:label1\" content=\"Dur\u00e9e de lecture estim\u00e9e\" \/>\n\t<meta name=\"twitter:data1\" content=\"1 minute\" \/>\n<script type=\"application\/ld+json\" class=\"yoast-schema-graph\">{\"@context\":\"https:\\\/\\\/schema.org\",\"@graph\":[{\"@type\":\"WebPage\",\"@id\":\"https:\\\/\\\/www.fireware.nl\\\/fr\\\/product\\\/firespot-2\\\/\",\"url\":\"https:\\\/\\\/www.fireware.nl\\\/fr\\\/product\\\/firespot-2\\\/\",\"name\":\"FireSpot - FireWare\",\"isPartOf\":{\"@id\":\"https:\\\/\\\/www.fireware.nl\\\/fr\\\/#website\"},\"primaryImageOfPage\":{\"@id\":\"https:\\\/\\\/www.fireware.nl\\\/fr\\\/product\\\/firespot-2\\\/#primaryimage\"},\"image\":{\"@id\":\"https:\\\/\\\/www.fireware.nl\\\/fr\\\/product\\\/firespot-2\\\/#primaryimage\"},\"thumbnailUrl\":\"https:\\\/\\\/www.fireware.nl\\\/wp-content\\\/uploads\\\/2020\\\/09\\\/RST-717-101-firespot-krat-uit.jpg\",\"datePublished\":\"2021-09-21T09:21:17+00:00\",\"dateModified\":\"2026-04-19T21:16:14+00:00\",\"breadcrumb\":{\"@id\":\"https:\\\/\\\/www.fireware.nl\\\/fr\\\/product\\\/firespot-2\\\/#breadcrumb\"},\"inLanguage\":\"fr-FR\",\"potentialAction\":[{\"@type\":\"ReadAction\",\"target\":[\"https:\\\/\\\/www.fireware.nl\\\/fr\\\/product\\\/firespot-2\\\/\"]}]},{\"@type\":\"ImageObject\",\"inLanguage\":\"fr-FR\",\"@id\":\"https:\\\/\\\/www.fireware.nl\\\/fr\\\/product\\\/firespot-2\\\/#primaryimage\",\"url\":\"https:\\\/\\\/www.fireware.nl\\\/wp-content\\\/uploads\\\/2020\\\/09\\\/RST-717-101-firespot-krat-uit.jpg\",\"contentUrl\":\"https:\\\/\\\/www.fireware.nl\\\/wp-content\\\/uploads\\\/2020\\\/09\\\/RST-717-101-firespot-krat-uit.jpg\",\"width\":600,\"height\":600},{\"@type\":\"BreadcrumbList\",\"@id\":\"https:\\\/\\\/www.fireware.nl\\\/fr\\\/product\\\/firespot-2\\\/#breadcrumb\",\"itemListElement\":[{\"@type\":\"ListItem\",\"position\":1,\"name\":\"Home\",\"item\":\"https:\\\/\\\/www.fireware.nl\\\/fr\\\/\"},{\"@type\":\"ListItem\",\"position\":2,\"name\":\"Produits\",\"item\":\"https:\\\/\\\/www.fireware.nl\\\/fr\\\/produits\\\/\"},{\"@type\":\"ListItem\",\"position\":3,\"name\":\"FireSpot\"}]},{\"@type\":\"WebSite\",\"@id\":\"https:\\\/\\\/www.fireware.nl\\\/fr\\\/#website\",\"url\":\"https:\\\/\\\/www.fireware.nl\\\/fr\\\/\",\"name\":\"FireWare\",\"description\":\"CREATING REALISTIC  TRAINING ENVIRONMENTS\",\"publisher\":{\"@id\":\"https:\\\/\\\/www.fireware.nl\\\/fr\\\/#organization\"},\"potentialAction\":[{\"@type\":\"SearchAction\",\"target\":{\"@type\":\"EntryPoint\",\"urlTemplate\":\"https:\\\/\\\/www.fireware.nl\\\/fr\\\/?s={search_term_string}\"},\"query-input\":{\"@type\":\"PropertyValueSpecification\",\"valueRequired\":true,\"valueName\":\"search_term_string\"}}],\"inLanguage\":\"fr-FR\"},{\"@type\":\"Organization\",\"@id\":\"https:\\\/\\\/www.fireware.nl\\\/fr\\\/#organization\",\"name\":\"FireWare\",\"url\":\"https:\\\/\\\/www.fireware.nl\\\/fr\\\/\",\"logo\":{\"@type\":\"ImageObject\",\"inLanguage\":\"fr-FR\",\"@id\":\"https:\\\/\\\/www.fireware.nl\\\/fr\\\/#\\\/schema\\\/logo\\\/image\\\/\",\"url\":\"https:\\\/\\\/www.fireware.nl\\\/wp-content\\\/uploads\\\/2018\\\/10\\\/fireware-logo.png\",\"contentUrl\":\"https:\\\/\\\/www.fireware.nl\\\/wp-content\\\/uploads\\\/2018\\\/10\\\/fireware-logo.png\",\"width\":200,\"height\":86,\"caption\":\"FireWare\"},\"image\":{\"@id\":\"https:\\\/\\\/www.fireware.nl\\\/fr\\\/#\\\/schema\\\/logo\\\/image\\\/\"},\"sameAs\":[\"https:\\\/\\\/www.facebook.com\\\/FireWareBV\\\/\",\"https:\\\/\\\/x.com\\\/FireWarebv\",\"https:\\\/\\\/www.instagram.com\\\/fireware_nl\\\/\",\"https:\\\/\\\/www.linkedin.com\\\/company\\\/3586017\\\/\",\"https:\\\/\\\/www.youtube.com\\\/user\\\/firesalesrentconsult\"]}]}<\/script>\n<!-- \/ Yoast SEO plugin. -->","yoast_head_json":{"title":"FireSpot - FireWare","robots":{"index":"index","follow":"follow","max-snippet":"max-snippet:-1","max-image-preview":"max-image-preview:large","max-video-preview":"max-video-preview:-1"},"canonical":"https:\/\/www.fireware.nl\/fr\/product\/firespot-2\/","og_locale":"fr_FR","og_type":"article","og_title":"FireSpot - FireWare","og_description":"Composition :   1 x FireSpot","og_url":"https:\/\/www.fireware.nl\/fr\/product\/firespot-2\/","og_site_name":"FireWare","article_publisher":"https:\/\/www.facebook.com\/FireWareBV\/","article_modified_time":"2026-04-19T21:16:14+00:00","og_image":[{"width":600,"height":600,"url":"https:\/\/www.fireware.nl\/wp-content\/uploads\/2020\/09\/RST-717-101-firespot-krat-uit.jpg","type":"image\/jpeg"}],"twitter_card":"summary_large_image","twitter_site":"@FireWarebv","twitter_misc":{"Dur\u00e9e de lecture estim\u00e9e":"1 minute"},"schema":{"@context":"https:\/\/schema.org","@graph":[{"@type":"WebPage","@id":"https:\/\/www.fireware.nl\/fr\/product\/firespot-2\/","url":"https:\/\/www.fireware.nl\/fr\/product\/firespot-2\/","name":"FireSpot - FireWare","isPartOf":{"@id":"https:\/\/www.fireware.nl\/fr\/#website"},"primaryImageOfPage":{"@id":"https:\/\/www.fireware.nl\/fr\/product\/firespot-2\/#primaryimage"},"image":{"@id":"https:\/\/www.fireware.nl\/fr\/product\/firespot-2\/#primaryimage"},"thumbnailUrl":"https:\/\/www.fireware.nl\/wp-content\/uploads\/2020\/09\/RST-717-101-firespot-krat-uit.jpg","datePublished":"2021-09-21T09:21:17+00:00","dateModified":"2026-04-19T21:16:14+00:00","breadcrumb":{"@id":"https:\/\/www.fireware.nl\/fr\/product\/firespot-2\/#breadcrumb"},"inLanguage":"fr-FR","potentialAction":[{"@type":"ReadAction","target":["https:\/\/www.fireware.nl\/fr\/product\/firespot-2\/"]}]},{"@type":"ImageObject","inLanguage":"fr-FR","@id":"https:\/\/www.fireware.nl\/fr\/product\/firespot-2\/#primaryimage","url":"https:\/\/www.fireware.nl\/wp-content\/uploads\/2020\/09\/RST-717-101-firespot-krat-uit.jpg","contentUrl":"https:\/\/www.fireware.nl\/wp-content\/uploads\/2020\/09\/RST-717-101-firespot-krat-uit.jpg","width":600,"height":600},{"@type":"BreadcrumbList","@id":"https:\/\/www.fireware.nl\/fr\/product\/firespot-2\/#breadcrumb","itemListElement":[{"@type":"ListItem","position":1,"name":"Home","item":"https:\/\/www.fireware.nl\/fr\/"},{"@type":"ListItem","position":2,"name":"Produits","item":"https:\/\/www.fireware.nl\/fr\/produits\/"},{"@type":"ListItem","position":3,"name":"FireSpot"}]},{"@type":"WebSite","@id":"https:\/\/www.fireware.nl\/fr\/#website","url":"https:\/\/www.fireware.nl\/fr\/","name":"FireWare","description":"CREATING REALISTIC  TRAINING ENVIRONMENTS","publisher":{"@id":"https:\/\/www.fireware.nl\/fr\/#organization"},"potentialAction":[{"@type":"SearchAction","target":{"@type":"EntryPoint","urlTemplate":"https:\/\/www.fireware.nl\/fr\/?s={search_term_string}"},"query-input":{"@type":"PropertyValueSpecification","valueRequired":true,"valueName":"search_term_string"}}],"inLanguage":"fr-FR"},{"@type":"Organization","@id":"https:\/\/www.fireware.nl\/fr\/#organization","name":"FireWare","url":"https:\/\/www.fireware.nl\/fr\/","logo":{"@type":"ImageObject","inLanguage":"fr-FR","@id":"https:\/\/www.fireware.nl\/fr\/#\/schema\/logo\/image\/","url":"https:\/\/www.fireware.nl\/wp-content\/uploads\/2018\/10\/fireware-logo.png","contentUrl":"https:\/\/www.fireware.nl\/wp-content\/uploads\/2018\/10\/fireware-logo.png","width":200,"height":86,"caption":"FireWare"},"image":{"@id":"https:\/\/www.fireware.nl\/fr\/#\/schema\/logo\/image\/"},"sameAs":["https:\/\/www.facebook.com\/FireWareBV\/","https:\/\/x.com\/FireWarebv","https:\/\/www.instagram.com\/fireware_nl\/","https:\/\/www.linkedin.com\/company\/3586017\/","https:\/\/www.youtube.com\/user\/firesalesrentconsult"]}]}},"publishpress_future_workflow_manual_trigger":{"enabledWorkflows":[]},"_links":{"self":[{"href":"https:\/\/www.fireware.nl\/fr\/wp-json\/wp\/v2\/product\/65604","targetHints":{"allow":["GET"]}}],"collection":[{"href":"https:\/\/www.fireware.nl\/fr\/wp-json\/wp\/v2\/product"}],"about":[{"href":"https:\/\/www.fireware.nl\/fr\/wp-json\/wp\/v2\/types\/product"}],"wp:featuredmedia":[{"embeddable":true,"href":"https:\/\/www.fireware.nl\/fr\/wp-json\/wp\/v2\/media\/49299"}],"wp:attachment":[{"href":"https:\/\/www.fireware.nl\/fr\/wp-json\/wp\/v2\/media?parent=65604"}],"wp:term":[{"taxonomy":"product_brand","embeddable":true,"href":"https:\/\/www.fireware.nl\/fr\/wp-json\/wp\/v2\/product_brand?post=65604"},{"taxonomy":"product_cat","embeddable":true,"href":"https:\/\/www.fireware.nl\/fr\/wp-json\/wp\/v2\/product_cat?post=65604"},{"taxonomy":"product_tag","embeddable":true,"href":"https:\/\/www.fireware.nl\/fr\/wp-json\/wp\/v2\/product_tag?post=65604"}],"curies":[{"name":"wp","href":"https:\/\/api.w.org\/{rel}","templated":true}]}}