
{"id":65541,"date":"2021-09-21T13:36:42","date_gmt":"2021-09-21T13:36:42","guid":{"rendered":"https:\/\/www.fireware.nl\/product\/machine-a-fumee-cirrus\/"},"modified":"2026-04-05T05:24:57","modified_gmt":"2026-04-05T05:24:57","slug":"machine-a-fumee-cirrus","status":"publish","type":"product","link":"https:\/\/www.fireware.nl\/fr\/product\/machine-a-fumee-cirrus\/","title":{"rendered":"Machine \u00e0 fum\u00e9e Cirrus"},"content":{"rendered":"<h2>Fum\u00e9e sur batterie<\/h2>\n<p>Cette machine \u00e0 fum\u00e9e sur batterie convient parfaitement \u00e0 l&#8217;ex\u00e9cution de tests de d\u00e9tecteurs de fum\u00e9e, d&#8217;exercices surprise ou de mises en sc\u00e8ne \u00e0 des endroits sans alimentation en \u00e9lectricit\u00e9. Avec un temps de r\u00e9chauffement de seulement 2 secondes, la machine \u00e0 fum\u00e9e s&#8217;applique rapidement. Sur une batterie compl\u00e8tement charg\u00e9e, la Cirrus peut produire de la fum\u00e9e sans interruption pendant 10 minutes, ou diffuser 250 nuages de fum\u00e9e de 10 secondes. \u00c0 l&#8217;achat de ce set, vous recevez gratuitement une t\u00e9l\u00e9commande sans fil.<\/p>\n<p>Pendant que vous r\u00e9servez votre machine, n&#8217;oubliez surtout pas de commander le liquide fumig\u00e8ne sp\u00e9cialement con\u00e7u pour cette machine.<\/p>\n","protected":false},"excerpt":{"rendered":"<h3>Composition :<\/h3>\n<ul>\n<li>1 x Machine \u00e0 fum\u00e9e Cirrus<\/li>\n<li>1 x Chargeur Cirrus<\/li>\n<li>1 x T\u00e9l\u00e9commande sans fil Cirrus<\/li>\n<li>1 x Mallette 30 x 20 x 23,5 cm avec poign\u00e9e ferm\u00e9e et int\u00e9rieur en mousse<\/li>\n<\/ul>\n","protected":false},"featured_media":65329,"template":"","meta":[],"product_brand":[],"product_cat":[2969,3009],"product_tag":[],"class_list":{"0":"post-65541","1":"product","2":"type-product","3":"status-publish","4":"has-post-thumbnail","6":"product_cat-fumee-fr","7":"product_cat-location","9":"first","10":"instock","11":"taxable","12":"shipping-taxable","13":"purchasable","14":"product-type-rentable"},"yoast_head":"<!-- This site is optimized with the Yoast SEO plugin v27.2 - https:\/\/yoast.com\/product\/yoast-seo-wordpress\/ -->\n<title>Machine \u00e0 fum\u00e9e Cirrus - FireWare<\/title>\n<meta name=\"robots\" content=\"index, follow, max-snippet:-1, max-image-preview:large, max-video-preview:-1\" \/>\n<link rel=\"canonical\" href=\"https:\/\/www.fireware.nl\/fr\/product\/machine-a-fumee-cirrus\/\" \/>\n<meta property=\"og:locale\" content=\"fr_FR\" \/>\n<meta property=\"og:type\" content=\"article\" \/>\n<meta property=\"og:title\" content=\"Machine \u00e0 fum\u00e9e Cirrus - FireWare\" \/>\n<meta property=\"og:description\" content=\"Composition :   1 x Machine \u00e0 fum\u00e9e Cirrus  1 x Chargeur Cirrus  1 x T\u00e9l\u00e9commande sans fil Cirrus  1 x Mallette 30 x 20 x 23,5 cm avec poign\u00e9e ferm\u00e9e et int\u00e9rieur en mousse\" \/>\n<meta property=\"og:url\" content=\"https:\/\/www.fireware.nl\/fr\/product\/machine-a-fumee-cirrus\/\" \/>\n<meta property=\"og:site_name\" content=\"FireWare\" \/>\n<meta property=\"article:publisher\" content=\"https:\/\/www.facebook.com\/FireWareBV\/\" \/>\n<meta property=\"article:modified_time\" content=\"2026-04-05T05:24:57+00:00\" \/>\n<meta property=\"og:image\" content=\"https:\/\/www.fireware.nl\/wp-content\/uploads\/2021\/09\/RST-702-104-Cirrus.jpg\" \/>\n\t<meta property=\"og:image:width\" content=\"600\" \/>\n\t<meta property=\"og:image:height\" content=\"600\" \/>\n\t<meta property=\"og:image:type\" content=\"image\/jpeg\" \/>\n<meta name=\"twitter:card\" content=\"summary_large_image\" \/>\n<meta name=\"twitter:site\" content=\"@FireWarebv\" \/>\n<meta name=\"twitter:label1\" content=\"Dur\u00e9e de lecture estim\u00e9e\" \/>\n\t<meta name=\"twitter:data1\" content=\"1 minute\" \/>\n<script type=\"application\/ld+json\" class=\"yoast-schema-graph\">{\"@context\":\"https:\/\/schema.org\",\"@graph\":[{\"@type\":\"WebPage\",\"@id\":\"https:\/\/www.fireware.nl\/fr\/product\/machine-a-fumee-cirrus\/\",\"url\":\"https:\/\/www.fireware.nl\/fr\/product\/machine-a-fumee-cirrus\/\",\"name\":\"Machine \u00e0 fum\u00e9e Cirrus - FireWare\",\"isPartOf\":{\"@id\":\"https:\/\/www.fireware.nl\/fr\/#website\"},\"primaryImageOfPage\":{\"@id\":\"https:\/\/www.fireware.nl\/fr\/product\/machine-a-fumee-cirrus\/#primaryimage\"},\"image\":{\"@id\":\"https:\/\/www.fireware.nl\/fr\/product\/machine-a-fumee-cirrus\/#primaryimage\"},\"thumbnailUrl\":\"https:\/\/www.fireware.nl\/wp-content\/uploads\/2021\/09\/RST-702-104-Cirrus.jpg\",\"datePublished\":\"2021-09-21T13:36:42+00:00\",\"dateModified\":\"2026-04-05T05:24:57+00:00\",\"breadcrumb\":{\"@id\":\"https:\/\/www.fireware.nl\/fr\/product\/machine-a-fumee-cirrus\/#breadcrumb\"},\"inLanguage\":\"fr-FR\",\"potentialAction\":[{\"@type\":\"ReadAction\",\"target\":[\"https:\/\/www.fireware.nl\/fr\/product\/machine-a-fumee-cirrus\/\"]}]},{\"@type\":\"ImageObject\",\"inLanguage\":\"fr-FR\",\"@id\":\"https:\/\/www.fireware.nl\/fr\/product\/machine-a-fumee-cirrus\/#primaryimage\",\"url\":\"https:\/\/www.fireware.nl\/wp-content\/uploads\/2021\/09\/RST-702-104-Cirrus.jpg\",\"contentUrl\":\"https:\/\/www.fireware.nl\/wp-content\/uploads\/2021\/09\/RST-702-104-Cirrus.jpg\",\"width\":600,\"height\":600},{\"@type\":\"BreadcrumbList\",\"@id\":\"https:\/\/www.fireware.nl\/fr\/product\/machine-a-fumee-cirrus\/#breadcrumb\",\"itemListElement\":[{\"@type\":\"ListItem\",\"position\":1,\"name\":\"Home\",\"item\":\"https:\/\/www.fireware.nl\/fr\/\"},{\"@type\":\"ListItem\",\"position\":2,\"name\":\"Produits\",\"item\":\"https:\/\/www.fireware.nl\/fr\/produits\/\"},{\"@type\":\"ListItem\",\"position\":3,\"name\":\"Machine \u00e0 fum\u00e9e Cirrus\"}]},{\"@type\":\"WebSite\",\"@id\":\"https:\/\/www.fireware.nl\/fr\/#website\",\"url\":\"https:\/\/www.fireware.nl\/fr\/\",\"name\":\"FireWare\",\"description\":\"CREATING REALISTIC  TRAINING ENVIRONMENTS\",\"publisher\":{\"@id\":\"https:\/\/www.fireware.nl\/fr\/#organization\"},\"potentialAction\":[{\"@type\":\"SearchAction\",\"target\":{\"@type\":\"EntryPoint\",\"urlTemplate\":\"https:\/\/www.fireware.nl\/fr\/?s={search_term_string}\"},\"query-input\":{\"@type\":\"PropertyValueSpecification\",\"valueRequired\":true,\"valueName\":\"search_term_string\"}}],\"inLanguage\":\"fr-FR\"},{\"@type\":\"Organization\",\"@id\":\"https:\/\/www.fireware.nl\/fr\/#organization\",\"name\":\"FireWare\",\"url\":\"https:\/\/www.fireware.nl\/fr\/\",\"logo\":{\"@type\":\"ImageObject\",\"inLanguage\":\"fr-FR\",\"@id\":\"https:\/\/www.fireware.nl\/fr\/#\/schema\/logo\/image\/\",\"url\":\"https:\/\/www.fireware.nl\/wp-content\/uploads\/2018\/10\/fireware-logo.png\",\"contentUrl\":\"https:\/\/www.fireware.nl\/wp-content\/uploads\/2018\/10\/fireware-logo.png\",\"width\":200,\"height\":86,\"caption\":\"FireWare\"},\"image\":{\"@id\":\"https:\/\/www.fireware.nl\/fr\/#\/schema\/logo\/image\/\"},\"sameAs\":[\"https:\/\/www.facebook.com\/FireWareBV\/\",\"https:\/\/x.com\/FireWarebv\",\"https:\/\/www.instagram.com\/fireware_nl\/\",\"https:\/\/www.linkedin.com\/company\/3586017\/\",\"https:\/\/www.youtube.com\/user\/firesalesrentconsult\"]}]}<\/script>\n<!-- \/ Yoast SEO plugin. -->","yoast_head_json":{"title":"Machine \u00e0 fum\u00e9e Cirrus - FireWare","robots":{"index":"index","follow":"follow","max-snippet":"max-snippet:-1","max-image-preview":"max-image-preview:large","max-video-preview":"max-video-preview:-1"},"canonical":"https:\/\/www.fireware.nl\/fr\/product\/machine-a-fumee-cirrus\/","og_locale":"fr_FR","og_type":"article","og_title":"Machine \u00e0 fum\u00e9e Cirrus - FireWare","og_description":"Composition :   1 x Machine \u00e0 fum\u00e9e Cirrus  1 x Chargeur Cirrus  1 x T\u00e9l\u00e9commande sans fil Cirrus  1 x Mallette 30 x 20 x 23,5 cm avec poign\u00e9e ferm\u00e9e et int\u00e9rieur en mousse","og_url":"https:\/\/www.fireware.nl\/fr\/product\/machine-a-fumee-cirrus\/","og_site_name":"FireWare","article_publisher":"https:\/\/www.facebook.com\/FireWareBV\/","article_modified_time":"2026-04-05T05:24:57+00:00","og_image":[{"width":600,"height":600,"url":"https:\/\/www.fireware.nl\/wp-content\/uploads\/2021\/09\/RST-702-104-Cirrus.jpg","type":"image\/jpeg"}],"twitter_card":"summary_large_image","twitter_site":"@FireWarebv","twitter_misc":{"Dur\u00e9e de lecture estim\u00e9e":"1 minute"},"schema":{"@context":"https:\/\/schema.org","@graph":[{"@type":"WebPage","@id":"https:\/\/www.fireware.nl\/fr\/product\/machine-a-fumee-cirrus\/","url":"https:\/\/www.fireware.nl\/fr\/product\/machine-a-fumee-cirrus\/","name":"Machine \u00e0 fum\u00e9e Cirrus - FireWare","isPartOf":{"@id":"https:\/\/www.fireware.nl\/fr\/#website"},"primaryImageOfPage":{"@id":"https:\/\/www.fireware.nl\/fr\/product\/machine-a-fumee-cirrus\/#primaryimage"},"image":{"@id":"https:\/\/www.fireware.nl\/fr\/product\/machine-a-fumee-cirrus\/#primaryimage"},"thumbnailUrl":"https:\/\/www.fireware.nl\/wp-content\/uploads\/2021\/09\/RST-702-104-Cirrus.jpg","datePublished":"2021-09-21T13:36:42+00:00","dateModified":"2026-04-05T05:24:57+00:00","breadcrumb":{"@id":"https:\/\/www.fireware.nl\/fr\/product\/machine-a-fumee-cirrus\/#breadcrumb"},"inLanguage":"fr-FR","potentialAction":[{"@type":"ReadAction","target":["https:\/\/www.fireware.nl\/fr\/product\/machine-a-fumee-cirrus\/"]}]},{"@type":"ImageObject","inLanguage":"fr-FR","@id":"https:\/\/www.fireware.nl\/fr\/product\/machine-a-fumee-cirrus\/#primaryimage","url":"https:\/\/www.fireware.nl\/wp-content\/uploads\/2021\/09\/RST-702-104-Cirrus.jpg","contentUrl":"https:\/\/www.fireware.nl\/wp-content\/uploads\/2021\/09\/RST-702-104-Cirrus.jpg","width":600,"height":600},{"@type":"BreadcrumbList","@id":"https:\/\/www.fireware.nl\/fr\/product\/machine-a-fumee-cirrus\/#breadcrumb","itemListElement":[{"@type":"ListItem","position":1,"name":"Home","item":"https:\/\/www.fireware.nl\/fr\/"},{"@type":"ListItem","position":2,"name":"Produits","item":"https:\/\/www.fireware.nl\/fr\/produits\/"},{"@type":"ListItem","position":3,"name":"Machine \u00e0 fum\u00e9e Cirrus"}]},{"@type":"WebSite","@id":"https:\/\/www.fireware.nl\/fr\/#website","url":"https:\/\/www.fireware.nl\/fr\/","name":"FireWare","description":"CREATING REALISTIC  TRAINING ENVIRONMENTS","publisher":{"@id":"https:\/\/www.fireware.nl\/fr\/#organization"},"potentialAction":[{"@type":"SearchAction","target":{"@type":"EntryPoint","urlTemplate":"https:\/\/www.fireware.nl\/fr\/?s={search_term_string}"},"query-input":{"@type":"PropertyValueSpecification","valueRequired":true,"valueName":"search_term_string"}}],"inLanguage":"fr-FR"},{"@type":"Organization","@id":"https:\/\/www.fireware.nl\/fr\/#organization","name":"FireWare","url":"https:\/\/www.fireware.nl\/fr\/","logo":{"@type":"ImageObject","inLanguage":"fr-FR","@id":"https:\/\/www.fireware.nl\/fr\/#\/schema\/logo\/image\/","url":"https:\/\/www.fireware.nl\/wp-content\/uploads\/2018\/10\/fireware-logo.png","contentUrl":"https:\/\/www.fireware.nl\/wp-content\/uploads\/2018\/10\/fireware-logo.png","width":200,"height":86,"caption":"FireWare"},"image":{"@id":"https:\/\/www.fireware.nl\/fr\/#\/schema\/logo\/image\/"},"sameAs":["https:\/\/www.facebook.com\/FireWareBV\/","https:\/\/x.com\/FireWarebv","https:\/\/www.instagram.com\/fireware_nl\/","https:\/\/www.linkedin.com\/company\/3586017\/","https:\/\/www.youtube.com\/user\/firesalesrentconsult"]}]}},"publishpress_future_workflow_manual_trigger":{"enabledWorkflows":[]},"_links":{"self":[{"href":"https:\/\/www.fireware.nl\/fr\/wp-json\/wp\/v2\/product\/65541","targetHints":{"allow":["GET"]}}],"collection":[{"href":"https:\/\/www.fireware.nl\/fr\/wp-json\/wp\/v2\/product"}],"about":[{"href":"https:\/\/www.fireware.nl\/fr\/wp-json\/wp\/v2\/types\/product"}],"wp:featuredmedia":[{"embeddable":true,"href":"https:\/\/www.fireware.nl\/fr\/wp-json\/wp\/v2\/media\/65329"}],"wp:attachment":[{"href":"https:\/\/www.fireware.nl\/fr\/wp-json\/wp\/v2\/media?parent=65541"}],"wp:term":[{"taxonomy":"product_brand","embeddable":true,"href":"https:\/\/www.fireware.nl\/fr\/wp-json\/wp\/v2\/product_brand?post=65541"},{"taxonomy":"product_cat","embeddable":true,"href":"https:\/\/www.fireware.nl\/fr\/wp-json\/wp\/v2\/product_cat?post=65541"},{"taxonomy":"product_tag","embeddable":true,"href":"https:\/\/www.fireware.nl\/fr\/wp-json\/wp\/v2\/product_tag?post=65541"}],"curies":[{"name":"wp","href":"https:\/\/api.w.org\/{rel}","templated":true}]}}