
{"id":62894,"date":"2021-07-09T12:03:25","date_gmt":"2021-07-09T12:03:25","guid":{"rendered":"https:\/\/www.fireware.nl\/product\/telecommande-vesta\/"},"modified":"2024-07-22T10:19:47","modified_gmt":"2024-07-22T10:19:47","slug":"telecommande-vesta","status":"publish","type":"product","link":"https:\/\/www.fireware.nl\/fr\/produit\/telecommande-vesta\/","title":{"rendered":"T\u00e9l\u00e9commande Vesta"},"content":{"rendered":"<h2>Rendez votre simulateur d&#8217;incendie Vesta mobile<\/h2>\n<p>Cette t\u00e9l\u00e9commande vous permet d&#8217;utiliser facilement le <a href=\"https:\/\/www.fireware.nl\/fr\/produit\/vesta\/\" target=\"_blank\" rel=\"noopener\">FireWare Vesta<\/a> \u00e0 distance. Ce simulateur d&#8217;incendie est toujours fourni avec une t\u00e9l\u00e9commande. En utilisant le Vesta sans fil, vous avez plus de libert\u00e9 pendant l&#8217;exercice et vous ne g\u00eanez personne.<\/p>\n<p>La t\u00e9l\u00e9commande industrielle est facile \u00e0 utiliser, m\u00eame avec des gants de pompier\u00a0; elle a deux boutons\u00a0: un premier pour activer la flamme\u00a0; rel\u00e2chez-le et le feu s&#8217;\u00e9teindra. Le deuxi\u00e8me bouton sert \u00e0 contr\u00f4ler la porte auxiliaire, pour activer les <a href=\"https:\/\/www.fireware.nl\/fr\/categorie-produit\/pieces-add-on-pour-simulateurs-dincendie\/\" target=\"_blank\" rel=\"noopener\">accessoires du Vesta<\/a>. Avec l&#8217;arr\u00eat d&#8217;urgence en haut, vous pouvez \u00e9teindre le Vesta \u00e0 distance. Apr\u00e8s 10 minutes sans toucher la t\u00e9l\u00e9commande, elle s&#8217;\u00e9teint automatiquement. La t\u00e9l\u00e9commande fonctionne avec une batterie NiMH rechargeable.<\/p>\n<p>La port\u00e9e de la t\u00e9l\u00e9commande Vesta a \u00e9t\u00e9 test\u00e9e \u00e0 une distance de 50 m\u00e8tres. Bien s\u00fbr, les obstacles en acier et les fr\u00e9quences radio peuvent influencer la port\u00e9e.<\/p>\n","protected":false},"excerpt":{"rendered":"<ul>\n<li>T\u00e9l\u00e9commande pour le<a href=\"https:\/\/www.fireware.nl\/fr\/produit\/vesta\/\" target=\"_blank\" rel=\"noopener\"> simulateur d&#8217;incendie FireWare Vesta<\/a><\/li>\n<li>Activez votre simulateur d&#8217;incendie \u00e0 distance et ne g\u00eanez personne<\/li>\n<li>Rendez les exercices plus interactifs gr\u00e2ce \u00e0 la t\u00e9l\u00e9commande<\/li>\n<li>Facile \u00e0 utiliser, m\u00eame avec des gants de pompiers<\/li>\n<li>Un bouton pour l&#8217;activation, un deuxi\u00e8me pour mettre en marche les accessoires<\/li>\n<li>Avec un bouton d&#8217;arr\u00eat d&#8217;urgence<\/li>\n<li>Compos\u00e9 d&#8217;un \u00e9metteur et d&#8217;un r\u00e9cepteur<\/li>\n<\/ul>\n","protected":false},"featured_media":62585,"template":"","meta":[],"product_brand":[],"product_cat":[70],"product_tag":[],"class_list":{"0":"post-62894","1":"product","2":"type-product","3":"status-publish","4":"has-post-thumbnail","6":"product_cat-simulateurs-dincendie","8":"first","9":"instock","10":"taxable","11":"shipping-taxable","12":"purchasable","13":"product-type-simple"},"yoast_head":"<!-- This site is optimized with the Yoast SEO plugin v27.2 - https:\/\/yoast.com\/product\/yoast-seo-wordpress\/ -->\n<title>T\u00e9l\u00e9commande Vesta avec un boutton d&#039;arr\u00eat d&#039;urgence - FireWare<\/title>\n<meta name=\"description\" content=\"Activez votre simulateur d&#039;incendie sans fil \u00e0 distance et ne g\u00eanez personne. Facile \u00e0 utiliser, m\u00eame avec des gants de pompier.\" \/>\n<meta name=\"robots\" content=\"index, follow, max-snippet:-1, max-image-preview:large, max-video-preview:-1\" \/>\n<link rel=\"canonical\" href=\"https:\/\/www.fireware.nl\/fr\/produit\/telecommande-vesta\/\" \/>\n<meta property=\"og:locale\" content=\"fr_FR\" \/>\n<meta property=\"og:type\" content=\"article\" \/>\n<meta property=\"og:title\" content=\"T\u00e9l\u00e9commande Vesta avec un boutton d&#039;arr\u00eat d&#039;urgence - FireWare\" \/>\n<meta property=\"og:description\" content=\"Activez votre simulateur d&#039;incendie sans fil \u00e0 distance et ne g\u00eanez personne. Facile \u00e0 utiliser, m\u00eame avec des gants de pompier.\" \/>\n<meta property=\"og:url\" content=\"https:\/\/www.fireware.nl\/fr\/produit\/telecommande-vesta\/\" \/>\n<meta property=\"og:site_name\" content=\"FireWare\" \/>\n<meta property=\"article:publisher\" content=\"https:\/\/www.facebook.com\/FireWareBV\/\" \/>\n<meta property=\"article:modified_time\" content=\"2024-07-22T10:19:47+00:00\" \/>\n<meta property=\"og:image\" content=\"https:\/\/www.fireware.nl\/wp-content\/uploads\/2021\/07\/vesta-remote.jpg\" \/>\n\t<meta property=\"og:image:width\" content=\"600\" \/>\n\t<meta property=\"og:image:height\" content=\"600\" \/>\n\t<meta property=\"og:image:type\" content=\"image\/jpeg\" \/>\n<meta name=\"twitter:card\" content=\"summary_large_image\" \/>\n<meta name=\"twitter:site\" content=\"@FireWarebv\" \/>\n<meta name=\"twitter:label1\" content=\"Dur\u00e9e de lecture estim\u00e9e\" \/>\n\t<meta name=\"twitter:data1\" content=\"1 minute\" \/>\n<script type=\"application\/ld+json\" class=\"yoast-schema-graph\">{\"@context\":\"https:\/\/schema.org\",\"@graph\":[{\"@type\":\"WebPage\",\"@id\":\"https:\/\/www.fireware.nl\/fr\/produit\/telecommande-vesta\/\",\"url\":\"https:\/\/www.fireware.nl\/fr\/produit\/telecommande-vesta\/\",\"name\":\"T\u00e9l\u00e9commande Vesta avec un boutton d'arr\u00eat d'urgence - FireWare\",\"isPartOf\":{\"@id\":\"https:\/\/www.fireware.nl\/fr\/#website\"},\"primaryImageOfPage\":{\"@id\":\"https:\/\/www.fireware.nl\/fr\/produit\/telecommande-vesta\/#primaryimage\"},\"image\":{\"@id\":\"https:\/\/www.fireware.nl\/fr\/produit\/telecommande-vesta\/#primaryimage\"},\"thumbnailUrl\":\"https:\/\/www.fireware.nl\/wp-content\/uploads\/2021\/07\/vesta-remote.jpg\",\"datePublished\":\"2021-07-09T12:03:25+00:00\",\"dateModified\":\"2024-07-22T10:19:47+00:00\",\"description\":\"Activez votre simulateur d'incendie sans fil \u00e0 distance et ne g\u00eanez personne. Facile \u00e0 utiliser, m\u00eame avec des gants de pompier.\",\"breadcrumb\":{\"@id\":\"https:\/\/www.fireware.nl\/fr\/produit\/telecommande-vesta\/#breadcrumb\"},\"inLanguage\":\"fr-FR\",\"potentialAction\":[{\"@type\":\"ReadAction\",\"target\":[\"https:\/\/www.fireware.nl\/fr\/produit\/telecommande-vesta\/\"]}]},{\"@type\":\"ImageObject\",\"inLanguage\":\"fr-FR\",\"@id\":\"https:\/\/www.fireware.nl\/fr\/produit\/telecommande-vesta\/#primaryimage\",\"url\":\"https:\/\/www.fireware.nl\/wp-content\/uploads\/2021\/07\/vesta-remote.jpg\",\"contentUrl\":\"https:\/\/www.fireware.nl\/wp-content\/uploads\/2021\/07\/vesta-remote.jpg\",\"width\":600,\"height\":600},{\"@type\":\"BreadcrumbList\",\"@id\":\"https:\/\/www.fireware.nl\/fr\/produit\/telecommande-vesta\/#breadcrumb\",\"itemListElement\":[{\"@type\":\"ListItem\",\"position\":1,\"name\":\"Home\",\"item\":\"https:\/\/www.fireware.nl\/fr\/\"},{\"@type\":\"ListItem\",\"position\":2,\"name\":\"Produits\",\"item\":\"https:\/\/www.fireware.nl\/fr\/produits\/\"},{\"@type\":\"ListItem\",\"position\":3,\"name\":\"T\u00e9l\u00e9commande Vesta\"}]},{\"@type\":\"WebSite\",\"@id\":\"https:\/\/www.fireware.nl\/fr\/#website\",\"url\":\"https:\/\/www.fireware.nl\/fr\/\",\"name\":\"FireWare\",\"description\":\"CREATING REALISTIC  TRAINING ENVIRONMENTS\",\"publisher\":{\"@id\":\"https:\/\/www.fireware.nl\/fr\/#organization\"},\"potentialAction\":[{\"@type\":\"SearchAction\",\"target\":{\"@type\":\"EntryPoint\",\"urlTemplate\":\"https:\/\/www.fireware.nl\/fr\/?s={search_term_string}\"},\"query-input\":{\"@type\":\"PropertyValueSpecification\",\"valueRequired\":true,\"valueName\":\"search_term_string\"}}],\"inLanguage\":\"fr-FR\"},{\"@type\":\"Organization\",\"@id\":\"https:\/\/www.fireware.nl\/fr\/#organization\",\"name\":\"FireWare\",\"url\":\"https:\/\/www.fireware.nl\/fr\/\",\"logo\":{\"@type\":\"ImageObject\",\"inLanguage\":\"fr-FR\",\"@id\":\"https:\/\/www.fireware.nl\/fr\/#\/schema\/logo\/image\/\",\"url\":\"https:\/\/www.fireware.nl\/wp-content\/uploads\/2018\/10\/fireware-logo.png\",\"contentUrl\":\"https:\/\/www.fireware.nl\/wp-content\/uploads\/2018\/10\/fireware-logo.png\",\"width\":200,\"height\":86,\"caption\":\"FireWare\"},\"image\":{\"@id\":\"https:\/\/www.fireware.nl\/fr\/#\/schema\/logo\/image\/\"},\"sameAs\":[\"https:\/\/www.facebook.com\/FireWareBV\/\",\"https:\/\/x.com\/FireWarebv\",\"https:\/\/www.instagram.com\/fireware_nl\/\",\"https:\/\/www.linkedin.com\/company\/3586017\/\",\"https:\/\/www.youtube.com\/user\/firesalesrentconsult\"]}]}<\/script>\n<!-- \/ Yoast SEO plugin. -->","yoast_head_json":{"title":"T\u00e9l\u00e9commande Vesta avec un boutton d'arr\u00eat d'urgence - FireWare","description":"Activez votre simulateur d'incendie sans fil \u00e0 distance et ne g\u00eanez personne. Facile \u00e0 utiliser, m\u00eame avec des gants de pompier.","robots":{"index":"index","follow":"follow","max-snippet":"max-snippet:-1","max-image-preview":"max-image-preview:large","max-video-preview":"max-video-preview:-1"},"canonical":"https:\/\/www.fireware.nl\/fr\/produit\/telecommande-vesta\/","og_locale":"fr_FR","og_type":"article","og_title":"T\u00e9l\u00e9commande Vesta avec un boutton d'arr\u00eat d'urgence - FireWare","og_description":"Activez votre simulateur d'incendie sans fil \u00e0 distance et ne g\u00eanez personne. Facile \u00e0 utiliser, m\u00eame avec des gants de pompier.","og_url":"https:\/\/www.fireware.nl\/fr\/produit\/telecommande-vesta\/","og_site_name":"FireWare","article_publisher":"https:\/\/www.facebook.com\/FireWareBV\/","article_modified_time":"2024-07-22T10:19:47+00:00","og_image":[{"width":600,"height":600,"url":"https:\/\/www.fireware.nl\/wp-content\/uploads\/2021\/07\/vesta-remote.jpg","type":"image\/jpeg"}],"twitter_card":"summary_large_image","twitter_site":"@FireWarebv","twitter_misc":{"Dur\u00e9e de lecture estim\u00e9e":"1 minute"},"schema":{"@context":"https:\/\/schema.org","@graph":[{"@type":"WebPage","@id":"https:\/\/www.fireware.nl\/fr\/produit\/telecommande-vesta\/","url":"https:\/\/www.fireware.nl\/fr\/produit\/telecommande-vesta\/","name":"T\u00e9l\u00e9commande Vesta avec un boutton d'arr\u00eat d'urgence - FireWare","isPartOf":{"@id":"https:\/\/www.fireware.nl\/fr\/#website"},"primaryImageOfPage":{"@id":"https:\/\/www.fireware.nl\/fr\/produit\/telecommande-vesta\/#primaryimage"},"image":{"@id":"https:\/\/www.fireware.nl\/fr\/produit\/telecommande-vesta\/#primaryimage"},"thumbnailUrl":"https:\/\/www.fireware.nl\/wp-content\/uploads\/2021\/07\/vesta-remote.jpg","datePublished":"2021-07-09T12:03:25+00:00","dateModified":"2024-07-22T10:19:47+00:00","description":"Activez votre simulateur d'incendie sans fil \u00e0 distance et ne g\u00eanez personne. Facile \u00e0 utiliser, m\u00eame avec des gants de pompier.","breadcrumb":{"@id":"https:\/\/www.fireware.nl\/fr\/produit\/telecommande-vesta\/#breadcrumb"},"inLanguage":"fr-FR","potentialAction":[{"@type":"ReadAction","target":["https:\/\/www.fireware.nl\/fr\/produit\/telecommande-vesta\/"]}]},{"@type":"ImageObject","inLanguage":"fr-FR","@id":"https:\/\/www.fireware.nl\/fr\/produit\/telecommande-vesta\/#primaryimage","url":"https:\/\/www.fireware.nl\/wp-content\/uploads\/2021\/07\/vesta-remote.jpg","contentUrl":"https:\/\/www.fireware.nl\/wp-content\/uploads\/2021\/07\/vesta-remote.jpg","width":600,"height":600},{"@type":"BreadcrumbList","@id":"https:\/\/www.fireware.nl\/fr\/produit\/telecommande-vesta\/#breadcrumb","itemListElement":[{"@type":"ListItem","position":1,"name":"Home","item":"https:\/\/www.fireware.nl\/fr\/"},{"@type":"ListItem","position":2,"name":"Produits","item":"https:\/\/www.fireware.nl\/fr\/produits\/"},{"@type":"ListItem","position":3,"name":"T\u00e9l\u00e9commande Vesta"}]},{"@type":"WebSite","@id":"https:\/\/www.fireware.nl\/fr\/#website","url":"https:\/\/www.fireware.nl\/fr\/","name":"FireWare","description":"CREATING REALISTIC  TRAINING ENVIRONMENTS","publisher":{"@id":"https:\/\/www.fireware.nl\/fr\/#organization"},"potentialAction":[{"@type":"SearchAction","target":{"@type":"EntryPoint","urlTemplate":"https:\/\/www.fireware.nl\/fr\/?s={search_term_string}"},"query-input":{"@type":"PropertyValueSpecification","valueRequired":true,"valueName":"search_term_string"}}],"inLanguage":"fr-FR"},{"@type":"Organization","@id":"https:\/\/www.fireware.nl\/fr\/#organization","name":"FireWare","url":"https:\/\/www.fireware.nl\/fr\/","logo":{"@type":"ImageObject","inLanguage":"fr-FR","@id":"https:\/\/www.fireware.nl\/fr\/#\/schema\/logo\/image\/","url":"https:\/\/www.fireware.nl\/wp-content\/uploads\/2018\/10\/fireware-logo.png","contentUrl":"https:\/\/www.fireware.nl\/wp-content\/uploads\/2018\/10\/fireware-logo.png","width":200,"height":86,"caption":"FireWare"},"image":{"@id":"https:\/\/www.fireware.nl\/fr\/#\/schema\/logo\/image\/"},"sameAs":["https:\/\/www.facebook.com\/FireWareBV\/","https:\/\/x.com\/FireWarebv","https:\/\/www.instagram.com\/fireware_nl\/","https:\/\/www.linkedin.com\/company\/3586017\/","https:\/\/www.youtube.com\/user\/firesalesrentconsult"]}]}},"publishpress_future_workflow_manual_trigger":{"enabledWorkflows":[]},"_links":{"self":[{"href":"https:\/\/www.fireware.nl\/fr\/wp-json\/wp\/v2\/product\/62894","targetHints":{"allow":["GET"]}}],"collection":[{"href":"https:\/\/www.fireware.nl\/fr\/wp-json\/wp\/v2\/product"}],"about":[{"href":"https:\/\/www.fireware.nl\/fr\/wp-json\/wp\/v2\/types\/product"}],"wp:featuredmedia":[{"embeddable":true,"href":"https:\/\/www.fireware.nl\/fr\/wp-json\/wp\/v2\/media\/62585"}],"wp:attachment":[{"href":"https:\/\/www.fireware.nl\/fr\/wp-json\/wp\/v2\/media?parent=62894"}],"wp:term":[{"taxonomy":"product_brand","embeddable":true,"href":"https:\/\/www.fireware.nl\/fr\/wp-json\/wp\/v2\/product_brand?post=62894"},{"taxonomy":"product_cat","embeddable":true,"href":"https:\/\/www.fireware.nl\/fr\/wp-json\/wp\/v2\/product_cat?post=62894"},{"taxonomy":"product_tag","embeddable":true,"href":"https:\/\/www.fireware.nl\/fr\/wp-json\/wp\/v2\/product_tag?post=62894"}],"curies":[{"name":"wp","href":"https:\/\/api.w.org\/{rel}","templated":true}]}}