
{"id":61099,"date":"2020-12-03T11:26:26","date_gmt":"2020-12-03T11:26:26","guid":{"rendered":"https:\/\/www.fireware.nl\/product\/le-mannequin-duty-plus\/"},"modified":"2024-12-09T10:11:28","modified_gmt":"2024-12-09T10:11:28","slug":"le-mannequin-duty-plus","status":"publish","type":"product","link":"https:\/\/www.fireware.nl\/fr\/product\/le-mannequin-duty-plus\/","title":{"rendered":"Le Mannequin Duty Plus Ruth Lee"},"content":{"rendered":"\r\n<h2>Poup\u00e9es d&#8217;entra\u00eenement Ruth Lee<\/h2>\r\n<p>Les poup\u00e9es d&#8217;entra\u00eenement Ruth Lee sont con\u00e7ues pour un entra\u00eenement r\u00e9aliste et efficace. Ces poup\u00e9es sont reconnues pour leur durabilit\u00e9 et leur polyvalence, id\u00e9ales pour former les pompiers, les sauveteurs, les services de secours et d&#8217;autres services d&#8217;urgence. Avec les poup\u00e9es d&#8217;entra\u00eenement Ruth Lee, vous pouvez simuler des sc\u00e9narios r\u00e9alistes, pr\u00e9parant ainsi les intervenants \u00e0 de vraies situations d&#8217;urgence. La gamme comprend des poup\u00e9es pour une vari\u00e9t\u00e9 de formations et dans diff\u00e9rentes tailles et poids.<\/p>\r\n<h2>Victime consciente<\/h2>\r\n<p>La poup\u00e9e d&#8217;entra\u00eenement Duty Plus est adapt\u00e9e aux sc\u00e9narios o\u00f9 la victime est encore consciente. Le haut du corps ne penche pas en avant, comme c&#8217;est le cas pour une victime inconsciente. C&#8217;est pourquoi la Duty Plus est id\u00e9ale pour les sc\u00e9narios dans un v\u00e9hicule. Vous pouvez \u00e9galement placer la Duty Plus sur une chaise, simulant une personne qui s&#8217;est \u00e9vanouie mais qui est encore consciente.<\/p>\r\n<p>Tout comme les poup\u00e9es d&#8217;entra\u00eenement de la gamme Duty, ces poup\u00e9es sont maniables de mani\u00e8re r\u00e9aliste : les sauvetages avec la prise Rautek ou le suivi avec une position lat\u00e9rale stable sont possibles. La poup\u00e9e porte une combinaison solide et des bottes en caoutchouc robustes.<\/p>\r\n<p>La poup\u00e9e de traction Duty Range Plus de Ruth Lee a une proportion r\u00e9aliste entre la taille et le poids. Le rembourrage dans la poup\u00e9e est fixe, ce qui permet \u00e0 tous les membres d&#8217;avoir un poids r\u00e9aliste qui ne se d\u00e9place pas. La poup\u00e9e est tr\u00e8s robuste et peut \u00eatre \u00e9cras\u00e9e ou tomber d&#8217;une grande hauteur sans subir de dommages. Il y a une forte boucle au dos qui permet de saisir facilement la poup\u00e9e pendant les pr\u00e9paratifs.<\/p>\r\n<p>La poup\u00e9e peut \u00eatre utilis\u00e9e dans des salles d&#8217;entra\u00eenement o\u00f9 le feu est pr\u00e9sent et r\u00e9siste \u00e0 des temp\u00e9ratures allant jusqu&#8217;\u00e0 100 degr\u00e9s Celsius. Pour des conditions plus chaudes, il existe des alternatives comme la <a href=\"https:\/\/www.fireware.nl\/fr\/product\/firehouse-mannequin\/\" target=\"_blank\" rel=\"noopener\">Firehouse mannequin<\/a> ou une <a href=\"https:\/\/www.fireware.nl\/fr\/produit\/mannequin-de-feu-silver\/\" target=\"_blank\" rel=\"noopener\">mannequin de feu Silver<\/a>. Le mannequin est \u00e9galement adapt\u00e9 aux sauvetages en hauteur avec un harnais ; cependant, la poup\u00e9e d&#8217;entra\u00eenement <a href=\"https:\/\/www.fireware.nl\/fr\/product\/working-at-height-mannequin\/\" target=\"_blank\" rel=\"noopener\">Working at Height<\/a>, extr\u00eamement robuste, est sp\u00e9cialement con\u00e7ue pour cet objectif et est donc mieux adapt\u00e9e.<\/p>\r\n","protected":false},"excerpt":{"rendered":"<ul>\n<li>Compar\u00e9e \u00e0 la gamme standard Duty, cette poup\u00e9e d&#8217;entra\u00eenement est con\u00e7ue pour fonctionner comme une \u00ab victime consciente \u00bb et est plus rigide et plus droite au niveau de la t\u00eate et de la poitrine.<\/li>\n<li>Fabriqu\u00e9e avec une colonne vert\u00e9brale pour \u00e9viter les \u00ab mouvements de t\u00eate \u00bb, elle est dot\u00e9e de mousse \u00e0 cellules ferm\u00e9es dans le dos et de bandes en polypropyl\u00e8ne qui s&#8217;\u00e9tendent jusqu&#8217;\u00e0 la taille\/hip, permettant ainsi une flexibilit\u00e9 et une position plus \u00ab droite \u00bb \u2013 parfaite pour s&#8217;asseoir par exemple dans des v\u00e9hicules.<\/li>\n<li>R\u00e9partition anatomiquement correcte du poids pour donner la sensation d&#8217;une victime consciente.<\/li>\n<li>Une forte boucle \u00e0 l&#8217;arri\u00e8re facilite la manipulation, le levage, le stockage et le s\u00e9chage.<\/li>\n<li>Assez robuste pour \u00eatre plac\u00e9e sous du b\u00e9ton ou des poutres en acier, \u00e9cras\u00e9e ou tomb\u00e9e sans dommage d&#8217;une fen\u00eatre au deuxi\u00e8me \u00e9tage.<\/li>\n<li>Fabriqu\u00e9e en mat\u00e9riau r\u00e9sistant \u00e0 l&#8217;eau et ignifuge, ce qui la rend adapt\u00e9e aux sc\u00e9narios humides ou sales.<\/li>\n<li>Les articulations corporelles souples \u00e9liminent le risque de points de pression et de contusions, des blessures courantes lors de l&#8217;utilisation de poup\u00e9es d&#8217;entra\u00eenement en plastique.<\/li>\n<li>Un collier cervical peut \u00eatre plac\u00e9 sur les poup\u00e9es d&#8217;entra\u00eenement pour adultes afin de fournir les soins appropri\u00e9s \u00e0 la victime.<\/li>\n<li>Peut r\u00e9sister \u00e0 des temp\u00e9ratures allant jusqu&#8217;\u00e0 100\u00b0C, mais ne doit pas \u00eatre expos\u00e9 \u00e0 des temp\u00e9ratures \u00e9lev\u00e9es prolong\u00e9es ou \u00e0 des flammes nues.<\/li>\n<li>Livr\u00e9e compl\u00e8te avec des bottes et des combinaisons. En cas d&#8217;usure, celles-ci peuvent \u00eatre command\u00e9es s\u00e9par\u00e9ment pour prolonger la dur\u00e9e de vie de la poup\u00e9e d&#8217;entra\u00eenement.<\/li>\n<\/ul>\n","protected":false},"featured_media":60005,"template":"","meta":[],"product_brand":[],"product_cat":[110],"product_tag":[],"class_list":{"0":"post-61099","1":"product","2":"type-product","3":"status-publish","4":"has-post-thumbnail","6":"product_cat-mannequins-de-sauvetage-et-a-levacuation","7":"pa_gewicht-lengte-50kg-180cm-fr","9":"first","10":"instock","11":"taxable","12":"shipping-taxable","13":"purchasable","14":"product-type-simple"},"yoast_head":"<!-- This site is optimized with the Yoast SEO plugin v27.4 - https:\/\/yoast.com\/product\/yoast-seo-wordpress\/ -->\n<title>Le Mannequin Duty Plus Ruth Lee - FireWare<\/title>\n<meta name=\"robots\" content=\"index, follow, max-snippet:-1, max-image-preview:large, max-video-preview:-1\" \/>\n<link rel=\"canonical\" href=\"https:\/\/www.fireware.nl\/fr\/product\/le-mannequin-duty-plus\/\" \/>\n<meta property=\"og:locale\" content=\"fr_FR\" \/>\n<meta property=\"og:type\" content=\"article\" \/>\n<meta property=\"og:title\" content=\"Le Mannequin Duty Plus Ruth Lee - FireWare\" \/>\n<meta property=\"og:description\" content=\"Compar\u00e9e \u00e0 la gamme standard Duty, cette poup\u00e9e d&#039;entra\u00eenement est con\u00e7ue pour fonctionner comme une \u00ab victime consciente \u00bb et est plus rigide et plus droite au niveau de la t\u00eate et de la poitrine. Fabriqu\u00e9e avec une colonne vert\u00e9brale pour \u00e9viter les \u00ab mouvements de t\u00eate \u00bb, elle est dot\u00e9e de mousse \u00e0 cellules ferm\u00e9es dans le dos et de bandes en polypropyl\u00e8ne qui s&#039;\u00e9tendent jusqu&#039;\u00e0 la taille\/hip, permettant ainsi une flexibilit\u00e9 et une position plus \u00ab droite \u00bb \u2013 parfaite pour s&#039;asseoir par exemple dans des v\u00e9hicules. R\u00e9partition anatomiquement correcte du poids pour donner la sensation d&#039;une victime consciente. Une forte boucle \u00e0 l&#039;arri\u00e8re facilite la manipulation, le levage, le stockage et le s\u00e9chage. Assez robuste pour \u00eatre plac\u00e9e sous du b\u00e9ton ou des poutres en acier, \u00e9cras\u00e9e ou tomb\u00e9e sans dommage d&#039;une fen\u00eatre au deuxi\u00e8me \u00e9tage. Fabriqu\u00e9e en mat\u00e9riau r\u00e9sistant \u00e0 l&#039;eau et ignifuge, ce qui la rend adapt\u00e9e aux sc\u00e9narios humides ou sales. Les articulations corporelles souples \u00e9liminent le risque de points de pression et de contusions, des blessures courantes lors de l&#039;utilisation de poup\u00e9es d&#039;entra\u00eenement en plastique. Un collier cervical peut \u00eatre plac\u00e9 sur les poup\u00e9es d&#039;entra\u00eenement pour adultes afin de fournir les soins appropri\u00e9s \u00e0 la victime. Peut r\u00e9sister \u00e0 des temp\u00e9ratures allant jusqu&#039;\u00e0 100\u00b0C, mais ne doit pas \u00eatre expos\u00e9 \u00e0 des temp\u00e9ratures \u00e9lev\u00e9es prolong\u00e9es ou \u00e0 des flammes nues. Livr\u00e9e compl\u00e8te avec des bottes et des combinaisons. En cas d&#039;usure, celles-ci peuvent \u00eatre command\u00e9es s\u00e9par\u00e9ment pour prolonger la dur\u00e9e de vie de la poup\u00e9e d&#039;entra\u00eenement.\" \/>\n<meta property=\"og:url\" content=\"https:\/\/www.fireware.nl\/fr\/product\/le-mannequin-duty-plus\/\" \/>\n<meta property=\"og:site_name\" content=\"FireWare\" \/>\n<meta property=\"article:publisher\" content=\"https:\/\/www.facebook.com\/FireWareBV\/\" \/>\n<meta property=\"article:modified_time\" content=\"2024-12-09T10:11:28+00:00\" \/>\n<meta property=\"og:image\" content=\"https:\/\/www.fireware.nl\/wp-content\/uploads\/2020\/12\/017-043-121-Duty-Plus-oefenpop-50kg-180-cm-1.jpg\" \/>\n\t<meta property=\"og:image:width\" content=\"600\" \/>\n\t<meta property=\"og:image:height\" content=\"600\" \/>\n\t<meta property=\"og:image:type\" content=\"image\/jpeg\" \/>\n<meta name=\"twitter:card\" content=\"summary_large_image\" \/>\n<meta name=\"twitter:site\" content=\"@FireWarebv\" \/>\n<meta name=\"twitter:label1\" content=\"Dur\u00e9e de lecture estim\u00e9e\" \/>\n\t<meta name=\"twitter:data1\" content=\"2 minutes\" \/>\n<script type=\"application\/ld+json\" class=\"yoast-schema-graph\">{\"@context\":\"https:\\\/\\\/schema.org\",\"@graph\":[{\"@type\":\"WebPage\",\"@id\":\"https:\\\/\\\/www.fireware.nl\\\/fr\\\/product\\\/le-mannequin-duty-plus\\\/\",\"url\":\"https:\\\/\\\/www.fireware.nl\\\/fr\\\/product\\\/le-mannequin-duty-plus\\\/\",\"name\":\"Le Mannequin Duty Plus Ruth Lee - FireWare\",\"isPartOf\":{\"@id\":\"https:\\\/\\\/www.fireware.nl\\\/fr\\\/#website\"},\"primaryImageOfPage\":{\"@id\":\"https:\\\/\\\/www.fireware.nl\\\/fr\\\/product\\\/le-mannequin-duty-plus\\\/#primaryimage\"},\"image\":{\"@id\":\"https:\\\/\\\/www.fireware.nl\\\/fr\\\/product\\\/le-mannequin-duty-plus\\\/#primaryimage\"},\"thumbnailUrl\":\"https:\\\/\\\/www.fireware.nl\\\/wp-content\\\/uploads\\\/2020\\\/12\\\/017-043-121-Duty-Plus-oefenpop-50kg-180-cm-1.jpg\",\"datePublished\":\"2020-12-03T11:26:26+00:00\",\"dateModified\":\"2024-12-09T10:11:28+00:00\",\"breadcrumb\":{\"@id\":\"https:\\\/\\\/www.fireware.nl\\\/fr\\\/product\\\/le-mannequin-duty-plus\\\/#breadcrumb\"},\"inLanguage\":\"fr-FR\",\"potentialAction\":[{\"@type\":\"ReadAction\",\"target\":[\"https:\\\/\\\/www.fireware.nl\\\/fr\\\/product\\\/le-mannequin-duty-plus\\\/\"]}]},{\"@type\":\"ImageObject\",\"inLanguage\":\"fr-FR\",\"@id\":\"https:\\\/\\\/www.fireware.nl\\\/fr\\\/product\\\/le-mannequin-duty-plus\\\/#primaryimage\",\"url\":\"https:\\\/\\\/www.fireware.nl\\\/wp-content\\\/uploads\\\/2020\\\/12\\\/017-043-121-Duty-Plus-oefenpop-50kg-180-cm-1.jpg\",\"contentUrl\":\"https:\\\/\\\/www.fireware.nl\\\/wp-content\\\/uploads\\\/2020\\\/12\\\/017-043-121-Duty-Plus-oefenpop-50kg-180-cm-1.jpg\",\"width\":600,\"height\":600},{\"@type\":\"BreadcrumbList\",\"@id\":\"https:\\\/\\\/www.fireware.nl\\\/fr\\\/product\\\/le-mannequin-duty-plus\\\/#breadcrumb\",\"itemListElement\":[{\"@type\":\"ListItem\",\"position\":1,\"name\":\"Home\",\"item\":\"https:\\\/\\\/www.fireware.nl\\\/fr\\\/\"},{\"@type\":\"ListItem\",\"position\":2,\"name\":\"Produits\",\"item\":\"https:\\\/\\\/www.fireware.nl\\\/fr\\\/produits\\\/\"},{\"@type\":\"ListItem\",\"position\":3,\"name\":\"Le Mannequin Duty Plus Ruth Lee\"}]},{\"@type\":\"WebSite\",\"@id\":\"https:\\\/\\\/www.fireware.nl\\\/fr\\\/#website\",\"url\":\"https:\\\/\\\/www.fireware.nl\\\/fr\\\/\",\"name\":\"FireWare\",\"description\":\"CREATING REALISTIC  TRAINING ENVIRONMENTS\",\"publisher\":{\"@id\":\"https:\\\/\\\/www.fireware.nl\\\/fr\\\/#organization\"},\"potentialAction\":[{\"@type\":\"SearchAction\",\"target\":{\"@type\":\"EntryPoint\",\"urlTemplate\":\"https:\\\/\\\/www.fireware.nl\\\/fr\\\/?s={search_term_string}\"},\"query-input\":{\"@type\":\"PropertyValueSpecification\",\"valueRequired\":true,\"valueName\":\"search_term_string\"}}],\"inLanguage\":\"fr-FR\"},{\"@type\":\"Organization\",\"@id\":\"https:\\\/\\\/www.fireware.nl\\\/fr\\\/#organization\",\"name\":\"FireWare\",\"url\":\"https:\\\/\\\/www.fireware.nl\\\/fr\\\/\",\"logo\":{\"@type\":\"ImageObject\",\"inLanguage\":\"fr-FR\",\"@id\":\"https:\\\/\\\/www.fireware.nl\\\/fr\\\/#\\\/schema\\\/logo\\\/image\\\/\",\"url\":\"https:\\\/\\\/www.fireware.nl\\\/wp-content\\\/uploads\\\/2018\\\/10\\\/fireware-logo.png\",\"contentUrl\":\"https:\\\/\\\/www.fireware.nl\\\/wp-content\\\/uploads\\\/2018\\\/10\\\/fireware-logo.png\",\"width\":200,\"height\":86,\"caption\":\"FireWare\"},\"image\":{\"@id\":\"https:\\\/\\\/www.fireware.nl\\\/fr\\\/#\\\/schema\\\/logo\\\/image\\\/\"},\"sameAs\":[\"https:\\\/\\\/www.facebook.com\\\/FireWareBV\\\/\",\"https:\\\/\\\/x.com\\\/FireWarebv\",\"https:\\\/\\\/www.instagram.com\\\/fireware_nl\\\/\",\"https:\\\/\\\/www.linkedin.com\\\/company\\\/3586017\\\/\",\"https:\\\/\\\/www.youtube.com\\\/user\\\/firesalesrentconsult\"]}]}<\/script>\n<!-- \/ Yoast SEO plugin. -->","yoast_head_json":{"title":"Le Mannequin Duty Plus Ruth Lee - FireWare","robots":{"index":"index","follow":"follow","max-snippet":"max-snippet:-1","max-image-preview":"max-image-preview:large","max-video-preview":"max-video-preview:-1"},"canonical":"https:\/\/www.fireware.nl\/fr\/product\/le-mannequin-duty-plus\/","og_locale":"fr_FR","og_type":"article","og_title":"Le Mannequin Duty Plus Ruth Lee - FireWare","og_description":"Compar\u00e9e \u00e0 la gamme standard Duty, cette poup\u00e9e d'entra\u00eenement est con\u00e7ue pour fonctionner comme une \u00ab victime consciente \u00bb et est plus rigide et plus droite au niveau de la t\u00eate et de la poitrine. Fabriqu\u00e9e avec une colonne vert\u00e9brale pour \u00e9viter les \u00ab mouvements de t\u00eate \u00bb, elle est dot\u00e9e de mousse \u00e0 cellules ferm\u00e9es dans le dos et de bandes en polypropyl\u00e8ne qui s'\u00e9tendent jusqu'\u00e0 la taille\/hip, permettant ainsi une flexibilit\u00e9 et une position plus \u00ab droite \u00bb \u2013 parfaite pour s'asseoir par exemple dans des v\u00e9hicules. R\u00e9partition anatomiquement correcte du poids pour donner la sensation d'une victime consciente. Une forte boucle \u00e0 l'arri\u00e8re facilite la manipulation, le levage, le stockage et le s\u00e9chage. Assez robuste pour \u00eatre plac\u00e9e sous du b\u00e9ton ou des poutres en acier, \u00e9cras\u00e9e ou tomb\u00e9e sans dommage d'une fen\u00eatre au deuxi\u00e8me \u00e9tage. Fabriqu\u00e9e en mat\u00e9riau r\u00e9sistant \u00e0 l'eau et ignifuge, ce qui la rend adapt\u00e9e aux sc\u00e9narios humides ou sales. Les articulations corporelles souples \u00e9liminent le risque de points de pression et de contusions, des blessures courantes lors de l'utilisation de poup\u00e9es d'entra\u00eenement en plastique. Un collier cervical peut \u00eatre plac\u00e9 sur les poup\u00e9es d'entra\u00eenement pour adultes afin de fournir les soins appropri\u00e9s \u00e0 la victime. Peut r\u00e9sister \u00e0 des temp\u00e9ratures allant jusqu'\u00e0 100\u00b0C, mais ne doit pas \u00eatre expos\u00e9 \u00e0 des temp\u00e9ratures \u00e9lev\u00e9es prolong\u00e9es ou \u00e0 des flammes nues. Livr\u00e9e compl\u00e8te avec des bottes et des combinaisons. En cas d'usure, celles-ci peuvent \u00eatre command\u00e9es s\u00e9par\u00e9ment pour prolonger la dur\u00e9e de vie de la poup\u00e9e d'entra\u00eenement.","og_url":"https:\/\/www.fireware.nl\/fr\/product\/le-mannequin-duty-plus\/","og_site_name":"FireWare","article_publisher":"https:\/\/www.facebook.com\/FireWareBV\/","article_modified_time":"2024-12-09T10:11:28+00:00","og_image":[{"width":600,"height":600,"url":"https:\/\/www.fireware.nl\/wp-content\/uploads\/2020\/12\/017-043-121-Duty-Plus-oefenpop-50kg-180-cm-1.jpg","type":"image\/jpeg"}],"twitter_card":"summary_large_image","twitter_site":"@FireWarebv","twitter_misc":{"Dur\u00e9e de lecture estim\u00e9e":"2 minutes"},"schema":{"@context":"https:\/\/schema.org","@graph":[{"@type":"WebPage","@id":"https:\/\/www.fireware.nl\/fr\/product\/le-mannequin-duty-plus\/","url":"https:\/\/www.fireware.nl\/fr\/product\/le-mannequin-duty-plus\/","name":"Le Mannequin Duty Plus Ruth Lee - FireWare","isPartOf":{"@id":"https:\/\/www.fireware.nl\/fr\/#website"},"primaryImageOfPage":{"@id":"https:\/\/www.fireware.nl\/fr\/product\/le-mannequin-duty-plus\/#primaryimage"},"image":{"@id":"https:\/\/www.fireware.nl\/fr\/product\/le-mannequin-duty-plus\/#primaryimage"},"thumbnailUrl":"https:\/\/www.fireware.nl\/wp-content\/uploads\/2020\/12\/017-043-121-Duty-Plus-oefenpop-50kg-180-cm-1.jpg","datePublished":"2020-12-03T11:26:26+00:00","dateModified":"2024-12-09T10:11:28+00:00","breadcrumb":{"@id":"https:\/\/www.fireware.nl\/fr\/product\/le-mannequin-duty-plus\/#breadcrumb"},"inLanguage":"fr-FR","potentialAction":[{"@type":"ReadAction","target":["https:\/\/www.fireware.nl\/fr\/product\/le-mannequin-duty-plus\/"]}]},{"@type":"ImageObject","inLanguage":"fr-FR","@id":"https:\/\/www.fireware.nl\/fr\/product\/le-mannequin-duty-plus\/#primaryimage","url":"https:\/\/www.fireware.nl\/wp-content\/uploads\/2020\/12\/017-043-121-Duty-Plus-oefenpop-50kg-180-cm-1.jpg","contentUrl":"https:\/\/www.fireware.nl\/wp-content\/uploads\/2020\/12\/017-043-121-Duty-Plus-oefenpop-50kg-180-cm-1.jpg","width":600,"height":600},{"@type":"BreadcrumbList","@id":"https:\/\/www.fireware.nl\/fr\/product\/le-mannequin-duty-plus\/#breadcrumb","itemListElement":[{"@type":"ListItem","position":1,"name":"Home","item":"https:\/\/www.fireware.nl\/fr\/"},{"@type":"ListItem","position":2,"name":"Produits","item":"https:\/\/www.fireware.nl\/fr\/produits\/"},{"@type":"ListItem","position":3,"name":"Le Mannequin Duty Plus Ruth Lee"}]},{"@type":"WebSite","@id":"https:\/\/www.fireware.nl\/fr\/#website","url":"https:\/\/www.fireware.nl\/fr\/","name":"FireWare","description":"CREATING REALISTIC  TRAINING ENVIRONMENTS","publisher":{"@id":"https:\/\/www.fireware.nl\/fr\/#organization"},"potentialAction":[{"@type":"SearchAction","target":{"@type":"EntryPoint","urlTemplate":"https:\/\/www.fireware.nl\/fr\/?s={search_term_string}"},"query-input":{"@type":"PropertyValueSpecification","valueRequired":true,"valueName":"search_term_string"}}],"inLanguage":"fr-FR"},{"@type":"Organization","@id":"https:\/\/www.fireware.nl\/fr\/#organization","name":"FireWare","url":"https:\/\/www.fireware.nl\/fr\/","logo":{"@type":"ImageObject","inLanguage":"fr-FR","@id":"https:\/\/www.fireware.nl\/fr\/#\/schema\/logo\/image\/","url":"https:\/\/www.fireware.nl\/wp-content\/uploads\/2018\/10\/fireware-logo.png","contentUrl":"https:\/\/www.fireware.nl\/wp-content\/uploads\/2018\/10\/fireware-logo.png","width":200,"height":86,"caption":"FireWare"},"image":{"@id":"https:\/\/www.fireware.nl\/fr\/#\/schema\/logo\/image\/"},"sameAs":["https:\/\/www.facebook.com\/FireWareBV\/","https:\/\/x.com\/FireWarebv","https:\/\/www.instagram.com\/fireware_nl\/","https:\/\/www.linkedin.com\/company\/3586017\/","https:\/\/www.youtube.com\/user\/firesalesrentconsult"]}]}},"publishpress_future_workflow_manual_trigger":{"enabledWorkflows":[]},"_links":{"self":[{"href":"https:\/\/www.fireware.nl\/fr\/wp-json\/wp\/v2\/product\/61099","targetHints":{"allow":["GET"]}}],"collection":[{"href":"https:\/\/www.fireware.nl\/fr\/wp-json\/wp\/v2\/product"}],"about":[{"href":"https:\/\/www.fireware.nl\/fr\/wp-json\/wp\/v2\/types\/product"}],"wp:featuredmedia":[{"embeddable":true,"href":"https:\/\/www.fireware.nl\/fr\/wp-json\/wp\/v2\/media\/60005"}],"wp:attachment":[{"href":"https:\/\/www.fireware.nl\/fr\/wp-json\/wp\/v2\/media?parent=61099"}],"wp:term":[{"taxonomy":"product_brand","embeddable":true,"href":"https:\/\/www.fireware.nl\/fr\/wp-json\/wp\/v2\/product_brand?post=61099"},{"taxonomy":"product_cat","embeddable":true,"href":"https:\/\/www.fireware.nl\/fr\/wp-json\/wp\/v2\/product_cat?post=61099"},{"taxonomy":"product_tag","embeddable":true,"href":"https:\/\/www.fireware.nl\/fr\/wp-json\/wp\/v2\/product_tag?post=61099"}],"curies":[{"name":"wp","href":"https:\/\/api.w.org\/{rel}","templated":true}]}}