
{"id":60993,"date":"2021-05-11T10:06:24","date_gmt":"2021-05-11T10:06:24","guid":{"rendered":"https:\/\/www.fireware.nl\/product\/pyjama-pour-mannequin-soins-des-patients\/"},"modified":"2025-03-31T08:54:02","modified_gmt":"2025-03-31T08:54:02","slug":"pyjama-pour-mannequin-soins-des-patients","status":"publish","type":"product","link":"https:\/\/www.fireware.nl\/fr\/product\/pyjama-pour-mannequin-soins-des-patients\/","title":{"rendered":"Pyjama pour Mannequin Soins des patients"},"content":{"rendered":"\r\n<h2>Habillez votre mannequin d&#8217;un nouveau pyjama<\/h2>\r\n<p>L&#8217;hygi\u00e8ne dans les soins de sant\u00e9 est cruciale. Pour l&#8217;am\u00e9liorer, <a href=\"https:\/\/www.fireware.nl\/fr\/produit\/mannequin-emergency-evacuation\/\" target=\"_blank\" rel=\"noopener\">mannequin Emergency Evacuation<\/a> sont toujours fournis avec des pyjamas. Ce pyjama est fabriqu\u00e9 avec des mat\u00e9riaux antibact\u00e9rien et lavable.<\/p>\r\n<p>Le pyjama peut s&#8217;user et se d\u00e9t\u00e9riorer en raison de son utilisation r\u00e9guli\u00e8re. Il est donc conseill\u00e9 de remplacer r\u00e9guli\u00e8rement le pyjama afin de prolonger la dur\u00e9e de vie du mannequin. La couleur et le dessin peuvent \u00eatre diff\u00e9rents de ceux de la photo.<\/p>\r\n","protected":false},"excerpt":{"rendered":"<ul>\n<li>Convient pour le Emergency Evacuation<\/li>\n<li>Fabriqu\u00e9 avec des mat\u00e9riaux antibact\u00e9riens et lavables<\/li>\n<li>La couleur et le dessin peuvent \u00eatre diff\u00e9rents<\/li>\n<\/ul>\n","protected":false},"featured_media":60052,"template":"","meta":[],"product_brand":[],"product_cat":[2878],"product_tag":[],"class_list":{"0":"post-60993","1":"product","2":"type-product","3":"status-publish","4":"has-post-thumbnail","6":"product_cat-vetements","8":"first","9":"instock","10":"taxable","11":"shipping-taxable","12":"purchasable","13":"product-type-simple"},"yoast_head":"<!-- This site is optimized with the Yoast SEO plugin v27.4 - https:\/\/yoast.com\/product\/yoast-seo-wordpress\/ -->\n<title>Pyjama pour Mannequin Soins des patients - FireWare<\/title>\n<meta name=\"robots\" content=\"index, follow, max-snippet:-1, max-image-preview:large, max-video-preview:-1\" \/>\n<link rel=\"canonical\" href=\"https:\/\/www.fireware.nl\/fr\/product\/pyjama-pour-mannequin-soins-des-patients\/\" \/>\n<meta property=\"og:locale\" content=\"fr_FR\" \/>\n<meta property=\"og:type\" content=\"article\" \/>\n<meta property=\"og:title\" content=\"Pyjama pour Mannequin Soins des patients - FireWare\" \/>\n<meta property=\"og:description\" content=\"Convient pour le Emergency Evacuation Fabriqu\u00e9 avec des mat\u00e9riaux antibact\u00e9riens et lavables La couleur et le dessin peuvent \u00eatre diff\u00e9rents\" \/>\n<meta property=\"og:url\" content=\"https:\/\/www.fireware.nl\/fr\/product\/pyjama-pour-mannequin-soins-des-patients\/\" \/>\n<meta property=\"og:site_name\" content=\"FireWare\" \/>\n<meta property=\"article:publisher\" content=\"https:\/\/www.facebook.com\/FireWareBV\/\" \/>\n<meta property=\"article:modified_time\" content=\"2025-03-31T08:54:02+00:00\" \/>\n<meta property=\"og:image\" content=\"https:\/\/www.fireware.nl\/wp-content\/uploads\/2021\/05\/017-043-132-pyjama-emergency-evacuation-patient-handling-oefenpop.jpg\" \/>\n\t<meta property=\"og:image:width\" content=\"600\" \/>\n\t<meta property=\"og:image:height\" content=\"600\" \/>\n\t<meta property=\"og:image:type\" content=\"image\/jpeg\" \/>\n<meta name=\"twitter:card\" content=\"summary_large_image\" \/>\n<meta name=\"twitter:site\" content=\"@FireWarebv\" \/>\n<meta name=\"twitter:label1\" content=\"Dur\u00e9e de lecture estim\u00e9e\" \/>\n\t<meta name=\"twitter:data1\" content=\"1 minute\" \/>\n<script type=\"application\/ld+json\" class=\"yoast-schema-graph\">{\"@context\":\"https:\\\/\\\/schema.org\",\"@graph\":[{\"@type\":\"WebPage\",\"@id\":\"https:\\\/\\\/www.fireware.nl\\\/fr\\\/product\\\/pyjama-pour-mannequin-soins-des-patients\\\/\",\"url\":\"https:\\\/\\\/www.fireware.nl\\\/fr\\\/product\\\/pyjama-pour-mannequin-soins-des-patients\\\/\",\"name\":\"Pyjama pour Mannequin Soins des patients - FireWare\",\"isPartOf\":{\"@id\":\"https:\\\/\\\/www.fireware.nl\\\/fr\\\/#website\"},\"primaryImageOfPage\":{\"@id\":\"https:\\\/\\\/www.fireware.nl\\\/fr\\\/product\\\/pyjama-pour-mannequin-soins-des-patients\\\/#primaryimage\"},\"image\":{\"@id\":\"https:\\\/\\\/www.fireware.nl\\\/fr\\\/product\\\/pyjama-pour-mannequin-soins-des-patients\\\/#primaryimage\"},\"thumbnailUrl\":\"https:\\\/\\\/www.fireware.nl\\\/wp-content\\\/uploads\\\/2021\\\/05\\\/017-043-132-pyjama-emergency-evacuation-patient-handling-oefenpop.jpg\",\"datePublished\":\"2021-05-11T10:06:24+00:00\",\"dateModified\":\"2025-03-31T08:54:02+00:00\",\"breadcrumb\":{\"@id\":\"https:\\\/\\\/www.fireware.nl\\\/fr\\\/product\\\/pyjama-pour-mannequin-soins-des-patients\\\/#breadcrumb\"},\"inLanguage\":\"fr-FR\",\"potentialAction\":[{\"@type\":\"ReadAction\",\"target\":[\"https:\\\/\\\/www.fireware.nl\\\/fr\\\/product\\\/pyjama-pour-mannequin-soins-des-patients\\\/\"]}]},{\"@type\":\"ImageObject\",\"inLanguage\":\"fr-FR\",\"@id\":\"https:\\\/\\\/www.fireware.nl\\\/fr\\\/product\\\/pyjama-pour-mannequin-soins-des-patients\\\/#primaryimage\",\"url\":\"https:\\\/\\\/www.fireware.nl\\\/wp-content\\\/uploads\\\/2021\\\/05\\\/017-043-132-pyjama-emergency-evacuation-patient-handling-oefenpop.jpg\",\"contentUrl\":\"https:\\\/\\\/www.fireware.nl\\\/wp-content\\\/uploads\\\/2021\\\/05\\\/017-043-132-pyjama-emergency-evacuation-patient-handling-oefenpop.jpg\",\"width\":600,\"height\":600},{\"@type\":\"BreadcrumbList\",\"@id\":\"https:\\\/\\\/www.fireware.nl\\\/fr\\\/product\\\/pyjama-pour-mannequin-soins-des-patients\\\/#breadcrumb\",\"itemListElement\":[{\"@type\":\"ListItem\",\"position\":1,\"name\":\"Home\",\"item\":\"https:\\\/\\\/www.fireware.nl\\\/fr\\\/\"},{\"@type\":\"ListItem\",\"position\":2,\"name\":\"Produits\",\"item\":\"https:\\\/\\\/www.fireware.nl\\\/fr\\\/produits\\\/\"},{\"@type\":\"ListItem\",\"position\":3,\"name\":\"Pyjama pour Mannequin Soins des patients\"}]},{\"@type\":\"WebSite\",\"@id\":\"https:\\\/\\\/www.fireware.nl\\\/fr\\\/#website\",\"url\":\"https:\\\/\\\/www.fireware.nl\\\/fr\\\/\",\"name\":\"FireWare\",\"description\":\"CREATING REALISTIC  TRAINING ENVIRONMENTS\",\"publisher\":{\"@id\":\"https:\\\/\\\/www.fireware.nl\\\/fr\\\/#organization\"},\"potentialAction\":[{\"@type\":\"SearchAction\",\"target\":{\"@type\":\"EntryPoint\",\"urlTemplate\":\"https:\\\/\\\/www.fireware.nl\\\/fr\\\/?s={search_term_string}\"},\"query-input\":{\"@type\":\"PropertyValueSpecification\",\"valueRequired\":true,\"valueName\":\"search_term_string\"}}],\"inLanguage\":\"fr-FR\"},{\"@type\":\"Organization\",\"@id\":\"https:\\\/\\\/www.fireware.nl\\\/fr\\\/#organization\",\"name\":\"FireWare\",\"url\":\"https:\\\/\\\/www.fireware.nl\\\/fr\\\/\",\"logo\":{\"@type\":\"ImageObject\",\"inLanguage\":\"fr-FR\",\"@id\":\"https:\\\/\\\/www.fireware.nl\\\/fr\\\/#\\\/schema\\\/logo\\\/image\\\/\",\"url\":\"https:\\\/\\\/www.fireware.nl\\\/wp-content\\\/uploads\\\/2018\\\/10\\\/fireware-logo.png\",\"contentUrl\":\"https:\\\/\\\/www.fireware.nl\\\/wp-content\\\/uploads\\\/2018\\\/10\\\/fireware-logo.png\",\"width\":200,\"height\":86,\"caption\":\"FireWare\"},\"image\":{\"@id\":\"https:\\\/\\\/www.fireware.nl\\\/fr\\\/#\\\/schema\\\/logo\\\/image\\\/\"},\"sameAs\":[\"https:\\\/\\\/www.facebook.com\\\/FireWareBV\\\/\",\"https:\\\/\\\/x.com\\\/FireWarebv\",\"https:\\\/\\\/www.instagram.com\\\/fireware_nl\\\/\",\"https:\\\/\\\/www.linkedin.com\\\/company\\\/3586017\\\/\",\"https:\\\/\\\/www.youtube.com\\\/user\\\/firesalesrentconsult\"]}]}<\/script>\n<!-- \/ Yoast SEO plugin. -->","yoast_head_json":{"title":"Pyjama pour Mannequin Soins des patients - FireWare","robots":{"index":"index","follow":"follow","max-snippet":"max-snippet:-1","max-image-preview":"max-image-preview:large","max-video-preview":"max-video-preview:-1"},"canonical":"https:\/\/www.fireware.nl\/fr\/product\/pyjama-pour-mannequin-soins-des-patients\/","og_locale":"fr_FR","og_type":"article","og_title":"Pyjama pour Mannequin Soins des patients - FireWare","og_description":"Convient pour le Emergency Evacuation Fabriqu\u00e9 avec des mat\u00e9riaux antibact\u00e9riens et lavables La couleur et le dessin peuvent \u00eatre diff\u00e9rents","og_url":"https:\/\/www.fireware.nl\/fr\/product\/pyjama-pour-mannequin-soins-des-patients\/","og_site_name":"FireWare","article_publisher":"https:\/\/www.facebook.com\/FireWareBV\/","article_modified_time":"2025-03-31T08:54:02+00:00","og_image":[{"width":600,"height":600,"url":"https:\/\/www.fireware.nl\/wp-content\/uploads\/2021\/05\/017-043-132-pyjama-emergency-evacuation-patient-handling-oefenpop.jpg","type":"image\/jpeg"}],"twitter_card":"summary_large_image","twitter_site":"@FireWarebv","twitter_misc":{"Dur\u00e9e de lecture estim\u00e9e":"1 minute"},"schema":{"@context":"https:\/\/schema.org","@graph":[{"@type":"WebPage","@id":"https:\/\/www.fireware.nl\/fr\/product\/pyjama-pour-mannequin-soins-des-patients\/","url":"https:\/\/www.fireware.nl\/fr\/product\/pyjama-pour-mannequin-soins-des-patients\/","name":"Pyjama pour Mannequin Soins des patients - FireWare","isPartOf":{"@id":"https:\/\/www.fireware.nl\/fr\/#website"},"primaryImageOfPage":{"@id":"https:\/\/www.fireware.nl\/fr\/product\/pyjama-pour-mannequin-soins-des-patients\/#primaryimage"},"image":{"@id":"https:\/\/www.fireware.nl\/fr\/product\/pyjama-pour-mannequin-soins-des-patients\/#primaryimage"},"thumbnailUrl":"https:\/\/www.fireware.nl\/wp-content\/uploads\/2021\/05\/017-043-132-pyjama-emergency-evacuation-patient-handling-oefenpop.jpg","datePublished":"2021-05-11T10:06:24+00:00","dateModified":"2025-03-31T08:54:02+00:00","breadcrumb":{"@id":"https:\/\/www.fireware.nl\/fr\/product\/pyjama-pour-mannequin-soins-des-patients\/#breadcrumb"},"inLanguage":"fr-FR","potentialAction":[{"@type":"ReadAction","target":["https:\/\/www.fireware.nl\/fr\/product\/pyjama-pour-mannequin-soins-des-patients\/"]}]},{"@type":"ImageObject","inLanguage":"fr-FR","@id":"https:\/\/www.fireware.nl\/fr\/product\/pyjama-pour-mannequin-soins-des-patients\/#primaryimage","url":"https:\/\/www.fireware.nl\/wp-content\/uploads\/2021\/05\/017-043-132-pyjama-emergency-evacuation-patient-handling-oefenpop.jpg","contentUrl":"https:\/\/www.fireware.nl\/wp-content\/uploads\/2021\/05\/017-043-132-pyjama-emergency-evacuation-patient-handling-oefenpop.jpg","width":600,"height":600},{"@type":"BreadcrumbList","@id":"https:\/\/www.fireware.nl\/fr\/product\/pyjama-pour-mannequin-soins-des-patients\/#breadcrumb","itemListElement":[{"@type":"ListItem","position":1,"name":"Home","item":"https:\/\/www.fireware.nl\/fr\/"},{"@type":"ListItem","position":2,"name":"Produits","item":"https:\/\/www.fireware.nl\/fr\/produits\/"},{"@type":"ListItem","position":3,"name":"Pyjama pour Mannequin Soins des patients"}]},{"@type":"WebSite","@id":"https:\/\/www.fireware.nl\/fr\/#website","url":"https:\/\/www.fireware.nl\/fr\/","name":"FireWare","description":"CREATING REALISTIC  TRAINING ENVIRONMENTS","publisher":{"@id":"https:\/\/www.fireware.nl\/fr\/#organization"},"potentialAction":[{"@type":"SearchAction","target":{"@type":"EntryPoint","urlTemplate":"https:\/\/www.fireware.nl\/fr\/?s={search_term_string}"},"query-input":{"@type":"PropertyValueSpecification","valueRequired":true,"valueName":"search_term_string"}}],"inLanguage":"fr-FR"},{"@type":"Organization","@id":"https:\/\/www.fireware.nl\/fr\/#organization","name":"FireWare","url":"https:\/\/www.fireware.nl\/fr\/","logo":{"@type":"ImageObject","inLanguage":"fr-FR","@id":"https:\/\/www.fireware.nl\/fr\/#\/schema\/logo\/image\/","url":"https:\/\/www.fireware.nl\/wp-content\/uploads\/2018\/10\/fireware-logo.png","contentUrl":"https:\/\/www.fireware.nl\/wp-content\/uploads\/2018\/10\/fireware-logo.png","width":200,"height":86,"caption":"FireWare"},"image":{"@id":"https:\/\/www.fireware.nl\/fr\/#\/schema\/logo\/image\/"},"sameAs":["https:\/\/www.facebook.com\/FireWareBV\/","https:\/\/x.com\/FireWarebv","https:\/\/www.instagram.com\/fireware_nl\/","https:\/\/www.linkedin.com\/company\/3586017\/","https:\/\/www.youtube.com\/user\/firesalesrentconsult"]}]}},"publishpress_future_workflow_manual_trigger":{"enabledWorkflows":[]},"_links":{"self":[{"href":"https:\/\/www.fireware.nl\/fr\/wp-json\/wp\/v2\/product\/60993","targetHints":{"allow":["GET"]}}],"collection":[{"href":"https:\/\/www.fireware.nl\/fr\/wp-json\/wp\/v2\/product"}],"about":[{"href":"https:\/\/www.fireware.nl\/fr\/wp-json\/wp\/v2\/types\/product"}],"wp:featuredmedia":[{"embeddable":true,"href":"https:\/\/www.fireware.nl\/fr\/wp-json\/wp\/v2\/media\/60052"}],"wp:attachment":[{"href":"https:\/\/www.fireware.nl\/fr\/wp-json\/wp\/v2\/media?parent=60993"}],"wp:term":[{"taxonomy":"product_brand","embeddable":true,"href":"https:\/\/www.fireware.nl\/fr\/wp-json\/wp\/v2\/product_brand?post=60993"},{"taxonomy":"product_cat","embeddable":true,"href":"https:\/\/www.fireware.nl\/fr\/wp-json\/wp\/v2\/product_cat?post=60993"},{"taxonomy":"product_tag","embeddable":true,"href":"https:\/\/www.fireware.nl\/fr\/wp-json\/wp\/v2\/product_tag?post=60993"}],"curies":[{"name":"wp","href":"https:\/\/api.w.org\/{rel}","templated":true}]}}