
{"id":60986,"date":"2021-05-11T09:27:10","date_gmt":"2021-05-11T09:27:10","guid":{"rendered":"https:\/\/www.fireware.nl\/product\/combinaison-de-remplacement-prisoner-security\/"},"modified":"2025-03-31T08:48:51","modified_gmt":"2025-03-31T08:48:51","slug":"combinaison-de-remplacement-prisoner-security","status":"publish","type":"product","link":"https:\/\/www.fireware.nl\/fr\/product\/combinaison-de-remplacement-prisoner-security\/","title":{"rendered":"Combinaison de remplacement Prisoner Security"},"content":{"rendered":"\r\n<h2>Remettez votre mannequin \u00e0 neuf<\/h2>\r\n<p>Le<a href=\"https:\/\/www.fireware.nl\/fr\/produit\/prisoner-security-mannequin\/\" target=\"_blank\" rel=\"noopener\"> mannequin Prisoner Security<\/a> s&#8217;utilise pour s&#8217;entra\u00eener \u00e0 l&#8217;\u00e9vacuation de prisonniers menott\u00e9s ou inconscients dans une situation d&#8217;urgence. Pensez aux sc\u00e9narios dans lesquels le mannequin est tra\u00een\u00e9 sur le sol ou \u00e0 la simulation d&#8217;un suicide (par pendaison), ce qui peut causer l&#8217;usure de la combinaison. Il est donc conseill\u00e9 de remplacer r\u00e9guli\u00e8rement la combinaison afin de prolonger la dur\u00e9e de vie du mannequin.<\/p>\r\n<p>Cette combinaison de remplacement ne convient qu&#8217;au mannequin Prisoner Security. Il est fabriqu\u00e9 dans le m\u00eame mat\u00e9riau ignifuge que celui utilis\u00e9 dans les vestes que porte la police. En plus, le mat\u00e9riau est renforc\u00e9 avec un tissu en polypropyl\u00e8ne. Elle offre une solidit\u00e9 et une r\u00e9sistance \u00e0 l&#8217;usure 4 fois sup\u00e9rieures \u00e0 celles d&#8217;une toile 16 oz ou d&#8217;un PVC. La combinaison est dot\u00e9e d&#8217;un mat\u00e9riau hydrofuge, ce qui la rend adapt\u00e9e aux sc\u00e9narios humides et\/ou sales.<\/p>\r\n","protected":false},"excerpt":{"rendered":"<ul>\n<li>Convient pour le mannequin Prisoner Security<\/li>\n<li>Combinaison r\u00e9sistante fabriqu\u00e9e dans le m\u00eame mat\u00e9riau ignifuge que celui utilis\u00e9 pour les vestes de police, renforc\u00e9e par un tissu en polypropyl\u00e8ne.<\/li>\n<li>Le mat\u00e9riau offre une solidit\u00e9 et une r\u00e9sistance \u00e0 l&#8217;usure 4 fois sup\u00e9rieures \u00e0 celles d&#8217;une toile de 16 oz ou d&#8217;un PVC<\/li>\n<\/ul>\n","protected":false},"featured_media":60034,"template":"","meta":[],"product_brand":[],"product_cat":[2878],"product_tag":[],"class_list":{"0":"post-60986","1":"product","2":"type-product","3":"status-publish","4":"has-post-thumbnail","6":"product_cat-vetements","7":"pa_afmeting-1-80-metres","9":"first","10":"instock","11":"taxable","12":"shipping-taxable","13":"purchasable","14":"product-type-simple"},"yoast_head":"<!-- This site is optimized with the Yoast SEO plugin v27.4 - https:\/\/yoast.com\/product\/yoast-seo-wordpress\/ -->\n<title>Combinaison de remplacement Prisoner Security - FireWare<\/title>\n<meta name=\"robots\" content=\"index, follow, max-snippet:-1, max-image-preview:large, max-video-preview:-1\" \/>\n<link rel=\"canonical\" href=\"https:\/\/www.fireware.nl\/fr\/product\/combinaison-de-remplacement-prisoner-security\/\" \/>\n<meta property=\"og:locale\" content=\"fr_FR\" \/>\n<meta property=\"og:type\" content=\"article\" \/>\n<meta property=\"og:title\" content=\"Combinaison de remplacement Prisoner Security - FireWare\" \/>\n<meta property=\"og:description\" content=\"Convient pour le mannequin Prisoner Security Combinaison r\u00e9sistante fabriqu\u00e9e dans le m\u00eame mat\u00e9riau ignifuge que celui utilis\u00e9 pour les vestes de police, renforc\u00e9e par un tissu en polypropyl\u00e8ne. Le mat\u00e9riau offre une solidit\u00e9 et une r\u00e9sistance \u00e0 l&#039;usure 4 fois sup\u00e9rieures \u00e0 celles d&#039;une toile de 16 oz ou d&#039;un PVC\" \/>\n<meta property=\"og:url\" content=\"https:\/\/www.fireware.nl\/fr\/product\/combinaison-de-remplacement-prisoner-security\/\" \/>\n<meta property=\"og:site_name\" content=\"FireWare\" \/>\n<meta property=\"article:publisher\" content=\"https:\/\/www.facebook.com\/FireWareBV\/\" \/>\n<meta property=\"article:modified_time\" content=\"2025-03-31T08:48:51+00:00\" \/>\n<meta property=\"og:image\" content=\"https:\/\/www.fireware.nl\/wp-content\/uploads\/2021\/05\/017-043-129-Vervangingsoverall-Prisoner-security-manikin.jpg\" \/>\n\t<meta property=\"og:image:width\" content=\"600\" \/>\n\t<meta property=\"og:image:height\" content=\"600\" \/>\n\t<meta property=\"og:image:type\" content=\"image\/jpeg\" \/>\n<meta name=\"twitter:card\" content=\"summary_large_image\" \/>\n<meta name=\"twitter:site\" content=\"@FireWarebv\" \/>\n<meta name=\"twitter:label1\" content=\"Dur\u00e9e de lecture estim\u00e9e\" \/>\n\t<meta name=\"twitter:data1\" content=\"1 minute\" \/>\n<script type=\"application\/ld+json\" class=\"yoast-schema-graph\">{\"@context\":\"https:\\\/\\\/schema.org\",\"@graph\":[{\"@type\":\"WebPage\",\"@id\":\"https:\\\/\\\/www.fireware.nl\\\/fr\\\/product\\\/combinaison-de-remplacement-prisoner-security\\\/\",\"url\":\"https:\\\/\\\/www.fireware.nl\\\/fr\\\/product\\\/combinaison-de-remplacement-prisoner-security\\\/\",\"name\":\"Combinaison de remplacement Prisoner Security - FireWare\",\"isPartOf\":{\"@id\":\"https:\\\/\\\/www.fireware.nl\\\/fr\\\/#website\"},\"primaryImageOfPage\":{\"@id\":\"https:\\\/\\\/www.fireware.nl\\\/fr\\\/product\\\/combinaison-de-remplacement-prisoner-security\\\/#primaryimage\"},\"image\":{\"@id\":\"https:\\\/\\\/www.fireware.nl\\\/fr\\\/product\\\/combinaison-de-remplacement-prisoner-security\\\/#primaryimage\"},\"thumbnailUrl\":\"https:\\\/\\\/www.fireware.nl\\\/wp-content\\\/uploads\\\/2021\\\/05\\\/017-043-129-Vervangingsoverall-Prisoner-security-manikin.jpg\",\"datePublished\":\"2021-05-11T09:27:10+00:00\",\"dateModified\":\"2025-03-31T08:48:51+00:00\",\"breadcrumb\":{\"@id\":\"https:\\\/\\\/www.fireware.nl\\\/fr\\\/product\\\/combinaison-de-remplacement-prisoner-security\\\/#breadcrumb\"},\"inLanguage\":\"fr-FR\",\"potentialAction\":[{\"@type\":\"ReadAction\",\"target\":[\"https:\\\/\\\/www.fireware.nl\\\/fr\\\/product\\\/combinaison-de-remplacement-prisoner-security\\\/\"]}]},{\"@type\":\"ImageObject\",\"inLanguage\":\"fr-FR\",\"@id\":\"https:\\\/\\\/www.fireware.nl\\\/fr\\\/product\\\/combinaison-de-remplacement-prisoner-security\\\/#primaryimage\",\"url\":\"https:\\\/\\\/www.fireware.nl\\\/wp-content\\\/uploads\\\/2021\\\/05\\\/017-043-129-Vervangingsoverall-Prisoner-security-manikin.jpg\",\"contentUrl\":\"https:\\\/\\\/www.fireware.nl\\\/wp-content\\\/uploads\\\/2021\\\/05\\\/017-043-129-Vervangingsoverall-Prisoner-security-manikin.jpg\",\"width\":600,\"height\":600},{\"@type\":\"BreadcrumbList\",\"@id\":\"https:\\\/\\\/www.fireware.nl\\\/fr\\\/product\\\/combinaison-de-remplacement-prisoner-security\\\/#breadcrumb\",\"itemListElement\":[{\"@type\":\"ListItem\",\"position\":1,\"name\":\"Home\",\"item\":\"https:\\\/\\\/www.fireware.nl\\\/fr\\\/\"},{\"@type\":\"ListItem\",\"position\":2,\"name\":\"Produits\",\"item\":\"https:\\\/\\\/www.fireware.nl\\\/fr\\\/produits\\\/\"},{\"@type\":\"ListItem\",\"position\":3,\"name\":\"Combinaison de remplacement Prisoner Security\"}]},{\"@type\":\"WebSite\",\"@id\":\"https:\\\/\\\/www.fireware.nl\\\/fr\\\/#website\",\"url\":\"https:\\\/\\\/www.fireware.nl\\\/fr\\\/\",\"name\":\"FireWare\",\"description\":\"CREATING REALISTIC  TRAINING ENVIRONMENTS\",\"publisher\":{\"@id\":\"https:\\\/\\\/www.fireware.nl\\\/fr\\\/#organization\"},\"potentialAction\":[{\"@type\":\"SearchAction\",\"target\":{\"@type\":\"EntryPoint\",\"urlTemplate\":\"https:\\\/\\\/www.fireware.nl\\\/fr\\\/?s={search_term_string}\"},\"query-input\":{\"@type\":\"PropertyValueSpecification\",\"valueRequired\":true,\"valueName\":\"search_term_string\"}}],\"inLanguage\":\"fr-FR\"},{\"@type\":\"Organization\",\"@id\":\"https:\\\/\\\/www.fireware.nl\\\/fr\\\/#organization\",\"name\":\"FireWare\",\"url\":\"https:\\\/\\\/www.fireware.nl\\\/fr\\\/\",\"logo\":{\"@type\":\"ImageObject\",\"inLanguage\":\"fr-FR\",\"@id\":\"https:\\\/\\\/www.fireware.nl\\\/fr\\\/#\\\/schema\\\/logo\\\/image\\\/\",\"url\":\"https:\\\/\\\/www.fireware.nl\\\/wp-content\\\/uploads\\\/2018\\\/10\\\/fireware-logo.png\",\"contentUrl\":\"https:\\\/\\\/www.fireware.nl\\\/wp-content\\\/uploads\\\/2018\\\/10\\\/fireware-logo.png\",\"width\":200,\"height\":86,\"caption\":\"FireWare\"},\"image\":{\"@id\":\"https:\\\/\\\/www.fireware.nl\\\/fr\\\/#\\\/schema\\\/logo\\\/image\\\/\"},\"sameAs\":[\"https:\\\/\\\/www.facebook.com\\\/FireWareBV\\\/\",\"https:\\\/\\\/x.com\\\/FireWarebv\",\"https:\\\/\\\/www.instagram.com\\\/fireware_nl\\\/\",\"https:\\\/\\\/www.linkedin.com\\\/company\\\/3586017\\\/\",\"https:\\\/\\\/www.youtube.com\\\/user\\\/firesalesrentconsult\"]}]}<\/script>\n<!-- \/ Yoast SEO plugin. -->","yoast_head_json":{"title":"Combinaison de remplacement Prisoner Security - FireWare","robots":{"index":"index","follow":"follow","max-snippet":"max-snippet:-1","max-image-preview":"max-image-preview:large","max-video-preview":"max-video-preview:-1"},"canonical":"https:\/\/www.fireware.nl\/fr\/product\/combinaison-de-remplacement-prisoner-security\/","og_locale":"fr_FR","og_type":"article","og_title":"Combinaison de remplacement Prisoner Security - FireWare","og_description":"Convient pour le mannequin Prisoner Security Combinaison r\u00e9sistante fabriqu\u00e9e dans le m\u00eame mat\u00e9riau ignifuge que celui utilis\u00e9 pour les vestes de police, renforc\u00e9e par un tissu en polypropyl\u00e8ne. Le mat\u00e9riau offre une solidit\u00e9 et une r\u00e9sistance \u00e0 l'usure 4 fois sup\u00e9rieures \u00e0 celles d'une toile de 16 oz ou d'un PVC","og_url":"https:\/\/www.fireware.nl\/fr\/product\/combinaison-de-remplacement-prisoner-security\/","og_site_name":"FireWare","article_publisher":"https:\/\/www.facebook.com\/FireWareBV\/","article_modified_time":"2025-03-31T08:48:51+00:00","og_image":[{"width":600,"height":600,"url":"https:\/\/www.fireware.nl\/wp-content\/uploads\/2021\/05\/017-043-129-Vervangingsoverall-Prisoner-security-manikin.jpg","type":"image\/jpeg"}],"twitter_card":"summary_large_image","twitter_site":"@FireWarebv","twitter_misc":{"Dur\u00e9e de lecture estim\u00e9e":"1 minute"},"schema":{"@context":"https:\/\/schema.org","@graph":[{"@type":"WebPage","@id":"https:\/\/www.fireware.nl\/fr\/product\/combinaison-de-remplacement-prisoner-security\/","url":"https:\/\/www.fireware.nl\/fr\/product\/combinaison-de-remplacement-prisoner-security\/","name":"Combinaison de remplacement Prisoner Security - FireWare","isPartOf":{"@id":"https:\/\/www.fireware.nl\/fr\/#website"},"primaryImageOfPage":{"@id":"https:\/\/www.fireware.nl\/fr\/product\/combinaison-de-remplacement-prisoner-security\/#primaryimage"},"image":{"@id":"https:\/\/www.fireware.nl\/fr\/product\/combinaison-de-remplacement-prisoner-security\/#primaryimage"},"thumbnailUrl":"https:\/\/www.fireware.nl\/wp-content\/uploads\/2021\/05\/017-043-129-Vervangingsoverall-Prisoner-security-manikin.jpg","datePublished":"2021-05-11T09:27:10+00:00","dateModified":"2025-03-31T08:48:51+00:00","breadcrumb":{"@id":"https:\/\/www.fireware.nl\/fr\/product\/combinaison-de-remplacement-prisoner-security\/#breadcrumb"},"inLanguage":"fr-FR","potentialAction":[{"@type":"ReadAction","target":["https:\/\/www.fireware.nl\/fr\/product\/combinaison-de-remplacement-prisoner-security\/"]}]},{"@type":"ImageObject","inLanguage":"fr-FR","@id":"https:\/\/www.fireware.nl\/fr\/product\/combinaison-de-remplacement-prisoner-security\/#primaryimage","url":"https:\/\/www.fireware.nl\/wp-content\/uploads\/2021\/05\/017-043-129-Vervangingsoverall-Prisoner-security-manikin.jpg","contentUrl":"https:\/\/www.fireware.nl\/wp-content\/uploads\/2021\/05\/017-043-129-Vervangingsoverall-Prisoner-security-manikin.jpg","width":600,"height":600},{"@type":"BreadcrumbList","@id":"https:\/\/www.fireware.nl\/fr\/product\/combinaison-de-remplacement-prisoner-security\/#breadcrumb","itemListElement":[{"@type":"ListItem","position":1,"name":"Home","item":"https:\/\/www.fireware.nl\/fr\/"},{"@type":"ListItem","position":2,"name":"Produits","item":"https:\/\/www.fireware.nl\/fr\/produits\/"},{"@type":"ListItem","position":3,"name":"Combinaison de remplacement Prisoner Security"}]},{"@type":"WebSite","@id":"https:\/\/www.fireware.nl\/fr\/#website","url":"https:\/\/www.fireware.nl\/fr\/","name":"FireWare","description":"CREATING REALISTIC  TRAINING ENVIRONMENTS","publisher":{"@id":"https:\/\/www.fireware.nl\/fr\/#organization"},"potentialAction":[{"@type":"SearchAction","target":{"@type":"EntryPoint","urlTemplate":"https:\/\/www.fireware.nl\/fr\/?s={search_term_string}"},"query-input":{"@type":"PropertyValueSpecification","valueRequired":true,"valueName":"search_term_string"}}],"inLanguage":"fr-FR"},{"@type":"Organization","@id":"https:\/\/www.fireware.nl\/fr\/#organization","name":"FireWare","url":"https:\/\/www.fireware.nl\/fr\/","logo":{"@type":"ImageObject","inLanguage":"fr-FR","@id":"https:\/\/www.fireware.nl\/fr\/#\/schema\/logo\/image\/","url":"https:\/\/www.fireware.nl\/wp-content\/uploads\/2018\/10\/fireware-logo.png","contentUrl":"https:\/\/www.fireware.nl\/wp-content\/uploads\/2018\/10\/fireware-logo.png","width":200,"height":86,"caption":"FireWare"},"image":{"@id":"https:\/\/www.fireware.nl\/fr\/#\/schema\/logo\/image\/"},"sameAs":["https:\/\/www.facebook.com\/FireWareBV\/","https:\/\/x.com\/FireWarebv","https:\/\/www.instagram.com\/fireware_nl\/","https:\/\/www.linkedin.com\/company\/3586017\/","https:\/\/www.youtube.com\/user\/firesalesrentconsult"]}]}},"publishpress_future_workflow_manual_trigger":{"enabledWorkflows":[]},"_links":{"self":[{"href":"https:\/\/www.fireware.nl\/fr\/wp-json\/wp\/v2\/product\/60986","targetHints":{"allow":["GET"]}}],"collection":[{"href":"https:\/\/www.fireware.nl\/fr\/wp-json\/wp\/v2\/product"}],"about":[{"href":"https:\/\/www.fireware.nl\/fr\/wp-json\/wp\/v2\/types\/product"}],"wp:featuredmedia":[{"embeddable":true,"href":"https:\/\/www.fireware.nl\/fr\/wp-json\/wp\/v2\/media\/60034"}],"wp:attachment":[{"href":"https:\/\/www.fireware.nl\/fr\/wp-json\/wp\/v2\/media?parent=60986"}],"wp:term":[{"taxonomy":"product_brand","embeddable":true,"href":"https:\/\/www.fireware.nl\/fr\/wp-json\/wp\/v2\/product_brand?post=60986"},{"taxonomy":"product_cat","embeddable":true,"href":"https:\/\/www.fireware.nl\/fr\/wp-json\/wp\/v2\/product_cat?post=60986"},{"taxonomy":"product_tag","embeddable":true,"href":"https:\/\/www.fireware.nl\/fr\/wp-json\/wp\/v2\/product_tag?post=60986"}],"curies":[{"name":"wp","href":"https:\/\/api.w.org\/{rel}","templated":true}]}}