
{"id":57951,"date":"2021-03-09T08:32:31","date_gmt":"2021-03-09T08:32:31","guid":{"rendered":"https:\/\/www.fireware.nl\/product\/vesta-trolley\/"},"modified":"2026-01-23T14:54:00","modified_gmt":"2026-01-23T14:54:00","slug":"vesta-trolley","status":"publish","type":"product","link":"https:\/\/www.fireware.nl\/fr\/product\/vesta-trolley\/","title":{"rendered":"Vesta Trolley"},"content":{"rendered":"\r\n<h2>Ajustez le Vesta \u00e0 la hauteur d&#8217;un bureau et rendez votre simulateur d&#8217;incendie mobile<\/h2>\r\n<p>Avec le Vesta Trolley, un chariot pour notre <a href=\"https:\/\/www.fireware.nl\/fr\/produit\/fireware-vesta\/\" target=\"_blank\" rel=\"noopener\">simulateur d&#8217;incendie Vesta<\/a>, vous pouvez en ajuster la hauteur, avec deux positions, en utilisant les profils creux fournis. Vous pouvez placer le Vesta de mani\u00e8re \u00e0 ce que le haut de l&#8217;appareil soit \u00e0 environ 50 ou 75 centim\u00e8tres du sol. Utilisez votre simulateur d&#8217;incendie \u00e0 la hauteur d&#8217;un bureau et rendez les exercices encore plus r\u00e9alistes avec <a href=\"https:\/\/www.fireware.nl\/fr\/product\/add-on-computer\/\" target=\"_blank\" rel=\"noopener\">l&#8217;Add-on Computer<\/a>, <a href=\"https:\/\/www.fireware.nl\/fr\/product\/add-on-fryer\/\" target=\"_blank\" rel=\"noopener\">l&#8217;Add-on Fryer<\/a>, <a href=\"https:\/\/www.fireware.nl\/fr\/product\/add-on-micro-ondes\/\" target=\"_blank\" rel=\"noopener\">l&#8217;Add-on Micro-ondes<\/a> ou <a href=\"https:\/\/www.fireware.nl\/fr\/product\/add-on-coffret-electrique\/\" target=\"_blank\" rel=\"noopener\">l&#8217;Add-on Coffret \u00e9lectrique<\/a> !<\/p>\r\n<p>Comme le chariot a des roues, vous pouvez facilement d\u00e9placer le Vesta. Le temps change et vous pr\u00e9f\u00e9rez donner votre pr\u00e9sentation \u00e0 l&#8217;int\u00e9rieur\u00a0? Simple\u00a0! Vous roulez votre simulateur d&#8217;incendie vers un autre endroit\u00a0!<\/p>\r\n<p>Pour le transport, le Vesta Trolley est fourni dans une caisse en plastique d&#8217;une dimension de 60 x 40 x 32,5 centim\u00e8tres.<\/p>\r\n<h2>Regardez la vid\u00e9o<\/h2>\r\n<p><iframe src=\"https:\/\/www.youtube.com\/embed\/sA0zQ3g8ZKI?rel=0&amp;hl=fr&amp;cc_lang_pref=fr&amp;cc_load_policy=1\" width=\"560\" height=\"315\" frameborder=\"0\" allowfullscreen=\"allowfullscreen\"><\/iframe><\/p>\r\n","protected":false},"excerpt":{"rendered":"<ul>\n<li>Ajustez le haut du <a href=\"https:\/\/www.fireware.nl\/fr\/produit\/fireware-vesta\/\" target=\"_blank\" rel=\"noopener\">Vesta<\/a> \u00e0 la hauteur d&#8217;un bureau, \u00e0 environ un demi-m\u00e8tre du sol<\/li>\n<li>Rendez votre simulateur d&#8217;incendie Vesta mobile<\/li>\n<li>Fourni dans une caisse en plastique d&#8217;une dimension de 60 x 40 x 32,5 cm pour faciliter le transport<\/li>\n<\/ul>\n","protected":false},"featured_media":57928,"template":"","meta":[],"product_brand":[],"product_cat":[73],"product_tag":[],"class_list":{"0":"post-57951","1":"product","2":"type-product","3":"status-publish","4":"has-post-thumbnail","6":"product_cat-pieces-add-on-pour-simulateurs-dincendie","8":"first","9":"instock","10":"taxable","11":"shipping-taxable","12":"purchasable","13":"product-type-simple"},"yoast_head":"<!-- This site is optimized with the Yoast SEO plugin v27.2 - https:\/\/yoast.com\/product\/yoast-seo-wordpress\/ -->\n<title>Vesta Trolley - FireWare<\/title>\n<meta name=\"robots\" content=\"index, follow, max-snippet:-1, max-image-preview:large, max-video-preview:-1\" \/>\n<link rel=\"canonical\" href=\"https:\/\/www.fireware.nl\/fr\/product\/vesta-trolley\/\" \/>\n<meta property=\"og:locale\" content=\"fr_FR\" \/>\n<meta property=\"og:type\" content=\"article\" \/>\n<meta property=\"og:title\" content=\"Vesta Trolley - FireWare\" \/>\n<meta property=\"og:description\" content=\"Ajustez le haut du Vesta \u00e0 la hauteur d&#039;un bureau, \u00e0 environ un demi-m\u00e8tre du sol Rendez votre simulateur d&#039;incendie Vesta mobile Fourni dans une caisse en plastique d&#039;une dimension de 60 x 40 x 32,5 cm pour faciliter le transport\" \/>\n<meta property=\"og:url\" content=\"https:\/\/www.fireware.nl\/fr\/product\/vesta-trolley\/\" \/>\n<meta property=\"og:site_name\" content=\"FireWare\" \/>\n<meta property=\"article:publisher\" content=\"https:\/\/www.facebook.com\/FireWareBV\/\" \/>\n<meta property=\"article:modified_time\" content=\"2026-01-23T14:54:00+00:00\" \/>\n<meta property=\"og:image\" content=\"https:\/\/www.fireware.nl\/wp-content\/uploads\/2021\/03\/049-012-046-Vesta-Trolley-hoge-poten.jpg\" \/>\n\t<meta property=\"og:image:width\" content=\"600\" \/>\n\t<meta property=\"og:image:height\" content=\"600\" \/>\n\t<meta property=\"og:image:type\" content=\"image\/jpeg\" \/>\n<meta name=\"twitter:card\" content=\"summary_large_image\" \/>\n<meta name=\"twitter:site\" content=\"@FireWarebv\" \/>\n<meta name=\"twitter:label1\" content=\"Dur\u00e9e de lecture estim\u00e9e\" \/>\n\t<meta name=\"twitter:data1\" content=\"1 minute\" \/>\n<script type=\"application\/ld+json\" class=\"yoast-schema-graph\">{\"@context\":\"https:\/\/schema.org\",\"@graph\":[{\"@type\":\"WebPage\",\"@id\":\"https:\/\/www.fireware.nl\/fr\/product\/vesta-trolley\/\",\"url\":\"https:\/\/www.fireware.nl\/fr\/product\/vesta-trolley\/\",\"name\":\"Vesta Trolley - FireWare\",\"isPartOf\":{\"@id\":\"https:\/\/www.fireware.nl\/fr\/#website\"},\"primaryImageOfPage\":{\"@id\":\"https:\/\/www.fireware.nl\/fr\/product\/vesta-trolley\/#primaryimage\"},\"image\":{\"@id\":\"https:\/\/www.fireware.nl\/fr\/product\/vesta-trolley\/#primaryimage\"},\"thumbnailUrl\":\"https:\/\/www.fireware.nl\/wp-content\/uploads\/2021\/03\/049-012-046-Vesta-Trolley-hoge-poten.jpg\",\"datePublished\":\"2021-03-09T08:32:31+00:00\",\"dateModified\":\"2026-01-23T14:54:00+00:00\",\"breadcrumb\":{\"@id\":\"https:\/\/www.fireware.nl\/fr\/product\/vesta-trolley\/#breadcrumb\"},\"inLanguage\":\"fr-FR\",\"potentialAction\":[{\"@type\":\"ReadAction\",\"target\":[\"https:\/\/www.fireware.nl\/fr\/product\/vesta-trolley\/\"]}]},{\"@type\":\"ImageObject\",\"inLanguage\":\"fr-FR\",\"@id\":\"https:\/\/www.fireware.nl\/fr\/product\/vesta-trolley\/#primaryimage\",\"url\":\"https:\/\/www.fireware.nl\/wp-content\/uploads\/2021\/03\/049-012-046-Vesta-Trolley-hoge-poten.jpg\",\"contentUrl\":\"https:\/\/www.fireware.nl\/wp-content\/uploads\/2021\/03\/049-012-046-Vesta-Trolley-hoge-poten.jpg\",\"width\":600,\"height\":600},{\"@type\":\"BreadcrumbList\",\"@id\":\"https:\/\/www.fireware.nl\/fr\/product\/vesta-trolley\/#breadcrumb\",\"itemListElement\":[{\"@type\":\"ListItem\",\"position\":1,\"name\":\"Home\",\"item\":\"https:\/\/www.fireware.nl\/fr\/\"},{\"@type\":\"ListItem\",\"position\":2,\"name\":\"Produits\",\"item\":\"https:\/\/www.fireware.nl\/fr\/produits\/\"},{\"@type\":\"ListItem\",\"position\":3,\"name\":\"Vesta Trolley\"}]},{\"@type\":\"WebSite\",\"@id\":\"https:\/\/www.fireware.nl\/fr\/#website\",\"url\":\"https:\/\/www.fireware.nl\/fr\/\",\"name\":\"FireWare\",\"description\":\"CREATING REALISTIC  TRAINING ENVIRONMENTS\",\"publisher\":{\"@id\":\"https:\/\/www.fireware.nl\/fr\/#organization\"},\"potentialAction\":[{\"@type\":\"SearchAction\",\"target\":{\"@type\":\"EntryPoint\",\"urlTemplate\":\"https:\/\/www.fireware.nl\/fr\/?s={search_term_string}\"},\"query-input\":{\"@type\":\"PropertyValueSpecification\",\"valueRequired\":true,\"valueName\":\"search_term_string\"}}],\"inLanguage\":\"fr-FR\"},{\"@type\":\"Organization\",\"@id\":\"https:\/\/www.fireware.nl\/fr\/#organization\",\"name\":\"FireWare\",\"url\":\"https:\/\/www.fireware.nl\/fr\/\",\"logo\":{\"@type\":\"ImageObject\",\"inLanguage\":\"fr-FR\",\"@id\":\"https:\/\/www.fireware.nl\/fr\/#\/schema\/logo\/image\/\",\"url\":\"https:\/\/www.fireware.nl\/wp-content\/uploads\/2018\/10\/fireware-logo.png\",\"contentUrl\":\"https:\/\/www.fireware.nl\/wp-content\/uploads\/2018\/10\/fireware-logo.png\",\"width\":200,\"height\":86,\"caption\":\"FireWare\"},\"image\":{\"@id\":\"https:\/\/www.fireware.nl\/fr\/#\/schema\/logo\/image\/\"},\"sameAs\":[\"https:\/\/www.facebook.com\/FireWareBV\/\",\"https:\/\/x.com\/FireWarebv\",\"https:\/\/www.instagram.com\/fireware_nl\/\",\"https:\/\/www.linkedin.com\/company\/3586017\/\",\"https:\/\/www.youtube.com\/user\/firesalesrentconsult\"]}]}<\/script>\n<!-- \/ Yoast SEO plugin. -->","yoast_head_json":{"title":"Vesta Trolley - FireWare","robots":{"index":"index","follow":"follow","max-snippet":"max-snippet:-1","max-image-preview":"max-image-preview:large","max-video-preview":"max-video-preview:-1"},"canonical":"https:\/\/www.fireware.nl\/fr\/product\/vesta-trolley\/","og_locale":"fr_FR","og_type":"article","og_title":"Vesta Trolley - FireWare","og_description":"Ajustez le haut du Vesta \u00e0 la hauteur d'un bureau, \u00e0 environ un demi-m\u00e8tre du sol Rendez votre simulateur d'incendie Vesta mobile Fourni dans une caisse en plastique d'une dimension de 60 x 40 x 32,5 cm pour faciliter le transport","og_url":"https:\/\/www.fireware.nl\/fr\/product\/vesta-trolley\/","og_site_name":"FireWare","article_publisher":"https:\/\/www.facebook.com\/FireWareBV\/","article_modified_time":"2026-01-23T14:54:00+00:00","og_image":[{"width":600,"height":600,"url":"https:\/\/www.fireware.nl\/wp-content\/uploads\/2021\/03\/049-012-046-Vesta-Trolley-hoge-poten.jpg","type":"image\/jpeg"}],"twitter_card":"summary_large_image","twitter_site":"@FireWarebv","twitter_misc":{"Dur\u00e9e de lecture estim\u00e9e":"1 minute"},"schema":{"@context":"https:\/\/schema.org","@graph":[{"@type":"WebPage","@id":"https:\/\/www.fireware.nl\/fr\/product\/vesta-trolley\/","url":"https:\/\/www.fireware.nl\/fr\/product\/vesta-trolley\/","name":"Vesta Trolley - FireWare","isPartOf":{"@id":"https:\/\/www.fireware.nl\/fr\/#website"},"primaryImageOfPage":{"@id":"https:\/\/www.fireware.nl\/fr\/product\/vesta-trolley\/#primaryimage"},"image":{"@id":"https:\/\/www.fireware.nl\/fr\/product\/vesta-trolley\/#primaryimage"},"thumbnailUrl":"https:\/\/www.fireware.nl\/wp-content\/uploads\/2021\/03\/049-012-046-Vesta-Trolley-hoge-poten.jpg","datePublished":"2021-03-09T08:32:31+00:00","dateModified":"2026-01-23T14:54:00+00:00","breadcrumb":{"@id":"https:\/\/www.fireware.nl\/fr\/product\/vesta-trolley\/#breadcrumb"},"inLanguage":"fr-FR","potentialAction":[{"@type":"ReadAction","target":["https:\/\/www.fireware.nl\/fr\/product\/vesta-trolley\/"]}]},{"@type":"ImageObject","inLanguage":"fr-FR","@id":"https:\/\/www.fireware.nl\/fr\/product\/vesta-trolley\/#primaryimage","url":"https:\/\/www.fireware.nl\/wp-content\/uploads\/2021\/03\/049-012-046-Vesta-Trolley-hoge-poten.jpg","contentUrl":"https:\/\/www.fireware.nl\/wp-content\/uploads\/2021\/03\/049-012-046-Vesta-Trolley-hoge-poten.jpg","width":600,"height":600},{"@type":"BreadcrumbList","@id":"https:\/\/www.fireware.nl\/fr\/product\/vesta-trolley\/#breadcrumb","itemListElement":[{"@type":"ListItem","position":1,"name":"Home","item":"https:\/\/www.fireware.nl\/fr\/"},{"@type":"ListItem","position":2,"name":"Produits","item":"https:\/\/www.fireware.nl\/fr\/produits\/"},{"@type":"ListItem","position":3,"name":"Vesta Trolley"}]},{"@type":"WebSite","@id":"https:\/\/www.fireware.nl\/fr\/#website","url":"https:\/\/www.fireware.nl\/fr\/","name":"FireWare","description":"CREATING REALISTIC  TRAINING ENVIRONMENTS","publisher":{"@id":"https:\/\/www.fireware.nl\/fr\/#organization"},"potentialAction":[{"@type":"SearchAction","target":{"@type":"EntryPoint","urlTemplate":"https:\/\/www.fireware.nl\/fr\/?s={search_term_string}"},"query-input":{"@type":"PropertyValueSpecification","valueRequired":true,"valueName":"search_term_string"}}],"inLanguage":"fr-FR"},{"@type":"Organization","@id":"https:\/\/www.fireware.nl\/fr\/#organization","name":"FireWare","url":"https:\/\/www.fireware.nl\/fr\/","logo":{"@type":"ImageObject","inLanguage":"fr-FR","@id":"https:\/\/www.fireware.nl\/fr\/#\/schema\/logo\/image\/","url":"https:\/\/www.fireware.nl\/wp-content\/uploads\/2018\/10\/fireware-logo.png","contentUrl":"https:\/\/www.fireware.nl\/wp-content\/uploads\/2018\/10\/fireware-logo.png","width":200,"height":86,"caption":"FireWare"},"image":{"@id":"https:\/\/www.fireware.nl\/fr\/#\/schema\/logo\/image\/"},"sameAs":["https:\/\/www.facebook.com\/FireWareBV\/","https:\/\/x.com\/FireWarebv","https:\/\/www.instagram.com\/fireware_nl\/","https:\/\/www.linkedin.com\/company\/3586017\/","https:\/\/www.youtube.com\/user\/firesalesrentconsult"]}]}},"publishpress_future_workflow_manual_trigger":{"enabledWorkflows":[]},"_links":{"self":[{"href":"https:\/\/www.fireware.nl\/fr\/wp-json\/wp\/v2\/product\/57951","targetHints":{"allow":["GET"]}}],"collection":[{"href":"https:\/\/www.fireware.nl\/fr\/wp-json\/wp\/v2\/product"}],"about":[{"href":"https:\/\/www.fireware.nl\/fr\/wp-json\/wp\/v2\/types\/product"}],"wp:featuredmedia":[{"embeddable":true,"href":"https:\/\/www.fireware.nl\/fr\/wp-json\/wp\/v2\/media\/57928"}],"wp:attachment":[{"href":"https:\/\/www.fireware.nl\/fr\/wp-json\/wp\/v2\/media?parent=57951"}],"wp:term":[{"taxonomy":"product_brand","embeddable":true,"href":"https:\/\/www.fireware.nl\/fr\/wp-json\/wp\/v2\/product_brand?post=57951"},{"taxonomy":"product_cat","embeddable":true,"href":"https:\/\/www.fireware.nl\/fr\/wp-json\/wp\/v2\/product_cat?post=57951"},{"taxonomy":"product_tag","embeddable":true,"href":"https:\/\/www.fireware.nl\/fr\/wp-json\/wp\/v2\/product_tag?post=57951"}],"curies":[{"name":"wp","href":"https:\/\/api.w.org\/{rel}","templated":true}]}}