
{"id":56063,"date":"2021-02-17T13:27:48","date_gmt":"2021-02-17T13:27:48","guid":{"rendered":"https:\/\/www.fireware.nl\/product\/add-on-coffret-electrique\/"},"modified":"2026-01-23T14:46:24","modified_gmt":"2026-01-23T14:46:24","slug":"add-on-coffret-electrique","status":"publish","type":"product","link":"https:\/\/www.fireware.nl\/fr\/product\/add-on-coffret-electrique\/","title":{"rendered":"Add-on Coffret \u00e9lectrique"},"content":{"rendered":"\r\n<h2>Simuler un incendie d&#8217;origine \u00e9lectrique avec notre simulateur d&#8217;incendie Vesta<\/h2>\r\n<p>Combinez votre simulateur d&#8217;incendie avec l&#8217;Add-on Coffret \u00e9lectrique et simulez en toute s\u00e9curit\u00e9 un incendie d&#8217;origine \u00e9lectrique. Cet accessoire pour le <a href=\"https:\/\/www.fireware.nl\/fr\/produit\/fireware-vesta\/\" target=\"_blank\" rel=\"noopener\">FireWare Vesta<\/a> offrira \u00e0 vos participants un exercice d&#8217;extinction stimulant.<\/p>\r\n<p>Le bo\u00eetier de l&#8217;Add-on Coffret \u00e9lectrique est en acier inoxydable et a l&#8217;aspect r\u00e9aliste d&#8217;un v\u00e9ritable coffret \u00e9lectrique. Le participant tourne l&#8217;interrupteur principal pour mettre le coffret hors circuit. La porte peut \u00eatre ouverte en tournant la poign\u00e9e Dans la bo\u00eete se trouve un chalumeau, qui en fait sortir une flamme. Il est possible de s&#8217;entra\u00eener avec un extincteur \u00e0 mousse comme avec un extincteur \u00e0 CO<sub>2<\/sub>\u00a0!<\/p>\r\n<p>Gr\u00e2ce \u00e0 sa conception intelligente, l&#8217;accessoire peut \u00eatre facilement rang\u00e9 dans la bo\u00eete en plastique fournie, d&#8217;une dimension de 60 x 40 x 32,5 cm, pratique pour le transport.<\/p>\r\n<h2>Regardez la vid\u00e9o<\/h2>\r\n<p><iframe src=\"https:\/\/www.youtube.com\/embed\/hcNmfUADOcE?rel=0&amp;hl=fr&amp;cc_lang_pref=fr&amp;cc_load_policy=1\" width=\"560\" height=\"315\" frameborder=\"0\" allowfullscreen=\"allowfullscreen\"><\/iframe><\/p>\r\n","protected":false},"excerpt":{"rendered":"<ul>\n<li>Simulez en toute s\u00e9curit\u00e9 un incendie d&#8217;\u00e9lectricit\u00e9<\/li>\n<li>Comprend un interrupteur principal et une porte avec poign\u00e9e rotative<\/li>\n<li>Dirigez la flamme \u00e0 travers l&#8217;ouverture de la porte \u00e0 l&#8217;aide du r\u00e9gleur de flamme<\/li>\n<li>Fabriqu\u00e9 en acier inoxydable de haute qualit\u00e9<\/li>\n<li>Livr\u00e9 dans une caisse en plastique pour le transport (60 x 40 x 32,5 cm)<\/li>\n<\/ul>\n","protected":false},"featured_media":58555,"template":"","meta":[],"product_brand":[],"product_cat":[73],"product_tag":[],"class_list":{"0":"post-56063","1":"product","2":"type-product","3":"status-publish","4":"has-post-thumbnail","6":"product_cat-pieces-add-on-pour-simulateurs-dincendie","8":"first","9":"instock","10":"taxable","11":"shipping-taxable","12":"purchasable","13":"product-type-simple"},"yoast_head":"<!-- This site is optimized with the Yoast SEO plugin v27.2 - https:\/\/yoast.com\/product\/yoast-seo-wordpress\/ -->\n<title>Add-on Coffret \u00e9lectrique - FireWare<\/title>\n<meta name=\"robots\" content=\"index, follow, max-snippet:-1, max-image-preview:large, max-video-preview:-1\" \/>\n<link rel=\"canonical\" href=\"https:\/\/www.fireware.nl\/fr\/product\/add-on-coffret-electrique\/\" \/>\n<meta property=\"og:locale\" content=\"fr_FR\" \/>\n<meta property=\"og:type\" content=\"article\" \/>\n<meta property=\"og:title\" content=\"Add-on Coffret \u00e9lectrique - FireWare\" \/>\n<meta property=\"og:description\" content=\"Simulez en toute s\u00e9curit\u00e9 un incendie d&#039;\u00e9lectricit\u00e9 Comprend un interrupteur principal et une porte avec poign\u00e9e rotative Dirigez la flamme \u00e0 travers l&#039;ouverture de la porte \u00e0 l&#039;aide du r\u00e9gleur de flamme Fabriqu\u00e9 en acier inoxydable de haute qualit\u00e9 Livr\u00e9 dans une caisse en plastique pour le transport (60 x 40 x 32,5 cm)\" \/>\n<meta property=\"og:url\" content=\"https:\/\/www.fireware.nl\/fr\/product\/add-on-coffret-electrique\/\" \/>\n<meta property=\"og:site_name\" content=\"FireWare\" \/>\n<meta property=\"article:publisher\" content=\"https:\/\/www.facebook.com\/FireWareBV\/\" \/>\n<meta property=\"article:modified_time\" content=\"2026-01-23T14:46:24+00:00\" \/>\n<meta property=\"og:image\" content=\"https:\/\/www.fireware.nl\/wp-content\/uploads\/2021\/02\/049-012-048-Vesta-add-on-elektrakast-zijaanzicht.jpg\" \/>\n\t<meta property=\"og:image:width\" content=\"600\" \/>\n\t<meta property=\"og:image:height\" content=\"600\" \/>\n\t<meta property=\"og:image:type\" content=\"image\/jpeg\" \/>\n<meta name=\"twitter:card\" content=\"summary_large_image\" \/>\n<meta name=\"twitter:site\" content=\"@FireWarebv\" \/>\n<meta name=\"twitter:label1\" content=\"Dur\u00e9e de lecture estim\u00e9e\" \/>\n\t<meta name=\"twitter:data1\" content=\"1 minute\" \/>\n<script type=\"application\/ld+json\" class=\"yoast-schema-graph\">{\"@context\":\"https:\/\/schema.org\",\"@graph\":[{\"@type\":\"WebPage\",\"@id\":\"https:\/\/www.fireware.nl\/fr\/product\/add-on-coffret-electrique\/\",\"url\":\"https:\/\/www.fireware.nl\/fr\/product\/add-on-coffret-electrique\/\",\"name\":\"Add-on Coffret \u00e9lectrique - FireWare\",\"isPartOf\":{\"@id\":\"https:\/\/www.fireware.nl\/fr\/#website\"},\"primaryImageOfPage\":{\"@id\":\"https:\/\/www.fireware.nl\/fr\/product\/add-on-coffret-electrique\/#primaryimage\"},\"image\":{\"@id\":\"https:\/\/www.fireware.nl\/fr\/product\/add-on-coffret-electrique\/#primaryimage\"},\"thumbnailUrl\":\"https:\/\/www.fireware.nl\/wp-content\/uploads\/2021\/02\/049-012-048-Vesta-add-on-elektrakast-zijaanzicht.jpg\",\"datePublished\":\"2021-02-17T13:27:48+00:00\",\"dateModified\":\"2026-01-23T14:46:24+00:00\",\"breadcrumb\":{\"@id\":\"https:\/\/www.fireware.nl\/fr\/product\/add-on-coffret-electrique\/#breadcrumb\"},\"inLanguage\":\"fr-FR\",\"potentialAction\":[{\"@type\":\"ReadAction\",\"target\":[\"https:\/\/www.fireware.nl\/fr\/product\/add-on-coffret-electrique\/\"]}]},{\"@type\":\"ImageObject\",\"inLanguage\":\"fr-FR\",\"@id\":\"https:\/\/www.fireware.nl\/fr\/product\/add-on-coffret-electrique\/#primaryimage\",\"url\":\"https:\/\/www.fireware.nl\/wp-content\/uploads\/2021\/02\/049-012-048-Vesta-add-on-elektrakast-zijaanzicht.jpg\",\"contentUrl\":\"https:\/\/www.fireware.nl\/wp-content\/uploads\/2021\/02\/049-012-048-Vesta-add-on-elektrakast-zijaanzicht.jpg\",\"width\":600,\"height\":600},{\"@type\":\"BreadcrumbList\",\"@id\":\"https:\/\/www.fireware.nl\/fr\/product\/add-on-coffret-electrique\/#breadcrumb\",\"itemListElement\":[{\"@type\":\"ListItem\",\"position\":1,\"name\":\"Home\",\"item\":\"https:\/\/www.fireware.nl\/fr\/\"},{\"@type\":\"ListItem\",\"position\":2,\"name\":\"Produits\",\"item\":\"https:\/\/www.fireware.nl\/fr\/produits\/\"},{\"@type\":\"ListItem\",\"position\":3,\"name\":\"Add-on Coffret \u00e9lectrique\"}]},{\"@type\":\"WebSite\",\"@id\":\"https:\/\/www.fireware.nl\/fr\/#website\",\"url\":\"https:\/\/www.fireware.nl\/fr\/\",\"name\":\"FireWare\",\"description\":\"CREATING REALISTIC  TRAINING ENVIRONMENTS\",\"publisher\":{\"@id\":\"https:\/\/www.fireware.nl\/fr\/#organization\"},\"potentialAction\":[{\"@type\":\"SearchAction\",\"target\":{\"@type\":\"EntryPoint\",\"urlTemplate\":\"https:\/\/www.fireware.nl\/fr\/?s={search_term_string}\"},\"query-input\":{\"@type\":\"PropertyValueSpecification\",\"valueRequired\":true,\"valueName\":\"search_term_string\"}}],\"inLanguage\":\"fr-FR\"},{\"@type\":\"Organization\",\"@id\":\"https:\/\/www.fireware.nl\/fr\/#organization\",\"name\":\"FireWare\",\"url\":\"https:\/\/www.fireware.nl\/fr\/\",\"logo\":{\"@type\":\"ImageObject\",\"inLanguage\":\"fr-FR\",\"@id\":\"https:\/\/www.fireware.nl\/fr\/#\/schema\/logo\/image\/\",\"url\":\"https:\/\/www.fireware.nl\/wp-content\/uploads\/2018\/10\/fireware-logo.png\",\"contentUrl\":\"https:\/\/www.fireware.nl\/wp-content\/uploads\/2018\/10\/fireware-logo.png\",\"width\":200,\"height\":86,\"caption\":\"FireWare\"},\"image\":{\"@id\":\"https:\/\/www.fireware.nl\/fr\/#\/schema\/logo\/image\/\"},\"sameAs\":[\"https:\/\/www.facebook.com\/FireWareBV\/\",\"https:\/\/x.com\/FireWarebv\",\"https:\/\/www.instagram.com\/fireware_nl\/\",\"https:\/\/www.linkedin.com\/company\/3586017\/\",\"https:\/\/www.youtube.com\/user\/firesalesrentconsult\"]}]}<\/script>\n<!-- \/ Yoast SEO plugin. -->","yoast_head_json":{"title":"Add-on Coffret \u00e9lectrique - FireWare","robots":{"index":"index","follow":"follow","max-snippet":"max-snippet:-1","max-image-preview":"max-image-preview:large","max-video-preview":"max-video-preview:-1"},"canonical":"https:\/\/www.fireware.nl\/fr\/product\/add-on-coffret-electrique\/","og_locale":"fr_FR","og_type":"article","og_title":"Add-on Coffret \u00e9lectrique - FireWare","og_description":"Simulez en toute s\u00e9curit\u00e9 un incendie d'\u00e9lectricit\u00e9 Comprend un interrupteur principal et une porte avec poign\u00e9e rotative Dirigez la flamme \u00e0 travers l'ouverture de la porte \u00e0 l'aide du r\u00e9gleur de flamme Fabriqu\u00e9 en acier inoxydable de haute qualit\u00e9 Livr\u00e9 dans une caisse en plastique pour le transport (60 x 40 x 32,5 cm)","og_url":"https:\/\/www.fireware.nl\/fr\/product\/add-on-coffret-electrique\/","og_site_name":"FireWare","article_publisher":"https:\/\/www.facebook.com\/FireWareBV\/","article_modified_time":"2026-01-23T14:46:24+00:00","og_image":[{"width":600,"height":600,"url":"https:\/\/www.fireware.nl\/wp-content\/uploads\/2021\/02\/049-012-048-Vesta-add-on-elektrakast-zijaanzicht.jpg","type":"image\/jpeg"}],"twitter_card":"summary_large_image","twitter_site":"@FireWarebv","twitter_misc":{"Dur\u00e9e de lecture estim\u00e9e":"1 minute"},"schema":{"@context":"https:\/\/schema.org","@graph":[{"@type":"WebPage","@id":"https:\/\/www.fireware.nl\/fr\/product\/add-on-coffret-electrique\/","url":"https:\/\/www.fireware.nl\/fr\/product\/add-on-coffret-electrique\/","name":"Add-on Coffret \u00e9lectrique - FireWare","isPartOf":{"@id":"https:\/\/www.fireware.nl\/fr\/#website"},"primaryImageOfPage":{"@id":"https:\/\/www.fireware.nl\/fr\/product\/add-on-coffret-electrique\/#primaryimage"},"image":{"@id":"https:\/\/www.fireware.nl\/fr\/product\/add-on-coffret-electrique\/#primaryimage"},"thumbnailUrl":"https:\/\/www.fireware.nl\/wp-content\/uploads\/2021\/02\/049-012-048-Vesta-add-on-elektrakast-zijaanzicht.jpg","datePublished":"2021-02-17T13:27:48+00:00","dateModified":"2026-01-23T14:46:24+00:00","breadcrumb":{"@id":"https:\/\/www.fireware.nl\/fr\/product\/add-on-coffret-electrique\/#breadcrumb"},"inLanguage":"fr-FR","potentialAction":[{"@type":"ReadAction","target":["https:\/\/www.fireware.nl\/fr\/product\/add-on-coffret-electrique\/"]}]},{"@type":"ImageObject","inLanguage":"fr-FR","@id":"https:\/\/www.fireware.nl\/fr\/product\/add-on-coffret-electrique\/#primaryimage","url":"https:\/\/www.fireware.nl\/wp-content\/uploads\/2021\/02\/049-012-048-Vesta-add-on-elektrakast-zijaanzicht.jpg","contentUrl":"https:\/\/www.fireware.nl\/wp-content\/uploads\/2021\/02\/049-012-048-Vesta-add-on-elektrakast-zijaanzicht.jpg","width":600,"height":600},{"@type":"BreadcrumbList","@id":"https:\/\/www.fireware.nl\/fr\/product\/add-on-coffret-electrique\/#breadcrumb","itemListElement":[{"@type":"ListItem","position":1,"name":"Home","item":"https:\/\/www.fireware.nl\/fr\/"},{"@type":"ListItem","position":2,"name":"Produits","item":"https:\/\/www.fireware.nl\/fr\/produits\/"},{"@type":"ListItem","position":3,"name":"Add-on Coffret \u00e9lectrique"}]},{"@type":"WebSite","@id":"https:\/\/www.fireware.nl\/fr\/#website","url":"https:\/\/www.fireware.nl\/fr\/","name":"FireWare","description":"CREATING REALISTIC  TRAINING ENVIRONMENTS","publisher":{"@id":"https:\/\/www.fireware.nl\/fr\/#organization"},"potentialAction":[{"@type":"SearchAction","target":{"@type":"EntryPoint","urlTemplate":"https:\/\/www.fireware.nl\/fr\/?s={search_term_string}"},"query-input":{"@type":"PropertyValueSpecification","valueRequired":true,"valueName":"search_term_string"}}],"inLanguage":"fr-FR"},{"@type":"Organization","@id":"https:\/\/www.fireware.nl\/fr\/#organization","name":"FireWare","url":"https:\/\/www.fireware.nl\/fr\/","logo":{"@type":"ImageObject","inLanguage":"fr-FR","@id":"https:\/\/www.fireware.nl\/fr\/#\/schema\/logo\/image\/","url":"https:\/\/www.fireware.nl\/wp-content\/uploads\/2018\/10\/fireware-logo.png","contentUrl":"https:\/\/www.fireware.nl\/wp-content\/uploads\/2018\/10\/fireware-logo.png","width":200,"height":86,"caption":"FireWare"},"image":{"@id":"https:\/\/www.fireware.nl\/fr\/#\/schema\/logo\/image\/"},"sameAs":["https:\/\/www.facebook.com\/FireWareBV\/","https:\/\/x.com\/FireWarebv","https:\/\/www.instagram.com\/fireware_nl\/","https:\/\/www.linkedin.com\/company\/3586017\/","https:\/\/www.youtube.com\/user\/firesalesrentconsult"]}]}},"publishpress_future_workflow_manual_trigger":{"enabledWorkflows":[]},"_links":{"self":[{"href":"https:\/\/www.fireware.nl\/fr\/wp-json\/wp\/v2\/product\/56063","targetHints":{"allow":["GET"]}}],"collection":[{"href":"https:\/\/www.fireware.nl\/fr\/wp-json\/wp\/v2\/product"}],"about":[{"href":"https:\/\/www.fireware.nl\/fr\/wp-json\/wp\/v2\/types\/product"}],"wp:featuredmedia":[{"embeddable":true,"href":"https:\/\/www.fireware.nl\/fr\/wp-json\/wp\/v2\/media\/58555"}],"wp:attachment":[{"href":"https:\/\/www.fireware.nl\/fr\/wp-json\/wp\/v2\/media?parent=56063"}],"wp:term":[{"taxonomy":"product_brand","embeddable":true,"href":"https:\/\/www.fireware.nl\/fr\/wp-json\/wp\/v2\/product_brand?post=56063"},{"taxonomy":"product_cat","embeddable":true,"href":"https:\/\/www.fireware.nl\/fr\/wp-json\/wp\/v2\/product_cat?post=56063"},{"taxonomy":"product_tag","embeddable":true,"href":"https:\/\/www.fireware.nl\/fr\/wp-json\/wp\/v2\/product_tag?post=56063"}],"curies":[{"name":"wp","href":"https:\/\/api.w.org\/{rel}","templated":true}]}}