
{"id":43373,"date":"2020-05-15T14:48:43","date_gmt":"2020-05-15T14:48:43","guid":{"rendered":"https:\/\/www.fireware.nl\/product\/fireware-apollo-led-extincteur-a-mousse-dexercice-bouton-de-mise-en-pression-6-l\/"},"modified":"2026-01-23T14:33:19","modified_gmt":"2026-01-23T14:33:19","slug":"extincteur-de-formation-apollo-avec-bouton-de-mise-en-pression-6-l-pression-auxiliaire","status":"publish","type":"product","link":"https:\/\/www.fireware.nl\/fr\/product\/extincteur-de-formation-apollo-avec-bouton-de-mise-en-pression-6-l-pression-auxiliaire\/","title":{"rendered":"Extincteur de formation Apollo avec bouton de mise en pression 6 L Pression auxiliaire"},"content":{"rendered":"\r\n<h2>Une formation efficace pour apprendre l&#8217;extinction, sans v\u00e9ritable feu, eau, mousse ou poudre<\/h2>\r\n<p>Utilisez l&#8217;FireWare Apollo LED Extincteur \u00e0 mousse d&#8217;exercice bouton de mise en pression 6 L pour former efficacement les participants aux techniques d&#8217;extinction. Le jet extincteur \u00e9tant simul\u00e9 avec des LED, on peut s&#8217;entrainer \u00e0 des endroits ou normalement cela est peu ou pas possible, voire, o\u00f9 il est interdit de travailler avec de l&#8217;eau, de la mousse ou du poudre. L&#8217;extincteur d&#8217;exercice \u00e0 mousse a le poids d&#8217;un extincteur r\u00e9el. De ce faits, le participant ressent la simulation comme s&#8217;il disposait d&#8217;un vrai extincteur.<\/p>\r\n<h2>LED Extincteur d&#8217;exercice \u00e0 mousse \u00e0 bouton de r\u00e9glage<\/h2>\r\n<p>L&#8217;instructeur met l&#8217;Apollo LED Extincteur d&#8217;exercice \u00e0 mousse Bouton de r\u00e9glage en marche \u00e0 l&#8217;aide du bouton en haut de l&#8217;appareil. L&#8217;extincteur d&#8217;exercice fonctionne comme tout en tant qu&#8217;extincteur \u00e0 bouton de r\u00e9glage\u00a0; il peut \u00eatre remis entre les mains du participant.<\/p>\r\n<p>Avant d&#8217;utiliser la lance, le participant doit enlever le clip de verrouillage. La poign\u00e9e \u00e0 presser devient actif en enfon\u00e7ant le bouton-poussoir. D\u00e8s que la poign\u00e9e \u00e0 presser est enfonc\u00e9e, un son d&#8217;un extincteur qui se vide retentit. Une lumi\u00e8re LED bleue sort de la bouche de la lance. L&#8217;instructeur peut \u00e0 ce moment donner des instructions pour la direction du jet extincteur. Ajoutez une nouvelle dimension \u00e0 l&#8217;exercice \u00e0 l&#8217;aide du <a href=\"https:\/\/www.fireware.nl\/fr\/product\/set-dentrainement-foyer-dincendie\/\" target=\"_blank\" rel=\"noopener\">Set d&#8217;entra\u00eenement Foyer d&#8217;Incendie<\/a> ou de <a href=\"https:\/\/www.fireware.nl\/fr\/product\/phoenix\/\" target=\"_blank\" rel=\"noopener\">Phoenix Silkflame<\/a>.<\/p>\r\n<p>L&#8217;Apollo LED Extincteur d&#8217;exercice \u00e0 mousse est \u00e9quip\u00e9 d&#8217;un r\u00e9servoir virtuel, qui se vide progressivement. Le statut du r\u00e9servoir sera indiqu\u00e9 par 4 LED. Un r\u00e9servoir compl\u00e8tement charg\u00e9 permet d&#8217;\u00e9teindre pendant environ 30 secondes. L&#8217;extincteur d&#8217;exercice \u00e0 mousse imite un extincteur crachotant quand le r\u00e9servoir est presque vide. L&#8217;Apollo LED fonctionne avec une batterie qui peut \u00eatre recharg\u00e9e \u00e0 l&#8217;aide d&#8217;un c\u00e2ble \u00e0 Micro USB.<\/p>\r\n<h2>Apprendre les techniques d&#8217;extinction sans feu, eau, mousse ou poudre v\u00e9ritables.<\/h2>\r\n<p>Parfois, l&#8217;environnement d&#8217;entrainement ne se pr\u00eate pas \u00e0 la mise en \u0153uvre d&#8217;un v\u00e9ritable feu. Comme par exemple, dans une \u00e9cole ou un mus\u00e9e. La solution\u00a0: l&#8217;Apollo LED Extincteur d&#8217;exercice \u00e0 mousse Bouton de r\u00e9glage. En une seule journ\u00e9e, un grand nombre de participants a l&#8217;occasion de s&#8217;entrainer aux techniques d&#8217;extinction, sans les risques d&#8217;un incendie. L&#8217;Apollo LED permet de laisser l&#8217;environnement d&#8217;entrainement en toute propret\u00e9\u00a0; ainsi, c&#8217;est vite le tour au participant suivant.<\/p>\r\n<p>S&#8217;entrainer efficacement \u00e0 d&#8217;autres modes de fonctionnement\u00a0? L&#8217;Apollo LED Extincteur d&#8217;exercice \u00e0 mousse de FireWare est \u00e9galement disponible avec une poign\u00e9e \u00e0 presser, ainsi qu&#8217;en une version \u00e0 CO<sub>2<\/sub>.<\/p>\r\n<h2>Donner des instructions sur les techniques d&#8217;extinction \u00e0 distance<\/h2>\r\n<p>Comme instructeur, vous d\u00e9sirez \u00e9galement enseigner les techniques d&#8217;extinction, par exemple, \u00e0 cause des suites de la propagation du coronavirus. C&#8217;est gr\u00e2ce \u00e0 l&#8217;Apollo LED Extincteur d&#8217;exercice \u00e0 mousse que vous \u00eates en mesure de continuer vos formations. Gr\u00e2ce aux plateformes de vid\u00e9oconf\u00e9rence telles que Zoom, Microsoft Teams ou BigBlueButton, l&#8217;instructeur peut partager un \u00e9cran. Montrez au participant un petit incendie et faites-lui \u00ab\u00a0\u00e9teindre\u00a0\u00bb l&#8217;incendie de l&#8217; \u00e9cran \u00e0 l&#8217;aide d&#8217;un Apollo LED Extincteur d&#8217;exercice \u00e0 mousse. Il montrera ses aptitudes en mati\u00e8re d&#8217;extinction. Via une webcam, l&#8217;instructeur peut observer et donner des commentaires. L&#8217;extincteur d&#8217;exercice \u00e0 mousse sera rapidement disponible pour une nouvelle tentative d&#8217;\u00e9teindre un incendie.<\/p>\r\n<h2>Exercices r\u00e9p\u00e9t\u00e9s avec de la mousse, de l&#8217;eau ou de l&#8217;air<\/h2>\r\n<p>R\u00e9aliser un exercice d&#8217;extinction pratique, avec de la mousse, de l&#8217;eau ou de l&#8217;air\u00a0? Dans ce cas, optez pour le <a href=\"https:\/\/www.fireware.nl\/fr\/produit\/extincteur-dexercice-poignee-a-presser\/\" target=\"_blank\" rel=\"noopener\">Neptune Extincteur \u00e0 mousse d&#8217;exercice Poign\u00e9e \u00e0 presser<\/a> ou le <a href=\"https:\/\/www.fireware.nl\/fr\/produit\/extincteur-dexercice-bouton-de-reglage\/\" target=\"_blank\" rel=\"noopener\">Neptune Extincteur \u00e0 mousse d&#8217;exercice Bouton de r\u00e9glage<\/a>. En combinaison avec le <a href=\"https:\/\/www.fireware.nl\/fr\/produit\/fireware-neptune-systeme-de-remplissage\/\" target=\"_blank\" rel=\"noopener\">syst\u00e8me de remplissage Neptune<\/a>, l&#8217;on peut pratiquer les diff\u00e9rentes agents d&#8217;extinction de mani\u00e8re r\u00e9p\u00e9t\u00e9e.<\/p>\r\n<h2>Regardez la vid\u00e9o<\/h2>\r\n<p><iframe src=\"https:\/\/www.youtube.com\/embed\/x_kF4G85-Zk?rel=0\" width=\"560\" height=\"315\" frameborder=\"0\" allowfullscreen=\"allowfullscreen\"><\/iframe><\/p>\r\n","protected":false},"excerpt":{"rendered":"<ul>\n<li>Un excellente mani\u00e8re d&#8217;apprendre l&#8217;extinction, sans v\u00e9ritable feu, eau, mousse ou poudre<\/li>\n<li>Pr\u00e9parez les participants \u00e0 s&#8217;exercer dans n&#8217;importe quel environnement.<\/li>\n<li>Manipulez l&#8217;Apollo LED comme tout extincteur \u00e0 bouton de r\u00e9glage.<\/li>\n<li>Avec le poids d&#8217;un v\u00e9ritable extincteur pour s&#8217;approcher de la r\u00e9alit\u00e9.<\/li>\n<li>Avec les effets sonores d&#8217;un extincteur r\u00e9el.<\/li>\n<li>Pendant l&#8217;utilisation, le r\u00e9servoir virtuel se vide progressivement.<\/li>\n<li>Livr\u00e9 avec des autocollants en n\u00e9erlandais, anglais, fran\u00e7ais et allemand.<\/li>\n<li>\u00c9galement disponible avec une poign\u00e9e \u00e0 presser et en une version au CO<sub>2<\/sub> et un d\u00e9vidoir.<\/li>\n<\/ul>\n","protected":false},"featured_media":61502,"template":"","meta":[],"product_brand":[],"product_cat":[101],"product_tag":[],"class_list":{"0":"post-43373","1":"product","2":"type-product","3":"status-publish","4":"has-post-thumbnail","6":"product_cat-extincteurs-de-formation","7":"pa_taal-allemand","8":"pa_taal-anglais","9":"pa_taal-espagnol","10":"pa_taal-francais","11":"pa_taal-neerlandais","13":"first","14":"instock","15":"taxable","16":"shipping-taxable","17":"purchasable","18":"product-type-simple"},"yoast_head":"<!-- This site is optimized with the Yoast SEO plugin v27.4 - https:\/\/yoast.com\/product\/yoast-seo-wordpress\/ -->\n<title>Extincteur de formation Apollo avec bouton de mise en pression 6 L Pression auxiliaire - FireWare<\/title>\n<meta name=\"robots\" content=\"index, follow, max-snippet:-1, max-image-preview:large, max-video-preview:-1\" \/>\n<link rel=\"canonical\" href=\"https:\/\/www.fireware.nl\/fr\/product\/extincteur-de-formation-apollo-avec-bouton-de-mise-en-pression-6-l-pression-auxiliaire\/\" \/>\n<meta property=\"og:locale\" content=\"fr_FR\" \/>\n<meta property=\"og:type\" content=\"article\" \/>\n<meta property=\"og:title\" content=\"Extincteur de formation Apollo avec bouton de mise en pression 6 L Pression auxiliaire - FireWare\" \/>\n<meta property=\"og:description\" content=\"Un excellente mani\u00e8re d&#039;apprendre l&#039;extinction, sans v\u00e9ritable feu, eau, mousse ou poudre Pr\u00e9parez les participants \u00e0 s&#039;exercer dans n&#039;importe quel environnement. Manipulez l&#039;Apollo LED comme tout extincteur \u00e0 bouton de r\u00e9glage. Avec le poids d&#039;un v\u00e9ritable extincteur pour s&#039;approcher de la r\u00e9alit\u00e9. Avec les effets sonores d&#039;un extincteur r\u00e9el. Pendant l&#039;utilisation, le r\u00e9servoir virtuel se vide progressivement. Livr\u00e9 avec des autocollants en n\u00e9erlandais, anglais, fran\u00e7ais et allemand. \u00c9galement disponible avec une poign\u00e9e \u00e0 presser et en une version au CO2 et un d\u00e9vidoir.\" \/>\n<meta property=\"og:url\" content=\"https:\/\/www.fireware.nl\/fr\/product\/extincteur-de-formation-apollo-avec-bouton-de-mise-en-pression-6-l-pression-auxiliaire\/\" \/>\n<meta property=\"og:site_name\" content=\"FireWare\" \/>\n<meta property=\"article:publisher\" content=\"https:\/\/www.facebook.com\/FireWareBV\/\" \/>\n<meta property=\"article:modified_time\" content=\"2026-01-23T14:33:19+00:00\" \/>\n<meta property=\"og:image\" content=\"https:\/\/www.fireware.nl\/wp-content\/uploads\/2020\/05\/025-100-015-FireWare-Apollo-LED-push-button-2.jpg\" \/>\n\t<meta property=\"og:image:width\" content=\"600\" \/>\n\t<meta property=\"og:image:height\" content=\"600\" \/>\n\t<meta property=\"og:image:type\" content=\"image\/jpeg\" \/>\n<meta name=\"twitter:card\" content=\"summary_large_image\" \/>\n<meta name=\"twitter:site\" content=\"@FireWarebv\" \/>\n<meta name=\"twitter:label1\" content=\"Dur\u00e9e de lecture estim\u00e9e\" \/>\n\t<meta name=\"twitter:data1\" content=\"3 minutes\" \/>\n<script type=\"application\/ld+json\" class=\"yoast-schema-graph\">{\"@context\":\"https:\\\/\\\/schema.org\",\"@graph\":[{\"@type\":\"WebPage\",\"@id\":\"https:\\\/\\\/www.fireware.nl\\\/fr\\\/product\\\/extincteur-de-formation-apollo-avec-bouton-de-mise-en-pression-6-l-pression-auxiliaire\\\/\",\"url\":\"https:\\\/\\\/www.fireware.nl\\\/fr\\\/product\\\/extincteur-de-formation-apollo-avec-bouton-de-mise-en-pression-6-l-pression-auxiliaire\\\/\",\"name\":\"Extincteur de formation Apollo avec bouton de mise en pression 6 L Pression auxiliaire - FireWare\",\"isPartOf\":{\"@id\":\"https:\\\/\\\/www.fireware.nl\\\/fr\\\/#website\"},\"primaryImageOfPage\":{\"@id\":\"https:\\\/\\\/www.fireware.nl\\\/fr\\\/product\\\/extincteur-de-formation-apollo-avec-bouton-de-mise-en-pression-6-l-pression-auxiliaire\\\/#primaryimage\"},\"image\":{\"@id\":\"https:\\\/\\\/www.fireware.nl\\\/fr\\\/product\\\/extincteur-de-formation-apollo-avec-bouton-de-mise-en-pression-6-l-pression-auxiliaire\\\/#primaryimage\"},\"thumbnailUrl\":\"https:\\\/\\\/www.fireware.nl\\\/wp-content\\\/uploads\\\/2020\\\/05\\\/025-100-015-FireWare-Apollo-LED-push-button-2.jpg\",\"datePublished\":\"2020-05-15T14:48:43+00:00\",\"dateModified\":\"2026-01-23T14:33:19+00:00\",\"breadcrumb\":{\"@id\":\"https:\\\/\\\/www.fireware.nl\\\/fr\\\/product\\\/extincteur-de-formation-apollo-avec-bouton-de-mise-en-pression-6-l-pression-auxiliaire\\\/#breadcrumb\"},\"inLanguage\":\"fr-FR\",\"potentialAction\":[{\"@type\":\"ReadAction\",\"target\":[\"https:\\\/\\\/www.fireware.nl\\\/fr\\\/product\\\/extincteur-de-formation-apollo-avec-bouton-de-mise-en-pression-6-l-pression-auxiliaire\\\/\"]}]},{\"@type\":\"ImageObject\",\"inLanguage\":\"fr-FR\",\"@id\":\"https:\\\/\\\/www.fireware.nl\\\/fr\\\/product\\\/extincteur-de-formation-apollo-avec-bouton-de-mise-en-pression-6-l-pression-auxiliaire\\\/#primaryimage\",\"url\":\"https:\\\/\\\/www.fireware.nl\\\/wp-content\\\/uploads\\\/2020\\\/05\\\/025-100-015-FireWare-Apollo-LED-push-button-2.jpg\",\"contentUrl\":\"https:\\\/\\\/www.fireware.nl\\\/wp-content\\\/uploads\\\/2020\\\/05\\\/025-100-015-FireWare-Apollo-LED-push-button-2.jpg\",\"width\":600,\"height\":600},{\"@type\":\"BreadcrumbList\",\"@id\":\"https:\\\/\\\/www.fireware.nl\\\/fr\\\/product\\\/extincteur-de-formation-apollo-avec-bouton-de-mise-en-pression-6-l-pression-auxiliaire\\\/#breadcrumb\",\"itemListElement\":[{\"@type\":\"ListItem\",\"position\":1,\"name\":\"Home\",\"item\":\"https:\\\/\\\/www.fireware.nl\\\/fr\\\/\"},{\"@type\":\"ListItem\",\"position\":2,\"name\":\"Produits\",\"item\":\"https:\\\/\\\/www.fireware.nl\\\/fr\\\/produits\\\/\"},{\"@type\":\"ListItem\",\"position\":3,\"name\":\"Extincteur de formation Apollo avec bouton de mise en pression 6 L Pression auxiliaire\"}]},{\"@type\":\"WebSite\",\"@id\":\"https:\\\/\\\/www.fireware.nl\\\/fr\\\/#website\",\"url\":\"https:\\\/\\\/www.fireware.nl\\\/fr\\\/\",\"name\":\"FireWare\",\"description\":\"CREATING REALISTIC  TRAINING ENVIRONMENTS\",\"publisher\":{\"@id\":\"https:\\\/\\\/www.fireware.nl\\\/fr\\\/#organization\"},\"potentialAction\":[{\"@type\":\"SearchAction\",\"target\":{\"@type\":\"EntryPoint\",\"urlTemplate\":\"https:\\\/\\\/www.fireware.nl\\\/fr\\\/?s={search_term_string}\"},\"query-input\":{\"@type\":\"PropertyValueSpecification\",\"valueRequired\":true,\"valueName\":\"search_term_string\"}}],\"inLanguage\":\"fr-FR\"},{\"@type\":\"Organization\",\"@id\":\"https:\\\/\\\/www.fireware.nl\\\/fr\\\/#organization\",\"name\":\"FireWare\",\"url\":\"https:\\\/\\\/www.fireware.nl\\\/fr\\\/\",\"logo\":{\"@type\":\"ImageObject\",\"inLanguage\":\"fr-FR\",\"@id\":\"https:\\\/\\\/www.fireware.nl\\\/fr\\\/#\\\/schema\\\/logo\\\/image\\\/\",\"url\":\"https:\\\/\\\/www.fireware.nl\\\/wp-content\\\/uploads\\\/2018\\\/10\\\/fireware-logo.png\",\"contentUrl\":\"https:\\\/\\\/www.fireware.nl\\\/wp-content\\\/uploads\\\/2018\\\/10\\\/fireware-logo.png\",\"width\":200,\"height\":86,\"caption\":\"FireWare\"},\"image\":{\"@id\":\"https:\\\/\\\/www.fireware.nl\\\/fr\\\/#\\\/schema\\\/logo\\\/image\\\/\"},\"sameAs\":[\"https:\\\/\\\/www.facebook.com\\\/FireWareBV\\\/\",\"https:\\\/\\\/x.com\\\/FireWarebv\",\"https:\\\/\\\/www.instagram.com\\\/fireware_nl\\\/\",\"https:\\\/\\\/www.linkedin.com\\\/company\\\/3586017\\\/\",\"https:\\\/\\\/www.youtube.com\\\/user\\\/firesalesrentconsult\"]}]}<\/script>\n<!-- \/ Yoast SEO plugin. -->","yoast_head_json":{"title":"Extincteur de formation Apollo avec bouton de mise en pression 6 L Pression auxiliaire - FireWare","robots":{"index":"index","follow":"follow","max-snippet":"max-snippet:-1","max-image-preview":"max-image-preview:large","max-video-preview":"max-video-preview:-1"},"canonical":"https:\/\/www.fireware.nl\/fr\/product\/extincteur-de-formation-apollo-avec-bouton-de-mise-en-pression-6-l-pression-auxiliaire\/","og_locale":"fr_FR","og_type":"article","og_title":"Extincteur de formation Apollo avec bouton de mise en pression 6 L Pression auxiliaire - FireWare","og_description":"Un excellente mani\u00e8re d'apprendre l'extinction, sans v\u00e9ritable feu, eau, mousse ou poudre Pr\u00e9parez les participants \u00e0 s'exercer dans n'importe quel environnement. Manipulez l'Apollo LED comme tout extincteur \u00e0 bouton de r\u00e9glage. Avec le poids d'un v\u00e9ritable extincteur pour s'approcher de la r\u00e9alit\u00e9. Avec les effets sonores d'un extincteur r\u00e9el. Pendant l'utilisation, le r\u00e9servoir virtuel se vide progressivement. Livr\u00e9 avec des autocollants en n\u00e9erlandais, anglais, fran\u00e7ais et allemand. \u00c9galement disponible avec une poign\u00e9e \u00e0 presser et en une version au CO2 et un d\u00e9vidoir.","og_url":"https:\/\/www.fireware.nl\/fr\/product\/extincteur-de-formation-apollo-avec-bouton-de-mise-en-pression-6-l-pression-auxiliaire\/","og_site_name":"FireWare","article_publisher":"https:\/\/www.facebook.com\/FireWareBV\/","article_modified_time":"2026-01-23T14:33:19+00:00","og_image":[{"width":600,"height":600,"url":"https:\/\/www.fireware.nl\/wp-content\/uploads\/2020\/05\/025-100-015-FireWare-Apollo-LED-push-button-2.jpg","type":"image\/jpeg"}],"twitter_card":"summary_large_image","twitter_site":"@FireWarebv","twitter_misc":{"Dur\u00e9e de lecture estim\u00e9e":"3 minutes"},"schema":{"@context":"https:\/\/schema.org","@graph":[{"@type":"WebPage","@id":"https:\/\/www.fireware.nl\/fr\/product\/extincteur-de-formation-apollo-avec-bouton-de-mise-en-pression-6-l-pression-auxiliaire\/","url":"https:\/\/www.fireware.nl\/fr\/product\/extincteur-de-formation-apollo-avec-bouton-de-mise-en-pression-6-l-pression-auxiliaire\/","name":"Extincteur de formation Apollo avec bouton de mise en pression 6 L Pression auxiliaire - FireWare","isPartOf":{"@id":"https:\/\/www.fireware.nl\/fr\/#website"},"primaryImageOfPage":{"@id":"https:\/\/www.fireware.nl\/fr\/product\/extincteur-de-formation-apollo-avec-bouton-de-mise-en-pression-6-l-pression-auxiliaire\/#primaryimage"},"image":{"@id":"https:\/\/www.fireware.nl\/fr\/product\/extincteur-de-formation-apollo-avec-bouton-de-mise-en-pression-6-l-pression-auxiliaire\/#primaryimage"},"thumbnailUrl":"https:\/\/www.fireware.nl\/wp-content\/uploads\/2020\/05\/025-100-015-FireWare-Apollo-LED-push-button-2.jpg","datePublished":"2020-05-15T14:48:43+00:00","dateModified":"2026-01-23T14:33:19+00:00","breadcrumb":{"@id":"https:\/\/www.fireware.nl\/fr\/product\/extincteur-de-formation-apollo-avec-bouton-de-mise-en-pression-6-l-pression-auxiliaire\/#breadcrumb"},"inLanguage":"fr-FR","potentialAction":[{"@type":"ReadAction","target":["https:\/\/www.fireware.nl\/fr\/product\/extincteur-de-formation-apollo-avec-bouton-de-mise-en-pression-6-l-pression-auxiliaire\/"]}]},{"@type":"ImageObject","inLanguage":"fr-FR","@id":"https:\/\/www.fireware.nl\/fr\/product\/extincteur-de-formation-apollo-avec-bouton-de-mise-en-pression-6-l-pression-auxiliaire\/#primaryimage","url":"https:\/\/www.fireware.nl\/wp-content\/uploads\/2020\/05\/025-100-015-FireWare-Apollo-LED-push-button-2.jpg","contentUrl":"https:\/\/www.fireware.nl\/wp-content\/uploads\/2020\/05\/025-100-015-FireWare-Apollo-LED-push-button-2.jpg","width":600,"height":600},{"@type":"BreadcrumbList","@id":"https:\/\/www.fireware.nl\/fr\/product\/extincteur-de-formation-apollo-avec-bouton-de-mise-en-pression-6-l-pression-auxiliaire\/#breadcrumb","itemListElement":[{"@type":"ListItem","position":1,"name":"Home","item":"https:\/\/www.fireware.nl\/fr\/"},{"@type":"ListItem","position":2,"name":"Produits","item":"https:\/\/www.fireware.nl\/fr\/produits\/"},{"@type":"ListItem","position":3,"name":"Extincteur de formation Apollo avec bouton de mise en pression 6 L Pression auxiliaire"}]},{"@type":"WebSite","@id":"https:\/\/www.fireware.nl\/fr\/#website","url":"https:\/\/www.fireware.nl\/fr\/","name":"FireWare","description":"CREATING REALISTIC  TRAINING ENVIRONMENTS","publisher":{"@id":"https:\/\/www.fireware.nl\/fr\/#organization"},"potentialAction":[{"@type":"SearchAction","target":{"@type":"EntryPoint","urlTemplate":"https:\/\/www.fireware.nl\/fr\/?s={search_term_string}"},"query-input":{"@type":"PropertyValueSpecification","valueRequired":true,"valueName":"search_term_string"}}],"inLanguage":"fr-FR"},{"@type":"Organization","@id":"https:\/\/www.fireware.nl\/fr\/#organization","name":"FireWare","url":"https:\/\/www.fireware.nl\/fr\/","logo":{"@type":"ImageObject","inLanguage":"fr-FR","@id":"https:\/\/www.fireware.nl\/fr\/#\/schema\/logo\/image\/","url":"https:\/\/www.fireware.nl\/wp-content\/uploads\/2018\/10\/fireware-logo.png","contentUrl":"https:\/\/www.fireware.nl\/wp-content\/uploads\/2018\/10\/fireware-logo.png","width":200,"height":86,"caption":"FireWare"},"image":{"@id":"https:\/\/www.fireware.nl\/fr\/#\/schema\/logo\/image\/"},"sameAs":["https:\/\/www.facebook.com\/FireWareBV\/","https:\/\/x.com\/FireWarebv","https:\/\/www.instagram.com\/fireware_nl\/","https:\/\/www.linkedin.com\/company\/3586017\/","https:\/\/www.youtube.com\/user\/firesalesrentconsult"]}]}},"publishpress_future_workflow_manual_trigger":{"enabledWorkflows":[]},"_links":{"self":[{"href":"https:\/\/www.fireware.nl\/fr\/wp-json\/wp\/v2\/product\/43373","targetHints":{"allow":["GET"]}}],"collection":[{"href":"https:\/\/www.fireware.nl\/fr\/wp-json\/wp\/v2\/product"}],"about":[{"href":"https:\/\/www.fireware.nl\/fr\/wp-json\/wp\/v2\/types\/product"}],"wp:featuredmedia":[{"embeddable":true,"href":"https:\/\/www.fireware.nl\/fr\/wp-json\/wp\/v2\/media\/61502"}],"wp:attachment":[{"href":"https:\/\/www.fireware.nl\/fr\/wp-json\/wp\/v2\/media?parent=43373"}],"wp:term":[{"taxonomy":"product_brand","embeddable":true,"href":"https:\/\/www.fireware.nl\/fr\/wp-json\/wp\/v2\/product_brand?post=43373"},{"taxonomy":"product_cat","embeddable":true,"href":"https:\/\/www.fireware.nl\/fr\/wp-json\/wp\/v2\/product_cat?post=43373"},{"taxonomy":"product_tag","embeddable":true,"href":"https:\/\/www.fireware.nl\/fr\/wp-json\/wp\/v2\/product_tag?post=43373"}],"curies":[{"name":"wp","href":"https:\/\/api.w.org\/{rel}","templated":true}]}}