
{"id":43372,"date":"2020-05-15T14:38:45","date_gmt":"2020-05-15T14:38:45","guid":{"rendered":"https:\/\/www.fireware.nl\/product\/fireware-apollo-led-extincteur-a-mousse-dexercice-poignee-a-presser-6-l\/"},"modified":"2026-01-23T14:31:14","modified_gmt":"2026-01-23T14:31:14","slug":"extincteur-de-formation-apollo-a-poignee-a-presser-6-l-pression-permanente","status":"publish","type":"product","link":"https:\/\/www.fireware.nl\/fr\/product\/extincteur-de-formation-apollo-a-poignee-a-presser-6-l-pression-permanente\/","title":{"rendered":"Extincteur de formation Apollo \u00e0 poign\u00e9e \u00e0 presser 6 L Pression permanente"},"content":{"rendered":"\r\n<h2>Un excellente mani\u00e8re d&#8217;apprendre l&#8217;extinction, sans v\u00e9ritable feu, eau, mousse ou poudre<\/h2>\r\n<p>Avec l&#8217;FireWare Apollo LED Extincteur \u00e0 mousse d&#8217;exercice poign\u00e9e \u00e0 presser 6 L, on peut pr\u00e9parer les participants \u00e0 agir correctement dans une situation d&#8217;un d\u00e9but d&#8217;incendie. Certains endroits ne se pr\u00eatent pas \u00e0 l&#8217;organisation d&#8217;exercices d&#8217;extinction avec un feu r\u00e9el. L&#8217;Apollo LED Extincteur d&#8217;exercice \u00e0 mousse \u00e9met une forte lumi\u00e8re LED, qui permet donc de s&#8217;entra\u00eener \u00e0 utiliser les extincteurs en toute s\u00e9curit\u00e9 et \u00e0 agir correctement en cas d&#8217;incendie. L&#8217;extincteur d&#8217;exercice \u00e0 mousse ayant le poids d&#8217;un v\u00e9ritable extincteur,\u00a0vous confronterez les participants \u00e0 une situation r\u00e9elle qu&#8217;ils rencontreront sans doute plus tard.<\/p>\r\n<h2>LED Extincteur d&#8217;exercice \u00e0 mousse avec poign\u00e9e \u00e0 presser<\/h2>\r\n<p>L&#8217;instructeur met l&#8217;Apollo Extincteur d&#8217;exercice \u00e0 mousse en marche en appuyant sur le haut de l&#8217;appareil. Ensuite, cet extincteur d&#8217;exercice \u00e0 LED fonctionne comme tout extincteur \u00e0 poign\u00e9e \u00e0 presser. Le participant enl\u00e8ve le clip de verrouillage. D\u00e8s que la poign\u00e9e \u00e0 presser est enfonc\u00e9e, un son d&#8217;un extincteur qui se vide retentit ; une lumi\u00e8re bleue sort de la bouche de la lance. L&#8217;instructeur peut ainsi guider le participant \u00e0 diriger le jet extincteur. Cr\u00e9ez une simulation r\u00e9aliste \u00e0 n&#8217;importe quel endroit en combinaison avec, par exemple, le <a href=\"https:\/\/www.fireware.nl\/fr\/product\/set-dentrainement-foyer-dincendie\/\" target=\"_blank\" rel=\"noopener\">Set d&#8217;entra\u00eenement Foyer d&#8217;Incendie<\/a>. \u00c9teignez les effets des flammes apr\u00e8s une tentative d&#8217;extinction correcte ou \u00e9tendez le feu un peu plus tard si l&#8217;extinction n&#8217;est pas faite correctement ou prend trop de temps.<\/p>\r\n<p>Pendant l&#8217;extinction, le r\u00e9servoir virtuel se videra progressivement. Son statut sera indiqu\u00e9 par 4 LED en haut de l&#8217;extincteur. Un r\u00e9servoir charg\u00e9 permet d&#8217;\u00e9teindre pendant environ 30 secondes. D\u00e8s que le r\u00e9servoir virtuel est presque vide, l&#8217;extincteur \u00ab\u00a0se met \u00e0 crachoter\u00a0\u00bb. L&#8217;Apollo LED est \u00e9quip\u00e9 d&#8217;une batterie puissante qui peut \u00eatre recharg\u00e9e \u00e0 l&#8217;aide d&#8217;un c\u00e2ble \u00e0 Micro USB.<\/p>\r\n<h2>Quitter l&#8217;environnement de l&#8217;exercice en toute propret\u00e9<\/h2>\r\n<p>Dans certaines situations d&#8217;entrainement, l&#8217;utilisation d&#8217;un agent d&#8217;extinction n&#8217;est pas souhaitable. Pensez aux exercices dans un environnement m\u00e9dical, comme un h\u00f4pital. L&#8217;Apollo LED Extincteur d&#8217;exercice \u00e0 mousse donne aux participants l&#8217;occasion d&#8217;acqu\u00e9rir des proc\u00e9dures qu&#8217;ils doivent ma\u00eetriser dans une situation r\u00e9elle. Comme l&#8217;Apollo \u00e0 LED ne laisse pas de mousse, de poudre ou d&#8217;eau derri\u00e8re lui, il ne peut causer aucun dommage dans un environnement d\u00e9licat. Travailler avec l&#8217;Apollo LED permet de garder l&#8217;environnement propre, de sorte que de nombreux participants peuvent suivre la formation de lutte contre les incendies en une journ\u00e9e.<\/p>\r\n<p>S&#8217;entrainer efficacement \u00e0 d&#8217;autres modes de fonctionnement\u00a0? L&#8217;Apollo LED Extincteur \u00e0 mousse d&#8217;exercice de FireWare est \u00e9galement disponible avec un bouton de r\u00e9glage, ainsi qu&#8217;en une version \u00e0 CO<sub>2<\/sub>.<\/p>\r\n<h2>\u00c9valuer \u00e0 distance les comp\u00e9tences d&#8217;extinction<\/h2>\r\n<p>En tant qu&#8217;instructeur, il faudra parfois \u00e9valuer \u00e0 distance les comp\u00e9tences d&#8217;extinction. C&#8217;est tout \u00e0 fait possible avec l&#8217;Apollo LED Extincteur d&#8217;exercice \u00e0 mousse. Moyennant des logiciels de vid\u00e9oconf\u00e9rence tels que Zoom, Microsoft Teams ou BigBlueButton, l&#8217;instructeur peut partager un \u00e9cran, qui montre une vid\u00e9o d&#8217;un incendie. Ainsi, on peut simuler un incendie de l&#8217;\u00e9cran du participant. L&#8217;Apollo \u00e0 LED permet au participant de montrer qu&#8217;il ma\u00eetrise toutes les actions n\u00e9cessaires lors d&#8217;une op\u00e9ration d&#8217;extinction.<\/p>\r\n<p>L&#8217;instructeur peut observer et donner des commentaires via une webcam. L&#8217;extincteur pouvant \u00eatre \u00ab\u00a0rempli\u00a0\u00bb \u00e0 nouveau en appuyant sur un bouton, le sc\u00e9nario peut \u00eatre r\u00e9p\u00e9t\u00e9 diverses fois.<\/p>\r\n<h2>Exercices r\u00e9p\u00e9t\u00e9s avec les agents d&#8217;extinction<\/h2>\r\n<p>Des exercices d&#8217;extinction r\u00e9p\u00e9t\u00e9s, avec de la mousse, de l&#8217;eau ou de l&#8217;air\u00a0? Dans ce cas, optez pour le <a href=\"https:\/\/www.fireware.nl\/fr\/produit\/extincteur-dexercice-poignee-a-presser\/\" target=\"_blank\" rel=\"noopener\">Neptune Extincteur \u00e0 mousse d&#8217;exercice Poign\u00e9e \u00e0 presser<\/a> ou le <a href=\"https:\/\/www.fireware.nl\/fr\/produit\/extincteur-dexercice-bouton-de-reglage\/\" target=\"_blank\" rel=\"noopener\">Neptune Extincteur \u00e0 mousse d&#8217;exercice Bouton de r\u00e9glage<\/a>. En combinaison avec le syst\u00e8me de remplissage Neptune, l&#8217;instructeur peut remplir ses propres extincteurs d&#8217;exercice.<\/p>\r\n<h2>Regardez la vid\u00e9o<\/h2>\r\n<p><iframe src=\"https:\/\/www.youtube.com\/embed\/x_kF4G85-Zk?rel=0\" width=\"560\" height=\"315\" frameborder=\"0\" allowfullscreen=\"allowfullscreen\"><\/iframe><\/p>\r\n","protected":false},"excerpt":{"rendered":"<ul>\n<li>Un excellente mani\u00e8re d&#8217;apprendre l&#8217;extinction, sans v\u00e9ritable feu, eau, mousse ou poudre<\/li>\n<li>Pr\u00e9parez les participants \u00e0 s&#8217;exercer dans n&#8217;importe quel environnement.<\/li>\n<li>Manipulez l&#8217;Apollo LED comme tout extincteur \u00e0 poign\u00e9e \u00e0 presser.<\/li>\n<li>Avec le poids d&#8217;un v\u00e9ritable extincteur pour s&#8217;approcher de la r\u00e9alit\u00e9.<\/li>\n<li>Avec les effets sonores d&#8217;un extincteur r\u00e9el.<\/li>\n<li>Pendant l&#8217;utilisation, le r\u00e9servoir virtuel se vide progressivement.<\/li>\n<li>Livr\u00e9 avec des autocollants en n\u00e9erlandais, anglais, fran\u00e7ais et allemand.<\/li>\n<li>Disponible \u00e9galement avec bouton de r\u00e9glage ou en version \u00e0 CO<sub>2<\/sub> et un d\u00e9vidoir.<\/li>\n<\/ul>\n","protected":false},"featured_media":61538,"template":"","meta":[],"product_brand":[],"product_cat":[101],"product_tag":[],"class_list":{"0":"post-43372","1":"product","2":"type-product","3":"status-publish","4":"has-post-thumbnail","6":"product_cat-extincteurs-de-formation","7":"pa_taal-allemand","8":"pa_taal-anglais","9":"pa_taal-espagnol","10":"pa_taal-francais","11":"pa_taal-italien","12":"pa_taal-neerlandais","14":"first","15":"instock","16":"taxable","17":"shipping-taxable","18":"purchasable","19":"product-type-simple"},"yoast_head":"<!-- This site is optimized with the Yoast SEO plugin v27.4 - https:\/\/yoast.com\/product\/yoast-seo-wordpress\/ -->\n<title>Extincteur de formation Apollo \u00e0 poign\u00e9e \u00e0 presser 6 L Pression permanente - FireWare<\/title>\n<meta name=\"robots\" content=\"index, follow, max-snippet:-1, max-image-preview:large, max-video-preview:-1\" \/>\n<link rel=\"canonical\" href=\"https:\/\/www.fireware.nl\/fr\/product\/extincteur-de-formation-apollo-a-poignee-a-presser-6-l-pression-permanente\/\" \/>\n<meta property=\"og:locale\" content=\"fr_FR\" \/>\n<meta property=\"og:type\" content=\"article\" \/>\n<meta property=\"og:title\" content=\"Extincteur de formation Apollo \u00e0 poign\u00e9e \u00e0 presser 6 L Pression permanente - FireWare\" \/>\n<meta property=\"og:description\" content=\"Un excellente mani\u00e8re d&#039;apprendre l&#039;extinction, sans v\u00e9ritable feu, eau, mousse ou poudre Pr\u00e9parez les participants \u00e0 s&#039;exercer dans n&#039;importe quel environnement. Manipulez l&#039;Apollo LED comme tout extincteur \u00e0 poign\u00e9e \u00e0 presser. Avec le poids d&#039;un v\u00e9ritable extincteur pour s&#039;approcher de la r\u00e9alit\u00e9. Avec les effets sonores d&#039;un extincteur r\u00e9el. Pendant l&#039;utilisation, le r\u00e9servoir virtuel se vide progressivement. Livr\u00e9 avec des autocollants en n\u00e9erlandais, anglais, fran\u00e7ais et allemand. Disponible \u00e9galement avec bouton de r\u00e9glage ou en version \u00e0 CO2 et un d\u00e9vidoir.\" \/>\n<meta property=\"og:url\" content=\"https:\/\/www.fireware.nl\/fr\/product\/extincteur-de-formation-apollo-a-poignee-a-presser-6-l-pression-permanente\/\" \/>\n<meta property=\"og:site_name\" content=\"FireWare\" \/>\n<meta property=\"article:publisher\" content=\"https:\/\/www.facebook.com\/FireWareBV\/\" \/>\n<meta property=\"article:modified_time\" content=\"2026-01-23T14:31:14+00:00\" \/>\n<meta property=\"og:image\" content=\"https:\/\/www.fireware.nl\/wp-content\/uploads\/2020\/05\/025-100-014-FireWare-Apollo-LED-squeeze-handle-led-2.jpg\" \/>\n\t<meta property=\"og:image:width\" content=\"600\" \/>\n\t<meta property=\"og:image:height\" content=\"600\" \/>\n\t<meta property=\"og:image:type\" content=\"image\/jpeg\" \/>\n<meta name=\"twitter:card\" content=\"summary_large_image\" \/>\n<meta name=\"twitter:site\" content=\"@FireWarebv\" \/>\n<meta name=\"twitter:label1\" content=\"Dur\u00e9e de lecture estim\u00e9e\" \/>\n\t<meta name=\"twitter:data1\" content=\"3 minutes\" \/>\n<script type=\"application\/ld+json\" class=\"yoast-schema-graph\">{\"@context\":\"https:\\\/\\\/schema.org\",\"@graph\":[{\"@type\":\"WebPage\",\"@id\":\"https:\\\/\\\/www.fireware.nl\\\/fr\\\/product\\\/extincteur-de-formation-apollo-a-poignee-a-presser-6-l-pression-permanente\\\/\",\"url\":\"https:\\\/\\\/www.fireware.nl\\\/fr\\\/product\\\/extincteur-de-formation-apollo-a-poignee-a-presser-6-l-pression-permanente\\\/\",\"name\":\"Extincteur de formation Apollo \u00e0 poign\u00e9e \u00e0 presser 6 L Pression permanente - FireWare\",\"isPartOf\":{\"@id\":\"https:\\\/\\\/www.fireware.nl\\\/fr\\\/#website\"},\"primaryImageOfPage\":{\"@id\":\"https:\\\/\\\/www.fireware.nl\\\/fr\\\/product\\\/extincteur-de-formation-apollo-a-poignee-a-presser-6-l-pression-permanente\\\/#primaryimage\"},\"image\":{\"@id\":\"https:\\\/\\\/www.fireware.nl\\\/fr\\\/product\\\/extincteur-de-formation-apollo-a-poignee-a-presser-6-l-pression-permanente\\\/#primaryimage\"},\"thumbnailUrl\":\"https:\\\/\\\/www.fireware.nl\\\/wp-content\\\/uploads\\\/2020\\\/05\\\/025-100-014-FireWare-Apollo-LED-squeeze-handle-led-2.jpg\",\"datePublished\":\"2020-05-15T14:38:45+00:00\",\"dateModified\":\"2026-01-23T14:31:14+00:00\",\"breadcrumb\":{\"@id\":\"https:\\\/\\\/www.fireware.nl\\\/fr\\\/product\\\/extincteur-de-formation-apollo-a-poignee-a-presser-6-l-pression-permanente\\\/#breadcrumb\"},\"inLanguage\":\"fr-FR\",\"potentialAction\":[{\"@type\":\"ReadAction\",\"target\":[\"https:\\\/\\\/www.fireware.nl\\\/fr\\\/product\\\/extincteur-de-formation-apollo-a-poignee-a-presser-6-l-pression-permanente\\\/\"]}]},{\"@type\":\"ImageObject\",\"inLanguage\":\"fr-FR\",\"@id\":\"https:\\\/\\\/www.fireware.nl\\\/fr\\\/product\\\/extincteur-de-formation-apollo-a-poignee-a-presser-6-l-pression-permanente\\\/#primaryimage\",\"url\":\"https:\\\/\\\/www.fireware.nl\\\/wp-content\\\/uploads\\\/2020\\\/05\\\/025-100-014-FireWare-Apollo-LED-squeeze-handle-led-2.jpg\",\"contentUrl\":\"https:\\\/\\\/www.fireware.nl\\\/wp-content\\\/uploads\\\/2020\\\/05\\\/025-100-014-FireWare-Apollo-LED-squeeze-handle-led-2.jpg\",\"width\":600,\"height\":600},{\"@type\":\"BreadcrumbList\",\"@id\":\"https:\\\/\\\/www.fireware.nl\\\/fr\\\/product\\\/extincteur-de-formation-apollo-a-poignee-a-presser-6-l-pression-permanente\\\/#breadcrumb\",\"itemListElement\":[{\"@type\":\"ListItem\",\"position\":1,\"name\":\"Home\",\"item\":\"https:\\\/\\\/www.fireware.nl\\\/fr\\\/\"},{\"@type\":\"ListItem\",\"position\":2,\"name\":\"Produits\",\"item\":\"https:\\\/\\\/www.fireware.nl\\\/fr\\\/produits\\\/\"},{\"@type\":\"ListItem\",\"position\":3,\"name\":\"Extincteur de formation Apollo \u00e0 poign\u00e9e \u00e0 presser 6 L Pression permanente\"}]},{\"@type\":\"WebSite\",\"@id\":\"https:\\\/\\\/www.fireware.nl\\\/fr\\\/#website\",\"url\":\"https:\\\/\\\/www.fireware.nl\\\/fr\\\/\",\"name\":\"FireWare\",\"description\":\"CREATING REALISTIC  TRAINING ENVIRONMENTS\",\"publisher\":{\"@id\":\"https:\\\/\\\/www.fireware.nl\\\/fr\\\/#organization\"},\"potentialAction\":[{\"@type\":\"SearchAction\",\"target\":{\"@type\":\"EntryPoint\",\"urlTemplate\":\"https:\\\/\\\/www.fireware.nl\\\/fr\\\/?s={search_term_string}\"},\"query-input\":{\"@type\":\"PropertyValueSpecification\",\"valueRequired\":true,\"valueName\":\"search_term_string\"}}],\"inLanguage\":\"fr-FR\"},{\"@type\":\"Organization\",\"@id\":\"https:\\\/\\\/www.fireware.nl\\\/fr\\\/#organization\",\"name\":\"FireWare\",\"url\":\"https:\\\/\\\/www.fireware.nl\\\/fr\\\/\",\"logo\":{\"@type\":\"ImageObject\",\"inLanguage\":\"fr-FR\",\"@id\":\"https:\\\/\\\/www.fireware.nl\\\/fr\\\/#\\\/schema\\\/logo\\\/image\\\/\",\"url\":\"https:\\\/\\\/www.fireware.nl\\\/wp-content\\\/uploads\\\/2018\\\/10\\\/fireware-logo.png\",\"contentUrl\":\"https:\\\/\\\/www.fireware.nl\\\/wp-content\\\/uploads\\\/2018\\\/10\\\/fireware-logo.png\",\"width\":200,\"height\":86,\"caption\":\"FireWare\"},\"image\":{\"@id\":\"https:\\\/\\\/www.fireware.nl\\\/fr\\\/#\\\/schema\\\/logo\\\/image\\\/\"},\"sameAs\":[\"https:\\\/\\\/www.facebook.com\\\/FireWareBV\\\/\",\"https:\\\/\\\/x.com\\\/FireWarebv\",\"https:\\\/\\\/www.instagram.com\\\/fireware_nl\\\/\",\"https:\\\/\\\/www.linkedin.com\\\/company\\\/3586017\\\/\",\"https:\\\/\\\/www.youtube.com\\\/user\\\/firesalesrentconsult\"]}]}<\/script>\n<!-- \/ Yoast SEO plugin. -->","yoast_head_json":{"title":"Extincteur de formation Apollo \u00e0 poign\u00e9e \u00e0 presser 6 L Pression permanente - FireWare","robots":{"index":"index","follow":"follow","max-snippet":"max-snippet:-1","max-image-preview":"max-image-preview:large","max-video-preview":"max-video-preview:-1"},"canonical":"https:\/\/www.fireware.nl\/fr\/product\/extincteur-de-formation-apollo-a-poignee-a-presser-6-l-pression-permanente\/","og_locale":"fr_FR","og_type":"article","og_title":"Extincteur de formation Apollo \u00e0 poign\u00e9e \u00e0 presser 6 L Pression permanente - FireWare","og_description":"Un excellente mani\u00e8re d'apprendre l'extinction, sans v\u00e9ritable feu, eau, mousse ou poudre Pr\u00e9parez les participants \u00e0 s'exercer dans n'importe quel environnement. Manipulez l'Apollo LED comme tout extincteur \u00e0 poign\u00e9e \u00e0 presser. Avec le poids d'un v\u00e9ritable extincteur pour s'approcher de la r\u00e9alit\u00e9. Avec les effets sonores d'un extincteur r\u00e9el. Pendant l'utilisation, le r\u00e9servoir virtuel se vide progressivement. Livr\u00e9 avec des autocollants en n\u00e9erlandais, anglais, fran\u00e7ais et allemand. Disponible \u00e9galement avec bouton de r\u00e9glage ou en version \u00e0 CO2 et un d\u00e9vidoir.","og_url":"https:\/\/www.fireware.nl\/fr\/product\/extincteur-de-formation-apollo-a-poignee-a-presser-6-l-pression-permanente\/","og_site_name":"FireWare","article_publisher":"https:\/\/www.facebook.com\/FireWareBV\/","article_modified_time":"2026-01-23T14:31:14+00:00","og_image":[{"width":600,"height":600,"url":"https:\/\/www.fireware.nl\/wp-content\/uploads\/2020\/05\/025-100-014-FireWare-Apollo-LED-squeeze-handle-led-2.jpg","type":"image\/jpeg"}],"twitter_card":"summary_large_image","twitter_site":"@FireWarebv","twitter_misc":{"Dur\u00e9e de lecture estim\u00e9e":"3 minutes"},"schema":{"@context":"https:\/\/schema.org","@graph":[{"@type":"WebPage","@id":"https:\/\/www.fireware.nl\/fr\/product\/extincteur-de-formation-apollo-a-poignee-a-presser-6-l-pression-permanente\/","url":"https:\/\/www.fireware.nl\/fr\/product\/extincteur-de-formation-apollo-a-poignee-a-presser-6-l-pression-permanente\/","name":"Extincteur de formation Apollo \u00e0 poign\u00e9e \u00e0 presser 6 L Pression permanente - FireWare","isPartOf":{"@id":"https:\/\/www.fireware.nl\/fr\/#website"},"primaryImageOfPage":{"@id":"https:\/\/www.fireware.nl\/fr\/product\/extincteur-de-formation-apollo-a-poignee-a-presser-6-l-pression-permanente\/#primaryimage"},"image":{"@id":"https:\/\/www.fireware.nl\/fr\/product\/extincteur-de-formation-apollo-a-poignee-a-presser-6-l-pression-permanente\/#primaryimage"},"thumbnailUrl":"https:\/\/www.fireware.nl\/wp-content\/uploads\/2020\/05\/025-100-014-FireWare-Apollo-LED-squeeze-handle-led-2.jpg","datePublished":"2020-05-15T14:38:45+00:00","dateModified":"2026-01-23T14:31:14+00:00","breadcrumb":{"@id":"https:\/\/www.fireware.nl\/fr\/product\/extincteur-de-formation-apollo-a-poignee-a-presser-6-l-pression-permanente\/#breadcrumb"},"inLanguage":"fr-FR","potentialAction":[{"@type":"ReadAction","target":["https:\/\/www.fireware.nl\/fr\/product\/extincteur-de-formation-apollo-a-poignee-a-presser-6-l-pression-permanente\/"]}]},{"@type":"ImageObject","inLanguage":"fr-FR","@id":"https:\/\/www.fireware.nl\/fr\/product\/extincteur-de-formation-apollo-a-poignee-a-presser-6-l-pression-permanente\/#primaryimage","url":"https:\/\/www.fireware.nl\/wp-content\/uploads\/2020\/05\/025-100-014-FireWare-Apollo-LED-squeeze-handle-led-2.jpg","contentUrl":"https:\/\/www.fireware.nl\/wp-content\/uploads\/2020\/05\/025-100-014-FireWare-Apollo-LED-squeeze-handle-led-2.jpg","width":600,"height":600},{"@type":"BreadcrumbList","@id":"https:\/\/www.fireware.nl\/fr\/product\/extincteur-de-formation-apollo-a-poignee-a-presser-6-l-pression-permanente\/#breadcrumb","itemListElement":[{"@type":"ListItem","position":1,"name":"Home","item":"https:\/\/www.fireware.nl\/fr\/"},{"@type":"ListItem","position":2,"name":"Produits","item":"https:\/\/www.fireware.nl\/fr\/produits\/"},{"@type":"ListItem","position":3,"name":"Extincteur de formation Apollo \u00e0 poign\u00e9e \u00e0 presser 6 L Pression permanente"}]},{"@type":"WebSite","@id":"https:\/\/www.fireware.nl\/fr\/#website","url":"https:\/\/www.fireware.nl\/fr\/","name":"FireWare","description":"CREATING REALISTIC  TRAINING ENVIRONMENTS","publisher":{"@id":"https:\/\/www.fireware.nl\/fr\/#organization"},"potentialAction":[{"@type":"SearchAction","target":{"@type":"EntryPoint","urlTemplate":"https:\/\/www.fireware.nl\/fr\/?s={search_term_string}"},"query-input":{"@type":"PropertyValueSpecification","valueRequired":true,"valueName":"search_term_string"}}],"inLanguage":"fr-FR"},{"@type":"Organization","@id":"https:\/\/www.fireware.nl\/fr\/#organization","name":"FireWare","url":"https:\/\/www.fireware.nl\/fr\/","logo":{"@type":"ImageObject","inLanguage":"fr-FR","@id":"https:\/\/www.fireware.nl\/fr\/#\/schema\/logo\/image\/","url":"https:\/\/www.fireware.nl\/wp-content\/uploads\/2018\/10\/fireware-logo.png","contentUrl":"https:\/\/www.fireware.nl\/wp-content\/uploads\/2018\/10\/fireware-logo.png","width":200,"height":86,"caption":"FireWare"},"image":{"@id":"https:\/\/www.fireware.nl\/fr\/#\/schema\/logo\/image\/"},"sameAs":["https:\/\/www.facebook.com\/FireWareBV\/","https:\/\/x.com\/FireWarebv","https:\/\/www.instagram.com\/fireware_nl\/","https:\/\/www.linkedin.com\/company\/3586017\/","https:\/\/www.youtube.com\/user\/firesalesrentconsult"]}]}},"publishpress_future_workflow_manual_trigger":{"enabledWorkflows":[]},"_links":{"self":[{"href":"https:\/\/www.fireware.nl\/fr\/wp-json\/wp\/v2\/product\/43372","targetHints":{"allow":["GET"]}}],"collection":[{"href":"https:\/\/www.fireware.nl\/fr\/wp-json\/wp\/v2\/product"}],"about":[{"href":"https:\/\/www.fireware.nl\/fr\/wp-json\/wp\/v2\/types\/product"}],"wp:featuredmedia":[{"embeddable":true,"href":"https:\/\/www.fireware.nl\/fr\/wp-json\/wp\/v2\/media\/61538"}],"wp:attachment":[{"href":"https:\/\/www.fireware.nl\/fr\/wp-json\/wp\/v2\/media?parent=43372"}],"wp:term":[{"taxonomy":"product_brand","embeddable":true,"href":"https:\/\/www.fireware.nl\/fr\/wp-json\/wp\/v2\/product_brand?post=43372"},{"taxonomy":"product_cat","embeddable":true,"href":"https:\/\/www.fireware.nl\/fr\/wp-json\/wp\/v2\/product_cat?post=43372"},{"taxonomy":"product_tag","embeddable":true,"href":"https:\/\/www.fireware.nl\/fr\/wp-json\/wp\/v2\/product_tag?post=43372"}],"curies":[{"name":"wp","href":"https:\/\/api.w.org\/{rel}","templated":true}]}}