
{"id":38597,"date":"2019-11-04T14:53:24","date_gmt":"2019-11-04T14:53:24","guid":{"rendered":"https:\/\/www.fireware.nl\/product\/mannequin-soins-des-patients\/"},"modified":"2025-05-28T11:47:52","modified_gmt":"2025-05-28T11:47:52","slug":"mannequin-soins-des-patients","status":"publish","type":"product","link":"https:\/\/www.fireware.nl\/fr\/product\/mannequin-soins-des-patients\/","title":{"rendered":"Ruth Lee Mannequin Soins des Patients"},"content":{"rendered":"\r\n<h2>Manikins d&#8217;entra\u00eenement Ruth Lee<\/h2>\r\n<p>Les Manikins d&#8217;entra\u00eenement Ruth Lee sont con\u00e7ues pour un entra\u00eenement r\u00e9aliste et efficace. Ces Manikins sont reconnues pour leur durabilit\u00e9 et leur polyvalence, id\u00e9ales pour former les pompiers, les sauveteurs, les services de secours et d&#8217;autres services d&#8217;urgence. Avec les Manikins d&#8217;entra\u00eenement Ruth Lee, vous pouvez simuler des sc\u00e9narios r\u00e9alistes, pr\u00e9parant ainsi les intervenants \u00e0 de vraies situations d&#8217;urgence. La gamme comprend des poup\u00e9es pour une vari\u00e9t\u00e9 de formations et dans diff\u00e9rentes tailles et poids.<\/p>\r\n<h2>Pr\u00e9parez les participants aux sc\u00e9narios dans le secteur des soins de sant\u00e9<\/h2>\r\n<p>Les dispensateurs des soins de sant\u00e9 courent un risque \u00e9lev\u00e9 de blessures au dos en raison de soins mal ex\u00e9cut\u00e9s. Nous avons d\u00e9velopp\u00e9 sp\u00e9cialement pour eux ce mannequin en pr\u00e9paration de ces op\u00e9rations.<\/p>\r\n<h2>Pr\u00e9venez des blessures moyennant une bonne pr\u00e9paration<\/h2>\r\n<p>Notre Mannequin Soins des patients est un mannequin polyvalent qui peut \u00eatre utilis\u00e9 dans presque tous les exercices dans le secteur des soins de sant\u00e9 et des h\u00f4pitaux. \u00c0 l&#8217;aide de ce mannequin, vous pr\u00e9parerez vos participants aux diverses op\u00e9rations de levage et de d\u00e9placement qu&#8217;ils effectueront plus tard dans leur carri\u00e8re. Pensez \u00e0 la mobilisation anticip\u00e9e, \u00e0 l&#8217;\u00e9vacuation d&#8217;urgence et au travail avec des \u00e9quipements de levage. Apprenez aux participants d&#8217;ex\u00e9cuter leurs t\u00e2ches n\u00e9cessaires de la bonne mani\u00e8re.<\/p>\r\n<p>Par rapport \u00e0 d&#8217;autres secteurs, les prestataires de soins courent plus de risques de se blesser le dos. Une bonne pr\u00e9paration \u00e0 ces lourdes t\u00e2ches est donc essentielle. Le mannequin a un poids r\u00e9aliste et donne l&#8217;impression d&#8217;\u00eatre un vrai patient. Son dos \u00e9tant fabriqu\u00e9 en plastique, le mannequin peut s&#8217;asseoir aussi bien dans un lit que dans un fauteuil roulant. Lorsqu&#8217;on utilise un appareil de levage, le mannequin se comporte comme une victime inconsciente. Un collier d&#8217;immobilisation autour du cou peut encourager la dispensation des soins appropri\u00e9s aux victimes.<\/p>\r\n<p>Des bandes en plastique dans la partie sup\u00e9rieure de la jambe emp\u00eachent une flexion excessive lors du levage. Les bras et le bas des jambes sont d\u00e9tachables pour simuler un patient amput\u00e9. \u00c9quip\u00e9 de Velcro dans les poignets pour garder les bras ensemble et pour s&#8217;accrocher \u00e0 une potence de lit. Comprend une boucle dans le cou pour faciliter le levage et le rangement.<\/p>\r\n<p>Notre Mannequin Soins des patients est disponible avec un poids de 30 kilogrammes et 50 kilogrammes. Le mannequin de 30 kilogrammes est livr\u00e9 avec des pieds lest\u00e9s et souples. Les pieds lest\u00e9s sont destin\u00e9s au travail au lit ou lors de l&#8217;utilisation d&#8217;un fauteuil roulant. Les non lest\u00e9s sont destin\u00e9s aux travaux d&#8217;\u00e9lingue\/de levage. Le mannequin de 50 kilogrammes est livr\u00e9 avec des pieds lest\u00e9s uniquement.<\/p>\r\n<h2>Regarder la vid\u00e9o<\/h2>\r\n<p><iframe title=\"YouTube video player\" src=\"https:\/\/www.youtube.com\/embed\/o6LZswmEodU\" width=\"560\" height=\"315\" frameborder=\"0\" allowfullscreen=\"allowfullscreen\"><\/iframe><\/p>\r\n","protected":false},"excerpt":{"rendered":"<ul>\n<li>D\u00e9velopp\u00e9 sp\u00e9cifiquement pour les exercices de plusieurs sc\u00e9narios dans le secteur des soins de sant\u00e9<\/li>\n<li>Rapport r\u00e9aliste entre la longueur et le poids. Le mannequin donne l&#8217;impression d&#8217;\u00eatre un patient inconscient.<\/li>\n<li>Convient pour une position debout dans un lit ou dans un fauteuil roulant.<\/li>\n<li>Des bandes en plastique dans la partie sup\u00e9rieure de la jambe emp\u00eachent une flexion excessive lors du levage.<\/li>\n<li>Les bras et le bas des jambes sont d\u00e9tachables pour simuler un patient amput\u00e9.<\/li>\n<li>\u00c9quip\u00e9 de Velcro dans les poignets pour garder les bras ensemble et pour s&#8217;accrocher \u00e0 une potence de lit.<\/li>\n<li>Comprend une boucle dans le cou pour faciliter le levage et le rangement.<\/li>\n<li>Possibilit\u00e9 de l&#8217;utiliser avec un collier d&#8217;immobilisation.<\/li>\n<li>Fourni avec des pantoufles souples qui peuvent facilement \u00eatre remplac\u00e9es si elles sont endommag\u00e9es.<\/li>\n<li>Disponible en versions 30 ou 50 kilos.<\/li>\n<\/ul>\n","protected":false},"featured_media":63850,"template":"","meta":[],"product_brand":[],"product_cat":[2184],"product_tag":[],"class_list":{"0":"post-38597","1":"product","2":"type-product","3":"status-publish","4":"has-post-thumbnail","6":"product_cat-mannequins-de-soins","7":"pa_gewicht-lengte-30kg-165cm-fr","8":"pa_gewicht-lengte-50kg-165cm-fr","10":"first","11":"instock","12":"taxable","13":"shipping-taxable","14":"purchasable","15":"product-type-variable"},"yoast_head":"<!-- This site is optimized with the Yoast SEO plugin v27.4 - https:\/\/yoast.com\/product\/yoast-seo-wordpress\/ -->\n<title>Ruth Lee Mannequin Soins des Patients - FireWare<\/title>\n<meta name=\"robots\" content=\"index, follow, max-snippet:-1, max-image-preview:large, max-video-preview:-1\" \/>\n<link rel=\"canonical\" href=\"https:\/\/www.fireware.nl\/fr\/product\/mannequin-soins-des-patients\/\" \/>\n<meta property=\"og:locale\" content=\"fr_FR\" \/>\n<meta property=\"og:type\" content=\"article\" \/>\n<meta property=\"og:title\" content=\"Ruth Lee Mannequin Soins des Patients - FireWare\" \/>\n<meta property=\"og:description\" content=\"D\u00e9velopp\u00e9 sp\u00e9cifiquement pour les exercices de plusieurs sc\u00e9narios dans le secteur des soins de sant\u00e9 Rapport r\u00e9aliste entre la longueur et le poids. Le mannequin donne l&#039;impression d&#039;\u00eatre un patient inconscient. Convient pour une position debout dans un lit ou dans un fauteuil roulant. Des bandes en plastique dans la partie sup\u00e9rieure de la jambe emp\u00eachent une flexion excessive lors du levage. Les bras et le bas des jambes sont d\u00e9tachables pour simuler un patient amput\u00e9. \u00c9quip\u00e9 de Velcro dans les poignets pour garder les bras ensemble et pour s&#039;accrocher \u00e0 une potence de lit. Comprend une boucle dans le cou pour faciliter le levage et le rangement. Possibilit\u00e9 de l&#039;utiliser avec un collier d&#039;immobilisation. Fourni avec des pantoufles souples qui peuvent facilement \u00eatre remplac\u00e9es si elles sont endommag\u00e9es. Disponible en versions 30 ou 50 kilos.\" \/>\n<meta property=\"og:url\" content=\"https:\/\/www.fireware.nl\/fr\/product\/mannequin-soins-des-patients\/\" \/>\n<meta property=\"og:site_name\" content=\"FireWare\" \/>\n<meta property=\"article:publisher\" content=\"https:\/\/www.facebook.com\/FireWareBV\/\" \/>\n<meta property=\"article:modified_time\" content=\"2025-05-28T11:47:52+00:00\" \/>\n<meta property=\"og:image\" content=\"https:\/\/www.fireware.nl\/wp-content\/uploads\/2019\/11\/017-043-109-Patient-Handling-Manikin-10.jpg\" \/>\n\t<meta property=\"og:image:width\" content=\"600\" \/>\n\t<meta property=\"og:image:height\" content=\"600\" \/>\n\t<meta property=\"og:image:type\" content=\"image\/jpeg\" \/>\n<meta name=\"twitter:card\" content=\"summary_large_image\" \/>\n<meta name=\"twitter:site\" content=\"@FireWarebv\" \/>\n<meta name=\"twitter:label1\" content=\"Dur\u00e9e de lecture estim\u00e9e\" \/>\n\t<meta name=\"twitter:data1\" content=\"3 minutes\" \/>\n<script type=\"application\/ld+json\" class=\"yoast-schema-graph\">{\"@context\":\"https:\\\/\\\/schema.org\",\"@graph\":[{\"@type\":\"WebPage\",\"@id\":\"https:\\\/\\\/www.fireware.nl\\\/fr\\\/product\\\/mannequin-soins-des-patients\\\/\",\"url\":\"https:\\\/\\\/www.fireware.nl\\\/fr\\\/product\\\/mannequin-soins-des-patients\\\/\",\"name\":\"Ruth Lee Mannequin Soins des Patients - FireWare\",\"isPartOf\":{\"@id\":\"https:\\\/\\\/www.fireware.nl\\\/fr\\\/#website\"},\"primaryImageOfPage\":{\"@id\":\"https:\\\/\\\/www.fireware.nl\\\/fr\\\/product\\\/mannequin-soins-des-patients\\\/#primaryimage\"},\"image\":{\"@id\":\"https:\\\/\\\/www.fireware.nl\\\/fr\\\/product\\\/mannequin-soins-des-patients\\\/#primaryimage\"},\"thumbnailUrl\":\"https:\\\/\\\/www.fireware.nl\\\/wp-content\\\/uploads\\\/2019\\\/11\\\/017-043-109-Patient-Handling-Manikin-10.jpg\",\"datePublished\":\"2019-11-04T14:53:24+00:00\",\"dateModified\":\"2025-05-28T11:47:52+00:00\",\"breadcrumb\":{\"@id\":\"https:\\\/\\\/www.fireware.nl\\\/fr\\\/product\\\/mannequin-soins-des-patients\\\/#breadcrumb\"},\"inLanguage\":\"fr-FR\",\"potentialAction\":[{\"@type\":\"ReadAction\",\"target\":[\"https:\\\/\\\/www.fireware.nl\\\/fr\\\/product\\\/mannequin-soins-des-patients\\\/\"]}]},{\"@type\":\"ImageObject\",\"inLanguage\":\"fr-FR\",\"@id\":\"https:\\\/\\\/www.fireware.nl\\\/fr\\\/product\\\/mannequin-soins-des-patients\\\/#primaryimage\",\"url\":\"https:\\\/\\\/www.fireware.nl\\\/wp-content\\\/uploads\\\/2019\\\/11\\\/017-043-109-Patient-Handling-Manikin-10.jpg\",\"contentUrl\":\"https:\\\/\\\/www.fireware.nl\\\/wp-content\\\/uploads\\\/2019\\\/11\\\/017-043-109-Patient-Handling-Manikin-10.jpg\",\"width\":600,\"height\":600},{\"@type\":\"BreadcrumbList\",\"@id\":\"https:\\\/\\\/www.fireware.nl\\\/fr\\\/product\\\/mannequin-soins-des-patients\\\/#breadcrumb\",\"itemListElement\":[{\"@type\":\"ListItem\",\"position\":1,\"name\":\"Home\",\"item\":\"https:\\\/\\\/www.fireware.nl\\\/fr\\\/\"},{\"@type\":\"ListItem\",\"position\":2,\"name\":\"Produits\",\"item\":\"https:\\\/\\\/www.fireware.nl\\\/fr\\\/produits\\\/\"},{\"@type\":\"ListItem\",\"position\":3,\"name\":\"Ruth Lee Mannequin Soins des Patients\"}]},{\"@type\":\"WebSite\",\"@id\":\"https:\\\/\\\/www.fireware.nl\\\/fr\\\/#website\",\"url\":\"https:\\\/\\\/www.fireware.nl\\\/fr\\\/\",\"name\":\"FireWare\",\"description\":\"CREATING REALISTIC  TRAINING ENVIRONMENTS\",\"publisher\":{\"@id\":\"https:\\\/\\\/www.fireware.nl\\\/fr\\\/#organization\"},\"potentialAction\":[{\"@type\":\"SearchAction\",\"target\":{\"@type\":\"EntryPoint\",\"urlTemplate\":\"https:\\\/\\\/www.fireware.nl\\\/fr\\\/?s={search_term_string}\"},\"query-input\":{\"@type\":\"PropertyValueSpecification\",\"valueRequired\":true,\"valueName\":\"search_term_string\"}}],\"inLanguage\":\"fr-FR\"},{\"@type\":\"Organization\",\"@id\":\"https:\\\/\\\/www.fireware.nl\\\/fr\\\/#organization\",\"name\":\"FireWare\",\"url\":\"https:\\\/\\\/www.fireware.nl\\\/fr\\\/\",\"logo\":{\"@type\":\"ImageObject\",\"inLanguage\":\"fr-FR\",\"@id\":\"https:\\\/\\\/www.fireware.nl\\\/fr\\\/#\\\/schema\\\/logo\\\/image\\\/\",\"url\":\"https:\\\/\\\/www.fireware.nl\\\/wp-content\\\/uploads\\\/2018\\\/10\\\/fireware-logo.png\",\"contentUrl\":\"https:\\\/\\\/www.fireware.nl\\\/wp-content\\\/uploads\\\/2018\\\/10\\\/fireware-logo.png\",\"width\":200,\"height\":86,\"caption\":\"FireWare\"},\"image\":{\"@id\":\"https:\\\/\\\/www.fireware.nl\\\/fr\\\/#\\\/schema\\\/logo\\\/image\\\/\"},\"sameAs\":[\"https:\\\/\\\/www.facebook.com\\\/FireWareBV\\\/\",\"https:\\\/\\\/x.com\\\/FireWarebv\",\"https:\\\/\\\/www.instagram.com\\\/fireware_nl\\\/\",\"https:\\\/\\\/www.linkedin.com\\\/company\\\/3586017\\\/\",\"https:\\\/\\\/www.youtube.com\\\/user\\\/firesalesrentconsult\"]}]}<\/script>\n<!-- \/ Yoast SEO plugin. -->","yoast_head_json":{"title":"Ruth Lee Mannequin Soins des Patients - FireWare","robots":{"index":"index","follow":"follow","max-snippet":"max-snippet:-1","max-image-preview":"max-image-preview:large","max-video-preview":"max-video-preview:-1"},"canonical":"https:\/\/www.fireware.nl\/fr\/product\/mannequin-soins-des-patients\/","og_locale":"fr_FR","og_type":"article","og_title":"Ruth Lee Mannequin Soins des Patients - FireWare","og_description":"D\u00e9velopp\u00e9 sp\u00e9cifiquement pour les exercices de plusieurs sc\u00e9narios dans le secteur des soins de sant\u00e9 Rapport r\u00e9aliste entre la longueur et le poids. Le mannequin donne l'impression d'\u00eatre un patient inconscient. Convient pour une position debout dans un lit ou dans un fauteuil roulant. Des bandes en plastique dans la partie sup\u00e9rieure de la jambe emp\u00eachent une flexion excessive lors du levage. Les bras et le bas des jambes sont d\u00e9tachables pour simuler un patient amput\u00e9. \u00c9quip\u00e9 de Velcro dans les poignets pour garder les bras ensemble et pour s'accrocher \u00e0 une potence de lit. Comprend une boucle dans le cou pour faciliter le levage et le rangement. Possibilit\u00e9 de l'utiliser avec un collier d'immobilisation. Fourni avec des pantoufles souples qui peuvent facilement \u00eatre remplac\u00e9es si elles sont endommag\u00e9es. Disponible en versions 30 ou 50 kilos.","og_url":"https:\/\/www.fireware.nl\/fr\/product\/mannequin-soins-des-patients\/","og_site_name":"FireWare","article_publisher":"https:\/\/www.facebook.com\/FireWareBV\/","article_modified_time":"2025-05-28T11:47:52+00:00","og_image":[{"width":600,"height":600,"url":"https:\/\/www.fireware.nl\/wp-content\/uploads\/2019\/11\/017-043-109-Patient-Handling-Manikin-10.jpg","type":"image\/jpeg"}],"twitter_card":"summary_large_image","twitter_site":"@FireWarebv","twitter_misc":{"Dur\u00e9e de lecture estim\u00e9e":"3 minutes"},"schema":{"@context":"https:\/\/schema.org","@graph":[{"@type":"WebPage","@id":"https:\/\/www.fireware.nl\/fr\/product\/mannequin-soins-des-patients\/","url":"https:\/\/www.fireware.nl\/fr\/product\/mannequin-soins-des-patients\/","name":"Ruth Lee Mannequin Soins des Patients - FireWare","isPartOf":{"@id":"https:\/\/www.fireware.nl\/fr\/#website"},"primaryImageOfPage":{"@id":"https:\/\/www.fireware.nl\/fr\/product\/mannequin-soins-des-patients\/#primaryimage"},"image":{"@id":"https:\/\/www.fireware.nl\/fr\/product\/mannequin-soins-des-patients\/#primaryimage"},"thumbnailUrl":"https:\/\/www.fireware.nl\/wp-content\/uploads\/2019\/11\/017-043-109-Patient-Handling-Manikin-10.jpg","datePublished":"2019-11-04T14:53:24+00:00","dateModified":"2025-05-28T11:47:52+00:00","breadcrumb":{"@id":"https:\/\/www.fireware.nl\/fr\/product\/mannequin-soins-des-patients\/#breadcrumb"},"inLanguage":"fr-FR","potentialAction":[{"@type":"ReadAction","target":["https:\/\/www.fireware.nl\/fr\/product\/mannequin-soins-des-patients\/"]}]},{"@type":"ImageObject","inLanguage":"fr-FR","@id":"https:\/\/www.fireware.nl\/fr\/product\/mannequin-soins-des-patients\/#primaryimage","url":"https:\/\/www.fireware.nl\/wp-content\/uploads\/2019\/11\/017-043-109-Patient-Handling-Manikin-10.jpg","contentUrl":"https:\/\/www.fireware.nl\/wp-content\/uploads\/2019\/11\/017-043-109-Patient-Handling-Manikin-10.jpg","width":600,"height":600},{"@type":"BreadcrumbList","@id":"https:\/\/www.fireware.nl\/fr\/product\/mannequin-soins-des-patients\/#breadcrumb","itemListElement":[{"@type":"ListItem","position":1,"name":"Home","item":"https:\/\/www.fireware.nl\/fr\/"},{"@type":"ListItem","position":2,"name":"Produits","item":"https:\/\/www.fireware.nl\/fr\/produits\/"},{"@type":"ListItem","position":3,"name":"Ruth Lee Mannequin Soins des Patients"}]},{"@type":"WebSite","@id":"https:\/\/www.fireware.nl\/fr\/#website","url":"https:\/\/www.fireware.nl\/fr\/","name":"FireWare","description":"CREATING REALISTIC  TRAINING ENVIRONMENTS","publisher":{"@id":"https:\/\/www.fireware.nl\/fr\/#organization"},"potentialAction":[{"@type":"SearchAction","target":{"@type":"EntryPoint","urlTemplate":"https:\/\/www.fireware.nl\/fr\/?s={search_term_string}"},"query-input":{"@type":"PropertyValueSpecification","valueRequired":true,"valueName":"search_term_string"}}],"inLanguage":"fr-FR"},{"@type":"Organization","@id":"https:\/\/www.fireware.nl\/fr\/#organization","name":"FireWare","url":"https:\/\/www.fireware.nl\/fr\/","logo":{"@type":"ImageObject","inLanguage":"fr-FR","@id":"https:\/\/www.fireware.nl\/fr\/#\/schema\/logo\/image\/","url":"https:\/\/www.fireware.nl\/wp-content\/uploads\/2018\/10\/fireware-logo.png","contentUrl":"https:\/\/www.fireware.nl\/wp-content\/uploads\/2018\/10\/fireware-logo.png","width":200,"height":86,"caption":"FireWare"},"image":{"@id":"https:\/\/www.fireware.nl\/fr\/#\/schema\/logo\/image\/"},"sameAs":["https:\/\/www.facebook.com\/FireWareBV\/","https:\/\/x.com\/FireWarebv","https:\/\/www.instagram.com\/fireware_nl\/","https:\/\/www.linkedin.com\/company\/3586017\/","https:\/\/www.youtube.com\/user\/firesalesrentconsult"]}]}},"publishpress_future_workflow_manual_trigger":{"enabledWorkflows":[]},"_links":{"self":[{"href":"https:\/\/www.fireware.nl\/fr\/wp-json\/wp\/v2\/product\/38597","targetHints":{"allow":["GET"]}}],"collection":[{"href":"https:\/\/www.fireware.nl\/fr\/wp-json\/wp\/v2\/product"}],"about":[{"href":"https:\/\/www.fireware.nl\/fr\/wp-json\/wp\/v2\/types\/product"}],"wp:featuredmedia":[{"embeddable":true,"href":"https:\/\/www.fireware.nl\/fr\/wp-json\/wp\/v2\/media\/63850"}],"wp:attachment":[{"href":"https:\/\/www.fireware.nl\/fr\/wp-json\/wp\/v2\/media?parent=38597"}],"wp:term":[{"taxonomy":"product_brand","embeddable":true,"href":"https:\/\/www.fireware.nl\/fr\/wp-json\/wp\/v2\/product_brand?post=38597"},{"taxonomy":"product_cat","embeddable":true,"href":"https:\/\/www.fireware.nl\/fr\/wp-json\/wp\/v2\/product_cat?post=38597"},{"taxonomy":"product_tag","embeddable":true,"href":"https:\/\/www.fireware.nl\/fr\/wp-json\/wp\/v2\/product_tag?post=38597"}],"curies":[{"name":"wp","href":"https:\/\/api.w.org\/{rel}","templated":true}]}}