
{"id":37360,"date":"2019-11-04T10:49:07","date_gmt":"2019-11-04T10:49:07","guid":{"rendered":"https:\/\/www.fireware.nl\/product\/add-on-adaptateur-haagen-flt-ht\/"},"modified":"2023-01-17T13:17:49","modified_gmt":"2023-01-17T13:17:49","slug":"add-on-adaptateur-haagen-flt-ht","status":"publish","type":"product","link":"https:\/\/www.fireware.nl\/fr\/product\/add-on-adaptateur-haagen-flt-ht\/","title":{"rendered":"Add-on Adaptateur Haagen \/ FLT \/ HT"},"content":{"rendered":"<h2>Combinez le Vesta avec les superposables comp\u00e9titives<\/h2>\n<p>Au premier abord, la barre de la transition vers un autre fournisseur de simulateur d\u2019incendie \u00a0semble haute. Au cours des ann\u00e9es, il y a eu des investissements dans des diverses superposables d\u2019un certain fournisseur pour offrir vos stagiaires des nouveaux d\u00e9fis \u00e0 chaque reprise. Par la transition vers un nouveau simulateur d\u2019incendie on risque de perdre cet investissement. L\u2019anneau adaptateur pour le FireWare Vesta \u00e9limine ce risque.<\/p>\n<h3>Le Vesta polyvalent<\/h3>\n<p>Gr\u00e2ce \u00e0 l\u2019accessoire \u00ab\u00a0Add-on Adaptateur\u00a0\u00bb pour les superposables Haagen, FLT ou HT le <a href=\"https:\/\/www.fireware.nl\/fr\/produit\/fireware-vesta\/\">Vesta<\/a> est polyvalent. Le superposable est disponible en des diverses variantes. Il suffit de placer l\u2019adaptateur sur le FireWare Vesta pour connecter les superposables comp\u00e9titives au simulateur d\u2019incendie. L\u2019accessoire \u00ab Add-on\u00a0\u00bb est fabriqu\u00e9e en inox et est livr\u00e9e dans une bo\u00eete en plastique pratique de 60 x 40 x 32,5 cm.<\/p>\n<p>Voulez vous savoir si l\u2019adaptateur est compatible avec vos superposables? Contactez nous et d\u00e9couvrez-le.<\/p>\n","protected":false},"excerpt":{"rendered":"<ul>\n<li>Adaptateur pour le <a href=\"https:\/\/www.fireware.nl\/fr\/produit\/fireware-vesta\/\">FireWare Vesta<\/a>.<\/li>\n<li>Pour pouvoir utiliser des superposables comp\u00e9titives.<\/li>\n<li>Disponible en des diverses variantes.<\/li>\n<li>Fabriqu\u00e9 en inox de haute qualit\u00e9.<\/li>\n<li>Livr\u00e9 dans une bo\u00eete en plastique pratique de 60 x 40 x 32,5 cm.<\/li>\n<\/ul>\n","protected":false},"featured_media":36827,"template":"","meta":[],"product_brand":[],"product_cat":[73],"product_tag":[],"class_list":{"0":"post-37360","1":"product","2":"type-product","3":"status-publish","4":"has-post-thumbnail","6":"product_cat-pieces-add-on-pour-simulateurs-dincendie","7":"pa_optie-adapter-flt-fr","8":"pa_optie-adapter-haagen-fr","9":"pa_optie-adapter-ht-fr","11":"first","12":"instock","13":"taxable","14":"shipping-taxable","15":"purchasable","16":"product-type-variable"},"yoast_head":"<!-- This site is optimized with the Yoast SEO plugin v27.4 - https:\/\/yoast.com\/product\/yoast-seo-wordpress\/ -->\n<title>Add-on Adaptateur Haagen \/ FLT \/ HT - FireWare<\/title>\n<meta name=\"robots\" content=\"index, follow, max-snippet:-1, max-image-preview:large, max-video-preview:-1\" \/>\n<link rel=\"canonical\" href=\"https:\/\/www.fireware.nl\/fr\/product\/add-on-adaptateur-haagen-flt-ht\/\" \/>\n<meta property=\"og:locale\" content=\"fr_FR\" \/>\n<meta property=\"og:type\" content=\"article\" \/>\n<meta property=\"og:title\" content=\"Add-on Adaptateur Haagen \/ FLT \/ HT - FireWare\" \/>\n<meta property=\"og:description\" content=\"Adaptateur pour le FireWare Vesta.  Pour pouvoir utiliser des superposables comp\u00e9titives.  Disponible en des diverses variantes.  Fabriqu\u00e9 en inox de haute qualit\u00e9.  Livr\u00e9 dans une bo\u00eete en plastique pratique de 60 x 40 x 32,5 cm.\" \/>\n<meta property=\"og:url\" content=\"https:\/\/www.fireware.nl\/fr\/product\/add-on-adaptateur-haagen-flt-ht\/\" \/>\n<meta property=\"og:site_name\" content=\"FireWare\" \/>\n<meta property=\"article:publisher\" content=\"https:\/\/www.facebook.com\/FireWareBV\/\" \/>\n<meta property=\"article:modified_time\" content=\"2023-01-17T13:17:49+00:00\" \/>\n<meta property=\"og:image\" content=\"https:\/\/www.fireware.nl\/wp-content\/uploads\/2019\/11\/049-012-019-Add-on-Adapter-Haagen.jpg\" \/>\n\t<meta property=\"og:image:width\" content=\"600\" \/>\n\t<meta property=\"og:image:height\" content=\"600\" \/>\n\t<meta property=\"og:image:type\" content=\"image\/jpeg\" \/>\n<meta name=\"twitter:card\" content=\"summary_large_image\" \/>\n<meta name=\"twitter:site\" content=\"@FireWarebv\" \/>\n<meta name=\"twitter:label1\" content=\"Dur\u00e9e de lecture estim\u00e9e\" \/>\n\t<meta name=\"twitter:data1\" content=\"1 minute\" \/>\n<script type=\"application\/ld+json\" class=\"yoast-schema-graph\">{\"@context\":\"https:\\\/\\\/schema.org\",\"@graph\":[{\"@type\":\"WebPage\",\"@id\":\"https:\\\/\\\/www.fireware.nl\\\/fr\\\/product\\\/add-on-adaptateur-haagen-flt-ht\\\/\",\"url\":\"https:\\\/\\\/www.fireware.nl\\\/fr\\\/product\\\/add-on-adaptateur-haagen-flt-ht\\\/\",\"name\":\"Add-on Adaptateur Haagen \\\/ FLT \\\/ HT - FireWare\",\"isPartOf\":{\"@id\":\"https:\\\/\\\/www.fireware.nl\\\/fr\\\/#website\"},\"primaryImageOfPage\":{\"@id\":\"https:\\\/\\\/www.fireware.nl\\\/fr\\\/product\\\/add-on-adaptateur-haagen-flt-ht\\\/#primaryimage\"},\"image\":{\"@id\":\"https:\\\/\\\/www.fireware.nl\\\/fr\\\/product\\\/add-on-adaptateur-haagen-flt-ht\\\/#primaryimage\"},\"thumbnailUrl\":\"https:\\\/\\\/www.fireware.nl\\\/wp-content\\\/uploads\\\/2019\\\/11\\\/049-012-019-Add-on-Adapter-Haagen.jpg\",\"datePublished\":\"2019-11-04T10:49:07+00:00\",\"dateModified\":\"2023-01-17T13:17:49+00:00\",\"breadcrumb\":{\"@id\":\"https:\\\/\\\/www.fireware.nl\\\/fr\\\/product\\\/add-on-adaptateur-haagen-flt-ht\\\/#breadcrumb\"},\"inLanguage\":\"fr-FR\",\"potentialAction\":[{\"@type\":\"ReadAction\",\"target\":[\"https:\\\/\\\/www.fireware.nl\\\/fr\\\/product\\\/add-on-adaptateur-haagen-flt-ht\\\/\"]}]},{\"@type\":\"ImageObject\",\"inLanguage\":\"fr-FR\",\"@id\":\"https:\\\/\\\/www.fireware.nl\\\/fr\\\/product\\\/add-on-adaptateur-haagen-flt-ht\\\/#primaryimage\",\"url\":\"https:\\\/\\\/www.fireware.nl\\\/wp-content\\\/uploads\\\/2019\\\/11\\\/049-012-019-Add-on-Adapter-Haagen.jpg\",\"contentUrl\":\"https:\\\/\\\/www.fireware.nl\\\/wp-content\\\/uploads\\\/2019\\\/11\\\/049-012-019-Add-on-Adapter-Haagen.jpg\",\"width\":600,\"height\":600},{\"@type\":\"BreadcrumbList\",\"@id\":\"https:\\\/\\\/www.fireware.nl\\\/fr\\\/product\\\/add-on-adaptateur-haagen-flt-ht\\\/#breadcrumb\",\"itemListElement\":[{\"@type\":\"ListItem\",\"position\":1,\"name\":\"Home\",\"item\":\"https:\\\/\\\/www.fireware.nl\\\/fr\\\/\"},{\"@type\":\"ListItem\",\"position\":2,\"name\":\"Produits\",\"item\":\"https:\\\/\\\/www.fireware.nl\\\/fr\\\/produits\\\/\"},{\"@type\":\"ListItem\",\"position\":3,\"name\":\"Add-on Adaptateur Haagen \\\/ FLT \\\/ HT\"}]},{\"@type\":\"WebSite\",\"@id\":\"https:\\\/\\\/www.fireware.nl\\\/fr\\\/#website\",\"url\":\"https:\\\/\\\/www.fireware.nl\\\/fr\\\/\",\"name\":\"FireWare\",\"description\":\"CREATING REALISTIC  TRAINING ENVIRONMENTS\",\"publisher\":{\"@id\":\"https:\\\/\\\/www.fireware.nl\\\/fr\\\/#organization\"},\"potentialAction\":[{\"@type\":\"SearchAction\",\"target\":{\"@type\":\"EntryPoint\",\"urlTemplate\":\"https:\\\/\\\/www.fireware.nl\\\/fr\\\/?s={search_term_string}\"},\"query-input\":{\"@type\":\"PropertyValueSpecification\",\"valueRequired\":true,\"valueName\":\"search_term_string\"}}],\"inLanguage\":\"fr-FR\"},{\"@type\":\"Organization\",\"@id\":\"https:\\\/\\\/www.fireware.nl\\\/fr\\\/#organization\",\"name\":\"FireWare\",\"url\":\"https:\\\/\\\/www.fireware.nl\\\/fr\\\/\",\"logo\":{\"@type\":\"ImageObject\",\"inLanguage\":\"fr-FR\",\"@id\":\"https:\\\/\\\/www.fireware.nl\\\/fr\\\/#\\\/schema\\\/logo\\\/image\\\/\",\"url\":\"https:\\\/\\\/www.fireware.nl\\\/wp-content\\\/uploads\\\/2018\\\/10\\\/fireware-logo.png\",\"contentUrl\":\"https:\\\/\\\/www.fireware.nl\\\/wp-content\\\/uploads\\\/2018\\\/10\\\/fireware-logo.png\",\"width\":200,\"height\":86,\"caption\":\"FireWare\"},\"image\":{\"@id\":\"https:\\\/\\\/www.fireware.nl\\\/fr\\\/#\\\/schema\\\/logo\\\/image\\\/\"},\"sameAs\":[\"https:\\\/\\\/www.facebook.com\\\/FireWareBV\\\/\",\"https:\\\/\\\/x.com\\\/FireWarebv\",\"https:\\\/\\\/www.instagram.com\\\/fireware_nl\\\/\",\"https:\\\/\\\/www.linkedin.com\\\/company\\\/3586017\\\/\",\"https:\\\/\\\/www.youtube.com\\\/user\\\/firesalesrentconsult\"]}]}<\/script>\n<!-- \/ Yoast SEO plugin. -->","yoast_head_json":{"title":"Add-on Adaptateur Haagen \/ FLT \/ HT - FireWare","robots":{"index":"index","follow":"follow","max-snippet":"max-snippet:-1","max-image-preview":"max-image-preview:large","max-video-preview":"max-video-preview:-1"},"canonical":"https:\/\/www.fireware.nl\/fr\/product\/add-on-adaptateur-haagen-flt-ht\/","og_locale":"fr_FR","og_type":"article","og_title":"Add-on Adaptateur Haagen \/ FLT \/ HT - FireWare","og_description":"Adaptateur pour le FireWare Vesta.  Pour pouvoir utiliser des superposables comp\u00e9titives.  Disponible en des diverses variantes.  Fabriqu\u00e9 en inox de haute qualit\u00e9.  Livr\u00e9 dans une bo\u00eete en plastique pratique de 60 x 40 x 32,5 cm.","og_url":"https:\/\/www.fireware.nl\/fr\/product\/add-on-adaptateur-haagen-flt-ht\/","og_site_name":"FireWare","article_publisher":"https:\/\/www.facebook.com\/FireWareBV\/","article_modified_time":"2023-01-17T13:17:49+00:00","og_image":[{"width":600,"height":600,"url":"https:\/\/www.fireware.nl\/wp-content\/uploads\/2019\/11\/049-012-019-Add-on-Adapter-Haagen.jpg","type":"image\/jpeg"}],"twitter_card":"summary_large_image","twitter_site":"@FireWarebv","twitter_misc":{"Dur\u00e9e de lecture estim\u00e9e":"1 minute"},"schema":{"@context":"https:\/\/schema.org","@graph":[{"@type":"WebPage","@id":"https:\/\/www.fireware.nl\/fr\/product\/add-on-adaptateur-haagen-flt-ht\/","url":"https:\/\/www.fireware.nl\/fr\/product\/add-on-adaptateur-haagen-flt-ht\/","name":"Add-on Adaptateur Haagen \/ FLT \/ HT - FireWare","isPartOf":{"@id":"https:\/\/www.fireware.nl\/fr\/#website"},"primaryImageOfPage":{"@id":"https:\/\/www.fireware.nl\/fr\/product\/add-on-adaptateur-haagen-flt-ht\/#primaryimage"},"image":{"@id":"https:\/\/www.fireware.nl\/fr\/product\/add-on-adaptateur-haagen-flt-ht\/#primaryimage"},"thumbnailUrl":"https:\/\/www.fireware.nl\/wp-content\/uploads\/2019\/11\/049-012-019-Add-on-Adapter-Haagen.jpg","datePublished":"2019-11-04T10:49:07+00:00","dateModified":"2023-01-17T13:17:49+00:00","breadcrumb":{"@id":"https:\/\/www.fireware.nl\/fr\/product\/add-on-adaptateur-haagen-flt-ht\/#breadcrumb"},"inLanguage":"fr-FR","potentialAction":[{"@type":"ReadAction","target":["https:\/\/www.fireware.nl\/fr\/product\/add-on-adaptateur-haagen-flt-ht\/"]}]},{"@type":"ImageObject","inLanguage":"fr-FR","@id":"https:\/\/www.fireware.nl\/fr\/product\/add-on-adaptateur-haagen-flt-ht\/#primaryimage","url":"https:\/\/www.fireware.nl\/wp-content\/uploads\/2019\/11\/049-012-019-Add-on-Adapter-Haagen.jpg","contentUrl":"https:\/\/www.fireware.nl\/wp-content\/uploads\/2019\/11\/049-012-019-Add-on-Adapter-Haagen.jpg","width":600,"height":600},{"@type":"BreadcrumbList","@id":"https:\/\/www.fireware.nl\/fr\/product\/add-on-adaptateur-haagen-flt-ht\/#breadcrumb","itemListElement":[{"@type":"ListItem","position":1,"name":"Home","item":"https:\/\/www.fireware.nl\/fr\/"},{"@type":"ListItem","position":2,"name":"Produits","item":"https:\/\/www.fireware.nl\/fr\/produits\/"},{"@type":"ListItem","position":3,"name":"Add-on Adaptateur Haagen \/ FLT \/ HT"}]},{"@type":"WebSite","@id":"https:\/\/www.fireware.nl\/fr\/#website","url":"https:\/\/www.fireware.nl\/fr\/","name":"FireWare","description":"CREATING REALISTIC  TRAINING ENVIRONMENTS","publisher":{"@id":"https:\/\/www.fireware.nl\/fr\/#organization"},"potentialAction":[{"@type":"SearchAction","target":{"@type":"EntryPoint","urlTemplate":"https:\/\/www.fireware.nl\/fr\/?s={search_term_string}"},"query-input":{"@type":"PropertyValueSpecification","valueRequired":true,"valueName":"search_term_string"}}],"inLanguage":"fr-FR"},{"@type":"Organization","@id":"https:\/\/www.fireware.nl\/fr\/#organization","name":"FireWare","url":"https:\/\/www.fireware.nl\/fr\/","logo":{"@type":"ImageObject","inLanguage":"fr-FR","@id":"https:\/\/www.fireware.nl\/fr\/#\/schema\/logo\/image\/","url":"https:\/\/www.fireware.nl\/wp-content\/uploads\/2018\/10\/fireware-logo.png","contentUrl":"https:\/\/www.fireware.nl\/wp-content\/uploads\/2018\/10\/fireware-logo.png","width":200,"height":86,"caption":"FireWare"},"image":{"@id":"https:\/\/www.fireware.nl\/fr\/#\/schema\/logo\/image\/"},"sameAs":["https:\/\/www.facebook.com\/FireWareBV\/","https:\/\/x.com\/FireWarebv","https:\/\/www.instagram.com\/fireware_nl\/","https:\/\/www.linkedin.com\/company\/3586017\/","https:\/\/www.youtube.com\/user\/firesalesrentconsult"]}]}},"publishpress_future_workflow_manual_trigger":{"enabledWorkflows":[]},"_links":{"self":[{"href":"https:\/\/www.fireware.nl\/fr\/wp-json\/wp\/v2\/product\/37360","targetHints":{"allow":["GET"]}}],"collection":[{"href":"https:\/\/www.fireware.nl\/fr\/wp-json\/wp\/v2\/product"}],"about":[{"href":"https:\/\/www.fireware.nl\/fr\/wp-json\/wp\/v2\/types\/product"}],"wp:featuredmedia":[{"embeddable":true,"href":"https:\/\/www.fireware.nl\/fr\/wp-json\/wp\/v2\/media\/36827"}],"wp:attachment":[{"href":"https:\/\/www.fireware.nl\/fr\/wp-json\/wp\/v2\/media?parent=37360"}],"wp:term":[{"taxonomy":"product_brand","embeddable":true,"href":"https:\/\/www.fireware.nl\/fr\/wp-json\/wp\/v2\/product_brand?post=37360"},{"taxonomy":"product_cat","embeddable":true,"href":"https:\/\/www.fireware.nl\/fr\/wp-json\/wp\/v2\/product_cat?post=37360"},{"taxonomy":"product_tag","embeddable":true,"href":"https:\/\/www.fireware.nl\/fr\/wp-json\/wp\/v2\/product_tag?post=37360"}],"curies":[{"name":"wp","href":"https:\/\/api.w.org\/{rel}","templated":true}]}}