
{"id":36817,"date":"2019-11-01T14:45:55","date_gmt":"2019-11-01T14:45:55","guid":{"rendered":"https:\/\/www.fireware.nl\/product\/confined-space-mannequin\/"},"modified":"2025-02-11T11:29:12","modified_gmt":"2025-02-11T11:29:12","slug":"confined-space-mannequin","status":"publish","type":"product","link":"https:\/\/www.fireware.nl\/fr\/product\/confined-space-mannequin\/","title":{"rendered":"Ruth Lee Confined Space Mannequin"},"content":{"rendered":"\n\n\t<h2>Manikins d&#8217;entra\u00eenement Ruth Lee<\/h2>\n<p>Les Manikins d&#8217;entra\u00eenement Ruth Lee sont con\u00e7ues pour un entra\u00eenement r\u00e9aliste et efficace. Ces Manikins sont reconnues pour leur durabilit\u00e9 et leur polyvalence, id\u00e9ales pour former les pompiers, les sauveteurs, les services de secours et d&#8217;autres services d&#8217;urgence. Avec les Manikins d&#8217;entra\u00eenement Ruth Lee, vous pouvez simuler des sc\u00e9narios r\u00e9alistes, pr\u00e9parant ainsi les intervenants \u00e0 de vraies situations d&#8217;urgence. La gamme comprend des poup\u00e9es pour une vari\u00e9t\u00e9 de formations et dans diff\u00e9rentes tailles et poids.<\/p>\n<h2>La mise-en-sc\u00e8ne dans une espace confin\u00e9<\/h2>\n<p>Le mannequin \u00ab\u00a0Confined Space\u00a0\u00bb a \u00e9t\u00e9 sp\u00e9cialement con\u00e7u pour la mise-en-sc\u00e8ne de sc\u00e9narios de sauvetage dans un espace confin\u00e9. Ses membres sont divisibles en des \u00e9l\u00e9ments s\u00e9par\u00e9s de 25 kilogramme au maximum, pour ainsi le rendre plus facile de positionner le mannequin dans votre scenario de sauvetage. Le Dummy a des proportions r\u00e9aliste et le poids d&#8217;un adulte qui a perdu conscience.<\/p>\n<p>La boucle plac\u00e9e dans le nuque du mannequin permet de le soulever, ranger en s\u00e9cher plus facilement. Puisque le mannequin est sp\u00e9cialement con\u00e7u pour usage dans des espace confin\u00e9s, il est assez robuste. Par exemple, le Dummy peut \u00eatre submerg\u00e9 de d\u00e9bris ou de linteaux. Ou bien simulez un accident dans lequel le mannequin est boulevers\u00e9 par un v\u00e9hicule 4&#215;4 ou bien qu&#8217;il fasse une chute \u00e0 partir du deuxi\u00e8me \u00e9tage d&#8217;un b\u00e2timent. Une autre possibilit\u00e9 c&#8217;est de cr\u00e9er un incident sale et mouill\u00e9 HAZMAT\/CBRNE. Faites pourtant attention : le mannequin r\u00e9siste bien \u00e0 l&#8217;eau, mais ne peut pas \u00eatre tremp\u00e9. Pour ce genre d&#8217;entra\u00eenements, il convient mieux de choisir <a href=\"https:\/\/www.fireware.nl\/fr\/categorie-produit\/mannequins\/mannequins-de-secourisme-dans-leau\/\">le mannequin pour les sauvetages aquatiques<\/a>.<\/p>\n<p>Outre les entra\u00eenements dans des espaces confin\u00e9s, mais ce mannequin convient \u00e9galement aux trainings des services de d\u00e9pistage et sauvetage, des accidents routiers, et des entra\u00eenements dans les montagnes ou des grottes. Le mannequin \u00ab\u00a0Confined Space\u00a0\u00bb est livr\u00e9 avec ses bottes, qui sont facilement \u00e0 remplacer en cas de dommages ou perte.<\/p>\n<h2>Voir la vid\u00e9o<\/h2>\n\t<iframe src=\"https:\/\/player.vimeo.com\/video\/451497605\" width=\"640\" height=\"360\" frameborder=\"0\" allow=\"autoplay; fullscreen\" allowfullscreen><\/iframe>\n\n","protected":false},"excerpt":{"rendered":"<ul>\n<li>Peut \u00eatre divis\u00e9 en composants individuels d&#8217;un maximum de 25 kilos.<\/li>\n<li>Les membres amovibles le rendent id\u00e9al pour les sc\u00e9narios de sauvetage dans des espaces confin\u00e9s.<\/li>\n<li>Rapport r\u00e9aliste entre taille et poids. Le mannequin se sent comme une victime inconsciente.<\/li>\n<li>Equip\u00e9 d&#8217;une boucle dans le cou pour faciliter le levage, le stockage et le s\u00e9chage.<\/li>\n<li>Tr\u00e8s robuste. R\u00e9sistant \u00e0 l&#8217;enterrement sous des linteaux de b\u00e9ton ou d&#8217;acier et r\u00e9sistant \u00e0 une chute de hauteur d&#8217;environ 4 m\u00e8tres.<\/li>\n<li>Fabriqu\u00e9 \u00e0 partir d&#8217;un mat\u00e9riau hydrofuge. Convient aux sc\u00e9narios humides ou sales tels que HAZMAT \/ CBRN.<\/li>\n<\/ul>\n","protected":false},"featured_media":36754,"template":"","meta":[],"product_brand":[],"product_cat":[209],"product_tag":[],"class_list":{"0":"post-36817","1":"product","2":"type-product","3":"status-publish","4":"has-post-thumbnail","6":"product_cat-mannequins-de-la-assistance-technique","7":"pa_gewicht-lengte-50kg-180cm-fr","9":"first","10":"instock","11":"taxable","12":"shipping-taxable","13":"purchasable","14":"product-type-simple"},"yoast_head":"<!-- This site is optimized with the Yoast SEO plugin v27.2 - https:\/\/yoast.com\/product\/yoast-seo-wordpress\/ -->\n<title>Ruth Lee Confined Space Mannequin - FireWare<\/title>\n<meta name=\"robots\" content=\"index, follow, max-snippet:-1, max-image-preview:large, max-video-preview:-1\" \/>\n<link rel=\"canonical\" href=\"https:\/\/www.fireware.nl\/fr\/product\/confined-space-mannequin\/\" \/>\n<meta property=\"og:locale\" content=\"fr_FR\" \/>\n<meta property=\"og:type\" content=\"article\" \/>\n<meta property=\"og:title\" content=\"Ruth Lee Confined Space Mannequin - FireWare\" \/>\n<meta property=\"og:description\" content=\"Peut \u00eatre divis\u00e9 en composants individuels d&#039;un maximum de 25 kilos. Les membres amovibles le rendent id\u00e9al pour les sc\u00e9narios de sauvetage dans des espaces confin\u00e9s. Rapport r\u00e9aliste entre taille et poids. Le mannequin se sent comme une victime inconsciente. Equip\u00e9 d&#039;une boucle dans le cou pour faciliter le levage, le stockage et le s\u00e9chage. Tr\u00e8s robuste. R\u00e9sistant \u00e0 l&#039;enterrement sous des linteaux de b\u00e9ton ou d&#039;acier et r\u00e9sistant \u00e0 une chute de hauteur d&#039;environ 4 m\u00e8tres. Fabriqu\u00e9 \u00e0 partir d&#039;un mat\u00e9riau hydrofuge. Convient aux sc\u00e9narios humides ou sales tels que HAZMAT \/ CBRN.\" \/>\n<meta property=\"og:url\" content=\"https:\/\/www.fireware.nl\/fr\/product\/confined-space-mannequin\/\" \/>\n<meta property=\"og:site_name\" content=\"FireWare\" \/>\n<meta property=\"article:publisher\" content=\"https:\/\/www.facebook.com\/FireWareBV\/\" \/>\n<meta property=\"article:modified_time\" content=\"2025-02-11T11:29:12+00:00\" \/>\n<meta property=\"og:image\" content=\"https:\/\/www.fireware.nl\/wp-content\/uploads\/2019\/11\/017-043-108-Confined-Space-oefenpop.jpg\" \/>\n\t<meta property=\"og:image:width\" content=\"600\" \/>\n\t<meta property=\"og:image:height\" content=\"600\" \/>\n\t<meta property=\"og:image:type\" content=\"image\/jpeg\" \/>\n<meta name=\"twitter:card\" content=\"summary_large_image\" \/>\n<meta name=\"twitter:site\" content=\"@FireWarebv\" \/>\n<meta name=\"twitter:label1\" content=\"Dur\u00e9e de lecture estim\u00e9e\" \/>\n\t<meta name=\"twitter:data1\" content=\"2 minutes\" \/>\n<script type=\"application\/ld+json\" class=\"yoast-schema-graph\">{\"@context\":\"https:\/\/schema.org\",\"@graph\":[{\"@type\":\"WebPage\",\"@id\":\"https:\/\/www.fireware.nl\/fr\/product\/confined-space-mannequin\/\",\"url\":\"https:\/\/www.fireware.nl\/fr\/product\/confined-space-mannequin\/\",\"name\":\"Ruth Lee Confined Space Mannequin - FireWare\",\"isPartOf\":{\"@id\":\"https:\/\/www.fireware.nl\/fr\/#website\"},\"primaryImageOfPage\":{\"@id\":\"https:\/\/www.fireware.nl\/fr\/product\/confined-space-mannequin\/#primaryimage\"},\"image\":{\"@id\":\"https:\/\/www.fireware.nl\/fr\/product\/confined-space-mannequin\/#primaryimage\"},\"thumbnailUrl\":\"https:\/\/www.fireware.nl\/wp-content\/uploads\/2019\/11\/017-043-108-Confined-Space-oefenpop.jpg\",\"datePublished\":\"2019-11-01T14:45:55+00:00\",\"dateModified\":\"2025-02-11T11:29:12+00:00\",\"breadcrumb\":{\"@id\":\"https:\/\/www.fireware.nl\/fr\/product\/confined-space-mannequin\/#breadcrumb\"},\"inLanguage\":\"fr-FR\",\"potentialAction\":[{\"@type\":\"ReadAction\",\"target\":[\"https:\/\/www.fireware.nl\/fr\/product\/confined-space-mannequin\/\"]}]},{\"@type\":\"ImageObject\",\"inLanguage\":\"fr-FR\",\"@id\":\"https:\/\/www.fireware.nl\/fr\/product\/confined-space-mannequin\/#primaryimage\",\"url\":\"https:\/\/www.fireware.nl\/wp-content\/uploads\/2019\/11\/017-043-108-Confined-Space-oefenpop.jpg\",\"contentUrl\":\"https:\/\/www.fireware.nl\/wp-content\/uploads\/2019\/11\/017-043-108-Confined-Space-oefenpop.jpg\",\"width\":600,\"height\":600},{\"@type\":\"BreadcrumbList\",\"@id\":\"https:\/\/www.fireware.nl\/fr\/product\/confined-space-mannequin\/#breadcrumb\",\"itemListElement\":[{\"@type\":\"ListItem\",\"position\":1,\"name\":\"Home\",\"item\":\"https:\/\/www.fireware.nl\/fr\/\"},{\"@type\":\"ListItem\",\"position\":2,\"name\":\"Produits\",\"item\":\"https:\/\/www.fireware.nl\/fr\/produits\/\"},{\"@type\":\"ListItem\",\"position\":3,\"name\":\"Ruth Lee Confined Space Mannequin\"}]},{\"@type\":\"WebSite\",\"@id\":\"https:\/\/www.fireware.nl\/fr\/#website\",\"url\":\"https:\/\/www.fireware.nl\/fr\/\",\"name\":\"FireWare\",\"description\":\"CREATING REALISTIC  TRAINING ENVIRONMENTS\",\"publisher\":{\"@id\":\"https:\/\/www.fireware.nl\/fr\/#organization\"},\"potentialAction\":[{\"@type\":\"SearchAction\",\"target\":{\"@type\":\"EntryPoint\",\"urlTemplate\":\"https:\/\/www.fireware.nl\/fr\/?s={search_term_string}\"},\"query-input\":{\"@type\":\"PropertyValueSpecification\",\"valueRequired\":true,\"valueName\":\"search_term_string\"}}],\"inLanguage\":\"fr-FR\"},{\"@type\":\"Organization\",\"@id\":\"https:\/\/www.fireware.nl\/fr\/#organization\",\"name\":\"FireWare\",\"url\":\"https:\/\/www.fireware.nl\/fr\/\",\"logo\":{\"@type\":\"ImageObject\",\"inLanguage\":\"fr-FR\",\"@id\":\"https:\/\/www.fireware.nl\/fr\/#\/schema\/logo\/image\/\",\"url\":\"https:\/\/www.fireware.nl\/wp-content\/uploads\/2018\/10\/fireware-logo.png\",\"contentUrl\":\"https:\/\/www.fireware.nl\/wp-content\/uploads\/2018\/10\/fireware-logo.png\",\"width\":200,\"height\":86,\"caption\":\"FireWare\"},\"image\":{\"@id\":\"https:\/\/www.fireware.nl\/fr\/#\/schema\/logo\/image\/\"},\"sameAs\":[\"https:\/\/www.facebook.com\/FireWareBV\/\",\"https:\/\/x.com\/FireWarebv\",\"https:\/\/www.instagram.com\/fireware_nl\/\",\"https:\/\/www.linkedin.com\/company\/3586017\/\",\"https:\/\/www.youtube.com\/user\/firesalesrentconsult\"]}]}<\/script>\n<!-- \/ Yoast SEO plugin. -->","yoast_head_json":{"title":"Ruth Lee Confined Space Mannequin - FireWare","robots":{"index":"index","follow":"follow","max-snippet":"max-snippet:-1","max-image-preview":"max-image-preview:large","max-video-preview":"max-video-preview:-1"},"canonical":"https:\/\/www.fireware.nl\/fr\/product\/confined-space-mannequin\/","og_locale":"fr_FR","og_type":"article","og_title":"Ruth Lee Confined Space Mannequin - FireWare","og_description":"Peut \u00eatre divis\u00e9 en composants individuels d'un maximum de 25 kilos. Les membres amovibles le rendent id\u00e9al pour les sc\u00e9narios de sauvetage dans des espaces confin\u00e9s. Rapport r\u00e9aliste entre taille et poids. Le mannequin se sent comme une victime inconsciente. Equip\u00e9 d'une boucle dans le cou pour faciliter le levage, le stockage et le s\u00e9chage. Tr\u00e8s robuste. R\u00e9sistant \u00e0 l'enterrement sous des linteaux de b\u00e9ton ou d'acier et r\u00e9sistant \u00e0 une chute de hauteur d'environ 4 m\u00e8tres. Fabriqu\u00e9 \u00e0 partir d'un mat\u00e9riau hydrofuge. Convient aux sc\u00e9narios humides ou sales tels que HAZMAT \/ CBRN.","og_url":"https:\/\/www.fireware.nl\/fr\/product\/confined-space-mannequin\/","og_site_name":"FireWare","article_publisher":"https:\/\/www.facebook.com\/FireWareBV\/","article_modified_time":"2025-02-11T11:29:12+00:00","og_image":[{"width":600,"height":600,"url":"https:\/\/www.fireware.nl\/wp-content\/uploads\/2019\/11\/017-043-108-Confined-Space-oefenpop.jpg","type":"image\/jpeg"}],"twitter_card":"summary_large_image","twitter_site":"@FireWarebv","twitter_misc":{"Dur\u00e9e de lecture estim\u00e9e":"2 minutes"},"schema":{"@context":"https:\/\/schema.org","@graph":[{"@type":"WebPage","@id":"https:\/\/www.fireware.nl\/fr\/product\/confined-space-mannequin\/","url":"https:\/\/www.fireware.nl\/fr\/product\/confined-space-mannequin\/","name":"Ruth Lee Confined Space Mannequin - FireWare","isPartOf":{"@id":"https:\/\/www.fireware.nl\/fr\/#website"},"primaryImageOfPage":{"@id":"https:\/\/www.fireware.nl\/fr\/product\/confined-space-mannequin\/#primaryimage"},"image":{"@id":"https:\/\/www.fireware.nl\/fr\/product\/confined-space-mannequin\/#primaryimage"},"thumbnailUrl":"https:\/\/www.fireware.nl\/wp-content\/uploads\/2019\/11\/017-043-108-Confined-Space-oefenpop.jpg","datePublished":"2019-11-01T14:45:55+00:00","dateModified":"2025-02-11T11:29:12+00:00","breadcrumb":{"@id":"https:\/\/www.fireware.nl\/fr\/product\/confined-space-mannequin\/#breadcrumb"},"inLanguage":"fr-FR","potentialAction":[{"@type":"ReadAction","target":["https:\/\/www.fireware.nl\/fr\/product\/confined-space-mannequin\/"]}]},{"@type":"ImageObject","inLanguage":"fr-FR","@id":"https:\/\/www.fireware.nl\/fr\/product\/confined-space-mannequin\/#primaryimage","url":"https:\/\/www.fireware.nl\/wp-content\/uploads\/2019\/11\/017-043-108-Confined-Space-oefenpop.jpg","contentUrl":"https:\/\/www.fireware.nl\/wp-content\/uploads\/2019\/11\/017-043-108-Confined-Space-oefenpop.jpg","width":600,"height":600},{"@type":"BreadcrumbList","@id":"https:\/\/www.fireware.nl\/fr\/product\/confined-space-mannequin\/#breadcrumb","itemListElement":[{"@type":"ListItem","position":1,"name":"Home","item":"https:\/\/www.fireware.nl\/fr\/"},{"@type":"ListItem","position":2,"name":"Produits","item":"https:\/\/www.fireware.nl\/fr\/produits\/"},{"@type":"ListItem","position":3,"name":"Ruth Lee Confined Space Mannequin"}]},{"@type":"WebSite","@id":"https:\/\/www.fireware.nl\/fr\/#website","url":"https:\/\/www.fireware.nl\/fr\/","name":"FireWare","description":"CREATING REALISTIC  TRAINING ENVIRONMENTS","publisher":{"@id":"https:\/\/www.fireware.nl\/fr\/#organization"},"potentialAction":[{"@type":"SearchAction","target":{"@type":"EntryPoint","urlTemplate":"https:\/\/www.fireware.nl\/fr\/?s={search_term_string}"},"query-input":{"@type":"PropertyValueSpecification","valueRequired":true,"valueName":"search_term_string"}}],"inLanguage":"fr-FR"},{"@type":"Organization","@id":"https:\/\/www.fireware.nl\/fr\/#organization","name":"FireWare","url":"https:\/\/www.fireware.nl\/fr\/","logo":{"@type":"ImageObject","inLanguage":"fr-FR","@id":"https:\/\/www.fireware.nl\/fr\/#\/schema\/logo\/image\/","url":"https:\/\/www.fireware.nl\/wp-content\/uploads\/2018\/10\/fireware-logo.png","contentUrl":"https:\/\/www.fireware.nl\/wp-content\/uploads\/2018\/10\/fireware-logo.png","width":200,"height":86,"caption":"FireWare"},"image":{"@id":"https:\/\/www.fireware.nl\/fr\/#\/schema\/logo\/image\/"},"sameAs":["https:\/\/www.facebook.com\/FireWareBV\/","https:\/\/x.com\/FireWarebv","https:\/\/www.instagram.com\/fireware_nl\/","https:\/\/www.linkedin.com\/company\/3586017\/","https:\/\/www.youtube.com\/user\/firesalesrentconsult"]}]}},"publishpress_future_workflow_manual_trigger":{"enabledWorkflows":[]},"_links":{"self":[{"href":"https:\/\/www.fireware.nl\/fr\/wp-json\/wp\/v2\/product\/36817","targetHints":{"allow":["GET"]}}],"collection":[{"href":"https:\/\/www.fireware.nl\/fr\/wp-json\/wp\/v2\/product"}],"about":[{"href":"https:\/\/www.fireware.nl\/fr\/wp-json\/wp\/v2\/types\/product"}],"wp:featuredmedia":[{"embeddable":true,"href":"https:\/\/www.fireware.nl\/fr\/wp-json\/wp\/v2\/media\/36754"}],"wp:attachment":[{"href":"https:\/\/www.fireware.nl\/fr\/wp-json\/wp\/v2\/media?parent=36817"}],"wp:term":[{"taxonomy":"product_brand","embeddable":true,"href":"https:\/\/www.fireware.nl\/fr\/wp-json\/wp\/v2\/product_brand?post=36817"},{"taxonomy":"product_cat","embeddable":true,"href":"https:\/\/www.fireware.nl\/fr\/wp-json\/wp\/v2\/product_cat?post=36817"},{"taxonomy":"product_tag","embeddable":true,"href":"https:\/\/www.fireware.nl\/fr\/wp-json\/wp\/v2\/product_tag?post=36817"}],"curies":[{"name":"wp","href":"https:\/\/api.w.org\/{rel}","templated":true}]}}