
{"id":35183,"date":"2019-09-10T10:32:53","date_gmt":"2019-09-10T10:32:53","guid":{"rendered":"https:\/\/www.fireware.nl\/product\/feu-diamant-nfpa-le-kit-magnetique\/"},"modified":"2021-09-30T13:28:18","modified_gmt":"2021-09-30T13:28:18","slug":"feu-diamant-nfpa-le-kit-magnetique","status":"publish","type":"product","link":"https:\/\/www.fireware.nl\/fr\/product\/feu-diamant-nfpa-le-kit-magnetique\/","title":{"rendered":"Feu Diamant (NFPA), le kit magn\u00e9tique"},"content":{"rendered":"<h2>Indiquer les dangers des substances chimiques<\/h2>\n<p>Le feu diamant, ou le NFPA-704, offre les secouristes une identification visuelle des risques en cas d\u2019incendie et de substances chimiques. C\u2019est un moyen utile pour identifier les dangers et les risques pour la sante, l\u2019incendie et la r\u00e9activit\u00e9. Plus particulier, le diamant est utile aux \u00e9quipes d\u2019intervention (pompiers) en cas de sinistre. Le diamant leur permet d\u2019identifier les risques d\u2019une substance chimique quand on fait un essai d\u2019extinction ou mieux : de d\u00e9terminer l\u2019extincteur le plus apte.<\/p>\n<p>Les secouristes doivent conna\u00eetre la signification de l\u2019\u00e9tiquetage du feu diamant. Le choix d\u2019intervention change avec la signification du feu diamant et ses chiffres. On peut par exemple penser \u00e0 placer le tableau magn\u00e9tique sur un r\u00e9servoir de gaz ou sur une pipe, tout en changeant les num\u00e9ros. Une seule mise-en-sc\u00e8ne peut alors r\u00e9sulter en des diverses interventions !<\/p>\n<p>Ce kit en 27 pi\u00e8ces est enti\u00e8rement magn\u00e9tique et comprend le diamant-m\u00eame, les chiffres 0 jusqu\u2019au 4 en jaune (instabilit\u00e9), rouge (inflammabilit\u00e9) et bleu (sant\u00e9). Les risques sp\u00e9cifiques sont marqu\u00e9s sur un fond blanc. Les tableaux du kit sont flexibles et par cons\u00e9quent, ils s\u2019adh\u00e8rent \u00e0 n\u2019importe quel surface en m\u00e9tal. Le kit est livr\u00e9 dans un caisson en plastique pour son transport et rangement.<\/p>\n","protected":false},"excerpt":{"rendered":"<ul>\n<li>Kit complet Feu Diamant NFPA 704.<\/li>\n<li>Chaque \u00e9l\u00e9ment est magn\u00e9tique.<\/li>\n<li>Empreint r\u00e9sistant aux intemp\u00e9ries.<\/li>\n<li>Caisson en plastique 40 x 30 x 8 cm inclut.<\/li>\n<\/ul>\n","protected":false},"featured_media":35158,"template":"","meta":[],"product_brand":[],"product_cat":[218],"product_tag":[],"class_list":{"0":"post-35183","1":"product","2":"type-product","3":"status-publish","4":"has-post-thumbnail","6":"product_cat-nbrce","8":"first","9":"instock","10":"taxable","11":"shipping-taxable","12":"purchasable","13":"product-type-simple"},"yoast_head":"<!-- This site is optimized with the Yoast SEO plugin v27.4 - https:\/\/yoast.com\/product\/yoast-seo-wordpress\/ -->\n<title>Feu Diamant (NFPA), le kit magn\u00e9tique - FireWare<\/title>\n<meta name=\"robots\" content=\"index, follow, max-snippet:-1, max-image-preview:large, max-video-preview:-1\" \/>\n<link rel=\"canonical\" href=\"https:\/\/www.fireware.nl\/fr\/product\/feu-diamant-nfpa-le-kit-magnetique\/\" \/>\n<meta property=\"og:locale\" content=\"fr_FR\" \/>\n<meta property=\"og:type\" content=\"article\" \/>\n<meta property=\"og:title\" content=\"Feu Diamant (NFPA), le kit magn\u00e9tique - FireWare\" \/>\n<meta property=\"og:description\" content=\"Kit complet Feu Diamant NFPA 704.  Chaque \u00e9l\u00e9ment est magn\u00e9tique.  Empreint r\u00e9sistant aux intemp\u00e9ries.  Caisson en plastique 40 x 30 x 8 cm inclut.\" \/>\n<meta property=\"og:url\" content=\"https:\/\/www.fireware.nl\/fr\/product\/feu-diamant-nfpa-le-kit-magnetique\/\" \/>\n<meta property=\"og:site_name\" content=\"FireWare\" \/>\n<meta property=\"article:publisher\" content=\"https:\/\/www.facebook.com\/FireWareBV\/\" \/>\n<meta property=\"article:modified_time\" content=\"2021-09-30T13:28:18+00:00\" \/>\n<meta property=\"og:image\" content=\"https:\/\/www.fireware.nl\/wp-content\/uploads\/2019\/09\/Gavarendiamant_1.jpg\" \/>\n\t<meta property=\"og:image:width\" content=\"600\" \/>\n\t<meta property=\"og:image:height\" content=\"600\" \/>\n\t<meta property=\"og:image:type\" content=\"image\/jpeg\" \/>\n<meta name=\"twitter:card\" content=\"summary_large_image\" \/>\n<meta name=\"twitter:site\" content=\"@FireWarebv\" \/>\n<meta name=\"twitter:label1\" content=\"Dur\u00e9e de lecture estim\u00e9e\" \/>\n\t<meta name=\"twitter:data1\" content=\"1 minute\" \/>\n<script type=\"application\/ld+json\" class=\"yoast-schema-graph\">{\"@context\":\"https:\\\/\\\/schema.org\",\"@graph\":[{\"@type\":\"WebPage\",\"@id\":\"https:\\\/\\\/www.fireware.nl\\\/fr\\\/product\\\/feu-diamant-nfpa-le-kit-magnetique\\\/\",\"url\":\"https:\\\/\\\/www.fireware.nl\\\/fr\\\/product\\\/feu-diamant-nfpa-le-kit-magnetique\\\/\",\"name\":\"Feu Diamant (NFPA), le kit magn\u00e9tique - FireWare\",\"isPartOf\":{\"@id\":\"https:\\\/\\\/www.fireware.nl\\\/fr\\\/#website\"},\"primaryImageOfPage\":{\"@id\":\"https:\\\/\\\/www.fireware.nl\\\/fr\\\/product\\\/feu-diamant-nfpa-le-kit-magnetique\\\/#primaryimage\"},\"image\":{\"@id\":\"https:\\\/\\\/www.fireware.nl\\\/fr\\\/product\\\/feu-diamant-nfpa-le-kit-magnetique\\\/#primaryimage\"},\"thumbnailUrl\":\"https:\\\/\\\/www.fireware.nl\\\/wp-content\\\/uploads\\\/2019\\\/09\\\/Gavarendiamant_1.jpg\",\"datePublished\":\"2019-09-10T10:32:53+00:00\",\"dateModified\":\"2021-09-30T13:28:18+00:00\",\"breadcrumb\":{\"@id\":\"https:\\\/\\\/www.fireware.nl\\\/fr\\\/product\\\/feu-diamant-nfpa-le-kit-magnetique\\\/#breadcrumb\"},\"inLanguage\":\"fr-FR\",\"potentialAction\":[{\"@type\":\"ReadAction\",\"target\":[\"https:\\\/\\\/www.fireware.nl\\\/fr\\\/product\\\/feu-diamant-nfpa-le-kit-magnetique\\\/\"]}]},{\"@type\":\"ImageObject\",\"inLanguage\":\"fr-FR\",\"@id\":\"https:\\\/\\\/www.fireware.nl\\\/fr\\\/product\\\/feu-diamant-nfpa-le-kit-magnetique\\\/#primaryimage\",\"url\":\"https:\\\/\\\/www.fireware.nl\\\/wp-content\\\/uploads\\\/2019\\\/09\\\/Gavarendiamant_1.jpg\",\"contentUrl\":\"https:\\\/\\\/www.fireware.nl\\\/wp-content\\\/uploads\\\/2019\\\/09\\\/Gavarendiamant_1.jpg\",\"width\":600,\"height\":600},{\"@type\":\"BreadcrumbList\",\"@id\":\"https:\\\/\\\/www.fireware.nl\\\/fr\\\/product\\\/feu-diamant-nfpa-le-kit-magnetique\\\/#breadcrumb\",\"itemListElement\":[{\"@type\":\"ListItem\",\"position\":1,\"name\":\"Home\",\"item\":\"https:\\\/\\\/www.fireware.nl\\\/fr\\\/\"},{\"@type\":\"ListItem\",\"position\":2,\"name\":\"Produits\",\"item\":\"https:\\\/\\\/www.fireware.nl\\\/fr\\\/produits\\\/\"},{\"@type\":\"ListItem\",\"position\":3,\"name\":\"Feu Diamant (NFPA), le kit magn\u00e9tique\"}]},{\"@type\":\"WebSite\",\"@id\":\"https:\\\/\\\/www.fireware.nl\\\/fr\\\/#website\",\"url\":\"https:\\\/\\\/www.fireware.nl\\\/fr\\\/\",\"name\":\"FireWare\",\"description\":\"CREATING REALISTIC  TRAINING ENVIRONMENTS\",\"publisher\":{\"@id\":\"https:\\\/\\\/www.fireware.nl\\\/fr\\\/#organization\"},\"potentialAction\":[{\"@type\":\"SearchAction\",\"target\":{\"@type\":\"EntryPoint\",\"urlTemplate\":\"https:\\\/\\\/www.fireware.nl\\\/fr\\\/?s={search_term_string}\"},\"query-input\":{\"@type\":\"PropertyValueSpecification\",\"valueRequired\":true,\"valueName\":\"search_term_string\"}}],\"inLanguage\":\"fr-FR\"},{\"@type\":\"Organization\",\"@id\":\"https:\\\/\\\/www.fireware.nl\\\/fr\\\/#organization\",\"name\":\"FireWare\",\"url\":\"https:\\\/\\\/www.fireware.nl\\\/fr\\\/\",\"logo\":{\"@type\":\"ImageObject\",\"inLanguage\":\"fr-FR\",\"@id\":\"https:\\\/\\\/www.fireware.nl\\\/fr\\\/#\\\/schema\\\/logo\\\/image\\\/\",\"url\":\"https:\\\/\\\/www.fireware.nl\\\/wp-content\\\/uploads\\\/2018\\\/10\\\/fireware-logo.png\",\"contentUrl\":\"https:\\\/\\\/www.fireware.nl\\\/wp-content\\\/uploads\\\/2018\\\/10\\\/fireware-logo.png\",\"width\":200,\"height\":86,\"caption\":\"FireWare\"},\"image\":{\"@id\":\"https:\\\/\\\/www.fireware.nl\\\/fr\\\/#\\\/schema\\\/logo\\\/image\\\/\"},\"sameAs\":[\"https:\\\/\\\/www.facebook.com\\\/FireWareBV\\\/\",\"https:\\\/\\\/x.com\\\/FireWarebv\",\"https:\\\/\\\/www.instagram.com\\\/fireware_nl\\\/\",\"https:\\\/\\\/www.linkedin.com\\\/company\\\/3586017\\\/\",\"https:\\\/\\\/www.youtube.com\\\/user\\\/firesalesrentconsult\"]}]}<\/script>\n<!-- \/ Yoast SEO plugin. -->","yoast_head_json":{"title":"Feu Diamant (NFPA), le kit magn\u00e9tique - FireWare","robots":{"index":"index","follow":"follow","max-snippet":"max-snippet:-1","max-image-preview":"max-image-preview:large","max-video-preview":"max-video-preview:-1"},"canonical":"https:\/\/www.fireware.nl\/fr\/product\/feu-diamant-nfpa-le-kit-magnetique\/","og_locale":"fr_FR","og_type":"article","og_title":"Feu Diamant (NFPA), le kit magn\u00e9tique - FireWare","og_description":"Kit complet Feu Diamant NFPA 704.  Chaque \u00e9l\u00e9ment est magn\u00e9tique.  Empreint r\u00e9sistant aux intemp\u00e9ries.  Caisson en plastique 40 x 30 x 8 cm inclut.","og_url":"https:\/\/www.fireware.nl\/fr\/product\/feu-diamant-nfpa-le-kit-magnetique\/","og_site_name":"FireWare","article_publisher":"https:\/\/www.facebook.com\/FireWareBV\/","article_modified_time":"2021-09-30T13:28:18+00:00","og_image":[{"width":600,"height":600,"url":"https:\/\/www.fireware.nl\/wp-content\/uploads\/2019\/09\/Gavarendiamant_1.jpg","type":"image\/jpeg"}],"twitter_card":"summary_large_image","twitter_site":"@FireWarebv","twitter_misc":{"Dur\u00e9e de lecture estim\u00e9e":"1 minute"},"schema":{"@context":"https:\/\/schema.org","@graph":[{"@type":"WebPage","@id":"https:\/\/www.fireware.nl\/fr\/product\/feu-diamant-nfpa-le-kit-magnetique\/","url":"https:\/\/www.fireware.nl\/fr\/product\/feu-diamant-nfpa-le-kit-magnetique\/","name":"Feu Diamant (NFPA), le kit magn\u00e9tique - FireWare","isPartOf":{"@id":"https:\/\/www.fireware.nl\/fr\/#website"},"primaryImageOfPage":{"@id":"https:\/\/www.fireware.nl\/fr\/product\/feu-diamant-nfpa-le-kit-magnetique\/#primaryimage"},"image":{"@id":"https:\/\/www.fireware.nl\/fr\/product\/feu-diamant-nfpa-le-kit-magnetique\/#primaryimage"},"thumbnailUrl":"https:\/\/www.fireware.nl\/wp-content\/uploads\/2019\/09\/Gavarendiamant_1.jpg","datePublished":"2019-09-10T10:32:53+00:00","dateModified":"2021-09-30T13:28:18+00:00","breadcrumb":{"@id":"https:\/\/www.fireware.nl\/fr\/product\/feu-diamant-nfpa-le-kit-magnetique\/#breadcrumb"},"inLanguage":"fr-FR","potentialAction":[{"@type":"ReadAction","target":["https:\/\/www.fireware.nl\/fr\/product\/feu-diamant-nfpa-le-kit-magnetique\/"]}]},{"@type":"ImageObject","inLanguage":"fr-FR","@id":"https:\/\/www.fireware.nl\/fr\/product\/feu-diamant-nfpa-le-kit-magnetique\/#primaryimage","url":"https:\/\/www.fireware.nl\/wp-content\/uploads\/2019\/09\/Gavarendiamant_1.jpg","contentUrl":"https:\/\/www.fireware.nl\/wp-content\/uploads\/2019\/09\/Gavarendiamant_1.jpg","width":600,"height":600},{"@type":"BreadcrumbList","@id":"https:\/\/www.fireware.nl\/fr\/product\/feu-diamant-nfpa-le-kit-magnetique\/#breadcrumb","itemListElement":[{"@type":"ListItem","position":1,"name":"Home","item":"https:\/\/www.fireware.nl\/fr\/"},{"@type":"ListItem","position":2,"name":"Produits","item":"https:\/\/www.fireware.nl\/fr\/produits\/"},{"@type":"ListItem","position":3,"name":"Feu Diamant (NFPA), le kit magn\u00e9tique"}]},{"@type":"WebSite","@id":"https:\/\/www.fireware.nl\/fr\/#website","url":"https:\/\/www.fireware.nl\/fr\/","name":"FireWare","description":"CREATING REALISTIC  TRAINING ENVIRONMENTS","publisher":{"@id":"https:\/\/www.fireware.nl\/fr\/#organization"},"potentialAction":[{"@type":"SearchAction","target":{"@type":"EntryPoint","urlTemplate":"https:\/\/www.fireware.nl\/fr\/?s={search_term_string}"},"query-input":{"@type":"PropertyValueSpecification","valueRequired":true,"valueName":"search_term_string"}}],"inLanguage":"fr-FR"},{"@type":"Organization","@id":"https:\/\/www.fireware.nl\/fr\/#organization","name":"FireWare","url":"https:\/\/www.fireware.nl\/fr\/","logo":{"@type":"ImageObject","inLanguage":"fr-FR","@id":"https:\/\/www.fireware.nl\/fr\/#\/schema\/logo\/image\/","url":"https:\/\/www.fireware.nl\/wp-content\/uploads\/2018\/10\/fireware-logo.png","contentUrl":"https:\/\/www.fireware.nl\/wp-content\/uploads\/2018\/10\/fireware-logo.png","width":200,"height":86,"caption":"FireWare"},"image":{"@id":"https:\/\/www.fireware.nl\/fr\/#\/schema\/logo\/image\/"},"sameAs":["https:\/\/www.facebook.com\/FireWareBV\/","https:\/\/x.com\/FireWarebv","https:\/\/www.instagram.com\/fireware_nl\/","https:\/\/www.linkedin.com\/company\/3586017\/","https:\/\/www.youtube.com\/user\/firesalesrentconsult"]}]}},"publishpress_future_workflow_manual_trigger":{"enabledWorkflows":[]},"_links":{"self":[{"href":"https:\/\/www.fireware.nl\/fr\/wp-json\/wp\/v2\/product\/35183","targetHints":{"allow":["GET"]}}],"collection":[{"href":"https:\/\/www.fireware.nl\/fr\/wp-json\/wp\/v2\/product"}],"about":[{"href":"https:\/\/www.fireware.nl\/fr\/wp-json\/wp\/v2\/types\/product"}],"wp:featuredmedia":[{"embeddable":true,"href":"https:\/\/www.fireware.nl\/fr\/wp-json\/wp\/v2\/media\/35158"}],"wp:attachment":[{"href":"https:\/\/www.fireware.nl\/fr\/wp-json\/wp\/v2\/media?parent=35183"}],"wp:term":[{"taxonomy":"product_brand","embeddable":true,"href":"https:\/\/www.fireware.nl\/fr\/wp-json\/wp\/v2\/product_brand?post=35183"},{"taxonomy":"product_cat","embeddable":true,"href":"https:\/\/www.fireware.nl\/fr\/wp-json\/wp\/v2\/product_cat?post=35183"},{"taxonomy":"product_tag","embeddable":true,"href":"https:\/\/www.fireware.nl\/fr\/wp-json\/wp\/v2\/product_tag?post=35183"}],"curies":[{"name":"wp","href":"https:\/\/api.w.org\/{rel}","templated":true}]}}