
{"id":32257,"date":"2019-09-30T08:30:45","date_gmt":"2019-09-30T08:30:45","guid":{"rendered":"https:\/\/www.fireware.nl\/product\/add-on-explosion-box\/"},"modified":"2026-01-23T14:55:54","modified_gmt":"2026-01-23T14:55:54","slug":"add-on-explosion-cage","status":"publish","type":"product","link":"https:\/\/www.fireware.nl\/fr\/product\/add-on-explosion-cage\/","title":{"rendered":"Add-on Explosion Cage"},"content":{"rendered":"\r\n<p>L\u2019Add-on Explosion Cage est un superposable pour le FireWare Vesta. L\u2019absorbeur est plac\u00e9 sur l\u2019extincteur d\u2019exercice sans effort. Cet accessoire montre l\u2019effet d\u2019un incendie sur un petit a\u00e9rosol aux stagiaires. Avertissez vos stagiaires de l\u2019explosion accompagn\u00e9e d\u2019un chalumeau!<\/p>\r\n<h2>Pas de rigolade<\/h2>\r\n<p>Il importe de veiller \u00e0 ce que des mesures de s\u00e9curit\u00e9 soient prises avant d\u2019utiliser cet Explosion Cage. Il faut par exemple enlever tout objet inflammable et mettre un extincteur dans la proximit\u00e9 de l\u2019absorbeur. Les stagiaires doivent mettre leurs lunettes de s\u00e9curit\u00e9 et garder leur distance.<\/p>\r\n<p>Enlevez le plastic exc\u00e9dentaire et mettez l\u2019a\u00e9rosol \u00e0 l\u2019envers dans l&#8217;explosion box. Attention : servez-vous uniquement de bombes sans bille, puisque les billes risquent de poser des situations dangereuses. Il importe que le Vesta soit allum\u00e9 par un professionnel qui se rend compte des risques d\u2019un a\u00e9rosol explosant.<\/p>\r\n<h2>Une forte explosion<\/h2>\r\n<p>Il y aura une forte explosion imm\u00e9diatement suite \u00e0 avoir allum\u00e9 le Vesta. \u00a0La prompte explosion alerte les stagiaires des dangers d\u2019objets inflammables. Une petite bombe peut r\u00e9sulter en des grands risques ! Apr\u00e8s la d\u00e9monstration, l\u2019a\u00e9rosol peut \u00eatre remplac\u00e9 par un nouvel exemplaire. Faites attention : le Vesta tout comme l\u2019absorbeur-m\u00eame sont chaud. Portez des gants r\u00e9sistant au feu.<\/p>\r\n<p>Le Add-on Explosion Cage convient aux a\u00e9rosols avec un contenu d\u2019au maximum 75 millilitres. Par exemple un petit a\u00e9rosol de fixatif ou d\u00e9odorant. Le superposable est livr\u00e9 dans un caisson en plastique pratique (60*40*44 cm), qui contient \u00e9galement le mode d\u2019emploi.<\/p>\r\n<h2>Regarder la vid\u00e9o<\/h2>\r\n<p><iframe src=\"https:\/\/player.vimeo.com\/video\/352720171\" width=\"640\" height=\"360\" frameborder=\"0\" allowfullscreen=\"allowfullscreen\"><\/iframe><\/p>\r\n","protected":false},"excerpt":{"rendered":"<ul>\n<li>Superposable pour le FireWare Vesta<\/li>\n<li>Aux fins de la d\u00e9monstration de l\u2019effet d\u2019un incendie sur un petit a\u00e9rosol<\/li>\n<li>Convient aux a\u00e9rosols de <strong>75 ml ou moins<\/strong><\/li>\n<li>Convient aux a\u00e9rosols <strong>sans <\/strong>bille<\/li>\n<li>Livr\u00e9 dans un caisson en plastique pour le transport (60*40*44 cm)<\/li>\n<\/ul>\n","protected":false},"featured_media":32253,"template":"","meta":[],"product_brand":[],"product_cat":[73],"product_tag":[],"class_list":{"0":"post-32257","1":"product","2":"type-product","3":"status-publish","4":"has-post-thumbnail","6":"product_cat-pieces-add-on-pour-simulateurs-dincendie","8":"first","9":"instock","10":"taxable","11":"shipping-taxable","12":"purchasable","13":"product-type-simple"},"yoast_head":"<!-- This site is optimized with the Yoast SEO plugin v27.2 - https:\/\/yoast.com\/product\/yoast-seo-wordpress\/ -->\n<title>Add-on Explosion Cage - FireWare<\/title>\n<meta name=\"robots\" content=\"index, follow, max-snippet:-1, max-image-preview:large, max-video-preview:-1\" \/>\n<link rel=\"canonical\" href=\"https:\/\/www.fireware.nl\/fr\/product\/add-on-explosion-cage\/\" \/>\n<meta property=\"og:locale\" content=\"fr_FR\" \/>\n<meta property=\"og:type\" content=\"article\" \/>\n<meta property=\"og:title\" content=\"Add-on Explosion Cage - FireWare\" \/>\n<meta property=\"og:description\" content=\"Superposable pour le FireWare Vesta Aux fins de la d\u00e9monstration de l\u2019effet d\u2019un incendie sur un petit a\u00e9rosol Convient aux a\u00e9rosols de 75 ml ou moins Convient aux a\u00e9rosols sans bille Livr\u00e9 dans un caisson en plastique pour le transport (60*40*44 cm)\" \/>\n<meta property=\"og:url\" content=\"https:\/\/www.fireware.nl\/fr\/product\/add-on-explosion-cage\/\" \/>\n<meta property=\"og:site_name\" content=\"FireWare\" \/>\n<meta property=\"article:publisher\" content=\"https:\/\/www.facebook.com\/FireWareBV\/\" \/>\n<meta property=\"article:modified_time\" content=\"2026-01-23T14:55:54+00:00\" \/>\n<meta property=\"og:image\" content=\"https:\/\/www.fireware.nl\/wp-content\/uploads\/2019\/07\/049-012-038-Add-on-Knalkorf.jpg\" \/>\n\t<meta property=\"og:image:width\" content=\"600\" \/>\n\t<meta property=\"og:image:height\" content=\"600\" \/>\n\t<meta property=\"og:image:type\" content=\"image\/jpeg\" \/>\n<meta name=\"twitter:card\" content=\"summary_large_image\" \/>\n<meta name=\"twitter:site\" content=\"@FireWarebv\" \/>\n<meta name=\"twitter:label1\" content=\"Dur\u00e9e de lecture estim\u00e9e\" \/>\n\t<meta name=\"twitter:data1\" content=\"2 minutes\" \/>\n<script type=\"application\/ld+json\" class=\"yoast-schema-graph\">{\"@context\":\"https:\/\/schema.org\",\"@graph\":[{\"@type\":\"WebPage\",\"@id\":\"https:\/\/www.fireware.nl\/fr\/product\/add-on-explosion-cage\/\",\"url\":\"https:\/\/www.fireware.nl\/fr\/product\/add-on-explosion-cage\/\",\"name\":\"Add-on Explosion Cage - FireWare\",\"isPartOf\":{\"@id\":\"https:\/\/www.fireware.nl\/fr\/#website\"},\"primaryImageOfPage\":{\"@id\":\"https:\/\/www.fireware.nl\/fr\/product\/add-on-explosion-cage\/#primaryimage\"},\"image\":{\"@id\":\"https:\/\/www.fireware.nl\/fr\/product\/add-on-explosion-cage\/#primaryimage\"},\"thumbnailUrl\":\"https:\/\/www.fireware.nl\/wp-content\/uploads\/2019\/07\/049-012-038-Add-on-Knalkorf.jpg\",\"datePublished\":\"2019-09-30T08:30:45+00:00\",\"dateModified\":\"2026-01-23T14:55:54+00:00\",\"breadcrumb\":{\"@id\":\"https:\/\/www.fireware.nl\/fr\/product\/add-on-explosion-cage\/#breadcrumb\"},\"inLanguage\":\"fr-FR\",\"potentialAction\":[{\"@type\":\"ReadAction\",\"target\":[\"https:\/\/www.fireware.nl\/fr\/product\/add-on-explosion-cage\/\"]}]},{\"@type\":\"ImageObject\",\"inLanguage\":\"fr-FR\",\"@id\":\"https:\/\/www.fireware.nl\/fr\/product\/add-on-explosion-cage\/#primaryimage\",\"url\":\"https:\/\/www.fireware.nl\/wp-content\/uploads\/2019\/07\/049-012-038-Add-on-Knalkorf.jpg\",\"contentUrl\":\"https:\/\/www.fireware.nl\/wp-content\/uploads\/2019\/07\/049-012-038-Add-on-Knalkorf.jpg\",\"width\":600,\"height\":600},{\"@type\":\"BreadcrumbList\",\"@id\":\"https:\/\/www.fireware.nl\/fr\/product\/add-on-explosion-cage\/#breadcrumb\",\"itemListElement\":[{\"@type\":\"ListItem\",\"position\":1,\"name\":\"Home\",\"item\":\"https:\/\/www.fireware.nl\/fr\/\"},{\"@type\":\"ListItem\",\"position\":2,\"name\":\"Produits\",\"item\":\"https:\/\/www.fireware.nl\/fr\/produits\/\"},{\"@type\":\"ListItem\",\"position\":3,\"name\":\"Add-on Explosion Cage\"}]},{\"@type\":\"WebSite\",\"@id\":\"https:\/\/www.fireware.nl\/fr\/#website\",\"url\":\"https:\/\/www.fireware.nl\/fr\/\",\"name\":\"FireWare\",\"description\":\"CREATING REALISTIC  TRAINING ENVIRONMENTS\",\"publisher\":{\"@id\":\"https:\/\/www.fireware.nl\/fr\/#organization\"},\"potentialAction\":[{\"@type\":\"SearchAction\",\"target\":{\"@type\":\"EntryPoint\",\"urlTemplate\":\"https:\/\/www.fireware.nl\/fr\/?s={search_term_string}\"},\"query-input\":{\"@type\":\"PropertyValueSpecification\",\"valueRequired\":true,\"valueName\":\"search_term_string\"}}],\"inLanguage\":\"fr-FR\"},{\"@type\":\"Organization\",\"@id\":\"https:\/\/www.fireware.nl\/fr\/#organization\",\"name\":\"FireWare\",\"url\":\"https:\/\/www.fireware.nl\/fr\/\",\"logo\":{\"@type\":\"ImageObject\",\"inLanguage\":\"fr-FR\",\"@id\":\"https:\/\/www.fireware.nl\/fr\/#\/schema\/logo\/image\/\",\"url\":\"https:\/\/www.fireware.nl\/wp-content\/uploads\/2018\/10\/fireware-logo.png\",\"contentUrl\":\"https:\/\/www.fireware.nl\/wp-content\/uploads\/2018\/10\/fireware-logo.png\",\"width\":200,\"height\":86,\"caption\":\"FireWare\"},\"image\":{\"@id\":\"https:\/\/www.fireware.nl\/fr\/#\/schema\/logo\/image\/\"},\"sameAs\":[\"https:\/\/www.facebook.com\/FireWareBV\/\",\"https:\/\/x.com\/FireWarebv\",\"https:\/\/www.instagram.com\/fireware_nl\/\",\"https:\/\/www.linkedin.com\/company\/3586017\/\",\"https:\/\/www.youtube.com\/user\/firesalesrentconsult\"]}]}<\/script>\n<!-- \/ Yoast SEO plugin. -->","yoast_head_json":{"title":"Add-on Explosion Cage - FireWare","robots":{"index":"index","follow":"follow","max-snippet":"max-snippet:-1","max-image-preview":"max-image-preview:large","max-video-preview":"max-video-preview:-1"},"canonical":"https:\/\/www.fireware.nl\/fr\/product\/add-on-explosion-cage\/","og_locale":"fr_FR","og_type":"article","og_title":"Add-on Explosion Cage - FireWare","og_description":"Superposable pour le FireWare Vesta Aux fins de la d\u00e9monstration de l\u2019effet d\u2019un incendie sur un petit a\u00e9rosol Convient aux a\u00e9rosols de 75 ml ou moins Convient aux a\u00e9rosols sans bille Livr\u00e9 dans un caisson en plastique pour le transport (60*40*44 cm)","og_url":"https:\/\/www.fireware.nl\/fr\/product\/add-on-explosion-cage\/","og_site_name":"FireWare","article_publisher":"https:\/\/www.facebook.com\/FireWareBV\/","article_modified_time":"2026-01-23T14:55:54+00:00","og_image":[{"width":600,"height":600,"url":"https:\/\/www.fireware.nl\/wp-content\/uploads\/2019\/07\/049-012-038-Add-on-Knalkorf.jpg","type":"image\/jpeg"}],"twitter_card":"summary_large_image","twitter_site":"@FireWarebv","twitter_misc":{"Dur\u00e9e de lecture estim\u00e9e":"2 minutes"},"schema":{"@context":"https:\/\/schema.org","@graph":[{"@type":"WebPage","@id":"https:\/\/www.fireware.nl\/fr\/product\/add-on-explosion-cage\/","url":"https:\/\/www.fireware.nl\/fr\/product\/add-on-explosion-cage\/","name":"Add-on Explosion Cage - FireWare","isPartOf":{"@id":"https:\/\/www.fireware.nl\/fr\/#website"},"primaryImageOfPage":{"@id":"https:\/\/www.fireware.nl\/fr\/product\/add-on-explosion-cage\/#primaryimage"},"image":{"@id":"https:\/\/www.fireware.nl\/fr\/product\/add-on-explosion-cage\/#primaryimage"},"thumbnailUrl":"https:\/\/www.fireware.nl\/wp-content\/uploads\/2019\/07\/049-012-038-Add-on-Knalkorf.jpg","datePublished":"2019-09-30T08:30:45+00:00","dateModified":"2026-01-23T14:55:54+00:00","breadcrumb":{"@id":"https:\/\/www.fireware.nl\/fr\/product\/add-on-explosion-cage\/#breadcrumb"},"inLanguage":"fr-FR","potentialAction":[{"@type":"ReadAction","target":["https:\/\/www.fireware.nl\/fr\/product\/add-on-explosion-cage\/"]}]},{"@type":"ImageObject","inLanguage":"fr-FR","@id":"https:\/\/www.fireware.nl\/fr\/product\/add-on-explosion-cage\/#primaryimage","url":"https:\/\/www.fireware.nl\/wp-content\/uploads\/2019\/07\/049-012-038-Add-on-Knalkorf.jpg","contentUrl":"https:\/\/www.fireware.nl\/wp-content\/uploads\/2019\/07\/049-012-038-Add-on-Knalkorf.jpg","width":600,"height":600},{"@type":"BreadcrumbList","@id":"https:\/\/www.fireware.nl\/fr\/product\/add-on-explosion-cage\/#breadcrumb","itemListElement":[{"@type":"ListItem","position":1,"name":"Home","item":"https:\/\/www.fireware.nl\/fr\/"},{"@type":"ListItem","position":2,"name":"Produits","item":"https:\/\/www.fireware.nl\/fr\/produits\/"},{"@type":"ListItem","position":3,"name":"Add-on Explosion Cage"}]},{"@type":"WebSite","@id":"https:\/\/www.fireware.nl\/fr\/#website","url":"https:\/\/www.fireware.nl\/fr\/","name":"FireWare","description":"CREATING REALISTIC  TRAINING ENVIRONMENTS","publisher":{"@id":"https:\/\/www.fireware.nl\/fr\/#organization"},"potentialAction":[{"@type":"SearchAction","target":{"@type":"EntryPoint","urlTemplate":"https:\/\/www.fireware.nl\/fr\/?s={search_term_string}"},"query-input":{"@type":"PropertyValueSpecification","valueRequired":true,"valueName":"search_term_string"}}],"inLanguage":"fr-FR"},{"@type":"Organization","@id":"https:\/\/www.fireware.nl\/fr\/#organization","name":"FireWare","url":"https:\/\/www.fireware.nl\/fr\/","logo":{"@type":"ImageObject","inLanguage":"fr-FR","@id":"https:\/\/www.fireware.nl\/fr\/#\/schema\/logo\/image\/","url":"https:\/\/www.fireware.nl\/wp-content\/uploads\/2018\/10\/fireware-logo.png","contentUrl":"https:\/\/www.fireware.nl\/wp-content\/uploads\/2018\/10\/fireware-logo.png","width":200,"height":86,"caption":"FireWare"},"image":{"@id":"https:\/\/www.fireware.nl\/fr\/#\/schema\/logo\/image\/"},"sameAs":["https:\/\/www.facebook.com\/FireWareBV\/","https:\/\/x.com\/FireWarebv","https:\/\/www.instagram.com\/fireware_nl\/","https:\/\/www.linkedin.com\/company\/3586017\/","https:\/\/www.youtube.com\/user\/firesalesrentconsult"]}]}},"publishpress_future_workflow_manual_trigger":{"enabledWorkflows":[]},"_links":{"self":[{"href":"https:\/\/www.fireware.nl\/fr\/wp-json\/wp\/v2\/product\/32257","targetHints":{"allow":["GET"]}}],"collection":[{"href":"https:\/\/www.fireware.nl\/fr\/wp-json\/wp\/v2\/product"}],"about":[{"href":"https:\/\/www.fireware.nl\/fr\/wp-json\/wp\/v2\/types\/product"}],"wp:featuredmedia":[{"embeddable":true,"href":"https:\/\/www.fireware.nl\/fr\/wp-json\/wp\/v2\/media\/32253"}],"wp:attachment":[{"href":"https:\/\/www.fireware.nl\/fr\/wp-json\/wp\/v2\/media?parent=32257"}],"wp:term":[{"taxonomy":"product_brand","embeddable":true,"href":"https:\/\/www.fireware.nl\/fr\/wp-json\/wp\/v2\/product_brand?post=32257"},{"taxonomy":"product_cat","embeddable":true,"href":"https:\/\/www.fireware.nl\/fr\/wp-json\/wp\/v2\/product_cat?post=32257"},{"taxonomy":"product_tag","embeddable":true,"href":"https:\/\/www.fireware.nl\/fr\/wp-json\/wp\/v2\/product_tag?post=32257"}],"curies":[{"name":"wp","href":"https:\/\/api.w.org\/{rel}","templated":true}]}}