
{"id":27754,"date":"2019-01-23T12:15:29","date_gmt":"2019-03-11T08:42:45","guid":{"rendered":"http:\/\/fireware.sites.hyperhosting.co\/?post_type=product&#038;p=27754"},"modified":"2024-09-09T14:49:28","modified_gmt":"2024-09-09T14:49:28","slug":"mini-fire-behaviour-trainer","status":"publish","type":"product","link":"https:\/\/www.fireware.nl\/fr\/product\/mini-fire-behaviour-trainer\/","title":{"rendered":"Mini Fire Behaviour Trainer V2"},"content":{"rendered":"\r\n<h2>Une formation sur le comportement du feu \u00e0 petite \u00e9chelle<\/h2>\r\n<p>Le Mini Fire Behaviour Trainer V2 est un mod\u00e8le r\u00e9duit en m\u00e9tal, qui aide les instructeurs \u00e0 enseigner le comportement du feu. Il s&#8217;agit d&#8217;un outil p\u00e9dagogique qui permet aux participants d&#8217;\u00e9tudier le comportement et le d\u00e9veloppement d&#8217;un incendie. Les instructeurs l&#8217;utilisent pendant des exercices impliquant la fum\u00e9e, le courant, la temp\u00e9rature et les flammes. Vous pouvez en outre utiliser un spray v\u00e9g\u00e9tal comme agent d&#8217;extinction, pour enseigner l&#8217;extinction. Pendant cette formation, une grande vari\u00e9t\u00e9 de mini-sujets peut \u00eatre abord\u00e9e.<\/p>\r\n<p>Cet outil est aliment\u00e9 au bois et poss\u00e8de un bo\u00eetier en acier inoxydable. Le produit se compose d&#8217;une chaufferie et d&#8217;une chambre de pyrolyse. Ces espaces peuvent \u00eatre s\u00e9par\u00e9s par une porte coulissante et sont chacun pourvus d&#8217;une porte ext\u00e9rieure. L&#8217;alimentation en oxyg\u00e8ne et l&#8217;\u00e9vacuation des fum\u00e9es peuvent \u00eatre r\u00e9gl\u00e9es au moyen du toit amovible sur le dessus de l&#8217;outil.<\/p>\r\n<p>La chambre de pyrolyse a une fen\u00eatre qui vous donne la possibilit\u00e9 de suivre le comportement du feu. Des supports ont \u00e9galement \u00e9t\u00e9 attach\u00e9s pour montrer le d\u00e9veloppement d&#8217;un incendie dans des espaces avec un faux plafond.<\/p>\r\n<p><iframe src=\"https:\/\/player.vimeo.com\/video\/392218992\" width=\"640\" height=\"564\" frameborder=\"0\" allowfullscreen=\"allowfullscreen\"><\/iframe><\/p>\r\n","protected":false},"excerpt":{"rendered":"<ul>\n<li>Des outils didactiques pour l&#8217;enseignement le comportement du feu. Appuie la th\u00e9orie de la lutte contre l&#8217;incendie.<\/li>\n<li>Convient pour l&#8217;entra\u00eenement avec de la fum\u00e9e, le courant, la temp\u00e9rature et les flammes.<\/li>\n<li>Pour observer toute l\u2019\u00e9volution et la mise sur pied de l\u2019incendie, et s\u2019exercer aux proc\u00e9dures de portes.<\/li>\n<li>Le simulateur est chauff\u00e9 au bois et est entour\u00e9 d\u2019un bo\u00eetier en m\u00e9tal.<\/li>\n<li>La chaufferie et la chambre de pyrolyse sont s\u00e9par\u00e9es par une porte coulissante et \u00e9quip\u00e9es d\u2019une porte ext\u00e9rieure.<\/li>\n<li>L\u2019oxyg\u00e9nation et l\u2019\u00e9vacuation de la fum\u00e9e s\u2019effectuent par le biais d\u2019un toit amovible.<\/li>\n<li>Option pour des exercices impliquant un faux plafond.<\/li>\n<\/ul>\n","protected":false},"featured_media":21003,"template":"","meta":[],"product_brand":[],"product_cat":[92],"product_tag":[],"class_list":{"0":"post-27754","1":"product","2":"type-product","3":"status-publish","4":"has-post-thumbnail","6":"product_cat-produits-de-demonstration","8":"first","9":"instock","10":"taxable","11":"shipping-taxable","12":"purchasable","13":"product-type-simple"},"yoast_head":"<!-- This site is optimized with the Yoast SEO plugin v27.4 - https:\/\/yoast.com\/product\/yoast-seo-wordpress\/ -->\n<title>Mini Fire Behaviour Trainer V2 - FireWare<\/title>\n<meta name=\"robots\" content=\"index, follow, max-snippet:-1, max-image-preview:large, max-video-preview:-1\" \/>\n<link rel=\"canonical\" href=\"https:\/\/www.fireware.nl\/fr\/product\/mini-fire-behaviour-trainer\/\" \/>\n<meta property=\"og:locale\" content=\"fr_FR\" \/>\n<meta property=\"og:type\" content=\"article\" \/>\n<meta property=\"og:title\" content=\"Mini Fire Behaviour Trainer V2 - FireWare\" \/>\n<meta property=\"og:description\" content=\"Des outils didactiques pour l&#039;enseignement le comportement du feu. Appuie la th\u00e9orie de la lutte contre l&#039;incendie. Convient pour l&#039;entra\u00eenement avec de la fum\u00e9e, le courant, la temp\u00e9rature et les flammes. Pour observer toute l\u2019\u00e9volution et la mise sur pied de l\u2019incendie, et s\u2019exercer aux proc\u00e9dures de portes. Le simulateur est chauff\u00e9 au bois et est entour\u00e9 d\u2019un bo\u00eetier en m\u00e9tal. La chaufferie et la chambre de pyrolyse sont s\u00e9par\u00e9es par une porte coulissante et \u00e9quip\u00e9es d\u2019une porte ext\u00e9rieure. L\u2019oxyg\u00e9nation et l\u2019\u00e9vacuation de la fum\u00e9e s\u2019effectuent par le biais d\u2019un toit amovible. Option pour des exercices impliquant un faux plafond.\" \/>\n<meta property=\"og:url\" content=\"https:\/\/www.fireware.nl\/fr\/product\/mini-fire-behaviour-trainer\/\" \/>\n<meta property=\"og:site_name\" content=\"FireWare\" \/>\n<meta property=\"article:publisher\" content=\"https:\/\/www.facebook.com\/FireWareBV\/\" \/>\n<meta property=\"article:modified_time\" content=\"2024-09-09T14:49:28+00:00\" \/>\n<meta property=\"og:image\" content=\"https:\/\/www.fireware.nl\/wp-content\/uploads\/2019\/01\/049-027-001-Mini-Flashover-Trainer-Voorkant-Dicht.jpg\" \/>\n\t<meta property=\"og:image:width\" content=\"600\" \/>\n\t<meta property=\"og:image:height\" content=\"600\" \/>\n\t<meta property=\"og:image:type\" content=\"image\/jpeg\" \/>\n<meta name=\"twitter:card\" content=\"summary_large_image\" \/>\n<meta name=\"twitter:site\" content=\"@FireWarebv\" \/>\n<meta name=\"twitter:label1\" content=\"Dur\u00e9e de lecture estim\u00e9e\" \/>\n\t<meta name=\"twitter:data1\" content=\"2 minutes\" \/>\n<script type=\"application\/ld+json\" class=\"yoast-schema-graph\">{\"@context\":\"https:\\\/\\\/schema.org\",\"@graph\":[{\"@type\":\"WebPage\",\"@id\":\"https:\\\/\\\/www.fireware.nl\\\/fr\\\/product\\\/mini-fire-behaviour-trainer\\\/\",\"url\":\"https:\\\/\\\/www.fireware.nl\\\/fr\\\/product\\\/mini-fire-behaviour-trainer\\\/\",\"name\":\"Mini Fire Behaviour Trainer V2 - FireWare\",\"isPartOf\":{\"@id\":\"https:\\\/\\\/www.fireware.nl\\\/fr\\\/#website\"},\"primaryImageOfPage\":{\"@id\":\"https:\\\/\\\/www.fireware.nl\\\/fr\\\/product\\\/mini-fire-behaviour-trainer\\\/#primaryimage\"},\"image\":{\"@id\":\"https:\\\/\\\/www.fireware.nl\\\/fr\\\/product\\\/mini-fire-behaviour-trainer\\\/#primaryimage\"},\"thumbnailUrl\":\"https:\\\/\\\/www.fireware.nl\\\/wp-content\\\/uploads\\\/2019\\\/01\\\/049-027-001-Mini-Flashover-Trainer-Voorkant-Dicht.jpg\",\"datePublished\":\"2019-03-11T08:42:45+00:00\",\"dateModified\":\"2024-09-09T14:49:28+00:00\",\"breadcrumb\":{\"@id\":\"https:\\\/\\\/www.fireware.nl\\\/fr\\\/product\\\/mini-fire-behaviour-trainer\\\/#breadcrumb\"},\"inLanguage\":\"fr-FR\",\"potentialAction\":[{\"@type\":\"ReadAction\",\"target\":[\"https:\\\/\\\/www.fireware.nl\\\/fr\\\/product\\\/mini-fire-behaviour-trainer\\\/\"]}]},{\"@type\":\"ImageObject\",\"inLanguage\":\"fr-FR\",\"@id\":\"https:\\\/\\\/www.fireware.nl\\\/fr\\\/product\\\/mini-fire-behaviour-trainer\\\/#primaryimage\",\"url\":\"https:\\\/\\\/www.fireware.nl\\\/wp-content\\\/uploads\\\/2019\\\/01\\\/049-027-001-Mini-Flashover-Trainer-Voorkant-Dicht.jpg\",\"contentUrl\":\"https:\\\/\\\/www.fireware.nl\\\/wp-content\\\/uploads\\\/2019\\\/01\\\/049-027-001-Mini-Flashover-Trainer-Voorkant-Dicht.jpg\",\"width\":600,\"height\":600,\"caption\":\"049-027-001 Mini Flashover Trainer Voorkant Dicht\"},{\"@type\":\"BreadcrumbList\",\"@id\":\"https:\\\/\\\/www.fireware.nl\\\/fr\\\/product\\\/mini-fire-behaviour-trainer\\\/#breadcrumb\",\"itemListElement\":[{\"@type\":\"ListItem\",\"position\":1,\"name\":\"Home\",\"item\":\"https:\\\/\\\/www.fireware.nl\\\/fr\\\/\"},{\"@type\":\"ListItem\",\"position\":2,\"name\":\"Produits\",\"item\":\"https:\\\/\\\/www.fireware.nl\\\/fr\\\/produits\\\/\"},{\"@type\":\"ListItem\",\"position\":3,\"name\":\"Mini Fire Behaviour Trainer V2\"}]},{\"@type\":\"WebSite\",\"@id\":\"https:\\\/\\\/www.fireware.nl\\\/fr\\\/#website\",\"url\":\"https:\\\/\\\/www.fireware.nl\\\/fr\\\/\",\"name\":\"FireWare\",\"description\":\"CREATING REALISTIC  TRAINING ENVIRONMENTS\",\"publisher\":{\"@id\":\"https:\\\/\\\/www.fireware.nl\\\/fr\\\/#organization\"},\"potentialAction\":[{\"@type\":\"SearchAction\",\"target\":{\"@type\":\"EntryPoint\",\"urlTemplate\":\"https:\\\/\\\/www.fireware.nl\\\/fr\\\/?s={search_term_string}\"},\"query-input\":{\"@type\":\"PropertyValueSpecification\",\"valueRequired\":true,\"valueName\":\"search_term_string\"}}],\"inLanguage\":\"fr-FR\"},{\"@type\":\"Organization\",\"@id\":\"https:\\\/\\\/www.fireware.nl\\\/fr\\\/#organization\",\"name\":\"FireWare\",\"url\":\"https:\\\/\\\/www.fireware.nl\\\/fr\\\/\",\"logo\":{\"@type\":\"ImageObject\",\"inLanguage\":\"fr-FR\",\"@id\":\"https:\\\/\\\/www.fireware.nl\\\/fr\\\/#\\\/schema\\\/logo\\\/image\\\/\",\"url\":\"https:\\\/\\\/www.fireware.nl\\\/wp-content\\\/uploads\\\/2018\\\/10\\\/fireware-logo.png\",\"contentUrl\":\"https:\\\/\\\/www.fireware.nl\\\/wp-content\\\/uploads\\\/2018\\\/10\\\/fireware-logo.png\",\"width\":200,\"height\":86,\"caption\":\"FireWare\"},\"image\":{\"@id\":\"https:\\\/\\\/www.fireware.nl\\\/fr\\\/#\\\/schema\\\/logo\\\/image\\\/\"},\"sameAs\":[\"https:\\\/\\\/www.facebook.com\\\/FireWareBV\\\/\",\"https:\\\/\\\/x.com\\\/FireWarebv\",\"https:\\\/\\\/www.instagram.com\\\/fireware_nl\\\/\",\"https:\\\/\\\/www.linkedin.com\\\/company\\\/3586017\\\/\",\"https:\\\/\\\/www.youtube.com\\\/user\\\/firesalesrentconsult\"]}]}<\/script>\n<!-- \/ Yoast SEO plugin. -->","yoast_head_json":{"title":"Mini Fire Behaviour Trainer V2 - FireWare","robots":{"index":"index","follow":"follow","max-snippet":"max-snippet:-1","max-image-preview":"max-image-preview:large","max-video-preview":"max-video-preview:-1"},"canonical":"https:\/\/www.fireware.nl\/fr\/product\/mini-fire-behaviour-trainer\/","og_locale":"fr_FR","og_type":"article","og_title":"Mini Fire Behaviour Trainer V2 - FireWare","og_description":"Des outils didactiques pour l'enseignement le comportement du feu. Appuie la th\u00e9orie de la lutte contre l'incendie. Convient pour l'entra\u00eenement avec de la fum\u00e9e, le courant, la temp\u00e9rature et les flammes. Pour observer toute l\u2019\u00e9volution et la mise sur pied de l\u2019incendie, et s\u2019exercer aux proc\u00e9dures de portes. Le simulateur est chauff\u00e9 au bois et est entour\u00e9 d\u2019un bo\u00eetier en m\u00e9tal. La chaufferie et la chambre de pyrolyse sont s\u00e9par\u00e9es par une porte coulissante et \u00e9quip\u00e9es d\u2019une porte ext\u00e9rieure. L\u2019oxyg\u00e9nation et l\u2019\u00e9vacuation de la fum\u00e9e s\u2019effectuent par le biais d\u2019un toit amovible. Option pour des exercices impliquant un faux plafond.","og_url":"https:\/\/www.fireware.nl\/fr\/product\/mini-fire-behaviour-trainer\/","og_site_name":"FireWare","article_publisher":"https:\/\/www.facebook.com\/FireWareBV\/","article_modified_time":"2024-09-09T14:49:28+00:00","og_image":[{"width":600,"height":600,"url":"https:\/\/www.fireware.nl\/wp-content\/uploads\/2019\/01\/049-027-001-Mini-Flashover-Trainer-Voorkant-Dicht.jpg","type":"image\/jpeg"}],"twitter_card":"summary_large_image","twitter_site":"@FireWarebv","twitter_misc":{"Dur\u00e9e de lecture estim\u00e9e":"2 minutes"},"schema":{"@context":"https:\/\/schema.org","@graph":[{"@type":"WebPage","@id":"https:\/\/www.fireware.nl\/fr\/product\/mini-fire-behaviour-trainer\/","url":"https:\/\/www.fireware.nl\/fr\/product\/mini-fire-behaviour-trainer\/","name":"Mini Fire Behaviour Trainer V2 - FireWare","isPartOf":{"@id":"https:\/\/www.fireware.nl\/fr\/#website"},"primaryImageOfPage":{"@id":"https:\/\/www.fireware.nl\/fr\/product\/mini-fire-behaviour-trainer\/#primaryimage"},"image":{"@id":"https:\/\/www.fireware.nl\/fr\/product\/mini-fire-behaviour-trainer\/#primaryimage"},"thumbnailUrl":"https:\/\/www.fireware.nl\/wp-content\/uploads\/2019\/01\/049-027-001-Mini-Flashover-Trainer-Voorkant-Dicht.jpg","datePublished":"2019-03-11T08:42:45+00:00","dateModified":"2024-09-09T14:49:28+00:00","breadcrumb":{"@id":"https:\/\/www.fireware.nl\/fr\/product\/mini-fire-behaviour-trainer\/#breadcrumb"},"inLanguage":"fr-FR","potentialAction":[{"@type":"ReadAction","target":["https:\/\/www.fireware.nl\/fr\/product\/mini-fire-behaviour-trainer\/"]}]},{"@type":"ImageObject","inLanguage":"fr-FR","@id":"https:\/\/www.fireware.nl\/fr\/product\/mini-fire-behaviour-trainer\/#primaryimage","url":"https:\/\/www.fireware.nl\/wp-content\/uploads\/2019\/01\/049-027-001-Mini-Flashover-Trainer-Voorkant-Dicht.jpg","contentUrl":"https:\/\/www.fireware.nl\/wp-content\/uploads\/2019\/01\/049-027-001-Mini-Flashover-Trainer-Voorkant-Dicht.jpg","width":600,"height":600,"caption":"049-027-001 Mini Flashover Trainer Voorkant Dicht"},{"@type":"BreadcrumbList","@id":"https:\/\/www.fireware.nl\/fr\/product\/mini-fire-behaviour-trainer\/#breadcrumb","itemListElement":[{"@type":"ListItem","position":1,"name":"Home","item":"https:\/\/www.fireware.nl\/fr\/"},{"@type":"ListItem","position":2,"name":"Produits","item":"https:\/\/www.fireware.nl\/fr\/produits\/"},{"@type":"ListItem","position":3,"name":"Mini Fire Behaviour Trainer V2"}]},{"@type":"WebSite","@id":"https:\/\/www.fireware.nl\/fr\/#website","url":"https:\/\/www.fireware.nl\/fr\/","name":"FireWare","description":"CREATING REALISTIC  TRAINING ENVIRONMENTS","publisher":{"@id":"https:\/\/www.fireware.nl\/fr\/#organization"},"potentialAction":[{"@type":"SearchAction","target":{"@type":"EntryPoint","urlTemplate":"https:\/\/www.fireware.nl\/fr\/?s={search_term_string}"},"query-input":{"@type":"PropertyValueSpecification","valueRequired":true,"valueName":"search_term_string"}}],"inLanguage":"fr-FR"},{"@type":"Organization","@id":"https:\/\/www.fireware.nl\/fr\/#organization","name":"FireWare","url":"https:\/\/www.fireware.nl\/fr\/","logo":{"@type":"ImageObject","inLanguage":"fr-FR","@id":"https:\/\/www.fireware.nl\/fr\/#\/schema\/logo\/image\/","url":"https:\/\/www.fireware.nl\/wp-content\/uploads\/2018\/10\/fireware-logo.png","contentUrl":"https:\/\/www.fireware.nl\/wp-content\/uploads\/2018\/10\/fireware-logo.png","width":200,"height":86,"caption":"FireWare"},"image":{"@id":"https:\/\/www.fireware.nl\/fr\/#\/schema\/logo\/image\/"},"sameAs":["https:\/\/www.facebook.com\/FireWareBV\/","https:\/\/x.com\/FireWarebv","https:\/\/www.instagram.com\/fireware_nl\/","https:\/\/www.linkedin.com\/company\/3586017\/","https:\/\/www.youtube.com\/user\/firesalesrentconsult"]}]}},"publishpress_future_workflow_manual_trigger":{"enabledWorkflows":[]},"_links":{"self":[{"href":"https:\/\/www.fireware.nl\/fr\/wp-json\/wp\/v2\/product\/27754","targetHints":{"allow":["GET"]}}],"collection":[{"href":"https:\/\/www.fireware.nl\/fr\/wp-json\/wp\/v2\/product"}],"about":[{"href":"https:\/\/www.fireware.nl\/fr\/wp-json\/wp\/v2\/types\/product"}],"wp:featuredmedia":[{"embeddable":true,"href":"https:\/\/www.fireware.nl\/fr\/wp-json\/wp\/v2\/media\/21003"}],"wp:attachment":[{"href":"https:\/\/www.fireware.nl\/fr\/wp-json\/wp\/v2\/media?parent=27754"}],"wp:term":[{"taxonomy":"product_brand","embeddable":true,"href":"https:\/\/www.fireware.nl\/fr\/wp-json\/wp\/v2\/product_brand?post=27754"},{"taxonomy":"product_cat","embeddable":true,"href":"https:\/\/www.fireware.nl\/fr\/wp-json\/wp\/v2\/product_cat?post=27754"},{"taxonomy":"product_tag","embeddable":true,"href":"https:\/\/www.fireware.nl\/fr\/wp-json\/wp\/v2\/product_tag?post=27754"}],"curies":[{"name":"wp","href":"https:\/\/api.w.org\/{rel}","templated":true}]}}