
{"id":26012,"date":"2019-02-13T14:16:10","date_gmt":"2019-02-13T14:29:01","guid":{"rendered":"http:\/\/fireware.sites.hyperhosting.co\/?post_type=product&#038;p=26012"},"modified":"2022-03-28T10:13:25","modified_gmt":"2022-03-28T10:13:25","slug":"cartouche-de-fumee-coloree","status":"publish","type":"product","link":"https:\/\/www.fireware.nl\/fr\/product\/cartouche-de-fumee-coloree\/","title":{"rendered":"Cartouche de fum\u00e9e color\u00e9e"},"content":{"rendered":"\n\n\t<h2>Id\u00e9al pour une mise-en-sc\u00e8ne \u00e0 l&#8217;ext\u00e9rieur qui demande un peu d&#8217;oumpf<\/h2>\n<p>Les cartouches de fum\u00e9e color\u00e9e d\u00e9gagent une couche de fum\u00e9e color\u00e9e \u00e9paisse dans les tout bref d\u00e9lais. Le moyen id\u00e9al pour une mise-en-sc\u00e8ne \u00e0 l&#8217;ext\u00e9rieur qui demande un peu d&#8217;oumpf. Les cartouches de fum\u00e9e color\u00e9e sont disponibles en 6 diff\u00e9rentes couleurs, \u00e0 savoir en bleu, gris, vert, jaune, orange et rouge. Le paquet contient 5 cartouches de fum\u00e9e.<\/p>\n<h2>Comment utiliser les cartouches de fum\u00e9e color\u00e9e ?<\/h2>\n<p>On peut comparer l&#8217;usage des cartouches de fum\u00e9e color\u00e9e avec l&#8217;usage d&#8217;un p\u00e9tard. On allume les cartouches de fum\u00e9e et ensuite la cartouche fume. La cartouche d\u00e9gage de la fum\u00e9e dans la couleur choisie pendant 2,5 minutes, ce qui \u00e9quivaut un volume d&#8217;environ 55 m\u00e8tres cubes. Attention, la fum\u00e9e laisse un r\u00e9sidu dans la couleur choisie. Cons\u00e9quemment, il ne convient qu&#8217;\u00e0 l&#8217;usage ext\u00e9rieur.<\/p>\n<h2>A qui cela convient, de la fum\u00e9e color\u00e9e ?<\/h2>\n<p>La fum\u00e9e color\u00e9e s&#8217;utilise de diff\u00e9rentes mani\u00e8res. La fum\u00e9e jaune par exemple peut indiquer qu&#8217;il s&#8217;agit d&#8217;une combustion chimique. De plus, la fum\u00e9e peut \u00eatre utilis\u00e9 pendant un entra\u00eenement en tant que signal pour les autres participants. La fum\u00e9e color\u00e9e peut alors \u00eatre engag\u00e9 \u00e0 des diff\u00e9rentes fins.<\/p>\n<h2>Fort et pratique<\/h2>\n<p>La cartouche de fum\u00e9e est tr\u00e8s facile \u00e0 manier. Puisqu&#8217;elle ne n\u00e9cessite pas de machine \u00e0 fum\u00e9e, la cartouche est facile \u00e0 emporter pendant un training. Pas de machines lourdes \u00e0 d\u00e9placer. Juste lancer la petite cartouche et voil\u00e0 elle commence \u00e0 d\u00e9gager de la fum\u00e9e \u00e9paisse pendant 2,5 minutes dans la couleur choisie !<\/p>\n<h2>Vid\u00e9o<\/h2>\n\t<iframe src=\"https:\/\/player.vimeo.com\/video\/330962622\" width=\"640\" height=\"360\" frameborder=\"0\" allow=\"autoplay; fullscreen\" allowfullscreen><\/iframe>\n<p><a href=\"https:\/\/vimeo.com\/330962622\">FireWare Colored Smoke Cartridges<\/a> from <a href=\"https:\/\/vimeo.com\/fireware\">FireWare<\/a> on <a href=\"https:\/\/vimeo.com\">Vimeo<\/a>.<\/p>\n\n","protected":false},"excerpt":{"rendered":"<ul>\n<li>Disponible en couleurs; bleu, gris, vert, jaune, orange et rouge<\/li>\n<li>Facile \u00e0 utiliser<\/li>\n<li>Aucune machine \u00e0 fum\u00e9e n\u00e9cessaire<\/li>\n<li>Le paquet contient 5 cartouches de fum\u00e9e.<\/li>\n<\/ul>\n","protected":false},"featured_media":49250,"template":"","meta":[],"product_brand":[],"product_cat":[2125,76,218],"product_tag":[],"class_list":{"0":"post-26012","1":"product","2":"type-product","3":"status-publish","4":"has-post-thumbnail","6":"product_cat-cartouche-de-fumee-coloree","7":"product_cat-fumee","8":"product_cat-nbrce","10":"first","11":"instock","12":"taxable","13":"shipping-taxable","14":"purchasable","15":"product-type-variable"},"yoast_head":"<!-- This site is optimized with the Yoast SEO plugin v27.4 - https:\/\/yoast.com\/product\/yoast-seo-wordpress\/ -->\n<title>Cartouche de fum\u00e9e color\u00e9e - FireWare<\/title>\n<meta name=\"robots\" content=\"index, follow, max-snippet:-1, max-image-preview:large, max-video-preview:-1\" \/>\n<link rel=\"canonical\" href=\"https:\/\/www.fireware.nl\/fr\/product\/cartouche-de-fumee-coloree\/\" \/>\n<meta property=\"og:locale\" content=\"fr_FR\" \/>\n<meta property=\"og:type\" content=\"article\" \/>\n<meta property=\"og:title\" content=\"Cartouche de fum\u00e9e color\u00e9e - FireWare\" \/>\n<meta property=\"og:description\" content=\"Disponible en couleurs; bleu, gris, vert, jaune, orange et rouge Facile \u00e0 utiliser Aucune machine \u00e0 fum\u00e9e n\u00e9cessaire Le paquet contient 5 cartouches de fum\u00e9e.\" \/>\n<meta property=\"og:url\" content=\"https:\/\/www.fireware.nl\/fr\/product\/cartouche-de-fumee-coloree\/\" \/>\n<meta property=\"og:site_name\" content=\"FireWare\" \/>\n<meta property=\"article:publisher\" content=\"https:\/\/www.facebook.com\/FireWareBV\/\" \/>\n<meta property=\"article:modified_time\" content=\"2022-03-28T10:13:25+00:00\" \/>\n<meta property=\"og:image\" content=\"https:\/\/www.fireware.nl\/wp-content\/uploads\/2019\/02\/009-006-009-Gekleurde-rookpatronen-all.jpg\" \/>\n\t<meta property=\"og:image:width\" content=\"600\" \/>\n\t<meta property=\"og:image:height\" content=\"600\" \/>\n\t<meta property=\"og:image:type\" content=\"image\/jpeg\" \/>\n<meta name=\"twitter:card\" content=\"summary_large_image\" \/>\n<meta name=\"twitter:site\" content=\"@FireWarebv\" \/>\n<meta name=\"twitter:label1\" content=\"Dur\u00e9e de lecture estim\u00e9e\" \/>\n\t<meta name=\"twitter:data1\" content=\"1 minute\" \/>\n<script type=\"application\/ld+json\" class=\"yoast-schema-graph\">{\"@context\":\"https:\\\/\\\/schema.org\",\"@graph\":[{\"@type\":\"WebPage\",\"@id\":\"https:\\\/\\\/www.fireware.nl\\\/fr\\\/product\\\/cartouche-de-fumee-coloree\\\/\",\"url\":\"https:\\\/\\\/www.fireware.nl\\\/fr\\\/product\\\/cartouche-de-fumee-coloree\\\/\",\"name\":\"Cartouche de fum\u00e9e color\u00e9e - FireWare\",\"isPartOf\":{\"@id\":\"https:\\\/\\\/www.fireware.nl\\\/fr\\\/#website\"},\"primaryImageOfPage\":{\"@id\":\"https:\\\/\\\/www.fireware.nl\\\/fr\\\/product\\\/cartouche-de-fumee-coloree\\\/#primaryimage\"},\"image\":{\"@id\":\"https:\\\/\\\/www.fireware.nl\\\/fr\\\/product\\\/cartouche-de-fumee-coloree\\\/#primaryimage\"},\"thumbnailUrl\":\"https:\\\/\\\/www.fireware.nl\\\/wp-content\\\/uploads\\\/2019\\\/02\\\/009-006-009-Gekleurde-rookpatronen-all.jpg\",\"datePublished\":\"2019-02-13T14:29:01+00:00\",\"dateModified\":\"2022-03-28T10:13:25+00:00\",\"breadcrumb\":{\"@id\":\"https:\\\/\\\/www.fireware.nl\\\/fr\\\/product\\\/cartouche-de-fumee-coloree\\\/#breadcrumb\"},\"inLanguage\":\"fr-FR\",\"potentialAction\":[{\"@type\":\"ReadAction\",\"target\":[\"https:\\\/\\\/www.fireware.nl\\\/fr\\\/product\\\/cartouche-de-fumee-coloree\\\/\"]}]},{\"@type\":\"ImageObject\",\"inLanguage\":\"fr-FR\",\"@id\":\"https:\\\/\\\/www.fireware.nl\\\/fr\\\/product\\\/cartouche-de-fumee-coloree\\\/#primaryimage\",\"url\":\"https:\\\/\\\/www.fireware.nl\\\/wp-content\\\/uploads\\\/2019\\\/02\\\/009-006-009-Gekleurde-rookpatronen-all.jpg\",\"contentUrl\":\"https:\\\/\\\/www.fireware.nl\\\/wp-content\\\/uploads\\\/2019\\\/02\\\/009-006-009-Gekleurde-rookpatronen-all.jpg\",\"width\":600,\"height\":600,\"caption\":\"Gekleurde rookpatronen\"},{\"@type\":\"BreadcrumbList\",\"@id\":\"https:\\\/\\\/www.fireware.nl\\\/fr\\\/product\\\/cartouche-de-fumee-coloree\\\/#breadcrumb\",\"itemListElement\":[{\"@type\":\"ListItem\",\"position\":1,\"name\":\"Home\",\"item\":\"https:\\\/\\\/www.fireware.nl\\\/fr\\\/\"},{\"@type\":\"ListItem\",\"position\":2,\"name\":\"Produits\",\"item\":\"https:\\\/\\\/www.fireware.nl\\\/fr\\\/produits\\\/\"},{\"@type\":\"ListItem\",\"position\":3,\"name\":\"Cartouche de fum\u00e9e color\u00e9e\"}]},{\"@type\":\"WebSite\",\"@id\":\"https:\\\/\\\/www.fireware.nl\\\/fr\\\/#website\",\"url\":\"https:\\\/\\\/www.fireware.nl\\\/fr\\\/\",\"name\":\"FireWare\",\"description\":\"CREATING REALISTIC  TRAINING ENVIRONMENTS\",\"publisher\":{\"@id\":\"https:\\\/\\\/www.fireware.nl\\\/fr\\\/#organization\"},\"potentialAction\":[{\"@type\":\"SearchAction\",\"target\":{\"@type\":\"EntryPoint\",\"urlTemplate\":\"https:\\\/\\\/www.fireware.nl\\\/fr\\\/?s={search_term_string}\"},\"query-input\":{\"@type\":\"PropertyValueSpecification\",\"valueRequired\":true,\"valueName\":\"search_term_string\"}}],\"inLanguage\":\"fr-FR\"},{\"@type\":\"Organization\",\"@id\":\"https:\\\/\\\/www.fireware.nl\\\/fr\\\/#organization\",\"name\":\"FireWare\",\"url\":\"https:\\\/\\\/www.fireware.nl\\\/fr\\\/\",\"logo\":{\"@type\":\"ImageObject\",\"inLanguage\":\"fr-FR\",\"@id\":\"https:\\\/\\\/www.fireware.nl\\\/fr\\\/#\\\/schema\\\/logo\\\/image\\\/\",\"url\":\"https:\\\/\\\/www.fireware.nl\\\/wp-content\\\/uploads\\\/2018\\\/10\\\/fireware-logo.png\",\"contentUrl\":\"https:\\\/\\\/www.fireware.nl\\\/wp-content\\\/uploads\\\/2018\\\/10\\\/fireware-logo.png\",\"width\":200,\"height\":86,\"caption\":\"FireWare\"},\"image\":{\"@id\":\"https:\\\/\\\/www.fireware.nl\\\/fr\\\/#\\\/schema\\\/logo\\\/image\\\/\"},\"sameAs\":[\"https:\\\/\\\/www.facebook.com\\\/FireWareBV\\\/\",\"https:\\\/\\\/x.com\\\/FireWarebv\",\"https:\\\/\\\/www.instagram.com\\\/fireware_nl\\\/\",\"https:\\\/\\\/www.linkedin.com\\\/company\\\/3586017\\\/\",\"https:\\\/\\\/www.youtube.com\\\/user\\\/firesalesrentconsult\"]}]}<\/script>\n<!-- \/ Yoast SEO plugin. -->","yoast_head_json":{"title":"Cartouche de fum\u00e9e color\u00e9e - FireWare","robots":{"index":"index","follow":"follow","max-snippet":"max-snippet:-1","max-image-preview":"max-image-preview:large","max-video-preview":"max-video-preview:-1"},"canonical":"https:\/\/www.fireware.nl\/fr\/product\/cartouche-de-fumee-coloree\/","og_locale":"fr_FR","og_type":"article","og_title":"Cartouche de fum\u00e9e color\u00e9e - FireWare","og_description":"Disponible en couleurs; bleu, gris, vert, jaune, orange et rouge Facile \u00e0 utiliser Aucune machine \u00e0 fum\u00e9e n\u00e9cessaire Le paquet contient 5 cartouches de fum\u00e9e.","og_url":"https:\/\/www.fireware.nl\/fr\/product\/cartouche-de-fumee-coloree\/","og_site_name":"FireWare","article_publisher":"https:\/\/www.facebook.com\/FireWareBV\/","article_modified_time":"2022-03-28T10:13:25+00:00","og_image":[{"width":600,"height":600,"url":"https:\/\/www.fireware.nl\/wp-content\/uploads\/2019\/02\/009-006-009-Gekleurde-rookpatronen-all.jpg","type":"image\/jpeg"}],"twitter_card":"summary_large_image","twitter_site":"@FireWarebv","twitter_misc":{"Dur\u00e9e de lecture estim\u00e9e":"1 minute"},"schema":{"@context":"https:\/\/schema.org","@graph":[{"@type":"WebPage","@id":"https:\/\/www.fireware.nl\/fr\/product\/cartouche-de-fumee-coloree\/","url":"https:\/\/www.fireware.nl\/fr\/product\/cartouche-de-fumee-coloree\/","name":"Cartouche de fum\u00e9e color\u00e9e - FireWare","isPartOf":{"@id":"https:\/\/www.fireware.nl\/fr\/#website"},"primaryImageOfPage":{"@id":"https:\/\/www.fireware.nl\/fr\/product\/cartouche-de-fumee-coloree\/#primaryimage"},"image":{"@id":"https:\/\/www.fireware.nl\/fr\/product\/cartouche-de-fumee-coloree\/#primaryimage"},"thumbnailUrl":"https:\/\/www.fireware.nl\/wp-content\/uploads\/2019\/02\/009-006-009-Gekleurde-rookpatronen-all.jpg","datePublished":"2019-02-13T14:29:01+00:00","dateModified":"2022-03-28T10:13:25+00:00","breadcrumb":{"@id":"https:\/\/www.fireware.nl\/fr\/product\/cartouche-de-fumee-coloree\/#breadcrumb"},"inLanguage":"fr-FR","potentialAction":[{"@type":"ReadAction","target":["https:\/\/www.fireware.nl\/fr\/product\/cartouche-de-fumee-coloree\/"]}]},{"@type":"ImageObject","inLanguage":"fr-FR","@id":"https:\/\/www.fireware.nl\/fr\/product\/cartouche-de-fumee-coloree\/#primaryimage","url":"https:\/\/www.fireware.nl\/wp-content\/uploads\/2019\/02\/009-006-009-Gekleurde-rookpatronen-all.jpg","contentUrl":"https:\/\/www.fireware.nl\/wp-content\/uploads\/2019\/02\/009-006-009-Gekleurde-rookpatronen-all.jpg","width":600,"height":600,"caption":"Gekleurde rookpatronen"},{"@type":"BreadcrumbList","@id":"https:\/\/www.fireware.nl\/fr\/product\/cartouche-de-fumee-coloree\/#breadcrumb","itemListElement":[{"@type":"ListItem","position":1,"name":"Home","item":"https:\/\/www.fireware.nl\/fr\/"},{"@type":"ListItem","position":2,"name":"Produits","item":"https:\/\/www.fireware.nl\/fr\/produits\/"},{"@type":"ListItem","position":3,"name":"Cartouche de fum\u00e9e color\u00e9e"}]},{"@type":"WebSite","@id":"https:\/\/www.fireware.nl\/fr\/#website","url":"https:\/\/www.fireware.nl\/fr\/","name":"FireWare","description":"CREATING REALISTIC  TRAINING ENVIRONMENTS","publisher":{"@id":"https:\/\/www.fireware.nl\/fr\/#organization"},"potentialAction":[{"@type":"SearchAction","target":{"@type":"EntryPoint","urlTemplate":"https:\/\/www.fireware.nl\/fr\/?s={search_term_string}"},"query-input":{"@type":"PropertyValueSpecification","valueRequired":true,"valueName":"search_term_string"}}],"inLanguage":"fr-FR"},{"@type":"Organization","@id":"https:\/\/www.fireware.nl\/fr\/#organization","name":"FireWare","url":"https:\/\/www.fireware.nl\/fr\/","logo":{"@type":"ImageObject","inLanguage":"fr-FR","@id":"https:\/\/www.fireware.nl\/fr\/#\/schema\/logo\/image\/","url":"https:\/\/www.fireware.nl\/wp-content\/uploads\/2018\/10\/fireware-logo.png","contentUrl":"https:\/\/www.fireware.nl\/wp-content\/uploads\/2018\/10\/fireware-logo.png","width":200,"height":86,"caption":"FireWare"},"image":{"@id":"https:\/\/www.fireware.nl\/fr\/#\/schema\/logo\/image\/"},"sameAs":["https:\/\/www.facebook.com\/FireWareBV\/","https:\/\/x.com\/FireWarebv","https:\/\/www.instagram.com\/fireware_nl\/","https:\/\/www.linkedin.com\/company\/3586017\/","https:\/\/www.youtube.com\/user\/firesalesrentconsult"]}]}},"publishpress_future_workflow_manual_trigger":{"enabledWorkflows":[]},"_links":{"self":[{"href":"https:\/\/www.fireware.nl\/fr\/wp-json\/wp\/v2\/product\/26012","targetHints":{"allow":["GET"]}}],"collection":[{"href":"https:\/\/www.fireware.nl\/fr\/wp-json\/wp\/v2\/product"}],"about":[{"href":"https:\/\/www.fireware.nl\/fr\/wp-json\/wp\/v2\/types\/product"}],"wp:featuredmedia":[{"embeddable":true,"href":"https:\/\/www.fireware.nl\/fr\/wp-json\/wp\/v2\/media\/49250"}],"wp:attachment":[{"href":"https:\/\/www.fireware.nl\/fr\/wp-json\/wp\/v2\/media?parent=26012"}],"wp:term":[{"taxonomy":"product_brand","embeddable":true,"href":"https:\/\/www.fireware.nl\/fr\/wp-json\/wp\/v2\/product_brand?post=26012"},{"taxonomy":"product_cat","embeddable":true,"href":"https:\/\/www.fireware.nl\/fr\/wp-json\/wp\/v2\/product_cat?post=26012"},{"taxonomy":"product_tag","embeddable":true,"href":"https:\/\/www.fireware.nl\/fr\/wp-json\/wp\/v2\/product_tag?post=26012"}],"curies":[{"name":"wp","href":"https:\/\/api.w.org\/{rel}","templated":true}]}}