
{"id":19791,"date":"2019-01-23T12:18:01","date_gmt":"2019-02-01T12:39:31","guid":{"rendered":"http:\/\/fireware.sites.hyperhosting.co\/?post_type=product&#038;p=19791"},"modified":"2021-04-13T07:16:09","modified_gmt":"2021-04-13T07:16:09","slug":"panneau-traditionnel-indicateur-de-barrage","status":"publish","type":"product","link":"https:\/\/www.fireware.nl\/fr\/produit\/panneau-traditionnel-indicateur-de-barrage\/","title":{"rendered":"Panneau Traditionnel Indicateur de Barrage"},"content":{"rendered":"<p>Le Panneau Traditionnel Indicateur de Barrage contient une certaine marque et indique que l\u2019acc\u00e8s \u00e0 un certain endroit est barr\u00e9. Ce panneau convient parfaitement \u00e0 des exercices effectu\u00e9s sur base d\u2019un arrangement. Le panneau peut aussi s\u2019utiliser lorsque on n\u2019a pas le temps ou l\u2019occasion de bloquer de fa\u00e7on r\u00e9aliste tous les acc\u00e8s \u00e0 une pi\u00e8ce.<\/p>\n<p>Le panneau d\u2019exercice contient une s\u00e9rigraphie r\u00e9sistante aux griffes et au mauvais temps, et les coins sup\u00e9rieurs du panneau sont munis de trous pour une fixation facile. 10 pi\u00e8ces faciles \u00e0 placer dans la bo\u00eete 60 * 40 * 9 cm.<\/p>\n","protected":false},"excerpt":{"rendered":"<ul>\n<li><strong>Renouvel\u00e9: Diminuer la taille (34 * 54 cm), de l\u2019emballage dans la bo\u00eete possible<\/strong><\/li>\n<li><strong>Panneau indiquant un barrage.<\/strong><\/li>\n<li>Convient aux exercices effectu\u00e9s sur base d\u2019un arrangement.<\/li>\n<li>Peut \u00eatre utilis\u00e9 dans des situations o\u00f9 un barrage r\u00e9aliste n\u2019est pas souhaitable.<\/li>\n<li>Les coins sup\u00e9rieurs sont munis de trous pour une fixation facile.<\/li>\n<li>Muni d\u2019une s\u00e9rigraphie r\u00e9sistante aux griffes et au mauvais temps.<\/li>\n<\/ul>\n","protected":false},"featured_media":50843,"template":"","meta":[],"product_brand":[],"product_cat":[241],"product_tag":[],"class_list":{"0":"post-19791","1":"product","2":"type-product","3":"status-publish","4":"has-post-thumbnail","6":"product_cat-signalisation","8":"first","9":"instock","10":"taxable","11":"shipping-taxable","12":"purchasable","13":"product-type-simple"},"yoast_head":"<!-- This site is optimized with the Yoast SEO plugin v27.4 - https:\/\/yoast.com\/product\/yoast-seo-wordpress\/ -->\n<title>Panneau Traditionnel Indicateur de Barrage - FireWare<\/title>\n<meta name=\"robots\" content=\"index, follow, max-snippet:-1, max-image-preview:large, max-video-preview:-1\" \/>\n<link rel=\"canonical\" href=\"https:\/\/www.fireware.nl\/fr\/produit\/panneau-traditionnel-indicateur-de-barrage\/\" \/>\n<meta property=\"og:locale\" content=\"fr_FR\" \/>\n<meta property=\"og:type\" content=\"article\" \/>\n<meta property=\"og:title\" content=\"Panneau Traditionnel Indicateur de Barrage - FireWare\" \/>\n<meta property=\"og:description\" content=\"Renouvel\u00e9: Diminuer la taille (34 * 54 cm), de l\u2019emballage dans la bo\u00eete possible  Panneau indiquant un barrage.  Convient aux exercices effectu\u00e9s sur base d\u2019un arrangement.  Peut \u00eatre utilis\u00e9 dans des situations o\u00f9 un barrage r\u00e9aliste n\u2019est pas souhaitable.  Les coins sup\u00e9rieurs sont munis de trous pour une fixation facile.  Muni d\u2019une s\u00e9rigraphie r\u00e9sistante aux griffes et au mauvais temps.\" \/>\n<meta property=\"og:url\" content=\"https:\/\/www.fireware.nl\/fr\/produit\/panneau-traditionnel-indicateur-de-barrage\/\" \/>\n<meta property=\"og:site_name\" content=\"FireWare\" \/>\n<meta property=\"article:publisher\" content=\"https:\/\/www.facebook.com\/FireWareBV\/\" \/>\n<meta property=\"article:modified_time\" content=\"2021-04-13T07:16:09+00:00\" \/>\n<meta property=\"og:image\" content=\"https:\/\/www.fireware.nl\/wp-content\/uploads\/2019\/01\/027-028-010-blokkeerbord.jpg\" \/>\n\t<meta property=\"og:image:width\" content=\"600\" \/>\n\t<meta property=\"og:image:height\" content=\"600\" \/>\n\t<meta property=\"og:image:type\" content=\"image\/jpeg\" \/>\n<meta name=\"twitter:card\" content=\"summary_large_image\" \/>\n<meta name=\"twitter:site\" content=\"@FireWarebv\" \/>\n<meta name=\"twitter:label1\" content=\"Dur\u00e9e de lecture estim\u00e9e\" \/>\n\t<meta name=\"twitter:data1\" content=\"1 minute\" \/>\n<script type=\"application\/ld+json\" class=\"yoast-schema-graph\">{\"@context\":\"https:\\\/\\\/schema.org\",\"@graph\":[{\"@type\":\"WebPage\",\"@id\":\"https:\\\/\\\/www.fireware.nl\\\/fr\\\/produit\\\/panneau-traditionnel-indicateur-de-barrage\\\/\",\"url\":\"https:\\\/\\\/www.fireware.nl\\\/fr\\\/produit\\\/panneau-traditionnel-indicateur-de-barrage\\\/\",\"name\":\"Panneau Traditionnel Indicateur de Barrage - FireWare\",\"isPartOf\":{\"@id\":\"https:\\\/\\\/www.fireware.nl\\\/fr\\\/#website\"},\"primaryImageOfPage\":{\"@id\":\"https:\\\/\\\/www.fireware.nl\\\/fr\\\/produit\\\/panneau-traditionnel-indicateur-de-barrage\\\/#primaryimage\"},\"image\":{\"@id\":\"https:\\\/\\\/www.fireware.nl\\\/fr\\\/produit\\\/panneau-traditionnel-indicateur-de-barrage\\\/#primaryimage\"},\"thumbnailUrl\":\"https:\\\/\\\/www.fireware.nl\\\/wp-content\\\/uploads\\\/2019\\\/01\\\/027-028-010-blokkeerbord.jpg\",\"datePublished\":\"2019-02-01T12:39:31+00:00\",\"dateModified\":\"2021-04-13T07:16:09+00:00\",\"breadcrumb\":{\"@id\":\"https:\\\/\\\/www.fireware.nl\\\/fr\\\/produit\\\/panneau-traditionnel-indicateur-de-barrage\\\/#breadcrumb\"},\"inLanguage\":\"fr-FR\",\"potentialAction\":[{\"@type\":\"ReadAction\",\"target\":[\"https:\\\/\\\/www.fireware.nl\\\/fr\\\/produit\\\/panneau-traditionnel-indicateur-de-barrage\\\/\"]}]},{\"@type\":\"ImageObject\",\"inLanguage\":\"fr-FR\",\"@id\":\"https:\\\/\\\/www.fireware.nl\\\/fr\\\/produit\\\/panneau-traditionnel-indicateur-de-barrage\\\/#primaryimage\",\"url\":\"https:\\\/\\\/www.fireware.nl\\\/wp-content\\\/uploads\\\/2019\\\/01\\\/027-028-010-blokkeerbord.jpg\",\"contentUrl\":\"https:\\\/\\\/www.fireware.nl\\\/wp-content\\\/uploads\\\/2019\\\/01\\\/027-028-010-blokkeerbord.jpg\",\"width\":600,\"height\":600},{\"@type\":\"BreadcrumbList\",\"@id\":\"https:\\\/\\\/www.fireware.nl\\\/fr\\\/produit\\\/panneau-traditionnel-indicateur-de-barrage\\\/#breadcrumb\",\"itemListElement\":[{\"@type\":\"ListItem\",\"position\":1,\"name\":\"Home\",\"item\":\"https:\\\/\\\/www.fireware.nl\\\/fr\\\/\"},{\"@type\":\"ListItem\",\"position\":2,\"name\":\"Produits\",\"item\":\"https:\\\/\\\/www.fireware.nl\\\/fr\\\/produits\\\/\"},{\"@type\":\"ListItem\",\"position\":3,\"name\":\"Panneau Traditionnel Indicateur de Barrage\"}]},{\"@type\":\"WebSite\",\"@id\":\"https:\\\/\\\/www.fireware.nl\\\/fr\\\/#website\",\"url\":\"https:\\\/\\\/www.fireware.nl\\\/fr\\\/\",\"name\":\"FireWare\",\"description\":\"CREATING REALISTIC  TRAINING ENVIRONMENTS\",\"publisher\":{\"@id\":\"https:\\\/\\\/www.fireware.nl\\\/fr\\\/#organization\"},\"potentialAction\":[{\"@type\":\"SearchAction\",\"target\":{\"@type\":\"EntryPoint\",\"urlTemplate\":\"https:\\\/\\\/www.fireware.nl\\\/fr\\\/?s={search_term_string}\"},\"query-input\":{\"@type\":\"PropertyValueSpecification\",\"valueRequired\":true,\"valueName\":\"search_term_string\"}}],\"inLanguage\":\"fr-FR\"},{\"@type\":\"Organization\",\"@id\":\"https:\\\/\\\/www.fireware.nl\\\/fr\\\/#organization\",\"name\":\"FireWare\",\"url\":\"https:\\\/\\\/www.fireware.nl\\\/fr\\\/\",\"logo\":{\"@type\":\"ImageObject\",\"inLanguage\":\"fr-FR\",\"@id\":\"https:\\\/\\\/www.fireware.nl\\\/fr\\\/#\\\/schema\\\/logo\\\/image\\\/\",\"url\":\"https:\\\/\\\/www.fireware.nl\\\/wp-content\\\/uploads\\\/2018\\\/10\\\/fireware-logo.png\",\"contentUrl\":\"https:\\\/\\\/www.fireware.nl\\\/wp-content\\\/uploads\\\/2018\\\/10\\\/fireware-logo.png\",\"width\":200,\"height\":86,\"caption\":\"FireWare\"},\"image\":{\"@id\":\"https:\\\/\\\/www.fireware.nl\\\/fr\\\/#\\\/schema\\\/logo\\\/image\\\/\"},\"sameAs\":[\"https:\\\/\\\/www.facebook.com\\\/FireWareBV\\\/\",\"https:\\\/\\\/x.com\\\/FireWarebv\",\"https:\\\/\\\/www.instagram.com\\\/fireware_nl\\\/\",\"https:\\\/\\\/www.linkedin.com\\\/company\\\/3586017\\\/\",\"https:\\\/\\\/www.youtube.com\\\/user\\\/firesalesrentconsult\"]}]}<\/script>\n<!-- \/ Yoast SEO plugin. -->","yoast_head_json":{"title":"Panneau Traditionnel Indicateur de Barrage - FireWare","robots":{"index":"index","follow":"follow","max-snippet":"max-snippet:-1","max-image-preview":"max-image-preview:large","max-video-preview":"max-video-preview:-1"},"canonical":"https:\/\/www.fireware.nl\/fr\/produit\/panneau-traditionnel-indicateur-de-barrage\/","og_locale":"fr_FR","og_type":"article","og_title":"Panneau Traditionnel Indicateur de Barrage - FireWare","og_description":"Renouvel\u00e9: Diminuer la taille (34 * 54 cm), de l\u2019emballage dans la bo\u00eete possible  Panneau indiquant un barrage.  Convient aux exercices effectu\u00e9s sur base d\u2019un arrangement.  Peut \u00eatre utilis\u00e9 dans des situations o\u00f9 un barrage r\u00e9aliste n\u2019est pas souhaitable.  Les coins sup\u00e9rieurs sont munis de trous pour une fixation facile.  Muni d\u2019une s\u00e9rigraphie r\u00e9sistante aux griffes et au mauvais temps.","og_url":"https:\/\/www.fireware.nl\/fr\/produit\/panneau-traditionnel-indicateur-de-barrage\/","og_site_name":"FireWare","article_publisher":"https:\/\/www.facebook.com\/FireWareBV\/","article_modified_time":"2021-04-13T07:16:09+00:00","og_image":[{"width":600,"height":600,"url":"https:\/\/www.fireware.nl\/wp-content\/uploads\/2019\/01\/027-028-010-blokkeerbord.jpg","type":"image\/jpeg"}],"twitter_card":"summary_large_image","twitter_site":"@FireWarebv","twitter_misc":{"Dur\u00e9e de lecture estim\u00e9e":"1 minute"},"schema":{"@context":"https:\/\/schema.org","@graph":[{"@type":"WebPage","@id":"https:\/\/www.fireware.nl\/fr\/produit\/panneau-traditionnel-indicateur-de-barrage\/","url":"https:\/\/www.fireware.nl\/fr\/produit\/panneau-traditionnel-indicateur-de-barrage\/","name":"Panneau Traditionnel Indicateur de Barrage - FireWare","isPartOf":{"@id":"https:\/\/www.fireware.nl\/fr\/#website"},"primaryImageOfPage":{"@id":"https:\/\/www.fireware.nl\/fr\/produit\/panneau-traditionnel-indicateur-de-barrage\/#primaryimage"},"image":{"@id":"https:\/\/www.fireware.nl\/fr\/produit\/panneau-traditionnel-indicateur-de-barrage\/#primaryimage"},"thumbnailUrl":"https:\/\/www.fireware.nl\/wp-content\/uploads\/2019\/01\/027-028-010-blokkeerbord.jpg","datePublished":"2019-02-01T12:39:31+00:00","dateModified":"2021-04-13T07:16:09+00:00","breadcrumb":{"@id":"https:\/\/www.fireware.nl\/fr\/produit\/panneau-traditionnel-indicateur-de-barrage\/#breadcrumb"},"inLanguage":"fr-FR","potentialAction":[{"@type":"ReadAction","target":["https:\/\/www.fireware.nl\/fr\/produit\/panneau-traditionnel-indicateur-de-barrage\/"]}]},{"@type":"ImageObject","inLanguage":"fr-FR","@id":"https:\/\/www.fireware.nl\/fr\/produit\/panneau-traditionnel-indicateur-de-barrage\/#primaryimage","url":"https:\/\/www.fireware.nl\/wp-content\/uploads\/2019\/01\/027-028-010-blokkeerbord.jpg","contentUrl":"https:\/\/www.fireware.nl\/wp-content\/uploads\/2019\/01\/027-028-010-blokkeerbord.jpg","width":600,"height":600},{"@type":"BreadcrumbList","@id":"https:\/\/www.fireware.nl\/fr\/produit\/panneau-traditionnel-indicateur-de-barrage\/#breadcrumb","itemListElement":[{"@type":"ListItem","position":1,"name":"Home","item":"https:\/\/www.fireware.nl\/fr\/"},{"@type":"ListItem","position":2,"name":"Produits","item":"https:\/\/www.fireware.nl\/fr\/produits\/"},{"@type":"ListItem","position":3,"name":"Panneau Traditionnel Indicateur de Barrage"}]},{"@type":"WebSite","@id":"https:\/\/www.fireware.nl\/fr\/#website","url":"https:\/\/www.fireware.nl\/fr\/","name":"FireWare","description":"CREATING REALISTIC  TRAINING ENVIRONMENTS","publisher":{"@id":"https:\/\/www.fireware.nl\/fr\/#organization"},"potentialAction":[{"@type":"SearchAction","target":{"@type":"EntryPoint","urlTemplate":"https:\/\/www.fireware.nl\/fr\/?s={search_term_string}"},"query-input":{"@type":"PropertyValueSpecification","valueRequired":true,"valueName":"search_term_string"}}],"inLanguage":"fr-FR"},{"@type":"Organization","@id":"https:\/\/www.fireware.nl\/fr\/#organization","name":"FireWare","url":"https:\/\/www.fireware.nl\/fr\/","logo":{"@type":"ImageObject","inLanguage":"fr-FR","@id":"https:\/\/www.fireware.nl\/fr\/#\/schema\/logo\/image\/","url":"https:\/\/www.fireware.nl\/wp-content\/uploads\/2018\/10\/fireware-logo.png","contentUrl":"https:\/\/www.fireware.nl\/wp-content\/uploads\/2018\/10\/fireware-logo.png","width":200,"height":86,"caption":"FireWare"},"image":{"@id":"https:\/\/www.fireware.nl\/fr\/#\/schema\/logo\/image\/"},"sameAs":["https:\/\/www.facebook.com\/FireWareBV\/","https:\/\/x.com\/FireWarebv","https:\/\/www.instagram.com\/fireware_nl\/","https:\/\/www.linkedin.com\/company\/3586017\/","https:\/\/www.youtube.com\/user\/firesalesrentconsult"]}]}},"publishpress_future_workflow_manual_trigger":{"enabledWorkflows":[]},"_links":{"self":[{"href":"https:\/\/www.fireware.nl\/fr\/wp-json\/wp\/v2\/product\/19791","targetHints":{"allow":["GET"]}}],"collection":[{"href":"https:\/\/www.fireware.nl\/fr\/wp-json\/wp\/v2\/product"}],"about":[{"href":"https:\/\/www.fireware.nl\/fr\/wp-json\/wp\/v2\/types\/product"}],"wp:featuredmedia":[{"embeddable":true,"href":"https:\/\/www.fireware.nl\/fr\/wp-json\/wp\/v2\/media\/50843"}],"wp:attachment":[{"href":"https:\/\/www.fireware.nl\/fr\/wp-json\/wp\/v2\/media?parent=19791"}],"wp:term":[{"taxonomy":"product_brand","embeddable":true,"href":"https:\/\/www.fireware.nl\/fr\/wp-json\/wp\/v2\/product_brand?post=19791"},{"taxonomy":"product_cat","embeddable":true,"href":"https:\/\/www.fireware.nl\/fr\/wp-json\/wp\/v2\/product_cat?post=19791"},{"taxonomy":"product_tag","embeddable":true,"href":"https:\/\/www.fireware.nl\/fr\/wp-json\/wp\/v2\/product_tag?post=19791"}],"curies":[{"name":"wp","href":"https:\/\/api.w.org\/{rel}","templated":true}]}}