
{"id":19734,"date":"2019-01-23T12:15:30","date_gmt":"2019-01-23T12:15:30","guid":{"rendered":"http:\/\/fireware.sites.hyperhosting.co\/?post_type=product&#038;p=19734"},"modified":"2021-04-13T07:26:26","modified_gmt":"2021-04-13T07:26:26","slug":"serie-de-symboles-de-danger-magnetiques","status":"publish","type":"product","link":"https:\/\/www.fireware.nl\/fr\/produit\/serie-de-symboles-de-danger-magnetiques\/","title":{"rendered":"S\u00e9rie de Symboles de Danger Magn\u00e9tiques"},"content":{"rendered":"<h2>Etiquettes magn\u00e9tiques r\u00e9utilisables pour les substances dangereuses<\/h2>\n<p>La s\u00e9curit\u00e9 est un point d\u2019int\u00e9r\u00eat important pendant la formation des secouristes. Il est crucial d\u2019anticiper correctement les dangers potentiels et de les reconna\u00eetre. En utilisant diff\u00e9rents signaux de danger, il est possible de d\u00e9cider d\u2019effectuer des man\u0153uvres totalement diff\u00e9rentes pendant une seule et m\u00eame mise en sc\u00e8ne.<\/p>\n<p>Avec un symbole de danger magn\u00e9tique, vous transformez un exercice avec par exemple des f\u00fbts vides ou un camion citerne en un vrai challenge. Les panneaux magn\u00e9tiques sont plus flexibles et peuvent \u00eatre utilis\u00e9s sur presque toutes les surfaces m\u00e9talliques. La S\u00e9rie de Symboles de Danger Magn\u00e9tiques comprend tous les symboles de la classe 1 \u00e0 la classe 9 et d&#8217;autres. Les 29 panneaux magn\u00e9tiques sont dans une bo\u00eete en plastique, de sorte que vous avez toujours tous les symboles ensemble et ils peuvent transporter facilement.<\/p>\n","protected":false},"excerpt":{"rendered":"<ul>\n<li>29 symboles de danger.<\/li>\n<li>Contient des symboles de la classe 1 \u00e0 la classe 9 comprise et de la classe autre.<\/li>\n<li>Graphie r\u00e9sistant aux intemp\u00e9ries.<\/li>\n<li>Caisson en mati\u00e8re synth\u00e9tique de 40*30*8 cm.<\/li>\n<\/ul>\n","protected":false},"featured_media":21716,"template":"","meta":[],"product_brand":[],"product_cat":[218],"product_tag":[],"class_list":{"0":"post-19734","1":"product","2":"type-product","3":"status-publish","4":"has-post-thumbnail","6":"product_cat-nbrce","8":"first","9":"instock","10":"taxable","11":"shipping-taxable","12":"purchasable","13":"product-type-simple"},"yoast_head":"<!-- This site is optimized with the Yoast SEO plugin v27.4 - https:\/\/yoast.com\/product\/yoast-seo-wordpress\/ -->\n<title>S\u00e9rie de Symboles de Danger Magn\u00e9tiques - FireWare<\/title>\n<meta name=\"robots\" content=\"index, follow, max-snippet:-1, max-image-preview:large, max-video-preview:-1\" \/>\n<link rel=\"canonical\" href=\"https:\/\/www.fireware.nl\/fr\/produit\/serie-de-symboles-de-danger-magnetiques\/\" \/>\n<meta property=\"og:locale\" content=\"fr_FR\" \/>\n<meta property=\"og:type\" content=\"article\" \/>\n<meta property=\"og:title\" content=\"S\u00e9rie de Symboles de Danger Magn\u00e9tiques - FireWare\" \/>\n<meta property=\"og:description\" content=\"29 symboles de danger.  Contient des symboles de la classe 1 \u00e0 la classe 9 comprise et de la classe autre.  Graphie r\u00e9sistant aux intemp\u00e9ries.  Caisson en mati\u00e8re synth\u00e9tique de 40*30*8 cm.\" \/>\n<meta property=\"og:url\" content=\"https:\/\/www.fireware.nl\/fr\/produit\/serie-de-symboles-de-danger-magnetiques\/\" \/>\n<meta property=\"og:site_name\" content=\"FireWare\" \/>\n<meta property=\"article:publisher\" content=\"https:\/\/www.facebook.com\/FireWareBV\/\" \/>\n<meta property=\"article:modified_time\" content=\"2021-04-13T07:26:26+00:00\" \/>\n<meta property=\"og:image\" content=\"https:\/\/www.fireware.nl\/wp-content\/uploads\/2019\/01\/028-030-003-Gevarensymbolen.png\" \/>\n\t<meta property=\"og:image:width\" content=\"600\" \/>\n\t<meta property=\"og:image:height\" content=\"600\" \/>\n\t<meta property=\"og:image:type\" content=\"image\/png\" \/>\n<meta name=\"twitter:card\" content=\"summary_large_image\" \/>\n<meta name=\"twitter:site\" content=\"@FireWarebv\" \/>\n<meta name=\"twitter:label1\" content=\"Dur\u00e9e de lecture estim\u00e9e\" \/>\n\t<meta name=\"twitter:data1\" content=\"1 minute\" \/>\n<script type=\"application\/ld+json\" class=\"yoast-schema-graph\">{\"@context\":\"https:\\\/\\\/schema.org\",\"@graph\":[{\"@type\":\"WebPage\",\"@id\":\"https:\\\/\\\/www.fireware.nl\\\/fr\\\/produit\\\/serie-de-symboles-de-danger-magnetiques\\\/\",\"url\":\"https:\\\/\\\/www.fireware.nl\\\/fr\\\/produit\\\/serie-de-symboles-de-danger-magnetiques\\\/\",\"name\":\"S\u00e9rie de Symboles de Danger Magn\u00e9tiques - FireWare\",\"isPartOf\":{\"@id\":\"https:\\\/\\\/www.fireware.nl\\\/fr\\\/#website\"},\"primaryImageOfPage\":{\"@id\":\"https:\\\/\\\/www.fireware.nl\\\/fr\\\/produit\\\/serie-de-symboles-de-danger-magnetiques\\\/#primaryimage\"},\"image\":{\"@id\":\"https:\\\/\\\/www.fireware.nl\\\/fr\\\/produit\\\/serie-de-symboles-de-danger-magnetiques\\\/#primaryimage\"},\"thumbnailUrl\":\"https:\\\/\\\/www.fireware.nl\\\/wp-content\\\/uploads\\\/2019\\\/01\\\/028-030-003-Gevarensymbolen.png\",\"datePublished\":\"2019-01-23T12:15:30+00:00\",\"dateModified\":\"2021-04-13T07:26:26+00:00\",\"breadcrumb\":{\"@id\":\"https:\\\/\\\/www.fireware.nl\\\/fr\\\/produit\\\/serie-de-symboles-de-danger-magnetiques\\\/#breadcrumb\"},\"inLanguage\":\"fr-FR\",\"potentialAction\":[{\"@type\":\"ReadAction\",\"target\":[\"https:\\\/\\\/www.fireware.nl\\\/fr\\\/produit\\\/serie-de-symboles-de-danger-magnetiques\\\/\"]}]},{\"@type\":\"ImageObject\",\"inLanguage\":\"fr-FR\",\"@id\":\"https:\\\/\\\/www.fireware.nl\\\/fr\\\/produit\\\/serie-de-symboles-de-danger-magnetiques\\\/#primaryimage\",\"url\":\"https:\\\/\\\/www.fireware.nl\\\/wp-content\\\/uploads\\\/2019\\\/01\\\/028-030-003-Gevarensymbolen.png\",\"contentUrl\":\"https:\\\/\\\/www.fireware.nl\\\/wp-content\\\/uploads\\\/2019\\\/01\\\/028-030-003-Gevarensymbolen.png\",\"width\":600,\"height\":600,\"caption\":\"028-030-003 Gevarensymbolen\"},{\"@type\":\"BreadcrumbList\",\"@id\":\"https:\\\/\\\/www.fireware.nl\\\/fr\\\/produit\\\/serie-de-symboles-de-danger-magnetiques\\\/#breadcrumb\",\"itemListElement\":[{\"@type\":\"ListItem\",\"position\":1,\"name\":\"Home\",\"item\":\"https:\\\/\\\/www.fireware.nl\\\/fr\\\/\"},{\"@type\":\"ListItem\",\"position\":2,\"name\":\"Produits\",\"item\":\"https:\\\/\\\/www.fireware.nl\\\/fr\\\/produits\\\/\"},{\"@type\":\"ListItem\",\"position\":3,\"name\":\"S\u00e9rie de Symboles de Danger Magn\u00e9tiques\"}]},{\"@type\":\"WebSite\",\"@id\":\"https:\\\/\\\/www.fireware.nl\\\/fr\\\/#website\",\"url\":\"https:\\\/\\\/www.fireware.nl\\\/fr\\\/\",\"name\":\"FireWare\",\"description\":\"CREATING REALISTIC  TRAINING ENVIRONMENTS\",\"publisher\":{\"@id\":\"https:\\\/\\\/www.fireware.nl\\\/fr\\\/#organization\"},\"potentialAction\":[{\"@type\":\"SearchAction\",\"target\":{\"@type\":\"EntryPoint\",\"urlTemplate\":\"https:\\\/\\\/www.fireware.nl\\\/fr\\\/?s={search_term_string}\"},\"query-input\":{\"@type\":\"PropertyValueSpecification\",\"valueRequired\":true,\"valueName\":\"search_term_string\"}}],\"inLanguage\":\"fr-FR\"},{\"@type\":\"Organization\",\"@id\":\"https:\\\/\\\/www.fireware.nl\\\/fr\\\/#organization\",\"name\":\"FireWare\",\"url\":\"https:\\\/\\\/www.fireware.nl\\\/fr\\\/\",\"logo\":{\"@type\":\"ImageObject\",\"inLanguage\":\"fr-FR\",\"@id\":\"https:\\\/\\\/www.fireware.nl\\\/fr\\\/#\\\/schema\\\/logo\\\/image\\\/\",\"url\":\"https:\\\/\\\/www.fireware.nl\\\/wp-content\\\/uploads\\\/2018\\\/10\\\/fireware-logo.png\",\"contentUrl\":\"https:\\\/\\\/www.fireware.nl\\\/wp-content\\\/uploads\\\/2018\\\/10\\\/fireware-logo.png\",\"width\":200,\"height\":86,\"caption\":\"FireWare\"},\"image\":{\"@id\":\"https:\\\/\\\/www.fireware.nl\\\/fr\\\/#\\\/schema\\\/logo\\\/image\\\/\"},\"sameAs\":[\"https:\\\/\\\/www.facebook.com\\\/FireWareBV\\\/\",\"https:\\\/\\\/x.com\\\/FireWarebv\",\"https:\\\/\\\/www.instagram.com\\\/fireware_nl\\\/\",\"https:\\\/\\\/www.linkedin.com\\\/company\\\/3586017\\\/\",\"https:\\\/\\\/www.youtube.com\\\/user\\\/firesalesrentconsult\"]}]}<\/script>\n<!-- \/ Yoast SEO plugin. -->","yoast_head_json":{"title":"S\u00e9rie de Symboles de Danger Magn\u00e9tiques - FireWare","robots":{"index":"index","follow":"follow","max-snippet":"max-snippet:-1","max-image-preview":"max-image-preview:large","max-video-preview":"max-video-preview:-1"},"canonical":"https:\/\/www.fireware.nl\/fr\/produit\/serie-de-symboles-de-danger-magnetiques\/","og_locale":"fr_FR","og_type":"article","og_title":"S\u00e9rie de Symboles de Danger Magn\u00e9tiques - FireWare","og_description":"29 symboles de danger.  Contient des symboles de la classe 1 \u00e0 la classe 9 comprise et de la classe autre.  Graphie r\u00e9sistant aux intemp\u00e9ries.  Caisson en mati\u00e8re synth\u00e9tique de 40*30*8 cm.","og_url":"https:\/\/www.fireware.nl\/fr\/produit\/serie-de-symboles-de-danger-magnetiques\/","og_site_name":"FireWare","article_publisher":"https:\/\/www.facebook.com\/FireWareBV\/","article_modified_time":"2021-04-13T07:26:26+00:00","og_image":[{"width":600,"height":600,"url":"https:\/\/www.fireware.nl\/wp-content\/uploads\/2019\/01\/028-030-003-Gevarensymbolen.png","type":"image\/png"}],"twitter_card":"summary_large_image","twitter_site":"@FireWarebv","twitter_misc":{"Dur\u00e9e de lecture estim\u00e9e":"1 minute"},"schema":{"@context":"https:\/\/schema.org","@graph":[{"@type":"WebPage","@id":"https:\/\/www.fireware.nl\/fr\/produit\/serie-de-symboles-de-danger-magnetiques\/","url":"https:\/\/www.fireware.nl\/fr\/produit\/serie-de-symboles-de-danger-magnetiques\/","name":"S\u00e9rie de Symboles de Danger Magn\u00e9tiques - FireWare","isPartOf":{"@id":"https:\/\/www.fireware.nl\/fr\/#website"},"primaryImageOfPage":{"@id":"https:\/\/www.fireware.nl\/fr\/produit\/serie-de-symboles-de-danger-magnetiques\/#primaryimage"},"image":{"@id":"https:\/\/www.fireware.nl\/fr\/produit\/serie-de-symboles-de-danger-magnetiques\/#primaryimage"},"thumbnailUrl":"https:\/\/www.fireware.nl\/wp-content\/uploads\/2019\/01\/028-030-003-Gevarensymbolen.png","datePublished":"2019-01-23T12:15:30+00:00","dateModified":"2021-04-13T07:26:26+00:00","breadcrumb":{"@id":"https:\/\/www.fireware.nl\/fr\/produit\/serie-de-symboles-de-danger-magnetiques\/#breadcrumb"},"inLanguage":"fr-FR","potentialAction":[{"@type":"ReadAction","target":["https:\/\/www.fireware.nl\/fr\/produit\/serie-de-symboles-de-danger-magnetiques\/"]}]},{"@type":"ImageObject","inLanguage":"fr-FR","@id":"https:\/\/www.fireware.nl\/fr\/produit\/serie-de-symboles-de-danger-magnetiques\/#primaryimage","url":"https:\/\/www.fireware.nl\/wp-content\/uploads\/2019\/01\/028-030-003-Gevarensymbolen.png","contentUrl":"https:\/\/www.fireware.nl\/wp-content\/uploads\/2019\/01\/028-030-003-Gevarensymbolen.png","width":600,"height":600,"caption":"028-030-003 Gevarensymbolen"},{"@type":"BreadcrumbList","@id":"https:\/\/www.fireware.nl\/fr\/produit\/serie-de-symboles-de-danger-magnetiques\/#breadcrumb","itemListElement":[{"@type":"ListItem","position":1,"name":"Home","item":"https:\/\/www.fireware.nl\/fr\/"},{"@type":"ListItem","position":2,"name":"Produits","item":"https:\/\/www.fireware.nl\/fr\/produits\/"},{"@type":"ListItem","position":3,"name":"S\u00e9rie de Symboles de Danger Magn\u00e9tiques"}]},{"@type":"WebSite","@id":"https:\/\/www.fireware.nl\/fr\/#website","url":"https:\/\/www.fireware.nl\/fr\/","name":"FireWare","description":"CREATING REALISTIC  TRAINING ENVIRONMENTS","publisher":{"@id":"https:\/\/www.fireware.nl\/fr\/#organization"},"potentialAction":[{"@type":"SearchAction","target":{"@type":"EntryPoint","urlTemplate":"https:\/\/www.fireware.nl\/fr\/?s={search_term_string}"},"query-input":{"@type":"PropertyValueSpecification","valueRequired":true,"valueName":"search_term_string"}}],"inLanguage":"fr-FR"},{"@type":"Organization","@id":"https:\/\/www.fireware.nl\/fr\/#organization","name":"FireWare","url":"https:\/\/www.fireware.nl\/fr\/","logo":{"@type":"ImageObject","inLanguage":"fr-FR","@id":"https:\/\/www.fireware.nl\/fr\/#\/schema\/logo\/image\/","url":"https:\/\/www.fireware.nl\/wp-content\/uploads\/2018\/10\/fireware-logo.png","contentUrl":"https:\/\/www.fireware.nl\/wp-content\/uploads\/2018\/10\/fireware-logo.png","width":200,"height":86,"caption":"FireWare"},"image":{"@id":"https:\/\/www.fireware.nl\/fr\/#\/schema\/logo\/image\/"},"sameAs":["https:\/\/www.facebook.com\/FireWareBV\/","https:\/\/x.com\/FireWarebv","https:\/\/www.instagram.com\/fireware_nl\/","https:\/\/www.linkedin.com\/company\/3586017\/","https:\/\/www.youtube.com\/user\/firesalesrentconsult"]}]}},"publishpress_future_workflow_manual_trigger":{"enabledWorkflows":[]},"_links":{"self":[{"href":"https:\/\/www.fireware.nl\/fr\/wp-json\/wp\/v2\/product\/19734","targetHints":{"allow":["GET"]}}],"collection":[{"href":"https:\/\/www.fireware.nl\/fr\/wp-json\/wp\/v2\/product"}],"about":[{"href":"https:\/\/www.fireware.nl\/fr\/wp-json\/wp\/v2\/types\/product"}],"wp:featuredmedia":[{"embeddable":true,"href":"https:\/\/www.fireware.nl\/fr\/wp-json\/wp\/v2\/media\/21716"}],"wp:attachment":[{"href":"https:\/\/www.fireware.nl\/fr\/wp-json\/wp\/v2\/media?parent=19734"}],"wp:term":[{"taxonomy":"product_brand","embeddable":true,"href":"https:\/\/www.fireware.nl\/fr\/wp-json\/wp\/v2\/product_brand?post=19734"},{"taxonomy":"product_cat","embeddable":true,"href":"https:\/\/www.fireware.nl\/fr\/wp-json\/wp\/v2\/product_cat?post=19734"},{"taxonomy":"product_tag","embeddable":true,"href":"https:\/\/www.fireware.nl\/fr\/wp-json\/wp\/v2\/product_tag?post=19734"}],"curies":[{"name":"wp","href":"https:\/\/api.w.org\/{rel}","templated":true}]}}