
{"id":19726,"date":"2019-01-23T12:15:30","date_gmt":"2019-01-23T12:15:30","guid":{"rendered":"http:\/\/fireware.sites.hyperhosting.co\/?post_type=product&#038;p=19726"},"modified":"2021-10-01T11:47:21","modified_gmt":"2021-10-01T11:47:21","slug":"jeu-de-numeros-adr-magnetique","status":"publish","type":"product","link":"https:\/\/www.fireware.nl\/fr\/product\/jeu-de-numeros-adr-magnetique\/","title":{"rendered":"Jeu de Num\u00e9ros ADR Magnetique"},"content":{"rendered":"\r\n<h2>Indiquer au moyen de num\u00e9ros UN quelle substance est transport\u00e9e<\/h2>\r\n<p>Le Jeu de Num\u00e9ros ADR Magnetique a pour but d\u2019indiquer au moyen de num\u00e9ros UN quelle substance est transport\u00e9e. De cette mani\u00e8re, les dangers portentiels du transport sont signal\u00e9s. Les secouristes sont tenus de conna\u00eetre la signification de ces indications. L\u2019exercice devient plus pratique et plus agr\u00e9able si les v\u00e9hicules sont munis d\u2019un code ADR. En fonction de cela, on d\u00e9finit les man\u0153uvres \u00e0 effectuer. Gr\u00e2ce \u00e0 l\u2019utilisation de diff\u00e9rents signaux de danger, il est possible de d\u00e9cider d\u2019effectuer des man\u0153uvres totalement diff\u00e9rentes pendant une seule et m\u00eame mise en sc\u00e8ne.<\/p>\r\n<p>Le jeu est totalement magnetique et se compose de panneaux portant les num\u00e9ros 0 \u00e0 9 inclus, d\u2019un panneau repr\u00e9sentant un \u00ab X \u00bb. Gr\u00e2ce \u00e0 ces num\u00e9ros, vous pouvez indiquer la cat\u00e9gorie de dangers de la substance transport\u00e9e et les risques de ce transport, et la lettre \u00ab X \u00bb vous permet d\u2019indiquer si l\u2019extinction par l\u2019eau est autoris\u00e9e. Les panneaux comprenant les num\u00e9ros sont fournis avec une chaisse plastique.<\/p>\r\n","protected":false},"excerpt":{"rendered":"<ul>\n<li>Contient des num\u00e9ros indiquant la mati\u00e8re transport\u00e9e.<\/li>\n<li>Indique les dangers potentiels du transport.<\/li>\n<li>Mentionne si l\u2019on peut \u00e9teindre le feu avec de l\u2019eau.<\/li>\n<li>Indique la cat\u00e9gorie de dangers et de risques.<\/li>\n<li>Totalement magnetique.<\/li>\n<li>Caisson en mati\u00e8re synth\u00e9tique de 40*30*8 cm<\/li>\n<li>Panneaux avec les num\u00e9ros 0-9 et X, quatre fois.<\/li>\n<\/ul>\n","protected":false},"featured_media":50805,"template":"","meta":[],"product_brand":[],"product_cat":[218],"product_tag":[],"class_list":{"0":"post-19726","1":"product","2":"type-product","3":"status-publish","4":"has-post-thumbnail","6":"product_cat-nbrce","8":"first","9":"instock","10":"taxable","11":"shipping-taxable","12":"purchasable","13":"product-type-simple"},"yoast_head":"<!-- This site is optimized with the Yoast SEO plugin v27.4 - https:\/\/yoast.com\/product\/yoast-seo-wordpress\/ -->\n<title>Jeu de Num\u00e9ros ADR Magnetique - FireWare<\/title>\n<meta name=\"robots\" content=\"index, follow, max-snippet:-1, max-image-preview:large, max-video-preview:-1\" \/>\n<link rel=\"canonical\" href=\"https:\/\/www.fireware.nl\/fr\/product\/jeu-de-numeros-adr-magnetique\/\" \/>\n<meta property=\"og:locale\" content=\"fr_FR\" \/>\n<meta property=\"og:type\" content=\"article\" \/>\n<meta property=\"og:title\" content=\"Jeu de Num\u00e9ros ADR Magnetique - FireWare\" \/>\n<meta property=\"og:description\" content=\"Contient des num\u00e9ros indiquant la mati\u00e8re transport\u00e9e. Indique les dangers potentiels du transport. Mentionne si l\u2019on peut \u00e9teindre le feu avec de l\u2019eau. Indique la cat\u00e9gorie de dangers et de risques. Totalement magnetique. Caisson en mati\u00e8re synth\u00e9tique de 40*30*8 cm Panneaux avec les num\u00e9ros 0-9 et X, quatre fois.\" \/>\n<meta property=\"og:url\" content=\"https:\/\/www.fireware.nl\/fr\/product\/jeu-de-numeros-adr-magnetique\/\" \/>\n<meta property=\"og:site_name\" content=\"FireWare\" \/>\n<meta property=\"article:publisher\" content=\"https:\/\/www.facebook.com\/FireWareBV\/\" \/>\n<meta property=\"article:modified_time\" content=\"2021-10-01T11:47:21+00:00\" \/>\n<meta property=\"og:image\" content=\"https:\/\/www.fireware.nl\/wp-content\/uploads\/2019\/01\/028-030-004_adr-set-FireWare.jpg\" \/>\n\t<meta property=\"og:image:width\" content=\"600\" \/>\n\t<meta property=\"og:image:height\" content=\"600\" \/>\n\t<meta property=\"og:image:type\" content=\"image\/jpeg\" \/>\n<meta name=\"twitter:card\" content=\"summary_large_image\" \/>\n<meta name=\"twitter:site\" content=\"@FireWarebv\" \/>\n<meta name=\"twitter:label1\" content=\"Dur\u00e9e de lecture estim\u00e9e\" \/>\n\t<meta name=\"twitter:data1\" content=\"1 minute\" \/>\n<script type=\"application\/ld+json\" class=\"yoast-schema-graph\">{\"@context\":\"https:\\\/\\\/schema.org\",\"@graph\":[{\"@type\":\"WebPage\",\"@id\":\"https:\\\/\\\/www.fireware.nl\\\/fr\\\/product\\\/jeu-de-numeros-adr-magnetique\\\/\",\"url\":\"https:\\\/\\\/www.fireware.nl\\\/fr\\\/product\\\/jeu-de-numeros-adr-magnetique\\\/\",\"name\":\"Jeu de Num\u00e9ros ADR Magnetique - FireWare\",\"isPartOf\":{\"@id\":\"https:\\\/\\\/www.fireware.nl\\\/fr\\\/#website\"},\"primaryImageOfPage\":{\"@id\":\"https:\\\/\\\/www.fireware.nl\\\/fr\\\/product\\\/jeu-de-numeros-adr-magnetique\\\/#primaryimage\"},\"image\":{\"@id\":\"https:\\\/\\\/www.fireware.nl\\\/fr\\\/product\\\/jeu-de-numeros-adr-magnetique\\\/#primaryimage\"},\"thumbnailUrl\":\"https:\\\/\\\/www.fireware.nl\\\/wp-content\\\/uploads\\\/2019\\\/01\\\/028-030-004_adr-set-FireWare.jpg\",\"datePublished\":\"2019-01-23T12:15:30+00:00\",\"dateModified\":\"2021-10-01T11:47:21+00:00\",\"breadcrumb\":{\"@id\":\"https:\\\/\\\/www.fireware.nl\\\/fr\\\/product\\\/jeu-de-numeros-adr-magnetique\\\/#breadcrumb\"},\"inLanguage\":\"fr-FR\",\"potentialAction\":[{\"@type\":\"ReadAction\",\"target\":[\"https:\\\/\\\/www.fireware.nl\\\/fr\\\/product\\\/jeu-de-numeros-adr-magnetique\\\/\"]}]},{\"@type\":\"ImageObject\",\"inLanguage\":\"fr-FR\",\"@id\":\"https:\\\/\\\/www.fireware.nl\\\/fr\\\/product\\\/jeu-de-numeros-adr-magnetique\\\/#primaryimage\",\"url\":\"https:\\\/\\\/www.fireware.nl\\\/wp-content\\\/uploads\\\/2019\\\/01\\\/028-030-004_adr-set-FireWare.jpg\",\"contentUrl\":\"https:\\\/\\\/www.fireware.nl\\\/wp-content\\\/uploads\\\/2019\\\/01\\\/028-030-004_adr-set-FireWare.jpg\",\"width\":600,\"height\":600},{\"@type\":\"BreadcrumbList\",\"@id\":\"https:\\\/\\\/www.fireware.nl\\\/fr\\\/product\\\/jeu-de-numeros-adr-magnetique\\\/#breadcrumb\",\"itemListElement\":[{\"@type\":\"ListItem\",\"position\":1,\"name\":\"Home\",\"item\":\"https:\\\/\\\/www.fireware.nl\\\/fr\\\/\"},{\"@type\":\"ListItem\",\"position\":2,\"name\":\"Produits\",\"item\":\"https:\\\/\\\/www.fireware.nl\\\/fr\\\/produits\\\/\"},{\"@type\":\"ListItem\",\"position\":3,\"name\":\"Jeu de Num\u00e9ros ADR Magnetique\"}]},{\"@type\":\"WebSite\",\"@id\":\"https:\\\/\\\/www.fireware.nl\\\/fr\\\/#website\",\"url\":\"https:\\\/\\\/www.fireware.nl\\\/fr\\\/\",\"name\":\"FireWare\",\"description\":\"CREATING REALISTIC  TRAINING ENVIRONMENTS\",\"publisher\":{\"@id\":\"https:\\\/\\\/www.fireware.nl\\\/fr\\\/#organization\"},\"potentialAction\":[{\"@type\":\"SearchAction\",\"target\":{\"@type\":\"EntryPoint\",\"urlTemplate\":\"https:\\\/\\\/www.fireware.nl\\\/fr\\\/?s={search_term_string}\"},\"query-input\":{\"@type\":\"PropertyValueSpecification\",\"valueRequired\":true,\"valueName\":\"search_term_string\"}}],\"inLanguage\":\"fr-FR\"},{\"@type\":\"Organization\",\"@id\":\"https:\\\/\\\/www.fireware.nl\\\/fr\\\/#organization\",\"name\":\"FireWare\",\"url\":\"https:\\\/\\\/www.fireware.nl\\\/fr\\\/\",\"logo\":{\"@type\":\"ImageObject\",\"inLanguage\":\"fr-FR\",\"@id\":\"https:\\\/\\\/www.fireware.nl\\\/fr\\\/#\\\/schema\\\/logo\\\/image\\\/\",\"url\":\"https:\\\/\\\/www.fireware.nl\\\/wp-content\\\/uploads\\\/2018\\\/10\\\/fireware-logo.png\",\"contentUrl\":\"https:\\\/\\\/www.fireware.nl\\\/wp-content\\\/uploads\\\/2018\\\/10\\\/fireware-logo.png\",\"width\":200,\"height\":86,\"caption\":\"FireWare\"},\"image\":{\"@id\":\"https:\\\/\\\/www.fireware.nl\\\/fr\\\/#\\\/schema\\\/logo\\\/image\\\/\"},\"sameAs\":[\"https:\\\/\\\/www.facebook.com\\\/FireWareBV\\\/\",\"https:\\\/\\\/x.com\\\/FireWarebv\",\"https:\\\/\\\/www.instagram.com\\\/fireware_nl\\\/\",\"https:\\\/\\\/www.linkedin.com\\\/company\\\/3586017\\\/\",\"https:\\\/\\\/www.youtube.com\\\/user\\\/firesalesrentconsult\"]}]}<\/script>\n<!-- \/ Yoast SEO plugin. -->","yoast_head_json":{"title":"Jeu de Num\u00e9ros ADR Magnetique - FireWare","robots":{"index":"index","follow":"follow","max-snippet":"max-snippet:-1","max-image-preview":"max-image-preview:large","max-video-preview":"max-video-preview:-1"},"canonical":"https:\/\/www.fireware.nl\/fr\/product\/jeu-de-numeros-adr-magnetique\/","og_locale":"fr_FR","og_type":"article","og_title":"Jeu de Num\u00e9ros ADR Magnetique - FireWare","og_description":"Contient des num\u00e9ros indiquant la mati\u00e8re transport\u00e9e. Indique les dangers potentiels du transport. Mentionne si l\u2019on peut \u00e9teindre le feu avec de l\u2019eau. Indique la cat\u00e9gorie de dangers et de risques. Totalement magnetique. Caisson en mati\u00e8re synth\u00e9tique de 40*30*8 cm Panneaux avec les num\u00e9ros 0-9 et X, quatre fois.","og_url":"https:\/\/www.fireware.nl\/fr\/product\/jeu-de-numeros-adr-magnetique\/","og_site_name":"FireWare","article_publisher":"https:\/\/www.facebook.com\/FireWareBV\/","article_modified_time":"2021-10-01T11:47:21+00:00","og_image":[{"width":600,"height":600,"url":"https:\/\/www.fireware.nl\/wp-content\/uploads\/2019\/01\/028-030-004_adr-set-FireWare.jpg","type":"image\/jpeg"}],"twitter_card":"summary_large_image","twitter_site":"@FireWarebv","twitter_misc":{"Dur\u00e9e de lecture estim\u00e9e":"1 minute"},"schema":{"@context":"https:\/\/schema.org","@graph":[{"@type":"WebPage","@id":"https:\/\/www.fireware.nl\/fr\/product\/jeu-de-numeros-adr-magnetique\/","url":"https:\/\/www.fireware.nl\/fr\/product\/jeu-de-numeros-adr-magnetique\/","name":"Jeu de Num\u00e9ros ADR Magnetique - FireWare","isPartOf":{"@id":"https:\/\/www.fireware.nl\/fr\/#website"},"primaryImageOfPage":{"@id":"https:\/\/www.fireware.nl\/fr\/product\/jeu-de-numeros-adr-magnetique\/#primaryimage"},"image":{"@id":"https:\/\/www.fireware.nl\/fr\/product\/jeu-de-numeros-adr-magnetique\/#primaryimage"},"thumbnailUrl":"https:\/\/www.fireware.nl\/wp-content\/uploads\/2019\/01\/028-030-004_adr-set-FireWare.jpg","datePublished":"2019-01-23T12:15:30+00:00","dateModified":"2021-10-01T11:47:21+00:00","breadcrumb":{"@id":"https:\/\/www.fireware.nl\/fr\/product\/jeu-de-numeros-adr-magnetique\/#breadcrumb"},"inLanguage":"fr-FR","potentialAction":[{"@type":"ReadAction","target":["https:\/\/www.fireware.nl\/fr\/product\/jeu-de-numeros-adr-magnetique\/"]}]},{"@type":"ImageObject","inLanguage":"fr-FR","@id":"https:\/\/www.fireware.nl\/fr\/product\/jeu-de-numeros-adr-magnetique\/#primaryimage","url":"https:\/\/www.fireware.nl\/wp-content\/uploads\/2019\/01\/028-030-004_adr-set-FireWare.jpg","contentUrl":"https:\/\/www.fireware.nl\/wp-content\/uploads\/2019\/01\/028-030-004_adr-set-FireWare.jpg","width":600,"height":600},{"@type":"BreadcrumbList","@id":"https:\/\/www.fireware.nl\/fr\/product\/jeu-de-numeros-adr-magnetique\/#breadcrumb","itemListElement":[{"@type":"ListItem","position":1,"name":"Home","item":"https:\/\/www.fireware.nl\/fr\/"},{"@type":"ListItem","position":2,"name":"Produits","item":"https:\/\/www.fireware.nl\/fr\/produits\/"},{"@type":"ListItem","position":3,"name":"Jeu de Num\u00e9ros ADR Magnetique"}]},{"@type":"WebSite","@id":"https:\/\/www.fireware.nl\/fr\/#website","url":"https:\/\/www.fireware.nl\/fr\/","name":"FireWare","description":"CREATING REALISTIC  TRAINING ENVIRONMENTS","publisher":{"@id":"https:\/\/www.fireware.nl\/fr\/#organization"},"potentialAction":[{"@type":"SearchAction","target":{"@type":"EntryPoint","urlTemplate":"https:\/\/www.fireware.nl\/fr\/?s={search_term_string}"},"query-input":{"@type":"PropertyValueSpecification","valueRequired":true,"valueName":"search_term_string"}}],"inLanguage":"fr-FR"},{"@type":"Organization","@id":"https:\/\/www.fireware.nl\/fr\/#organization","name":"FireWare","url":"https:\/\/www.fireware.nl\/fr\/","logo":{"@type":"ImageObject","inLanguage":"fr-FR","@id":"https:\/\/www.fireware.nl\/fr\/#\/schema\/logo\/image\/","url":"https:\/\/www.fireware.nl\/wp-content\/uploads\/2018\/10\/fireware-logo.png","contentUrl":"https:\/\/www.fireware.nl\/wp-content\/uploads\/2018\/10\/fireware-logo.png","width":200,"height":86,"caption":"FireWare"},"image":{"@id":"https:\/\/www.fireware.nl\/fr\/#\/schema\/logo\/image\/"},"sameAs":["https:\/\/www.facebook.com\/FireWareBV\/","https:\/\/x.com\/FireWarebv","https:\/\/www.instagram.com\/fireware_nl\/","https:\/\/www.linkedin.com\/company\/3586017\/","https:\/\/www.youtube.com\/user\/firesalesrentconsult"]}]}},"publishpress_future_workflow_manual_trigger":{"enabledWorkflows":[]},"_links":{"self":[{"href":"https:\/\/www.fireware.nl\/fr\/wp-json\/wp\/v2\/product\/19726","targetHints":{"allow":["GET"]}}],"collection":[{"href":"https:\/\/www.fireware.nl\/fr\/wp-json\/wp\/v2\/product"}],"about":[{"href":"https:\/\/www.fireware.nl\/fr\/wp-json\/wp\/v2\/types\/product"}],"wp:featuredmedia":[{"embeddable":true,"href":"https:\/\/www.fireware.nl\/fr\/wp-json\/wp\/v2\/media\/50805"}],"wp:attachment":[{"href":"https:\/\/www.fireware.nl\/fr\/wp-json\/wp\/v2\/media?parent=19726"}],"wp:term":[{"taxonomy":"product_brand","embeddable":true,"href":"https:\/\/www.fireware.nl\/fr\/wp-json\/wp\/v2\/product_brand?post=19726"},{"taxonomy":"product_cat","embeddable":true,"href":"https:\/\/www.fireware.nl\/fr\/wp-json\/wp\/v2\/product_cat?post=19726"},{"taxonomy":"product_tag","embeddable":true,"href":"https:\/\/www.fireware.nl\/fr\/wp-json\/wp\/v2\/product_tag?post=19726"}],"curies":[{"name":"wp","href":"https:\/\/api.w.org\/{rel}","templated":true}]}}