
{"id":19645,"date":"2019-01-23T12:15:41","date_gmt":"2019-01-23T12:15:41","guid":{"rendered":"http:\/\/fireware.sites.hyperhosting.co\/?post_type=product&#038;p=19645"},"modified":"2026-04-13T14:14:36","modified_gmt":"2026-04-13T14:14:36","slug":"firespot","status":"publish","type":"product","link":"https:\/\/www.fireware.nl\/fr\/product\/firespot\/","title":{"rendered":"FireSpot Original"},"content":{"rendered":"\n\n\t<h2>Lampe incandescente pr\u00eate \u00e0 l&#8217;emploi<\/h2>\n<p>Gr\u00e2ce au Spot incandescent de FireWare, vous cr\u00e9ez tr\u00e8s facilement des images de flammes extr\u00eamement r\u00e9alistes. Ce spot est sp\u00e9cialement con\u00e7u \u00e0 cet effet. Ce luminaire de 10 Watts comporte 4 sources lumineuses LEDS : 2 rouges et 2 oranges. Ces LEDS sont munies de lentilles sp\u00e9ciales qui produisent un large rayon de lumi\u00e8re rouge incandescente, dont le centre est orange. Pour simuler des effets de flammes horizontaux et verticaux, cette configuration est parfaite !<\/p>\n<p>Le spot est un mod\u00e8le IP67 dot\u00e9 d&#8217;un long c\u00e2ble pratique de 2 m\u00e8tres. Son bo\u00eetier est en aluminium anodis\u00e9 d&#8217;excellente qualit\u00e9. Gr\u00e2ce \u00e0 ses dimensions compactes de 78 x 78 x 175 mm, ce spot incandescent peut aussi parfaitement s&#8217;utiliser pour simuler une flamme dans des coffrages de roue, au-dessus de plafonds modulables et dans des endroits confin\u00e9s. Assurez une plus grande stabilit\u00e9 avec le <a href=\"https:\/\/www.fireware.nl\/fr\/produit\/pied-de-sol-pour-le-firespot\/\" target=\"_blank\" rel=\"noopener\">Pied de sol pour le FireSpot<\/a>.<\/p>\n<h2>Regardez les vid\u00e9os<\/h2>\n\t\t<iframe width=\"560\" height=\"315\" src=\"https:\/\/www.youtube.com\/embed\/ERgCXzk9zRI?rel=0\" title=\"YouTube video player\" frameborder=\"0\" allow=\"accelerometer; autoplay; clipboard-write; encrypted-media; gyroscope; picture-in-picture\" allowfullscreen><\/iframe>\t\n\t\t<iframe width=\"1280\" height=\"720\" src=https:\/\/player.vimeo.com\/video\/1162156176?hl=nl&#038;cc_lang_pref=nl&#038;cc_load_policy=1 frameborder=\"0\" allow=\"accelerometer; autoplay; clipboard-write; encrypted-media; gyroscope; picture-in-picture\" allowfullscreen><\/iframe>\t\n\n","protected":false},"excerpt":{"rendered":"<ul>\n<li>Lampe incandescente \u00ab pr\u00eate \u00e0 l\u2019emploi \u00bb<\/li>\n<li>Avec ampoules LEDS rouges et oranges<\/li>\n<li>Convient \u00e0 la simulation d\u2019effets de flammes horizontaux et verticaux<\/li>\n<li>Toute indiqu\u00e9e pour colorer de la fum\u00e9e d\u2019exercice<\/li>\n<li>Bo\u00eetier IP67 compact<\/li>\n<\/ul>\n","protected":false},"featured_media":93923,"template":"","meta":[],"product_brand":[],"product_cat":[215],"product_tag":[],"class_list":{"0":"post-19645","1":"product","2":"type-product","3":"status-publish","4":"has-post-thumbnail","6":"product_cat-feu-simule","7":"pa_kleuren-2-x-orange-led-2-x-rouge-led","9":"first","10":"instock","11":"taxable","12":"shipping-taxable","13":"purchasable","14":"product-type-simple"},"yoast_head":"<!-- This site is optimized with the Yoast SEO plugin v27.4 - https:\/\/yoast.com\/product\/yoast-seo-wordpress\/ -->\n<title>FireSpot Original - FireWare<\/title>\n<meta name=\"robots\" content=\"index, follow, max-snippet:-1, max-image-preview:large, max-video-preview:-1\" \/>\n<link rel=\"canonical\" href=\"https:\/\/www.fireware.nl\/fr\/product\/firespot\/\" \/>\n<meta property=\"og:locale\" content=\"fr_FR\" \/>\n<meta property=\"og:type\" content=\"article\" \/>\n<meta property=\"og:title\" content=\"FireSpot Original - FireWare\" \/>\n<meta property=\"og:description\" content=\"Lampe incandescente \u00ab pr\u00eate \u00e0 l\u2019emploi \u00bb Avec ampoules LEDS rouges et oranges Convient \u00e0 la simulation d\u2019effets de flammes horizontaux et verticaux Toute indiqu\u00e9e pour colorer de la fum\u00e9e d\u2019exercice Bo\u00eetier IP67 compact\" \/>\n<meta property=\"og:url\" content=\"https:\/\/www.fireware.nl\/fr\/product\/firespot\/\" \/>\n<meta property=\"og:site_name\" content=\"FireWare\" \/>\n<meta property=\"article:publisher\" content=\"https:\/\/www.facebook.com\/FireWareBV\/\" \/>\n<meta property=\"article:modified_time\" content=\"2026-04-13T14:14:36+00:00\" \/>\n<meta property=\"og:image\" content=\"https:\/\/www.fireware.nl\/wp-content\/uploads\/2024\/04\/027-090-003_FireWare_FireSpot_3_600x600_20240409_FireSpot_mk2_xxl__001_web-1.jpg\" \/>\n\t<meta property=\"og:image:width\" content=\"600\" \/>\n\t<meta property=\"og:image:height\" content=\"600\" \/>\n\t<meta property=\"og:image:type\" content=\"image\/jpeg\" \/>\n<meta name=\"twitter:card\" content=\"summary_large_image\" \/>\n<meta name=\"twitter:site\" content=\"@FireWarebv\" \/>\n<meta name=\"twitter:label1\" content=\"Dur\u00e9e de lecture estim\u00e9e\" \/>\n\t<meta name=\"twitter:data1\" content=\"1 minute\" \/>\n<script type=\"application\/ld+json\" class=\"yoast-schema-graph\">{\"@context\":\"https:\\\/\\\/schema.org\",\"@graph\":[{\"@type\":\"WebPage\",\"@id\":\"https:\\\/\\\/www.fireware.nl\\\/fr\\\/product\\\/firespot\\\/\",\"url\":\"https:\\\/\\\/www.fireware.nl\\\/fr\\\/product\\\/firespot\\\/\",\"name\":\"FireSpot Original - FireWare\",\"isPartOf\":{\"@id\":\"https:\\\/\\\/www.fireware.nl\\\/fr\\\/#website\"},\"primaryImageOfPage\":{\"@id\":\"https:\\\/\\\/www.fireware.nl\\\/fr\\\/product\\\/firespot\\\/#primaryimage\"},\"image\":{\"@id\":\"https:\\\/\\\/www.fireware.nl\\\/fr\\\/product\\\/firespot\\\/#primaryimage\"},\"thumbnailUrl\":\"https:\\\/\\\/www.fireware.nl\\\/wp-content\\\/uploads\\\/2024\\\/04\\\/027-090-003_FireWare_FireSpot_3_600x600_20240409_FireSpot_mk2_xxl__001_web-1.jpg\",\"datePublished\":\"2019-01-23T12:15:41+00:00\",\"dateModified\":\"2026-04-13T14:14:36+00:00\",\"breadcrumb\":{\"@id\":\"https:\\\/\\\/www.fireware.nl\\\/fr\\\/product\\\/firespot\\\/#breadcrumb\"},\"inLanguage\":\"fr-FR\",\"potentialAction\":[{\"@type\":\"ReadAction\",\"target\":[\"https:\\\/\\\/www.fireware.nl\\\/fr\\\/product\\\/firespot\\\/\"]}]},{\"@type\":\"ImageObject\",\"inLanguage\":\"fr-FR\",\"@id\":\"https:\\\/\\\/www.fireware.nl\\\/fr\\\/product\\\/firespot\\\/#primaryimage\",\"url\":\"https:\\\/\\\/www.fireware.nl\\\/wp-content\\\/uploads\\\/2024\\\/04\\\/027-090-003_FireWare_FireSpot_3_600x600_20240409_FireSpot_mk2_xxl__001_web-1.jpg\",\"contentUrl\":\"https:\\\/\\\/www.fireware.nl\\\/wp-content\\\/uploads\\\/2024\\\/04\\\/027-090-003_FireWare_FireSpot_3_600x600_20240409_FireSpot_mk2_xxl__001_web-1.jpg\",\"width\":600,\"height\":600},{\"@type\":\"BreadcrumbList\",\"@id\":\"https:\\\/\\\/www.fireware.nl\\\/fr\\\/product\\\/firespot\\\/#breadcrumb\",\"itemListElement\":[{\"@type\":\"ListItem\",\"position\":1,\"name\":\"Home\",\"item\":\"https:\\\/\\\/www.fireware.nl\\\/fr\\\/\"},{\"@type\":\"ListItem\",\"position\":2,\"name\":\"Produits\",\"item\":\"https:\\\/\\\/www.fireware.nl\\\/fr\\\/produits\\\/\"},{\"@type\":\"ListItem\",\"position\":3,\"name\":\"FireSpot Original\"}]},{\"@type\":\"WebSite\",\"@id\":\"https:\\\/\\\/www.fireware.nl\\\/fr\\\/#website\",\"url\":\"https:\\\/\\\/www.fireware.nl\\\/fr\\\/\",\"name\":\"FireWare\",\"description\":\"CREATING REALISTIC  TRAINING ENVIRONMENTS\",\"publisher\":{\"@id\":\"https:\\\/\\\/www.fireware.nl\\\/fr\\\/#organization\"},\"potentialAction\":[{\"@type\":\"SearchAction\",\"target\":{\"@type\":\"EntryPoint\",\"urlTemplate\":\"https:\\\/\\\/www.fireware.nl\\\/fr\\\/?s={search_term_string}\"},\"query-input\":{\"@type\":\"PropertyValueSpecification\",\"valueRequired\":true,\"valueName\":\"search_term_string\"}}],\"inLanguage\":\"fr-FR\"},{\"@type\":\"Organization\",\"@id\":\"https:\\\/\\\/www.fireware.nl\\\/fr\\\/#organization\",\"name\":\"FireWare\",\"url\":\"https:\\\/\\\/www.fireware.nl\\\/fr\\\/\",\"logo\":{\"@type\":\"ImageObject\",\"inLanguage\":\"fr-FR\",\"@id\":\"https:\\\/\\\/www.fireware.nl\\\/fr\\\/#\\\/schema\\\/logo\\\/image\\\/\",\"url\":\"https:\\\/\\\/www.fireware.nl\\\/wp-content\\\/uploads\\\/2018\\\/10\\\/fireware-logo.png\",\"contentUrl\":\"https:\\\/\\\/www.fireware.nl\\\/wp-content\\\/uploads\\\/2018\\\/10\\\/fireware-logo.png\",\"width\":200,\"height\":86,\"caption\":\"FireWare\"},\"image\":{\"@id\":\"https:\\\/\\\/www.fireware.nl\\\/fr\\\/#\\\/schema\\\/logo\\\/image\\\/\"},\"sameAs\":[\"https:\\\/\\\/www.facebook.com\\\/FireWareBV\\\/\",\"https:\\\/\\\/x.com\\\/FireWarebv\",\"https:\\\/\\\/www.instagram.com\\\/fireware_nl\\\/\",\"https:\\\/\\\/www.linkedin.com\\\/company\\\/3586017\\\/\",\"https:\\\/\\\/www.youtube.com\\\/user\\\/firesalesrentconsult\"]}]}<\/script>\n<!-- \/ Yoast SEO plugin. -->","yoast_head_json":{"title":"FireSpot Original - FireWare","robots":{"index":"index","follow":"follow","max-snippet":"max-snippet:-1","max-image-preview":"max-image-preview:large","max-video-preview":"max-video-preview:-1"},"canonical":"https:\/\/www.fireware.nl\/fr\/product\/firespot\/","og_locale":"fr_FR","og_type":"article","og_title":"FireSpot Original - FireWare","og_description":"Lampe incandescente \u00ab pr\u00eate \u00e0 l\u2019emploi \u00bb Avec ampoules LEDS rouges et oranges Convient \u00e0 la simulation d\u2019effets de flammes horizontaux et verticaux Toute indiqu\u00e9e pour colorer de la fum\u00e9e d\u2019exercice Bo\u00eetier IP67 compact","og_url":"https:\/\/www.fireware.nl\/fr\/product\/firespot\/","og_site_name":"FireWare","article_publisher":"https:\/\/www.facebook.com\/FireWareBV\/","article_modified_time":"2026-04-13T14:14:36+00:00","og_image":[{"width":600,"height":600,"url":"https:\/\/www.fireware.nl\/wp-content\/uploads\/2024\/04\/027-090-003_FireWare_FireSpot_3_600x600_20240409_FireSpot_mk2_xxl__001_web-1.jpg","type":"image\/jpeg"}],"twitter_card":"summary_large_image","twitter_site":"@FireWarebv","twitter_misc":{"Dur\u00e9e de lecture estim\u00e9e":"1 minute"},"schema":{"@context":"https:\/\/schema.org","@graph":[{"@type":"WebPage","@id":"https:\/\/www.fireware.nl\/fr\/product\/firespot\/","url":"https:\/\/www.fireware.nl\/fr\/product\/firespot\/","name":"FireSpot Original - FireWare","isPartOf":{"@id":"https:\/\/www.fireware.nl\/fr\/#website"},"primaryImageOfPage":{"@id":"https:\/\/www.fireware.nl\/fr\/product\/firespot\/#primaryimage"},"image":{"@id":"https:\/\/www.fireware.nl\/fr\/product\/firespot\/#primaryimage"},"thumbnailUrl":"https:\/\/www.fireware.nl\/wp-content\/uploads\/2024\/04\/027-090-003_FireWare_FireSpot_3_600x600_20240409_FireSpot_mk2_xxl__001_web-1.jpg","datePublished":"2019-01-23T12:15:41+00:00","dateModified":"2026-04-13T14:14:36+00:00","breadcrumb":{"@id":"https:\/\/www.fireware.nl\/fr\/product\/firespot\/#breadcrumb"},"inLanguage":"fr-FR","potentialAction":[{"@type":"ReadAction","target":["https:\/\/www.fireware.nl\/fr\/product\/firespot\/"]}]},{"@type":"ImageObject","inLanguage":"fr-FR","@id":"https:\/\/www.fireware.nl\/fr\/product\/firespot\/#primaryimage","url":"https:\/\/www.fireware.nl\/wp-content\/uploads\/2024\/04\/027-090-003_FireWare_FireSpot_3_600x600_20240409_FireSpot_mk2_xxl__001_web-1.jpg","contentUrl":"https:\/\/www.fireware.nl\/wp-content\/uploads\/2024\/04\/027-090-003_FireWare_FireSpot_3_600x600_20240409_FireSpot_mk2_xxl__001_web-1.jpg","width":600,"height":600},{"@type":"BreadcrumbList","@id":"https:\/\/www.fireware.nl\/fr\/product\/firespot\/#breadcrumb","itemListElement":[{"@type":"ListItem","position":1,"name":"Home","item":"https:\/\/www.fireware.nl\/fr\/"},{"@type":"ListItem","position":2,"name":"Produits","item":"https:\/\/www.fireware.nl\/fr\/produits\/"},{"@type":"ListItem","position":3,"name":"FireSpot Original"}]},{"@type":"WebSite","@id":"https:\/\/www.fireware.nl\/fr\/#website","url":"https:\/\/www.fireware.nl\/fr\/","name":"FireWare","description":"CREATING REALISTIC  TRAINING ENVIRONMENTS","publisher":{"@id":"https:\/\/www.fireware.nl\/fr\/#organization"},"potentialAction":[{"@type":"SearchAction","target":{"@type":"EntryPoint","urlTemplate":"https:\/\/www.fireware.nl\/fr\/?s={search_term_string}"},"query-input":{"@type":"PropertyValueSpecification","valueRequired":true,"valueName":"search_term_string"}}],"inLanguage":"fr-FR"},{"@type":"Organization","@id":"https:\/\/www.fireware.nl\/fr\/#organization","name":"FireWare","url":"https:\/\/www.fireware.nl\/fr\/","logo":{"@type":"ImageObject","inLanguage":"fr-FR","@id":"https:\/\/www.fireware.nl\/fr\/#\/schema\/logo\/image\/","url":"https:\/\/www.fireware.nl\/wp-content\/uploads\/2018\/10\/fireware-logo.png","contentUrl":"https:\/\/www.fireware.nl\/wp-content\/uploads\/2018\/10\/fireware-logo.png","width":200,"height":86,"caption":"FireWare"},"image":{"@id":"https:\/\/www.fireware.nl\/fr\/#\/schema\/logo\/image\/"},"sameAs":["https:\/\/www.facebook.com\/FireWareBV\/","https:\/\/x.com\/FireWarebv","https:\/\/www.instagram.com\/fireware_nl\/","https:\/\/www.linkedin.com\/company\/3586017\/","https:\/\/www.youtube.com\/user\/firesalesrentconsult"]}]}},"publishpress_future_workflow_manual_trigger":{"enabledWorkflows":[]},"_links":{"self":[{"href":"https:\/\/www.fireware.nl\/fr\/wp-json\/wp\/v2\/product\/19645","targetHints":{"allow":["GET"]}}],"collection":[{"href":"https:\/\/www.fireware.nl\/fr\/wp-json\/wp\/v2\/product"}],"about":[{"href":"https:\/\/www.fireware.nl\/fr\/wp-json\/wp\/v2\/types\/product"}],"wp:featuredmedia":[{"embeddable":true,"href":"https:\/\/www.fireware.nl\/fr\/wp-json\/wp\/v2\/media\/93923"}],"wp:attachment":[{"href":"https:\/\/www.fireware.nl\/fr\/wp-json\/wp\/v2\/media?parent=19645"}],"wp:term":[{"taxonomy":"product_brand","embeddable":true,"href":"https:\/\/www.fireware.nl\/fr\/wp-json\/wp\/v2\/product_brand?post=19645"},{"taxonomy":"product_cat","embeddable":true,"href":"https:\/\/www.fireware.nl\/fr\/wp-json\/wp\/v2\/product_cat?post=19645"},{"taxonomy":"product_tag","embeddable":true,"href":"https:\/\/www.fireware.nl\/fr\/wp-json\/wp\/v2\/product_tag?post=19645"}],"curies":[{"name":"wp","href":"https:\/\/api.w.org\/{rel}","templated":true}]}}