
{"id":19534,"date":"2019-01-23T12:15:50","date_gmt":"2019-01-23T12:15:50","guid":{"rendered":"http:\/\/fireware.sites.hyperhosting.co\/?post_type=product&#038;p=19534"},"modified":"2025-02-10T11:32:29","modified_gmt":"2025-02-10T11:32:29","slug":"duty-range-obese","status":"publish","type":"product","link":"https:\/\/www.fireware.nl\/fr\/product\/duty-range-obese\/","title":{"rendered":"Ruth Lee Duty Range Obese"},"content":{"rendered":"\r\n<h2>Manikins d\u2019entra\u00eenement Ruth Lee<\/h2>\r\n<p>Les Manikins d&#8217;entra\u00eenement Ruth Lee sont con\u00e7ues pour un entra\u00eenement r\u00e9aliste et efficace. Ces Manikins sont reconnues pour leur durabilit\u00e9 et leur polyvalence, id\u00e9ales pour former les pompiers, les sauveteurs, les services de secours et d&#8217;autres services d&#8217;urgence. Avec les Manikins d&#8217;entra\u00eenement Ruth Lee, vous pouvez simuler des sc\u00e9narios r\u00e9alistes, pr\u00e9parant ainsi les intervenants \u00e0 de vraies situations d&#8217;urgence. La gamme comprend des poup\u00e9es pour une vari\u00e9t\u00e9 de formations et dans diff\u00e9rentes tailles et poids.<\/p>\r\n<h2>Un mannequin \u00e0 tra\u00eener d\u2019un surpoids extr\u00eame<\/h2>\r\n<p>L\u2019Obese Rescue vous place devant un vrai d\u00e9fi. Il s\u2019agit d\u2019un mannequin \u00e0 tra\u00eener d\u2019un surpoids extr\u00eame. Ce poids est r\u00e9parti de mani\u00e8re tr\u00e8s r\u00e9aliste, rendant ainsi la prise tr\u00e8s difficile.<\/p>\r\n<p>Le mannequin a \u00e9t\u00e9 con\u00e7u \u00e0 partir d\u2019un mannequin standard de 100 kilogramme, recouvert de petites couches de graisse individuelles. Elles consistent en de petits paquets de 0,5 kilogramme, entour\u00e9s de nylon tr\u00e8s lisse. De cette fa\u00e7on, les paquets coulissent beaucoup plus facilement, cr\u00e9ant ainsi une structure de peau r\u00e9aliste et difficile \u00e0 manier. Ce mannequin de 90 kilos \/ 180 kilos \/ 260 kilos au total est un r\u00e9el d\u00e9fi!<\/p>\r\n<h2>Vid\u00e9o<\/h2>\r\n<p><iframe src=\"https:\/\/www.youtube.com\/embed\/v5ZU5YFnVbY\" width=\"560\" height=\"315\" frameborder=\"0\" allowfullscreen=\"allowfullscreen\"><\/iframe><\/p>\r\n","protected":false},"excerpt":{"rendered":"<ul>\n<li>Disponible dans les variantes 50 kg, 90 kg, 180 kg et 260 kg.<\/li>\n<li>Mannequin \u00e0 tra\u00eener avec surpoids extr\u00eame.<\/li>\n<li>Dispose d\u2019une structure \u00ab g\u00e9latineuse \u00bb.<\/li>\n<\/ul>\n","protected":false},"featured_media":105574,"template":"","meta":[],"product_brand":[],"product_cat":[122],"product_tag":[],"class_list":{"0":"post-19534","1":"product","2":"type-product","3":"status-publish","4":"has-post-thumbnail","6":"product_cat-mannequins-de-surpoids-extreme","7":"pa_gewicht-lengte-180-kg-180-cm-fr","8":"pa_gewicht-lengte-260-kg-180-cm-fr","9":"pa_gewicht-lengte-50-kg-180cm-fr","10":"pa_gewicht-lengte-90-kg-180-cm-fr","12":"first","13":"instock","14":"taxable","15":"shipping-taxable","16":"purchasable","17":"product-type-variable"},"yoast_head":"<!-- This site is optimized with the Yoast SEO plugin v27.2 - https:\/\/yoast.com\/product\/yoast-seo-wordpress\/ -->\n<title>Ruth Lee Duty Range Obese - FireWare<\/title>\n<meta name=\"robots\" content=\"index, follow, max-snippet:-1, max-image-preview:large, max-video-preview:-1\" \/>\n<link rel=\"canonical\" href=\"https:\/\/www.fireware.nl\/fr\/product\/duty-range-obese\/\" \/>\n<meta property=\"og:locale\" content=\"fr_FR\" \/>\n<meta property=\"og:type\" content=\"article\" \/>\n<meta property=\"og:title\" content=\"Ruth Lee Duty Range Obese - FireWare\" \/>\n<meta property=\"og:description\" content=\"Disponible dans les variantes 50 kg, 90 kg, 180 kg et 260 kg. Mannequin \u00e0 tra\u00eener avec surpoids extr\u00eame. Dispose d\u2019une structure \u00ab g\u00e9latineuse \u00bb.\" \/>\n<meta property=\"og:url\" content=\"https:\/\/www.fireware.nl\/fr\/product\/duty-range-obese\/\" \/>\n<meta property=\"og:site_name\" content=\"FireWare\" \/>\n<meta property=\"article:publisher\" content=\"https:\/\/www.facebook.com\/FireWareBV\/\" \/>\n<meta property=\"article:modified_time\" content=\"2025-02-10T11:32:29+00:00\" \/>\n<meta property=\"og:image\" content=\"https:\/\/www.fireware.nl\/wp-content\/uploads\/2019\/01\/017-043-115-Duty-Range-Obesitas_90kg-180cm_Staand.jpg\" \/>\n\t<meta property=\"og:image:width\" content=\"600\" \/>\n\t<meta property=\"og:image:height\" content=\"600\" \/>\n\t<meta property=\"og:image:type\" content=\"image\/jpeg\" \/>\n<meta name=\"twitter:card\" content=\"summary_large_image\" \/>\n<meta name=\"twitter:site\" content=\"@FireWarebv\" \/>\n<meta name=\"twitter:label1\" content=\"Dur\u00e9e de lecture estim\u00e9e\" \/>\n\t<meta name=\"twitter:data1\" content=\"2 minutes\" \/>\n<script type=\"application\/ld+json\" class=\"yoast-schema-graph\">{\"@context\":\"https:\/\/schema.org\",\"@graph\":[{\"@type\":\"WebPage\",\"@id\":\"https:\/\/www.fireware.nl\/fr\/product\/duty-range-obese\/\",\"url\":\"https:\/\/www.fireware.nl\/fr\/product\/duty-range-obese\/\",\"name\":\"Ruth Lee Duty Range Obese - FireWare\",\"isPartOf\":{\"@id\":\"https:\/\/www.fireware.nl\/fr\/#website\"},\"primaryImageOfPage\":{\"@id\":\"https:\/\/www.fireware.nl\/fr\/product\/duty-range-obese\/#primaryimage\"},\"image\":{\"@id\":\"https:\/\/www.fireware.nl\/fr\/product\/duty-range-obese\/#primaryimage\"},\"thumbnailUrl\":\"https:\/\/www.fireware.nl\/wp-content\/uploads\/2019\/01\/017-043-115-Duty-Range-Obesitas_90kg-180cm_Staand.jpg\",\"datePublished\":\"2019-01-23T12:15:50+00:00\",\"dateModified\":\"2025-02-10T11:32:29+00:00\",\"breadcrumb\":{\"@id\":\"https:\/\/www.fireware.nl\/fr\/product\/duty-range-obese\/#breadcrumb\"},\"inLanguage\":\"fr-FR\",\"potentialAction\":[{\"@type\":\"ReadAction\",\"target\":[\"https:\/\/www.fireware.nl\/fr\/product\/duty-range-obese\/\"]}]},{\"@type\":\"ImageObject\",\"inLanguage\":\"fr-FR\",\"@id\":\"https:\/\/www.fireware.nl\/fr\/product\/duty-range-obese\/#primaryimage\",\"url\":\"https:\/\/www.fireware.nl\/wp-content\/uploads\/2019\/01\/017-043-115-Duty-Range-Obesitas_90kg-180cm_Staand.jpg\",\"contentUrl\":\"https:\/\/www.fireware.nl\/wp-content\/uploads\/2019\/01\/017-043-115-Duty-Range-Obesitas_90kg-180cm_Staand.jpg\",\"width\":600,\"height\":600},{\"@type\":\"BreadcrumbList\",\"@id\":\"https:\/\/www.fireware.nl\/fr\/product\/duty-range-obese\/#breadcrumb\",\"itemListElement\":[{\"@type\":\"ListItem\",\"position\":1,\"name\":\"Home\",\"item\":\"https:\/\/www.fireware.nl\/fr\/\"},{\"@type\":\"ListItem\",\"position\":2,\"name\":\"Produits\",\"item\":\"https:\/\/www.fireware.nl\/fr\/produits\/\"},{\"@type\":\"ListItem\",\"position\":3,\"name\":\"Ruth Lee Duty Range Obese\"}]},{\"@type\":\"WebSite\",\"@id\":\"https:\/\/www.fireware.nl\/fr\/#website\",\"url\":\"https:\/\/www.fireware.nl\/fr\/\",\"name\":\"FireWare\",\"description\":\"CREATING REALISTIC  TRAINING ENVIRONMENTS\",\"publisher\":{\"@id\":\"https:\/\/www.fireware.nl\/fr\/#organization\"},\"potentialAction\":[{\"@type\":\"SearchAction\",\"target\":{\"@type\":\"EntryPoint\",\"urlTemplate\":\"https:\/\/www.fireware.nl\/fr\/?s={search_term_string}\"},\"query-input\":{\"@type\":\"PropertyValueSpecification\",\"valueRequired\":true,\"valueName\":\"search_term_string\"}}],\"inLanguage\":\"fr-FR\"},{\"@type\":\"Organization\",\"@id\":\"https:\/\/www.fireware.nl\/fr\/#organization\",\"name\":\"FireWare\",\"url\":\"https:\/\/www.fireware.nl\/fr\/\",\"logo\":{\"@type\":\"ImageObject\",\"inLanguage\":\"fr-FR\",\"@id\":\"https:\/\/www.fireware.nl\/fr\/#\/schema\/logo\/image\/\",\"url\":\"https:\/\/www.fireware.nl\/wp-content\/uploads\/2018\/10\/fireware-logo.png\",\"contentUrl\":\"https:\/\/www.fireware.nl\/wp-content\/uploads\/2018\/10\/fireware-logo.png\",\"width\":200,\"height\":86,\"caption\":\"FireWare\"},\"image\":{\"@id\":\"https:\/\/www.fireware.nl\/fr\/#\/schema\/logo\/image\/\"},\"sameAs\":[\"https:\/\/www.facebook.com\/FireWareBV\/\",\"https:\/\/x.com\/FireWarebv\",\"https:\/\/www.instagram.com\/fireware_nl\/\",\"https:\/\/www.linkedin.com\/company\/3586017\/\",\"https:\/\/www.youtube.com\/user\/firesalesrentconsult\"]}]}<\/script>\n<!-- \/ Yoast SEO plugin. -->","yoast_head_json":{"title":"Ruth Lee Duty Range Obese - FireWare","robots":{"index":"index","follow":"follow","max-snippet":"max-snippet:-1","max-image-preview":"max-image-preview:large","max-video-preview":"max-video-preview:-1"},"canonical":"https:\/\/www.fireware.nl\/fr\/product\/duty-range-obese\/","og_locale":"fr_FR","og_type":"article","og_title":"Ruth Lee Duty Range Obese - FireWare","og_description":"Disponible dans les variantes 50 kg, 90 kg, 180 kg et 260 kg. Mannequin \u00e0 tra\u00eener avec surpoids extr\u00eame. Dispose d\u2019une structure \u00ab g\u00e9latineuse \u00bb.","og_url":"https:\/\/www.fireware.nl\/fr\/product\/duty-range-obese\/","og_site_name":"FireWare","article_publisher":"https:\/\/www.facebook.com\/FireWareBV\/","article_modified_time":"2025-02-10T11:32:29+00:00","og_image":[{"width":600,"height":600,"url":"https:\/\/www.fireware.nl\/wp-content\/uploads\/2019\/01\/017-043-115-Duty-Range-Obesitas_90kg-180cm_Staand.jpg","type":"image\/jpeg"}],"twitter_card":"summary_large_image","twitter_site":"@FireWarebv","twitter_misc":{"Dur\u00e9e de lecture estim\u00e9e":"2 minutes"},"schema":{"@context":"https:\/\/schema.org","@graph":[{"@type":"WebPage","@id":"https:\/\/www.fireware.nl\/fr\/product\/duty-range-obese\/","url":"https:\/\/www.fireware.nl\/fr\/product\/duty-range-obese\/","name":"Ruth Lee Duty Range Obese - FireWare","isPartOf":{"@id":"https:\/\/www.fireware.nl\/fr\/#website"},"primaryImageOfPage":{"@id":"https:\/\/www.fireware.nl\/fr\/product\/duty-range-obese\/#primaryimage"},"image":{"@id":"https:\/\/www.fireware.nl\/fr\/product\/duty-range-obese\/#primaryimage"},"thumbnailUrl":"https:\/\/www.fireware.nl\/wp-content\/uploads\/2019\/01\/017-043-115-Duty-Range-Obesitas_90kg-180cm_Staand.jpg","datePublished":"2019-01-23T12:15:50+00:00","dateModified":"2025-02-10T11:32:29+00:00","breadcrumb":{"@id":"https:\/\/www.fireware.nl\/fr\/product\/duty-range-obese\/#breadcrumb"},"inLanguage":"fr-FR","potentialAction":[{"@type":"ReadAction","target":["https:\/\/www.fireware.nl\/fr\/product\/duty-range-obese\/"]}]},{"@type":"ImageObject","inLanguage":"fr-FR","@id":"https:\/\/www.fireware.nl\/fr\/product\/duty-range-obese\/#primaryimage","url":"https:\/\/www.fireware.nl\/wp-content\/uploads\/2019\/01\/017-043-115-Duty-Range-Obesitas_90kg-180cm_Staand.jpg","contentUrl":"https:\/\/www.fireware.nl\/wp-content\/uploads\/2019\/01\/017-043-115-Duty-Range-Obesitas_90kg-180cm_Staand.jpg","width":600,"height":600},{"@type":"BreadcrumbList","@id":"https:\/\/www.fireware.nl\/fr\/product\/duty-range-obese\/#breadcrumb","itemListElement":[{"@type":"ListItem","position":1,"name":"Home","item":"https:\/\/www.fireware.nl\/fr\/"},{"@type":"ListItem","position":2,"name":"Produits","item":"https:\/\/www.fireware.nl\/fr\/produits\/"},{"@type":"ListItem","position":3,"name":"Ruth Lee Duty Range Obese"}]},{"@type":"WebSite","@id":"https:\/\/www.fireware.nl\/fr\/#website","url":"https:\/\/www.fireware.nl\/fr\/","name":"FireWare","description":"CREATING REALISTIC  TRAINING ENVIRONMENTS","publisher":{"@id":"https:\/\/www.fireware.nl\/fr\/#organization"},"potentialAction":[{"@type":"SearchAction","target":{"@type":"EntryPoint","urlTemplate":"https:\/\/www.fireware.nl\/fr\/?s={search_term_string}"},"query-input":{"@type":"PropertyValueSpecification","valueRequired":true,"valueName":"search_term_string"}}],"inLanguage":"fr-FR"},{"@type":"Organization","@id":"https:\/\/www.fireware.nl\/fr\/#organization","name":"FireWare","url":"https:\/\/www.fireware.nl\/fr\/","logo":{"@type":"ImageObject","inLanguage":"fr-FR","@id":"https:\/\/www.fireware.nl\/fr\/#\/schema\/logo\/image\/","url":"https:\/\/www.fireware.nl\/wp-content\/uploads\/2018\/10\/fireware-logo.png","contentUrl":"https:\/\/www.fireware.nl\/wp-content\/uploads\/2018\/10\/fireware-logo.png","width":200,"height":86,"caption":"FireWare"},"image":{"@id":"https:\/\/www.fireware.nl\/fr\/#\/schema\/logo\/image\/"},"sameAs":["https:\/\/www.facebook.com\/FireWareBV\/","https:\/\/x.com\/FireWarebv","https:\/\/www.instagram.com\/fireware_nl\/","https:\/\/www.linkedin.com\/company\/3586017\/","https:\/\/www.youtube.com\/user\/firesalesrentconsult"]}]}},"publishpress_future_workflow_manual_trigger":{"enabledWorkflows":[]},"_links":{"self":[{"href":"https:\/\/www.fireware.nl\/fr\/wp-json\/wp\/v2\/product\/19534","targetHints":{"allow":["GET"]}}],"collection":[{"href":"https:\/\/www.fireware.nl\/fr\/wp-json\/wp\/v2\/product"}],"about":[{"href":"https:\/\/www.fireware.nl\/fr\/wp-json\/wp\/v2\/types\/product"}],"wp:featuredmedia":[{"embeddable":true,"href":"https:\/\/www.fireware.nl\/fr\/wp-json\/wp\/v2\/media\/105574"}],"wp:attachment":[{"href":"https:\/\/www.fireware.nl\/fr\/wp-json\/wp\/v2\/media?parent=19534"}],"wp:term":[{"taxonomy":"product_brand","embeddable":true,"href":"https:\/\/www.fireware.nl\/fr\/wp-json\/wp\/v2\/product_brand?post=19534"},{"taxonomy":"product_cat","embeddable":true,"href":"https:\/\/www.fireware.nl\/fr\/wp-json\/wp\/v2\/product_cat?post=19534"},{"taxonomy":"product_tag","embeddable":true,"href":"https:\/\/www.fireware.nl\/fr\/wp-json\/wp\/v2\/product_tag?post=19534"}],"curies":[{"name":"wp","href":"https:\/\/api.w.org\/{rel}","templated":true}]}}