
{"id":19430,"date":"2019-01-23T12:16:55","date_gmt":"2019-02-01T10:42:23","guid":{"rendered":"http:\/\/fireware.sites.hyperhosting.co\/?post_type=product&#038;p=19430"},"modified":"2021-04-30T12:21:09","modified_gmt":"2021-04-30T12:21:09","slug":"systeme-de-voies-respiratoires-de-la-serie-brad","status":"publish","type":"product","link":"https:\/\/www.fireware.nl\/fr\/produit\/systeme-de-voies-respiratoires-de-la-serie-brad\/","title":{"rendered":"Syst\u00e8me de Voies Respiratoires de la S\u00e9rie Brad"},"content":{"rendered":"<p>Le syst\u00e8me de voies respiratoires de la s\u00e9rie Brad s\u2019adapte parfaitement aux torses de r\u00e9animation\u00a0Brad,\u00a0Paul,\u00a0Carol,\u00a0Dinaet\u00a0Fat old Fred. Les voies respiratoires sont munies d\u2019une valve avec filtre, par lequel l\u2019air qui est insuffl\u00e9 dans les poumons est souffl\u00e9 vers l\u2019ext\u00e9rieur au moyen d\u2019un orifice d\u2019\u00e9vacuation de l\u2019air parall\u00e8le. Ce syst\u00e8me permet d\u2019\u00e9viter que les participants au cours se contaminent mutuellement. Les poumons se remplacent facilement, et il est recommand\u00e9 de les remplacer apr\u00e8s chaque journ\u00e9e d\u2019exercice. Les poumons sont disponibles en lot de 24 pi\u00e8ces.<\/p>\n","protected":false},"excerpt":{"rendered":"<ul>\n<li>Syst\u00e8me de voies respiratoires pour les mannequins Brad, Paul, Carol, Dina et Fat old Fred.<\/li>\n<li>Les voies respiratoires sont munies d\u2019une valve avec filtre.<\/li>\n<li>Permet d&#8217;\u00e9viter toute contamination r\u00e9ciproque\u00a0\u00e9ventuelle des participants au cours.<\/li>\n<li>Faciles \u00e0 placer.<\/li>\n<\/ul>\n","protected":false},"featured_media":46916,"template":"","meta":[],"product_brand":[],"product_cat":[2880],"product_tag":[],"class_list":{"0":"post-19430","1":"product","2":"type-product","3":"status-publish","4":"has-post-thumbnail","6":"product_cat-cpr-fr","8":"first","9":"instock","10":"taxable","11":"shipping-taxable","12":"purchasable","13":"product-type-simple"},"yoast_head":"<!-- This site is optimized with the Yoast SEO plugin v27.2 - https:\/\/yoast.com\/product\/yoast-seo-wordpress\/ -->\n<title>Syst\u00e8me de Voies Respiratoires de la S\u00e9rie Brad - FireWare<\/title>\n<meta name=\"robots\" content=\"index, follow, max-snippet:-1, max-image-preview:large, max-video-preview:-1\" \/>\n<link rel=\"canonical\" href=\"https:\/\/www.fireware.nl\/fr\/produit\/systeme-de-voies-respiratoires-de-la-serie-brad\/\" \/>\n<meta property=\"og:locale\" content=\"fr_FR\" \/>\n<meta property=\"og:type\" content=\"article\" \/>\n<meta property=\"og:title\" content=\"Syst\u00e8me de Voies Respiratoires de la S\u00e9rie Brad - FireWare\" \/>\n<meta property=\"og:description\" content=\"Syst\u00e8me de voies respiratoires pour les mannequins Brad, Paul, Carol, Dina et Fat old Fred.  Les voies respiratoires sont munies d\u2019une valve avec filtre.  Permet d&#039;\u00e9viter toute contamination r\u00e9ciproque\u00a0\u00e9ventuelle des participants au cours.  Faciles \u00e0 placer.\" \/>\n<meta property=\"og:url\" content=\"https:\/\/www.fireware.nl\/fr\/produit\/systeme-de-voies-respiratoires-de-la-serie-brad\/\" \/>\n<meta property=\"og:site_name\" content=\"FireWare\" \/>\n<meta property=\"article:publisher\" content=\"https:\/\/www.facebook.com\/FireWareBV\/\" \/>\n<meta property=\"article:modified_time\" content=\"2021-04-30T12:21:09+00:00\" \/>\n<meta property=\"og:image\" content=\"https:\/\/www.fireware.nl\/wp-content\/uploads\/2019\/01\/018-022-001-BRAD-Luchtweg-Systeem-24st.jpg\" \/>\n\t<meta property=\"og:image:width\" content=\"600\" \/>\n\t<meta property=\"og:image:height\" content=\"600\" \/>\n\t<meta property=\"og:image:type\" content=\"image\/jpeg\" \/>\n<meta name=\"twitter:card\" content=\"summary_large_image\" \/>\n<meta name=\"twitter:site\" content=\"@FireWarebv\" \/>\n<meta name=\"twitter:label1\" content=\"Dur\u00e9e de lecture estim\u00e9e\" \/>\n\t<meta name=\"twitter:data1\" content=\"1 minute\" \/>\n<script type=\"application\/ld+json\" class=\"yoast-schema-graph\">{\"@context\":\"https:\/\/schema.org\",\"@graph\":[{\"@type\":\"WebPage\",\"@id\":\"https:\/\/www.fireware.nl\/fr\/produit\/systeme-de-voies-respiratoires-de-la-serie-brad\/\",\"url\":\"https:\/\/www.fireware.nl\/fr\/produit\/systeme-de-voies-respiratoires-de-la-serie-brad\/\",\"name\":\"Syst\u00e8me de Voies Respiratoires de la S\u00e9rie Brad - FireWare\",\"isPartOf\":{\"@id\":\"https:\/\/www.fireware.nl\/fr\/#website\"},\"primaryImageOfPage\":{\"@id\":\"https:\/\/www.fireware.nl\/fr\/produit\/systeme-de-voies-respiratoires-de-la-serie-brad\/#primaryimage\"},\"image\":{\"@id\":\"https:\/\/www.fireware.nl\/fr\/produit\/systeme-de-voies-respiratoires-de-la-serie-brad\/#primaryimage\"},\"thumbnailUrl\":\"https:\/\/www.fireware.nl\/wp-content\/uploads\/2019\/01\/018-022-001-BRAD-Luchtweg-Systeem-24st.jpg\",\"datePublished\":\"2019-02-01T10:42:23+00:00\",\"dateModified\":\"2021-04-30T12:21:09+00:00\",\"breadcrumb\":{\"@id\":\"https:\/\/www.fireware.nl\/fr\/produit\/systeme-de-voies-respiratoires-de-la-serie-brad\/#breadcrumb\"},\"inLanguage\":\"fr-FR\",\"potentialAction\":[{\"@type\":\"ReadAction\",\"target\":[\"https:\/\/www.fireware.nl\/fr\/produit\/systeme-de-voies-respiratoires-de-la-serie-brad\/\"]}]},{\"@type\":\"ImageObject\",\"inLanguage\":\"fr-FR\",\"@id\":\"https:\/\/www.fireware.nl\/fr\/produit\/systeme-de-voies-respiratoires-de-la-serie-brad\/#primaryimage\",\"url\":\"https:\/\/www.fireware.nl\/wp-content\/uploads\/2019\/01\/018-022-001-BRAD-Luchtweg-Systeem-24st.jpg\",\"contentUrl\":\"https:\/\/www.fireware.nl\/wp-content\/uploads\/2019\/01\/018-022-001-BRAD-Luchtweg-Systeem-24st.jpg\",\"width\":600,\"height\":600},{\"@type\":\"BreadcrumbList\",\"@id\":\"https:\/\/www.fireware.nl\/fr\/produit\/systeme-de-voies-respiratoires-de-la-serie-brad\/#breadcrumb\",\"itemListElement\":[{\"@type\":\"ListItem\",\"position\":1,\"name\":\"Home\",\"item\":\"https:\/\/www.fireware.nl\/fr\/\"},{\"@type\":\"ListItem\",\"position\":2,\"name\":\"Produits\",\"item\":\"https:\/\/www.fireware.nl\/fr\/produits\/\"},{\"@type\":\"ListItem\",\"position\":3,\"name\":\"Syst\u00e8me de Voies Respiratoires de la S\u00e9rie Brad\"}]},{\"@type\":\"WebSite\",\"@id\":\"https:\/\/www.fireware.nl\/fr\/#website\",\"url\":\"https:\/\/www.fireware.nl\/fr\/\",\"name\":\"FireWare\",\"description\":\"CREATING REALISTIC  TRAINING ENVIRONMENTS\",\"publisher\":{\"@id\":\"https:\/\/www.fireware.nl\/fr\/#organization\"},\"potentialAction\":[{\"@type\":\"SearchAction\",\"target\":{\"@type\":\"EntryPoint\",\"urlTemplate\":\"https:\/\/www.fireware.nl\/fr\/?s={search_term_string}\"},\"query-input\":{\"@type\":\"PropertyValueSpecification\",\"valueRequired\":true,\"valueName\":\"search_term_string\"}}],\"inLanguage\":\"fr-FR\"},{\"@type\":\"Organization\",\"@id\":\"https:\/\/www.fireware.nl\/fr\/#organization\",\"name\":\"FireWare\",\"url\":\"https:\/\/www.fireware.nl\/fr\/\",\"logo\":{\"@type\":\"ImageObject\",\"inLanguage\":\"fr-FR\",\"@id\":\"https:\/\/www.fireware.nl\/fr\/#\/schema\/logo\/image\/\",\"url\":\"https:\/\/www.fireware.nl\/wp-content\/uploads\/2018\/10\/fireware-logo.png\",\"contentUrl\":\"https:\/\/www.fireware.nl\/wp-content\/uploads\/2018\/10\/fireware-logo.png\",\"width\":200,\"height\":86,\"caption\":\"FireWare\"},\"image\":{\"@id\":\"https:\/\/www.fireware.nl\/fr\/#\/schema\/logo\/image\/\"},\"sameAs\":[\"https:\/\/www.facebook.com\/FireWareBV\/\",\"https:\/\/x.com\/FireWarebv\",\"https:\/\/www.instagram.com\/fireware_nl\/\",\"https:\/\/www.linkedin.com\/company\/3586017\/\",\"https:\/\/www.youtube.com\/user\/firesalesrentconsult\"]}]}<\/script>\n<!-- \/ Yoast SEO plugin. -->","yoast_head_json":{"title":"Syst\u00e8me de Voies Respiratoires de la S\u00e9rie Brad - FireWare","robots":{"index":"index","follow":"follow","max-snippet":"max-snippet:-1","max-image-preview":"max-image-preview:large","max-video-preview":"max-video-preview:-1"},"canonical":"https:\/\/www.fireware.nl\/fr\/produit\/systeme-de-voies-respiratoires-de-la-serie-brad\/","og_locale":"fr_FR","og_type":"article","og_title":"Syst\u00e8me de Voies Respiratoires de la S\u00e9rie Brad - FireWare","og_description":"Syst\u00e8me de voies respiratoires pour les mannequins Brad, Paul, Carol, Dina et Fat old Fred.  Les voies respiratoires sont munies d\u2019une valve avec filtre.  Permet d'\u00e9viter toute contamination r\u00e9ciproque\u00a0\u00e9ventuelle des participants au cours.  Faciles \u00e0 placer.","og_url":"https:\/\/www.fireware.nl\/fr\/produit\/systeme-de-voies-respiratoires-de-la-serie-brad\/","og_site_name":"FireWare","article_publisher":"https:\/\/www.facebook.com\/FireWareBV\/","article_modified_time":"2021-04-30T12:21:09+00:00","og_image":[{"width":600,"height":600,"url":"https:\/\/www.fireware.nl\/wp-content\/uploads\/2019\/01\/018-022-001-BRAD-Luchtweg-Systeem-24st.jpg","type":"image\/jpeg"}],"twitter_card":"summary_large_image","twitter_site":"@FireWarebv","twitter_misc":{"Dur\u00e9e de lecture estim\u00e9e":"1 minute"},"schema":{"@context":"https:\/\/schema.org","@graph":[{"@type":"WebPage","@id":"https:\/\/www.fireware.nl\/fr\/produit\/systeme-de-voies-respiratoires-de-la-serie-brad\/","url":"https:\/\/www.fireware.nl\/fr\/produit\/systeme-de-voies-respiratoires-de-la-serie-brad\/","name":"Syst\u00e8me de Voies Respiratoires de la S\u00e9rie Brad - FireWare","isPartOf":{"@id":"https:\/\/www.fireware.nl\/fr\/#website"},"primaryImageOfPage":{"@id":"https:\/\/www.fireware.nl\/fr\/produit\/systeme-de-voies-respiratoires-de-la-serie-brad\/#primaryimage"},"image":{"@id":"https:\/\/www.fireware.nl\/fr\/produit\/systeme-de-voies-respiratoires-de-la-serie-brad\/#primaryimage"},"thumbnailUrl":"https:\/\/www.fireware.nl\/wp-content\/uploads\/2019\/01\/018-022-001-BRAD-Luchtweg-Systeem-24st.jpg","datePublished":"2019-02-01T10:42:23+00:00","dateModified":"2021-04-30T12:21:09+00:00","breadcrumb":{"@id":"https:\/\/www.fireware.nl\/fr\/produit\/systeme-de-voies-respiratoires-de-la-serie-brad\/#breadcrumb"},"inLanguage":"fr-FR","potentialAction":[{"@type":"ReadAction","target":["https:\/\/www.fireware.nl\/fr\/produit\/systeme-de-voies-respiratoires-de-la-serie-brad\/"]}]},{"@type":"ImageObject","inLanguage":"fr-FR","@id":"https:\/\/www.fireware.nl\/fr\/produit\/systeme-de-voies-respiratoires-de-la-serie-brad\/#primaryimage","url":"https:\/\/www.fireware.nl\/wp-content\/uploads\/2019\/01\/018-022-001-BRAD-Luchtweg-Systeem-24st.jpg","contentUrl":"https:\/\/www.fireware.nl\/wp-content\/uploads\/2019\/01\/018-022-001-BRAD-Luchtweg-Systeem-24st.jpg","width":600,"height":600},{"@type":"BreadcrumbList","@id":"https:\/\/www.fireware.nl\/fr\/produit\/systeme-de-voies-respiratoires-de-la-serie-brad\/#breadcrumb","itemListElement":[{"@type":"ListItem","position":1,"name":"Home","item":"https:\/\/www.fireware.nl\/fr\/"},{"@type":"ListItem","position":2,"name":"Produits","item":"https:\/\/www.fireware.nl\/fr\/produits\/"},{"@type":"ListItem","position":3,"name":"Syst\u00e8me de Voies Respiratoires de la S\u00e9rie Brad"}]},{"@type":"WebSite","@id":"https:\/\/www.fireware.nl\/fr\/#website","url":"https:\/\/www.fireware.nl\/fr\/","name":"FireWare","description":"CREATING REALISTIC  TRAINING ENVIRONMENTS","publisher":{"@id":"https:\/\/www.fireware.nl\/fr\/#organization"},"potentialAction":[{"@type":"SearchAction","target":{"@type":"EntryPoint","urlTemplate":"https:\/\/www.fireware.nl\/fr\/?s={search_term_string}"},"query-input":{"@type":"PropertyValueSpecification","valueRequired":true,"valueName":"search_term_string"}}],"inLanguage":"fr-FR"},{"@type":"Organization","@id":"https:\/\/www.fireware.nl\/fr\/#organization","name":"FireWare","url":"https:\/\/www.fireware.nl\/fr\/","logo":{"@type":"ImageObject","inLanguage":"fr-FR","@id":"https:\/\/www.fireware.nl\/fr\/#\/schema\/logo\/image\/","url":"https:\/\/www.fireware.nl\/wp-content\/uploads\/2018\/10\/fireware-logo.png","contentUrl":"https:\/\/www.fireware.nl\/wp-content\/uploads\/2018\/10\/fireware-logo.png","width":200,"height":86,"caption":"FireWare"},"image":{"@id":"https:\/\/www.fireware.nl\/fr\/#\/schema\/logo\/image\/"},"sameAs":["https:\/\/www.facebook.com\/FireWareBV\/","https:\/\/x.com\/FireWarebv","https:\/\/www.instagram.com\/fireware_nl\/","https:\/\/www.linkedin.com\/company\/3586017\/","https:\/\/www.youtube.com\/user\/firesalesrentconsult"]}]}},"publishpress_future_workflow_manual_trigger":{"enabledWorkflows":[]},"_links":{"self":[{"href":"https:\/\/www.fireware.nl\/fr\/wp-json\/wp\/v2\/product\/19430","targetHints":{"allow":["GET"]}}],"collection":[{"href":"https:\/\/www.fireware.nl\/fr\/wp-json\/wp\/v2\/product"}],"about":[{"href":"https:\/\/www.fireware.nl\/fr\/wp-json\/wp\/v2\/types\/product"}],"wp:featuredmedia":[{"embeddable":true,"href":"https:\/\/www.fireware.nl\/fr\/wp-json\/wp\/v2\/media\/46916"}],"wp:attachment":[{"href":"https:\/\/www.fireware.nl\/fr\/wp-json\/wp\/v2\/media?parent=19430"}],"wp:term":[{"taxonomy":"product_brand","embeddable":true,"href":"https:\/\/www.fireware.nl\/fr\/wp-json\/wp\/v2\/product_brand?post=19430"},{"taxonomy":"product_cat","embeddable":true,"href":"https:\/\/www.fireware.nl\/fr\/wp-json\/wp\/v2\/product_cat?post=19430"},{"taxonomy":"product_tag","embeddable":true,"href":"https:\/\/www.fireware.nl\/fr\/wp-json\/wp\/v2\/product_tag?post=19430"}],"curies":[{"name":"wp","href":"https:\/\/api.w.org\/{rel}","templated":true}]}}