
{"id":19365,"date":"2019-01-23T12:15:39","date_gmt":"2019-01-23T12:15:39","guid":{"rendered":"http:\/\/fireware.sites.hyperhosting.co\/?post_type=product&#038;p=19365"},"modified":"2024-11-26T13:44:34","modified_gmt":"2024-11-26T13:44:34","slug":"duty-range-manikin","status":"publish","type":"product","link":"https:\/\/www.fireware.nl\/fr\/product\/duty-range-manikin\/","title":{"rendered":"Ruth Lee Duty Range Manikin"},"content":{"rendered":"\r\n<h2>Mannequins d&#8217;entra\u00eenement Ruth Lee<\/h2>\r\n<p>Les mannequins d&#8217;entra\u00eenement Ruth Lee sont con\u00e7us pour des formations r\u00e9alistes et efficaces. Ces mannequins sont connus pour leur durabilit\u00e9 et leur polyvalence, id\u00e9als pour la formation des pompiers, des secouristes d&#8217;entreprise, des services de secours et autres services d&#8217;urgence. Avec les mannequins Ruth Lee, vous pouvez simuler des sc\u00e9narios r\u00e9alistes, permettant aux secouristes d&#8217;\u00eatre mieux pr\u00e9par\u00e9s aux situations d&#8217;urgence r\u00e9elles. La gamme comprend des mannequins pour divers types d&#8217;entra\u00eenement, disponibles en diff\u00e9rentes tailles et poids.<\/p>\r\n<h2>Mannequin d&#8217;exercice extr\u00eamement robuste et r\u00e9aliste<\/h2>\r\n<p>Les mannequins de la gamme Duty sont les mannequins d&#8217;entra\u00eenement polyvalents de Ruth Lee. Ils simulent une victime inconsciente et sont disponibles en plusieurs tailles et poids. Le mannequin est r\u00e9aliste \u00e0 manipuler : des sauvetages avec prise Rautek ou des soins apr\u00e8s placement en position lat\u00e9rale de s\u00e9curit\u00e9 sont possibles. Le mannequin porte une combinaison solide et des bottes en caoutchouc robustes.<br \/>Le mannequin de la gamme Duty de Ruth Lee a un rapport longueur\/poids r\u00e9aliste. Le remplissage \u00e0 l&#8217;int\u00e9rieur du mannequin est fixe, garantissant que tous les membres ont un poids r\u00e9aliste qui ne se d\u00e9place pas. Le mannequin est tr\u00e8s robuste et peut \u00eatre \u00e9cras\u00e9 ou tomber d&#8217;une grande hauteur sans subir de dommages. Il y a une solide boucle \u00e0 l&#8217;arri\u00e8re, ce qui permet de le saisir facilement lors des pr\u00e9parations.<\/p>\r\n<p>Le mannequin peut \u00eatre utilis\u00e9 dans des espaces d&#8217;entra\u00eenement o\u00f9 il y a du feu et r\u00e9siste \u00e0 des temp\u00e9ratures allant jusqu&#8217;\u00e0 100 degr\u00e9s Celsius. Pour des conditions plus chaudes, il existe des alternatives telles que <a href=\"https:\/\/www.fireware.nl\/fr\/product\/firehouse-mannequin\/\" target=\"_blank\" rel=\"noopener\">Firehouse Mannequin\u00a0<\/a>ou le <a href=\"https:\/\/www.fireware.nl\/fr\/produit\/mannequin-de-feu-silver\/\" target=\"_blank\" rel=\"noopener\">mannequin de feu Silver<\/a>. Le mannequin est \u00e9galement adapt\u00e9 aux sauvetages en hauteur avec un harnais, mais le <a href=\"https:\/\/www.fireware.nl\/fr\/produit\/mannequin-de-feu-silver\/\" target=\"_blank\" rel=\"noopener\">Working at Height mannequin<\/a>, extr\u00eamement robuste, est sp\u00e9cialement con\u00e7u pour cet usage et est donc mieux adapt\u00e9.<\/p>\r\n<h2>Voir la vid\u00e9o<\/h2>\r\n<p><iframe src=\"https:\/\/player.vimeo.com\/video\/451474086\" width=\"640\" height=\"360\" frameborder=\"0\" allowfullscreen=\"allowfullscreen\"><\/iframe><\/p>\r\n","protected":false},"excerpt":{"rendered":"<ul>\n<li>La r\u00e9partition r\u00e9aliste du poids donne la sensation d&#8217;une victime inconsciente.<\/li>\n<li>Une solide boucle permet une manipulation, un levage, un rangement et une suspension pour le s\u00e9chage faciles.<\/li>\n<li>Assez robuste pour \u00eatre plac\u00e9e sous du b\u00e9ton ou des poutres en acier, \u00eatre \u00e9cras\u00e9e ou tomber d&#8217;une fen\u00eatre du deuxi\u00e8me \u00e9tage sans subir de dommages.<\/li>\n<li>Fabriqu\u00e9e en mat\u00e9riau hydrofuge et ignifuge, ce qui la rend adapt\u00e9e aux sc\u00e9narios humides ou sales.<\/li>\n<li>Les articulations souples \u00e9liminent le risque de pincements ou d&#8217;ecchymoses, des blessures courantes lors de l&#8217;utilisation de mannequins en plastique.<\/li>\n<li>Un collier cervical peut \u00eatre plac\u00e9 sur les mannequins adultes pour prodiguer les soins appropri\u00e9s \u00e0 la victime.<\/li>\n<li>Fournie avec des bottes et une combinaison. En cas d&#8217;usure, ces accessoires peuvent \u00eatre command\u00e9s \u00e0 nouveau pour prolonger la dur\u00e9e de vie du mannequin.<\/li>\n<\/ul>\n","protected":false},"featured_media":105581,"template":"","meta":[],"product_brand":[],"product_cat":[110],"product_tag":[],"class_list":{"0":"post-19365","1":"product","2":"type-product","3":"status-publish","4":"has-post-thumbnail","6":"product_cat-mannequins-de-sauvetage-et-a-levacuation","7":"pa_gewicht-lengte-10-kg-90cm-fr-2","8":"pa_gewicht-lengte-20-kg-130cm-fr","9":"pa_gewicht-lengte-20kg-180cm-fr","10":"pa_gewicht-lengte-30kg-180cm-fr","11":"pa_gewicht-lengte-50kg-180cm-fr","12":"pa_gewicht-lengte-5kg-70cm-fr","13":"pa_gewicht-lengte-70-kg-180cm-fr","14":"pa_gewicht-lengte-75-kg-180cm-fr","15":"pa_gewicht-lengte-90-kg-180-cm-fr","17":"first","18":"instock","19":"taxable","20":"shipping-taxable","21":"purchasable","22":"product-type-variable"},"yoast_head":"<!-- This site is optimized with the Yoast SEO plugin v27.4 - https:\/\/yoast.com\/product\/yoast-seo-wordpress\/ -->\n<title>Ruth Lee Duty Range Manikin - FireWare<\/title>\n<meta name=\"robots\" content=\"index, follow, max-snippet:-1, max-image-preview:large, max-video-preview:-1\" \/>\n<link rel=\"canonical\" href=\"https:\/\/www.fireware.nl\/fr\/product\/duty-range-manikin\/\" \/>\n<meta property=\"og:locale\" content=\"fr_FR\" \/>\n<meta property=\"og:type\" content=\"article\" \/>\n<meta property=\"og:title\" content=\"Ruth Lee Duty Range Manikin - FireWare\" \/>\n<meta property=\"og:description\" content=\"La r\u00e9partition r\u00e9aliste du poids donne la sensation d&#039;une victime inconsciente. Une solide boucle permet une manipulation, un levage, un rangement et une suspension pour le s\u00e9chage faciles. Assez robuste pour \u00eatre plac\u00e9e sous du b\u00e9ton ou des poutres en acier, \u00eatre \u00e9cras\u00e9e ou tomber d&#039;une fen\u00eatre du deuxi\u00e8me \u00e9tage sans subir de dommages. Fabriqu\u00e9e en mat\u00e9riau hydrofuge et ignifuge, ce qui la rend adapt\u00e9e aux sc\u00e9narios humides ou sales. Les articulations souples \u00e9liminent le risque de pincements ou d&#039;ecchymoses, des blessures courantes lors de l&#039;utilisation de mannequins en plastique. Un collier cervical peut \u00eatre plac\u00e9 sur les mannequins adultes pour prodiguer les soins appropri\u00e9s \u00e0 la victime. Fournie avec des bottes et une combinaison. En cas d&#039;usure, ces accessoires peuvent \u00eatre command\u00e9s \u00e0 nouveau pour prolonger la dur\u00e9e de vie du mannequin.\" \/>\n<meta property=\"og:url\" content=\"https:\/\/www.fireware.nl\/fr\/product\/duty-range-manikin\/\" \/>\n<meta property=\"og:site_name\" content=\"FireWare\" \/>\n<meta property=\"article:publisher\" content=\"https:\/\/www.facebook.com\/FireWareBV\/\" \/>\n<meta property=\"article:modified_time\" content=\"2024-11-26T13:44:34+00:00\" \/>\n<meta property=\"og:image\" content=\"https:\/\/www.fireware.nl\/wp-content\/uploads\/2019\/01\/Duty-Range.jpg\" \/>\n\t<meta property=\"og:image:width\" content=\"600\" \/>\n\t<meta property=\"og:image:height\" content=\"600\" \/>\n\t<meta property=\"og:image:type\" content=\"image\/jpeg\" \/>\n<meta name=\"twitter:card\" content=\"summary_large_image\" \/>\n<meta name=\"twitter:site\" content=\"@FireWarebv\" \/>\n<meta name=\"twitter:label1\" content=\"Dur\u00e9e de lecture estim\u00e9e\" \/>\n\t<meta name=\"twitter:data1\" content=\"2 minutes\" \/>\n<script type=\"application\/ld+json\" class=\"yoast-schema-graph\">{\"@context\":\"https:\\\/\\\/schema.org\",\"@graph\":[{\"@type\":\"WebPage\",\"@id\":\"https:\\\/\\\/www.fireware.nl\\\/fr\\\/product\\\/duty-range-manikin\\\/\",\"url\":\"https:\\\/\\\/www.fireware.nl\\\/fr\\\/product\\\/duty-range-manikin\\\/\",\"name\":\"Ruth Lee Duty Range Manikin - FireWare\",\"isPartOf\":{\"@id\":\"https:\\\/\\\/www.fireware.nl\\\/fr\\\/#website\"},\"primaryImageOfPage\":{\"@id\":\"https:\\\/\\\/www.fireware.nl\\\/fr\\\/product\\\/duty-range-manikin\\\/#primaryimage\"},\"image\":{\"@id\":\"https:\\\/\\\/www.fireware.nl\\\/fr\\\/product\\\/duty-range-manikin\\\/#primaryimage\"},\"thumbnailUrl\":\"https:\\\/\\\/www.fireware.nl\\\/wp-content\\\/uploads\\\/2019\\\/01\\\/Duty-Range-overzicht.jpg\",\"datePublished\":\"2019-01-23T12:15:39+00:00\",\"dateModified\":\"2024-11-26T13:44:34+00:00\",\"breadcrumb\":{\"@id\":\"https:\\\/\\\/www.fireware.nl\\\/fr\\\/product\\\/duty-range-manikin\\\/#breadcrumb\"},\"inLanguage\":\"fr-FR\",\"potentialAction\":[{\"@type\":\"ReadAction\",\"target\":[\"https:\\\/\\\/www.fireware.nl\\\/fr\\\/product\\\/duty-range-manikin\\\/\"]}]},{\"@type\":\"ImageObject\",\"inLanguage\":\"fr-FR\",\"@id\":\"https:\\\/\\\/www.fireware.nl\\\/fr\\\/product\\\/duty-range-manikin\\\/#primaryimage\",\"url\":\"https:\\\/\\\/www.fireware.nl\\\/wp-content\\\/uploads\\\/2019\\\/01\\\/Duty-Range-overzicht.jpg\",\"contentUrl\":\"https:\\\/\\\/www.fireware.nl\\\/wp-content\\\/uploads\\\/2019\\\/01\\\/Duty-Range-overzicht.jpg\",\"width\":600,\"height\":600},{\"@type\":\"BreadcrumbList\",\"@id\":\"https:\\\/\\\/www.fireware.nl\\\/fr\\\/product\\\/duty-range-manikin\\\/#breadcrumb\",\"itemListElement\":[{\"@type\":\"ListItem\",\"position\":1,\"name\":\"Home\",\"item\":\"https:\\\/\\\/www.fireware.nl\\\/fr\\\/\"},{\"@type\":\"ListItem\",\"position\":2,\"name\":\"Produits\",\"item\":\"https:\\\/\\\/www.fireware.nl\\\/fr\\\/produits\\\/\"},{\"@type\":\"ListItem\",\"position\":3,\"name\":\"Ruth Lee Duty Range Manikin\"}]},{\"@type\":\"WebSite\",\"@id\":\"https:\\\/\\\/www.fireware.nl\\\/fr\\\/#website\",\"url\":\"https:\\\/\\\/www.fireware.nl\\\/fr\\\/\",\"name\":\"FireWare\",\"description\":\"CREATING REALISTIC  TRAINING ENVIRONMENTS\",\"publisher\":{\"@id\":\"https:\\\/\\\/www.fireware.nl\\\/fr\\\/#organization\"},\"potentialAction\":[{\"@type\":\"SearchAction\",\"target\":{\"@type\":\"EntryPoint\",\"urlTemplate\":\"https:\\\/\\\/www.fireware.nl\\\/fr\\\/?s={search_term_string}\"},\"query-input\":{\"@type\":\"PropertyValueSpecification\",\"valueRequired\":true,\"valueName\":\"search_term_string\"}}],\"inLanguage\":\"fr-FR\"},{\"@type\":\"Organization\",\"@id\":\"https:\\\/\\\/www.fireware.nl\\\/fr\\\/#organization\",\"name\":\"FireWare\",\"url\":\"https:\\\/\\\/www.fireware.nl\\\/fr\\\/\",\"logo\":{\"@type\":\"ImageObject\",\"inLanguage\":\"fr-FR\",\"@id\":\"https:\\\/\\\/www.fireware.nl\\\/fr\\\/#\\\/schema\\\/logo\\\/image\\\/\",\"url\":\"https:\\\/\\\/www.fireware.nl\\\/wp-content\\\/uploads\\\/2018\\\/10\\\/fireware-logo.png\",\"contentUrl\":\"https:\\\/\\\/www.fireware.nl\\\/wp-content\\\/uploads\\\/2018\\\/10\\\/fireware-logo.png\",\"width\":200,\"height\":86,\"caption\":\"FireWare\"},\"image\":{\"@id\":\"https:\\\/\\\/www.fireware.nl\\\/fr\\\/#\\\/schema\\\/logo\\\/image\\\/\"},\"sameAs\":[\"https:\\\/\\\/www.facebook.com\\\/FireWareBV\\\/\",\"https:\\\/\\\/x.com\\\/FireWarebv\",\"https:\\\/\\\/www.instagram.com\\\/fireware_nl\\\/\",\"https:\\\/\\\/www.linkedin.com\\\/company\\\/3586017\\\/\",\"https:\\\/\\\/www.youtube.com\\\/user\\\/firesalesrentconsult\"]}]}<\/script>\n<!-- \/ Yoast SEO plugin. -->","yoast_head_json":{"title":"Ruth Lee Duty Range Manikin - FireWare","robots":{"index":"index","follow":"follow","max-snippet":"max-snippet:-1","max-image-preview":"max-image-preview:large","max-video-preview":"max-video-preview:-1"},"canonical":"https:\/\/www.fireware.nl\/fr\/product\/duty-range-manikin\/","og_locale":"fr_FR","og_type":"article","og_title":"Ruth Lee Duty Range Manikin - FireWare","og_description":"La r\u00e9partition r\u00e9aliste du poids donne la sensation d'une victime inconsciente. Une solide boucle permet une manipulation, un levage, un rangement et une suspension pour le s\u00e9chage faciles. Assez robuste pour \u00eatre plac\u00e9e sous du b\u00e9ton ou des poutres en acier, \u00eatre \u00e9cras\u00e9e ou tomber d'une fen\u00eatre du deuxi\u00e8me \u00e9tage sans subir de dommages. Fabriqu\u00e9e en mat\u00e9riau hydrofuge et ignifuge, ce qui la rend adapt\u00e9e aux sc\u00e9narios humides ou sales. Les articulations souples \u00e9liminent le risque de pincements ou d'ecchymoses, des blessures courantes lors de l'utilisation de mannequins en plastique. Un collier cervical peut \u00eatre plac\u00e9 sur les mannequins adultes pour prodiguer les soins appropri\u00e9s \u00e0 la victime. Fournie avec des bottes et une combinaison. En cas d'usure, ces accessoires peuvent \u00eatre command\u00e9s \u00e0 nouveau pour prolonger la dur\u00e9e de vie du mannequin.","og_url":"https:\/\/www.fireware.nl\/fr\/product\/duty-range-manikin\/","og_site_name":"FireWare","article_publisher":"https:\/\/www.facebook.com\/FireWareBV\/","article_modified_time":"2024-11-26T13:44:34+00:00","og_image":[{"width":600,"height":600,"url":"https:\/\/www.fireware.nl\/wp-content\/uploads\/2019\/01\/Duty-Range.jpg","type":"image\/jpeg"}],"twitter_card":"summary_large_image","twitter_site":"@FireWarebv","twitter_misc":{"Dur\u00e9e de lecture estim\u00e9e":"2 minutes"},"schema":{"@context":"https:\/\/schema.org","@graph":[{"@type":"WebPage","@id":"https:\/\/www.fireware.nl\/fr\/product\/duty-range-manikin\/","url":"https:\/\/www.fireware.nl\/fr\/product\/duty-range-manikin\/","name":"Ruth Lee Duty Range Manikin - FireWare","isPartOf":{"@id":"https:\/\/www.fireware.nl\/fr\/#website"},"primaryImageOfPage":{"@id":"https:\/\/www.fireware.nl\/fr\/product\/duty-range-manikin\/#primaryimage"},"image":{"@id":"https:\/\/www.fireware.nl\/fr\/product\/duty-range-manikin\/#primaryimage"},"thumbnailUrl":"https:\/\/www.fireware.nl\/wp-content\/uploads\/2019\/01\/Duty-Range-overzicht.jpg","datePublished":"2019-01-23T12:15:39+00:00","dateModified":"2024-11-26T13:44:34+00:00","breadcrumb":{"@id":"https:\/\/www.fireware.nl\/fr\/product\/duty-range-manikin\/#breadcrumb"},"inLanguage":"fr-FR","potentialAction":[{"@type":"ReadAction","target":["https:\/\/www.fireware.nl\/fr\/product\/duty-range-manikin\/"]}]},{"@type":"ImageObject","inLanguage":"fr-FR","@id":"https:\/\/www.fireware.nl\/fr\/product\/duty-range-manikin\/#primaryimage","url":"https:\/\/www.fireware.nl\/wp-content\/uploads\/2019\/01\/Duty-Range-overzicht.jpg","contentUrl":"https:\/\/www.fireware.nl\/wp-content\/uploads\/2019\/01\/Duty-Range-overzicht.jpg","width":600,"height":600},{"@type":"BreadcrumbList","@id":"https:\/\/www.fireware.nl\/fr\/product\/duty-range-manikin\/#breadcrumb","itemListElement":[{"@type":"ListItem","position":1,"name":"Home","item":"https:\/\/www.fireware.nl\/fr\/"},{"@type":"ListItem","position":2,"name":"Produits","item":"https:\/\/www.fireware.nl\/fr\/produits\/"},{"@type":"ListItem","position":3,"name":"Ruth Lee Duty Range Manikin"}]},{"@type":"WebSite","@id":"https:\/\/www.fireware.nl\/fr\/#website","url":"https:\/\/www.fireware.nl\/fr\/","name":"FireWare","description":"CREATING REALISTIC  TRAINING ENVIRONMENTS","publisher":{"@id":"https:\/\/www.fireware.nl\/fr\/#organization"},"potentialAction":[{"@type":"SearchAction","target":{"@type":"EntryPoint","urlTemplate":"https:\/\/www.fireware.nl\/fr\/?s={search_term_string}"},"query-input":{"@type":"PropertyValueSpecification","valueRequired":true,"valueName":"search_term_string"}}],"inLanguage":"fr-FR"},{"@type":"Organization","@id":"https:\/\/www.fireware.nl\/fr\/#organization","name":"FireWare","url":"https:\/\/www.fireware.nl\/fr\/","logo":{"@type":"ImageObject","inLanguage":"fr-FR","@id":"https:\/\/www.fireware.nl\/fr\/#\/schema\/logo\/image\/","url":"https:\/\/www.fireware.nl\/wp-content\/uploads\/2018\/10\/fireware-logo.png","contentUrl":"https:\/\/www.fireware.nl\/wp-content\/uploads\/2018\/10\/fireware-logo.png","width":200,"height":86,"caption":"FireWare"},"image":{"@id":"https:\/\/www.fireware.nl\/fr\/#\/schema\/logo\/image\/"},"sameAs":["https:\/\/www.facebook.com\/FireWareBV\/","https:\/\/x.com\/FireWarebv","https:\/\/www.instagram.com\/fireware_nl\/","https:\/\/www.linkedin.com\/company\/3586017\/","https:\/\/www.youtube.com\/user\/firesalesrentconsult"]}]}},"publishpress_future_workflow_manual_trigger":{"enabledWorkflows":[]},"_links":{"self":[{"href":"https:\/\/www.fireware.nl\/fr\/wp-json\/wp\/v2\/product\/19365","targetHints":{"allow":["GET"]}}],"collection":[{"href":"https:\/\/www.fireware.nl\/fr\/wp-json\/wp\/v2\/product"}],"about":[{"href":"https:\/\/www.fireware.nl\/fr\/wp-json\/wp\/v2\/types\/product"}],"wp:featuredmedia":[{"embeddable":true,"href":"https:\/\/www.fireware.nl\/fr\/wp-json\/wp\/v2\/media\/105581"}],"wp:attachment":[{"href":"https:\/\/www.fireware.nl\/fr\/wp-json\/wp\/v2\/media?parent=19365"}],"wp:term":[{"taxonomy":"product_brand","embeddable":true,"href":"https:\/\/www.fireware.nl\/fr\/wp-json\/wp\/v2\/product_brand?post=19365"},{"taxonomy":"product_cat","embeddable":true,"href":"https:\/\/www.fireware.nl\/fr\/wp-json\/wp\/v2\/product_cat?post=19365"},{"taxonomy":"product_tag","embeddable":true,"href":"https:\/\/www.fireware.nl\/fr\/wp-json\/wp\/v2\/product_tag?post=19365"}],"curies":[{"name":"wp","href":"https:\/\/api.w.org\/{rel}","templated":true}]}}