
{"id":19360,"date":"2019-01-23T12:15:48","date_gmt":"2019-01-23T12:15:48","guid":{"rendered":"http:\/\/fireware.sites.hyperhosting.co\/?post_type=product&#038;p=19360"},"modified":"2025-03-31T12:35:21","modified_gmt":"2025-03-31T12:35:21","slug":"beagle-bobby","status":"publish","type":"product","link":"https:\/\/www.fireware.nl\/fr\/product\/beagle-bobby\/","title":{"rendered":"Ruth Lee Beagle Bobby"},"content":{"rendered":"<div class=\"flex-shrink-0 flex flex-col relative items-end\">\n<div>\n<div class=\"pt-0\">\n<div class=\"gizmo-bot-avatar flex h-8 w-8 items-center justify-center overflow-hidden rounded-full\">\n<h2 class=\"relative p-1 rounded-sm flex items-center justify-center bg-token-main-surface-primary text-token-text-primary h-8 w-8\">Mannequins d&#8217;entra\u00eenement Ruth Lee<\/h2>\n<\/div>\n<\/div>\n<\/div>\n<\/div>\n<div class=\"group\/conversation-turn relative flex w-full min-w-0 flex-col agent-turn\">\n<div class=\"flex-col gap-1 md:gap-3\">\n<div class=\"flex max-w-full flex-col flex-grow\">\n<div class=\"min-h-8 text-message flex w-full flex-col items-end gap-2 whitespace-normal break-words [.text-message+&amp;]:mt-5\" dir=\"auto\" data-message-author-role=\"assistant\" data-message-id=\"8d2f4b99-703a-455c-829f-2c0ed329e67a\" data-message-model-slug=\"gpt-4o\">\n<div class=\"flex w-full flex-col gap-1 empty:hidden first:pt-[3px]\">\n<div class=\"markdown prose w-full break-words dark:prose-invert dark\">\n<p>Les mannequins d&#8217;entra\u00eenement Ruth Lee sont con\u00e7us pour un entra\u00eenement r\u00e9aliste et efficace. Ces mannequins sont r\u00e9put\u00e9s pour leur durabilit\u00e9 et leur polyvalence, id\u00e9aux pour la formation des pompiers, des secouristes, des services de sauvetage et autres services d&#8217;urgence. Avec les mannequins Ruth Lee, vous pouvez simuler des sc\u00e9narios r\u00e9alistes, permettant aux secouristes d&#8217;\u00eatre mieux pr\u00e9par\u00e9s aux situations d&#8217;urgence r\u00e9elles. La gamme comprend des mannequins adapt\u00e9s \u00e0 divers types de formation, disponibles en plusieurs tailles et poids.<\/p>\n<h2>Compagnon \u00e0 quatre pattes<\/h2>\n<p>Lors d&#8217;un incendie ou d&#8217;un accident, des animaux sont souvent impliqu\u00e9s aux c\u00f4t\u00e9s des personnes. Beaucoup de gens ont un lien \u00e9motionnel fort avec leur chien ou leur chat. En tant que secouriste, il est donc important de pr\u00eater attention au sauvetage des animaux de compagnie, tout en d\u00e9finissant les bonnes priorit\u00e9s. Allez-vous \u00eatre distrait par un chien qui aboie alors que votre mission \u00e9tait de trouver une victime humaine ? C\u2019est pour cela que Beagle Bobby a \u00e9t\u00e9 con\u00e7u.<\/p>\n<p>Combinez Beagle Bobby avec les aboiements \u00e9mis par le <a href=\"https:\/\/www.fireware.nl\/fr\/product\/soundbox-v3\/\" target=\"_blank\" rel=\"noopener\">FireWare SoundBox V3<\/a>, <a href=\"https:\/\/www.fireware.nl\/fr\/product\/pandoras-box\/\" target=\"_blank\" rel=\"noopener\">Pandora\u2019s Box V4<\/a> ou <a href=\"https:\/\/www.fireware.nl\/fr\/product\/boite-de-pandore-230\/\" target=\"_blank\" rel=\"noopener\">Pandora\u2019s Box 230<\/a>, afin qu&#8217;il soit bien remarqu\u00e9 et rende vos sc\u00e9narios encore plus r\u00e9alistes.<\/p>\n<\/div>\n<\/div>\n<\/div>\n<\/div>\n<\/div>\n<\/div>\n","protected":false},"excerpt":{"rendered":"<ul>\n<li>R\u00e9partition anatomiquement correcte du poids pour donner la sensation d&#8217;un vrai chien<\/li>\n<li>Assez r\u00e9sistant pour \u00eatre plac\u00e9 sous du b\u00e9ton ou des poutres en acier, \u00eatre \u00e9cras\u00e9 ou tomber d&#8217;une fen\u00eatre du deuxi\u00e8me \u00e9tage sans subir de dommages<\/li>\n<li>Fabriqu\u00e9 en mat\u00e9riau d\u00e9perlant et ignifuge, ce qui rend Bobby adapt\u00e9 aux sc\u00e9narios humides ou salissants<\/li>\n<li>Peut supporter des temp\u00e9ratures allant jusqu&#8217;\u00e0 100\u00b0C, mais ne doit pas \u00eatre expos\u00e9 \u00e0 des temp\u00e9ratures \u00e9lev\u00e9es prolong\u00e9es ou \u00e0 des flammes nues. Il coule dans l&#8217;eau.<\/li>\n<li>Disponible en 3 poids : 10 kg, 20 kg et 25 kg.<\/li>\n<\/ul>\n","protected":false},"featured_media":46746,"template":"","meta":[],"product_brand":[],"product_cat":[110],"product_tag":[],"class_list":{"0":"post-19360","1":"product","2":"type-product","3":"status-publish","4":"has-post-thumbnail","6":"product_cat-mannequins-de-sauvetage-et-a-levacuation","8":"first","9":"instock","10":"taxable","11":"shipping-taxable","12":"purchasable","13":"product-type-variable"},"yoast_head":"<!-- This site is optimized with the Yoast SEO plugin v27.4 - https:\/\/yoast.com\/product\/yoast-seo-wordpress\/ -->\n<title>Ruth Lee Beagle Bobby - FireWare<\/title>\n<meta name=\"robots\" content=\"index, follow, max-snippet:-1, max-image-preview:large, max-video-preview:-1\" \/>\n<link rel=\"canonical\" href=\"https:\/\/www.fireware.nl\/fr\/product\/beagle-bobby\/\" \/>\n<meta property=\"og:locale\" content=\"fr_FR\" \/>\n<meta property=\"og:type\" content=\"article\" \/>\n<meta property=\"og:title\" content=\"Ruth Lee Beagle Bobby - FireWare\" \/>\n<meta property=\"og:description\" content=\"R\u00e9partition anatomiquement correcte du poids pour donner la sensation d&#039;un vrai chien  Assez r\u00e9sistant pour \u00eatre plac\u00e9 sous du b\u00e9ton ou des poutres en acier, \u00eatre \u00e9cras\u00e9 ou tomber d&#039;une fen\u00eatre du deuxi\u00e8me \u00e9tage sans subir de dommages  Fabriqu\u00e9 en mat\u00e9riau d\u00e9perlant et ignifuge, ce qui rend Bobby adapt\u00e9 aux sc\u00e9narios humides ou salissants  Peut supporter des temp\u00e9ratures allant jusqu&#039;\u00e0 100\u00b0C, mais ne doit pas \u00eatre expos\u00e9 \u00e0 des temp\u00e9ratures \u00e9lev\u00e9es prolong\u00e9es ou \u00e0 des flammes nues. Il coule dans l&#039;eau.  Disponible en 3 poids : 10 kg, 20 kg et 25 kg.\" \/>\n<meta property=\"og:url\" content=\"https:\/\/www.fireware.nl\/fr\/product\/beagle-bobby\/\" \/>\n<meta property=\"og:site_name\" content=\"FireWare\" \/>\n<meta property=\"article:publisher\" content=\"https:\/\/www.facebook.com\/FireWareBV\/\" \/>\n<meta property=\"article:modified_time\" content=\"2025-03-31T12:35:21+00:00\" \/>\n<meta property=\"og:image\" content=\"https:\/\/www.fireware.nl\/wp-content\/uploads\/2019\/01\/017-043-096-Beagle-Bobby-sit.jpg\" \/>\n\t<meta property=\"og:image:width\" content=\"600\" \/>\n\t<meta property=\"og:image:height\" content=\"600\" \/>\n\t<meta property=\"og:image:type\" content=\"image\/jpeg\" \/>\n<meta name=\"twitter:card\" content=\"summary_large_image\" \/>\n<meta name=\"twitter:site\" content=\"@FireWarebv\" \/>\n<meta name=\"twitter:label1\" content=\"Dur\u00e9e de lecture estim\u00e9e\" \/>\n\t<meta name=\"twitter:data1\" content=\"2 minutes\" \/>\n<script type=\"application\/ld+json\" class=\"yoast-schema-graph\">{\"@context\":\"https:\\\/\\\/schema.org\",\"@graph\":[{\"@type\":\"WebPage\",\"@id\":\"https:\\\/\\\/www.fireware.nl\\\/fr\\\/product\\\/beagle-bobby\\\/\",\"url\":\"https:\\\/\\\/www.fireware.nl\\\/fr\\\/product\\\/beagle-bobby\\\/\",\"name\":\"Ruth Lee Beagle Bobby - FireWare\",\"isPartOf\":{\"@id\":\"https:\\\/\\\/www.fireware.nl\\\/fr\\\/#website\"},\"primaryImageOfPage\":{\"@id\":\"https:\\\/\\\/www.fireware.nl\\\/fr\\\/product\\\/beagle-bobby\\\/#primaryimage\"},\"image\":{\"@id\":\"https:\\\/\\\/www.fireware.nl\\\/fr\\\/product\\\/beagle-bobby\\\/#primaryimage\"},\"thumbnailUrl\":\"https:\\\/\\\/www.fireware.nl\\\/wp-content\\\/uploads\\\/2019\\\/01\\\/017-043-096-Beagle-Bobby-sit.jpg\",\"datePublished\":\"2019-01-23T12:15:48+00:00\",\"dateModified\":\"2025-03-31T12:35:21+00:00\",\"breadcrumb\":{\"@id\":\"https:\\\/\\\/www.fireware.nl\\\/fr\\\/product\\\/beagle-bobby\\\/#breadcrumb\"},\"inLanguage\":\"fr-FR\",\"potentialAction\":[{\"@type\":\"ReadAction\",\"target\":[\"https:\\\/\\\/www.fireware.nl\\\/fr\\\/product\\\/beagle-bobby\\\/\"]}]},{\"@type\":\"ImageObject\",\"inLanguage\":\"fr-FR\",\"@id\":\"https:\\\/\\\/www.fireware.nl\\\/fr\\\/product\\\/beagle-bobby\\\/#primaryimage\",\"url\":\"https:\\\/\\\/www.fireware.nl\\\/wp-content\\\/uploads\\\/2019\\\/01\\\/017-043-096-Beagle-Bobby-sit.jpg\",\"contentUrl\":\"https:\\\/\\\/www.fireware.nl\\\/wp-content\\\/uploads\\\/2019\\\/01\\\/017-043-096-Beagle-Bobby-sit.jpg\",\"width\":600,\"height\":600},{\"@type\":\"BreadcrumbList\",\"@id\":\"https:\\\/\\\/www.fireware.nl\\\/fr\\\/product\\\/beagle-bobby\\\/#breadcrumb\",\"itemListElement\":[{\"@type\":\"ListItem\",\"position\":1,\"name\":\"Home\",\"item\":\"https:\\\/\\\/www.fireware.nl\\\/fr\\\/\"},{\"@type\":\"ListItem\",\"position\":2,\"name\":\"Produits\",\"item\":\"https:\\\/\\\/www.fireware.nl\\\/fr\\\/produits\\\/\"},{\"@type\":\"ListItem\",\"position\":3,\"name\":\"Ruth Lee Beagle Bobby\"}]},{\"@type\":\"WebSite\",\"@id\":\"https:\\\/\\\/www.fireware.nl\\\/fr\\\/#website\",\"url\":\"https:\\\/\\\/www.fireware.nl\\\/fr\\\/\",\"name\":\"FireWare\",\"description\":\"CREATING REALISTIC  TRAINING ENVIRONMENTS\",\"publisher\":{\"@id\":\"https:\\\/\\\/www.fireware.nl\\\/fr\\\/#organization\"},\"potentialAction\":[{\"@type\":\"SearchAction\",\"target\":{\"@type\":\"EntryPoint\",\"urlTemplate\":\"https:\\\/\\\/www.fireware.nl\\\/fr\\\/?s={search_term_string}\"},\"query-input\":{\"@type\":\"PropertyValueSpecification\",\"valueRequired\":true,\"valueName\":\"search_term_string\"}}],\"inLanguage\":\"fr-FR\"},{\"@type\":\"Organization\",\"@id\":\"https:\\\/\\\/www.fireware.nl\\\/fr\\\/#organization\",\"name\":\"FireWare\",\"url\":\"https:\\\/\\\/www.fireware.nl\\\/fr\\\/\",\"logo\":{\"@type\":\"ImageObject\",\"inLanguage\":\"fr-FR\",\"@id\":\"https:\\\/\\\/www.fireware.nl\\\/fr\\\/#\\\/schema\\\/logo\\\/image\\\/\",\"url\":\"https:\\\/\\\/www.fireware.nl\\\/wp-content\\\/uploads\\\/2018\\\/10\\\/fireware-logo.png\",\"contentUrl\":\"https:\\\/\\\/www.fireware.nl\\\/wp-content\\\/uploads\\\/2018\\\/10\\\/fireware-logo.png\",\"width\":200,\"height\":86,\"caption\":\"FireWare\"},\"image\":{\"@id\":\"https:\\\/\\\/www.fireware.nl\\\/fr\\\/#\\\/schema\\\/logo\\\/image\\\/\"},\"sameAs\":[\"https:\\\/\\\/www.facebook.com\\\/FireWareBV\\\/\",\"https:\\\/\\\/x.com\\\/FireWarebv\",\"https:\\\/\\\/www.instagram.com\\\/fireware_nl\\\/\",\"https:\\\/\\\/www.linkedin.com\\\/company\\\/3586017\\\/\",\"https:\\\/\\\/www.youtube.com\\\/user\\\/firesalesrentconsult\"]}]}<\/script>\n<!-- \/ Yoast SEO plugin. -->","yoast_head_json":{"title":"Ruth Lee Beagle Bobby - FireWare","robots":{"index":"index","follow":"follow","max-snippet":"max-snippet:-1","max-image-preview":"max-image-preview:large","max-video-preview":"max-video-preview:-1"},"canonical":"https:\/\/www.fireware.nl\/fr\/product\/beagle-bobby\/","og_locale":"fr_FR","og_type":"article","og_title":"Ruth Lee Beagle Bobby - FireWare","og_description":"R\u00e9partition anatomiquement correcte du poids pour donner la sensation d'un vrai chien  Assez r\u00e9sistant pour \u00eatre plac\u00e9 sous du b\u00e9ton ou des poutres en acier, \u00eatre \u00e9cras\u00e9 ou tomber d'une fen\u00eatre du deuxi\u00e8me \u00e9tage sans subir de dommages  Fabriqu\u00e9 en mat\u00e9riau d\u00e9perlant et ignifuge, ce qui rend Bobby adapt\u00e9 aux sc\u00e9narios humides ou salissants  Peut supporter des temp\u00e9ratures allant jusqu'\u00e0 100\u00b0C, mais ne doit pas \u00eatre expos\u00e9 \u00e0 des temp\u00e9ratures \u00e9lev\u00e9es prolong\u00e9es ou \u00e0 des flammes nues. Il coule dans l'eau.  Disponible en 3 poids : 10 kg, 20 kg et 25 kg.","og_url":"https:\/\/www.fireware.nl\/fr\/product\/beagle-bobby\/","og_site_name":"FireWare","article_publisher":"https:\/\/www.facebook.com\/FireWareBV\/","article_modified_time":"2025-03-31T12:35:21+00:00","og_image":[{"width":600,"height":600,"url":"https:\/\/www.fireware.nl\/wp-content\/uploads\/2019\/01\/017-043-096-Beagle-Bobby-sit.jpg","type":"image\/jpeg"}],"twitter_card":"summary_large_image","twitter_site":"@FireWarebv","twitter_misc":{"Dur\u00e9e de lecture estim\u00e9e":"2 minutes"},"schema":{"@context":"https:\/\/schema.org","@graph":[{"@type":"WebPage","@id":"https:\/\/www.fireware.nl\/fr\/product\/beagle-bobby\/","url":"https:\/\/www.fireware.nl\/fr\/product\/beagle-bobby\/","name":"Ruth Lee Beagle Bobby - FireWare","isPartOf":{"@id":"https:\/\/www.fireware.nl\/fr\/#website"},"primaryImageOfPage":{"@id":"https:\/\/www.fireware.nl\/fr\/product\/beagle-bobby\/#primaryimage"},"image":{"@id":"https:\/\/www.fireware.nl\/fr\/product\/beagle-bobby\/#primaryimage"},"thumbnailUrl":"https:\/\/www.fireware.nl\/wp-content\/uploads\/2019\/01\/017-043-096-Beagle-Bobby-sit.jpg","datePublished":"2019-01-23T12:15:48+00:00","dateModified":"2025-03-31T12:35:21+00:00","breadcrumb":{"@id":"https:\/\/www.fireware.nl\/fr\/product\/beagle-bobby\/#breadcrumb"},"inLanguage":"fr-FR","potentialAction":[{"@type":"ReadAction","target":["https:\/\/www.fireware.nl\/fr\/product\/beagle-bobby\/"]}]},{"@type":"ImageObject","inLanguage":"fr-FR","@id":"https:\/\/www.fireware.nl\/fr\/product\/beagle-bobby\/#primaryimage","url":"https:\/\/www.fireware.nl\/wp-content\/uploads\/2019\/01\/017-043-096-Beagle-Bobby-sit.jpg","contentUrl":"https:\/\/www.fireware.nl\/wp-content\/uploads\/2019\/01\/017-043-096-Beagle-Bobby-sit.jpg","width":600,"height":600},{"@type":"BreadcrumbList","@id":"https:\/\/www.fireware.nl\/fr\/product\/beagle-bobby\/#breadcrumb","itemListElement":[{"@type":"ListItem","position":1,"name":"Home","item":"https:\/\/www.fireware.nl\/fr\/"},{"@type":"ListItem","position":2,"name":"Produits","item":"https:\/\/www.fireware.nl\/fr\/produits\/"},{"@type":"ListItem","position":3,"name":"Ruth Lee Beagle Bobby"}]},{"@type":"WebSite","@id":"https:\/\/www.fireware.nl\/fr\/#website","url":"https:\/\/www.fireware.nl\/fr\/","name":"FireWare","description":"CREATING REALISTIC  TRAINING ENVIRONMENTS","publisher":{"@id":"https:\/\/www.fireware.nl\/fr\/#organization"},"potentialAction":[{"@type":"SearchAction","target":{"@type":"EntryPoint","urlTemplate":"https:\/\/www.fireware.nl\/fr\/?s={search_term_string}"},"query-input":{"@type":"PropertyValueSpecification","valueRequired":true,"valueName":"search_term_string"}}],"inLanguage":"fr-FR"},{"@type":"Organization","@id":"https:\/\/www.fireware.nl\/fr\/#organization","name":"FireWare","url":"https:\/\/www.fireware.nl\/fr\/","logo":{"@type":"ImageObject","inLanguage":"fr-FR","@id":"https:\/\/www.fireware.nl\/fr\/#\/schema\/logo\/image\/","url":"https:\/\/www.fireware.nl\/wp-content\/uploads\/2018\/10\/fireware-logo.png","contentUrl":"https:\/\/www.fireware.nl\/wp-content\/uploads\/2018\/10\/fireware-logo.png","width":200,"height":86,"caption":"FireWare"},"image":{"@id":"https:\/\/www.fireware.nl\/fr\/#\/schema\/logo\/image\/"},"sameAs":["https:\/\/www.facebook.com\/FireWareBV\/","https:\/\/x.com\/FireWarebv","https:\/\/www.instagram.com\/fireware_nl\/","https:\/\/www.linkedin.com\/company\/3586017\/","https:\/\/www.youtube.com\/user\/firesalesrentconsult"]}]}},"publishpress_future_workflow_manual_trigger":{"enabledWorkflows":[]},"_links":{"self":[{"href":"https:\/\/www.fireware.nl\/fr\/wp-json\/wp\/v2\/product\/19360","targetHints":{"allow":["GET"]}}],"collection":[{"href":"https:\/\/www.fireware.nl\/fr\/wp-json\/wp\/v2\/product"}],"about":[{"href":"https:\/\/www.fireware.nl\/fr\/wp-json\/wp\/v2\/types\/product"}],"wp:featuredmedia":[{"embeddable":true,"href":"https:\/\/www.fireware.nl\/fr\/wp-json\/wp\/v2\/media\/46746"}],"wp:attachment":[{"href":"https:\/\/www.fireware.nl\/fr\/wp-json\/wp\/v2\/media?parent=19360"}],"wp:term":[{"taxonomy":"product_brand","embeddable":true,"href":"https:\/\/www.fireware.nl\/fr\/wp-json\/wp\/v2\/product_brand?post=19360"},{"taxonomy":"product_cat","embeddable":true,"href":"https:\/\/www.fireware.nl\/fr\/wp-json\/wp\/v2\/product_cat?post=19360"},{"taxonomy":"product_tag","embeddable":true,"href":"https:\/\/www.fireware.nl\/fr\/wp-json\/wp\/v2\/product_tag?post=19360"}],"curies":[{"name":"wp","href":"https:\/\/api.w.org\/{rel}","templated":true}]}}