
{"id":19284,"date":"2019-01-23T12:15:49","date_gmt":"2019-02-01T10:17:46","guid":{"rendered":"http:\/\/fireware.sites.hyperhosting.co\/?post_type=product&#038;p=19284"},"modified":"2025-03-14T15:44:43","modified_gmt":"2025-03-14T15:44:43","slug":"extincteur-de-formation-neptune-avec-bouton-de-mise-en-pression-6-l-pression-auxiliaire","status":"publish","type":"product","link":"https:\/\/www.fireware.nl\/fr\/product\/extincteur-formation-neptune-bouton-pression\/","title":{"rendered":"Extincteur de formation Neptune avec bouton de mise en pression"},"content":{"rendered":"\n\n\t<h2>Extincteur d&#8217;exercice rechargeable avec bouton de r\u00e9glage<\/h2>\n<p>L&#8217;extincteur d&#8217;exercice Bouton de R\u00e9glage Neptune projet\u00e9e permet aux participants aux cours de se familiariser avec toutes les proc\u00e9dures qu&#8217;ils doivent conna\u00eetre lorsqu&#8217;ils sont confront\u00e9s \u00e0 un incendie r\u00e9el. La clip de fixation doit \u00eatre retir\u00e9e, apr\u00e8s quoi on peut proc\u00e9der \u00e0 un cours essai. Ensuite, on passe aux exercices portant sur les techniques d&#8217;extinction au moyen du simulateur d&#8217;incendie.<\/p>\n<p>Il peut arriver que de la mousse, et m\u00eame de l&#8217;eau, ne conviennent pas \u00e0 certains exercices. Vous pouvez \u00e9galement ne pas utiliser l&#8217;une des deux recharges ou les deux recharges, et uniquement mettre l&#8217;extincteur sous pression avec de l&#8217;air. Dans ce cas, vous pouvez toujours vous exercer \u00e0 la proc\u00e9dure comprenant l&#8217;\u00e9tape visant \u00e0 choisir le type d&#8217;appareil anti-incendie appropri\u00e9 jusqu&#8217;\u00e0 celle de la tentative d&#8217;extinction d&#8217;incendie. L&#8217;extinction uniquement avec de l&#8217;air est tr\u00e8s efficace en combinaison avec un Silkflame.<\/p>\n<p>Pour remplir l&#8217;extincteur, rien de plus facile : D\u00e9vissez le c\u00f4t\u00e9 sup\u00e9rieur de l&#8217;extincteur au moyen d&#8217;une cl\u00e9. Ensuite (si vous le souhaitez), remplissez-le d&#8217;une couche de mousse polyur\u00e9thane d&#8217;exercice et d&#8217;eau, et mettez-le sous pression au moyen de la valve ou le raccordement au tuyau en utilisant un simple compresseur. Le taux de pression de remplissage appara\u00eetra sur le nanom\u00e8tre.<\/p>\n<h2>Regardez la vid\u00e9o<\/h2>\n\t<iframe width=\"1920\" height=\"1080\" src=https:\/\/player.vimeo.com\/video\/1065485579?hl=nl&#038;cc_lang_pref=nl&#038;cc_load_policy=1 frameborder=\"0\" allow=\"accelerometer; autoplay; clipboard-write; encrypted-media; gyroscope; picture-in-picture\" allowfullscreen><\/iframe>\n\n","protected":false},"excerpt":{"rendered":"<ul>\n<li>Extincteur pour apprendre \u00e0 \u00e9teindre, \u00e9quip\u00e9 d&#8217;un bouton de mise en pression sur le dessus et d&#8217;une poign\u00e9e de serrage sur le tuyau ;<\/li>\n<li>Facile \u00e0 remplir avec de l&#8217;air seul, de l&#8217;air et de l&#8217;eau, ou de l&#8217;air, de l&#8217;eau et de la mousse d&#8217;entra\u00eenement ;<\/li>\n<li>Tr\u00e8s adapt\u00e9 pour pratiquer les proc\u00e9dures ;<\/li>\n<li>Facile \u00e0 remettre sous pression ;<\/li>\n<li>\u00c9quip\u00e9 d&#8217;une valve automatique et d&#8217;un raccord de remplissage sur le tuyau ;<\/li>\n<li>Compresseur non inclus ;<\/li>\n<li>Capacit\u00e9 de remplissage de 6 litres ;<\/li>\n<li>Inclus : plaque magn\u00e9tique et des autocollants pour mousse et poudre dans 6 langues diff\u00e9rentes.<\/li>\n<\/ul>\n","protected":false},"featured_media":61497,"template":"","meta":[],"product_brand":[],"product_cat":[101],"product_tag":[],"class_list":{"0":"post-19284","1":"product","2":"type-product","3":"status-publish","4":"has-post-thumbnail","6":"product_cat-extincteurs-de-formation","8":"first","9":"instock","10":"taxable","11":"shipping-taxable","12":"purchasable","13":"product-type-simple"},"yoast_head":"<!-- This site is optimized with the Yoast SEO plugin v27.2 - https:\/\/yoast.com\/product\/yoast-seo-wordpress\/ -->\n<title>Extincteur de formation Neptune avec bouton de mise en pression - FireWare<\/title>\n<meta name=\"robots\" content=\"index, follow, max-snippet:-1, max-image-preview:large, max-video-preview:-1\" \/>\n<link rel=\"canonical\" href=\"https:\/\/www.fireware.nl\/fr\/product\/extincteur-formation-neptune-bouton-pression\/\" \/>\n<meta property=\"og:locale\" content=\"fr_FR\" \/>\n<meta property=\"og:type\" content=\"article\" \/>\n<meta property=\"og:title\" content=\"Extincteur de formation Neptune avec bouton de mise en pression - FireWare\" \/>\n<meta property=\"og:description\" content=\"Extincteur pour apprendre \u00e0 \u00e9teindre, \u00e9quip\u00e9 d&#039;un bouton de mise en pression sur le dessus et d&#039;une poign\u00e9e de serrage sur le tuyau ; Facile \u00e0 remplir avec de l&#039;air seul, de l&#039;air et de l&#039;eau, ou de l&#039;air, de l&#039;eau et de la mousse d&#039;entra\u00eenement ; Tr\u00e8s adapt\u00e9 pour pratiquer les proc\u00e9dures ; Facile \u00e0 remettre sous pression ; \u00c9quip\u00e9 d&#039;une valve automatique et d&#039;un raccord de remplissage sur le tuyau ; Compresseur non inclus ; Capacit\u00e9 de remplissage de 6 litres ; Inclus : plaque magn\u00e9tique et des autocollants pour mousse et poudre dans 6 langues diff\u00e9rentes.\" \/>\n<meta property=\"og:url\" content=\"https:\/\/www.fireware.nl\/fr\/product\/extincteur-formation-neptune-bouton-pression\/\" \/>\n<meta property=\"og:site_name\" content=\"FireWare\" \/>\n<meta property=\"article:publisher\" content=\"https:\/\/www.facebook.com\/FireWareBV\/\" \/>\n<meta property=\"article:modified_time\" content=\"2025-03-14T15:44:43+00:00\" \/>\n<meta property=\"og:image\" content=\"https:\/\/www.fireware.nl\/wp-content\/uploads\/2021\/01\/025-100-001-Neptune-oefenblussers-slagknop-6-L-slang-vast.jpg\" \/>\n\t<meta property=\"og:image:width\" content=\"600\" \/>\n\t<meta property=\"og:image:height\" content=\"600\" \/>\n\t<meta property=\"og:image:type\" content=\"image\/jpeg\" \/>\n<meta name=\"twitter:card\" content=\"summary_large_image\" \/>\n<meta name=\"twitter:site\" content=\"@FireWarebv\" \/>\n<meta name=\"twitter:label1\" content=\"Dur\u00e9e de lecture estim\u00e9e\" \/>\n\t<meta name=\"twitter:data1\" content=\"2 minutes\" \/>\n<script type=\"application\/ld+json\" class=\"yoast-schema-graph\">{\"@context\":\"https:\/\/schema.org\",\"@graph\":[{\"@type\":\"WebPage\",\"@id\":\"https:\/\/www.fireware.nl\/fr\/product\/extincteur-formation-neptune-bouton-pression\/\",\"url\":\"https:\/\/www.fireware.nl\/fr\/product\/extincteur-formation-neptune-bouton-pression\/\",\"name\":\"Extincteur de formation Neptune avec bouton de mise en pression - FireWare\",\"isPartOf\":{\"@id\":\"https:\/\/www.fireware.nl\/fr\/#website\"},\"primaryImageOfPage\":{\"@id\":\"https:\/\/www.fireware.nl\/fr\/product\/extincteur-formation-neptune-bouton-pression\/#primaryimage\"},\"image\":{\"@id\":\"https:\/\/www.fireware.nl\/fr\/product\/extincteur-formation-neptune-bouton-pression\/#primaryimage\"},\"thumbnailUrl\":\"https:\/\/www.fireware.nl\/wp-content\/uploads\/2021\/01\/025-100-001-Neptune-oefenblussers-slagknop-6-L-slang-vast.jpg\",\"datePublished\":\"2019-02-01T10:17:46+00:00\",\"dateModified\":\"2025-03-14T15:44:43+00:00\",\"breadcrumb\":{\"@id\":\"https:\/\/www.fireware.nl\/fr\/product\/extincteur-formation-neptune-bouton-pression\/#breadcrumb\"},\"inLanguage\":\"fr-FR\",\"potentialAction\":[{\"@type\":\"ReadAction\",\"target\":[\"https:\/\/www.fireware.nl\/fr\/product\/extincteur-formation-neptune-bouton-pression\/\"]}]},{\"@type\":\"ImageObject\",\"inLanguage\":\"fr-FR\",\"@id\":\"https:\/\/www.fireware.nl\/fr\/product\/extincteur-formation-neptune-bouton-pression\/#primaryimage\",\"url\":\"https:\/\/www.fireware.nl\/wp-content\/uploads\/2021\/01\/025-100-001-Neptune-oefenblussers-slagknop-6-L-slang-vast.jpg\",\"contentUrl\":\"https:\/\/www.fireware.nl\/wp-content\/uploads\/2021\/01\/025-100-001-Neptune-oefenblussers-slagknop-6-L-slang-vast.jpg\",\"width\":600,\"height\":600},{\"@type\":\"BreadcrumbList\",\"@id\":\"https:\/\/www.fireware.nl\/fr\/product\/extincteur-formation-neptune-bouton-pression\/#breadcrumb\",\"itemListElement\":[{\"@type\":\"ListItem\",\"position\":1,\"name\":\"Home\",\"item\":\"https:\/\/www.fireware.nl\/fr\/\"},{\"@type\":\"ListItem\",\"position\":2,\"name\":\"Produits\",\"item\":\"https:\/\/www.fireware.nl\/fr\/produits\/\"},{\"@type\":\"ListItem\",\"position\":3,\"name\":\"Extincteur de formation Neptune avec bouton de mise en pression\"}]},{\"@type\":\"WebSite\",\"@id\":\"https:\/\/www.fireware.nl\/fr\/#website\",\"url\":\"https:\/\/www.fireware.nl\/fr\/\",\"name\":\"FireWare\",\"description\":\"CREATING REALISTIC  TRAINING ENVIRONMENTS\",\"publisher\":{\"@id\":\"https:\/\/www.fireware.nl\/fr\/#organization\"},\"potentialAction\":[{\"@type\":\"SearchAction\",\"target\":{\"@type\":\"EntryPoint\",\"urlTemplate\":\"https:\/\/www.fireware.nl\/fr\/?s={search_term_string}\"},\"query-input\":{\"@type\":\"PropertyValueSpecification\",\"valueRequired\":true,\"valueName\":\"search_term_string\"}}],\"inLanguage\":\"fr-FR\"},{\"@type\":\"Organization\",\"@id\":\"https:\/\/www.fireware.nl\/fr\/#organization\",\"name\":\"FireWare\",\"url\":\"https:\/\/www.fireware.nl\/fr\/\",\"logo\":{\"@type\":\"ImageObject\",\"inLanguage\":\"fr-FR\",\"@id\":\"https:\/\/www.fireware.nl\/fr\/#\/schema\/logo\/image\/\",\"url\":\"https:\/\/www.fireware.nl\/wp-content\/uploads\/2018\/10\/fireware-logo.png\",\"contentUrl\":\"https:\/\/www.fireware.nl\/wp-content\/uploads\/2018\/10\/fireware-logo.png\",\"width\":200,\"height\":86,\"caption\":\"FireWare\"},\"image\":{\"@id\":\"https:\/\/www.fireware.nl\/fr\/#\/schema\/logo\/image\/\"},\"sameAs\":[\"https:\/\/www.facebook.com\/FireWareBV\/\",\"https:\/\/x.com\/FireWarebv\",\"https:\/\/www.instagram.com\/fireware_nl\/\",\"https:\/\/www.linkedin.com\/company\/3586017\/\",\"https:\/\/www.youtube.com\/user\/firesalesrentconsult\"]}]}<\/script>\n<!-- \/ Yoast SEO plugin. -->","yoast_head_json":{"title":"Extincteur de formation Neptune avec bouton de mise en pression - FireWare","robots":{"index":"index","follow":"follow","max-snippet":"max-snippet:-1","max-image-preview":"max-image-preview:large","max-video-preview":"max-video-preview:-1"},"canonical":"https:\/\/www.fireware.nl\/fr\/product\/extincteur-formation-neptune-bouton-pression\/","og_locale":"fr_FR","og_type":"article","og_title":"Extincteur de formation Neptune avec bouton de mise en pression - FireWare","og_description":"Extincteur pour apprendre \u00e0 \u00e9teindre, \u00e9quip\u00e9 d'un bouton de mise en pression sur le dessus et d'une poign\u00e9e de serrage sur le tuyau ; Facile \u00e0 remplir avec de l'air seul, de l'air et de l'eau, ou de l'air, de l'eau et de la mousse d'entra\u00eenement ; Tr\u00e8s adapt\u00e9 pour pratiquer les proc\u00e9dures ; Facile \u00e0 remettre sous pression ; \u00c9quip\u00e9 d'une valve automatique et d'un raccord de remplissage sur le tuyau ; Compresseur non inclus ; Capacit\u00e9 de remplissage de 6 litres ; Inclus : plaque magn\u00e9tique et des autocollants pour mousse et poudre dans 6 langues diff\u00e9rentes.","og_url":"https:\/\/www.fireware.nl\/fr\/product\/extincteur-formation-neptune-bouton-pression\/","og_site_name":"FireWare","article_publisher":"https:\/\/www.facebook.com\/FireWareBV\/","article_modified_time":"2025-03-14T15:44:43+00:00","og_image":[{"width":600,"height":600,"url":"https:\/\/www.fireware.nl\/wp-content\/uploads\/2021\/01\/025-100-001-Neptune-oefenblussers-slagknop-6-L-slang-vast.jpg","type":"image\/jpeg"}],"twitter_card":"summary_large_image","twitter_site":"@FireWarebv","twitter_misc":{"Dur\u00e9e de lecture estim\u00e9e":"2 minutes"},"schema":{"@context":"https:\/\/schema.org","@graph":[{"@type":"WebPage","@id":"https:\/\/www.fireware.nl\/fr\/product\/extincteur-formation-neptune-bouton-pression\/","url":"https:\/\/www.fireware.nl\/fr\/product\/extincteur-formation-neptune-bouton-pression\/","name":"Extincteur de formation Neptune avec bouton de mise en pression - FireWare","isPartOf":{"@id":"https:\/\/www.fireware.nl\/fr\/#website"},"primaryImageOfPage":{"@id":"https:\/\/www.fireware.nl\/fr\/product\/extincteur-formation-neptune-bouton-pression\/#primaryimage"},"image":{"@id":"https:\/\/www.fireware.nl\/fr\/product\/extincteur-formation-neptune-bouton-pression\/#primaryimage"},"thumbnailUrl":"https:\/\/www.fireware.nl\/wp-content\/uploads\/2021\/01\/025-100-001-Neptune-oefenblussers-slagknop-6-L-slang-vast.jpg","datePublished":"2019-02-01T10:17:46+00:00","dateModified":"2025-03-14T15:44:43+00:00","breadcrumb":{"@id":"https:\/\/www.fireware.nl\/fr\/product\/extincteur-formation-neptune-bouton-pression\/#breadcrumb"},"inLanguage":"fr-FR","potentialAction":[{"@type":"ReadAction","target":["https:\/\/www.fireware.nl\/fr\/product\/extincteur-formation-neptune-bouton-pression\/"]}]},{"@type":"ImageObject","inLanguage":"fr-FR","@id":"https:\/\/www.fireware.nl\/fr\/product\/extincteur-formation-neptune-bouton-pression\/#primaryimage","url":"https:\/\/www.fireware.nl\/wp-content\/uploads\/2021\/01\/025-100-001-Neptune-oefenblussers-slagknop-6-L-slang-vast.jpg","contentUrl":"https:\/\/www.fireware.nl\/wp-content\/uploads\/2021\/01\/025-100-001-Neptune-oefenblussers-slagknop-6-L-slang-vast.jpg","width":600,"height":600},{"@type":"BreadcrumbList","@id":"https:\/\/www.fireware.nl\/fr\/product\/extincteur-formation-neptune-bouton-pression\/#breadcrumb","itemListElement":[{"@type":"ListItem","position":1,"name":"Home","item":"https:\/\/www.fireware.nl\/fr\/"},{"@type":"ListItem","position":2,"name":"Produits","item":"https:\/\/www.fireware.nl\/fr\/produits\/"},{"@type":"ListItem","position":3,"name":"Extincteur de formation Neptune avec bouton de mise en pression"}]},{"@type":"WebSite","@id":"https:\/\/www.fireware.nl\/fr\/#website","url":"https:\/\/www.fireware.nl\/fr\/","name":"FireWare","description":"CREATING REALISTIC  TRAINING ENVIRONMENTS","publisher":{"@id":"https:\/\/www.fireware.nl\/fr\/#organization"},"potentialAction":[{"@type":"SearchAction","target":{"@type":"EntryPoint","urlTemplate":"https:\/\/www.fireware.nl\/fr\/?s={search_term_string}"},"query-input":{"@type":"PropertyValueSpecification","valueRequired":true,"valueName":"search_term_string"}}],"inLanguage":"fr-FR"},{"@type":"Organization","@id":"https:\/\/www.fireware.nl\/fr\/#organization","name":"FireWare","url":"https:\/\/www.fireware.nl\/fr\/","logo":{"@type":"ImageObject","inLanguage":"fr-FR","@id":"https:\/\/www.fireware.nl\/fr\/#\/schema\/logo\/image\/","url":"https:\/\/www.fireware.nl\/wp-content\/uploads\/2018\/10\/fireware-logo.png","contentUrl":"https:\/\/www.fireware.nl\/wp-content\/uploads\/2018\/10\/fireware-logo.png","width":200,"height":86,"caption":"FireWare"},"image":{"@id":"https:\/\/www.fireware.nl\/fr\/#\/schema\/logo\/image\/"},"sameAs":["https:\/\/www.facebook.com\/FireWareBV\/","https:\/\/x.com\/FireWarebv","https:\/\/www.instagram.com\/fireware_nl\/","https:\/\/www.linkedin.com\/company\/3586017\/","https:\/\/www.youtube.com\/user\/firesalesrentconsult"]}]}},"publishpress_future_workflow_manual_trigger":{"enabledWorkflows":[]},"_links":{"self":[{"href":"https:\/\/www.fireware.nl\/fr\/wp-json\/wp\/v2\/product\/19284","targetHints":{"allow":["GET"]}}],"collection":[{"href":"https:\/\/www.fireware.nl\/fr\/wp-json\/wp\/v2\/product"}],"about":[{"href":"https:\/\/www.fireware.nl\/fr\/wp-json\/wp\/v2\/types\/product"}],"wp:featuredmedia":[{"embeddable":true,"href":"https:\/\/www.fireware.nl\/fr\/wp-json\/wp\/v2\/media\/61497"}],"wp:attachment":[{"href":"https:\/\/www.fireware.nl\/fr\/wp-json\/wp\/v2\/media?parent=19284"}],"wp:term":[{"taxonomy":"product_brand","embeddable":true,"href":"https:\/\/www.fireware.nl\/fr\/wp-json\/wp\/v2\/product_brand?post=19284"},{"taxonomy":"product_cat","embeddable":true,"href":"https:\/\/www.fireware.nl\/fr\/wp-json\/wp\/v2\/product_cat?post=19284"},{"taxonomy":"product_tag","embeddable":true,"href":"https:\/\/www.fireware.nl\/fr\/wp-json\/wp\/v2\/product_tag?post=19284"}],"curies":[{"name":"wp","href":"https:\/\/api.w.org\/{rel}","templated":true}]}}