
{"id":19241,"date":"2024-06-13T09:00:25","date_gmt":"2024-06-13T09:00:25","guid":{"rendered":"http:\/\/fireware.sites.hyperhosting.co\/?post_type=product&#038;p=19241"},"modified":"2026-04-13T14:36:09","modified_gmt":"2026-04-13T14:36:09","slug":"pandoras-box","status":"publish","type":"product","link":"https:\/\/www.fireware.nl\/fr\/product\/pandoras-box\/","title":{"rendered":"Pandora&#8217;s Box V4"},"content":{"rendered":"\n\n\t<h2>Pandore: un moyen de simulation multi-sens<\/h2>\n<p>La mise en sc\u00e8ne sans effort d&#8217;un entra\u00eenement qui excite plusieurs sens ? Le Pandore vous l&#8217;offre ! Le Pandore propose un effet flamme r\u00e9aliste, des effets sonores et la fonction d&#8217;op\u00e9rer un g\u00e9n\u00e9rateur de fum\u00e9e en m\u00eame temps : toutes ces fonctions branch\u00e9es sur une seule batterie et ais\u00e9ment op\u00e9rable avec une t\u00e9l\u00e9commande sans fil tr\u00e8s compacte.<\/p>\n\t\t<iframe width=\"560\" height=\"315\" src=\"https:\/\/www.youtube.com\/embed\/Yf1SBi5bBU0?rel=0&#038;hl=fr&#038;cc_lang_pref=fr&#038;cc_load_policy=1\" frameborder=\"0\" allow=\"accelerometer; autoplay; clipboard-write; encrypted-media; gyroscope; picture-in-picture\" allowfullscreen><\/iframe>\t\n\t\t<iframe width=\"560\" height=\"315\" src=\"https:\/\/player.vimeo.com\/video\/1162170552?hl=nl&#038;cc_lang_pref=nl&#038;cc_load_policy=1\" frameborder=\"0\" allow=\"accelerometer; autoplay; clipboard-write; encrypted-media; gyroscope; picture-in-picture\" allowfullscreen><\/iframe>\t\n\t<h2>Les effets optiques<\/h2>\n<p>Le Pandore est pourvu de 2 voyants \u00e0 LED puissants : un rouge et un orange. La fonction clignotante de chaque voyant peut \u00eatre r\u00e9gl\u00e9e ind\u00e9pendamment. Il en r\u00e9sulte donc plus de 256 possibilit\u00e9s de simulation. En dissimulant le Pandore et en ajoutant un g\u00e9n\u00e9rateur de fum\u00e9e on peut cr\u00e9er un image de flammes r\u00e9aliste. La simulation de flammes est d\u00e9marr\u00e9e aux sons du bruitage d&#8217;incendie.<\/p>\n<h2>Le son<\/h2>\n<p>Le son est tr\u00e8s important pour un entra\u00eenement r\u00e9aliste. C&#8217;est pourquoi le Pandore le met en \u00e9vidence. En plus du son de feu grand ou petit, vous pouvez \u00e9galement jouer le son des \u00e9tincelles, une fuite de liquide, une explosion, un effondrement, un moteur diesel, un coup de feu et une fuite de gaz. Mais aussi le woop lent, un chien qui aboie, les sanglots d&#8217;une victime et un b\u00e9b\u00e9 qui pleure sont dans la bo\u00eete. Et vous n&#8217;avez pas \u00e0 choisir: le Pandora peut \u00e9galement jouer tous les sons en m\u00eame temps, ou cr\u00e9er un mixage. Par exemple, commencez l&#8217;exercice avec l&#8217;effet d&#8217;un petit feu. Ensuite, jouez l&#8217;audio de la grande flamme dessus et simulez la p\u00e9n\u00e9tration du feu!<\/p>\n<p><strong>La biblioth\u00e8que sonore compl\u00e8te parmi laquelle vous pouvez choisir :<\/strong><\/p>\n<ul>\n<li>Thermal Runaway<\/li>\n<li>USA &#8211; Homme Espace Fumeurs<\/li>\n<li>AR &#8211; Homme Espace Fumeurs<\/li>\n<li>AR &#8211; Femme Espace Fumeurs<\/li>\n<li>Chien<\/li>\n<li>Effondrement<\/li>\n<li>B\u00e9b\u00e9<\/li>\n<li>Moteur<\/li>\n<li>NL &#8211; Homme Espace Fumeurs<\/li>\n<li>NL &#8211; Femme Espace Fumeurs<\/li>\n<li>UK &#8211; Femme Espace Fumeurs<\/li>\n<li>Explosion<\/li>\n<li>Fuite de liquide<\/li>\n<li>FR &#8211; Femme Appel \u00e0 l&#8217;aide<\/li>\n<li>FR &#8211; Femme Espace Fumeurs<\/li>\n<li>Fuite de gaz<\/li>\n<li>DE &#8211; Homme Espace Fumeurs<\/li>\n<li>Sir\u00e8ne<\/li>\n<li>Petit incendie<\/li>\n<li>Femme pleurant<\/li>\n<li>\u00c9lectricit\u00e9<\/li>\n<li>Grand incendie<\/li>\n<li>Incendie Effondrement<\/li>\n<li>DK &#8211; Homme Espace Fumeurs<\/li>\n<li>IT &#8211; Homme Espace Fumeurs<\/li>\n<li>H\u00e9licopt\u00e8re<\/li>\n<li>Balle mur<\/li>\n<li>Fusil gros<\/li>\n<li>Fusil petit<\/li>\n<li>IS &#8211; Homme Espace Fumeurs<\/li>\n<li>Disco<\/li>\n<li>Son d&#8217;extinction<\/li>\n<li>D\u00e9tecteur de CO<\/li>\n<li>D\u00e9tecteur de fum\u00e9e<\/li>\n<li>FR &#8211; Sir\u00e8ne Slow Whoop<\/li>\n<\/ul>\n<h2>La fum\u00e9e<\/h2>\n<p>Le Pandore est \u00e9quip\u00e9 d&#8217;une branche pour connecter des diverses g\u00e9n\u00e9rateurs de fum\u00e9e, ci-inclus le Cirrus, <a href=\"https:\/\/www.fireware.nl\/fr\/produit\/fireware-cumulus-1300-w\/\" target=\"_blank\" rel=\"noopener\">le Cumulus<\/a>, <a href=\"https:\/\/www.fireware.nl\/fr\/produit\/fireware-stratus\/\" target=\"_blank\" rel=\"noopener\">le Stratus<\/a> et <a href=\"https:\/\/www.fireware.nl\/fr\/produit\/fireware-nimbo\/\" target=\"_blank\" rel=\"noopener\">le Nimbo<\/a>. Une seule t\u00e9l\u00e9commande sans fil permet ensuite d&#8217;op\u00e9rer tant l&#8217;effet flammes que l&#8217;effet sonore, et le dosage de la fum\u00e9e. La bo\u00eete Pandore est m\u00eame \u00e9quip\u00e9e d&#8217;un petit espace pour y ranger le <a href=\"https:\/\/www.fireware.nl\/fr\/produit\/cirrus-machine-a-fumee-sur-batterie\/\" target=\"_blank\" rel=\"noopener\">Cirrus Machine \u00e0 fum\u00e9e sur batterie<\/a>, ce qui permet de mettre en sc\u00e8ne des entra\u00eenements aux endroits sans \u00e9lectricit\u00e9 ou bien aux endroits o\u00f9 l&#8217;\u00e9lectricit\u00e9 est coup\u00e9 pendant l&#8217;entra\u00eenement. Pensez par exemple \u00e0 des sc\u00e9narios d&#8217;entra\u00eenement dans des bateaux, dans des prisons ou dans des b\u00e2timents \u00e0 d\u00e9molir.<\/p>\n<h2>La t\u00e9l\u00e9commande<\/h2>\n<p>Rien n&#8217;est plus perturbant qu&#8217;un instructeur qui se prom\u00e8ne dans le sc\u00e9nario pour d\u00e9marrer et couper les machines. Toutes les fonctions du Pandora peuvent donc \u00eatre contr\u00f4l\u00e9es sans fil et \u00e0 distance avec votre propre smartphone ou tablette. Le Pandora lui-m\u00eame apporte un r\u00e9seau WiFi sans fil dans les airs. Les instructeurs se connectent en scannant un code QR ou en saisissant manuellement un code. Aucun logiciel compliqu\u00e9 n&#8217;est donc n\u00e9cessaire. Il est m\u00eame possible de se connecter avec plusieurs appareils en m\u00eame temps. Ensuite, plusieurs instructeurs peuvent g\u00e9rer les fonctions ensemble \u00e0 partir de diff\u00e9rents postes! Les possibilit\u00e9s de mise en sc\u00e8ne dynamique sont grandes.<\/p>\n<p>L&#8217;instructeur peut lire sur la t\u00e9l\u00e9commande num\u00e9rique si elle est connect\u00e9e au Pandora. De plus, l&#8217;\u00e9cran indique les effets en cours de lecture. Vous pouvez \u00e9galement jouer avec le volume de vos effets sonores. Ce qui est g\u00e9nial si vous organisez la mise en sc\u00e8ne \u00e0 une grande distance du terrain de pratique!<\/p>\n<h2>La batterie<\/h2>\n<p>L&#8217;interrupteur marche \/ arr\u00eat interactif et intelligent indique exactement quand le Pandora est pr\u00eat pour l&#8217;exercice. L&#8217;instructeur recevra alors une r\u00e9troaction au moyen d&#8217;un signal sonore. Avec la batterie puissante, vous pouvez alors compter sur des heures de plaisir d&#8217;entra\u00eenement. Avec une batterie pleine, vous pouvez organiser toute la journ\u00e9e.<\/p>\n<p>Les effets sonores et les effets de flammes tirent leur puissance de la batterie du Pandora. Vous pouvez donc continuer avec cela pendant un moment. Si vous connectez une machine \u00e0 fum\u00e9e, elle fonctionne sur sa propre batterie (Cirrus) ou sur tension secteur (Cumulus, Stratus et Nimbo). Gardez \u00e0 l&#8217;esprit que le Cirrus peut \u00e9mettre de la fum\u00e9e en continu pendant 10 minutes avec une (propre) charge de batterie. Naturellement, le Pandora est livr\u00e9 avec un chargeur de batterie C-tek de haute qualit\u00e9 en standard. Avez-vous stock\u00e9 le Pandora et la batterie est-elle presque vide? L&#8217;aide \u00e0 l&#8217;exercice s&#8217;\u00e9teint ensuite automatiquement, de sorte que la batterie ne soit pas compl\u00e8tement d\u00e9charg\u00e9e.<\/p>\n<h2>Robuste<\/h2>\n<p>Le Pandore est fabriqu\u00e9 d&#8217;inox d&#8217;haute qualit\u00e9 et livr\u00e9 dans une caisse de rangement de Euronorm mesurant 40 x 30 x 23,5cm. La caisse prot\u00e8ge le Pandore pendant son rangement, son transport et pendant des sessions d&#8217;entra\u00eenement. L&#8217;\u00e9lectronique est enti\u00e8rement envelopp\u00e9e afin de pr\u00e9venir des pannes (humidit\u00e9). Tous les connecteurs, les boutons et les autres components sont fabriqu\u00e9s selon les standards industriels haute qualit\u00e9. C&#8217;est pourquoi le Pandore est vendu avec 2 ans de garantie !<\/p>\n<h2>Possibilit\u00e9s infinies<\/h2>\n<p>Les possibilit\u00e9s avec la bo\u00eete de Pandore sont infinies. Par exemple, ouvrez le Pandora dans un th\u00e9\u00e2tre, entre les d\u00e9cors. Ou cachez-le dans une poubelle \u00e0 roulettes. En cachant le Pandora et en ajoutant une machine \u00e0 fum\u00e9e, vous pouvez simuler un beau feu avec les effets n\u00e9cessaires. Vous recherchez une mise en sc\u00e8ne compl\u00e8te dans une bo\u00eete de pratique? C&#8217;est ce que propose Pandora&#8217;s Box!<\/p>\n\n","protected":false},"excerpt":{"rendered":"<ul>\n<li>Contr\u00f4le complet pour la mise en sc\u00e8ne r\u00e9aliste de petits incendies<\/li>\n<li>Stimulez les sens de votre stagiaire avec la lumi\u00e8re, la fum\u00e9e et le son<\/li>\n<li>Contr\u00f4le sans fil via une interface web avec votre propre t\u00e9l\u00e9phone ou tablette<\/li>\n<li>\u00c9clairage LED puissant int\u00e9gr\u00e9<\/li>\n<li>Machine \u00e0 fum\u00e9e connectable et contr\u00f4lable \u00e0 distance<\/li>\n<li>Lire des sons internes via le haut-parleur int\u00e9gr\u00e9<\/li>\n<li>Bo\u00eetier en acier inoxydable int\u00e9gr\u00e9 dans une valise de transport en plastique<\/li>\n<li>Contient un espace de rangement sp\u00e9cial pour la machine \u00e0 fum\u00e9e sur batterie Cirrus<\/li>\n<li>\u00c9quip\u00e9 d&#8217;une batterie puissante<\/li>\n<\/ul>\n","protected":false},"featured_media":96573,"template":"","meta":[],"product_brand":[],"product_cat":[215,95],"product_tag":[],"class_list":{"0":"post-19241","1":"product","2":"type-product","3":"status-publish","4":"has-post-thumbnail","6":"product_cat-feu-simule","7":"product_cat-son","9":"first","10":"instock","11":"taxable","12":"shipping-taxable","13":"purchasable","14":"product-type-simple"},"yoast_head":"<!-- This site is optimized with the Yoast SEO plugin v27.4 - https:\/\/yoast.com\/product\/yoast-seo-wordpress\/ -->\n<title>Pandora&#039;s Box V4 - FireWare<\/title>\n<meta name=\"robots\" content=\"index, follow, max-snippet:-1, max-image-preview:large, max-video-preview:-1\" \/>\n<link rel=\"canonical\" href=\"https:\/\/www.fireware.nl\/fr\/product\/pandoras-box\/\" \/>\n<meta property=\"og:locale\" content=\"fr_FR\" \/>\n<meta property=\"og:type\" content=\"article\" \/>\n<meta property=\"og:title\" content=\"Pandora&#039;s Box V4 - FireWare\" \/>\n<meta property=\"og:description\" content=\"Contr\u00f4le complet pour la mise en sc\u00e8ne r\u00e9aliste de petits incendies Stimulez les sens de votre stagiaire avec la lumi\u00e8re, la fum\u00e9e et le son Contr\u00f4le sans fil via une interface web avec votre propre t\u00e9l\u00e9phone ou tablette \u00c9clairage LED puissant int\u00e9gr\u00e9 Machine \u00e0 fum\u00e9e connectable et contr\u00f4lable \u00e0 distance Lire des sons internes via le haut-parleur int\u00e9gr\u00e9 Bo\u00eetier en acier inoxydable int\u00e9gr\u00e9 dans une valise de transport en plastique Contient un espace de rangement sp\u00e9cial pour la machine \u00e0 fum\u00e9e sur batterie Cirrus \u00c9quip\u00e9 d&#039;une batterie puissante\" \/>\n<meta property=\"og:url\" content=\"https:\/\/www.fireware.nl\/fr\/product\/pandoras-box\/\" \/>\n<meta property=\"og:site_name\" content=\"FireWare\" \/>\n<meta property=\"article:publisher\" content=\"https:\/\/www.facebook.com\/FireWareBV\/\" \/>\n<meta property=\"article:modified_time\" content=\"2026-04-13T14:36:09+00:00\" \/>\n<meta property=\"og:image\" content=\"https:\/\/www.fireware.nl\/wp-content\/uploads\/2021\/03\/20240516_Pandoras-Box-v4_006_web.jpg\" \/>\n\t<meta property=\"og:image:width\" content=\"600\" \/>\n\t<meta property=\"og:image:height\" content=\"600\" \/>\n\t<meta property=\"og:image:type\" content=\"image\/jpeg\" \/>\n<meta name=\"twitter:card\" content=\"summary_large_image\" \/>\n<meta name=\"twitter:site\" content=\"@FireWarebv\" \/>\n<meta name=\"twitter:label1\" content=\"Dur\u00e9e de lecture estim\u00e9e\" \/>\n\t<meta name=\"twitter:data1\" content=\"5 minutes\" \/>\n<script type=\"application\/ld+json\" class=\"yoast-schema-graph\">{\"@context\":\"https:\\\/\\\/schema.org\",\"@graph\":[{\"@type\":\"WebPage\",\"@id\":\"https:\\\/\\\/www.fireware.nl\\\/fr\\\/product\\\/pandoras-box\\\/\",\"url\":\"https:\\\/\\\/www.fireware.nl\\\/fr\\\/product\\\/pandoras-box\\\/\",\"name\":\"Pandora's Box V4 - FireWare\",\"isPartOf\":{\"@id\":\"https:\\\/\\\/www.fireware.nl\\\/fr\\\/#website\"},\"primaryImageOfPage\":{\"@id\":\"https:\\\/\\\/www.fireware.nl\\\/fr\\\/product\\\/pandoras-box\\\/#primaryimage\"},\"image\":{\"@id\":\"https:\\\/\\\/www.fireware.nl\\\/fr\\\/product\\\/pandoras-box\\\/#primaryimage\"},\"thumbnailUrl\":\"https:\\\/\\\/www.fireware.nl\\\/wp-content\\\/uploads\\\/2021\\\/03\\\/20240516_Pandoras-Box-v4_006_web.jpg\",\"datePublished\":\"2024-06-13T09:00:25+00:00\",\"dateModified\":\"2026-04-13T14:36:09+00:00\",\"breadcrumb\":{\"@id\":\"https:\\\/\\\/www.fireware.nl\\\/fr\\\/product\\\/pandoras-box\\\/#breadcrumb\"},\"inLanguage\":\"fr-FR\",\"potentialAction\":[{\"@type\":\"ReadAction\",\"target\":[\"https:\\\/\\\/www.fireware.nl\\\/fr\\\/product\\\/pandoras-box\\\/\"]}]},{\"@type\":\"ImageObject\",\"inLanguage\":\"fr-FR\",\"@id\":\"https:\\\/\\\/www.fireware.nl\\\/fr\\\/product\\\/pandoras-box\\\/#primaryimage\",\"url\":\"https:\\\/\\\/www.fireware.nl\\\/wp-content\\\/uploads\\\/2021\\\/03\\\/20240516_Pandoras-Box-v4_006_web.jpg\",\"contentUrl\":\"https:\\\/\\\/www.fireware.nl\\\/wp-content\\\/uploads\\\/2021\\\/03\\\/20240516_Pandoras-Box-v4_006_web.jpg\",\"width\":600,\"height\":600},{\"@type\":\"BreadcrumbList\",\"@id\":\"https:\\\/\\\/www.fireware.nl\\\/fr\\\/product\\\/pandoras-box\\\/#breadcrumb\",\"itemListElement\":[{\"@type\":\"ListItem\",\"position\":1,\"name\":\"Home\",\"item\":\"https:\\\/\\\/www.fireware.nl\\\/fr\\\/\"},{\"@type\":\"ListItem\",\"position\":2,\"name\":\"Produits\",\"item\":\"https:\\\/\\\/www.fireware.nl\\\/fr\\\/produits\\\/\"},{\"@type\":\"ListItem\",\"position\":3,\"name\":\"Pandora&#8217;s Box V4\"}]},{\"@type\":\"WebSite\",\"@id\":\"https:\\\/\\\/www.fireware.nl\\\/fr\\\/#website\",\"url\":\"https:\\\/\\\/www.fireware.nl\\\/fr\\\/\",\"name\":\"FireWare\",\"description\":\"CREATING REALISTIC  TRAINING ENVIRONMENTS\",\"publisher\":{\"@id\":\"https:\\\/\\\/www.fireware.nl\\\/fr\\\/#organization\"},\"potentialAction\":[{\"@type\":\"SearchAction\",\"target\":{\"@type\":\"EntryPoint\",\"urlTemplate\":\"https:\\\/\\\/www.fireware.nl\\\/fr\\\/?s={search_term_string}\"},\"query-input\":{\"@type\":\"PropertyValueSpecification\",\"valueRequired\":true,\"valueName\":\"search_term_string\"}}],\"inLanguage\":\"fr-FR\"},{\"@type\":\"Organization\",\"@id\":\"https:\\\/\\\/www.fireware.nl\\\/fr\\\/#organization\",\"name\":\"FireWare\",\"url\":\"https:\\\/\\\/www.fireware.nl\\\/fr\\\/\",\"logo\":{\"@type\":\"ImageObject\",\"inLanguage\":\"fr-FR\",\"@id\":\"https:\\\/\\\/www.fireware.nl\\\/fr\\\/#\\\/schema\\\/logo\\\/image\\\/\",\"url\":\"https:\\\/\\\/www.fireware.nl\\\/wp-content\\\/uploads\\\/2018\\\/10\\\/fireware-logo.png\",\"contentUrl\":\"https:\\\/\\\/www.fireware.nl\\\/wp-content\\\/uploads\\\/2018\\\/10\\\/fireware-logo.png\",\"width\":200,\"height\":86,\"caption\":\"FireWare\"},\"image\":{\"@id\":\"https:\\\/\\\/www.fireware.nl\\\/fr\\\/#\\\/schema\\\/logo\\\/image\\\/\"},\"sameAs\":[\"https:\\\/\\\/www.facebook.com\\\/FireWareBV\\\/\",\"https:\\\/\\\/x.com\\\/FireWarebv\",\"https:\\\/\\\/www.instagram.com\\\/fireware_nl\\\/\",\"https:\\\/\\\/www.linkedin.com\\\/company\\\/3586017\\\/\",\"https:\\\/\\\/www.youtube.com\\\/user\\\/firesalesrentconsult\"]}]}<\/script>\n<!-- \/ Yoast SEO plugin. -->","yoast_head_json":{"title":"Pandora's Box V4 - FireWare","robots":{"index":"index","follow":"follow","max-snippet":"max-snippet:-1","max-image-preview":"max-image-preview:large","max-video-preview":"max-video-preview:-1"},"canonical":"https:\/\/www.fireware.nl\/fr\/product\/pandoras-box\/","og_locale":"fr_FR","og_type":"article","og_title":"Pandora's Box V4 - FireWare","og_description":"Contr\u00f4le complet pour la mise en sc\u00e8ne r\u00e9aliste de petits incendies Stimulez les sens de votre stagiaire avec la lumi\u00e8re, la fum\u00e9e et le son Contr\u00f4le sans fil via une interface web avec votre propre t\u00e9l\u00e9phone ou tablette \u00c9clairage LED puissant int\u00e9gr\u00e9 Machine \u00e0 fum\u00e9e connectable et contr\u00f4lable \u00e0 distance Lire des sons internes via le haut-parleur int\u00e9gr\u00e9 Bo\u00eetier en acier inoxydable int\u00e9gr\u00e9 dans une valise de transport en plastique Contient un espace de rangement sp\u00e9cial pour la machine \u00e0 fum\u00e9e sur batterie Cirrus \u00c9quip\u00e9 d'une batterie puissante","og_url":"https:\/\/www.fireware.nl\/fr\/product\/pandoras-box\/","og_site_name":"FireWare","article_publisher":"https:\/\/www.facebook.com\/FireWareBV\/","article_modified_time":"2026-04-13T14:36:09+00:00","og_image":[{"width":600,"height":600,"url":"https:\/\/www.fireware.nl\/wp-content\/uploads\/2021\/03\/20240516_Pandoras-Box-v4_006_web.jpg","type":"image\/jpeg"}],"twitter_card":"summary_large_image","twitter_site":"@FireWarebv","twitter_misc":{"Dur\u00e9e de lecture estim\u00e9e":"5 minutes"},"schema":{"@context":"https:\/\/schema.org","@graph":[{"@type":"WebPage","@id":"https:\/\/www.fireware.nl\/fr\/product\/pandoras-box\/","url":"https:\/\/www.fireware.nl\/fr\/product\/pandoras-box\/","name":"Pandora's Box V4 - FireWare","isPartOf":{"@id":"https:\/\/www.fireware.nl\/fr\/#website"},"primaryImageOfPage":{"@id":"https:\/\/www.fireware.nl\/fr\/product\/pandoras-box\/#primaryimage"},"image":{"@id":"https:\/\/www.fireware.nl\/fr\/product\/pandoras-box\/#primaryimage"},"thumbnailUrl":"https:\/\/www.fireware.nl\/wp-content\/uploads\/2021\/03\/20240516_Pandoras-Box-v4_006_web.jpg","datePublished":"2024-06-13T09:00:25+00:00","dateModified":"2026-04-13T14:36:09+00:00","breadcrumb":{"@id":"https:\/\/www.fireware.nl\/fr\/product\/pandoras-box\/#breadcrumb"},"inLanguage":"fr-FR","potentialAction":[{"@type":"ReadAction","target":["https:\/\/www.fireware.nl\/fr\/product\/pandoras-box\/"]}]},{"@type":"ImageObject","inLanguage":"fr-FR","@id":"https:\/\/www.fireware.nl\/fr\/product\/pandoras-box\/#primaryimage","url":"https:\/\/www.fireware.nl\/wp-content\/uploads\/2021\/03\/20240516_Pandoras-Box-v4_006_web.jpg","contentUrl":"https:\/\/www.fireware.nl\/wp-content\/uploads\/2021\/03\/20240516_Pandoras-Box-v4_006_web.jpg","width":600,"height":600},{"@type":"BreadcrumbList","@id":"https:\/\/www.fireware.nl\/fr\/product\/pandoras-box\/#breadcrumb","itemListElement":[{"@type":"ListItem","position":1,"name":"Home","item":"https:\/\/www.fireware.nl\/fr\/"},{"@type":"ListItem","position":2,"name":"Produits","item":"https:\/\/www.fireware.nl\/fr\/produits\/"},{"@type":"ListItem","position":3,"name":"Pandora&#8217;s Box V4"}]},{"@type":"WebSite","@id":"https:\/\/www.fireware.nl\/fr\/#website","url":"https:\/\/www.fireware.nl\/fr\/","name":"FireWare","description":"CREATING REALISTIC  TRAINING ENVIRONMENTS","publisher":{"@id":"https:\/\/www.fireware.nl\/fr\/#organization"},"potentialAction":[{"@type":"SearchAction","target":{"@type":"EntryPoint","urlTemplate":"https:\/\/www.fireware.nl\/fr\/?s={search_term_string}"},"query-input":{"@type":"PropertyValueSpecification","valueRequired":true,"valueName":"search_term_string"}}],"inLanguage":"fr-FR"},{"@type":"Organization","@id":"https:\/\/www.fireware.nl\/fr\/#organization","name":"FireWare","url":"https:\/\/www.fireware.nl\/fr\/","logo":{"@type":"ImageObject","inLanguage":"fr-FR","@id":"https:\/\/www.fireware.nl\/fr\/#\/schema\/logo\/image\/","url":"https:\/\/www.fireware.nl\/wp-content\/uploads\/2018\/10\/fireware-logo.png","contentUrl":"https:\/\/www.fireware.nl\/wp-content\/uploads\/2018\/10\/fireware-logo.png","width":200,"height":86,"caption":"FireWare"},"image":{"@id":"https:\/\/www.fireware.nl\/fr\/#\/schema\/logo\/image\/"},"sameAs":["https:\/\/www.facebook.com\/FireWareBV\/","https:\/\/x.com\/FireWarebv","https:\/\/www.instagram.com\/fireware_nl\/","https:\/\/www.linkedin.com\/company\/3586017\/","https:\/\/www.youtube.com\/user\/firesalesrentconsult"]}]}},"publishpress_future_workflow_manual_trigger":{"enabledWorkflows":[]},"_links":{"self":[{"href":"https:\/\/www.fireware.nl\/fr\/wp-json\/wp\/v2\/product\/19241","targetHints":{"allow":["GET"]}}],"collection":[{"href":"https:\/\/www.fireware.nl\/fr\/wp-json\/wp\/v2\/product"}],"about":[{"href":"https:\/\/www.fireware.nl\/fr\/wp-json\/wp\/v2\/types\/product"}],"wp:featuredmedia":[{"embeddable":true,"href":"https:\/\/www.fireware.nl\/fr\/wp-json\/wp\/v2\/media\/96573"}],"wp:attachment":[{"href":"https:\/\/www.fireware.nl\/fr\/wp-json\/wp\/v2\/media?parent=19241"}],"wp:term":[{"taxonomy":"product_brand","embeddable":true,"href":"https:\/\/www.fireware.nl\/fr\/wp-json\/wp\/v2\/product_brand?post=19241"},{"taxonomy":"product_cat","embeddable":true,"href":"https:\/\/www.fireware.nl\/fr\/wp-json\/wp\/v2\/product_cat?post=19241"},{"taxonomy":"product_tag","embeddable":true,"href":"https:\/\/www.fireware.nl\/fr\/wp-json\/wp\/v2\/product_tag?post=19241"}],"curies":[{"name":"wp","href":"https:\/\/api.w.org\/{rel}","templated":true}]}}