
{"id":19194,"date":"2019-01-23T12:16:12","date_gmt":"2019-02-01T10:00:34","guid":{"rendered":"http:\/\/fireware.sites.hyperhosting.co\/?post_type=product&#038;p=19194"},"modified":"2022-10-27T13:36:38","modified_gmt":"2022-10-27T13:36:38","slug":"mini-ppv-trainer","status":"publish","type":"product","link":"https:\/\/www.fireware.nl\/fr\/product\/mini-vpp-trainer\/","title":{"rendered":"Mini VPP Trainer"},"content":{"rendered":"\r\n<h2>D\u00e9montrer et entra\u00eener en la ventilation op\u00e9rationnelle<\/h2>\r\n<p>Le Mini Simulateur de Ventilation \u00e0 Pression Positive vous permet de d\u00e9montrer les m\u00e9thodes de travail relatives \u00e0 la ventilation op\u00e9rationnelle, et d&#8217;exp\u00e9rimenter avec elles. L&#8217;habitation transparente dispose d&#8217;une cave, d&#8217;un rez-de-chauss\u00e9e, d&#8217;un premier \u00e9tage et d&#8217;un grenier. Une partie de l&#8217;\u00e9difice sert de cage d&#8217;escalier. De plus, vous pouvez en d\u00e9tacher et enlever des \u00e9tages afin de rendre le b\u00e2timent plus petit, ce qui vous permet \u00e9galement de nettoyer plus facilement le simulateur.<\/p>\r\n<p>Le mini simulateur contient un carneau de fum\u00e9es. De l&#8217;ext\u00e9rieur, des parois coulissantes peuvent s&#8217;ouvrir, permettant \u00e0 la fum\u00e9e de p\u00e9n\u00e9trer dans les pi\u00e8ces souhait\u00e9es. Toutes les pi\u00e8ces peuvent \u00eatre enfum\u00e9es individuellement et les fen\u00eatres, portes et lucarnes peuvent s&#8217;ouvrir. Pour simuler des chemin\u00e9es, les sols des \u00e9tages sont munis de volets coulissants. Deux ventilateurs permettent de s&#8217;exercer aux diff\u00e9rentes techniques op\u00e9rationnelles et de les \u00e9tudier.<\/p>\r\n<p>Le Mini Simulateur de VPP est livr\u00e9 de fa\u00e7on standard dans un flightcase, sur lequel il peut se poser pendant son utilisation. Cette situation vous procure une hauteur de travail agr\u00e9able et il est donc \u00e9galement possible de se d\u00e9placer tout autour du simulateur. Le kit se compose de tous les \u00e9tages, d&#8217;1 g\u00e9n\u00e9rateur de fum\u00e9e, de 5 litres de liquide fumig\u00e8ne et\u00a0de 2 ventilateurs.<\/p>\r\n<h2>Regarder la vid\u00e9o<\/h2>\r\n<p><iframe title=\"YouTube video player\" src=\"https:\/\/www.youtube.com\/embed\/TAA3E_1l7iM?rel=0\" width=\"560\" height=\"315\" frameborder=\"0\" allowfullscreen=\"allowfullscreen\"><\/iframe><\/p>\r\n","protected":false},"excerpt":{"rendered":"<ul>\n<li>Contient un g\u00e9n\u00e9rateur de fum\u00e9e, t\u00e9l\u00e9commande sans fil, du liquide fumig\u00e8ne et 2 ventilateurs.<\/li>\n<li>Permet de d\u00e9montrer la ventilation op\u00e9rationnelle.<\/li>\n<li>Permet d\u2019effectuer des exercices relatifs \u00e0 la surpression.<\/li>\n<li>Est compos\u00e9 d\u2019une cave, d\u2019un rez-de-chauss\u00e9e, d\u2019un premier \u00e9tage et d\u2019un grenier.<\/li>\n<li>Le nombre d\u2019\u00e9tages peut varier.<\/li>\n<li>Les pi\u00e8ces peuvent \u00eatre enfum\u00e9es ind\u00e9pendamment l\u2019une de l\u2019autre.<\/li>\n<li>Muni de fen\u00eatres et portes coulissantes, pour un \u00e9coulement variable.<\/li>\n<li>Est livr\u00e9 de fa\u00e7on standard dans un flightcase robuste pour en faciliter le transport et le rangement.<\/li>\n<li>Y compris trois petits et trois grands feux.<\/li>\n<li>Tous les disques sont marqu\u00e9s de sorte qu\u2019ils sont mentionn\u00e9s s\u00e9par\u00e9ment.<\/li>\n<\/ul>\n","protected":false},"featured_media":50761,"template":"","meta":[],"product_brand":[],"product_cat":[92],"product_tag":[],"class_list":{"0":"post-19194","1":"product","2":"type-product","3":"status-publish","4":"has-post-thumbnail","6":"product_cat-produits-de-demonstration","8":"first","9":"instock","10":"taxable","11":"shipping-taxable","12":"purchasable","13":"product-type-simple"},"yoast_head":"<!-- This site is optimized with the Yoast SEO plugin v27.4 - https:\/\/yoast.com\/product\/yoast-seo-wordpress\/ -->\n<title>Mini VPP Trainer - FireWare<\/title>\n<meta name=\"robots\" content=\"index, follow, max-snippet:-1, max-image-preview:large, max-video-preview:-1\" \/>\n<link rel=\"canonical\" href=\"https:\/\/www.fireware.nl\/fr\/product\/mini-vpp-trainer\/\" \/>\n<meta property=\"og:locale\" content=\"fr_FR\" \/>\n<meta property=\"og:type\" content=\"article\" \/>\n<meta property=\"og:title\" content=\"Mini VPP Trainer - FireWare\" \/>\n<meta property=\"og:description\" content=\"Contient un g\u00e9n\u00e9rateur de fum\u00e9e, t\u00e9l\u00e9commande sans fil, du liquide fumig\u00e8ne et 2 ventilateurs. Permet de d\u00e9montrer la ventilation op\u00e9rationnelle. Permet d\u2019effectuer des exercices relatifs \u00e0 la surpression. Est compos\u00e9 d\u2019une cave, d\u2019un rez-de-chauss\u00e9e, d\u2019un premier \u00e9tage et d\u2019un grenier. Le nombre d\u2019\u00e9tages peut varier. Les pi\u00e8ces peuvent \u00eatre enfum\u00e9es ind\u00e9pendamment l\u2019une de l\u2019autre. Muni de fen\u00eatres et portes coulissantes, pour un \u00e9coulement variable. Est livr\u00e9 de fa\u00e7on standard dans un flightcase robuste pour en faciliter le transport et le rangement. Y compris trois petits et trois grands feux. Tous les disques sont marqu\u00e9s de sorte qu\u2019ils sont mentionn\u00e9s s\u00e9par\u00e9ment.\" \/>\n<meta property=\"og:url\" content=\"https:\/\/www.fireware.nl\/fr\/product\/mini-vpp-trainer\/\" \/>\n<meta property=\"og:site_name\" content=\"FireWare\" \/>\n<meta property=\"article:publisher\" content=\"https:\/\/www.facebook.com\/FireWareBV\/\" \/>\n<meta property=\"article:modified_time\" content=\"2022-10-27T13:36:38+00:00\" \/>\n<meta property=\"og:image\" content=\"https:\/\/www.fireware.nl\/wp-content\/uploads\/2019\/01\/025-012-006-PPV-Trainer-1.jpg\" \/>\n\t<meta property=\"og:image:width\" content=\"600\" \/>\n\t<meta property=\"og:image:height\" content=\"600\" \/>\n\t<meta property=\"og:image:type\" content=\"image\/jpeg\" \/>\n<meta name=\"twitter:card\" content=\"summary_large_image\" \/>\n<meta name=\"twitter:site\" content=\"@FireWarebv\" \/>\n<meta name=\"twitter:label1\" content=\"Dur\u00e9e de lecture estim\u00e9e\" \/>\n\t<meta name=\"twitter:data1\" content=\"2 minutes\" \/>\n<script type=\"application\/ld+json\" class=\"yoast-schema-graph\">{\"@context\":\"https:\\\/\\\/schema.org\",\"@graph\":[{\"@type\":\"WebPage\",\"@id\":\"https:\\\/\\\/www.fireware.nl\\\/fr\\\/product\\\/mini-vpp-trainer\\\/\",\"url\":\"https:\\\/\\\/www.fireware.nl\\\/fr\\\/product\\\/mini-vpp-trainer\\\/\",\"name\":\"Mini VPP Trainer - FireWare\",\"isPartOf\":{\"@id\":\"https:\\\/\\\/www.fireware.nl\\\/fr\\\/#website\"},\"primaryImageOfPage\":{\"@id\":\"https:\\\/\\\/www.fireware.nl\\\/fr\\\/product\\\/mini-vpp-trainer\\\/#primaryimage\"},\"image\":{\"@id\":\"https:\\\/\\\/www.fireware.nl\\\/fr\\\/product\\\/mini-vpp-trainer\\\/#primaryimage\"},\"thumbnailUrl\":\"https:\\\/\\\/www.fireware.nl\\\/wp-content\\\/uploads\\\/2019\\\/01\\\/025-012-006-PPV-Trainer-1.jpg\",\"datePublished\":\"2019-02-01T10:00:34+00:00\",\"dateModified\":\"2022-10-27T13:36:38+00:00\",\"breadcrumb\":{\"@id\":\"https:\\\/\\\/www.fireware.nl\\\/fr\\\/product\\\/mini-vpp-trainer\\\/#breadcrumb\"},\"inLanguage\":\"fr-FR\",\"potentialAction\":[{\"@type\":\"ReadAction\",\"target\":[\"https:\\\/\\\/www.fireware.nl\\\/fr\\\/product\\\/mini-vpp-trainer\\\/\"]}]},{\"@type\":\"ImageObject\",\"inLanguage\":\"fr-FR\",\"@id\":\"https:\\\/\\\/www.fireware.nl\\\/fr\\\/product\\\/mini-vpp-trainer\\\/#primaryimage\",\"url\":\"https:\\\/\\\/www.fireware.nl\\\/wp-content\\\/uploads\\\/2019\\\/01\\\/025-012-006-PPV-Trainer-1.jpg\",\"contentUrl\":\"https:\\\/\\\/www.fireware.nl\\\/wp-content\\\/uploads\\\/2019\\\/01\\\/025-012-006-PPV-Trainer-1.jpg\",\"width\":600,\"height\":600},{\"@type\":\"BreadcrumbList\",\"@id\":\"https:\\\/\\\/www.fireware.nl\\\/fr\\\/product\\\/mini-vpp-trainer\\\/#breadcrumb\",\"itemListElement\":[{\"@type\":\"ListItem\",\"position\":1,\"name\":\"Home\",\"item\":\"https:\\\/\\\/www.fireware.nl\\\/fr\\\/\"},{\"@type\":\"ListItem\",\"position\":2,\"name\":\"Produits\",\"item\":\"https:\\\/\\\/www.fireware.nl\\\/fr\\\/produits\\\/\"},{\"@type\":\"ListItem\",\"position\":3,\"name\":\"Mini VPP Trainer\"}]},{\"@type\":\"WebSite\",\"@id\":\"https:\\\/\\\/www.fireware.nl\\\/fr\\\/#website\",\"url\":\"https:\\\/\\\/www.fireware.nl\\\/fr\\\/\",\"name\":\"FireWare\",\"description\":\"CREATING REALISTIC  TRAINING ENVIRONMENTS\",\"publisher\":{\"@id\":\"https:\\\/\\\/www.fireware.nl\\\/fr\\\/#organization\"},\"potentialAction\":[{\"@type\":\"SearchAction\",\"target\":{\"@type\":\"EntryPoint\",\"urlTemplate\":\"https:\\\/\\\/www.fireware.nl\\\/fr\\\/?s={search_term_string}\"},\"query-input\":{\"@type\":\"PropertyValueSpecification\",\"valueRequired\":true,\"valueName\":\"search_term_string\"}}],\"inLanguage\":\"fr-FR\"},{\"@type\":\"Organization\",\"@id\":\"https:\\\/\\\/www.fireware.nl\\\/fr\\\/#organization\",\"name\":\"FireWare\",\"url\":\"https:\\\/\\\/www.fireware.nl\\\/fr\\\/\",\"logo\":{\"@type\":\"ImageObject\",\"inLanguage\":\"fr-FR\",\"@id\":\"https:\\\/\\\/www.fireware.nl\\\/fr\\\/#\\\/schema\\\/logo\\\/image\\\/\",\"url\":\"https:\\\/\\\/www.fireware.nl\\\/wp-content\\\/uploads\\\/2018\\\/10\\\/fireware-logo.png\",\"contentUrl\":\"https:\\\/\\\/www.fireware.nl\\\/wp-content\\\/uploads\\\/2018\\\/10\\\/fireware-logo.png\",\"width\":200,\"height\":86,\"caption\":\"FireWare\"},\"image\":{\"@id\":\"https:\\\/\\\/www.fireware.nl\\\/fr\\\/#\\\/schema\\\/logo\\\/image\\\/\"},\"sameAs\":[\"https:\\\/\\\/www.facebook.com\\\/FireWareBV\\\/\",\"https:\\\/\\\/x.com\\\/FireWarebv\",\"https:\\\/\\\/www.instagram.com\\\/fireware_nl\\\/\",\"https:\\\/\\\/www.linkedin.com\\\/company\\\/3586017\\\/\",\"https:\\\/\\\/www.youtube.com\\\/user\\\/firesalesrentconsult\"]}]}<\/script>\n<!-- \/ Yoast SEO plugin. -->","yoast_head_json":{"title":"Mini VPP Trainer - FireWare","robots":{"index":"index","follow":"follow","max-snippet":"max-snippet:-1","max-image-preview":"max-image-preview:large","max-video-preview":"max-video-preview:-1"},"canonical":"https:\/\/www.fireware.nl\/fr\/product\/mini-vpp-trainer\/","og_locale":"fr_FR","og_type":"article","og_title":"Mini VPP Trainer - FireWare","og_description":"Contient un g\u00e9n\u00e9rateur de fum\u00e9e, t\u00e9l\u00e9commande sans fil, du liquide fumig\u00e8ne et 2 ventilateurs. Permet de d\u00e9montrer la ventilation op\u00e9rationnelle. Permet d\u2019effectuer des exercices relatifs \u00e0 la surpression. Est compos\u00e9 d\u2019une cave, d\u2019un rez-de-chauss\u00e9e, d\u2019un premier \u00e9tage et d\u2019un grenier. Le nombre d\u2019\u00e9tages peut varier. Les pi\u00e8ces peuvent \u00eatre enfum\u00e9es ind\u00e9pendamment l\u2019une de l\u2019autre. Muni de fen\u00eatres et portes coulissantes, pour un \u00e9coulement variable. Est livr\u00e9 de fa\u00e7on standard dans un flightcase robuste pour en faciliter le transport et le rangement. Y compris trois petits et trois grands feux. Tous les disques sont marqu\u00e9s de sorte qu\u2019ils sont mentionn\u00e9s s\u00e9par\u00e9ment.","og_url":"https:\/\/www.fireware.nl\/fr\/product\/mini-vpp-trainer\/","og_site_name":"FireWare","article_publisher":"https:\/\/www.facebook.com\/FireWareBV\/","article_modified_time":"2022-10-27T13:36:38+00:00","og_image":[{"width":600,"height":600,"url":"https:\/\/www.fireware.nl\/wp-content\/uploads\/2019\/01\/025-012-006-PPV-Trainer-1.jpg","type":"image\/jpeg"}],"twitter_card":"summary_large_image","twitter_site":"@FireWarebv","twitter_misc":{"Dur\u00e9e de lecture estim\u00e9e":"2 minutes"},"schema":{"@context":"https:\/\/schema.org","@graph":[{"@type":"WebPage","@id":"https:\/\/www.fireware.nl\/fr\/product\/mini-vpp-trainer\/","url":"https:\/\/www.fireware.nl\/fr\/product\/mini-vpp-trainer\/","name":"Mini VPP Trainer - FireWare","isPartOf":{"@id":"https:\/\/www.fireware.nl\/fr\/#website"},"primaryImageOfPage":{"@id":"https:\/\/www.fireware.nl\/fr\/product\/mini-vpp-trainer\/#primaryimage"},"image":{"@id":"https:\/\/www.fireware.nl\/fr\/product\/mini-vpp-trainer\/#primaryimage"},"thumbnailUrl":"https:\/\/www.fireware.nl\/wp-content\/uploads\/2019\/01\/025-012-006-PPV-Trainer-1.jpg","datePublished":"2019-02-01T10:00:34+00:00","dateModified":"2022-10-27T13:36:38+00:00","breadcrumb":{"@id":"https:\/\/www.fireware.nl\/fr\/product\/mini-vpp-trainer\/#breadcrumb"},"inLanguage":"fr-FR","potentialAction":[{"@type":"ReadAction","target":["https:\/\/www.fireware.nl\/fr\/product\/mini-vpp-trainer\/"]}]},{"@type":"ImageObject","inLanguage":"fr-FR","@id":"https:\/\/www.fireware.nl\/fr\/product\/mini-vpp-trainer\/#primaryimage","url":"https:\/\/www.fireware.nl\/wp-content\/uploads\/2019\/01\/025-012-006-PPV-Trainer-1.jpg","contentUrl":"https:\/\/www.fireware.nl\/wp-content\/uploads\/2019\/01\/025-012-006-PPV-Trainer-1.jpg","width":600,"height":600},{"@type":"BreadcrumbList","@id":"https:\/\/www.fireware.nl\/fr\/product\/mini-vpp-trainer\/#breadcrumb","itemListElement":[{"@type":"ListItem","position":1,"name":"Home","item":"https:\/\/www.fireware.nl\/fr\/"},{"@type":"ListItem","position":2,"name":"Produits","item":"https:\/\/www.fireware.nl\/fr\/produits\/"},{"@type":"ListItem","position":3,"name":"Mini VPP Trainer"}]},{"@type":"WebSite","@id":"https:\/\/www.fireware.nl\/fr\/#website","url":"https:\/\/www.fireware.nl\/fr\/","name":"FireWare","description":"CREATING REALISTIC  TRAINING ENVIRONMENTS","publisher":{"@id":"https:\/\/www.fireware.nl\/fr\/#organization"},"potentialAction":[{"@type":"SearchAction","target":{"@type":"EntryPoint","urlTemplate":"https:\/\/www.fireware.nl\/fr\/?s={search_term_string}"},"query-input":{"@type":"PropertyValueSpecification","valueRequired":true,"valueName":"search_term_string"}}],"inLanguage":"fr-FR"},{"@type":"Organization","@id":"https:\/\/www.fireware.nl\/fr\/#organization","name":"FireWare","url":"https:\/\/www.fireware.nl\/fr\/","logo":{"@type":"ImageObject","inLanguage":"fr-FR","@id":"https:\/\/www.fireware.nl\/fr\/#\/schema\/logo\/image\/","url":"https:\/\/www.fireware.nl\/wp-content\/uploads\/2018\/10\/fireware-logo.png","contentUrl":"https:\/\/www.fireware.nl\/wp-content\/uploads\/2018\/10\/fireware-logo.png","width":200,"height":86,"caption":"FireWare"},"image":{"@id":"https:\/\/www.fireware.nl\/fr\/#\/schema\/logo\/image\/"},"sameAs":["https:\/\/www.facebook.com\/FireWareBV\/","https:\/\/x.com\/FireWarebv","https:\/\/www.instagram.com\/fireware_nl\/","https:\/\/www.linkedin.com\/company\/3586017\/","https:\/\/www.youtube.com\/user\/firesalesrentconsult"]}]}},"publishpress_future_workflow_manual_trigger":{"enabledWorkflows":[]},"_links":{"self":[{"href":"https:\/\/www.fireware.nl\/fr\/wp-json\/wp\/v2\/product\/19194","targetHints":{"allow":["GET"]}}],"collection":[{"href":"https:\/\/www.fireware.nl\/fr\/wp-json\/wp\/v2\/product"}],"about":[{"href":"https:\/\/www.fireware.nl\/fr\/wp-json\/wp\/v2\/types\/product"}],"wp:featuredmedia":[{"embeddable":true,"href":"https:\/\/www.fireware.nl\/fr\/wp-json\/wp\/v2\/media\/50761"}],"wp:attachment":[{"href":"https:\/\/www.fireware.nl\/fr\/wp-json\/wp\/v2\/media?parent=19194"}],"wp:term":[{"taxonomy":"product_brand","embeddable":true,"href":"https:\/\/www.fireware.nl\/fr\/wp-json\/wp\/v2\/product_brand?post=19194"},{"taxonomy":"product_cat","embeddable":true,"href":"https:\/\/www.fireware.nl\/fr\/wp-json\/wp\/v2\/product_cat?post=19194"},{"taxonomy":"product_tag","embeddable":true,"href":"https:\/\/www.fireware.nl\/fr\/wp-json\/wp\/v2\/product_tag?post=19194"}],"curies":[{"name":"wp","href":"https:\/\/api.w.org\/{rel}","templated":true}]}}