
{"id":19152,"date":"2019-01-23T12:16:02","date_gmt":"2019-02-01T09:55:22","guid":{"rendered":"http:\/\/fireware.sites.hyperhosting.co\/?post_type=product&#038;p=19152"},"modified":"2021-10-22T08:05:43","modified_gmt":"2021-10-22T08:05:43","slug":"masque-aveuglant-pompiers","status":"publish","type":"product","link":"https:\/\/www.fireware.nl\/fr\/product\/masque-aveuglant-pompiers\/","title":{"rendered":"[Vente limit\u00e9e au stock] Masque Aveuglant Pompiers"},"content":{"rendered":"<h2>Limite la perception visuelle d\u2019un stagiaire<\/h2>\n<p>Le Masque Aveuglant Pompiers limite la perception visuelle d\u2019un stagiaire. Le masque est id\u00e9al dans les situations o\u00f9 la fum\u00e9e ne peut pas \u00eatre utilis\u00e9e pour limiter la vision, par exemple dans les endroits o\u00f9 on travaille avec des produits alimentaires ou pr\u00e8s de sites industriels ATEX.<\/p>\n<p>Deux variantes du Masque Aveuglant sont disponibles : obscurcissant et\u00a0translucide. Le masque pour les pompiers est plus gros et peut se mettre sur la t\u00eate, mais peut \u00e9galement \u00eatre raccord\u00e9 \u00e0 un masque \u00e0 oxyg\u00e8ne. Le masque se ferme avec des scratches.<\/p>\n","protected":false},"excerpt":{"rendered":"<ul>\n<li>Masque pour limiter la vision.<\/li>\n<li>Pour les endroits o\u00f9 la fum\u00e9e ne peut pas \u00eatre utilis\u00e9e.<\/li>\n<\/ul>\n","protected":false},"featured_media":20906,"template":"","meta":[],"product_brand":[],"product_cat":[88],"product_tag":[],"class_list":{"0":"post-19152","1":"product","2":"type-product","3":"status-publish","4":"has-post-thumbnail","6":"product_cat-alternative-a-la-fumee","8":"first","9":"instock","10":"taxable","11":"shipping-taxable","12":"purchasable","13":"product-type-variable"},"yoast_head":"<!-- This site is optimized with the Yoast SEO plugin v27.2 - https:\/\/yoast.com\/product\/yoast-seo-wordpress\/ -->\n<title>[Vente limit\u00e9e au stock] Masque Aveuglant Pompiers - FireWare<\/title>\n<meta name=\"robots\" content=\"index, follow, max-snippet:-1, max-image-preview:large, max-video-preview:-1\" \/>\n<link rel=\"canonical\" href=\"https:\/\/www.fireware.nl\/fr\/product\/masque-aveuglant-pompiers\/\" \/>\n<meta property=\"og:locale\" content=\"fr_FR\" \/>\n<meta property=\"og:type\" content=\"article\" \/>\n<meta property=\"og:title\" content=\"[Vente limit\u00e9e au stock] Masque Aveuglant Pompiers - FireWare\" \/>\n<meta property=\"og:description\" content=\"Masque pour limiter la vision.  Pour les endroits o\u00f9 la fum\u00e9e ne peut pas \u00eatre utilis\u00e9e.\" \/>\n<meta property=\"og:url\" content=\"https:\/\/www.fireware.nl\/fr\/product\/masque-aveuglant-pompiers\/\" \/>\n<meta property=\"og:site_name\" content=\"FireWare\" \/>\n<meta property=\"article:publisher\" content=\"https:\/\/www.facebook.com\/FireWareBV\/\" \/>\n<meta property=\"article:modified_time\" content=\"2021-10-22T08:05:43+00:00\" \/>\n<meta property=\"og:image\" content=\"https:\/\/www.fireware.nl\/wp-content\/uploads\/2019\/01\/025-021-002-Blindmasker-Brandweer-Blauw-Vast.jpg\" \/>\n\t<meta property=\"og:image:width\" content=\"600\" \/>\n\t<meta property=\"og:image:height\" content=\"600\" \/>\n\t<meta property=\"og:image:type\" content=\"image\/jpeg\" \/>\n<meta name=\"twitter:card\" content=\"summary_large_image\" \/>\n<meta name=\"twitter:site\" content=\"@FireWarebv\" \/>\n<meta name=\"twitter:label1\" content=\"Dur\u00e9e de lecture estim\u00e9e\" \/>\n\t<meta name=\"twitter:data1\" content=\"1 minute\" \/>\n<script type=\"application\/ld+json\" class=\"yoast-schema-graph\">{\"@context\":\"https:\/\/schema.org\",\"@graph\":[{\"@type\":\"WebPage\",\"@id\":\"https:\/\/www.fireware.nl\/fr\/product\/masque-aveuglant-pompiers\/\",\"url\":\"https:\/\/www.fireware.nl\/fr\/product\/masque-aveuglant-pompiers\/\",\"name\":\"[Vente limit\u00e9e au stock] Masque Aveuglant Pompiers - FireWare\",\"isPartOf\":{\"@id\":\"https:\/\/www.fireware.nl\/fr\/#website\"},\"primaryImageOfPage\":{\"@id\":\"https:\/\/www.fireware.nl\/fr\/product\/masque-aveuglant-pompiers\/#primaryimage\"},\"image\":{\"@id\":\"https:\/\/www.fireware.nl\/fr\/product\/masque-aveuglant-pompiers\/#primaryimage\"},\"thumbnailUrl\":\"https:\/\/www.fireware.nl\/wp-content\/uploads\/2019\/01\/025-021-002-Blindmasker-Brandweer-Blauw-Vast.jpg\",\"datePublished\":\"2019-02-01T09:55:22+00:00\",\"dateModified\":\"2021-10-22T08:05:43+00:00\",\"breadcrumb\":{\"@id\":\"https:\/\/www.fireware.nl\/fr\/product\/masque-aveuglant-pompiers\/#breadcrumb\"},\"inLanguage\":\"fr-FR\",\"potentialAction\":[{\"@type\":\"ReadAction\",\"target\":[\"https:\/\/www.fireware.nl\/fr\/product\/masque-aveuglant-pompiers\/\"]}]},{\"@type\":\"ImageObject\",\"inLanguage\":\"fr-FR\",\"@id\":\"https:\/\/www.fireware.nl\/fr\/product\/masque-aveuglant-pompiers\/#primaryimage\",\"url\":\"https:\/\/www.fireware.nl\/wp-content\/uploads\/2019\/01\/025-021-002-Blindmasker-Brandweer-Blauw-Vast.jpg\",\"contentUrl\":\"https:\/\/www.fireware.nl\/wp-content\/uploads\/2019\/01\/025-021-002-Blindmasker-Brandweer-Blauw-Vast.jpg\",\"width\":600,\"height\":600,\"caption\":\"025-021-002 Blindmasker Brandweer Blauw Vast\"},{\"@type\":\"BreadcrumbList\",\"@id\":\"https:\/\/www.fireware.nl\/fr\/product\/masque-aveuglant-pompiers\/#breadcrumb\",\"itemListElement\":[{\"@type\":\"ListItem\",\"position\":1,\"name\":\"Home\",\"item\":\"https:\/\/www.fireware.nl\/fr\/\"},{\"@type\":\"ListItem\",\"position\":2,\"name\":\"Produits\",\"item\":\"https:\/\/www.fireware.nl\/fr\/produits\/\"},{\"@type\":\"ListItem\",\"position\":3,\"name\":\"[Vente limit\u00e9e au stock] Masque Aveuglant Pompiers\"}]},{\"@type\":\"WebSite\",\"@id\":\"https:\/\/www.fireware.nl\/fr\/#website\",\"url\":\"https:\/\/www.fireware.nl\/fr\/\",\"name\":\"FireWare\",\"description\":\"CREATING REALISTIC  TRAINING ENVIRONMENTS\",\"publisher\":{\"@id\":\"https:\/\/www.fireware.nl\/fr\/#organization\"},\"potentialAction\":[{\"@type\":\"SearchAction\",\"target\":{\"@type\":\"EntryPoint\",\"urlTemplate\":\"https:\/\/www.fireware.nl\/fr\/?s={search_term_string}\"},\"query-input\":{\"@type\":\"PropertyValueSpecification\",\"valueRequired\":true,\"valueName\":\"search_term_string\"}}],\"inLanguage\":\"fr-FR\"},{\"@type\":\"Organization\",\"@id\":\"https:\/\/www.fireware.nl\/fr\/#organization\",\"name\":\"FireWare\",\"url\":\"https:\/\/www.fireware.nl\/fr\/\",\"logo\":{\"@type\":\"ImageObject\",\"inLanguage\":\"fr-FR\",\"@id\":\"https:\/\/www.fireware.nl\/fr\/#\/schema\/logo\/image\/\",\"url\":\"https:\/\/www.fireware.nl\/wp-content\/uploads\/2018\/10\/fireware-logo.png\",\"contentUrl\":\"https:\/\/www.fireware.nl\/wp-content\/uploads\/2018\/10\/fireware-logo.png\",\"width\":200,\"height\":86,\"caption\":\"FireWare\"},\"image\":{\"@id\":\"https:\/\/www.fireware.nl\/fr\/#\/schema\/logo\/image\/\"},\"sameAs\":[\"https:\/\/www.facebook.com\/FireWareBV\/\",\"https:\/\/x.com\/FireWarebv\",\"https:\/\/www.instagram.com\/fireware_nl\/\",\"https:\/\/www.linkedin.com\/company\/3586017\/\",\"https:\/\/www.youtube.com\/user\/firesalesrentconsult\"]}]}<\/script>\n<!-- \/ Yoast SEO plugin. -->","yoast_head_json":{"title":"[Vente limit\u00e9e au stock] Masque Aveuglant Pompiers - FireWare","robots":{"index":"index","follow":"follow","max-snippet":"max-snippet:-1","max-image-preview":"max-image-preview:large","max-video-preview":"max-video-preview:-1"},"canonical":"https:\/\/www.fireware.nl\/fr\/product\/masque-aveuglant-pompiers\/","og_locale":"fr_FR","og_type":"article","og_title":"[Vente limit\u00e9e au stock] Masque Aveuglant Pompiers - FireWare","og_description":"Masque pour limiter la vision.  Pour les endroits o\u00f9 la fum\u00e9e ne peut pas \u00eatre utilis\u00e9e.","og_url":"https:\/\/www.fireware.nl\/fr\/product\/masque-aveuglant-pompiers\/","og_site_name":"FireWare","article_publisher":"https:\/\/www.facebook.com\/FireWareBV\/","article_modified_time":"2021-10-22T08:05:43+00:00","og_image":[{"width":600,"height":600,"url":"https:\/\/www.fireware.nl\/wp-content\/uploads\/2019\/01\/025-021-002-Blindmasker-Brandweer-Blauw-Vast.jpg","type":"image\/jpeg"}],"twitter_card":"summary_large_image","twitter_site":"@FireWarebv","twitter_misc":{"Dur\u00e9e de lecture estim\u00e9e":"1 minute"},"schema":{"@context":"https:\/\/schema.org","@graph":[{"@type":"WebPage","@id":"https:\/\/www.fireware.nl\/fr\/product\/masque-aveuglant-pompiers\/","url":"https:\/\/www.fireware.nl\/fr\/product\/masque-aveuglant-pompiers\/","name":"[Vente limit\u00e9e au stock] Masque Aveuglant Pompiers - FireWare","isPartOf":{"@id":"https:\/\/www.fireware.nl\/fr\/#website"},"primaryImageOfPage":{"@id":"https:\/\/www.fireware.nl\/fr\/product\/masque-aveuglant-pompiers\/#primaryimage"},"image":{"@id":"https:\/\/www.fireware.nl\/fr\/product\/masque-aveuglant-pompiers\/#primaryimage"},"thumbnailUrl":"https:\/\/www.fireware.nl\/wp-content\/uploads\/2019\/01\/025-021-002-Blindmasker-Brandweer-Blauw-Vast.jpg","datePublished":"2019-02-01T09:55:22+00:00","dateModified":"2021-10-22T08:05:43+00:00","breadcrumb":{"@id":"https:\/\/www.fireware.nl\/fr\/product\/masque-aveuglant-pompiers\/#breadcrumb"},"inLanguage":"fr-FR","potentialAction":[{"@type":"ReadAction","target":["https:\/\/www.fireware.nl\/fr\/product\/masque-aveuglant-pompiers\/"]}]},{"@type":"ImageObject","inLanguage":"fr-FR","@id":"https:\/\/www.fireware.nl\/fr\/product\/masque-aveuglant-pompiers\/#primaryimage","url":"https:\/\/www.fireware.nl\/wp-content\/uploads\/2019\/01\/025-021-002-Blindmasker-Brandweer-Blauw-Vast.jpg","contentUrl":"https:\/\/www.fireware.nl\/wp-content\/uploads\/2019\/01\/025-021-002-Blindmasker-Brandweer-Blauw-Vast.jpg","width":600,"height":600,"caption":"025-021-002 Blindmasker Brandweer Blauw Vast"},{"@type":"BreadcrumbList","@id":"https:\/\/www.fireware.nl\/fr\/product\/masque-aveuglant-pompiers\/#breadcrumb","itemListElement":[{"@type":"ListItem","position":1,"name":"Home","item":"https:\/\/www.fireware.nl\/fr\/"},{"@type":"ListItem","position":2,"name":"Produits","item":"https:\/\/www.fireware.nl\/fr\/produits\/"},{"@type":"ListItem","position":3,"name":"[Vente limit\u00e9e au stock] Masque Aveuglant Pompiers"}]},{"@type":"WebSite","@id":"https:\/\/www.fireware.nl\/fr\/#website","url":"https:\/\/www.fireware.nl\/fr\/","name":"FireWare","description":"CREATING REALISTIC  TRAINING ENVIRONMENTS","publisher":{"@id":"https:\/\/www.fireware.nl\/fr\/#organization"},"potentialAction":[{"@type":"SearchAction","target":{"@type":"EntryPoint","urlTemplate":"https:\/\/www.fireware.nl\/fr\/?s={search_term_string}"},"query-input":{"@type":"PropertyValueSpecification","valueRequired":true,"valueName":"search_term_string"}}],"inLanguage":"fr-FR"},{"@type":"Organization","@id":"https:\/\/www.fireware.nl\/fr\/#organization","name":"FireWare","url":"https:\/\/www.fireware.nl\/fr\/","logo":{"@type":"ImageObject","inLanguage":"fr-FR","@id":"https:\/\/www.fireware.nl\/fr\/#\/schema\/logo\/image\/","url":"https:\/\/www.fireware.nl\/wp-content\/uploads\/2018\/10\/fireware-logo.png","contentUrl":"https:\/\/www.fireware.nl\/wp-content\/uploads\/2018\/10\/fireware-logo.png","width":200,"height":86,"caption":"FireWare"},"image":{"@id":"https:\/\/www.fireware.nl\/fr\/#\/schema\/logo\/image\/"},"sameAs":["https:\/\/www.facebook.com\/FireWareBV\/","https:\/\/x.com\/FireWarebv","https:\/\/www.instagram.com\/fireware_nl\/","https:\/\/www.linkedin.com\/company\/3586017\/","https:\/\/www.youtube.com\/user\/firesalesrentconsult"]}]}},"publishpress_future_workflow_manual_trigger":{"enabledWorkflows":[]},"_links":{"self":[{"href":"https:\/\/www.fireware.nl\/fr\/wp-json\/wp\/v2\/product\/19152","targetHints":{"allow":["GET"]}}],"collection":[{"href":"https:\/\/www.fireware.nl\/fr\/wp-json\/wp\/v2\/product"}],"about":[{"href":"https:\/\/www.fireware.nl\/fr\/wp-json\/wp\/v2\/types\/product"}],"wp:featuredmedia":[{"embeddable":true,"href":"https:\/\/www.fireware.nl\/fr\/wp-json\/wp\/v2\/media\/20906"}],"wp:attachment":[{"href":"https:\/\/www.fireware.nl\/fr\/wp-json\/wp\/v2\/media?parent=19152"}],"wp:term":[{"taxonomy":"product_brand","embeddable":true,"href":"https:\/\/www.fireware.nl\/fr\/wp-json\/wp\/v2\/product_brand?post=19152"},{"taxonomy":"product_cat","embeddable":true,"href":"https:\/\/www.fireware.nl\/fr\/wp-json\/wp\/v2\/product_cat?post=19152"},{"taxonomy":"product_tag","embeddable":true,"href":"https:\/\/www.fireware.nl\/fr\/wp-json\/wp\/v2\/product_tag?post=19152"}],"curies":[{"name":"wp","href":"https:\/\/api.w.org\/{rel}","templated":true}]}}