
{"id":19111,"date":"2019-01-23T12:16:10","date_gmt":"2019-01-23T12:16:10","guid":{"rendered":"http:\/\/fireware.sites.hyperhosting.co\/?post_type=product&#038;p=19111"},"modified":"2025-12-08T07:33:10","modified_gmt":"2025-12-08T07:33:10","slug":"liquide-fumigene-pompiers-extreme","status":"publish","type":"product","link":"https:\/\/www.fireware.nl\/fr\/product\/liquide-fumigene-pompiers-extreme\/","title":{"rendered":"Liquide fumig\u00e8ne Pompiers extr\u00eame"},"content":{"rendered":"\n\n\t<p><em>Le sp\u00e9cialiste des liquides de fum\u00e9e pour les simulations n\u00e9cessitant beaucoup de fum\u00e9e<\/em><\/p>\n<h2>Le liquide de fum\u00e9e id\u00e9al pour les simulations n\u00e9cessitant beaucoup de fum\u00e9e<\/h2>\n<p>Incendies de tunnel, feux de for\u00eat, incendies industriels&#8230; Tous sont des incidents qui produisent beaucoup de fum\u00e9e. Pour bien simuler ce genre d&#8217;incidents, il y a le Liquide fumig\u00e8ne Pompiers extr\u00eame. De plus, ce liquide de fum\u00e9e offre une r\u00e9sistance accrue \u00e0 la chaleur. Id\u00e9al pour une utilisation dans des installations d&#8217;entra\u00eenement &#8220;chaudes&#8221;.<\/p>\n<h2>Longue dur\u00e9e de vie<\/h2>\n<p>Ce liquide de fum\u00e9e produit une fum\u00e9e tr\u00e8s dense qui se dissipe tr\u00e8s lentement. Ainsi, dans des conditions m\u00e9t\u00e9orologiques appropri\u00e9es, cette fum\u00e9e d&#8217;entra\u00eenement peut se d\u00e9placer jusqu&#8217;\u00e0 2 km (!) dans l&#8217;air libre tout en restant visible. De cette mani\u00e8re, la capacit\u00e9 d&#8217;une machine \u00e0 fum\u00e9e peut \u00eatre artificiellement augment\u00e9e : la machine \u00e0 fum\u00e9e produit plus de fum\u00e9e d&#8217;entra\u00eenement que ce qui pourrait \u00eatre attendu en fonction de sa puissance. Id\u00e9al pour les simulations n\u00e9cessitant beaucoup de fum\u00e9e, telles que les feux de for\u00eat, les incendies naturels et les incendies de tunnel.<\/p>\n<h2>R\u00e9sistance accrue \u00e0 la chaleur<\/h2>\n<p>Compar\u00e9e aux autres liquides de fum\u00e9e FireWare, le Liquide fumig\u00e8ne Pompiers extr\u00eame offre une r\u00e9sistance accrue \u00e0 la chaleur. Cela signifie que la fum\u00e9e se dissipe moins rapidement \u00e0 des temp\u00e9ratures \u00e9lev\u00e9es, par exemple dans des conteneurs d&#8217;entra\u00eenement au feu.<\/p>\n<h2>Liquide de fum\u00e9e sp\u00e9cialis\u00e9<\/h2>\n<p>FireWare d\u00e9veloppe depuis 20 ans des liquides de fum\u00e9e pour l&#8217;industrie des services d&#8217;urgence. Cette derni\u00e8re g\u00e9n\u00e9ration de liquides de fum\u00e9e sp\u00e9cialis\u00e9s a \u00e9t\u00e9 sp\u00e9cifiquement d\u00e9velopp\u00e9e pour simuler de grands incidents en ext\u00e9rieur. Si ce liquide de fum\u00e9e est utilis\u00e9 \u00e0 l&#8217;int\u00e9rieur avec une machine \u00e0 fum\u00e9e trop grande dans un espace trop petit, il peut y avoir des r\u00e9sidus. Lorsqu&#8217;il est utilis\u00e9 en int\u00e9rieur, nous supposons que le technicien en sc\u00e9narisation sait tr\u00e8s bien ce qu&#8217;il fait. Dans ce cas, le liquide de fum\u00e9e peut \u00e9galement \u00eatre utilis\u00e9 en int\u00e9rieur sans r\u00e9sidus.<\/p>\n<h2>Image r\u00e9aliste<\/h2>\n<p>Gr\u00e2ce \u00e0 la compacit\u00e9 de la fum\u00e9e et \u00e0 sa lente dissipation, ce liquide de fum\u00e9e convient parfaitement \u00e0 l&#8217;injection de fum\u00e9e verticale dans les tunnels, cr\u00e9ant ainsi une couche de fum\u00e9e r\u00e9aliste. Ce liquide de fum\u00e9e fonctionne \u00e9galement bien avec des accessoires tels que le <a href=\"https:\/\/www.fireware.nl\/fr\/product\/smoke-hose-set-perfore\/\" target=\"_blank\" rel=\"noopener\">kit Smoke Hose perfor\u00e9<\/a> pour cr\u00e9er des lignes de fum\u00e9e lors de simulations d&#8217;incendies naturels ou d&#8217;incendies se propageant dans un b\u00e2timent. Cela produit une fum\u00e9e extr\u00eamement dense avec une vitesse contr\u00f4lable. Ainsi, ce liquide de fum\u00e9e contribue \u00e0 une simulation r\u00e9aliste !<\/p>\n<h2>Les ingr\u00e9dients les plus purs<\/h2>\n<p>Le Liquide fumig\u00e8ne Pompiers extr\u00eame est fabriqu\u00e9 \u00e0 partir des ingr\u00e9dients les plus purs, ce qui en fait l&#8217;un des liquides de fum\u00e9e les plus s\u00fbrs pour les personnes et les machines actuellement disponibles. L&#8217;un des principaux ingr\u00e9dients est de l&#8217;eau dans sa forme la plus pure !<\/p>\n<h2>Utilisable dans toutes les machines \u00e0 fum\u00e9e modernes<\/h2>\n<p>Le Liquide fumig\u00e8ne Pompiers extr\u00eame peut \u00eatre utilis\u00e9 dans les machines \u00e0 fum\u00e9e <a href=\"https:\/\/www.fireware.nl\/fr\/produit\/generateur-de-fumee-nimbo\/\" target=\"_blank\" rel=\"noopener\">Nimbo<\/a>, <a href=\"https:\/\/www.fireware.nl\/fr\/produit\/generateur-de-fumee-cumulus\/\" target=\"_blank\" rel=\"noopener\">Cumulus<\/a> et <a href=\"https:\/\/www.fireware.nl\/fr\/produit\/generateur-de-fumee-stratus\/\" target=\"_blank\" rel=\"noopener\">Stratus<\/a>. Mais ce liquide de fum\u00e9e fonctionne \u00e9galement dans toutes les machines \u00e0 fum\u00e9e modernes \u00e0 base d&#8217;eau-glycol. Ce liquide de fum\u00e9e est disponible en f\u00fbts de 5 litres, en f\u00fbts de 200 litres et en conteneurs IBC de 1000 litres. Le liquide de fum\u00e9e Brandweer Extreem est le nouveau nom du liquide de fum\u00e9e FireWare Outdoor.<\/p>\n<h2>Horizontaal\/vertical ou par un kit Smoke Hose<\/h2>\n<p>Ce liquide de fum\u00e9e peut \u00eatre utilis\u00e9 \u00e0 la fois horizontalement et verticalement. Le Liquide fumig\u00e8ne Pompiers extr\u00eame peut \u00e9galement \u00eatre utilis\u00e9 avec un <a href=\"https:\/\/www.fireware.nl\/fr\/product\/smoke-hose-set-perfore\/\" target=\"_blank\" rel=\"noopener\">kit Smoke Hose perfor\u00e9<\/a> ou un <a href=\"https:\/\/www.fireware.nl\/fr\/product\/smoke-hose-set\/\" target=\"_blank\" rel=\"noopener\">kit Smoke Hose<\/a> ferm\u00e9 pour simuler une source de fum\u00e9e lin\u00e9aire. Regardez les vid\u00e9os sur notre site web pour \u00e9valuer les effets !<\/p>\n<h2>Besoin de fum\u00e9e l\u00e9g\u00e8re ?<\/h2>\n<p>En plus du Liquide fumig\u00e8ne Pompiers extr\u00eame, il y a \u00e9galement le<a href=\"https:\/\/www.fireware.nl\/fr\/product\/liquide-fumigene-leger\/\" target=\"_blank\" rel=\"noopener\"> liquide fumig\u00e8ne exercice d&#8217;incendie<\/a>, le<a href=\"https:\/\/www.fireware.nl\/fr\/product\/liquide-fumigene-moyen\/\" target=\"_blank\" rel=\"noopener\"> liquide de Pompiers universel<\/a> det le <a href=\"https:\/\/www.fireware.nl\/fr\/product\/liquide-fumigene-dense\/\" target=\"_blank\" rel=\"noopener\">liquid de fumig\u00e8ne Pompiers intensif<\/a>. Chacun a une application diff\u00e9rente dans le domaine des services d&#8217;urgence !<\/p>\n<h2><!--StartFragment -->Regarder la vid\u00e9o<!--EndFragment --><\/h2>\n\t\t<iframe width=\"560\" height=\"315\" src=https:\/\/player.vimeo.com\/video\/852635152?hl=en&#038;cc_lang_pref=en&#038;cc_load_policy=1 frameborder=\"0\" allow=\"accelerometer; autoplay; clipboard-write; encrypted-media; gyroscope; picture-in-picture\" allowfullscreen><\/iframe>\n\t\t<iframe width=\"560\" height=\"315\" src=https:\/\/player.vimeo.com\/video\/852634940?hl=en&#038;cc_lang_pref=en&#038;cc_load_policy=1 frameborder=\"0\" allow=\"accelerometer; autoplay; clipboard-write; encrypted-media; gyroscope; picture-in-picture\" allowfullscreen><\/iframe>\t\n\t\t\t<a href=\"https:\/\/www.fireware.nl\/en\/service-portal\/smoke-fluids\/english\/\" target=\"_blank\" rel=\"noopener\">\n\t\t\t\t\t\t\tD\u00e9couvrez plus de vid\u00e9os sur le liquide fumig\u00e8ne\n\t\t\t\t\t<\/a>\n\n","protected":false},"excerpt":{"rendered":"<ul>\n<li><strong>Le nouveau nom pour le liquide de fum\u00e9e FireWare Outdoor<\/strong><\/li>\n<li>Specialement d\u00e9velopp\u00e9 pour une utilisation en ext\u00e9rieur.<\/li>\n<li>Convient pour cr\u00e9er une fum\u00e9e tr\u00e8s dense.<\/li>\n<li>La fum\u00e9e reste intacte plus longtemps \u00e0 des temp\u00e9ratures \u00e9lev\u00e9es.<\/li>\n<li>Id\u00e9al pour des exercices de lutte contre les incendies difficiles.<\/li>\n<li>Dispose d&#8217;une dur\u00e9e de vie extr\u00eamement longue.<\/li>\n<li>Pour la mise en sc\u00e8ne d&#8217;incendies de for\u00eat.<\/li>\n<li>Produit avec de l&#8217;eau distill\u00e9e en double.<\/li>\n<\/ul>\n","protected":false},"featured_media":82493,"template":"","meta":[],"product_brand":[],"product_cat":[85],"product_tag":[],"class_list":{"0":"post-19111","1":"product","2":"type-product","3":"status-publish","4":"has-post-thumbnail","6":"product_cat-liquide-fumigenes","8":"first","9":"instock","10":"taxable","11":"shipping-taxable","12":"purchasable","13":"product-type-variable"},"yoast_head":"<!-- This site is optimized with the Yoast SEO plugin v27.4 - https:\/\/yoast.com\/product\/yoast-seo-wordpress\/ -->\n<title>Liquide fumig\u00e8ne Pompiers extr\u00eame - FireWare<\/title>\n<meta name=\"description\" content=\"Le sp\u00e9cialiste des liquides de fum\u00e9e pour les simulations n\u00e9cessitant beaucoup de fum\u00e9e.\" \/>\n<meta name=\"robots\" content=\"index, follow, max-snippet:-1, max-image-preview:large, max-video-preview:-1\" \/>\n<link rel=\"canonical\" href=\"https:\/\/www.fireware.nl\/fr\/product\/liquide-fumigene-pompiers-extreme\/\" \/>\n<meta property=\"og:locale\" content=\"fr_FR\" \/>\n<meta property=\"og:type\" content=\"article\" \/>\n<meta property=\"og:title\" content=\"Liquide fumig\u00e8ne Pompiers extr\u00eame - FireWare\" \/>\n<meta property=\"og:description\" content=\"Le sp\u00e9cialiste des liquides de fum\u00e9e pour les simulations n\u00e9cessitant beaucoup de fum\u00e9e.\" \/>\n<meta property=\"og:url\" content=\"https:\/\/www.fireware.nl\/fr\/product\/liquide-fumigene-pompiers-extreme\/\" \/>\n<meta property=\"og:site_name\" content=\"FireWare\" \/>\n<meta property=\"article:publisher\" content=\"https:\/\/www.facebook.com\/FireWareBV\/\" \/>\n<meta property=\"article:modified_time\" content=\"2025-12-08T07:33:10+00:00\" \/>\n<meta property=\"og:image\" content=\"https:\/\/www.fireware.nl\/wp-content\/uploads\/2019\/01\/20230608_Rookvloeistof_Extreem_001.jpg\" \/>\n\t<meta property=\"og:image:width\" content=\"600\" \/>\n\t<meta property=\"og:image:height\" content=\"600\" \/>\n\t<meta property=\"og:image:type\" content=\"image\/jpeg\" \/>\n<meta name=\"twitter:card\" content=\"summary_large_image\" \/>\n<meta name=\"twitter:site\" content=\"@FireWarebv\" \/>\n<meta name=\"twitter:label1\" content=\"Dur\u00e9e de lecture estim\u00e9e\" \/>\n\t<meta name=\"twitter:data1\" content=\"4 minutes\" \/>\n<script type=\"application\/ld+json\" class=\"yoast-schema-graph\">{\"@context\":\"https:\\\/\\\/schema.org\",\"@graph\":[{\"@type\":\"WebPage\",\"@id\":\"https:\\\/\\\/www.fireware.nl\\\/fr\\\/product\\\/liquide-fumigene-pompiers-extreme\\\/\",\"url\":\"https:\\\/\\\/www.fireware.nl\\\/fr\\\/product\\\/liquide-fumigene-pompiers-extreme\\\/\",\"name\":\"Liquide fumig\u00e8ne Pompiers extr\u00eame - FireWare\",\"isPartOf\":{\"@id\":\"https:\\\/\\\/www.fireware.nl\\\/fr\\\/#website\"},\"primaryImageOfPage\":{\"@id\":\"https:\\\/\\\/www.fireware.nl\\\/fr\\\/product\\\/liquide-fumigene-pompiers-extreme\\\/#primaryimage\"},\"image\":{\"@id\":\"https:\\\/\\\/www.fireware.nl\\\/fr\\\/product\\\/liquide-fumigene-pompiers-extreme\\\/#primaryimage\"},\"thumbnailUrl\":\"https:\\\/\\\/www.fireware.nl\\\/wp-content\\\/uploads\\\/2019\\\/01\\\/20230608_Rookvloeistof_Extreem_001.jpg\",\"datePublished\":\"2019-01-23T12:16:10+00:00\",\"dateModified\":\"2025-12-08T07:33:10+00:00\",\"description\":\"Le sp\u00e9cialiste des liquides de fum\u00e9e pour les simulations n\u00e9cessitant beaucoup de fum\u00e9e.\",\"breadcrumb\":{\"@id\":\"https:\\\/\\\/www.fireware.nl\\\/fr\\\/product\\\/liquide-fumigene-pompiers-extreme\\\/#breadcrumb\"},\"inLanguage\":\"fr-FR\",\"potentialAction\":[{\"@type\":\"ReadAction\",\"target\":[\"https:\\\/\\\/www.fireware.nl\\\/fr\\\/product\\\/liquide-fumigene-pompiers-extreme\\\/\"]}]},{\"@type\":\"ImageObject\",\"inLanguage\":\"fr-FR\",\"@id\":\"https:\\\/\\\/www.fireware.nl\\\/fr\\\/product\\\/liquide-fumigene-pompiers-extreme\\\/#primaryimage\",\"url\":\"https:\\\/\\\/www.fireware.nl\\\/wp-content\\\/uploads\\\/2019\\\/01\\\/20230608_Rookvloeistof_Extreem_001.jpg\",\"contentUrl\":\"https:\\\/\\\/www.fireware.nl\\\/wp-content\\\/uploads\\\/2019\\\/01\\\/20230608_Rookvloeistof_Extreem_001.jpg\",\"width\":600,\"height\":600},{\"@type\":\"BreadcrumbList\",\"@id\":\"https:\\\/\\\/www.fireware.nl\\\/fr\\\/product\\\/liquide-fumigene-pompiers-extreme\\\/#breadcrumb\",\"itemListElement\":[{\"@type\":\"ListItem\",\"position\":1,\"name\":\"Home\",\"item\":\"https:\\\/\\\/www.fireware.nl\\\/fr\\\/\"},{\"@type\":\"ListItem\",\"position\":2,\"name\":\"Produits\",\"item\":\"https:\\\/\\\/www.fireware.nl\\\/fr\\\/produits\\\/\"},{\"@type\":\"ListItem\",\"position\":3,\"name\":\"Liquide fumig\u00e8ne Pompiers extr\u00eame\"}]},{\"@type\":\"WebSite\",\"@id\":\"https:\\\/\\\/www.fireware.nl\\\/fr\\\/#website\",\"url\":\"https:\\\/\\\/www.fireware.nl\\\/fr\\\/\",\"name\":\"FireWare\",\"description\":\"CREATING REALISTIC  TRAINING ENVIRONMENTS\",\"publisher\":{\"@id\":\"https:\\\/\\\/www.fireware.nl\\\/fr\\\/#organization\"},\"potentialAction\":[{\"@type\":\"SearchAction\",\"target\":{\"@type\":\"EntryPoint\",\"urlTemplate\":\"https:\\\/\\\/www.fireware.nl\\\/fr\\\/?s={search_term_string}\"},\"query-input\":{\"@type\":\"PropertyValueSpecification\",\"valueRequired\":true,\"valueName\":\"search_term_string\"}}],\"inLanguage\":\"fr-FR\"},{\"@type\":\"Organization\",\"@id\":\"https:\\\/\\\/www.fireware.nl\\\/fr\\\/#organization\",\"name\":\"FireWare\",\"url\":\"https:\\\/\\\/www.fireware.nl\\\/fr\\\/\",\"logo\":{\"@type\":\"ImageObject\",\"inLanguage\":\"fr-FR\",\"@id\":\"https:\\\/\\\/www.fireware.nl\\\/fr\\\/#\\\/schema\\\/logo\\\/image\\\/\",\"url\":\"https:\\\/\\\/www.fireware.nl\\\/wp-content\\\/uploads\\\/2018\\\/10\\\/fireware-logo.png\",\"contentUrl\":\"https:\\\/\\\/www.fireware.nl\\\/wp-content\\\/uploads\\\/2018\\\/10\\\/fireware-logo.png\",\"width\":200,\"height\":86,\"caption\":\"FireWare\"},\"image\":{\"@id\":\"https:\\\/\\\/www.fireware.nl\\\/fr\\\/#\\\/schema\\\/logo\\\/image\\\/\"},\"sameAs\":[\"https:\\\/\\\/www.facebook.com\\\/FireWareBV\\\/\",\"https:\\\/\\\/x.com\\\/FireWarebv\",\"https:\\\/\\\/www.instagram.com\\\/fireware_nl\\\/\",\"https:\\\/\\\/www.linkedin.com\\\/company\\\/3586017\\\/\",\"https:\\\/\\\/www.youtube.com\\\/user\\\/firesalesrentconsult\"]}]}<\/script>\n<!-- \/ Yoast SEO plugin. -->","yoast_head_json":{"title":"Liquide fumig\u00e8ne Pompiers extr\u00eame - FireWare","description":"Le sp\u00e9cialiste des liquides de fum\u00e9e pour les simulations n\u00e9cessitant beaucoup de fum\u00e9e.","robots":{"index":"index","follow":"follow","max-snippet":"max-snippet:-1","max-image-preview":"max-image-preview:large","max-video-preview":"max-video-preview:-1"},"canonical":"https:\/\/www.fireware.nl\/fr\/product\/liquide-fumigene-pompiers-extreme\/","og_locale":"fr_FR","og_type":"article","og_title":"Liquide fumig\u00e8ne Pompiers extr\u00eame - FireWare","og_description":"Le sp\u00e9cialiste des liquides de fum\u00e9e pour les simulations n\u00e9cessitant beaucoup de fum\u00e9e.","og_url":"https:\/\/www.fireware.nl\/fr\/product\/liquide-fumigene-pompiers-extreme\/","og_site_name":"FireWare","article_publisher":"https:\/\/www.facebook.com\/FireWareBV\/","article_modified_time":"2025-12-08T07:33:10+00:00","og_image":[{"width":600,"height":600,"url":"https:\/\/www.fireware.nl\/wp-content\/uploads\/2019\/01\/20230608_Rookvloeistof_Extreem_001.jpg","type":"image\/jpeg"}],"twitter_card":"summary_large_image","twitter_site":"@FireWarebv","twitter_misc":{"Dur\u00e9e de lecture estim\u00e9e":"4 minutes"},"schema":{"@context":"https:\/\/schema.org","@graph":[{"@type":"WebPage","@id":"https:\/\/www.fireware.nl\/fr\/product\/liquide-fumigene-pompiers-extreme\/","url":"https:\/\/www.fireware.nl\/fr\/product\/liquide-fumigene-pompiers-extreme\/","name":"Liquide fumig\u00e8ne Pompiers extr\u00eame - FireWare","isPartOf":{"@id":"https:\/\/www.fireware.nl\/fr\/#website"},"primaryImageOfPage":{"@id":"https:\/\/www.fireware.nl\/fr\/product\/liquide-fumigene-pompiers-extreme\/#primaryimage"},"image":{"@id":"https:\/\/www.fireware.nl\/fr\/product\/liquide-fumigene-pompiers-extreme\/#primaryimage"},"thumbnailUrl":"https:\/\/www.fireware.nl\/wp-content\/uploads\/2019\/01\/20230608_Rookvloeistof_Extreem_001.jpg","datePublished":"2019-01-23T12:16:10+00:00","dateModified":"2025-12-08T07:33:10+00:00","description":"Le sp\u00e9cialiste des liquides de fum\u00e9e pour les simulations n\u00e9cessitant beaucoup de fum\u00e9e.","breadcrumb":{"@id":"https:\/\/www.fireware.nl\/fr\/product\/liquide-fumigene-pompiers-extreme\/#breadcrumb"},"inLanguage":"fr-FR","potentialAction":[{"@type":"ReadAction","target":["https:\/\/www.fireware.nl\/fr\/product\/liquide-fumigene-pompiers-extreme\/"]}]},{"@type":"ImageObject","inLanguage":"fr-FR","@id":"https:\/\/www.fireware.nl\/fr\/product\/liquide-fumigene-pompiers-extreme\/#primaryimage","url":"https:\/\/www.fireware.nl\/wp-content\/uploads\/2019\/01\/20230608_Rookvloeistof_Extreem_001.jpg","contentUrl":"https:\/\/www.fireware.nl\/wp-content\/uploads\/2019\/01\/20230608_Rookvloeistof_Extreem_001.jpg","width":600,"height":600},{"@type":"BreadcrumbList","@id":"https:\/\/www.fireware.nl\/fr\/product\/liquide-fumigene-pompiers-extreme\/#breadcrumb","itemListElement":[{"@type":"ListItem","position":1,"name":"Home","item":"https:\/\/www.fireware.nl\/fr\/"},{"@type":"ListItem","position":2,"name":"Produits","item":"https:\/\/www.fireware.nl\/fr\/produits\/"},{"@type":"ListItem","position":3,"name":"Liquide fumig\u00e8ne Pompiers extr\u00eame"}]},{"@type":"WebSite","@id":"https:\/\/www.fireware.nl\/fr\/#website","url":"https:\/\/www.fireware.nl\/fr\/","name":"FireWare","description":"CREATING REALISTIC  TRAINING ENVIRONMENTS","publisher":{"@id":"https:\/\/www.fireware.nl\/fr\/#organization"},"potentialAction":[{"@type":"SearchAction","target":{"@type":"EntryPoint","urlTemplate":"https:\/\/www.fireware.nl\/fr\/?s={search_term_string}"},"query-input":{"@type":"PropertyValueSpecification","valueRequired":true,"valueName":"search_term_string"}}],"inLanguage":"fr-FR"},{"@type":"Organization","@id":"https:\/\/www.fireware.nl\/fr\/#organization","name":"FireWare","url":"https:\/\/www.fireware.nl\/fr\/","logo":{"@type":"ImageObject","inLanguage":"fr-FR","@id":"https:\/\/www.fireware.nl\/fr\/#\/schema\/logo\/image\/","url":"https:\/\/www.fireware.nl\/wp-content\/uploads\/2018\/10\/fireware-logo.png","contentUrl":"https:\/\/www.fireware.nl\/wp-content\/uploads\/2018\/10\/fireware-logo.png","width":200,"height":86,"caption":"FireWare"},"image":{"@id":"https:\/\/www.fireware.nl\/fr\/#\/schema\/logo\/image\/"},"sameAs":["https:\/\/www.facebook.com\/FireWareBV\/","https:\/\/x.com\/FireWarebv","https:\/\/www.instagram.com\/fireware_nl\/","https:\/\/www.linkedin.com\/company\/3586017\/","https:\/\/www.youtube.com\/user\/firesalesrentconsult"]}]}},"publishpress_future_workflow_manual_trigger":{"enabledWorkflows":[]},"_links":{"self":[{"href":"https:\/\/www.fireware.nl\/fr\/wp-json\/wp\/v2\/product\/19111","targetHints":{"allow":["GET"]}}],"collection":[{"href":"https:\/\/www.fireware.nl\/fr\/wp-json\/wp\/v2\/product"}],"about":[{"href":"https:\/\/www.fireware.nl\/fr\/wp-json\/wp\/v2\/types\/product"}],"wp:featuredmedia":[{"embeddable":true,"href":"https:\/\/www.fireware.nl\/fr\/wp-json\/wp\/v2\/media\/82493"}],"wp:attachment":[{"href":"https:\/\/www.fireware.nl\/fr\/wp-json\/wp\/v2\/media?parent=19111"}],"wp:term":[{"taxonomy":"product_brand","embeddable":true,"href":"https:\/\/www.fireware.nl\/fr\/wp-json\/wp\/v2\/product_brand?post=19111"},{"taxonomy":"product_cat","embeddable":true,"href":"https:\/\/www.fireware.nl\/fr\/wp-json\/wp\/v2\/product_cat?post=19111"},{"taxonomy":"product_tag","embeddable":true,"href":"https:\/\/www.fireware.nl\/fr\/wp-json\/wp\/v2\/product_tag?post=19111"}],"curies":[{"name":"wp","href":"https:\/\/api.w.org\/{rel}","templated":true}]}}