
{"id":19096,"date":"2019-01-23T12:15:39","date_gmt":"2019-01-23T12:15:39","guid":{"rendered":"http:\/\/fireware.sites.hyperhosting.co\/?post_type=product&#038;p=19096"},"modified":"2025-12-08T07:31:52","modified_gmt":"2025-12-08T07:31:52","slug":"liquide-fumigene-pompiers-universel","status":"publish","type":"product","link":"https:\/\/www.fireware.nl\/fr\/product\/liquide-fumigene-pompiers-universel\/","title":{"rendered":"Liquide fumig\u00e8ne Pompiers universel"},"content":{"rendered":"\n\n\t<p><em>Un liquide de fum\u00e9e universel pour les exercices d&#8217;incendie<\/em><\/p>\n<h2>Des simulations super r\u00e9alistes sans soucis<\/h2>\n<p>Maisons, bureaux, locaux techniques, ateliers&#8230; Ce sont les espaces o\u00f9 la plupart des exercices d&#8217;incendie et d&#8217;\u00e9vacuation ont lieu. Avec le Liquide de fum\u00e9e Brandweer Universeel, il est id\u00e9al de simuler dans ce type d&#8217;espaces : une image de fum\u00e9e extr\u00eamement r\u00e9aliste, sans r\u00e9sidu !<\/p>\n<h2>Id\u00e9al pour une construction verticale de fum\u00e9e<\/h2>\n<p>Chaque pompier dans le monde sait que l&#8217;air chaud et la chaleur montent. Pourtant, la plupart des machines \u00e0 fum\u00e9e sont utilis\u00e9es horizontalement. Le liquide de fum\u00e9e Brandweer Universeel est sp\u00e9cialement con\u00e7u pour \u00eatre \u00e9galement utilis\u00e9 verticalement. Gr\u00e2ce \u00e0 sa composition unique, cette fum\u00e9e d&#8217;exercice cr\u00e9e une haute densit\u00e9 et un contr\u00f4le maximal de la vitesse de la colonne de fum\u00e9e lors de l&#8217;utilisation d&#8217;une machine \u00e0 fum\u00e9e <a href=\"https:\/\/www.fireware.nl\/fr\/produit\/generateur-de-fumee-cumulus\/\" target=\"_blank\" rel=\"noopener\">Cumulus<\/a> ou <a href=\"https:\/\/www.fireware.nl\/fr\/produit\/generateur-de-fumee-stratus\/\" target=\"_blank\" rel=\"noopener\">Stratus<\/a>. Cela permet de cr\u00e9er des images de fum\u00e9e extr\u00eamement r\u00e9alistes ! Dans des conditions d&#8217;utilisation appropri\u00e9es, vous pouvez m\u00eame obtenir l&#8217;illusion optique de la fum\u00e9e noire.<\/p>\n<h2>Valeur de r\u00e9flexion parfaite pour la simulation de flammes<\/h2>\n<p>En plus de la simulation d&#8217;images de fum\u00e9e, la fum\u00e9e d&#8217;exercice est \u00e9galement utilis\u00e9e comme \u00e9cran de projection pour la simulation de foyers d&#8217;incendie. Ce liquide de fum\u00e9e est con\u00e7u de mani\u00e8re \u00e0 avoir les propri\u00e9t\u00e9s de r\u00e9flexion parfaites pour une belle simulation de feu dans des espaces de taille moyenne.<\/p>\n<h2>IBGS &#8211; CBRNe &#8211; HAZMAT<\/h2>\n<p>Dans les organisations de pompiers, ce liquide est \u00e9galement utilis\u00e9 pour simuler des accidents impliquant des substances dangereuses et des incidents HAZMAT\/CBRNe. Pensez aux fuites de vapeurs et \u00e0 la simulation de r\u00e9actions chimiques. En raison de la structure de la fum\u00e9e, celle-ci se dissipe de mani\u00e8re tr\u00e8s r\u00e9aliste dans l&#8217;air ext\u00e9rieur. Cependant, les vapeurs et les nuages sont plus \u00e9pais que ceux du Liquide de fum\u00e9e BHV.<\/p>\n<h2>Rapport qualit\u00e9-prix optimal<\/h2>\n<p>Le Liquide fumig\u00e8ne Pompiers universel est un liquide de fum\u00e9e qui convient parfaitement \u00e0 la plupart des simulations. Avec son rapport qualit\u00e9-prix avantageux, c&#8217;est le liquide de fum\u00e9e FireWare le plus utilis\u00e9 dans le secteur des services d&#8217;urgence. Et si vous avez besoin de plus, regardez les liquides de fum\u00e9e Brandweer Intensief et Brandweer Extreem.<\/p>\n<h2>Aucun d\u00e9p\u00f4t r\u00e9siduel<\/h2>\n<p>FireWare d\u00e9veloppe des liquides de fum\u00e9e depuis 20 ans pour le secteur des services d&#8217;urgence. Cette derni\u00e8re g\u00e9n\u00e9ration de liquide de fum\u00e9e est con\u00e7ue de mani\u00e8re \u00e0 ne laisser aucun d\u00e9p\u00f4t r\u00e9siduel en cas d&#8217;utilisation appropri\u00e9e, tout en \u00e9tant capable de simuler une image de fum\u00e9e ou de vapeur tr\u00e8s r\u00e9aliste.<\/p>\n<h2>Les ingr\u00e9dients les plus purs<\/h2>\n<p>Liquide fumig\u00e8ne Pompiers universel est fabriqu\u00e9 \u00e0 partir des ingr\u00e9dients les plus purs et est donc l&#8217;un des liquides de fum\u00e9e les plus s\u00fbrs pour les personnes et les machines actuellement disponibles. L&#8217;un des principaux ingr\u00e9dients est l&#8217;eau dans sa forme la plus pure !<\/p>\n<h2>Applicable dans toutes les machines \u00e0 fum\u00e9e modernes<\/h2>\n<p>Le liquide de fum\u00e9e Liquide fumig\u00e8ne Pompiers universel peut \u00eatre utilis\u00e9 dans les machines \u00e0 fum\u00e9e <a href=\"https:\/\/www.fireware.nl\/fr\/produit\/generateur-de-fumee-nimbo\/\" target=\"_blank\" rel=\"noopener\">Nimbo<\/a>, <a href=\"https:\/\/www.fireware.nl\/fr\/produit\/generateur-de-fumee-cumulus\/\" target=\"_blank\" rel=\"noopener\">Cumulus<\/a> et <a href=\"https:\/\/www.fireware.nl\/fr\/produit\/generateur-de-fumee-stratus\/\" target=\"_blank\" rel=\"noopener\">Stratus<\/a>. Mais ce liquide de fum\u00e9e fonctionne \u00e9galement dans toutes les machines \u00e0 fum\u00e9e modernes \u00e0 base d&#8217;eau-glycol. Ce liquide de fum\u00e9e est disponible en bidons de 5 litres, f\u00fbts de 200 litres et conteneurs IBC de 1000 litres. Le liquide de fum\u00e9e Brandweer Universeel est le nouveau nom pour le liquide de fum\u00e9e FireWare Medium.<\/p>\n<h2>Horizontal \/ vertical ou \u00e0 travers un Smoke Hose<\/h2>\n<p>Ce liquide de fum\u00e9e peut \u00eatre utilis\u00e9 horizontalement et verticalement. Le Liquide de fum\u00e9e Brandweer Universeel peut \u00e9galement \u00eatre utilis\u00e9 \u00e0 travers un ensemble de <a href=\"https:\/\/www.fireware.nl\/fr\/product\/smoke-hose-set-perfore\/\" target=\"_blank\" rel=\"noopener\">tuyaux de fum\u00e9e perfor\u00e9s<\/a> ou<a href=\"https:\/\/www.fireware.nl\/fr\/product\/smoke-hose-set\/\" target=\"_blank\" rel=\"noopener\"> un ensemble de tuyaux de fum\u00e9e ferm\u00e9s<\/a> pour simuler une source lin\u00e9aire. Regardez les vid\u00e9os sur notre site Web pour \u00e9valuer les effets !<\/p>\n<h2>Besoin de fum\u00e9e plus l\u00e9g\u00e8re ou plus dense ?<\/h2>\n<p>En plus du Liquide fumig\u00e8ne Pompiers universel, il existe \u00e9galement les<a href=\"https:\/\/www.fireware.nl\/fr\/product\/liquide-fumigene-leger\/\"> Liquides fumig\u00e8ne exercice d&#8217;incendie<\/a>, <a href=\"https:\/\/www.fireware.nl\/fr\/product\/liquide-fumigene-dense\/\" target=\"_blank\" rel=\"noopener\">Liquide fumig\u00e8ne Pompiers intensif<\/a> et <a href=\"https:\/\/www.fireware.nl\/fr\/product\/fumigene-de-exterieur\/\" target=\"_blank\" rel=\"noopener\">Liquide fumig\u00e8ne Pompiers extr\u00eame<\/a>. Chacun pour une application diff\u00e9rente dans le secteur des services d&#8217;urgence !<\/p>\n<h2><!--StartFragment -->Regarder la vid\u00e9o<!--EndFragment --><\/h2>\n\t\t<iframe width=\"560\" height=\"315\" src=https:\/\/player.vimeo.com\/video\/852635152?hl=en&#038;cc_lang_pref=en&#038;cc_load_policy=1 frameborder=\"0\" allow=\"accelerometer; autoplay; clipboard-write; encrypted-media; gyroscope; picture-in-picture\" allowfullscreen><\/iframe>\t\n\t\t<iframe width=\"560\" height=\"315\" src=https:\/\/player.vimeo.com\/video\/852634940?hl=en&#038;cc_lang_pref=en&#038;cc_load_policy=1 frameborder=\"0\" allow=\"accelerometer; autoplay; clipboard-write; encrypted-media; gyroscope; picture-in-picture\" allowfullscreen><\/iframe>\t\n\t\t\t<a href=\"https:\/\/www.fireware.nl\/en\/service-portal\/smoke-fluids\/english\/\" target=\"_blank\" rel=\"noopener\">\n\t\t\t\t\t\t\tD\u00e9couvrez plus de vid\u00e9os sur le liquide fumig\u00e8ne\n\t\t\t\t\t<\/a>\n\n","protected":false},"excerpt":{"rendered":"<ul>\n<li><strong>Le nouveau nom pour le liquide de fum\u00e9e FireWare Medium.<\/strong><\/li>\n<li>Un liquide de fum\u00e9e universel pour les exercices d&#8217;incendie.<\/li>\n<li>Sp\u00e9cialement d\u00e9velopp\u00e9 pour une utilisation en int\u00e9rieur.<\/li>\n<li>Convient pour cr\u00e9er une fum\u00e9e raisonnablement dense.<\/li>\n<li>Aucun d\u00e9p\u00f4t r\u00e9siduel.<\/li>\n<li>Adapt\u00e9 aux exercices de s\u00e9curit\u00e9 incendie et aux exercices de pompiers.<\/li>\n<li>Remplit les espaces de taille moyenne, tels qu&#8217;une cantine.<\/li>\n<li>Fabriqu\u00e9 avec de l&#8217;eau distill\u00e9e en double purification.<\/li>\n<\/ul>\n","protected":false},"featured_media":82338,"template":"","meta":[],"product_brand":[],"product_cat":[85],"product_tag":[],"class_list":{"0":"post-19096","1":"product","2":"type-product","3":"status-publish","4":"has-post-thumbnail","6":"product_cat-liquide-fumigenes","7":"pa_hoeveelheid-1000-litres","8":"pa_hoeveelheid-200-litres","9":"pa_hoeveelheid-5-litres","11":"first","12":"instock","13":"taxable","14":"shipping-taxable","15":"purchasable","16":"product-type-variable"},"yoast_head":"<!-- This site is optimized with the Yoast SEO plugin v27.4 - https:\/\/yoast.com\/product\/yoast-seo-wordpress\/ -->\n<title>Liquide fumig\u00e8ne Pompiers universel - FireWare<\/title>\n<meta name=\"description\" content=\"Un liquide de fum\u00e9e universel pour les exercices d&#039;incendie\" \/>\n<meta name=\"robots\" content=\"index, follow, max-snippet:-1, max-image-preview:large, max-video-preview:-1\" \/>\n<link rel=\"canonical\" href=\"https:\/\/www.fireware.nl\/fr\/product\/liquide-fumigene-pompiers-universel\/\" \/>\n<meta property=\"og:locale\" content=\"fr_FR\" \/>\n<meta property=\"og:type\" content=\"article\" \/>\n<meta property=\"og:title\" content=\"Liquide fumig\u00e8ne Pompiers universel - FireWare\" \/>\n<meta property=\"og:description\" content=\"Un liquide de fum\u00e9e universel pour les exercices d&#039;incendie\" \/>\n<meta property=\"og:url\" content=\"https:\/\/www.fireware.nl\/fr\/product\/liquide-fumigene-pompiers-universel\/\" \/>\n<meta property=\"og:site_name\" content=\"FireWare\" \/>\n<meta property=\"article:publisher\" content=\"https:\/\/www.facebook.com\/FireWareBV\/\" \/>\n<meta property=\"article:modified_time\" content=\"2025-12-08T07:31:52+00:00\" \/>\n<meta property=\"og:image\" content=\"https:\/\/www.fireware.nl\/wp-content\/uploads\/2023\/07\/20230608_Rookvloeistof_Universeel_001.jpg\" \/>\n\t<meta property=\"og:image:width\" content=\"600\" \/>\n\t<meta property=\"og:image:height\" content=\"600\" \/>\n\t<meta property=\"og:image:type\" content=\"image\/jpeg\" \/>\n<meta name=\"twitter:card\" content=\"summary_large_image\" \/>\n<meta name=\"twitter:site\" content=\"@FireWarebv\" \/>\n<meta name=\"twitter:label1\" content=\"Dur\u00e9e de lecture estim\u00e9e\" \/>\n\t<meta name=\"twitter:data1\" content=\"4 minutes\" \/>\n<script type=\"application\/ld+json\" class=\"yoast-schema-graph\">{\"@context\":\"https:\\\/\\\/schema.org\",\"@graph\":[{\"@type\":\"WebPage\",\"@id\":\"https:\\\/\\\/www.fireware.nl\\\/fr\\\/product\\\/liquide-fumigene-pompiers-universel\\\/\",\"url\":\"https:\\\/\\\/www.fireware.nl\\\/fr\\\/product\\\/liquide-fumigene-pompiers-universel\\\/\",\"name\":\"Liquide fumig\u00e8ne Pompiers universel - FireWare\",\"isPartOf\":{\"@id\":\"https:\\\/\\\/www.fireware.nl\\\/fr\\\/#website\"},\"primaryImageOfPage\":{\"@id\":\"https:\\\/\\\/www.fireware.nl\\\/fr\\\/product\\\/liquide-fumigene-pompiers-universel\\\/#primaryimage\"},\"image\":{\"@id\":\"https:\\\/\\\/www.fireware.nl\\\/fr\\\/product\\\/liquide-fumigene-pompiers-universel\\\/#primaryimage\"},\"thumbnailUrl\":\"https:\\\/\\\/www.fireware.nl\\\/wp-content\\\/uploads\\\/2023\\\/07\\\/20230608_Rookvloeistof_Universeel_001.jpg\",\"datePublished\":\"2019-01-23T12:15:39+00:00\",\"dateModified\":\"2025-12-08T07:31:52+00:00\",\"description\":\"Un liquide de fum\u00e9e universel pour les exercices d'incendie\",\"breadcrumb\":{\"@id\":\"https:\\\/\\\/www.fireware.nl\\\/fr\\\/product\\\/liquide-fumigene-pompiers-universel\\\/#breadcrumb\"},\"inLanguage\":\"fr-FR\",\"potentialAction\":[{\"@type\":\"ReadAction\",\"target\":[\"https:\\\/\\\/www.fireware.nl\\\/fr\\\/product\\\/liquide-fumigene-pompiers-universel\\\/\"]}]},{\"@type\":\"ImageObject\",\"inLanguage\":\"fr-FR\",\"@id\":\"https:\\\/\\\/www.fireware.nl\\\/fr\\\/product\\\/liquide-fumigene-pompiers-universel\\\/#primaryimage\",\"url\":\"https:\\\/\\\/www.fireware.nl\\\/wp-content\\\/uploads\\\/2023\\\/07\\\/20230608_Rookvloeistof_Universeel_001.jpg\",\"contentUrl\":\"https:\\\/\\\/www.fireware.nl\\\/wp-content\\\/uploads\\\/2023\\\/07\\\/20230608_Rookvloeistof_Universeel_001.jpg\",\"width\":600,\"height\":600},{\"@type\":\"BreadcrumbList\",\"@id\":\"https:\\\/\\\/www.fireware.nl\\\/fr\\\/product\\\/liquide-fumigene-pompiers-universel\\\/#breadcrumb\",\"itemListElement\":[{\"@type\":\"ListItem\",\"position\":1,\"name\":\"Home\",\"item\":\"https:\\\/\\\/www.fireware.nl\\\/fr\\\/\"},{\"@type\":\"ListItem\",\"position\":2,\"name\":\"Produits\",\"item\":\"https:\\\/\\\/www.fireware.nl\\\/fr\\\/produits\\\/\"},{\"@type\":\"ListItem\",\"position\":3,\"name\":\"Liquide fumig\u00e8ne Pompiers universel\"}]},{\"@type\":\"WebSite\",\"@id\":\"https:\\\/\\\/www.fireware.nl\\\/fr\\\/#website\",\"url\":\"https:\\\/\\\/www.fireware.nl\\\/fr\\\/\",\"name\":\"FireWare\",\"description\":\"CREATING REALISTIC  TRAINING ENVIRONMENTS\",\"publisher\":{\"@id\":\"https:\\\/\\\/www.fireware.nl\\\/fr\\\/#organization\"},\"potentialAction\":[{\"@type\":\"SearchAction\",\"target\":{\"@type\":\"EntryPoint\",\"urlTemplate\":\"https:\\\/\\\/www.fireware.nl\\\/fr\\\/?s={search_term_string}\"},\"query-input\":{\"@type\":\"PropertyValueSpecification\",\"valueRequired\":true,\"valueName\":\"search_term_string\"}}],\"inLanguage\":\"fr-FR\"},{\"@type\":\"Organization\",\"@id\":\"https:\\\/\\\/www.fireware.nl\\\/fr\\\/#organization\",\"name\":\"FireWare\",\"url\":\"https:\\\/\\\/www.fireware.nl\\\/fr\\\/\",\"logo\":{\"@type\":\"ImageObject\",\"inLanguage\":\"fr-FR\",\"@id\":\"https:\\\/\\\/www.fireware.nl\\\/fr\\\/#\\\/schema\\\/logo\\\/image\\\/\",\"url\":\"https:\\\/\\\/www.fireware.nl\\\/wp-content\\\/uploads\\\/2018\\\/10\\\/fireware-logo.png\",\"contentUrl\":\"https:\\\/\\\/www.fireware.nl\\\/wp-content\\\/uploads\\\/2018\\\/10\\\/fireware-logo.png\",\"width\":200,\"height\":86,\"caption\":\"FireWare\"},\"image\":{\"@id\":\"https:\\\/\\\/www.fireware.nl\\\/fr\\\/#\\\/schema\\\/logo\\\/image\\\/\"},\"sameAs\":[\"https:\\\/\\\/www.facebook.com\\\/FireWareBV\\\/\",\"https:\\\/\\\/x.com\\\/FireWarebv\",\"https:\\\/\\\/www.instagram.com\\\/fireware_nl\\\/\",\"https:\\\/\\\/www.linkedin.com\\\/company\\\/3586017\\\/\",\"https:\\\/\\\/www.youtube.com\\\/user\\\/firesalesrentconsult\"]}]}<\/script>\n<!-- \/ Yoast SEO plugin. -->","yoast_head_json":{"title":"Liquide fumig\u00e8ne Pompiers universel - FireWare","description":"Un liquide de fum\u00e9e universel pour les exercices d'incendie","robots":{"index":"index","follow":"follow","max-snippet":"max-snippet:-1","max-image-preview":"max-image-preview:large","max-video-preview":"max-video-preview:-1"},"canonical":"https:\/\/www.fireware.nl\/fr\/product\/liquide-fumigene-pompiers-universel\/","og_locale":"fr_FR","og_type":"article","og_title":"Liquide fumig\u00e8ne Pompiers universel - FireWare","og_description":"Un liquide de fum\u00e9e universel pour les exercices d'incendie","og_url":"https:\/\/www.fireware.nl\/fr\/product\/liquide-fumigene-pompiers-universel\/","og_site_name":"FireWare","article_publisher":"https:\/\/www.facebook.com\/FireWareBV\/","article_modified_time":"2025-12-08T07:31:52+00:00","og_image":[{"width":600,"height":600,"url":"https:\/\/www.fireware.nl\/wp-content\/uploads\/2023\/07\/20230608_Rookvloeistof_Universeel_001.jpg","type":"image\/jpeg"}],"twitter_card":"summary_large_image","twitter_site":"@FireWarebv","twitter_misc":{"Dur\u00e9e de lecture estim\u00e9e":"4 minutes"},"schema":{"@context":"https:\/\/schema.org","@graph":[{"@type":"WebPage","@id":"https:\/\/www.fireware.nl\/fr\/product\/liquide-fumigene-pompiers-universel\/","url":"https:\/\/www.fireware.nl\/fr\/product\/liquide-fumigene-pompiers-universel\/","name":"Liquide fumig\u00e8ne Pompiers universel - FireWare","isPartOf":{"@id":"https:\/\/www.fireware.nl\/fr\/#website"},"primaryImageOfPage":{"@id":"https:\/\/www.fireware.nl\/fr\/product\/liquide-fumigene-pompiers-universel\/#primaryimage"},"image":{"@id":"https:\/\/www.fireware.nl\/fr\/product\/liquide-fumigene-pompiers-universel\/#primaryimage"},"thumbnailUrl":"https:\/\/www.fireware.nl\/wp-content\/uploads\/2023\/07\/20230608_Rookvloeistof_Universeel_001.jpg","datePublished":"2019-01-23T12:15:39+00:00","dateModified":"2025-12-08T07:31:52+00:00","description":"Un liquide de fum\u00e9e universel pour les exercices d'incendie","breadcrumb":{"@id":"https:\/\/www.fireware.nl\/fr\/product\/liquide-fumigene-pompiers-universel\/#breadcrumb"},"inLanguage":"fr-FR","potentialAction":[{"@type":"ReadAction","target":["https:\/\/www.fireware.nl\/fr\/product\/liquide-fumigene-pompiers-universel\/"]}]},{"@type":"ImageObject","inLanguage":"fr-FR","@id":"https:\/\/www.fireware.nl\/fr\/product\/liquide-fumigene-pompiers-universel\/#primaryimage","url":"https:\/\/www.fireware.nl\/wp-content\/uploads\/2023\/07\/20230608_Rookvloeistof_Universeel_001.jpg","contentUrl":"https:\/\/www.fireware.nl\/wp-content\/uploads\/2023\/07\/20230608_Rookvloeistof_Universeel_001.jpg","width":600,"height":600},{"@type":"BreadcrumbList","@id":"https:\/\/www.fireware.nl\/fr\/product\/liquide-fumigene-pompiers-universel\/#breadcrumb","itemListElement":[{"@type":"ListItem","position":1,"name":"Home","item":"https:\/\/www.fireware.nl\/fr\/"},{"@type":"ListItem","position":2,"name":"Produits","item":"https:\/\/www.fireware.nl\/fr\/produits\/"},{"@type":"ListItem","position":3,"name":"Liquide fumig\u00e8ne Pompiers universel"}]},{"@type":"WebSite","@id":"https:\/\/www.fireware.nl\/fr\/#website","url":"https:\/\/www.fireware.nl\/fr\/","name":"FireWare","description":"CREATING REALISTIC  TRAINING ENVIRONMENTS","publisher":{"@id":"https:\/\/www.fireware.nl\/fr\/#organization"},"potentialAction":[{"@type":"SearchAction","target":{"@type":"EntryPoint","urlTemplate":"https:\/\/www.fireware.nl\/fr\/?s={search_term_string}"},"query-input":{"@type":"PropertyValueSpecification","valueRequired":true,"valueName":"search_term_string"}}],"inLanguage":"fr-FR"},{"@type":"Organization","@id":"https:\/\/www.fireware.nl\/fr\/#organization","name":"FireWare","url":"https:\/\/www.fireware.nl\/fr\/","logo":{"@type":"ImageObject","inLanguage":"fr-FR","@id":"https:\/\/www.fireware.nl\/fr\/#\/schema\/logo\/image\/","url":"https:\/\/www.fireware.nl\/wp-content\/uploads\/2018\/10\/fireware-logo.png","contentUrl":"https:\/\/www.fireware.nl\/wp-content\/uploads\/2018\/10\/fireware-logo.png","width":200,"height":86,"caption":"FireWare"},"image":{"@id":"https:\/\/www.fireware.nl\/fr\/#\/schema\/logo\/image\/"},"sameAs":["https:\/\/www.facebook.com\/FireWareBV\/","https:\/\/x.com\/FireWarebv","https:\/\/www.instagram.com\/fireware_nl\/","https:\/\/www.linkedin.com\/company\/3586017\/","https:\/\/www.youtube.com\/user\/firesalesrentconsult"]}]}},"publishpress_future_workflow_manual_trigger":{"enabledWorkflows":[]},"_links":{"self":[{"href":"https:\/\/www.fireware.nl\/fr\/wp-json\/wp\/v2\/product\/19096","targetHints":{"allow":["GET"]}}],"collection":[{"href":"https:\/\/www.fireware.nl\/fr\/wp-json\/wp\/v2\/product"}],"about":[{"href":"https:\/\/www.fireware.nl\/fr\/wp-json\/wp\/v2\/types\/product"}],"wp:featuredmedia":[{"embeddable":true,"href":"https:\/\/www.fireware.nl\/fr\/wp-json\/wp\/v2\/media\/82338"}],"wp:attachment":[{"href":"https:\/\/www.fireware.nl\/fr\/wp-json\/wp\/v2\/media?parent=19096"}],"wp:term":[{"taxonomy":"product_brand","embeddable":true,"href":"https:\/\/www.fireware.nl\/fr\/wp-json\/wp\/v2\/product_brand?post=19096"},{"taxonomy":"product_cat","embeddable":true,"href":"https:\/\/www.fireware.nl\/fr\/wp-json\/wp\/v2\/product_cat?post=19096"},{"taxonomy":"product_tag","embeddable":true,"href":"https:\/\/www.fireware.nl\/fr\/wp-json\/wp\/v2\/product_tag?post=19096"}],"curies":[{"name":"wp","href":"https:\/\/api.w.org\/{rel}","templated":true}]}}