
{"id":19066,"date":"2019-01-23T12:16:43","date_gmt":"2019-02-01T09:38:18","guid":{"rendered":"http:\/\/fireware.sites.hyperhosting.co\/?post_type=product&#038;p=19066"},"modified":"2019-07-02T10:16:43","modified_gmt":"2019-07-02T10:16:43","slug":"filtres-a2-p3","status":"publish","type":"product","link":"https:\/\/www.fireware.nl\/fr\/produit\/filtres-a2-p3\/","title":{"rendered":"Filtres A2-P3"},"content":{"rendered":"<p>Les Filtres A2-P3 conviennent parfaitement au\u00a0<u>Demi-masque<\/u> de FireWare. Avec ces filtres, le masque vous prot\u00e8ge contre la salet\u00e9, la poussi\u00e8re et les gaz toxiques. Les Filtres A2-P3 filtrent au moins 99,95% des particules a\u00e9riennes.<\/p>\n<p>Les filtres sont fournis par jeux de 2 pi\u00e8ces et se fixent facilement gr\u00e2ce \u00e0 l&#8217;attache ba\u00efonnette.<\/p>\n","protected":false},"excerpt":{"rendered":"<ul>\n<li>Adapt\u00e9s au Demi-masque.<\/li>\n<li>Filtre au moins 99,95% des particules a\u00e9riennes.<\/li>\n<li>Se fixent facilement au moyen d\u2019une attache \u00e0 ba\u00efonnette.<\/li>\n<li>Fournis par jeux de 2 pi\u00e8ces.<\/li>\n<\/ul>\n","protected":false},"featured_media":20717,"template":"","meta":[],"product_brand":[],"product_cat":[238,82],"product_tag":[],"class_list":{"0":"post-19066","1":"product","2":"type-product","3":"status-publish","4":"has-post-thumbnail","6":"product_cat-protection","7":"product_cat-supplements-pour-generateurs-de-fumee","9":"first","10":"instock","11":"taxable","12":"shipping-taxable","13":"purchasable","14":"product-type-simple"},"yoast_head":"<!-- This site is optimized with the Yoast SEO plugin v27.2 - https:\/\/yoast.com\/product\/yoast-seo-wordpress\/ -->\n<title>Filtres A2-P3 - FireWare<\/title>\n<meta name=\"robots\" content=\"index, follow, max-snippet:-1, max-image-preview:large, max-video-preview:-1\" \/>\n<link rel=\"canonical\" href=\"https:\/\/www.fireware.nl\/fr\/produit\/filtres-a2-p3\/\" \/>\n<meta property=\"og:locale\" content=\"fr_FR\" \/>\n<meta property=\"og:type\" content=\"article\" \/>\n<meta property=\"og:title\" content=\"Filtres A2-P3 - FireWare\" \/>\n<meta property=\"og:description\" content=\"Adapt\u00e9s au Demi-masque.  Filtre au moins 99,95% des particules a\u00e9riennes.  Se fixent facilement au moyen d\u2019une attache \u00e0 ba\u00efonnette.  Fournis par jeux de 2 pi\u00e8ces.\" \/>\n<meta property=\"og:url\" content=\"https:\/\/www.fireware.nl\/fr\/produit\/filtres-a2-p3\/\" \/>\n<meta property=\"og:site_name\" content=\"FireWare\" \/>\n<meta property=\"article:publisher\" content=\"https:\/\/www.facebook.com\/FireWareBV\/\" \/>\n<meta property=\"article:modified_time\" content=\"2019-07-02T10:16:43+00:00\" \/>\n<meta property=\"og:image\" content=\"https:\/\/www.fireware.nl\/wp-content\/uploads\/2019\/01\/008-032-002-A2-P3-Filters-Voorkant.jpg\" \/>\n\t<meta property=\"og:image:width\" content=\"600\" \/>\n\t<meta property=\"og:image:height\" content=\"600\" \/>\n\t<meta property=\"og:image:type\" content=\"image\/jpeg\" \/>\n<meta name=\"twitter:card\" content=\"summary_large_image\" \/>\n<meta name=\"twitter:site\" content=\"@FireWarebv\" \/>\n<script type=\"application\/ld+json\" class=\"yoast-schema-graph\">{\"@context\":\"https:\/\/schema.org\",\"@graph\":[{\"@type\":\"WebPage\",\"@id\":\"https:\/\/www.fireware.nl\/fr\/produit\/filtres-a2-p3\/\",\"url\":\"https:\/\/www.fireware.nl\/fr\/produit\/filtres-a2-p3\/\",\"name\":\"Filtres A2-P3 - FireWare\",\"isPartOf\":{\"@id\":\"https:\/\/www.fireware.nl\/fr\/#website\"},\"primaryImageOfPage\":{\"@id\":\"https:\/\/www.fireware.nl\/fr\/produit\/filtres-a2-p3\/#primaryimage\"},\"image\":{\"@id\":\"https:\/\/www.fireware.nl\/fr\/produit\/filtres-a2-p3\/#primaryimage\"},\"thumbnailUrl\":\"https:\/\/www.fireware.nl\/wp-content\/uploads\/2019\/01\/008-032-002-A2-P3-Filters-Voorkant.jpg\",\"datePublished\":\"2019-02-01T09:38:18+00:00\",\"dateModified\":\"2019-07-02T10:16:43+00:00\",\"breadcrumb\":{\"@id\":\"https:\/\/www.fireware.nl\/fr\/produit\/filtres-a2-p3\/#breadcrumb\"},\"inLanguage\":\"fr-FR\",\"potentialAction\":[{\"@type\":\"ReadAction\",\"target\":[\"https:\/\/www.fireware.nl\/fr\/produit\/filtres-a2-p3\/\"]}]},{\"@type\":\"ImageObject\",\"inLanguage\":\"fr-FR\",\"@id\":\"https:\/\/www.fireware.nl\/fr\/produit\/filtres-a2-p3\/#primaryimage\",\"url\":\"https:\/\/www.fireware.nl\/wp-content\/uploads\/2019\/01\/008-032-002-A2-P3-Filters-Voorkant.jpg\",\"contentUrl\":\"https:\/\/www.fireware.nl\/wp-content\/uploads\/2019\/01\/008-032-002-A2-P3-Filters-Voorkant.jpg\",\"width\":600,\"height\":600,\"caption\":\"008-032-002 A2-P3 Filters Voorkant\"},{\"@type\":\"BreadcrumbList\",\"@id\":\"https:\/\/www.fireware.nl\/fr\/produit\/filtres-a2-p3\/#breadcrumb\",\"itemListElement\":[{\"@type\":\"ListItem\",\"position\":1,\"name\":\"Home\",\"item\":\"https:\/\/www.fireware.nl\/fr\/\"},{\"@type\":\"ListItem\",\"position\":2,\"name\":\"Produits\",\"item\":\"https:\/\/www.fireware.nl\/fr\/produits\/\"},{\"@type\":\"ListItem\",\"position\":3,\"name\":\"Filtres A2-P3\"}]},{\"@type\":\"WebSite\",\"@id\":\"https:\/\/www.fireware.nl\/fr\/#website\",\"url\":\"https:\/\/www.fireware.nl\/fr\/\",\"name\":\"FireWare\",\"description\":\"CREATING REALISTIC  TRAINING ENVIRONMENTS\",\"publisher\":{\"@id\":\"https:\/\/www.fireware.nl\/fr\/#organization\"},\"potentialAction\":[{\"@type\":\"SearchAction\",\"target\":{\"@type\":\"EntryPoint\",\"urlTemplate\":\"https:\/\/www.fireware.nl\/fr\/?s={search_term_string}\"},\"query-input\":{\"@type\":\"PropertyValueSpecification\",\"valueRequired\":true,\"valueName\":\"search_term_string\"}}],\"inLanguage\":\"fr-FR\"},{\"@type\":\"Organization\",\"@id\":\"https:\/\/www.fireware.nl\/fr\/#organization\",\"name\":\"FireWare\",\"url\":\"https:\/\/www.fireware.nl\/fr\/\",\"logo\":{\"@type\":\"ImageObject\",\"inLanguage\":\"fr-FR\",\"@id\":\"https:\/\/www.fireware.nl\/fr\/#\/schema\/logo\/image\/\",\"url\":\"https:\/\/www.fireware.nl\/wp-content\/uploads\/2018\/10\/fireware-logo.png\",\"contentUrl\":\"https:\/\/www.fireware.nl\/wp-content\/uploads\/2018\/10\/fireware-logo.png\",\"width\":200,\"height\":86,\"caption\":\"FireWare\"},\"image\":{\"@id\":\"https:\/\/www.fireware.nl\/fr\/#\/schema\/logo\/image\/\"},\"sameAs\":[\"https:\/\/www.facebook.com\/FireWareBV\/\",\"https:\/\/x.com\/FireWarebv\",\"https:\/\/www.instagram.com\/fireware_nl\/\",\"https:\/\/www.linkedin.com\/company\/3586017\/\",\"https:\/\/www.youtube.com\/user\/firesalesrentconsult\"]}]}<\/script>\n<!-- \/ Yoast SEO plugin. -->","yoast_head_json":{"title":"Filtres A2-P3 - FireWare","robots":{"index":"index","follow":"follow","max-snippet":"max-snippet:-1","max-image-preview":"max-image-preview:large","max-video-preview":"max-video-preview:-1"},"canonical":"https:\/\/www.fireware.nl\/fr\/produit\/filtres-a2-p3\/","og_locale":"fr_FR","og_type":"article","og_title":"Filtres A2-P3 - FireWare","og_description":"Adapt\u00e9s au Demi-masque.  Filtre au moins 99,95% des particules a\u00e9riennes.  Se fixent facilement au moyen d\u2019une attache \u00e0 ba\u00efonnette.  Fournis par jeux de 2 pi\u00e8ces.","og_url":"https:\/\/www.fireware.nl\/fr\/produit\/filtres-a2-p3\/","og_site_name":"FireWare","article_publisher":"https:\/\/www.facebook.com\/FireWareBV\/","article_modified_time":"2019-07-02T10:16:43+00:00","og_image":[{"width":600,"height":600,"url":"https:\/\/www.fireware.nl\/wp-content\/uploads\/2019\/01\/008-032-002-A2-P3-Filters-Voorkant.jpg","type":"image\/jpeg"}],"twitter_card":"summary_large_image","twitter_site":"@FireWarebv","schema":{"@context":"https:\/\/schema.org","@graph":[{"@type":"WebPage","@id":"https:\/\/www.fireware.nl\/fr\/produit\/filtres-a2-p3\/","url":"https:\/\/www.fireware.nl\/fr\/produit\/filtres-a2-p3\/","name":"Filtres A2-P3 - FireWare","isPartOf":{"@id":"https:\/\/www.fireware.nl\/fr\/#website"},"primaryImageOfPage":{"@id":"https:\/\/www.fireware.nl\/fr\/produit\/filtres-a2-p3\/#primaryimage"},"image":{"@id":"https:\/\/www.fireware.nl\/fr\/produit\/filtres-a2-p3\/#primaryimage"},"thumbnailUrl":"https:\/\/www.fireware.nl\/wp-content\/uploads\/2019\/01\/008-032-002-A2-P3-Filters-Voorkant.jpg","datePublished":"2019-02-01T09:38:18+00:00","dateModified":"2019-07-02T10:16:43+00:00","breadcrumb":{"@id":"https:\/\/www.fireware.nl\/fr\/produit\/filtres-a2-p3\/#breadcrumb"},"inLanguage":"fr-FR","potentialAction":[{"@type":"ReadAction","target":["https:\/\/www.fireware.nl\/fr\/produit\/filtres-a2-p3\/"]}]},{"@type":"ImageObject","inLanguage":"fr-FR","@id":"https:\/\/www.fireware.nl\/fr\/produit\/filtres-a2-p3\/#primaryimage","url":"https:\/\/www.fireware.nl\/wp-content\/uploads\/2019\/01\/008-032-002-A2-P3-Filters-Voorkant.jpg","contentUrl":"https:\/\/www.fireware.nl\/wp-content\/uploads\/2019\/01\/008-032-002-A2-P3-Filters-Voorkant.jpg","width":600,"height":600,"caption":"008-032-002 A2-P3 Filters Voorkant"},{"@type":"BreadcrumbList","@id":"https:\/\/www.fireware.nl\/fr\/produit\/filtres-a2-p3\/#breadcrumb","itemListElement":[{"@type":"ListItem","position":1,"name":"Home","item":"https:\/\/www.fireware.nl\/fr\/"},{"@type":"ListItem","position":2,"name":"Produits","item":"https:\/\/www.fireware.nl\/fr\/produits\/"},{"@type":"ListItem","position":3,"name":"Filtres A2-P3"}]},{"@type":"WebSite","@id":"https:\/\/www.fireware.nl\/fr\/#website","url":"https:\/\/www.fireware.nl\/fr\/","name":"FireWare","description":"CREATING REALISTIC  TRAINING ENVIRONMENTS","publisher":{"@id":"https:\/\/www.fireware.nl\/fr\/#organization"},"potentialAction":[{"@type":"SearchAction","target":{"@type":"EntryPoint","urlTemplate":"https:\/\/www.fireware.nl\/fr\/?s={search_term_string}"},"query-input":{"@type":"PropertyValueSpecification","valueRequired":true,"valueName":"search_term_string"}}],"inLanguage":"fr-FR"},{"@type":"Organization","@id":"https:\/\/www.fireware.nl\/fr\/#organization","name":"FireWare","url":"https:\/\/www.fireware.nl\/fr\/","logo":{"@type":"ImageObject","inLanguage":"fr-FR","@id":"https:\/\/www.fireware.nl\/fr\/#\/schema\/logo\/image\/","url":"https:\/\/www.fireware.nl\/wp-content\/uploads\/2018\/10\/fireware-logo.png","contentUrl":"https:\/\/www.fireware.nl\/wp-content\/uploads\/2018\/10\/fireware-logo.png","width":200,"height":86,"caption":"FireWare"},"image":{"@id":"https:\/\/www.fireware.nl\/fr\/#\/schema\/logo\/image\/"},"sameAs":["https:\/\/www.facebook.com\/FireWareBV\/","https:\/\/x.com\/FireWarebv","https:\/\/www.instagram.com\/fireware_nl\/","https:\/\/www.linkedin.com\/company\/3586017\/","https:\/\/www.youtube.com\/user\/firesalesrentconsult"]}]}},"publishpress_future_workflow_manual_trigger":{"enabledWorkflows":[]},"_links":{"self":[{"href":"https:\/\/www.fireware.nl\/fr\/wp-json\/wp\/v2\/product\/19066","targetHints":{"allow":["GET"]}}],"collection":[{"href":"https:\/\/www.fireware.nl\/fr\/wp-json\/wp\/v2\/product"}],"about":[{"href":"https:\/\/www.fireware.nl\/fr\/wp-json\/wp\/v2\/types\/product"}],"wp:featuredmedia":[{"embeddable":true,"href":"https:\/\/www.fireware.nl\/fr\/wp-json\/wp\/v2\/media\/20717"}],"wp:attachment":[{"href":"https:\/\/www.fireware.nl\/fr\/wp-json\/wp\/v2\/media?parent=19066"}],"wp:term":[{"taxonomy":"product_brand","embeddable":true,"href":"https:\/\/www.fireware.nl\/fr\/wp-json\/wp\/v2\/product_brand?post=19066"},{"taxonomy":"product_cat","embeddable":true,"href":"https:\/\/www.fireware.nl\/fr\/wp-json\/wp\/v2\/product_cat?post=19066"},{"taxonomy":"product_tag","embeddable":true,"href":"https:\/\/www.fireware.nl\/fr\/wp-json\/wp\/v2\/product_tag?post=19066"}],"curies":[{"name":"wp","href":"https:\/\/api.w.org\/{rel}","templated":true}]}}