
{"id":19024,"date":"2019-01-23T12:16:42","date_gmt":"2019-02-01T09:19:07","guid":{"rendered":"http:\/\/fireware.sites.hyperhosting.co\/?post_type=product&#038;p=19024"},"modified":"2025-02-10T09:07:04","modified_gmt":"2025-02-10T09:07:04","slug":"telecommande-filaire-cirrus-cumulus-stratus","status":"publish","type":"product","link":"https:\/\/www.fireware.nl\/fr\/product\/telecommande-filaire-cirrus-cumulus-stratus\/","title":{"rendered":"T\u00e9l\u00e9commande filaire Cirrus\/Cumulus\/Stratus"},"content":{"rendered":"\r\n<h2>Entra\u00eenement mobile avec les machines \u00e0 fum\u00e9e Cirrus, Cumulus et Stratus<\/h2>\r\n<p>Entra\u00eenez-vous en toute mobilit\u00e9 avec la t\u00e9l\u00e9commande filaire pour les machines \u00e0 fum\u00e9e <a href=\"https:\/\/www.fireware.nl\/fr\/produit\/generateur-de-fumee-sur-batterie-cirrus\/\" target=\"_blank\" rel=\"noopener\">Cirrus<\/a>, <a href=\"https:\/\/www.fireware.nl\/fr\/produit\/generateur-de-fumee-cumulus\/\" target=\"_blank\" rel=\"noopener\">Cumulus<\/a> et <a href=\"https:\/\/www.fireware.nl\/fr\/produit\/generateur-de-fumee-stratus\/\" target=\"_blank\" rel=\"noopener\">Stratus<\/a>. Toutes ces machines peuvent bien s\u00fbr \u00eatre contr\u00f4l\u00e9es directement sur l&#8217;appareil lui-m\u00eame. Cependant, certaines situations d&#8217;entra\u00eenement n\u00e9cessitent une machine autonome. Gr\u00e2ce \u00e0 cette t\u00e9l\u00e9commande avec un c\u00e2ble de 10 m\u00e8tres, cela est possible. Si n\u00e9cessaire, le c\u00e2ble peut \u00eatre prolong\u00e9 avec un c\u00e2ble XLR standard. Vous pouvez ainsi vous entra\u00eener encore plus efficacement avec la fum\u00e9e !<\/p>\r\n<h2>Utilisation de la t\u00e9l\u00e9commande filaire Cirrus \/ Cumulus \/ Stratus<\/h2>\r\n<p>La t\u00e9l\u00e9commande filaire est simple d&#8217;utilisation. Elle peut m\u00eame \u00eatre manipul\u00e9e avec des gants. En effet, elle dispose uniquement d&#8217;un interrupteur marche\/arr\u00eat et d&#8217;un grand curseur. Ce curseur permet d&#8217;ajuster la quantit\u00e9 de fum\u00e9e \u00e9mise. Le r\u00e9glage standard de la sortie de fum\u00e9e varie entre 0 et 100 %. Cependant, il est \u00e9galement possible de d\u00e9finir une sortie maximale personnalis\u00e9e. Par exemple, si vous fixez un maximum de 37 % sur la machine, le curseur vous permettra d&#8217;ajuster la sortie entre 0 et 37 %. Cela \u00e9vite d&#8217;ajouter trop de fum\u00e9e \u00e0 votre sc\u00e9nario et permet d&#8217;\u00e9conomiser le liquide de fum\u00e9e !<\/p>\r\n<h2>R\u00e9agir \u00e0 distance \u00e0 la situation d&#8217;entra\u00eenement<\/h2>\r\n<p>Lors de la mise en place d&#8217;un sc\u00e9nario d&#8217;entra\u00eenement pour un incendie moyen ou important, une seule machine \u00e0 fum\u00e9e peut ne pas suffire. Mais en tant qu&#8217;instructeur, vous ne pouvez pas \u00eatre dans deux pi\u00e8ces \u00e0 la fois. Utilisez alors plusieurs machines \u00e0 fum\u00e9e \u00e9quip\u00e9es d&#8217;une t\u00e9l\u00e9commande filaire. Cela vous permet de les contr\u00f4ler depuis une autre pi\u00e8ce. Pensez \u00e9galement \u00e0 la <a href=\"https:\/\/www.fireware.nl\/fr\/product\/telecommande-cirrus-cumulus-stratus\/\" target=\"_blank\" rel=\"noopener\">t\u00e9l\u00e9commande sans fil<\/a>, qui permet de connecter plusieurs machines \u00e0 fum\u00e9e \u00e0 un seul appareil. Aucun c\u00e2ble ne traverse votre sc\u00e8ne, r\u00e9duisant ainsi les risques de chute.<\/p>\r\n<p>Avec la t\u00e9l\u00e9commande filaire, vous pouvez \u00e9galement doser la quantit\u00e9 de fum\u00e9e avec plus de pr\u00e9cision, ce qui permet d&#8217;adapter directement le sc\u00e9nario. Si l&#8217;extinction du feu par l&#8217;apprenant est efficace, vous pouvez imm\u00e9diatement ajuster la quantit\u00e9 de fum\u00e9e en cons\u00e9quence. L&#8217;instructeur peut ainsi coordonner l&#8217;exercice \u00e0 distance tout en restant \u00e0 l&#8217;\u00e9cart de l&#8217;incident simul\u00e9, rendant ainsi la mise en sc\u00e8ne encore plus r\u00e9aliste !<\/p>\r\n<h2>T\u00e9l\u00e9commande filaire pour machine \u00e0 fum\u00e9e<\/h2>\r\n<p>Utilisez cette t\u00e9l\u00e9commande filaire pour contr\u00f4ler \u00e0 distance la machine \u00e0 fum\u00e9e Cirrus sur batterie, ainsi que les mod\u00e8les Cumulus et Stratus. La t\u00e9l\u00e9commande est \u00e9quip\u00e9e d&#8217;un c\u00e2ble de 10 m\u00e8tres, extensible avec un c\u00e2ble XLR standard si n\u00e9cessaire. Pour une mise en sc\u00e8ne encore plus r\u00e9aliste avec de la fum\u00e9e d&#8217;entra\u00eenement, vous pouvez \u00e9galement opter pour une <a href=\"https:\/\/www.fireware.nl\/fr\/product\/telecommande-cirrus-cumulus-stratus\/\" target=\"_blank\" rel=\"noopener\">t\u00e9l\u00e9commande sans fil pour les mod\u00e8les Cirrus, Cumulus et Stratus<\/a>. Dans des conditions optimales, cette t\u00e9l\u00e9commande offre une port\u00e9e allant jusqu&#8217;\u00e0 100 m\u00e8tres, vous permettant ainsi de r\u00e9aliser des sc\u00e9narios d&#8217;entra\u00eenement sans limite !<\/p>\r\n<h2>Regardez les vid\u00e9os<\/h2>\r\n<p><iframe src=\"https:\/\/player.vimeo.com\/video\/1035638804?hl=nl&amp;cc_lang_pref=nl&amp;cc_load_policy=1\" width=\"1920\" height=\"1080\" frameborder=\"0\" allowfullscreen=\"allowfullscreen\"><\/iframe><\/p>\r\n","protected":false},"excerpt":{"rendered":"<ul>\n<li>T\u00e9l\u00e9commande filaire pour les machines \u00e0 fum\u00e9e Cirrus, Cumulus et Stratus.<\/li>\n<li>C\u00e2ble de 10 m\u00e8tres.<\/li>\n<li>Extensible avec un c\u00e2ble XLR standard.<\/li>\n<li>Dosage de la quantit\u00e9 de fum\u00e9e.<\/li>\n<li>Rend les exercices plus interactifs gr\u00e2ce au contr\u00f4le \u00e0 distance.<\/li>\n<li>\u00c9quip\u00e9e d\u2019un bouton marche\/arr\u00eat et d\u2019un curseur pour un r\u00e9glage pr\u00e9cis du d\u00e9bit.<\/li>\n<li>Peut \u00eatre utilis\u00e9e m\u00eame avec des gants.<\/li>\n<\/ul>\n","protected":false},"featured_media":20727,"template":"","meta":[],"product_brand":[],"product_cat":[82],"product_tag":[],"class_list":{"0":"post-19024","1":"product","2":"type-product","3":"status-publish","4":"has-post-thumbnail","6":"product_cat-supplements-pour-generateurs-de-fumee","8":"first","9":"instock","10":"taxable","11":"shipping-taxable","12":"purchasable","13":"product-type-simple"},"yoast_head":"<!-- This site is optimized with the Yoast SEO plugin v27.2 - https:\/\/yoast.com\/product\/yoast-seo-wordpress\/ -->\n<title>T\u00e9l\u00e9commande filaire Cirrus\/Cumulus\/Stratus - FireWare<\/title>\n<meta name=\"robots\" content=\"index, follow, max-snippet:-1, max-image-preview:large, max-video-preview:-1\" \/>\n<link rel=\"canonical\" href=\"https:\/\/www.fireware.nl\/fr\/product\/telecommande-filaire-cirrus-cumulus-stratus\/\" \/>\n<meta property=\"og:locale\" content=\"fr_FR\" \/>\n<meta property=\"og:type\" content=\"article\" \/>\n<meta property=\"og:title\" content=\"T\u00e9l\u00e9commande filaire Cirrus\/Cumulus\/Stratus - FireWare\" \/>\n<meta property=\"og:description\" content=\"T\u00e9l\u00e9commande filaire pour les machines \u00e0 fum\u00e9e Cirrus, Cumulus et Stratus. C\u00e2ble de 10 m\u00e8tres. Extensible avec un c\u00e2ble XLR standard. Dosage de la quantit\u00e9 de fum\u00e9e. Rend les exercices plus interactifs gr\u00e2ce au contr\u00f4le \u00e0 distance. \u00c9quip\u00e9e d\u2019un bouton marche\/arr\u00eat et d\u2019un curseur pour un r\u00e9glage pr\u00e9cis du d\u00e9bit. Peut \u00eatre utilis\u00e9e m\u00eame avec des gants.\" \/>\n<meta property=\"og:url\" content=\"https:\/\/www.fireware.nl\/fr\/product\/telecommande-filaire-cirrus-cumulus-stratus\/\" \/>\n<meta property=\"og:site_name\" content=\"FireWare\" \/>\n<meta property=\"article:publisher\" content=\"https:\/\/www.facebook.com\/FireWareBV\/\" \/>\n<meta property=\"article:modified_time\" content=\"2025-02-10T09:07:04+00:00\" \/>\n<meta property=\"og:image\" content=\"https:\/\/www.fireware.nl\/wp-content\/uploads\/2019\/01\/008-002-001-Wired-Remote-Cumulus_Stratus_Cirrus-Kastje.jpg\" \/>\n\t<meta property=\"og:image:width\" content=\"600\" \/>\n\t<meta property=\"og:image:height\" content=\"600\" \/>\n\t<meta property=\"og:image:type\" content=\"image\/jpeg\" \/>\n<meta name=\"twitter:card\" content=\"summary_large_image\" \/>\n<meta name=\"twitter:site\" content=\"@FireWarebv\" \/>\n<meta name=\"twitter:label1\" content=\"Dur\u00e9e de lecture estim\u00e9e\" \/>\n\t<meta name=\"twitter:data1\" content=\"3 minutes\" \/>\n<script type=\"application\/ld+json\" class=\"yoast-schema-graph\">{\"@context\":\"https:\/\/schema.org\",\"@graph\":[{\"@type\":\"WebPage\",\"@id\":\"https:\/\/www.fireware.nl\/fr\/product\/telecommande-filaire-cirrus-cumulus-stratus\/\",\"url\":\"https:\/\/www.fireware.nl\/fr\/product\/telecommande-filaire-cirrus-cumulus-stratus\/\",\"name\":\"T\u00e9l\u00e9commande filaire Cirrus\/Cumulus\/Stratus - FireWare\",\"isPartOf\":{\"@id\":\"https:\/\/www.fireware.nl\/fr\/#website\"},\"primaryImageOfPage\":{\"@id\":\"https:\/\/www.fireware.nl\/fr\/product\/telecommande-filaire-cirrus-cumulus-stratus\/#primaryimage\"},\"image\":{\"@id\":\"https:\/\/www.fireware.nl\/fr\/product\/telecommande-filaire-cirrus-cumulus-stratus\/#primaryimage\"},\"thumbnailUrl\":\"https:\/\/www.fireware.nl\/wp-content\/uploads\/2019\/01\/008-002-001-Wired-Remote-Cumulus_Stratus_Cirrus-Kastje.jpg\",\"datePublished\":\"2019-02-01T09:19:07+00:00\",\"dateModified\":\"2025-02-10T09:07:04+00:00\",\"breadcrumb\":{\"@id\":\"https:\/\/www.fireware.nl\/fr\/product\/telecommande-filaire-cirrus-cumulus-stratus\/#breadcrumb\"},\"inLanguage\":\"fr-FR\",\"potentialAction\":[{\"@type\":\"ReadAction\",\"target\":[\"https:\/\/www.fireware.nl\/fr\/product\/telecommande-filaire-cirrus-cumulus-stratus\/\"]}]},{\"@type\":\"ImageObject\",\"inLanguage\":\"fr-FR\",\"@id\":\"https:\/\/www.fireware.nl\/fr\/product\/telecommande-filaire-cirrus-cumulus-stratus\/#primaryimage\",\"url\":\"https:\/\/www.fireware.nl\/wp-content\/uploads\/2019\/01\/008-002-001-Wired-Remote-Cumulus_Stratus_Cirrus-Kastje.jpg\",\"contentUrl\":\"https:\/\/www.fireware.nl\/wp-content\/uploads\/2019\/01\/008-002-001-Wired-Remote-Cumulus_Stratus_Cirrus-Kastje.jpg\",\"width\":600,\"height\":600,\"caption\":\"008-002-001 Wired Remote Cumulus_Stratus_Cirrus Kastje\"},{\"@type\":\"BreadcrumbList\",\"@id\":\"https:\/\/www.fireware.nl\/fr\/product\/telecommande-filaire-cirrus-cumulus-stratus\/#breadcrumb\",\"itemListElement\":[{\"@type\":\"ListItem\",\"position\":1,\"name\":\"Home\",\"item\":\"https:\/\/www.fireware.nl\/fr\/\"},{\"@type\":\"ListItem\",\"position\":2,\"name\":\"Produits\",\"item\":\"https:\/\/www.fireware.nl\/fr\/produits\/\"},{\"@type\":\"ListItem\",\"position\":3,\"name\":\"T\u00e9l\u00e9commande filaire Cirrus\/Cumulus\/Stratus\"}]},{\"@type\":\"WebSite\",\"@id\":\"https:\/\/www.fireware.nl\/fr\/#website\",\"url\":\"https:\/\/www.fireware.nl\/fr\/\",\"name\":\"FireWare\",\"description\":\"CREATING REALISTIC  TRAINING ENVIRONMENTS\",\"publisher\":{\"@id\":\"https:\/\/www.fireware.nl\/fr\/#organization\"},\"potentialAction\":[{\"@type\":\"SearchAction\",\"target\":{\"@type\":\"EntryPoint\",\"urlTemplate\":\"https:\/\/www.fireware.nl\/fr\/?s={search_term_string}\"},\"query-input\":{\"@type\":\"PropertyValueSpecification\",\"valueRequired\":true,\"valueName\":\"search_term_string\"}}],\"inLanguage\":\"fr-FR\"},{\"@type\":\"Organization\",\"@id\":\"https:\/\/www.fireware.nl\/fr\/#organization\",\"name\":\"FireWare\",\"url\":\"https:\/\/www.fireware.nl\/fr\/\",\"logo\":{\"@type\":\"ImageObject\",\"inLanguage\":\"fr-FR\",\"@id\":\"https:\/\/www.fireware.nl\/fr\/#\/schema\/logo\/image\/\",\"url\":\"https:\/\/www.fireware.nl\/wp-content\/uploads\/2018\/10\/fireware-logo.png\",\"contentUrl\":\"https:\/\/www.fireware.nl\/wp-content\/uploads\/2018\/10\/fireware-logo.png\",\"width\":200,\"height\":86,\"caption\":\"FireWare\"},\"image\":{\"@id\":\"https:\/\/www.fireware.nl\/fr\/#\/schema\/logo\/image\/\"},\"sameAs\":[\"https:\/\/www.facebook.com\/FireWareBV\/\",\"https:\/\/x.com\/FireWarebv\",\"https:\/\/www.instagram.com\/fireware_nl\/\",\"https:\/\/www.linkedin.com\/company\/3586017\/\",\"https:\/\/www.youtube.com\/user\/firesalesrentconsult\"]}]}<\/script>\n<!-- \/ Yoast SEO plugin. -->","yoast_head_json":{"title":"T\u00e9l\u00e9commande filaire Cirrus\/Cumulus\/Stratus - FireWare","robots":{"index":"index","follow":"follow","max-snippet":"max-snippet:-1","max-image-preview":"max-image-preview:large","max-video-preview":"max-video-preview:-1"},"canonical":"https:\/\/www.fireware.nl\/fr\/product\/telecommande-filaire-cirrus-cumulus-stratus\/","og_locale":"fr_FR","og_type":"article","og_title":"T\u00e9l\u00e9commande filaire Cirrus\/Cumulus\/Stratus - FireWare","og_description":"T\u00e9l\u00e9commande filaire pour les machines \u00e0 fum\u00e9e Cirrus, Cumulus et Stratus. C\u00e2ble de 10 m\u00e8tres. Extensible avec un c\u00e2ble XLR standard. Dosage de la quantit\u00e9 de fum\u00e9e. Rend les exercices plus interactifs gr\u00e2ce au contr\u00f4le \u00e0 distance. \u00c9quip\u00e9e d\u2019un bouton marche\/arr\u00eat et d\u2019un curseur pour un r\u00e9glage pr\u00e9cis du d\u00e9bit. Peut \u00eatre utilis\u00e9e m\u00eame avec des gants.","og_url":"https:\/\/www.fireware.nl\/fr\/product\/telecommande-filaire-cirrus-cumulus-stratus\/","og_site_name":"FireWare","article_publisher":"https:\/\/www.facebook.com\/FireWareBV\/","article_modified_time":"2025-02-10T09:07:04+00:00","og_image":[{"width":600,"height":600,"url":"https:\/\/www.fireware.nl\/wp-content\/uploads\/2019\/01\/008-002-001-Wired-Remote-Cumulus_Stratus_Cirrus-Kastje.jpg","type":"image\/jpeg"}],"twitter_card":"summary_large_image","twitter_site":"@FireWarebv","twitter_misc":{"Dur\u00e9e de lecture estim\u00e9e":"3 minutes"},"schema":{"@context":"https:\/\/schema.org","@graph":[{"@type":"WebPage","@id":"https:\/\/www.fireware.nl\/fr\/product\/telecommande-filaire-cirrus-cumulus-stratus\/","url":"https:\/\/www.fireware.nl\/fr\/product\/telecommande-filaire-cirrus-cumulus-stratus\/","name":"T\u00e9l\u00e9commande filaire Cirrus\/Cumulus\/Stratus - FireWare","isPartOf":{"@id":"https:\/\/www.fireware.nl\/fr\/#website"},"primaryImageOfPage":{"@id":"https:\/\/www.fireware.nl\/fr\/product\/telecommande-filaire-cirrus-cumulus-stratus\/#primaryimage"},"image":{"@id":"https:\/\/www.fireware.nl\/fr\/product\/telecommande-filaire-cirrus-cumulus-stratus\/#primaryimage"},"thumbnailUrl":"https:\/\/www.fireware.nl\/wp-content\/uploads\/2019\/01\/008-002-001-Wired-Remote-Cumulus_Stratus_Cirrus-Kastje.jpg","datePublished":"2019-02-01T09:19:07+00:00","dateModified":"2025-02-10T09:07:04+00:00","breadcrumb":{"@id":"https:\/\/www.fireware.nl\/fr\/product\/telecommande-filaire-cirrus-cumulus-stratus\/#breadcrumb"},"inLanguage":"fr-FR","potentialAction":[{"@type":"ReadAction","target":["https:\/\/www.fireware.nl\/fr\/product\/telecommande-filaire-cirrus-cumulus-stratus\/"]}]},{"@type":"ImageObject","inLanguage":"fr-FR","@id":"https:\/\/www.fireware.nl\/fr\/product\/telecommande-filaire-cirrus-cumulus-stratus\/#primaryimage","url":"https:\/\/www.fireware.nl\/wp-content\/uploads\/2019\/01\/008-002-001-Wired-Remote-Cumulus_Stratus_Cirrus-Kastje.jpg","contentUrl":"https:\/\/www.fireware.nl\/wp-content\/uploads\/2019\/01\/008-002-001-Wired-Remote-Cumulus_Stratus_Cirrus-Kastje.jpg","width":600,"height":600,"caption":"008-002-001 Wired Remote Cumulus_Stratus_Cirrus Kastje"},{"@type":"BreadcrumbList","@id":"https:\/\/www.fireware.nl\/fr\/product\/telecommande-filaire-cirrus-cumulus-stratus\/#breadcrumb","itemListElement":[{"@type":"ListItem","position":1,"name":"Home","item":"https:\/\/www.fireware.nl\/fr\/"},{"@type":"ListItem","position":2,"name":"Produits","item":"https:\/\/www.fireware.nl\/fr\/produits\/"},{"@type":"ListItem","position":3,"name":"T\u00e9l\u00e9commande filaire Cirrus\/Cumulus\/Stratus"}]},{"@type":"WebSite","@id":"https:\/\/www.fireware.nl\/fr\/#website","url":"https:\/\/www.fireware.nl\/fr\/","name":"FireWare","description":"CREATING REALISTIC  TRAINING ENVIRONMENTS","publisher":{"@id":"https:\/\/www.fireware.nl\/fr\/#organization"},"potentialAction":[{"@type":"SearchAction","target":{"@type":"EntryPoint","urlTemplate":"https:\/\/www.fireware.nl\/fr\/?s={search_term_string}"},"query-input":{"@type":"PropertyValueSpecification","valueRequired":true,"valueName":"search_term_string"}}],"inLanguage":"fr-FR"},{"@type":"Organization","@id":"https:\/\/www.fireware.nl\/fr\/#organization","name":"FireWare","url":"https:\/\/www.fireware.nl\/fr\/","logo":{"@type":"ImageObject","inLanguage":"fr-FR","@id":"https:\/\/www.fireware.nl\/fr\/#\/schema\/logo\/image\/","url":"https:\/\/www.fireware.nl\/wp-content\/uploads\/2018\/10\/fireware-logo.png","contentUrl":"https:\/\/www.fireware.nl\/wp-content\/uploads\/2018\/10\/fireware-logo.png","width":200,"height":86,"caption":"FireWare"},"image":{"@id":"https:\/\/www.fireware.nl\/fr\/#\/schema\/logo\/image\/"},"sameAs":["https:\/\/www.facebook.com\/FireWareBV\/","https:\/\/x.com\/FireWarebv","https:\/\/www.instagram.com\/fireware_nl\/","https:\/\/www.linkedin.com\/company\/3586017\/","https:\/\/www.youtube.com\/user\/firesalesrentconsult"]}]}},"publishpress_future_workflow_manual_trigger":{"enabledWorkflows":[]},"_links":{"self":[{"href":"https:\/\/www.fireware.nl\/fr\/wp-json\/wp\/v2\/product\/19024","targetHints":{"allow":["GET"]}}],"collection":[{"href":"https:\/\/www.fireware.nl\/fr\/wp-json\/wp\/v2\/product"}],"about":[{"href":"https:\/\/www.fireware.nl\/fr\/wp-json\/wp\/v2\/types\/product"}],"wp:featuredmedia":[{"embeddable":true,"href":"https:\/\/www.fireware.nl\/fr\/wp-json\/wp\/v2\/media\/20727"}],"wp:attachment":[{"href":"https:\/\/www.fireware.nl\/fr\/wp-json\/wp\/v2\/media?parent=19024"}],"wp:term":[{"taxonomy":"product_brand","embeddable":true,"href":"https:\/\/www.fireware.nl\/fr\/wp-json\/wp\/v2\/product_brand?post=19024"},{"taxonomy":"product_cat","embeddable":true,"href":"https:\/\/www.fireware.nl\/fr\/wp-json\/wp\/v2\/product_cat?post=19024"},{"taxonomy":"product_tag","embeddable":true,"href":"https:\/\/www.fireware.nl\/fr\/wp-json\/wp\/v2\/product_tag?post=19024"}],"curies":[{"name":"wp","href":"https:\/\/api.w.org\/{rel}","templated":true}]}}