
{"id":18995,"date":"2019-01-20T12:15:27","date_gmt":"2019-01-20T12:15:27","guid":{"rendered":"http:\/\/fireware.sites.hyperhosting.co\/?post_type=product&#038;p=18995"},"modified":"2026-04-13T14:20:53","modified_gmt":"2026-04-13T14:20:53","slug":"generateur-de-fumee-nimbo","status":"publish","type":"product","link":"https:\/\/www.fireware.nl\/fr\/produit\/generateur-de-fumee-nimbo\/","title":{"rendered":"G\u00e9n\u00e9rateur de fum\u00e9e Nimbo"},"content":{"rendered":"\n\n\t<h2>Faire beaucoup de fum\u00e9e avec un g\u00e9n\u00e9rateur de fum\u00e9e maniable<\/h2>\n<p>Le g\u00e9n\u00e9rateur de fum\u00e9e Nimbo est \u00e9galement tr\u00e8s pratique et facile \u00e0 actionner, et remplit de fum\u00e9e, sans le moindre probl\u00e8me, une pi\u00e8ce de la dimension d&#8217;un bureau ou d&#8217;une chambre d&#8217;h\u00f4tel.<\/p>\n<p>L&#8217;appareil est pr\u00eat \u00e0 l&#8217;emploi en un tournemain, et se pr\u00e9chauffe en moins de 2 minutes. Il est \u00e9galement tr\u00e8s facile \u00e0 utiliser lors d&#8217;un exercice n\u00e9cessitant une alimentation en fum\u00e9e continue et r\u00e9guli\u00e8re, puisque l&#8217;Nimbo est en mesure de g\u00e9n\u00e9rer de la fum\u00e9e de fa\u00e7on continue.<\/p>\n<p>Le Nimbo est fourni avec une t\u00e9l\u00e9commande filaire, mais une\u00a0t\u00e9l\u00e9commande sans fil\u00a0est \u00e9galement disponible. Fourni avec bo\u00eetede tranports en plastique 40x 30 x 32,5 cm.<\/p>\n<h2>Regardez les vid\u00e9os<\/h2>\n\t\t<iframe src=\"https:\/\/player.vimeo.com\/video\/153904986?rel=0\" width=\"640\" height=\"360\" frameborder=\"0\" allow=\"autoplay; fullscreen; picture-in-picture\" allowfullscreen><\/iframe>\t\n\t\t<iframe src=\"https:\/\/player.vimeo.com\/video\/1162169754?rel=0\" width=\"640\" height=\"360\" frameborder=\"0\" allow=\"autoplay; fullscreen; picture-in-picture\" allowfullscreen><\/iframe>\t\n\n","protected":false},"excerpt":{"rendered":"<ul>\n<li>Peut g\u00e9n\u00e9rer de la fum\u00e9e de fa\u00e7on continue.<\/li>\n<li>Se pr\u00e9chauffe en moins de 2 minutes.<\/li>\n<li>Excellent d\u00e9bit de fum\u00e9e, malgr\u00e9 la petite taille de la machine.<\/li>\n<li>Compact: 32 x 13 x 16,6 cm, 4 KG.<\/li>\n<li>Largement logements tourbillon acier.<\/li>\n<li>Capacit\u00e9 du r\u00e9servoir 800 ml.<\/li>\n<li>Est fourni avec t\u00e9l\u00e9commande.<\/li>\n<li>Caisson en mati\u00e8re synth\u00e9tique de 40 x 30 x 23,5 cm inclusive<\/li>\n<\/ul>\n","protected":false},"featured_media":68635,"template":"","meta":[],"product_brand":[],"product_cat":[76,79],"product_tag":[],"class_list":{"0":"post-18995","1":"product","2":"type-product","3":"status-publish","4":"has-post-thumbnail","6":"product_cat-fumee","7":"product_cat-generateurs-de-fumee","9":"first","10":"instock","11":"taxable","12":"shipping-taxable","13":"purchasable","14":"product-type-simple"},"yoast_head":"<!-- This site is optimized with the Yoast SEO plugin v27.4 - https:\/\/yoast.com\/product\/yoast-seo-wordpress\/ -->\n<title>G\u00e9n\u00e9rateur de fum\u00e9e Nimbo, une centrale compacte - FireWare<\/title>\n<meta name=\"description\" content=\"Le G\u00e9n\u00e9rateur de fum\u00e9e Nimbo a \u00e9t\u00e9 d\u00e9velopp\u00e9 pour les exercices d&#039;incendie de petite et moyenne taille. Beaucoup de fum\u00e9e en moins de 2 min.\" \/>\n<meta name=\"robots\" content=\"index, follow, max-snippet:-1, max-image-preview:large, max-video-preview:-1\" \/>\n<link rel=\"canonical\" href=\"https:\/\/www.fireware.nl\/fr\/produit\/generateur-de-fumee-nimbo\/\" \/>\n<meta property=\"og:locale\" content=\"fr_FR\" \/>\n<meta property=\"og:type\" content=\"article\" \/>\n<meta property=\"og:title\" content=\"G\u00e9n\u00e9rateur de fum\u00e9e Nimbo, une centrale compacte - FireWare\" \/>\n<meta property=\"og:description\" content=\"Le G\u00e9n\u00e9rateur de fum\u00e9e Nimbo a \u00e9t\u00e9 d\u00e9velopp\u00e9 pour les exercices d&#039;incendie de petite et moyenne taille. Beaucoup de fum\u00e9e en moins de 2 min.\" \/>\n<meta property=\"og:url\" content=\"https:\/\/www.fireware.nl\/fr\/produit\/generateur-de-fumee-nimbo\/\" \/>\n<meta property=\"og:site_name\" content=\"FireWare\" \/>\n<meta property=\"article:publisher\" content=\"https:\/\/www.facebook.com\/FireWareBV\/\" \/>\n<meta property=\"article:modified_time\" content=\"2026-04-13T14:20:53+00:00\" \/>\n<meta property=\"og:image\" content=\"https:\/\/www.fireware.nl\/wp-content\/uploads\/2019\/01\/001-012-001-nimbo-zijkant_FireWare-verbeterd.png\" \/>\n\t<meta property=\"og:image:width\" content=\"600\" \/>\n\t<meta property=\"og:image:height\" content=\"600\" \/>\n\t<meta property=\"og:image:type\" content=\"image\/png\" \/>\n<meta name=\"twitter:card\" content=\"summary_large_image\" \/>\n<meta name=\"twitter:site\" content=\"@FireWarebv\" \/>\n<meta name=\"twitter:label1\" content=\"Dur\u00e9e de lecture estim\u00e9e\" \/>\n\t<meta name=\"twitter:data1\" content=\"1 minute\" \/>\n<script type=\"application\/ld+json\" class=\"yoast-schema-graph\">{\"@context\":\"https:\\\/\\\/schema.org\",\"@graph\":[{\"@type\":\"WebPage\",\"@id\":\"https:\\\/\\\/www.fireware.nl\\\/fr\\\/produit\\\/generateur-de-fumee-nimbo\\\/\",\"url\":\"https:\\\/\\\/www.fireware.nl\\\/fr\\\/produit\\\/generateur-de-fumee-nimbo\\\/\",\"name\":\"G\u00e9n\u00e9rateur de fum\u00e9e Nimbo, une centrale compacte - FireWare\",\"isPartOf\":{\"@id\":\"https:\\\/\\\/www.fireware.nl\\\/fr\\\/#website\"},\"primaryImageOfPage\":{\"@id\":\"https:\\\/\\\/www.fireware.nl\\\/fr\\\/produit\\\/generateur-de-fumee-nimbo\\\/#primaryimage\"},\"image\":{\"@id\":\"https:\\\/\\\/www.fireware.nl\\\/fr\\\/produit\\\/generateur-de-fumee-nimbo\\\/#primaryimage\"},\"thumbnailUrl\":\"https:\\\/\\\/www.fireware.nl\\\/wp-content\\\/uploads\\\/2019\\\/01\\\/001-012-001-nimbo-zijkant_FireWare-verbeterd.png\",\"datePublished\":\"2019-01-20T12:15:27+00:00\",\"dateModified\":\"2026-04-13T14:20:53+00:00\",\"description\":\"Le G\u00e9n\u00e9rateur de fum\u00e9e Nimbo a \u00e9t\u00e9 d\u00e9velopp\u00e9 pour les exercices d'incendie de petite et moyenne taille. Beaucoup de fum\u00e9e en moins de 2 min.\",\"breadcrumb\":{\"@id\":\"https:\\\/\\\/www.fireware.nl\\\/fr\\\/produit\\\/generateur-de-fumee-nimbo\\\/#breadcrumb\"},\"inLanguage\":\"fr-FR\",\"potentialAction\":[{\"@type\":\"ReadAction\",\"target\":[\"https:\\\/\\\/www.fireware.nl\\\/fr\\\/produit\\\/generateur-de-fumee-nimbo\\\/\"]}]},{\"@type\":\"ImageObject\",\"inLanguage\":\"fr-FR\",\"@id\":\"https:\\\/\\\/www.fireware.nl\\\/fr\\\/produit\\\/generateur-de-fumee-nimbo\\\/#primaryimage\",\"url\":\"https:\\\/\\\/www.fireware.nl\\\/wp-content\\\/uploads\\\/2019\\\/01\\\/001-012-001-nimbo-zijkant_FireWare-verbeterd.png\",\"contentUrl\":\"https:\\\/\\\/www.fireware.nl\\\/wp-content\\\/uploads\\\/2019\\\/01\\\/001-012-001-nimbo-zijkant_FireWare-verbeterd.png\",\"width\":600,\"height\":600},{\"@type\":\"BreadcrumbList\",\"@id\":\"https:\\\/\\\/www.fireware.nl\\\/fr\\\/produit\\\/generateur-de-fumee-nimbo\\\/#breadcrumb\",\"itemListElement\":[{\"@type\":\"ListItem\",\"position\":1,\"name\":\"Home\",\"item\":\"https:\\\/\\\/www.fireware.nl\\\/fr\\\/\"},{\"@type\":\"ListItem\",\"position\":2,\"name\":\"Produits\",\"item\":\"https:\\\/\\\/www.fireware.nl\\\/fr\\\/produits\\\/\"},{\"@type\":\"ListItem\",\"position\":3,\"name\":\"G\u00e9n\u00e9rateur de fum\u00e9e Nimbo\"}]},{\"@type\":\"WebSite\",\"@id\":\"https:\\\/\\\/www.fireware.nl\\\/fr\\\/#website\",\"url\":\"https:\\\/\\\/www.fireware.nl\\\/fr\\\/\",\"name\":\"FireWare\",\"description\":\"CREATING REALISTIC  TRAINING ENVIRONMENTS\",\"publisher\":{\"@id\":\"https:\\\/\\\/www.fireware.nl\\\/fr\\\/#organization\"},\"potentialAction\":[{\"@type\":\"SearchAction\",\"target\":{\"@type\":\"EntryPoint\",\"urlTemplate\":\"https:\\\/\\\/www.fireware.nl\\\/fr\\\/?s={search_term_string}\"},\"query-input\":{\"@type\":\"PropertyValueSpecification\",\"valueRequired\":true,\"valueName\":\"search_term_string\"}}],\"inLanguage\":\"fr-FR\"},{\"@type\":\"Organization\",\"@id\":\"https:\\\/\\\/www.fireware.nl\\\/fr\\\/#organization\",\"name\":\"FireWare\",\"url\":\"https:\\\/\\\/www.fireware.nl\\\/fr\\\/\",\"logo\":{\"@type\":\"ImageObject\",\"inLanguage\":\"fr-FR\",\"@id\":\"https:\\\/\\\/www.fireware.nl\\\/fr\\\/#\\\/schema\\\/logo\\\/image\\\/\",\"url\":\"https:\\\/\\\/www.fireware.nl\\\/wp-content\\\/uploads\\\/2018\\\/10\\\/fireware-logo.png\",\"contentUrl\":\"https:\\\/\\\/www.fireware.nl\\\/wp-content\\\/uploads\\\/2018\\\/10\\\/fireware-logo.png\",\"width\":200,\"height\":86,\"caption\":\"FireWare\"},\"image\":{\"@id\":\"https:\\\/\\\/www.fireware.nl\\\/fr\\\/#\\\/schema\\\/logo\\\/image\\\/\"},\"sameAs\":[\"https:\\\/\\\/www.facebook.com\\\/FireWareBV\\\/\",\"https:\\\/\\\/x.com\\\/FireWarebv\",\"https:\\\/\\\/www.instagram.com\\\/fireware_nl\\\/\",\"https:\\\/\\\/www.linkedin.com\\\/company\\\/3586017\\\/\",\"https:\\\/\\\/www.youtube.com\\\/user\\\/firesalesrentconsult\"]}]}<\/script>\n<!-- \/ Yoast SEO plugin. -->","yoast_head_json":{"title":"G\u00e9n\u00e9rateur de fum\u00e9e Nimbo, une centrale compacte - FireWare","description":"Le G\u00e9n\u00e9rateur de fum\u00e9e Nimbo a \u00e9t\u00e9 d\u00e9velopp\u00e9 pour les exercices d'incendie de petite et moyenne taille. Beaucoup de fum\u00e9e en moins de 2 min.","robots":{"index":"index","follow":"follow","max-snippet":"max-snippet:-1","max-image-preview":"max-image-preview:large","max-video-preview":"max-video-preview:-1"},"canonical":"https:\/\/www.fireware.nl\/fr\/produit\/generateur-de-fumee-nimbo\/","og_locale":"fr_FR","og_type":"article","og_title":"G\u00e9n\u00e9rateur de fum\u00e9e Nimbo, une centrale compacte - FireWare","og_description":"Le G\u00e9n\u00e9rateur de fum\u00e9e Nimbo a \u00e9t\u00e9 d\u00e9velopp\u00e9 pour les exercices d'incendie de petite et moyenne taille. Beaucoup de fum\u00e9e en moins de 2 min.","og_url":"https:\/\/www.fireware.nl\/fr\/produit\/generateur-de-fumee-nimbo\/","og_site_name":"FireWare","article_publisher":"https:\/\/www.facebook.com\/FireWareBV\/","article_modified_time":"2026-04-13T14:20:53+00:00","og_image":[{"width":600,"height":600,"url":"https:\/\/www.fireware.nl\/wp-content\/uploads\/2019\/01\/001-012-001-nimbo-zijkant_FireWare-verbeterd.png","type":"image\/png"}],"twitter_card":"summary_large_image","twitter_site":"@FireWarebv","twitter_misc":{"Dur\u00e9e de lecture estim\u00e9e":"1 minute"},"schema":{"@context":"https:\/\/schema.org","@graph":[{"@type":"WebPage","@id":"https:\/\/www.fireware.nl\/fr\/produit\/generateur-de-fumee-nimbo\/","url":"https:\/\/www.fireware.nl\/fr\/produit\/generateur-de-fumee-nimbo\/","name":"G\u00e9n\u00e9rateur de fum\u00e9e Nimbo, une centrale compacte - FireWare","isPartOf":{"@id":"https:\/\/www.fireware.nl\/fr\/#website"},"primaryImageOfPage":{"@id":"https:\/\/www.fireware.nl\/fr\/produit\/generateur-de-fumee-nimbo\/#primaryimage"},"image":{"@id":"https:\/\/www.fireware.nl\/fr\/produit\/generateur-de-fumee-nimbo\/#primaryimage"},"thumbnailUrl":"https:\/\/www.fireware.nl\/wp-content\/uploads\/2019\/01\/001-012-001-nimbo-zijkant_FireWare-verbeterd.png","datePublished":"2019-01-20T12:15:27+00:00","dateModified":"2026-04-13T14:20:53+00:00","description":"Le G\u00e9n\u00e9rateur de fum\u00e9e Nimbo a \u00e9t\u00e9 d\u00e9velopp\u00e9 pour les exercices d'incendie de petite et moyenne taille. Beaucoup de fum\u00e9e en moins de 2 min.","breadcrumb":{"@id":"https:\/\/www.fireware.nl\/fr\/produit\/generateur-de-fumee-nimbo\/#breadcrumb"},"inLanguage":"fr-FR","potentialAction":[{"@type":"ReadAction","target":["https:\/\/www.fireware.nl\/fr\/produit\/generateur-de-fumee-nimbo\/"]}]},{"@type":"ImageObject","inLanguage":"fr-FR","@id":"https:\/\/www.fireware.nl\/fr\/produit\/generateur-de-fumee-nimbo\/#primaryimage","url":"https:\/\/www.fireware.nl\/wp-content\/uploads\/2019\/01\/001-012-001-nimbo-zijkant_FireWare-verbeterd.png","contentUrl":"https:\/\/www.fireware.nl\/wp-content\/uploads\/2019\/01\/001-012-001-nimbo-zijkant_FireWare-verbeterd.png","width":600,"height":600},{"@type":"BreadcrumbList","@id":"https:\/\/www.fireware.nl\/fr\/produit\/generateur-de-fumee-nimbo\/#breadcrumb","itemListElement":[{"@type":"ListItem","position":1,"name":"Home","item":"https:\/\/www.fireware.nl\/fr\/"},{"@type":"ListItem","position":2,"name":"Produits","item":"https:\/\/www.fireware.nl\/fr\/produits\/"},{"@type":"ListItem","position":3,"name":"G\u00e9n\u00e9rateur de fum\u00e9e Nimbo"}]},{"@type":"WebSite","@id":"https:\/\/www.fireware.nl\/fr\/#website","url":"https:\/\/www.fireware.nl\/fr\/","name":"FireWare","description":"CREATING REALISTIC  TRAINING ENVIRONMENTS","publisher":{"@id":"https:\/\/www.fireware.nl\/fr\/#organization"},"potentialAction":[{"@type":"SearchAction","target":{"@type":"EntryPoint","urlTemplate":"https:\/\/www.fireware.nl\/fr\/?s={search_term_string}"},"query-input":{"@type":"PropertyValueSpecification","valueRequired":true,"valueName":"search_term_string"}}],"inLanguage":"fr-FR"},{"@type":"Organization","@id":"https:\/\/www.fireware.nl\/fr\/#organization","name":"FireWare","url":"https:\/\/www.fireware.nl\/fr\/","logo":{"@type":"ImageObject","inLanguage":"fr-FR","@id":"https:\/\/www.fireware.nl\/fr\/#\/schema\/logo\/image\/","url":"https:\/\/www.fireware.nl\/wp-content\/uploads\/2018\/10\/fireware-logo.png","contentUrl":"https:\/\/www.fireware.nl\/wp-content\/uploads\/2018\/10\/fireware-logo.png","width":200,"height":86,"caption":"FireWare"},"image":{"@id":"https:\/\/www.fireware.nl\/fr\/#\/schema\/logo\/image\/"},"sameAs":["https:\/\/www.facebook.com\/FireWareBV\/","https:\/\/x.com\/FireWarebv","https:\/\/www.instagram.com\/fireware_nl\/","https:\/\/www.linkedin.com\/company\/3586017\/","https:\/\/www.youtube.com\/user\/firesalesrentconsult"]}]}},"publishpress_future_workflow_manual_trigger":{"enabledWorkflows":[]},"_links":{"self":[{"href":"https:\/\/www.fireware.nl\/fr\/wp-json\/wp\/v2\/product\/18995","targetHints":{"allow":["GET"]}}],"collection":[{"href":"https:\/\/www.fireware.nl\/fr\/wp-json\/wp\/v2\/product"}],"about":[{"href":"https:\/\/www.fireware.nl\/fr\/wp-json\/wp\/v2\/types\/product"}],"wp:featuredmedia":[{"embeddable":true,"href":"https:\/\/www.fireware.nl\/fr\/wp-json\/wp\/v2\/media\/68635"}],"wp:attachment":[{"href":"https:\/\/www.fireware.nl\/fr\/wp-json\/wp\/v2\/media?parent=18995"}],"wp:term":[{"taxonomy":"product_brand","embeddable":true,"href":"https:\/\/www.fireware.nl\/fr\/wp-json\/wp\/v2\/product_brand?post=18995"},{"taxonomy":"product_cat","embeddable":true,"href":"https:\/\/www.fireware.nl\/fr\/wp-json\/wp\/v2\/product_cat?post=18995"},{"taxonomy":"product_tag","embeddable":true,"href":"https:\/\/www.fireware.nl\/fr\/wp-json\/wp\/v2\/product_tag?post=18995"}],"curies":[{"name":"wp","href":"https:\/\/api.w.org\/{rel}","templated":true}]}}