
{"id":18994,"date":"2019-01-23T12:16:11","date_gmt":"2019-02-01T09:06:04","guid":{"rendered":"http:\/\/fireware.sites.hyperhosting.co\/?post_type=product&#038;p=18994"},"modified":"2022-09-16T14:23:25","modified_gmt":"2022-09-16T14:23:25","slug":"smoky-multi-socket","status":"publish","type":"product","link":"https:\/\/www.fireware.nl\/fr\/product\/smoky-multi-socket\/","title":{"rendered":"Smoky Multi Socket"},"content":{"rendered":"\n\n\t<h2>Un bloc de prises fumant<\/h2>\n<p>Le Smoky Multi Socket\u00a0 a l&#8217;aspect et la fonctionnalit\u00e9 d&#8217;un bloc de prises, mais lorsqu&#8217;on allume l&#8217;interrupteur reli\u00e9 \u00e0 la t\u00e9l\u00e9commande filaire, le bloc s&#8217;allume et commence \u00e0 produire de la fum\u00e9e et \u00e0 cr\u00e9piter doucement, provoquant finalement un court-circuit&#8230; Lorsqu&#8217;on retire la fiche de la prise, l&#8217;effet cesse rapidement, et le \u00ab danger \u00bb est alors \u00e9vit\u00e9.<\/p>\n<p>Le Smoky Multi Socket\u00a0 est particuli\u00e8rement adapt\u00e9 aux le\u00e7ons de th\u00e9orie et de pratique. Le bloc de prises peut en outre servir de rallonge pour toutes sortes d&#8217;appareils, que ce soit un batteur utilis\u00e9 dans la cuisine ou l&#8217;ordinateur portable d&#8217;un professeur pendant une le\u00e7on de th\u00e9orie. Testez le pouvoir de r\u00e9action de vos participants au cours gr\u00e2ce \u00e0 ce bloc de prises unique\u00a0!<\/p>\n<p>La bo\u00eete de prises dispose de 4 fiches qui fonctionnent.. Un petit g\u00e9n\u00e9rateur de fum\u00e9e a \u00e9t\u00e9 plac\u00e9 entre les contacts. Lorsque l&#8217;\u00e9l\u00e9ment fumig\u00e8ne est allum\u00e9, la petite lampe indicatrice DEL s&#8217;allume. Un pistolet \u00e0 injection est livr\u00e9 avec l&#8217;appareil vous permettant de recharger le g\u00e9n\u00e9rateur, et une petite <a href=\"https:\/\/www.fireware.nl\/fr\/produit\/cirrus-fluid\/\" target=\"_blank\" rel=\"noopener\">bouteille de liquide<\/a> (10 ml.) fumig\u00e8ne est \u00e9galement fournie avec l&#8217;appareil.<\/p>\n<h3>Regarder la vid\u00e9o<\/h3>\n\t<iframe src=\"https:\/\/player.vimeo.com\/video\/153917333?rel=0\" width=\"640\" height=\"360\" frameborder=\"0\" allow=\"autoplay; fullscreen; picture-in-picture\" allowfullscreen><\/iframe>\n\n","protected":false},"excerpt":{"rendered":"<ul>\n<li><strong>N&#8217;utilisez que le <a href=\"https:\/\/www.fireware.nl\/fr\/produit\/cirrus-fluid\/\" target=\"_blank\" rel=\"noopener\">fluide de fum\u00e9e Cirrus<\/a><\/strong><\/li>\n<li>Bloc de prises fumant.<\/li>\n<li>Produit un son cr\u00e9pitant.<\/li>\n<li>Lampe indicatrice DEL \u00ab allum\u00e9\/\u00e9teint \u00bb.<\/li>\n<li>Livr\u00e9 avec liquide fumig\u00e8ne et pistolet doseur.<\/li>\n<\/ul>\n","protected":false},"featured_media":62727,"template":"","meta":[],"product_brand":[],"product_cat":[76,79,92],"product_tag":[],"class_list":{"0":"post-18994","1":"product","2":"type-product","3":"status-publish","4":"has-post-thumbnail","6":"product_cat-fumee","7":"product_cat-generateurs-de-fumee","8":"product_cat-produits-de-demonstration","10":"first","11":"instock","12":"taxable","13":"shipping-taxable","14":"purchasable","15":"product-type-simple"},"yoast_head":"<!-- This site is optimized with the Yoast SEO plugin v27.4 - https:\/\/yoast.com\/product\/yoast-seo-wordpress\/ -->\n<title>Smoky Multi Socket: mettre en sc\u00e8ne un court-circuit r\u00e9aliste - FireWare<\/title>\n<meta name=\"description\" content=\"Mettre en sc\u00e8ne un court-circuit ? La Smoky Multi Socket a l&#039;apparence et la fonctionnalit\u00e9 d&#039;une v\u00e9ritable multiprise.\" \/>\n<meta name=\"robots\" content=\"index, follow, max-snippet:-1, max-image-preview:large, max-video-preview:-1\" \/>\n<link rel=\"canonical\" href=\"https:\/\/www.fireware.nl\/fr\/product\/smoky-multi-socket\/\" \/>\n<meta property=\"og:locale\" content=\"fr_FR\" \/>\n<meta property=\"og:type\" content=\"article\" \/>\n<meta property=\"og:title\" content=\"Smoky Multi Socket: mettre en sc\u00e8ne un court-circuit r\u00e9aliste - FireWare\" \/>\n<meta property=\"og:description\" content=\"Mettre en sc\u00e8ne un court-circuit ? La Smoky Multi Socket a l&#039;apparence et la fonctionnalit\u00e9 d&#039;une v\u00e9ritable multiprise.\" \/>\n<meta property=\"og:url\" content=\"https:\/\/www.fireware.nl\/fr\/product\/smoky-multi-socket\/\" \/>\n<meta property=\"og:site_name\" content=\"FireWare\" \/>\n<meta property=\"article:publisher\" content=\"https:\/\/www.facebook.com\/FireWareBV\/\" \/>\n<meta property=\"article:modified_time\" content=\"2022-09-16T14:23:25+00:00\" \/>\n<meta property=\"og:image\" content=\"https:\/\/www.fireware.nl\/wp-content\/uploads\/2021\/07\/025-012-002-Smoky-Multi-Socket.jpg\" \/>\n\t<meta property=\"og:image:width\" content=\"600\" \/>\n\t<meta property=\"og:image:height\" content=\"600\" \/>\n\t<meta property=\"og:image:type\" content=\"image\/jpeg\" \/>\n<meta name=\"twitter:card\" content=\"summary_large_image\" \/>\n<meta name=\"twitter:site\" content=\"@FireWarebv\" \/>\n<meta name=\"twitter:label1\" content=\"Dur\u00e9e de lecture estim\u00e9e\" \/>\n\t<meta name=\"twitter:data1\" content=\"1 minute\" \/>\n<script type=\"application\/ld+json\" class=\"yoast-schema-graph\">{\"@context\":\"https:\\\/\\\/schema.org\",\"@graph\":[{\"@type\":\"WebPage\",\"@id\":\"https:\\\/\\\/www.fireware.nl\\\/fr\\\/product\\\/smoky-multi-socket\\\/\",\"url\":\"https:\\\/\\\/www.fireware.nl\\\/fr\\\/product\\\/smoky-multi-socket\\\/\",\"name\":\"Smoky Multi Socket: mettre en sc\u00e8ne un court-circuit r\u00e9aliste - FireWare\",\"isPartOf\":{\"@id\":\"https:\\\/\\\/www.fireware.nl\\\/fr\\\/#website\"},\"primaryImageOfPage\":{\"@id\":\"https:\\\/\\\/www.fireware.nl\\\/fr\\\/product\\\/smoky-multi-socket\\\/#primaryimage\"},\"image\":{\"@id\":\"https:\\\/\\\/www.fireware.nl\\\/fr\\\/product\\\/smoky-multi-socket\\\/#primaryimage\"},\"thumbnailUrl\":\"https:\\\/\\\/www.fireware.nl\\\/wp-content\\\/uploads\\\/2021\\\/07\\\/025-012-002-Smoky-Multi-Socket.jpg\",\"datePublished\":\"2019-02-01T09:06:04+00:00\",\"dateModified\":\"2022-09-16T14:23:25+00:00\",\"description\":\"Mettre en sc\u00e8ne un court-circuit ? La Smoky Multi Socket a l'apparence et la fonctionnalit\u00e9 d'une v\u00e9ritable multiprise.\",\"breadcrumb\":{\"@id\":\"https:\\\/\\\/www.fireware.nl\\\/fr\\\/product\\\/smoky-multi-socket\\\/#breadcrumb\"},\"inLanguage\":\"fr-FR\",\"potentialAction\":[{\"@type\":\"ReadAction\",\"target\":[\"https:\\\/\\\/www.fireware.nl\\\/fr\\\/product\\\/smoky-multi-socket\\\/\"]}]},{\"@type\":\"ImageObject\",\"inLanguage\":\"fr-FR\",\"@id\":\"https:\\\/\\\/www.fireware.nl\\\/fr\\\/product\\\/smoky-multi-socket\\\/#primaryimage\",\"url\":\"https:\\\/\\\/www.fireware.nl\\\/wp-content\\\/uploads\\\/2021\\\/07\\\/025-012-002-Smoky-Multi-Socket.jpg\",\"contentUrl\":\"https:\\\/\\\/www.fireware.nl\\\/wp-content\\\/uploads\\\/2021\\\/07\\\/025-012-002-Smoky-Multi-Socket.jpg\",\"width\":600,\"height\":600},{\"@type\":\"BreadcrumbList\",\"@id\":\"https:\\\/\\\/www.fireware.nl\\\/fr\\\/product\\\/smoky-multi-socket\\\/#breadcrumb\",\"itemListElement\":[{\"@type\":\"ListItem\",\"position\":1,\"name\":\"Home\",\"item\":\"https:\\\/\\\/www.fireware.nl\\\/fr\\\/\"},{\"@type\":\"ListItem\",\"position\":2,\"name\":\"Produits\",\"item\":\"https:\\\/\\\/www.fireware.nl\\\/fr\\\/produits\\\/\"},{\"@type\":\"ListItem\",\"position\":3,\"name\":\"Smoky Multi Socket\"}]},{\"@type\":\"WebSite\",\"@id\":\"https:\\\/\\\/www.fireware.nl\\\/fr\\\/#website\",\"url\":\"https:\\\/\\\/www.fireware.nl\\\/fr\\\/\",\"name\":\"FireWare\",\"description\":\"CREATING REALISTIC  TRAINING ENVIRONMENTS\",\"publisher\":{\"@id\":\"https:\\\/\\\/www.fireware.nl\\\/fr\\\/#organization\"},\"potentialAction\":[{\"@type\":\"SearchAction\",\"target\":{\"@type\":\"EntryPoint\",\"urlTemplate\":\"https:\\\/\\\/www.fireware.nl\\\/fr\\\/?s={search_term_string}\"},\"query-input\":{\"@type\":\"PropertyValueSpecification\",\"valueRequired\":true,\"valueName\":\"search_term_string\"}}],\"inLanguage\":\"fr-FR\"},{\"@type\":\"Organization\",\"@id\":\"https:\\\/\\\/www.fireware.nl\\\/fr\\\/#organization\",\"name\":\"FireWare\",\"url\":\"https:\\\/\\\/www.fireware.nl\\\/fr\\\/\",\"logo\":{\"@type\":\"ImageObject\",\"inLanguage\":\"fr-FR\",\"@id\":\"https:\\\/\\\/www.fireware.nl\\\/fr\\\/#\\\/schema\\\/logo\\\/image\\\/\",\"url\":\"https:\\\/\\\/www.fireware.nl\\\/wp-content\\\/uploads\\\/2018\\\/10\\\/fireware-logo.png\",\"contentUrl\":\"https:\\\/\\\/www.fireware.nl\\\/wp-content\\\/uploads\\\/2018\\\/10\\\/fireware-logo.png\",\"width\":200,\"height\":86,\"caption\":\"FireWare\"},\"image\":{\"@id\":\"https:\\\/\\\/www.fireware.nl\\\/fr\\\/#\\\/schema\\\/logo\\\/image\\\/\"},\"sameAs\":[\"https:\\\/\\\/www.facebook.com\\\/FireWareBV\\\/\",\"https:\\\/\\\/x.com\\\/FireWarebv\",\"https:\\\/\\\/www.instagram.com\\\/fireware_nl\\\/\",\"https:\\\/\\\/www.linkedin.com\\\/company\\\/3586017\\\/\",\"https:\\\/\\\/www.youtube.com\\\/user\\\/firesalesrentconsult\"]}]}<\/script>\n<!-- \/ Yoast SEO plugin. -->","yoast_head_json":{"title":"Smoky Multi Socket: mettre en sc\u00e8ne un court-circuit r\u00e9aliste - FireWare","description":"Mettre en sc\u00e8ne un court-circuit ? La Smoky Multi Socket a l'apparence et la fonctionnalit\u00e9 d'une v\u00e9ritable multiprise.","robots":{"index":"index","follow":"follow","max-snippet":"max-snippet:-1","max-image-preview":"max-image-preview:large","max-video-preview":"max-video-preview:-1"},"canonical":"https:\/\/www.fireware.nl\/fr\/product\/smoky-multi-socket\/","og_locale":"fr_FR","og_type":"article","og_title":"Smoky Multi Socket: mettre en sc\u00e8ne un court-circuit r\u00e9aliste - FireWare","og_description":"Mettre en sc\u00e8ne un court-circuit ? La Smoky Multi Socket a l'apparence et la fonctionnalit\u00e9 d'une v\u00e9ritable multiprise.","og_url":"https:\/\/www.fireware.nl\/fr\/product\/smoky-multi-socket\/","og_site_name":"FireWare","article_publisher":"https:\/\/www.facebook.com\/FireWareBV\/","article_modified_time":"2022-09-16T14:23:25+00:00","og_image":[{"width":600,"height":600,"url":"https:\/\/www.fireware.nl\/wp-content\/uploads\/2021\/07\/025-012-002-Smoky-Multi-Socket.jpg","type":"image\/jpeg"}],"twitter_card":"summary_large_image","twitter_site":"@FireWarebv","twitter_misc":{"Dur\u00e9e de lecture estim\u00e9e":"1 minute"},"schema":{"@context":"https:\/\/schema.org","@graph":[{"@type":"WebPage","@id":"https:\/\/www.fireware.nl\/fr\/product\/smoky-multi-socket\/","url":"https:\/\/www.fireware.nl\/fr\/product\/smoky-multi-socket\/","name":"Smoky Multi Socket: mettre en sc\u00e8ne un court-circuit r\u00e9aliste - FireWare","isPartOf":{"@id":"https:\/\/www.fireware.nl\/fr\/#website"},"primaryImageOfPage":{"@id":"https:\/\/www.fireware.nl\/fr\/product\/smoky-multi-socket\/#primaryimage"},"image":{"@id":"https:\/\/www.fireware.nl\/fr\/product\/smoky-multi-socket\/#primaryimage"},"thumbnailUrl":"https:\/\/www.fireware.nl\/wp-content\/uploads\/2021\/07\/025-012-002-Smoky-Multi-Socket.jpg","datePublished":"2019-02-01T09:06:04+00:00","dateModified":"2022-09-16T14:23:25+00:00","description":"Mettre en sc\u00e8ne un court-circuit ? La Smoky Multi Socket a l'apparence et la fonctionnalit\u00e9 d'une v\u00e9ritable multiprise.","breadcrumb":{"@id":"https:\/\/www.fireware.nl\/fr\/product\/smoky-multi-socket\/#breadcrumb"},"inLanguage":"fr-FR","potentialAction":[{"@type":"ReadAction","target":["https:\/\/www.fireware.nl\/fr\/product\/smoky-multi-socket\/"]}]},{"@type":"ImageObject","inLanguage":"fr-FR","@id":"https:\/\/www.fireware.nl\/fr\/product\/smoky-multi-socket\/#primaryimage","url":"https:\/\/www.fireware.nl\/wp-content\/uploads\/2021\/07\/025-012-002-Smoky-Multi-Socket.jpg","contentUrl":"https:\/\/www.fireware.nl\/wp-content\/uploads\/2021\/07\/025-012-002-Smoky-Multi-Socket.jpg","width":600,"height":600},{"@type":"BreadcrumbList","@id":"https:\/\/www.fireware.nl\/fr\/product\/smoky-multi-socket\/#breadcrumb","itemListElement":[{"@type":"ListItem","position":1,"name":"Home","item":"https:\/\/www.fireware.nl\/fr\/"},{"@type":"ListItem","position":2,"name":"Produits","item":"https:\/\/www.fireware.nl\/fr\/produits\/"},{"@type":"ListItem","position":3,"name":"Smoky Multi Socket"}]},{"@type":"WebSite","@id":"https:\/\/www.fireware.nl\/fr\/#website","url":"https:\/\/www.fireware.nl\/fr\/","name":"FireWare","description":"CREATING REALISTIC  TRAINING ENVIRONMENTS","publisher":{"@id":"https:\/\/www.fireware.nl\/fr\/#organization"},"potentialAction":[{"@type":"SearchAction","target":{"@type":"EntryPoint","urlTemplate":"https:\/\/www.fireware.nl\/fr\/?s={search_term_string}"},"query-input":{"@type":"PropertyValueSpecification","valueRequired":true,"valueName":"search_term_string"}}],"inLanguage":"fr-FR"},{"@type":"Organization","@id":"https:\/\/www.fireware.nl\/fr\/#organization","name":"FireWare","url":"https:\/\/www.fireware.nl\/fr\/","logo":{"@type":"ImageObject","inLanguage":"fr-FR","@id":"https:\/\/www.fireware.nl\/fr\/#\/schema\/logo\/image\/","url":"https:\/\/www.fireware.nl\/wp-content\/uploads\/2018\/10\/fireware-logo.png","contentUrl":"https:\/\/www.fireware.nl\/wp-content\/uploads\/2018\/10\/fireware-logo.png","width":200,"height":86,"caption":"FireWare"},"image":{"@id":"https:\/\/www.fireware.nl\/fr\/#\/schema\/logo\/image\/"},"sameAs":["https:\/\/www.facebook.com\/FireWareBV\/","https:\/\/x.com\/FireWarebv","https:\/\/www.instagram.com\/fireware_nl\/","https:\/\/www.linkedin.com\/company\/3586017\/","https:\/\/www.youtube.com\/user\/firesalesrentconsult"]}]}},"publishpress_future_workflow_manual_trigger":{"enabledWorkflows":[]},"_links":{"self":[{"href":"https:\/\/www.fireware.nl\/fr\/wp-json\/wp\/v2\/product\/18994","targetHints":{"allow":["GET"]}}],"collection":[{"href":"https:\/\/www.fireware.nl\/fr\/wp-json\/wp\/v2\/product"}],"about":[{"href":"https:\/\/www.fireware.nl\/fr\/wp-json\/wp\/v2\/types\/product"}],"wp:featuredmedia":[{"embeddable":true,"href":"https:\/\/www.fireware.nl\/fr\/wp-json\/wp\/v2\/media\/62727"}],"wp:attachment":[{"href":"https:\/\/www.fireware.nl\/fr\/wp-json\/wp\/v2\/media?parent=18994"}],"wp:term":[{"taxonomy":"product_brand","embeddable":true,"href":"https:\/\/www.fireware.nl\/fr\/wp-json\/wp\/v2\/product_brand?post=18994"},{"taxonomy":"product_cat","embeddable":true,"href":"https:\/\/www.fireware.nl\/fr\/wp-json\/wp\/v2\/product_cat?post=18994"},{"taxonomy":"product_tag","embeddable":true,"href":"https:\/\/www.fireware.nl\/fr\/wp-json\/wp\/v2\/product_tag?post=18994"}],"curies":[{"name":"wp","href":"https:\/\/api.w.org\/{rel}","templated":true}]}}