
{"id":18990,"date":"2019-01-23T12:15:27","date_gmt":"2019-01-23T12:15:27","guid":{"rendered":"http:\/\/fireware.sites.hyperhosting.co\/?post_type=product&#038;p=18990"},"modified":"2024-01-17T10:27:33","modified_gmt":"2024-01-17T10:27:33","slug":"add-on-stove","status":"publish","type":"product","link":"https:\/\/www.fireware.nl\/fr\/product\/add-on-stove\/","title":{"rendered":"Add-on Stove"},"content":{"rendered":"\r\n<h2>Simulez un incendie de cuisine r\u00e9aliste<\/h2>\r\n<p>Cr\u00e9er une feu de cuisine r\u00e9aliste. L&#8217;Add-on Stove cr\u00e9e un feu de cuisine r\u00e9aliste. Laissez le feu gagner la hotte aspirante en utilisant la sortie de gaz suppl\u00e9mentaire du\u00a0Vesta\u00a0.\u00a0Le\u00a0Vesta\u00a0se dissimule compl\u00e8tement au fond du four et n&#8217;est donc plus visible.<\/p>\r\n<h2>Regardez la vid\u00e9o<\/h2>\r\n<p><iframe title=\"YouTube video player\" src=\"https:\/\/www.youtube.com\/embed\/Bo5budWwc7k?rel=0\" width=\"560\" height=\"315\" frameborder=\"0\" allowfullscreen=\"allowfullscreen\"><\/iframe><\/p>\r\n","protected":false},"excerpt":{"rendered":"<ul>\n<li>Placez le Vesta au fond du four<\/li>\n<li>Destin\u00e9 \u00e0 un feu de cuisine plus vrai que nature<\/li>\n<li>Hotte aspirante \u00e0 raccorder \u00e0 la sortie de gaz suppl\u00e9mentaire du Vesta<\/li>\n<li>Acier inoxydable de haute qualit\u00e9<\/li>\n<\/ul>\n","protected":false},"featured_media":20641,"template":"","meta":[],"product_brand":[],"product_cat":[73],"product_tag":[],"class_list":{"0":"post-18990","1":"product","2":"type-product","3":"status-publish","4":"has-post-thumbnail","6":"product_cat-pieces-add-on-pour-simulateurs-dincendie","8":"first","9":"instock","10":"taxable","11":"shipping-taxable","12":"purchasable","13":"product-type-simple"},"yoast_head":"<!-- This site is optimized with the Yoast SEO plugin v27.4 - https:\/\/yoast.com\/product\/yoast-seo-wordpress\/ -->\n<title>Add-on Stove - FireWare<\/title>\n<meta name=\"robots\" content=\"index, follow, max-snippet:-1, max-image-preview:large, max-video-preview:-1\" \/>\n<link rel=\"canonical\" href=\"https:\/\/www.fireware.nl\/fr\/product\/add-on-stove\/\" \/>\n<meta property=\"og:locale\" content=\"fr_FR\" \/>\n<meta property=\"og:type\" content=\"article\" \/>\n<meta property=\"og:title\" content=\"Add-on Stove - FireWare\" \/>\n<meta property=\"og:description\" content=\"Placez le Vesta au fond du four Destin\u00e9 \u00e0 un feu de cuisine plus vrai que nature Hotte aspirante \u00e0 raccorder \u00e0 la sortie de gaz suppl\u00e9mentaire du Vesta Acier inoxydable de haute qualit\u00e9\" \/>\n<meta property=\"og:url\" content=\"https:\/\/www.fireware.nl\/fr\/product\/add-on-stove\/\" \/>\n<meta property=\"og:site_name\" content=\"FireWare\" \/>\n<meta property=\"article:publisher\" content=\"https:\/\/www.facebook.com\/FireWareBV\/\" \/>\n<meta property=\"article:modified_time\" content=\"2024-01-17T10:27:33+00:00\" \/>\n<meta property=\"og:image\" content=\"https:\/\/www.fireware.nl\/wp-content\/uploads\/2019\/01\/049-012-007-Add-on-Stove.jpg\" \/>\n\t<meta property=\"og:image:width\" content=\"600\" \/>\n\t<meta property=\"og:image:height\" content=\"600\" \/>\n\t<meta property=\"og:image:type\" content=\"image\/jpeg\" \/>\n<meta name=\"twitter:card\" content=\"summary_large_image\" \/>\n<meta name=\"twitter:site\" content=\"@FireWarebv\" \/>\n<meta name=\"twitter:label1\" content=\"Dur\u00e9e de lecture estim\u00e9e\" \/>\n\t<meta name=\"twitter:data1\" content=\"1 minute\" \/>\n<script type=\"application\/ld+json\" class=\"yoast-schema-graph\">{\"@context\":\"https:\\\/\\\/schema.org\",\"@graph\":[{\"@type\":\"WebPage\",\"@id\":\"https:\\\/\\\/www.fireware.nl\\\/fr\\\/product\\\/add-on-stove\\\/\",\"url\":\"https:\\\/\\\/www.fireware.nl\\\/fr\\\/product\\\/add-on-stove\\\/\",\"name\":\"Add-on Stove - FireWare\",\"isPartOf\":{\"@id\":\"https:\\\/\\\/www.fireware.nl\\\/fr\\\/#website\"},\"primaryImageOfPage\":{\"@id\":\"https:\\\/\\\/www.fireware.nl\\\/fr\\\/product\\\/add-on-stove\\\/#primaryimage\"},\"image\":{\"@id\":\"https:\\\/\\\/www.fireware.nl\\\/fr\\\/product\\\/add-on-stove\\\/#primaryimage\"},\"thumbnailUrl\":\"https:\\\/\\\/www.fireware.nl\\\/wp-content\\\/uploads\\\/2019\\\/01\\\/049-012-007-Add-on-Stove.jpg\",\"datePublished\":\"2019-01-23T12:15:27+00:00\",\"dateModified\":\"2024-01-17T10:27:33+00:00\",\"breadcrumb\":{\"@id\":\"https:\\\/\\\/www.fireware.nl\\\/fr\\\/product\\\/add-on-stove\\\/#breadcrumb\"},\"inLanguage\":\"fr-FR\",\"potentialAction\":[{\"@type\":\"ReadAction\",\"target\":[\"https:\\\/\\\/www.fireware.nl\\\/fr\\\/product\\\/add-on-stove\\\/\"]}]},{\"@type\":\"ImageObject\",\"inLanguage\":\"fr-FR\",\"@id\":\"https:\\\/\\\/www.fireware.nl\\\/fr\\\/product\\\/add-on-stove\\\/#primaryimage\",\"url\":\"https:\\\/\\\/www.fireware.nl\\\/wp-content\\\/uploads\\\/2019\\\/01\\\/049-012-007-Add-on-Stove.jpg\",\"contentUrl\":\"https:\\\/\\\/www.fireware.nl\\\/wp-content\\\/uploads\\\/2019\\\/01\\\/049-012-007-Add-on-Stove.jpg\",\"width\":600,\"height\":600,\"caption\":\"049-012-007 Add on Stove\"},{\"@type\":\"BreadcrumbList\",\"@id\":\"https:\\\/\\\/www.fireware.nl\\\/fr\\\/product\\\/add-on-stove\\\/#breadcrumb\",\"itemListElement\":[{\"@type\":\"ListItem\",\"position\":1,\"name\":\"Home\",\"item\":\"https:\\\/\\\/www.fireware.nl\\\/fr\\\/\"},{\"@type\":\"ListItem\",\"position\":2,\"name\":\"Produits\",\"item\":\"https:\\\/\\\/www.fireware.nl\\\/fr\\\/produits\\\/\"},{\"@type\":\"ListItem\",\"position\":3,\"name\":\"Add-on Stove\"}]},{\"@type\":\"WebSite\",\"@id\":\"https:\\\/\\\/www.fireware.nl\\\/fr\\\/#website\",\"url\":\"https:\\\/\\\/www.fireware.nl\\\/fr\\\/\",\"name\":\"FireWare\",\"description\":\"CREATING REALISTIC  TRAINING ENVIRONMENTS\",\"publisher\":{\"@id\":\"https:\\\/\\\/www.fireware.nl\\\/fr\\\/#organization\"},\"potentialAction\":[{\"@type\":\"SearchAction\",\"target\":{\"@type\":\"EntryPoint\",\"urlTemplate\":\"https:\\\/\\\/www.fireware.nl\\\/fr\\\/?s={search_term_string}\"},\"query-input\":{\"@type\":\"PropertyValueSpecification\",\"valueRequired\":true,\"valueName\":\"search_term_string\"}}],\"inLanguage\":\"fr-FR\"},{\"@type\":\"Organization\",\"@id\":\"https:\\\/\\\/www.fireware.nl\\\/fr\\\/#organization\",\"name\":\"FireWare\",\"url\":\"https:\\\/\\\/www.fireware.nl\\\/fr\\\/\",\"logo\":{\"@type\":\"ImageObject\",\"inLanguage\":\"fr-FR\",\"@id\":\"https:\\\/\\\/www.fireware.nl\\\/fr\\\/#\\\/schema\\\/logo\\\/image\\\/\",\"url\":\"https:\\\/\\\/www.fireware.nl\\\/wp-content\\\/uploads\\\/2018\\\/10\\\/fireware-logo.png\",\"contentUrl\":\"https:\\\/\\\/www.fireware.nl\\\/wp-content\\\/uploads\\\/2018\\\/10\\\/fireware-logo.png\",\"width\":200,\"height\":86,\"caption\":\"FireWare\"},\"image\":{\"@id\":\"https:\\\/\\\/www.fireware.nl\\\/fr\\\/#\\\/schema\\\/logo\\\/image\\\/\"},\"sameAs\":[\"https:\\\/\\\/www.facebook.com\\\/FireWareBV\\\/\",\"https:\\\/\\\/x.com\\\/FireWarebv\",\"https:\\\/\\\/www.instagram.com\\\/fireware_nl\\\/\",\"https:\\\/\\\/www.linkedin.com\\\/company\\\/3586017\\\/\",\"https:\\\/\\\/www.youtube.com\\\/user\\\/firesalesrentconsult\"]}]}<\/script>\n<!-- \/ Yoast SEO plugin. -->","yoast_head_json":{"title":"Add-on Stove - FireWare","robots":{"index":"index","follow":"follow","max-snippet":"max-snippet:-1","max-image-preview":"max-image-preview:large","max-video-preview":"max-video-preview:-1"},"canonical":"https:\/\/www.fireware.nl\/fr\/product\/add-on-stove\/","og_locale":"fr_FR","og_type":"article","og_title":"Add-on Stove - FireWare","og_description":"Placez le Vesta au fond du four Destin\u00e9 \u00e0 un feu de cuisine plus vrai que nature Hotte aspirante \u00e0 raccorder \u00e0 la sortie de gaz suppl\u00e9mentaire du Vesta Acier inoxydable de haute qualit\u00e9","og_url":"https:\/\/www.fireware.nl\/fr\/product\/add-on-stove\/","og_site_name":"FireWare","article_publisher":"https:\/\/www.facebook.com\/FireWareBV\/","article_modified_time":"2024-01-17T10:27:33+00:00","og_image":[{"width":600,"height":600,"url":"https:\/\/www.fireware.nl\/wp-content\/uploads\/2019\/01\/049-012-007-Add-on-Stove.jpg","type":"image\/jpeg"}],"twitter_card":"summary_large_image","twitter_site":"@FireWarebv","twitter_misc":{"Dur\u00e9e de lecture estim\u00e9e":"1 minute"},"schema":{"@context":"https:\/\/schema.org","@graph":[{"@type":"WebPage","@id":"https:\/\/www.fireware.nl\/fr\/product\/add-on-stove\/","url":"https:\/\/www.fireware.nl\/fr\/product\/add-on-stove\/","name":"Add-on Stove - FireWare","isPartOf":{"@id":"https:\/\/www.fireware.nl\/fr\/#website"},"primaryImageOfPage":{"@id":"https:\/\/www.fireware.nl\/fr\/product\/add-on-stove\/#primaryimage"},"image":{"@id":"https:\/\/www.fireware.nl\/fr\/product\/add-on-stove\/#primaryimage"},"thumbnailUrl":"https:\/\/www.fireware.nl\/wp-content\/uploads\/2019\/01\/049-012-007-Add-on-Stove.jpg","datePublished":"2019-01-23T12:15:27+00:00","dateModified":"2024-01-17T10:27:33+00:00","breadcrumb":{"@id":"https:\/\/www.fireware.nl\/fr\/product\/add-on-stove\/#breadcrumb"},"inLanguage":"fr-FR","potentialAction":[{"@type":"ReadAction","target":["https:\/\/www.fireware.nl\/fr\/product\/add-on-stove\/"]}]},{"@type":"ImageObject","inLanguage":"fr-FR","@id":"https:\/\/www.fireware.nl\/fr\/product\/add-on-stove\/#primaryimage","url":"https:\/\/www.fireware.nl\/wp-content\/uploads\/2019\/01\/049-012-007-Add-on-Stove.jpg","contentUrl":"https:\/\/www.fireware.nl\/wp-content\/uploads\/2019\/01\/049-012-007-Add-on-Stove.jpg","width":600,"height":600,"caption":"049-012-007 Add on Stove"},{"@type":"BreadcrumbList","@id":"https:\/\/www.fireware.nl\/fr\/product\/add-on-stove\/#breadcrumb","itemListElement":[{"@type":"ListItem","position":1,"name":"Home","item":"https:\/\/www.fireware.nl\/fr\/"},{"@type":"ListItem","position":2,"name":"Produits","item":"https:\/\/www.fireware.nl\/fr\/produits\/"},{"@type":"ListItem","position":3,"name":"Add-on Stove"}]},{"@type":"WebSite","@id":"https:\/\/www.fireware.nl\/fr\/#website","url":"https:\/\/www.fireware.nl\/fr\/","name":"FireWare","description":"CREATING REALISTIC  TRAINING ENVIRONMENTS","publisher":{"@id":"https:\/\/www.fireware.nl\/fr\/#organization"},"potentialAction":[{"@type":"SearchAction","target":{"@type":"EntryPoint","urlTemplate":"https:\/\/www.fireware.nl\/fr\/?s={search_term_string}"},"query-input":{"@type":"PropertyValueSpecification","valueRequired":true,"valueName":"search_term_string"}}],"inLanguage":"fr-FR"},{"@type":"Organization","@id":"https:\/\/www.fireware.nl\/fr\/#organization","name":"FireWare","url":"https:\/\/www.fireware.nl\/fr\/","logo":{"@type":"ImageObject","inLanguage":"fr-FR","@id":"https:\/\/www.fireware.nl\/fr\/#\/schema\/logo\/image\/","url":"https:\/\/www.fireware.nl\/wp-content\/uploads\/2018\/10\/fireware-logo.png","contentUrl":"https:\/\/www.fireware.nl\/wp-content\/uploads\/2018\/10\/fireware-logo.png","width":200,"height":86,"caption":"FireWare"},"image":{"@id":"https:\/\/www.fireware.nl\/fr\/#\/schema\/logo\/image\/"},"sameAs":["https:\/\/www.facebook.com\/FireWareBV\/","https:\/\/x.com\/FireWarebv","https:\/\/www.instagram.com\/fireware_nl\/","https:\/\/www.linkedin.com\/company\/3586017\/","https:\/\/www.youtube.com\/user\/firesalesrentconsult"]}]}},"publishpress_future_workflow_manual_trigger":{"enabledWorkflows":[]},"_links":{"self":[{"href":"https:\/\/www.fireware.nl\/fr\/wp-json\/wp\/v2\/product\/18990","targetHints":{"allow":["GET"]}}],"collection":[{"href":"https:\/\/www.fireware.nl\/fr\/wp-json\/wp\/v2\/product"}],"about":[{"href":"https:\/\/www.fireware.nl\/fr\/wp-json\/wp\/v2\/types\/product"}],"wp:featuredmedia":[{"embeddable":true,"href":"https:\/\/www.fireware.nl\/fr\/wp-json\/wp\/v2\/media\/20641"}],"wp:attachment":[{"href":"https:\/\/www.fireware.nl\/fr\/wp-json\/wp\/v2\/media?parent=18990"}],"wp:term":[{"taxonomy":"product_brand","embeddable":true,"href":"https:\/\/www.fireware.nl\/fr\/wp-json\/wp\/v2\/product_brand?post=18990"},{"taxonomy":"product_cat","embeddable":true,"href":"https:\/\/www.fireware.nl\/fr\/wp-json\/wp\/v2\/product_cat?post=18990"},{"taxonomy":"product_tag","embeddable":true,"href":"https:\/\/www.fireware.nl\/fr\/wp-json\/wp\/v2\/product_tag?post=18990"}],"curies":[{"name":"wp","href":"https:\/\/api.w.org\/{rel}","templated":true}]}}